{"id":2530,"date":"2015-08-21T12:25:46","date_gmt":"2015-08-21T11:25:46","guid":{"rendered":"http:\/\/florium.fr\/nl\/notre-savoir-faire-recovery-system\/"},"modified":"2019-01-14T15:56:18","modified_gmt":"2019-01-14T14:56:18","slug":"onze-knowhow-recovery-system","status":"publish","type":"page","link":"https:\/\/www.fleurette-florium.fr\/nl\/onze-knowhow-recovery-system\/","title":{"rendered":"Onze knowhow &#8211; Recovery System"},"content":{"rendered":"<div class=\"wpb-content-wrapper\"><p>[vc_row full_width=&nbsp;&raquo;&nbsp;&raquo; parallax=&nbsp;&raquo;&nbsp;&raquo; parallax_image=&nbsp;&raquo;&nbsp;&raquo;][vc_column width=&nbsp;&raquo;2\/3&Prime;][vc_single_image image=&nbsp;&raquo;1684&Prime; border_color=&nbsp;&raquo;grey&nbsp;&raquo; img_link_large=&nbsp;&raquo;&nbsp;&raquo; img_link_target=&nbsp;&raquo;_self&nbsp;&raquo; img_size=&nbsp;&raquo;full&nbsp;&raquo;][\/vc_column][vc_column width=&nbsp;&raquo;1\/3&Prime;][vc_column_text el_class=&nbsp;&raquo;savoirfaire_texte_droite&nbsp;&raquo;]<\/p>\n<h3>Het performante bekledingssysteem by FLORIUM<\/h3>\n<ul>\n<li><a href=\"\/?page_id=2524\">Schrijnwerkerij<\/a><\/li>\n<li><a href=\"\/?page_id=2526\">Polyester<\/a><\/li>\n<li><a href=\"\/?page_id=2531\">Design zittingen<\/a><\/li>\n<li><a href=\"\/?page_id=2530\">Recovery System<\/a><\/li>\n<li><a href=\"\/?page_id=2527\">Alko chassis<\/a><\/li>\n<li><a href=\"\/?page_id=2528\">Alde verwarming<\/a><\/li>\n<li><a href=\"\/?page_id=2525\">Uitrustingen<\/a><\/li>\n<li><a href=\"\/?page_id=2529\">Packs en opties<\/a><\/li>\n<\/ul>\n<p>[\/vc_column_text][\/vc_column][\/vc_row][vc_row full_width=&nbsp;&raquo;&nbsp;&raquo; parallax=&nbsp;&raquo;&nbsp;&raquo; parallax_image=&nbsp;&raquo;&nbsp;&raquo;][vc_column width=&nbsp;&raquo;2\/3&Prime;][vc_column_text]<\/p>\n<h3 class=\"p1\">Een exclusief proced\u00e9 ontwikkeld FLORIUM: het Recovery System, een assemblagesysteem door bekleding<\/h3>\n<p>Steunend op zijn ervaring met de assemblage van voertuigen en met de voortdurende wens om de beste uitrustingen te leveren, heeft FLORIUM een exclusief procede ontwikkeld: het Recovery System, een assemblagesysteem door bekleding, dat steviger is dan een assemblage &laquo;&nbsp;tegen elkaar aan&nbsp;&raquo; en een perfecte afdichting garandeert.<\/p>\n<p>&#8211; Assemblage van de carrosserie door het op elkaar plaatsen van alle polyesterdelen: water sijpelt niet binnen<\/p>\n<p>1) Plaatsing van de polyesterhuid op het dak<\/p>\n<p>2) De achterkant bedekt het dak en de zijkanten<\/p>\n<p>3) De kap bedekt het dak en de zijkanten<\/p>\n<p>4) De zijlijsten worden op de zijpanelen bevestigd<\/p>\n<p>&#8211; Dak en achterzijde in polyester boven op het sandwichpaneel zonder contact: thermische barri\u00e8re<\/p>\n<p>&#8211; Recovery System &amp; Styrofoam \u00ae: twee aanvullende technieken voor een optimale kwaliteitsisolatie<\/p>\n<p>[\/vc_column_text][\/vc_column][vc_column width=&nbsp;&raquo;1\/3&Prime;][\/vc_column][\/vc_row]<\/p>\n<\/div>","protected":false},"excerpt":{"rendered":"<p>[vc_row full_width=&nbsp;&raquo;&nbsp;&raquo; parallax=&nbsp;&raquo;&nbsp;&raquo; parallax_image=&nbsp;&raquo;&nbsp;&raquo;][vc_column width=&nbsp;&raquo;2\/3&Prime;][vc_single_image image=&nbsp;&raquo;1684&Prime; border_color=&nbsp;&raquo;grey&nbsp;&raquo; img_link_large=&nbsp;&raquo;&nbsp;&raquo; img_link_target=&nbsp;&raquo;_self&nbsp;&raquo; img_size=&nbsp;&raquo;full&nbsp;&raquo;][\/vc_column][vc_column width=&nbsp;&raquo;1\/3&Prime;][vc_column_text el_class=&nbsp;&raquo;savoirfaire_texte_droite&nbsp;&raquo;] Het performante bekledingssysteem by FLORIUM Schrijnwerkerij Polyester Design zittingen Recovery System Alko chassis Alde verwarming Uitrustingen Packs en opties [\/vc_column_text][\/vc_column][\/vc_row][vc_row full_width=&nbsp;&raquo;&nbsp;&raquo; parallax=&nbsp;&raquo;&nbsp;&raquo; parallax_image=&nbsp;&raquo;&nbsp;&raquo;][vc_column width=&nbsp;&raquo;2\/3&Prime;][vc_column_text] Een exclusief proced\u00e9 ontwikkeld FLORIUM: het Recovery System, een assemblagesysteem door bekleding Steunend op zijn ervaring met de assemblage [&hellip;]<\/p>\n","protected":false},"author":4,"featured_media":0,"parent":0,"menu_order":1,"comment_status":"closed","ping_status":"closed","template":"","meta":{"_acf_changed":false,"footnotes":""},"class_list":["post-2530","page","type-page","status-publish","hentry"],"acf":[],"yoast_head":"<!-- This site is optimized with the Yoast SEO plugin v27.5 - https:\/\/yoast.com\/product\/yoast-seo-wordpress\/ -->\n<title>Recovery system, le proc\u00e9d\u00e9 exculsif de recouvrement performant by Florium<\/title>\n<meta name=\"description\" content=\"FLORIUM va encore plus loin dans l&#039;assemblage de camping-cars et propose un proc\u00e9d\u00e9 exclusif : le Recovery System, un syst\u00e8me d&#039;assemblage \u00e0 recouvrement, plus r\u00e9sistant et garantissant une parfaite \u00e9tanch\u00e9it\u00e9.\" \/>\n<meta name=\"robots\" content=\"index, follow, max-snippet:-1, max-image-preview:large, max-video-preview:-1\" \/>\n<link rel=\"canonical\" href=\"https:\/\/www.fleurette-florium.fr\/nl\/onze-knowhow-recovery-system\/\" \/>\n<meta property=\"og:locale\" content=\"nl_NL\" \/>\n<meta property=\"og:type\" content=\"article\" \/>\n<meta property=\"og:title\" content=\"Recovery system, le proc\u00e9d\u00e9 exculsif de recouvrement performant by Florium\" \/>\n<meta property=\"og:description\" content=\"FLORIUM va encore plus loin dans l&#039;assemblage de camping-cars et propose un proc\u00e9d\u00e9 exclusif : le Recovery System, un syst\u00e8me d&#039;assemblage \u00e0 recouvrement, plus r\u00e9sistant et garantissant une parfaite \u00e9tanch\u00e9it\u00e9.\" \/>\n<meta property=\"og:url\" content=\"https:\/\/www.fleurette-florium.fr\/nl\/onze-knowhow-recovery-system\/\" \/>\n<meta property=\"og:site_name\" content=\"Fleurette Florium\" \/>\n<meta property=\"article:modified_time\" content=\"2019-01-14T14:56:18+00:00\" \/>\n<meta name=\"twitter:label1\" content=\"Geschatte leestijd\" \/>\n\t<meta name=\"twitter:data1\" content=\"1 minute\" \/>\n<script type=\"application\/ld+json\" class=\"yoast-schema-graph\">{\"@context\":\"https:\\\/\\\/schema.org\",\"@graph\":[{\"@type\":\"WebPage\",\"@id\":\"https:\\\/\\\/www.fleurette-florium.fr\\\/nl\\\/onze-knowhow-recovery-system\\\/\",\"url\":\"https:\\\/\\\/www.fleurette-florium.fr\\\/nl\\\/onze-knowhow-recovery-system\\\/\",\"name\":\"Recovery system, le proc\u00e9d\u00e9 exculsif de recouvrement performant by Florium\",\"isPartOf\":{\"@id\":\"https:\\\/\\\/www.fleurette-florium.fr\\\/#website\"},\"datePublished\":\"2015-08-21T11:25:46+00:00\",\"dateModified\":\"2019-01-14T14:56:18+00:00\",\"description\":\"FLORIUM va encore plus loin dans l'assemblage de camping-cars et propose un proc\u00e9d\u00e9 exclusif : le Recovery System, un syst\u00e8me d'assemblage \u00e0 recouvrement, plus r\u00e9sistant et garantissant une parfaite \u00e9tanch\u00e9it\u00e9.\",\"breadcrumb\":{\"@id\":\"https:\\\/\\\/www.fleurette-florium.fr\\\/nl\\\/onze-knowhow-recovery-system\\\/#breadcrumb\"},\"inLanguage\":\"nl-NL\",\"potentialAction\":[{\"@type\":\"ReadAction\",\"target\":[\"https:\\\/\\\/www.fleurette-florium.fr\\\/nl\\\/onze-knowhow-recovery-system\\\/\"]}]},{\"@type\":\"BreadcrumbList\",\"@id\":\"https:\\\/\\\/www.fleurette-florium.fr\\\/nl\\\/onze-knowhow-recovery-system\\\/#breadcrumb\",\"itemListElement\":[{\"@type\":\"ListItem\",\"position\":1,\"name\":\"\",\"item\":\"https:\\\/\\\/www.fleurette-florium.fr\\\/nl\\\/home-florium\\\/\"},{\"@type\":\"ListItem\",\"position\":2,\"name\":\"Onze knowhow &#8211; Recovery System\"}]},{\"@type\":\"WebSite\",\"@id\":\"https:\\\/\\\/www.fleurette-florium.fr\\\/#website\",\"url\":\"https:\\\/\\\/www.fleurette-florium.fr\\\/\",\"name\":\"Fleurette Florium\",\"description\":\"\",\"publisher\":{\"@id\":\"https:\\\/\\\/www.fleurette-florium.fr\\\/#organization\"},\"potentialAction\":[{\"@type\":\"SearchAction\",\"target\":{\"@type\":\"EntryPoint\",\"urlTemplate\":\"https:\\\/\\\/www.fleurette-florium.fr\\\/?s={search_term_string}\"},\"query-input\":{\"@type\":\"PropertyValueSpecification\",\"valueRequired\":true,\"valueName\":\"search_term_string\"}}],\"inLanguage\":\"nl-NL\"},{\"@type\":\"Organization\",\"@id\":\"https:\\\/\\\/www.fleurette-florium.fr\\\/#organization\",\"name\":\"Fleurette Florium\",\"url\":\"https:\\\/\\\/www.fleurette-florium.fr\\\/\",\"logo\":{\"@type\":\"ImageObject\",\"inLanguage\":\"nl-NL\",\"@id\":\"https:\\\/\\\/www.fleurette-florium.fr\\\/#\\\/schema\\\/logo\\\/image\\\/\",\"url\":\"https:\\\/\\\/www.fleurette-florium.fr\\\/wp-content\\\/uploads\\\/2021\\\/07\\\/logo-fleurette-florium-scaled.png\",\"contentUrl\":\"https:\\\/\\\/www.fleurette-florium.fr\\\/wp-content\\\/uploads\\\/2021\\\/07\\\/logo-fleurette-florium-scaled.png\",\"width\":2560,\"height\":830,\"caption\":\"Fleurette Florium\"},\"image\":{\"@id\":\"https:\\\/\\\/www.fleurette-florium.fr\\\/#\\\/schema\\\/logo\\\/image\\\/\"}}]}<\/script>\n<!-- \/ Yoast SEO plugin. -->","yoast_head_json":{"title":"Recovery system, le proc\u00e9d\u00e9 exculsif de recouvrement performant by Florium","description":"FLORIUM va encore plus loin dans l'assemblage de camping-cars et propose un proc\u00e9d\u00e9 exclusif : le Recovery System, un syst\u00e8me d'assemblage \u00e0 recouvrement, plus r\u00e9sistant et garantissant une parfaite \u00e9tanch\u00e9it\u00e9.","robots":{"index":"index","follow":"follow","max-snippet":"max-snippet:-1","max-image-preview":"max-image-preview:large","max-video-preview":"max-video-preview:-1"},"canonical":"https:\/\/www.fleurette-florium.fr\/nl\/onze-knowhow-recovery-system\/","og_locale":"nl_NL","og_type":"article","og_title":"Recovery system, le proc\u00e9d\u00e9 exculsif de recouvrement performant by Florium","og_description":"FLORIUM va encore plus loin dans l'assemblage de camping-cars et propose un proc\u00e9d\u00e9 exclusif : le Recovery System, un syst\u00e8me d'assemblage \u00e0 recouvrement, plus r\u00e9sistant et garantissant une parfaite \u00e9tanch\u00e9it\u00e9.","og_url":"https:\/\/www.fleurette-florium.fr\/nl\/onze-knowhow-recovery-system\/","og_site_name":"Fleurette Florium","article_modified_time":"2019-01-14T14:56:18+00:00","twitter_misc":{"Geschatte leestijd":"1 minute"},"schema":{"@context":"https:\/\/schema.org","@graph":[{"@type":"WebPage","@id":"https:\/\/www.fleurette-florium.fr\/nl\/onze-knowhow-recovery-system\/","url":"https:\/\/www.fleurette-florium.fr\/nl\/onze-knowhow-recovery-system\/","name":"Recovery system, le proc\u00e9d\u00e9 exculsif de recouvrement performant by Florium","isPartOf":{"@id":"https:\/\/www.fleurette-florium.fr\/#website"},"datePublished":"2015-08-21T11:25:46+00:00","dateModified":"2019-01-14T14:56:18+00:00","description":"FLORIUM va encore plus loin dans l'assemblage de camping-cars et propose un proc\u00e9d\u00e9 exclusif : le Recovery System, un syst\u00e8me d'assemblage \u00e0 recouvrement, plus r\u00e9sistant et garantissant une parfaite \u00e9tanch\u00e9it\u00e9.","breadcrumb":{"@id":"https:\/\/www.fleurette-florium.fr\/nl\/onze-knowhow-recovery-system\/#breadcrumb"},"inLanguage":"nl-NL","potentialAction":[{"@type":"ReadAction","target":["https:\/\/www.fleurette-florium.fr\/nl\/onze-knowhow-recovery-system\/"]}]},{"@type":"BreadcrumbList","@id":"https:\/\/www.fleurette-florium.fr\/nl\/onze-knowhow-recovery-system\/#breadcrumb","itemListElement":[{"@type":"ListItem","position":1,"name":"","item":"https:\/\/www.fleurette-florium.fr\/nl\/home-florium\/"},{"@type":"ListItem","position":2,"name":"Onze knowhow &#8211; Recovery System"}]},{"@type":"WebSite","@id":"https:\/\/www.fleurette-florium.fr\/#website","url":"https:\/\/www.fleurette-florium.fr\/","name":"Fleurette Florium","description":"","publisher":{"@id":"https:\/\/www.fleurette-florium.fr\/#organization"},"potentialAction":[{"@type":"SearchAction","target":{"@type":"EntryPoint","urlTemplate":"https:\/\/www.fleurette-florium.fr\/?s={search_term_string}"},"query-input":{"@type":"PropertyValueSpecification","valueRequired":true,"valueName":"search_term_string"}}],"inLanguage":"nl-NL"},{"@type":"Organization","@id":"https:\/\/www.fleurette-florium.fr\/#organization","name":"Fleurette Florium","url":"https:\/\/www.fleurette-florium.fr\/","logo":{"@type":"ImageObject","inLanguage":"nl-NL","@id":"https:\/\/www.fleurette-florium.fr\/#\/schema\/logo\/image\/","url":"https:\/\/www.fleurette-florium.fr\/wp-content\/uploads\/2021\/07\/logo-fleurette-florium-scaled.png","contentUrl":"https:\/\/www.fleurette-florium.fr\/wp-content\/uploads\/2021\/07\/logo-fleurette-florium-scaled.png","width":2560,"height":830,"caption":"Fleurette Florium"},"image":{"@id":"https:\/\/www.fleurette-florium.fr\/#\/schema\/logo\/image\/"}}]}},"_links":{"self":[{"href":"https:\/\/www.fleurette-florium.fr\/nl\/wp-json\/wp\/v2\/pages\/2530","targetHints":{"allow":["GET"]}}],"collection":[{"href":"https:\/\/www.fleurette-florium.fr\/nl\/wp-json\/wp\/v2\/pages"}],"about":[{"href":"https:\/\/www.fleurette-florium.fr\/nl\/wp-json\/wp\/v2\/types\/page"}],"author":[{"embeddable":true,"href":"https:\/\/www.fleurette-florium.fr\/nl\/wp-json\/wp\/v2\/users\/4"}],"replies":[{"embeddable":true,"href":"https:\/\/www.fleurette-florium.fr\/nl\/wp-json\/wp\/v2\/comments?post=2530"}],"version-history":[{"count":4,"href":"https:\/\/www.fleurette-florium.fr\/nl\/wp-json\/wp\/v2\/pages\/2530\/revisions"}],"predecessor-version":[{"id":5607,"href":"https:\/\/www.fleurette-florium.fr\/nl\/wp-json\/wp\/v2\/pages\/2530\/revisions\/5607"}],"wp:attachment":[{"href":"https:\/\/www.fleurette-florium.fr\/nl\/wp-json\/wp\/v2\/media?parent=2530"}],"curies":[{"name":"wp","href":"https:\/\/api.w.org\/{rel}","templated":true}]}}