{"id":2528,"date":"2015-08-21T00:33:42","date_gmt":"2015-08-20T23:33:42","guid":{"rendered":"http:\/\/florium.fr\/nl\/notre-savoir-faire-chauffage-alde\/"},"modified":"2019-01-14T15:52:14","modified_gmt":"2019-01-14T14:52:14","slug":"onze-knowhow-alde-verwarming","status":"publish","type":"page","link":"https:\/\/www.fleurette-florium.fr\/nl\/onze-knowhow-alde-verwarming\/","title":{"rendered":"Onze knowhow &#8211; Alde verwarming"},"content":{"rendered":"<div class=\"wpb-content-wrapper\"><p>[vc_row full_width=&nbsp;&raquo;&nbsp;&raquo; parallax=&nbsp;&raquo;&nbsp;&raquo; parallax_image=&nbsp;&raquo;&nbsp;&raquo;][vc_column width=&nbsp;&raquo;2\/3&Prime;][vc_single_image image=&nbsp;&raquo;1680&Prime; border_color=&nbsp;&raquo;grey&nbsp;&raquo; img_link_large=&nbsp;&raquo;&nbsp;&raquo; img_link_target=&nbsp;&raquo;_self&nbsp;&raquo; img_size=&nbsp;&raquo;full&nbsp;&raquo;][\/vc_column][vc_column width=&nbsp;&raquo;1\/3&Prime;][vc_column_text el_class=&nbsp;&raquo;savoirfaire_texte_droite&nbsp;&raquo;]<\/p>\n<h3 class=\"p1\">Een homogene en stille verwarming voor uw camper FLORIUM<\/h3>\n<ul>\n<li><a href=\"\/?page_id=2524\">Schrijnwerkerij<\/a><\/li>\n<li><a href=\"\/?page_id=2526\">Polyester<\/a><\/li>\n<li><a href=\"\/?page_id=2531\">Design zittingen<\/a><\/li>\n<li><a href=\"\/?page_id=2530\">Recovery System<\/a><\/li>\n<li><a href=\"\/?page_id=2527\">Alko chassis<\/a><\/li>\n<li><a href=\"\/?page_id=2528\">Alde verwarming<\/a><\/li>\n<li><a href=\"\/?page_id=2525\">Uitrustingen<\/a><\/li>\n<li><a href=\"\/?page_id=2529\">Packs en opties<\/a><\/li>\n<\/ul>\n<p>[\/vc_column_text][\/vc_column][\/vc_row][vc_row full_width=&nbsp;&raquo;&nbsp;&raquo; parallax=&nbsp;&raquo;&nbsp;&raquo; parallax_image=&nbsp;&raquo;&nbsp;&raquo;][vc_column width=&nbsp;&raquo;2\/3&Prime;][vc_column_text]<\/p>\n<h3 class=\"p1\">Een homogene en stille verwarming voor uw camper FLORIUM<\/h3>\n<p>Het centrale verwarmingssysteem van Alde werkt met een warmtegeleidend flu\u00efdum, volgens dezelfde principes als de huishoudelijke systemen die we terugvinden in onze woningen.<\/p>\n<p>De convectoren tegen de buitenwanden verwarmen de lucht. Deze stijgt en verwarmt de wanden en de meubelen. Wanneer de warme lucht stijgt, wordt een luchtbarri\u00e8re gevormd voor de ruiten en wordt de koude lucht tegengehouden. Wanneer de warme lucht het plafond bereikt, daalt ze weer naar de vloer en wordt ze opnieuw door de convectoren opgewarmd.<\/p>\n<p>De natuurlijke warmtestroom van het centrale verwarmingssysteem van Alde vult langzaam het hele woonoppervlak en verhindert het binnenstromen van koude lucht. Hierdoor verdwijnen de koude zones en worden bovendien de opklapbedden en de wandkasten verwarmd.<\/p>\n<p>(<em>optioneel beschikbaar op \u00a0<a href=\"http:\/\/www.www.fleurette-florium.fr\/nl\/linstings\/wincester-74-lms-bed-in-het-midden-op-laadruim\">Wincester 74LMS<\/a>. Standaard voor de <a href=\"http:\/\/www.www.fleurette-florium.fr\/nl\/linstings\/wincester-84-lms-bed-in-het-midden-op-laadruim\">Wincester 84LMS<\/a><\/em>).[\/vc_column_text][\/vc_column][vc_column width=&nbsp;&raquo;1\/3&Prime;][\/vc_column][\/vc_row]<\/p>\n<\/div>","protected":false},"excerpt":{"rendered":"<p>[vc_row full_width=&nbsp;&raquo;&nbsp;&raquo; parallax=&nbsp;&raquo;&nbsp;&raquo; parallax_image=&nbsp;&raquo;&nbsp;&raquo;][vc_column width=&nbsp;&raquo;2\/3&Prime;][vc_single_image image=&nbsp;&raquo;1680&Prime; border_color=&nbsp;&raquo;grey&nbsp;&raquo; img_link_large=&nbsp;&raquo;&nbsp;&raquo; img_link_target=&nbsp;&raquo;_self&nbsp;&raquo; img_size=&nbsp;&raquo;full&nbsp;&raquo;][\/vc_column][vc_column width=&nbsp;&raquo;1\/3&Prime;][vc_column_text el_class=&nbsp;&raquo;savoirfaire_texte_droite&nbsp;&raquo;] Een homogene en stille verwarming voor uw camper FLORIUM Schrijnwerkerij Polyester Design zittingen Recovery System Alko chassis Alde verwarming Uitrustingen Packs en opties [\/vc_column_text][\/vc_column][\/vc_row][vc_row full_width=&nbsp;&raquo;&nbsp;&raquo; parallax=&nbsp;&raquo;&nbsp;&raquo; parallax_image=&nbsp;&raquo;&nbsp;&raquo;][vc_column width=&nbsp;&raquo;2\/3&Prime;][vc_column_text] Een homogene en stille verwarming voor uw camper FLORIUM Het centrale verwarmingssysteem van Alde werkt [&hellip;]<\/p>\n","protected":false},"author":4,"featured_media":0,"parent":0,"menu_order":1,"comment_status":"closed","ping_status":"closed","template":"","meta":{"_acf_changed":false,"footnotes":""},"class_list":["post-2528","page","type-page","status-publish","hentry"],"acf":[],"yoast_head":"<!-- This site is optimized with the Yoast SEO plugin v27.5 - https:\/\/yoast.com\/product\/yoast-seo-wordpress\/ -->\n<title>Les camping-cars int\u00e9graux Wincester \u00e9quip\u00e9s du chauffage ALDE<\/title>\n<meta name=\"description\" content=\"Le syst\u00e8me du chauffage ALDE \u00e9quip\u00e9 sur les camping-cars grand luxe Wincester assure un confort et un int\u00e9rieur chaleureux et cocon pour voyager n&#039;importe o\u00f9 dans le monde.\" \/>\n<meta name=\"robots\" content=\"index, follow, max-snippet:-1, max-image-preview:large, max-video-preview:-1\" \/>\n<link rel=\"canonical\" href=\"https:\/\/www.fleurette-florium.fr\/nl\/onze-knowhow-alde-verwarming\/\" \/>\n<meta property=\"og:locale\" content=\"nl_NL\" \/>\n<meta property=\"og:type\" content=\"article\" \/>\n<meta property=\"og:title\" content=\"Les camping-cars int\u00e9graux Wincester \u00e9quip\u00e9s du chauffage ALDE\" \/>\n<meta property=\"og:description\" content=\"Le syst\u00e8me du chauffage ALDE \u00e9quip\u00e9 sur les camping-cars grand luxe Wincester assure un confort et un int\u00e9rieur chaleureux et cocon pour voyager n&#039;importe o\u00f9 dans le monde.\" \/>\n<meta property=\"og:url\" content=\"https:\/\/www.fleurette-florium.fr\/nl\/onze-knowhow-alde-verwarming\/\" \/>\n<meta property=\"og:site_name\" content=\"Fleurette Florium\" \/>\n<meta property=\"article:modified_time\" content=\"2019-01-14T14:52:14+00:00\" \/>\n<meta name=\"twitter:label1\" content=\"Geschatte leestijd\" \/>\n\t<meta name=\"twitter:data1\" content=\"1 minute\" \/>\n<script type=\"application\/ld+json\" class=\"yoast-schema-graph\">{\"@context\":\"https:\\\/\\\/schema.org\",\"@graph\":[{\"@type\":\"WebPage\",\"@id\":\"https:\\\/\\\/www.fleurette-florium.fr\\\/nl\\\/onze-knowhow-alde-verwarming\\\/\",\"url\":\"https:\\\/\\\/www.fleurette-florium.fr\\\/nl\\\/onze-knowhow-alde-verwarming\\\/\",\"name\":\"Les camping-cars int\u00e9graux Wincester \u00e9quip\u00e9s du chauffage ALDE\",\"isPartOf\":{\"@id\":\"https:\\\/\\\/www.fleurette-florium.fr\\\/#website\"},\"datePublished\":\"2015-08-20T23:33:42+00:00\",\"dateModified\":\"2019-01-14T14:52:14+00:00\",\"description\":\"Le syst\u00e8me du chauffage ALDE \u00e9quip\u00e9 sur les camping-cars grand luxe Wincester assure un confort et un int\u00e9rieur chaleureux et cocon pour voyager n'importe o\u00f9 dans le monde.\",\"breadcrumb\":{\"@id\":\"https:\\\/\\\/www.fleurette-florium.fr\\\/nl\\\/onze-knowhow-alde-verwarming\\\/#breadcrumb\"},\"inLanguage\":\"nl-NL\",\"potentialAction\":[{\"@type\":\"ReadAction\",\"target\":[\"https:\\\/\\\/www.fleurette-florium.fr\\\/nl\\\/onze-knowhow-alde-verwarming\\\/\"]}]},{\"@type\":\"BreadcrumbList\",\"@id\":\"https:\\\/\\\/www.fleurette-florium.fr\\\/nl\\\/onze-knowhow-alde-verwarming\\\/#breadcrumb\",\"itemListElement\":[{\"@type\":\"ListItem\",\"position\":1,\"name\":\"\",\"item\":\"https:\\\/\\\/www.fleurette-florium.fr\\\/nl\\\/home-florium\\\/\"},{\"@type\":\"ListItem\",\"position\":2,\"name\":\"Onze knowhow &#8211; Alde verwarming\"}]},{\"@type\":\"WebSite\",\"@id\":\"https:\\\/\\\/www.fleurette-florium.fr\\\/#website\",\"url\":\"https:\\\/\\\/www.fleurette-florium.fr\\\/\",\"name\":\"Fleurette Florium\",\"description\":\"\",\"publisher\":{\"@id\":\"https:\\\/\\\/www.fleurette-florium.fr\\\/#organization\"},\"potentialAction\":[{\"@type\":\"SearchAction\",\"target\":{\"@type\":\"EntryPoint\",\"urlTemplate\":\"https:\\\/\\\/www.fleurette-florium.fr\\\/?s={search_term_string}\"},\"query-input\":{\"@type\":\"PropertyValueSpecification\",\"valueRequired\":true,\"valueName\":\"search_term_string\"}}],\"inLanguage\":\"nl-NL\"},{\"@type\":\"Organization\",\"@id\":\"https:\\\/\\\/www.fleurette-florium.fr\\\/#organization\",\"name\":\"Fleurette Florium\",\"url\":\"https:\\\/\\\/www.fleurette-florium.fr\\\/\",\"logo\":{\"@type\":\"ImageObject\",\"inLanguage\":\"nl-NL\",\"@id\":\"https:\\\/\\\/www.fleurette-florium.fr\\\/#\\\/schema\\\/logo\\\/image\\\/\",\"url\":\"https:\\\/\\\/www.fleurette-florium.fr\\\/wp-content\\\/uploads\\\/2021\\\/07\\\/logo-fleurette-florium-scaled.png\",\"contentUrl\":\"https:\\\/\\\/www.fleurette-florium.fr\\\/wp-content\\\/uploads\\\/2021\\\/07\\\/logo-fleurette-florium-scaled.png\",\"width\":2560,\"height\":830,\"caption\":\"Fleurette Florium\"},\"image\":{\"@id\":\"https:\\\/\\\/www.fleurette-florium.fr\\\/#\\\/schema\\\/logo\\\/image\\\/\"}}]}<\/script>\n<!-- \/ Yoast SEO plugin. -->","yoast_head_json":{"title":"Les camping-cars int\u00e9graux Wincester \u00e9quip\u00e9s du chauffage ALDE","description":"Le syst\u00e8me du chauffage ALDE \u00e9quip\u00e9 sur les camping-cars grand luxe Wincester assure un confort et un int\u00e9rieur chaleureux et cocon pour voyager n'importe o\u00f9 dans le monde.","robots":{"index":"index","follow":"follow","max-snippet":"max-snippet:-1","max-image-preview":"max-image-preview:large","max-video-preview":"max-video-preview:-1"},"canonical":"https:\/\/www.fleurette-florium.fr\/nl\/onze-knowhow-alde-verwarming\/","og_locale":"nl_NL","og_type":"article","og_title":"Les camping-cars int\u00e9graux Wincester \u00e9quip\u00e9s du chauffage ALDE","og_description":"Le syst\u00e8me du chauffage ALDE \u00e9quip\u00e9 sur les camping-cars grand luxe Wincester assure un confort et un int\u00e9rieur chaleureux et cocon pour voyager n'importe o\u00f9 dans le monde.","og_url":"https:\/\/www.fleurette-florium.fr\/nl\/onze-knowhow-alde-verwarming\/","og_site_name":"Fleurette Florium","article_modified_time":"2019-01-14T14:52:14+00:00","twitter_misc":{"Geschatte leestijd":"1 minute"},"schema":{"@context":"https:\/\/schema.org","@graph":[{"@type":"WebPage","@id":"https:\/\/www.fleurette-florium.fr\/nl\/onze-knowhow-alde-verwarming\/","url":"https:\/\/www.fleurette-florium.fr\/nl\/onze-knowhow-alde-verwarming\/","name":"Les camping-cars int\u00e9graux Wincester \u00e9quip\u00e9s du chauffage ALDE","isPartOf":{"@id":"https:\/\/www.fleurette-florium.fr\/#website"},"datePublished":"2015-08-20T23:33:42+00:00","dateModified":"2019-01-14T14:52:14+00:00","description":"Le syst\u00e8me du chauffage ALDE \u00e9quip\u00e9 sur les camping-cars grand luxe Wincester assure un confort et un int\u00e9rieur chaleureux et cocon pour voyager n'importe o\u00f9 dans le monde.","breadcrumb":{"@id":"https:\/\/www.fleurette-florium.fr\/nl\/onze-knowhow-alde-verwarming\/#breadcrumb"},"inLanguage":"nl-NL","potentialAction":[{"@type":"ReadAction","target":["https:\/\/www.fleurette-florium.fr\/nl\/onze-knowhow-alde-verwarming\/"]}]},{"@type":"BreadcrumbList","@id":"https:\/\/www.fleurette-florium.fr\/nl\/onze-knowhow-alde-verwarming\/#breadcrumb","itemListElement":[{"@type":"ListItem","position":1,"name":"","item":"https:\/\/www.fleurette-florium.fr\/nl\/home-florium\/"},{"@type":"ListItem","position":2,"name":"Onze knowhow &#8211; Alde verwarming"}]},{"@type":"WebSite","@id":"https:\/\/www.fleurette-florium.fr\/#website","url":"https:\/\/www.fleurette-florium.fr\/","name":"Fleurette Florium","description":"","publisher":{"@id":"https:\/\/www.fleurette-florium.fr\/#organization"},"potentialAction":[{"@type":"SearchAction","target":{"@type":"EntryPoint","urlTemplate":"https:\/\/www.fleurette-florium.fr\/?s={search_term_string}"},"query-input":{"@type":"PropertyValueSpecification","valueRequired":true,"valueName":"search_term_string"}}],"inLanguage":"nl-NL"},{"@type":"Organization","@id":"https:\/\/www.fleurette-florium.fr\/#organization","name":"Fleurette Florium","url":"https:\/\/www.fleurette-florium.fr\/","logo":{"@type":"ImageObject","inLanguage":"nl-NL","@id":"https:\/\/www.fleurette-florium.fr\/#\/schema\/logo\/image\/","url":"https:\/\/www.fleurette-florium.fr\/wp-content\/uploads\/2021\/07\/logo-fleurette-florium-scaled.png","contentUrl":"https:\/\/www.fleurette-florium.fr\/wp-content\/uploads\/2021\/07\/logo-fleurette-florium-scaled.png","width":2560,"height":830,"caption":"Fleurette Florium"},"image":{"@id":"https:\/\/www.fleurette-florium.fr\/#\/schema\/logo\/image\/"}}]}},"_links":{"self":[{"href":"https:\/\/www.fleurette-florium.fr\/nl\/wp-json\/wp\/v2\/pages\/2528","targetHints":{"allow":["GET"]}}],"collection":[{"href":"https:\/\/www.fleurette-florium.fr\/nl\/wp-json\/wp\/v2\/pages"}],"about":[{"href":"https:\/\/www.fleurette-florium.fr\/nl\/wp-json\/wp\/v2\/types\/page"}],"author":[{"embeddable":true,"href":"https:\/\/www.fleurette-florium.fr\/nl\/wp-json\/wp\/v2\/users\/4"}],"replies":[{"embeddable":true,"href":"https:\/\/www.fleurette-florium.fr\/nl\/wp-json\/wp\/v2\/comments?post=2528"}],"version-history":[{"count":5,"href":"https:\/\/www.fleurette-florium.fr\/nl\/wp-json\/wp\/v2\/pages\/2528\/revisions"}],"predecessor-version":[{"id":5602,"href":"https:\/\/www.fleurette-florium.fr\/nl\/wp-json\/wp\/v2\/pages\/2528\/revisions\/5602"}],"wp:attachment":[{"href":"https:\/\/www.fleurette-florium.fr\/nl\/wp-json\/wp\/v2\/media?parent=2528"}],"curies":[{"name":"wp","href":"https:\/\/api.w.org\/{rel}","templated":true}]}}