{"id":2527,"date":"2015-08-21T00:23:00","date_gmt":"2015-08-20T23:23:00","guid":{"rendered":"http:\/\/florium.fr\/nl\/notre-savoir-faire-chassis-alko\/"},"modified":"2019-01-14T15:53:01","modified_gmt":"2019-01-14T14:53:01","slug":"onze-knowhow-alko-chassis","status":"publish","type":"page","link":"https:\/\/www.fleurette-florium.fr\/nl\/onze-knowhow-alko-chassis\/","title":{"rendered":"Onze knowhow &#8211; Alko Chassis"},"content":{"rendered":"<div class=\"wpb-content-wrapper\"><p>[vc_row full_width=&nbsp;&raquo;&nbsp;&raquo; parallax=&nbsp;&raquo;&nbsp;&raquo; parallax_image=&nbsp;&raquo;&nbsp;&raquo;][vc_column width=&nbsp;&raquo;2\/3&Prime;][vc_single_image image=&nbsp;&raquo;1679&Prime; border_color=&nbsp;&raquo;grey&nbsp;&raquo; img_link_large=&nbsp;&raquo;&nbsp;&raquo; img_link_target=&nbsp;&raquo;_self&nbsp;&raquo; img_size=&nbsp;&raquo;full&nbsp;&raquo;][\/vc_column][vc_column width=&nbsp;&raquo;1\/3&Prime;][vc_column_text el_class=&nbsp;&raquo;savoirfaire_texte_droite&nbsp;&raquo;]<\/p>\n<h3 class=\"p1\">Met het AL-KO-chassis geniet u bij FLORIUM van \u2026<\/h3>\n<ul>\n<li><a href=\"\/?page_id=2524\">Schrijnwerkerij<\/a><\/li>\n<li><a href=\"\/?page_id=2526\">Polyester<\/a><\/li>\n<li><a href=\"\/?page_id=2531\">Design zittingen<\/a><\/li>\n<li><a href=\"\/?page_id=2530\">Recovery System<\/a><\/li>\n<li><a href=\"\/?page_id=2527\">Alko chassis<\/a><\/li>\n<li><a href=\"\/?page_id=2528\">Alde verwarming<\/a><\/li>\n<li><a href=\"\/?page_id=2525\">Uitrustingen<\/a><\/li>\n<li><a href=\"\/?page_id=2529\">Packs en opties<\/a><\/li>\n<\/ul>\n<p>[\/vc_column_text][\/vc_column][\/vc_row][vc_row full_width=&nbsp;&raquo;&nbsp;&raquo; parallax=&nbsp;&raquo;&nbsp;&raquo; parallax_image=&nbsp;&raquo;&nbsp;&raquo;][vc_column width=&nbsp;&raquo;2\/3&Prime;][vc_column_text]<\/p>\n<h3>AL-KO chassis dubbele vloer<\/h3>\n<p>Voor zijn integralen heeft FLORIUM de beste uitrustingen gekozen op het gebied van veiligheid en comfort. Daarom zijn alle Wincester en Baxter standaard uitgerust met een AL-KO chassis en een verwarmde en ge\u00efsoleerde dubbele vloer.<\/p>\n<p>&#8211; Grotere veiligheid op de weg.<\/p>\n<p>&#8211; Onge\u00ebvenaard rijcomfort.<\/p>\n<p>&#8211; Lichte constructie voor uitgebreide uitrusting van de camper.<\/p>\n<p>&#8211; Chassis met breed spoor en onafhankelijke wielen.<\/p>\n<p>&#8211; Verwarmde en ge\u00efsoleerde dubbele vloer.<\/p>\n<p>&#8211; Vele opbergruimten, toegankelijk langs binnen of langs buiten.<\/p>\n<p>&#8211; Geoptimaliseerde technische inplanting.<\/p>\n<p>[\/vc_column_text][\/vc_column][vc_column width=&nbsp;&raquo;1\/3&Prime;][\/vc_column][\/vc_row]<\/p>\n<\/div>","protected":false},"excerpt":{"rendered":"<p>[vc_row full_width=&nbsp;&raquo;&nbsp;&raquo; parallax=&nbsp;&raquo;&nbsp;&raquo; parallax_image=&nbsp;&raquo;&nbsp;&raquo;][vc_column width=&nbsp;&raquo;2\/3&Prime;][vc_single_image image=&nbsp;&raquo;1679&Prime; border_color=&nbsp;&raquo;grey&nbsp;&raquo; img_link_large=&nbsp;&raquo;&nbsp;&raquo; img_link_target=&nbsp;&raquo;_self&nbsp;&raquo; img_size=&nbsp;&raquo;full&nbsp;&raquo;][\/vc_column][vc_column width=&nbsp;&raquo;1\/3&Prime;][vc_column_text el_class=&nbsp;&raquo;savoirfaire_texte_droite&nbsp;&raquo;] Met het AL-KO-chassis geniet u bij FLORIUM van \u2026 Schrijnwerkerij Polyester Design zittingen Recovery System Alko chassis Alde verwarming Uitrustingen Packs en opties [\/vc_column_text][\/vc_column][\/vc_row][vc_row full_width=&nbsp;&raquo;&nbsp;&raquo; parallax=&nbsp;&raquo;&nbsp;&raquo; parallax_image=&nbsp;&raquo;&nbsp;&raquo;][vc_column width=&nbsp;&raquo;2\/3&Prime;][vc_column_text] AL-KO chassis dubbele vloer Voor zijn integralen heeft FLORIUM de beste uitrustingen gekozen op het [&hellip;]<\/p>\n","protected":false},"author":4,"featured_media":0,"parent":0,"menu_order":1,"comment_status":"closed","ping_status":"closed","template":"","meta":{"_acf_changed":false,"footnotes":""},"class_list":["post-2527","page","type-page","status-publish","hentry"],"acf":[],"yoast_head":"<!-- This site is optimized with the Yoast SEO plugin v27.5 - https:\/\/yoast.com\/product\/yoast-seo-wordpress\/ -->\n<title>Ch\u00e2ssis Alko de s\u00e9rie pour les gammes Baxter et Wincester - Florium<\/title>\n<meta name=\"description\" content=\"La s\u00e9curit\u00e9 sur toute au coeur de la fabrication Florium. Tous les profil\u00e9s Baxter et int\u00e9graux Wincester sont \u00e9quip\u00e9s de s\u00e9rie de ch\u00e2ssis ALKO\" \/>\n<meta name=\"robots\" content=\"index, follow, max-snippet:-1, max-image-preview:large, max-video-preview:-1\" \/>\n<link rel=\"canonical\" href=\"https:\/\/www.fleurette-florium.fr\/nl\/onze-knowhow-alko-chassis\/\" \/>\n<meta property=\"og:locale\" content=\"nl_NL\" \/>\n<meta property=\"og:type\" content=\"article\" \/>\n<meta property=\"og:title\" content=\"Ch\u00e2ssis Alko de s\u00e9rie pour les gammes Baxter et Wincester - Florium\" \/>\n<meta property=\"og:description\" content=\"La s\u00e9curit\u00e9 sur toute au coeur de la fabrication Florium. Tous les profil\u00e9s Baxter et int\u00e9graux Wincester sont \u00e9quip\u00e9s de s\u00e9rie de ch\u00e2ssis ALKO\" \/>\n<meta property=\"og:url\" content=\"https:\/\/www.fleurette-florium.fr\/nl\/onze-knowhow-alko-chassis\/\" \/>\n<meta property=\"og:site_name\" content=\"Fleurette Florium\" \/>\n<meta property=\"article:modified_time\" content=\"2019-01-14T14:53:01+00:00\" \/>\n<meta name=\"twitter:label1\" content=\"Geschatte leestijd\" \/>\n\t<meta name=\"twitter:data1\" content=\"1 minute\" \/>\n<script type=\"application\/ld+json\" class=\"yoast-schema-graph\">{\"@context\":\"https:\\\/\\\/schema.org\",\"@graph\":[{\"@type\":\"WebPage\",\"@id\":\"https:\\\/\\\/www.fleurette-florium.fr\\\/nl\\\/onze-knowhow-alko-chassis\\\/\",\"url\":\"https:\\\/\\\/www.fleurette-florium.fr\\\/nl\\\/onze-knowhow-alko-chassis\\\/\",\"name\":\"Ch\u00e2ssis Alko de s\u00e9rie pour les gammes Baxter et Wincester - Florium\",\"isPartOf\":{\"@id\":\"https:\\\/\\\/www.fleurette-florium.fr\\\/#website\"},\"datePublished\":\"2015-08-20T23:23:00+00:00\",\"dateModified\":\"2019-01-14T14:53:01+00:00\",\"description\":\"La s\u00e9curit\u00e9 sur toute au coeur de la fabrication Florium. Tous les profil\u00e9s Baxter et int\u00e9graux Wincester sont \u00e9quip\u00e9s de s\u00e9rie de ch\u00e2ssis ALKO\",\"breadcrumb\":{\"@id\":\"https:\\\/\\\/www.fleurette-florium.fr\\\/nl\\\/onze-knowhow-alko-chassis\\\/#breadcrumb\"},\"inLanguage\":\"nl-NL\",\"potentialAction\":[{\"@type\":\"ReadAction\",\"target\":[\"https:\\\/\\\/www.fleurette-florium.fr\\\/nl\\\/onze-knowhow-alko-chassis\\\/\"]}]},{\"@type\":\"BreadcrumbList\",\"@id\":\"https:\\\/\\\/www.fleurette-florium.fr\\\/nl\\\/onze-knowhow-alko-chassis\\\/#breadcrumb\",\"itemListElement\":[{\"@type\":\"ListItem\",\"position\":1,\"name\":\"\",\"item\":\"https:\\\/\\\/www.fleurette-florium.fr\\\/nl\\\/home-florium\\\/\"},{\"@type\":\"ListItem\",\"position\":2,\"name\":\"Onze knowhow &#8211; Alko Chassis\"}]},{\"@type\":\"WebSite\",\"@id\":\"https:\\\/\\\/www.fleurette-florium.fr\\\/#website\",\"url\":\"https:\\\/\\\/www.fleurette-florium.fr\\\/\",\"name\":\"Fleurette Florium\",\"description\":\"\",\"publisher\":{\"@id\":\"https:\\\/\\\/www.fleurette-florium.fr\\\/#organization\"},\"potentialAction\":[{\"@type\":\"SearchAction\",\"target\":{\"@type\":\"EntryPoint\",\"urlTemplate\":\"https:\\\/\\\/www.fleurette-florium.fr\\\/?s={search_term_string}\"},\"query-input\":{\"@type\":\"PropertyValueSpecification\",\"valueRequired\":true,\"valueName\":\"search_term_string\"}}],\"inLanguage\":\"nl-NL\"},{\"@type\":\"Organization\",\"@id\":\"https:\\\/\\\/www.fleurette-florium.fr\\\/#organization\",\"name\":\"Fleurette Florium\",\"url\":\"https:\\\/\\\/www.fleurette-florium.fr\\\/\",\"logo\":{\"@type\":\"ImageObject\",\"inLanguage\":\"nl-NL\",\"@id\":\"https:\\\/\\\/www.fleurette-florium.fr\\\/#\\\/schema\\\/logo\\\/image\\\/\",\"url\":\"https:\\\/\\\/www.fleurette-florium.fr\\\/wp-content\\\/uploads\\\/2021\\\/07\\\/logo-fleurette-florium-scaled.png\",\"contentUrl\":\"https:\\\/\\\/www.fleurette-florium.fr\\\/wp-content\\\/uploads\\\/2021\\\/07\\\/logo-fleurette-florium-scaled.png\",\"width\":2560,\"height\":830,\"caption\":\"Fleurette Florium\"},\"image\":{\"@id\":\"https:\\\/\\\/www.fleurette-florium.fr\\\/#\\\/schema\\\/logo\\\/image\\\/\"}}]}<\/script>\n<!-- \/ Yoast SEO plugin. -->","yoast_head_json":{"title":"Ch\u00e2ssis Alko de s\u00e9rie pour les gammes Baxter et Wincester - Florium","description":"La s\u00e9curit\u00e9 sur toute au coeur de la fabrication Florium. Tous les profil\u00e9s Baxter et int\u00e9graux Wincester sont \u00e9quip\u00e9s de s\u00e9rie de ch\u00e2ssis ALKO","robots":{"index":"index","follow":"follow","max-snippet":"max-snippet:-1","max-image-preview":"max-image-preview:large","max-video-preview":"max-video-preview:-1"},"canonical":"https:\/\/www.fleurette-florium.fr\/nl\/onze-knowhow-alko-chassis\/","og_locale":"nl_NL","og_type":"article","og_title":"Ch\u00e2ssis Alko de s\u00e9rie pour les gammes Baxter et Wincester - Florium","og_description":"La s\u00e9curit\u00e9 sur toute au coeur de la fabrication Florium. Tous les profil\u00e9s Baxter et int\u00e9graux Wincester sont \u00e9quip\u00e9s de s\u00e9rie de ch\u00e2ssis ALKO","og_url":"https:\/\/www.fleurette-florium.fr\/nl\/onze-knowhow-alko-chassis\/","og_site_name":"Fleurette Florium","article_modified_time":"2019-01-14T14:53:01+00:00","twitter_misc":{"Geschatte leestijd":"1 minute"},"schema":{"@context":"https:\/\/schema.org","@graph":[{"@type":"WebPage","@id":"https:\/\/www.fleurette-florium.fr\/nl\/onze-knowhow-alko-chassis\/","url":"https:\/\/www.fleurette-florium.fr\/nl\/onze-knowhow-alko-chassis\/","name":"Ch\u00e2ssis Alko de s\u00e9rie pour les gammes Baxter et Wincester - Florium","isPartOf":{"@id":"https:\/\/www.fleurette-florium.fr\/#website"},"datePublished":"2015-08-20T23:23:00+00:00","dateModified":"2019-01-14T14:53:01+00:00","description":"La s\u00e9curit\u00e9 sur toute au coeur de la fabrication Florium. Tous les profil\u00e9s Baxter et int\u00e9graux Wincester sont \u00e9quip\u00e9s de s\u00e9rie de ch\u00e2ssis ALKO","breadcrumb":{"@id":"https:\/\/www.fleurette-florium.fr\/nl\/onze-knowhow-alko-chassis\/#breadcrumb"},"inLanguage":"nl-NL","potentialAction":[{"@type":"ReadAction","target":["https:\/\/www.fleurette-florium.fr\/nl\/onze-knowhow-alko-chassis\/"]}]},{"@type":"BreadcrumbList","@id":"https:\/\/www.fleurette-florium.fr\/nl\/onze-knowhow-alko-chassis\/#breadcrumb","itemListElement":[{"@type":"ListItem","position":1,"name":"","item":"https:\/\/www.fleurette-florium.fr\/nl\/home-florium\/"},{"@type":"ListItem","position":2,"name":"Onze knowhow &#8211; Alko Chassis"}]},{"@type":"WebSite","@id":"https:\/\/www.fleurette-florium.fr\/#website","url":"https:\/\/www.fleurette-florium.fr\/","name":"Fleurette Florium","description":"","publisher":{"@id":"https:\/\/www.fleurette-florium.fr\/#organization"},"potentialAction":[{"@type":"SearchAction","target":{"@type":"EntryPoint","urlTemplate":"https:\/\/www.fleurette-florium.fr\/?s={search_term_string}"},"query-input":{"@type":"PropertyValueSpecification","valueRequired":true,"valueName":"search_term_string"}}],"inLanguage":"nl-NL"},{"@type":"Organization","@id":"https:\/\/www.fleurette-florium.fr\/#organization","name":"Fleurette Florium","url":"https:\/\/www.fleurette-florium.fr\/","logo":{"@type":"ImageObject","inLanguage":"nl-NL","@id":"https:\/\/www.fleurette-florium.fr\/#\/schema\/logo\/image\/","url":"https:\/\/www.fleurette-florium.fr\/wp-content\/uploads\/2021\/07\/logo-fleurette-florium-scaled.png","contentUrl":"https:\/\/www.fleurette-florium.fr\/wp-content\/uploads\/2021\/07\/logo-fleurette-florium-scaled.png","width":2560,"height":830,"caption":"Fleurette Florium"},"image":{"@id":"https:\/\/www.fleurette-florium.fr\/#\/schema\/logo\/image\/"}}]}},"_links":{"self":[{"href":"https:\/\/www.fleurette-florium.fr\/nl\/wp-json\/wp\/v2\/pages\/2527","targetHints":{"allow":["GET"]}}],"collection":[{"href":"https:\/\/www.fleurette-florium.fr\/nl\/wp-json\/wp\/v2\/pages"}],"about":[{"href":"https:\/\/www.fleurette-florium.fr\/nl\/wp-json\/wp\/v2\/types\/page"}],"author":[{"embeddable":true,"href":"https:\/\/www.fleurette-florium.fr\/nl\/wp-json\/wp\/v2\/users\/4"}],"replies":[{"embeddable":true,"href":"https:\/\/www.fleurette-florium.fr\/nl\/wp-json\/wp\/v2\/comments?post=2527"}],"version-history":[{"count":4,"href":"https:\/\/www.fleurette-florium.fr\/nl\/wp-json\/wp\/v2\/pages\/2527\/revisions"}],"predecessor-version":[{"id":5603,"href":"https:\/\/www.fleurette-florium.fr\/nl\/wp-json\/wp\/v2\/pages\/2527\/revisions\/5603"}],"wp:attachment":[{"href":"https:\/\/www.fleurette-florium.fr\/nl\/wp-json\/wp\/v2\/media?parent=2527"}],"curies":[{"name":"wp","href":"https:\/\/api.w.org\/{rel}","templated":true}]}}