{"id":2526,"date":"2015-08-21T00:04:51","date_gmt":"2015-08-20T23:04:51","guid":{"rendered":"http:\/\/florium.fr\/nl\/notre-savoir-faire-polyester\/"},"modified":"2019-01-14T15:55:32","modified_gmt":"2019-01-14T14:55:32","slug":"onze-knowhow-polyester","status":"publish","type":"page","link":"https:\/\/www.fleurette-florium.fr\/nl\/onze-knowhow-polyester\/","title":{"rendered":"Onze Knowhow &#8211; Polyester"},"content":{"rendered":"<div class=\"wpb-content-wrapper\"><p>[vc_row full_width=&nbsp;&raquo;&nbsp;&raquo; parallax=&nbsp;&raquo;&nbsp;&raquo; parallax_image=&nbsp;&raquo;&nbsp;&raquo;][vc_column width=&nbsp;&raquo;2\/3&Prime;][vc_single_image image=&nbsp;&raquo;2019&Prime; border_color=&nbsp;&raquo;grey&nbsp;&raquo; img_link_large=&nbsp;&raquo;&nbsp;&raquo; img_link_target=&nbsp;&raquo;_self&nbsp;&raquo; img_size=&nbsp;&raquo;full&nbsp;&raquo;][\/vc_column][vc_column width=&nbsp;&raquo;1\/3&Prime;][vc_column_text el_class=&nbsp;&raquo;savoirfaire_texte_droite&nbsp;&raquo;]<\/p>\n<h3 class=\"p1\">De FLORIUM-campers in 100% polyester, waar kwaliteit en comfort \u00e9\u00e9n zijn<\/h3>\n<ul>\n<li><a href=\"\/?page_id=2524\">Schrijnwerkerij<\/a><\/li>\n<li><a href=\"\/?page_id=2526\">Polyester<\/a><\/li>\n<li><a href=\"\/?page_id=2531\">Design zittingen<\/a><\/li>\n<li><a href=\"\/?page_id=2530\">Recovery System<\/a><\/li>\n<li><a href=\"\/?page_id=2527\">Alko chassis<\/a><\/li>\n<li><a href=\"\/?page_id=2528\">Alde verwarming<\/a><\/li>\n<li><a href=\"\/?page_id=2525\">Uitrustingen<\/a><\/li>\n<li><a href=\"\/?page_id=2529\">Packs en opties<\/a><\/li>\n<\/ul>\n<p>[\/vc_column_text][\/vc_column][\/vc_row][vc_row full_width=&nbsp;&raquo;&nbsp;&raquo; parallax=&nbsp;&raquo;&nbsp;&raquo; parallax_image=&nbsp;&raquo;&nbsp;&raquo;][vc_column width=&nbsp;&raquo;2\/3&Prime;][vc_column_text el_class=&nbsp;&raquo;savoirfaire_texte_gauche_dessous&nbsp;&raquo;]<\/p>\n<h3 class=\"p1\">De FLORIUM-campers in 100% polyester, waar kwaliteit en comfort \u00e9\u00e9n zijn<\/h3>\n<p class=\"p1\">De keuze voor kwaliteitsmaterialen<\/p>\n<p>FLORIUM heeft ervoor gekozen om zijn carrosserie\u00ebn in polyester te vervaardigen, zoals de bootconstructeurs. Momenteel zijn wij de enige fabrikant in Europa die 100% polyestervoertuigen aanbiedt, die in onze fabriek in de Vend\u00e9e vervaardigd worden. We beschikken over een <strong>nieuw productieatelier dat uniek is in Europa<\/strong>, we voldoen aan de Atex-norm en fabriceren onze voertuigen met inachtneming van de gezondheids- en veiligheidseisen gesteld door de geldende normen.<\/p>\n<p class=\"p1\">De voordelen van een 100% polyestercarrosserie:<\/p>\n<p>&#8211; De schoonheid en de glans van de carrosserie<\/p>\n<p>&#8211; Een stralend uitzicht in de tijd<\/p>\n<p>&#8211; Voordeligere reparaties<\/p>\n<p>&#8211; Een hagelwerend woongedeelte met een polyesterdikte van 3 mm<\/p>\n<p>&#8211; Een optimale isolatie door een niet warmte- noch koudegeleidend materiaal<\/p>\n<p>[\/vc_column_text][\/vc_column][\/vc_row]<\/p>\n<\/div>","protected":false},"excerpt":{"rendered":"<p>[vc_row full_width=&nbsp;&raquo;&nbsp;&raquo; parallax=&nbsp;&raquo;&nbsp;&raquo; parallax_image=&nbsp;&raquo;&nbsp;&raquo;][vc_column width=&nbsp;&raquo;2\/3&Prime;][vc_single_image image=&nbsp;&raquo;2019&Prime; border_color=&nbsp;&raquo;grey&nbsp;&raquo; img_link_large=&nbsp;&raquo;&nbsp;&raquo; img_link_target=&nbsp;&raquo;_self&nbsp;&raquo; img_size=&nbsp;&raquo;full&nbsp;&raquo;][\/vc_column][vc_column width=&nbsp;&raquo;1\/3&Prime;][vc_column_text el_class=&nbsp;&raquo;savoirfaire_texte_droite&nbsp;&raquo;] De FLORIUM-campers in 100% polyester, waar kwaliteit en comfort \u00e9\u00e9n zijn Schrijnwerkerij Polyester Design zittingen Recovery System Alko chassis Alde verwarming Uitrustingen Packs en opties [\/vc_column_text][\/vc_column][\/vc_row][vc_row full_width=&nbsp;&raquo;&nbsp;&raquo; parallax=&nbsp;&raquo;&nbsp;&raquo; parallax_image=&nbsp;&raquo;&nbsp;&raquo;][vc_column width=&nbsp;&raquo;2\/3&Prime;][vc_column_text el_class=&nbsp;&raquo;savoirfaire_texte_gauche_dessous&nbsp;&raquo;] De FLORIUM-campers in 100% polyester, waar kwaliteit en comfort \u00e9\u00e9n zijn De [&hellip;]<\/p>\n","protected":false},"author":4,"featured_media":0,"parent":0,"menu_order":1,"comment_status":"closed","ping_status":"closed","template":"","meta":{"_acf_changed":false,"footnotes":""},"class_list":["post-2526","page","type-page","status-publish","hentry"],"acf":[],"yoast_head":"<!-- This site is optimized with the Yoast SEO plugin v27.5 - https:\/\/yoast.com\/product\/yoast-seo-wordpress\/ -->\n<title>Le travail des camping-cars 100% polyester int\u00e9gr\u00e9 en Vend\u00e9e \u2013 Florium<\/title>\n<meta name=\"description\" content=\"La marque de camping-cars de luxe Florium est le seul fabricant en Europe de camping-cars 100% polyester et assure ainsi esth\u00e9tisme et isolation optimale.\" \/>\n<meta name=\"robots\" content=\"index, follow, max-snippet:-1, max-image-preview:large, max-video-preview:-1\" \/>\n<link rel=\"canonical\" href=\"https:\/\/www.fleurette-florium.fr\/nl\/onze-knowhow-polyester\/\" \/>\n<meta property=\"og:locale\" content=\"nl_NL\" \/>\n<meta property=\"og:type\" content=\"article\" \/>\n<meta property=\"og:title\" content=\"Le travail des camping-cars 100% polyester int\u00e9gr\u00e9 en Vend\u00e9e \u2013 Florium\" \/>\n<meta property=\"og:description\" content=\"La marque de camping-cars de luxe Florium est le seul fabricant en Europe de camping-cars 100% polyester et assure ainsi esth\u00e9tisme et isolation optimale.\" \/>\n<meta property=\"og:url\" content=\"https:\/\/www.fleurette-florium.fr\/nl\/onze-knowhow-polyester\/\" \/>\n<meta property=\"og:site_name\" content=\"Fleurette Florium\" \/>\n<meta property=\"article:modified_time\" content=\"2019-01-14T14:55:32+00:00\" \/>\n<meta name=\"twitter:label1\" content=\"Geschatte leestijd\" \/>\n\t<meta name=\"twitter:data1\" content=\"1 minute\" \/>\n<script type=\"application\/ld+json\" class=\"yoast-schema-graph\">{\"@context\":\"https:\\\/\\\/schema.org\",\"@graph\":[{\"@type\":\"WebPage\",\"@id\":\"https:\\\/\\\/www.fleurette-florium.fr\\\/nl\\\/onze-knowhow-polyester\\\/\",\"url\":\"https:\\\/\\\/www.fleurette-florium.fr\\\/nl\\\/onze-knowhow-polyester\\\/\",\"name\":\"Le travail des camping-cars 100% polyester int\u00e9gr\u00e9 en Vend\u00e9e \u2013 Florium\",\"isPartOf\":{\"@id\":\"https:\\\/\\\/www.fleurette-florium.fr\\\/#website\"},\"datePublished\":\"2015-08-20T23:04:51+00:00\",\"dateModified\":\"2019-01-14T14:55:32+00:00\",\"description\":\"La marque de camping-cars de luxe Florium est le seul fabricant en Europe de camping-cars 100% polyester et assure ainsi esth\u00e9tisme et isolation optimale.\",\"breadcrumb\":{\"@id\":\"https:\\\/\\\/www.fleurette-florium.fr\\\/nl\\\/onze-knowhow-polyester\\\/#breadcrumb\"},\"inLanguage\":\"nl-NL\",\"potentialAction\":[{\"@type\":\"ReadAction\",\"target\":[\"https:\\\/\\\/www.fleurette-florium.fr\\\/nl\\\/onze-knowhow-polyester\\\/\"]}]},{\"@type\":\"BreadcrumbList\",\"@id\":\"https:\\\/\\\/www.fleurette-florium.fr\\\/nl\\\/onze-knowhow-polyester\\\/#breadcrumb\",\"itemListElement\":[{\"@type\":\"ListItem\",\"position\":1,\"name\":\"\",\"item\":\"https:\\\/\\\/www.fleurette-florium.fr\\\/nl\\\/home-florium\\\/\"},{\"@type\":\"ListItem\",\"position\":2,\"name\":\"Onze Knowhow &#8211; Polyester\"}]},{\"@type\":\"WebSite\",\"@id\":\"https:\\\/\\\/www.fleurette-florium.fr\\\/#website\",\"url\":\"https:\\\/\\\/www.fleurette-florium.fr\\\/\",\"name\":\"Fleurette Florium\",\"description\":\"\",\"publisher\":{\"@id\":\"https:\\\/\\\/www.fleurette-florium.fr\\\/#organization\"},\"potentialAction\":[{\"@type\":\"SearchAction\",\"target\":{\"@type\":\"EntryPoint\",\"urlTemplate\":\"https:\\\/\\\/www.fleurette-florium.fr\\\/?s={search_term_string}\"},\"query-input\":{\"@type\":\"PropertyValueSpecification\",\"valueRequired\":true,\"valueName\":\"search_term_string\"}}],\"inLanguage\":\"nl-NL\"},{\"@type\":\"Organization\",\"@id\":\"https:\\\/\\\/www.fleurette-florium.fr\\\/#organization\",\"name\":\"Fleurette Florium\",\"url\":\"https:\\\/\\\/www.fleurette-florium.fr\\\/\",\"logo\":{\"@type\":\"ImageObject\",\"inLanguage\":\"nl-NL\",\"@id\":\"https:\\\/\\\/www.fleurette-florium.fr\\\/#\\\/schema\\\/logo\\\/image\\\/\",\"url\":\"https:\\\/\\\/www.fleurette-florium.fr\\\/wp-content\\\/uploads\\\/2021\\\/07\\\/logo-fleurette-florium-scaled.png\",\"contentUrl\":\"https:\\\/\\\/www.fleurette-florium.fr\\\/wp-content\\\/uploads\\\/2021\\\/07\\\/logo-fleurette-florium-scaled.png\",\"width\":2560,\"height\":830,\"caption\":\"Fleurette Florium\"},\"image\":{\"@id\":\"https:\\\/\\\/www.fleurette-florium.fr\\\/#\\\/schema\\\/logo\\\/image\\\/\"}}]}<\/script>\n<!-- \/ Yoast SEO plugin. -->","yoast_head_json":{"title":"Le travail des camping-cars 100% polyester int\u00e9gr\u00e9 en Vend\u00e9e \u2013 Florium","description":"La marque de camping-cars de luxe Florium est le seul fabricant en Europe de camping-cars 100% polyester et assure ainsi esth\u00e9tisme et isolation optimale.","robots":{"index":"index","follow":"follow","max-snippet":"max-snippet:-1","max-image-preview":"max-image-preview:large","max-video-preview":"max-video-preview:-1"},"canonical":"https:\/\/www.fleurette-florium.fr\/nl\/onze-knowhow-polyester\/","og_locale":"nl_NL","og_type":"article","og_title":"Le travail des camping-cars 100% polyester int\u00e9gr\u00e9 en Vend\u00e9e \u2013 Florium","og_description":"La marque de camping-cars de luxe Florium est le seul fabricant en Europe de camping-cars 100% polyester et assure ainsi esth\u00e9tisme et isolation optimale.","og_url":"https:\/\/www.fleurette-florium.fr\/nl\/onze-knowhow-polyester\/","og_site_name":"Fleurette Florium","article_modified_time":"2019-01-14T14:55:32+00:00","twitter_misc":{"Geschatte leestijd":"1 minute"},"schema":{"@context":"https:\/\/schema.org","@graph":[{"@type":"WebPage","@id":"https:\/\/www.fleurette-florium.fr\/nl\/onze-knowhow-polyester\/","url":"https:\/\/www.fleurette-florium.fr\/nl\/onze-knowhow-polyester\/","name":"Le travail des camping-cars 100% polyester int\u00e9gr\u00e9 en Vend\u00e9e \u2013 Florium","isPartOf":{"@id":"https:\/\/www.fleurette-florium.fr\/#website"},"datePublished":"2015-08-20T23:04:51+00:00","dateModified":"2019-01-14T14:55:32+00:00","description":"La marque de camping-cars de luxe Florium est le seul fabricant en Europe de camping-cars 100% polyester et assure ainsi esth\u00e9tisme et isolation optimale.","breadcrumb":{"@id":"https:\/\/www.fleurette-florium.fr\/nl\/onze-knowhow-polyester\/#breadcrumb"},"inLanguage":"nl-NL","potentialAction":[{"@type":"ReadAction","target":["https:\/\/www.fleurette-florium.fr\/nl\/onze-knowhow-polyester\/"]}]},{"@type":"BreadcrumbList","@id":"https:\/\/www.fleurette-florium.fr\/nl\/onze-knowhow-polyester\/#breadcrumb","itemListElement":[{"@type":"ListItem","position":1,"name":"","item":"https:\/\/www.fleurette-florium.fr\/nl\/home-florium\/"},{"@type":"ListItem","position":2,"name":"Onze Knowhow &#8211; Polyester"}]},{"@type":"WebSite","@id":"https:\/\/www.fleurette-florium.fr\/#website","url":"https:\/\/www.fleurette-florium.fr\/","name":"Fleurette Florium","description":"","publisher":{"@id":"https:\/\/www.fleurette-florium.fr\/#organization"},"potentialAction":[{"@type":"SearchAction","target":{"@type":"EntryPoint","urlTemplate":"https:\/\/www.fleurette-florium.fr\/?s={search_term_string}"},"query-input":{"@type":"PropertyValueSpecification","valueRequired":true,"valueName":"search_term_string"}}],"inLanguage":"nl-NL"},{"@type":"Organization","@id":"https:\/\/www.fleurette-florium.fr\/#organization","name":"Fleurette Florium","url":"https:\/\/www.fleurette-florium.fr\/","logo":{"@type":"ImageObject","inLanguage":"nl-NL","@id":"https:\/\/www.fleurette-florium.fr\/#\/schema\/logo\/image\/","url":"https:\/\/www.fleurette-florium.fr\/wp-content\/uploads\/2021\/07\/logo-fleurette-florium-scaled.png","contentUrl":"https:\/\/www.fleurette-florium.fr\/wp-content\/uploads\/2021\/07\/logo-fleurette-florium-scaled.png","width":2560,"height":830,"caption":"Fleurette Florium"},"image":{"@id":"https:\/\/www.fleurette-florium.fr\/#\/schema\/logo\/image\/"}}]}},"_links":{"self":[{"href":"https:\/\/www.fleurette-florium.fr\/nl\/wp-json\/wp\/v2\/pages\/2526","targetHints":{"allow":["GET"]}}],"collection":[{"href":"https:\/\/www.fleurette-florium.fr\/nl\/wp-json\/wp\/v2\/pages"}],"about":[{"href":"https:\/\/www.fleurette-florium.fr\/nl\/wp-json\/wp\/v2\/types\/page"}],"author":[{"embeddable":true,"href":"https:\/\/www.fleurette-florium.fr\/nl\/wp-json\/wp\/v2\/users\/4"}],"replies":[{"embeddable":true,"href":"https:\/\/www.fleurette-florium.fr\/nl\/wp-json\/wp\/v2\/comments?post=2526"}],"version-history":[{"count":4,"href":"https:\/\/www.fleurette-florium.fr\/nl\/wp-json\/wp\/v2\/pages\/2526\/revisions"}],"predecessor-version":[{"id":5606,"href":"https:\/\/www.fleurette-florium.fr\/nl\/wp-json\/wp\/v2\/pages\/2526\/revisions\/5606"}],"wp:attachment":[{"href":"https:\/\/www.fleurette-florium.fr\/nl\/wp-json\/wp\/v2\/media?parent=2526"}],"curies":[{"name":"wp","href":"https:\/\/api.w.org\/{rel}","templated":true}]}}