{"id":2525,"date":"2015-08-21T00:37:08","date_gmt":"2015-08-20T23:37:08","guid":{"rendered":"http:\/\/florium.fr\/nl\/notre-savoir-faire-equipements\/"},"modified":"2019-01-14T15:57:09","modified_gmt":"2019-01-14T14:57:09","slug":"onze-knowhow-uitrustingen","status":"publish","type":"page","link":"https:\/\/www.fleurette-florium.fr\/nl\/onze-knowhow-uitrustingen\/","title":{"rendered":"Onze Knowhow &#8211; Uitrustingen"},"content":{"rendered":"<div class=\"wpb-content-wrapper\"><p>[vc_row full_width=&nbsp;&raquo;&nbsp;&raquo; parallax=&nbsp;&raquo;&nbsp;&raquo; parallax_image=&nbsp;&raquo;&nbsp;&raquo;][vc_column width=&nbsp;&raquo;2\/3&Prime;][vc_single_image image=&nbsp;&raquo;5091&Prime; border_color=&nbsp;&raquo;grey&nbsp;&raquo; img_link_large=&nbsp;&raquo;&nbsp;&raquo; img_link_target=&nbsp;&raquo;_self&nbsp;&raquo; img_size=&nbsp;&raquo;full&nbsp;&raquo;][\/vc_column][vc_column width=&nbsp;&raquo;1\/3&Prime;][vc_column_text el_class=&nbsp;&raquo;savoirfaire_texte_droite&nbsp;&raquo;]<\/p>\n<ul>\n<li><a href=\"\/?page_id=2524\">Schrijnwerkerij<\/a><\/li>\n<li><a href=\"\/?page_id=2526\">Polyester<\/a><\/li>\n<li><a href=\"\/?page_id=2531\">Design zittingen<\/a><\/li>\n<li><a href=\"\/?page_id=2530\">Recovery System<\/a><\/li>\n<li><a href=\"\/?page_id=2527\">Alko chassis<\/a><\/li>\n<li><a href=\"\/?page_id=2528\">Alde verwarming<\/a><\/li>\n<li><a href=\"\/?page_id=2525\">Uitrustingen<\/a><\/li>\n<li><a href=\"\/?page_id=2529\">Packs en opties<\/a><\/li>\n<\/ul>\n<p>[\/vc_column_text][\/vc_column][\/vc_row][vc_row full_width=&nbsp;&raquo;&nbsp;&raquo; parallax=&nbsp;&raquo;&nbsp;&raquo; parallax_image=&nbsp;&raquo;&nbsp;&raquo;][vc_column width=&nbsp;&raquo;2\/3&Prime;][vc_column_text]<\/p>\n<h3 class=\"p1\">Uitrustingen op en top design en de allernieuwste functies voor uw premium reizen<\/h3>\n<p>UNE BASE FIAT HAUTE S\u00c9CURIT\u00c9<br \/>\nLes Florium sur base Fiat b\u00e9n\u00e9ficient des standards de s\u00e9curit\u00e9 \u00e9lev\u00e9s de ce constructeur. 20.000 heures de calculs structurels, 120 crash-test, des centaines d\u2019essais sur composants et sous-syst\u00e8mes : les chiffres parlent d\u2019eux-m\u00eames.<\/p>\n<p>DES ESPACES DE RANGEMENTS OPTIMIS\u00c9S<br \/>\nOptimiser l\u2019espace de rangement et <strong>d\u2019\u00e9quipements de camping-cars<\/strong> : ce sujet revient inlassablement dans les discussions des bureaux d\u2019\u00e9tude des constructeurs. Pour r\u00e9pondre \u00e0 ce besoin, FLORIUM propose des \u00e9quipements pour camping-cars haut de gamme et\u00a0 a opt\u00e9 pour le syst\u00e8me double plancher qui permet d\u2019accueillir les circuits d\u2019eau, l\u2019\u00e9lectricit\u00e9 et le gaz, ainsi que les r\u00e9servoirs d\u2019eau. De plus, les possesseurs de camping-cars int\u00e9graux Wincester pourront b\u00e9n\u00e9ficier de trappes de rangement pour les objets encombrants (cannes \u00e0 p\u00eache, paires de ski, etc\u2026).<\/p>\n<p>DES ENCEINTES FOCAL DESIGN<br \/>\nB\u00e9n\u00e9ficiez d\u2019un syst\u00e8me audio de qualit\u00e9 pour vos longs voyages et moments de d\u00e9tente.\u00a0Pour vous assurer une restitution sonore de grande qualit\u00e9, tous les camping-cars modernes Florium sont \u00e9quip\u00e9s, de s\u00e9rie, de <a href=\"http:\/\/www.focal.com\/france\/content\/751-focal-equipe-les-camping-cars-fleurette\">haut-parleurs Car Audio Focal.<\/a>[\/vc_column_text][\/vc_column][vc_column width=&nbsp;&raquo;1\/3&Prime;][\/vc_column][\/vc_row]<\/p>\n<\/div>","protected":false},"excerpt":{"rendered":"<p>[vc_row full_width=&nbsp;&raquo;&nbsp;&raquo; parallax=&nbsp;&raquo;&nbsp;&raquo; parallax_image=&nbsp;&raquo;&nbsp;&raquo;][vc_column width=&nbsp;&raquo;2\/3&Prime;][vc_single_image image=&nbsp;&raquo;5091&Prime; border_color=&nbsp;&raquo;grey&nbsp;&raquo; img_link_large=&nbsp;&raquo;&nbsp;&raquo; img_link_target=&nbsp;&raquo;_self&nbsp;&raquo; img_size=&nbsp;&raquo;full&nbsp;&raquo;][\/vc_column][vc_column width=&nbsp;&raquo;1\/3&Prime;][vc_column_text el_class=&nbsp;&raquo;savoirfaire_texte_droite&nbsp;&raquo;] Schrijnwerkerij Polyester Design zittingen Recovery System Alko chassis Alde verwarming Uitrustingen Packs en opties [\/vc_column_text][\/vc_column][\/vc_row][vc_row full_width=&nbsp;&raquo;&nbsp;&raquo; parallax=&nbsp;&raquo;&nbsp;&raquo; parallax_image=&nbsp;&raquo;&nbsp;&raquo;][vc_column width=&nbsp;&raquo;2\/3&Prime;][vc_column_text] Uitrustingen op en top design en de allernieuwste functies voor uw premium reizen UNE BASE FIAT HAUTE S\u00c9CURIT\u00c9 Les Florium sur base Fiat b\u00e9n\u00e9ficient [&hellip;]<\/p>\n","protected":false},"author":4,"featured_media":0,"parent":0,"menu_order":1,"comment_status":"closed","ping_status":"closed","template":"","meta":{"_acf_changed":false,"footnotes":""},"class_list":["post-2525","page","type-page","status-publish","hentry"],"acf":[],"yoast_head":"<!-- This site is optimized with the Yoast SEO plugin v27.5 - https:\/\/yoast.com\/product\/yoast-seo-wordpress\/ -->\n<title>Equipements de camping-cars luxueux - Florium<\/title>\n<meta name=\"description\" content=\"La marque Florium vous propose des \u00e9quipements de camping-cars luxueux pour vous d\u00e9marquer et profiter pleinement de vos excursions \u00e0 travers le monde.\" \/>\n<meta name=\"robots\" content=\"index, follow, max-snippet:-1, max-image-preview:large, max-video-preview:-1\" \/>\n<link rel=\"canonical\" href=\"https:\/\/www.fleurette-florium.fr\/nl\/onze-knowhow-uitrustingen\/\" \/>\n<meta property=\"og:locale\" content=\"nl_NL\" \/>\n<meta property=\"og:type\" content=\"article\" \/>\n<meta property=\"og:title\" content=\"Equipements de camping-cars luxueux - Florium\" \/>\n<meta property=\"og:description\" content=\"La marque Florium vous propose des \u00e9quipements de camping-cars luxueux pour vous d\u00e9marquer et profiter pleinement de vos excursions \u00e0 travers le monde.\" \/>\n<meta property=\"og:url\" content=\"https:\/\/www.fleurette-florium.fr\/nl\/onze-knowhow-uitrustingen\/\" \/>\n<meta property=\"og:site_name\" content=\"Fleurette Florium\" \/>\n<meta property=\"article:modified_time\" content=\"2019-01-14T14:57:09+00:00\" \/>\n<meta name=\"twitter:label1\" content=\"Geschatte leestijd\" \/>\n\t<meta name=\"twitter:data1\" content=\"1 minute\" \/>\n<script type=\"application\/ld+json\" class=\"yoast-schema-graph\">{\"@context\":\"https:\\\/\\\/schema.org\",\"@graph\":[{\"@type\":\"WebPage\",\"@id\":\"https:\\\/\\\/www.fleurette-florium.fr\\\/nl\\\/onze-knowhow-uitrustingen\\\/\",\"url\":\"https:\\\/\\\/www.fleurette-florium.fr\\\/nl\\\/onze-knowhow-uitrustingen\\\/\",\"name\":\"Equipements de camping-cars luxueux - Florium\",\"isPartOf\":{\"@id\":\"https:\\\/\\\/www.fleurette-florium.fr\\\/#website\"},\"datePublished\":\"2015-08-20T23:37:08+00:00\",\"dateModified\":\"2019-01-14T14:57:09+00:00\",\"description\":\"La marque Florium vous propose des \u00e9quipements de camping-cars luxueux pour vous d\u00e9marquer et profiter pleinement de vos excursions \u00e0 travers le monde.\",\"breadcrumb\":{\"@id\":\"https:\\\/\\\/www.fleurette-florium.fr\\\/nl\\\/onze-knowhow-uitrustingen\\\/#breadcrumb\"},\"inLanguage\":\"nl-NL\",\"potentialAction\":[{\"@type\":\"ReadAction\",\"target\":[\"https:\\\/\\\/www.fleurette-florium.fr\\\/nl\\\/onze-knowhow-uitrustingen\\\/\"]}]},{\"@type\":\"BreadcrumbList\",\"@id\":\"https:\\\/\\\/www.fleurette-florium.fr\\\/nl\\\/onze-knowhow-uitrustingen\\\/#breadcrumb\",\"itemListElement\":[{\"@type\":\"ListItem\",\"position\":1,\"name\":\"\",\"item\":\"https:\\\/\\\/www.fleurette-florium.fr\\\/nl\\\/home-florium\\\/\"},{\"@type\":\"ListItem\",\"position\":2,\"name\":\"Onze Knowhow &#8211; Uitrustingen\"}]},{\"@type\":\"WebSite\",\"@id\":\"https:\\\/\\\/www.fleurette-florium.fr\\\/#website\",\"url\":\"https:\\\/\\\/www.fleurette-florium.fr\\\/\",\"name\":\"Fleurette Florium\",\"description\":\"\",\"publisher\":{\"@id\":\"https:\\\/\\\/www.fleurette-florium.fr\\\/#organization\"},\"potentialAction\":[{\"@type\":\"SearchAction\",\"target\":{\"@type\":\"EntryPoint\",\"urlTemplate\":\"https:\\\/\\\/www.fleurette-florium.fr\\\/?s={search_term_string}\"},\"query-input\":{\"@type\":\"PropertyValueSpecification\",\"valueRequired\":true,\"valueName\":\"search_term_string\"}}],\"inLanguage\":\"nl-NL\"},{\"@type\":\"Organization\",\"@id\":\"https:\\\/\\\/www.fleurette-florium.fr\\\/#organization\",\"name\":\"Fleurette Florium\",\"url\":\"https:\\\/\\\/www.fleurette-florium.fr\\\/\",\"logo\":{\"@type\":\"ImageObject\",\"inLanguage\":\"nl-NL\",\"@id\":\"https:\\\/\\\/www.fleurette-florium.fr\\\/#\\\/schema\\\/logo\\\/image\\\/\",\"url\":\"https:\\\/\\\/www.fleurette-florium.fr\\\/wp-content\\\/uploads\\\/2021\\\/07\\\/logo-fleurette-florium-scaled.png\",\"contentUrl\":\"https:\\\/\\\/www.fleurette-florium.fr\\\/wp-content\\\/uploads\\\/2021\\\/07\\\/logo-fleurette-florium-scaled.png\",\"width\":2560,\"height\":830,\"caption\":\"Fleurette Florium\"},\"image\":{\"@id\":\"https:\\\/\\\/www.fleurette-florium.fr\\\/#\\\/schema\\\/logo\\\/image\\\/\"}}]}<\/script>\n<!-- \/ Yoast SEO plugin. -->","yoast_head_json":{"title":"Equipements de camping-cars luxueux - Florium","description":"La marque Florium vous propose des \u00e9quipements de camping-cars luxueux pour vous d\u00e9marquer et profiter pleinement de vos excursions \u00e0 travers le monde.","robots":{"index":"index","follow":"follow","max-snippet":"max-snippet:-1","max-image-preview":"max-image-preview:large","max-video-preview":"max-video-preview:-1"},"canonical":"https:\/\/www.fleurette-florium.fr\/nl\/onze-knowhow-uitrustingen\/","og_locale":"nl_NL","og_type":"article","og_title":"Equipements de camping-cars luxueux - Florium","og_description":"La marque Florium vous propose des \u00e9quipements de camping-cars luxueux pour vous d\u00e9marquer et profiter pleinement de vos excursions \u00e0 travers le monde.","og_url":"https:\/\/www.fleurette-florium.fr\/nl\/onze-knowhow-uitrustingen\/","og_site_name":"Fleurette Florium","article_modified_time":"2019-01-14T14:57:09+00:00","twitter_misc":{"Geschatte leestijd":"1 minute"},"schema":{"@context":"https:\/\/schema.org","@graph":[{"@type":"WebPage","@id":"https:\/\/www.fleurette-florium.fr\/nl\/onze-knowhow-uitrustingen\/","url":"https:\/\/www.fleurette-florium.fr\/nl\/onze-knowhow-uitrustingen\/","name":"Equipements de camping-cars luxueux - Florium","isPartOf":{"@id":"https:\/\/www.fleurette-florium.fr\/#website"},"datePublished":"2015-08-20T23:37:08+00:00","dateModified":"2019-01-14T14:57:09+00:00","description":"La marque Florium vous propose des \u00e9quipements de camping-cars luxueux pour vous d\u00e9marquer et profiter pleinement de vos excursions \u00e0 travers le monde.","breadcrumb":{"@id":"https:\/\/www.fleurette-florium.fr\/nl\/onze-knowhow-uitrustingen\/#breadcrumb"},"inLanguage":"nl-NL","potentialAction":[{"@type":"ReadAction","target":["https:\/\/www.fleurette-florium.fr\/nl\/onze-knowhow-uitrustingen\/"]}]},{"@type":"BreadcrumbList","@id":"https:\/\/www.fleurette-florium.fr\/nl\/onze-knowhow-uitrustingen\/#breadcrumb","itemListElement":[{"@type":"ListItem","position":1,"name":"","item":"https:\/\/www.fleurette-florium.fr\/nl\/home-florium\/"},{"@type":"ListItem","position":2,"name":"Onze Knowhow &#8211; Uitrustingen"}]},{"@type":"WebSite","@id":"https:\/\/www.fleurette-florium.fr\/#website","url":"https:\/\/www.fleurette-florium.fr\/","name":"Fleurette Florium","description":"","publisher":{"@id":"https:\/\/www.fleurette-florium.fr\/#organization"},"potentialAction":[{"@type":"SearchAction","target":{"@type":"EntryPoint","urlTemplate":"https:\/\/www.fleurette-florium.fr\/?s={search_term_string}"},"query-input":{"@type":"PropertyValueSpecification","valueRequired":true,"valueName":"search_term_string"}}],"inLanguage":"nl-NL"},{"@type":"Organization","@id":"https:\/\/www.fleurette-florium.fr\/#organization","name":"Fleurette Florium","url":"https:\/\/www.fleurette-florium.fr\/","logo":{"@type":"ImageObject","inLanguage":"nl-NL","@id":"https:\/\/www.fleurette-florium.fr\/#\/schema\/logo\/image\/","url":"https:\/\/www.fleurette-florium.fr\/wp-content\/uploads\/2021\/07\/logo-fleurette-florium-scaled.png","contentUrl":"https:\/\/www.fleurette-florium.fr\/wp-content\/uploads\/2021\/07\/logo-fleurette-florium-scaled.png","width":2560,"height":830,"caption":"Fleurette Florium"},"image":{"@id":"https:\/\/www.fleurette-florium.fr\/#\/schema\/logo\/image\/"}}]}},"_links":{"self":[{"href":"https:\/\/www.fleurette-florium.fr\/nl\/wp-json\/wp\/v2\/pages\/2525","targetHints":{"allow":["GET"]}}],"collection":[{"href":"https:\/\/www.fleurette-florium.fr\/nl\/wp-json\/wp\/v2\/pages"}],"about":[{"href":"https:\/\/www.fleurette-florium.fr\/nl\/wp-json\/wp\/v2\/types\/page"}],"author":[{"embeddable":true,"href":"https:\/\/www.fleurette-florium.fr\/nl\/wp-json\/wp\/v2\/users\/4"}],"replies":[{"embeddable":true,"href":"https:\/\/www.fleurette-florium.fr\/nl\/wp-json\/wp\/v2\/comments?post=2525"}],"version-history":[{"count":6,"href":"https:\/\/www.fleurette-florium.fr\/nl\/wp-json\/wp\/v2\/pages\/2525\/revisions"}],"predecessor-version":[{"id":5608,"href":"https:\/\/www.fleurette-florium.fr\/nl\/wp-json\/wp\/v2\/pages\/2525\/revisions\/5608"}],"wp:attachment":[{"href":"https:\/\/www.fleurette-florium.fr\/nl\/wp-json\/wp\/v2\/media?parent=2525"}],"curies":[{"name":"wp","href":"https:\/\/api.w.org\/{rel}","templated":true}]}}