{"id":2522,"date":"2015-07-30T17:26:12","date_gmt":"2015-07-30T16:26:12","guid":{"rendered":"http:\/\/florium.fr\/nl\/les-gammes\/gamme-wincester\/"},"modified":"2025-08-28T14:57:01","modified_gmt":"2025-08-28T13:57:01","slug":"gamma-wincester-integrale-camper","status":"publish","type":"page","link":"https:\/\/www.fleurette-florium.fr\/nl\/gamma-wincester-integrale-camper\/","title":{"rendered":"Gamma Wincester &#8211; integrale camper"},"content":{"rendered":"<div class=\"wpb-content-wrapper\"><p>[vc_row][vc_column][rev_slider_vc alias=&nbsp;&raquo;gamme_wincester-1&Prime;][\/vc_column][\/vc_row][vc_row][vc_column width=&nbsp;&raquo;2\/3&Prime;][vc_column_text el_class=&nbsp;&raquo;contenu_lisible&nbsp;&raquo;]<span class='firstcharacter'>B<\/span>ewonder de volledig ivoorwitte coating van de carrosserie, laat u verbazen door het design interieur van het meubilair. We hebben de Wincester ontworpen als droomcamper\u2026 zodat u zowel overdag als &lsquo;s nachts kan genieten in deze cocon met een onuitgegeven stijl.<\/p>\n<p class=\"p1\">Stel u een gezellige ruimte voor die niet enkel trendy is, maar u ook alle noodzakelijke functionaliteit biedt\u2026 Open uw ogen en ontdek de droom die realiteit geworden is. Bewonder de gedistingeerde carrosserie met dynamische lijnen. Geniet van een geraffineerd en polyvalent interieur. De Wincester werd ontworpen om u te laten reizen in topklasse met supercomfortabele salons, een ergonomische keuken en slaapkamers waarbij en waarin u elke nacht kan wegdromen.<\/p>\n<p>[\/vc_column_text][\/vc_column][vc_column width=&nbsp;&raquo;1\/3&Prime;][vc_column_text css=&nbsp;&raquo;&nbsp;&raquo; el_class=&nbsp;&raquo;liste_check_rouge&nbsp;&raquo;]<\/p>\n<h3>WE WAARDEREN<\/h3>\n<ul>\n<li>Chasis AL-KO<\/li>\n<li>Carrocer\u00eda de color marfil<\/li>\n<li>Caja de cambios autom\u00e1tica, luces delanteras LED<\/li>\n<li>Doble suelo t\u00e9cnico para un aislamiento \u00f3ptimo y espacios de almacenamiento adicionales<\/li>\n<li>Amplio sal\u00f3n con regulador de intensidad luminosa<\/li>\n<li>Dormitorio con cama isla o camas gemelas, y cama de cabina<\/li>\n<li>Escal\u00f3n el\u00e9ctrico<\/li>\n<li>Ducha exterior situada en el garaje con desagu\u0308e el\u00e9ctrico de aguas residuales<\/li>\n<li>Calefacci\u00f3n Truma di\u00e9sel o gas (si el sistema de calefacci\u00f3n es Alde)<\/li>\n<li>Garaje XXL regulable el\u00e9ctricamente<\/li>\n<li>Estor de parabrisas Intimity<\/li>\n<li>Ambiente con acabado fresno ambiance, luminosidad caracter\u00edstica con retroiluminaci\u00f3n LED<\/li>\n<\/ul>\n<p>[\/vc_column_text][\/vc_column][\/vc_row][vc_row el_class=&nbsp;&raquo;fullwidth_element margin-top-30 margin-bottom-none&nbsp;&raquo; el_id=&nbsp;&raquo;autres_produits&nbsp;&raquo;][vc_column css=&nbsp;&raquo;.vc_custom_1438272808096{padding-top: 35px !important;padding-right: 100px !important;padding-bottom: 50px !important;padding-left: 100px !important;background-color: #efefee !important;}&nbsp;&raquo;][vc_row_inner][vc_column_inner][vc_column_text]<\/p>\n<h3>Ontdek de andere voertuigen van het gamma<\/h3>\n<p>[\/vc_column_text][\/vc_column_inner][\/vc_row_inner][vc_row_inner][vc_column_inner width=&nbsp;&raquo;1\/3&Prime;][vc_single_image image=&nbsp;&raquo;27645&Prime; img_size=&nbsp;&raquo;260&#215;260&Prime; alignment=&nbsp;&raquo;center&nbsp;&raquo; onclick=&nbsp;&raquo;custom_link&nbsp;&raquo; css=&nbsp;&raquo;&nbsp;&raquo; link=&nbsp;&raquo;https:\/\/www.fleurette-florium.fr\/nl\/listings\/wincester-71-lmf-millenium-edition-new\/&nbsp;&raquo;][\/vc_column_inner][vc_column_inner width=&nbsp;&raquo;1\/3&Prime;][vc_single_image image=&nbsp;&raquo;27650&Prime; img_size=&nbsp;&raquo;260&#215;260&Prime; alignment=&nbsp;&raquo;center&nbsp;&raquo; onclick=&nbsp;&raquo;custom_link&nbsp;&raquo; css=&nbsp;&raquo;&nbsp;&raquo; link=&nbsp;&raquo;https:\/\/www.fleurette-florium.fr\/nl\/listings\/wincester-74-ljg-millenium-edition\/&nbsp;&raquo;][\/vc_column_inner][vc_column_inner width=&nbsp;&raquo;1\/3&Prime;][vc_single_image image=&nbsp;&raquo;29038&Prime; img_size=&nbsp;&raquo;265&#215;263&Prime; alignment=&nbsp;&raquo;center&nbsp;&raquo; onclick=&nbsp;&raquo;custom_link&nbsp;&raquo; css=&nbsp;&raquo;&nbsp;&raquo; link=&nbsp;&raquo;https:\/\/www.fleurette-florium.fr\/nl\/listings\/wincester-75-lmf-millenium-edition\/&nbsp;&raquo;][\/vc_column_inner][\/vc_row_inner][\/vc_column][\/vc_row]<\/p>\n<\/div>","protected":false},"excerpt":{"rendered":"<p>[vc_row][vc_column][rev_slider_vc alias=&nbsp;&raquo;gamme_wincester-1&Prime;][\/vc_column][\/vc_row][vc_row][vc_column width=&nbsp;&raquo;2\/3&Prime;][vc_column_text el_class=&nbsp;&raquo;contenu_lisible&nbsp;&raquo;]ewonder de volledig ivoorwitte coating van de carrosserie, laat u verbazen door het design interieur van het meubilair. We hebben de Wincester ontworpen als droomcamper\u2026 zodat u zowel overdag als &lsquo;s nachts kan genieten in deze cocon met een onuitgegeven stijl. Stel u een gezellige ruimte voor die niet enkel trendy is, [&hellip;]<\/p>\n","protected":false},"author":67182,"featured_media":0,"parent":0,"menu_order":0,"comment_status":"closed","ping_status":"closed","template":"","meta":{"_acf_changed":false,"footnotes":""},"class_list":["post-2522","page","type-page","status-publish","hentry"],"acf":[],"yoast_head":"<!-- This site is optimized with the Yoast SEO plugin v27.5 - https:\/\/yoast.com\/product\/yoast-seo-wordpress\/ -->\n<title>Camping cars int\u00e9graux - gamme WINCESTER - Florium<\/title>\n<meta name=\"description\" content=\"D\u00e9couvrez notre gamme WINCESTER de camping cars int\u00e9graux moderne, pour voyager en toute saison !\" \/>\n<meta name=\"robots\" content=\"index, follow, max-snippet:-1, max-image-preview:large, max-video-preview:-1\" \/>\n<link rel=\"canonical\" href=\"https:\/\/www.fleurette-florium.fr\/nl\/gamma-wincester-integrale-camper\/\" \/>\n<meta property=\"og:locale\" content=\"nl_NL\" \/>\n<meta property=\"og:type\" content=\"article\" \/>\n<meta property=\"og:title\" content=\"Camping cars int\u00e9graux - gamme WINCESTER - Florium\" \/>\n<meta property=\"og:description\" content=\"D\u00e9couvrez notre gamme WINCESTER de camping cars int\u00e9graux moderne, pour voyager en toute saison !\" \/>\n<meta property=\"og:url\" content=\"https:\/\/www.fleurette-florium.fr\/nl\/gamma-wincester-integrale-camper\/\" \/>\n<meta property=\"og:site_name\" content=\"Fleurette Florium\" \/>\n<meta property=\"article:modified_time\" content=\"2025-08-28T13:57:01+00:00\" \/>\n<meta name=\"twitter:label1\" content=\"Geschatte leestijd\" \/>\n\t<meta name=\"twitter:data1\" content=\"2 minutes\" \/>\n<script type=\"application\/ld+json\" class=\"yoast-schema-graph\">{\"@context\":\"https:\\\/\\\/schema.org\",\"@graph\":[{\"@type\":\"WebPage\",\"@id\":\"https:\\\/\\\/www.fleurette-florium.fr\\\/nl\\\/gamma-wincester-integrale-camper\\\/\",\"url\":\"https:\\\/\\\/www.fleurette-florium.fr\\\/nl\\\/gamma-wincester-integrale-camper\\\/\",\"name\":\"Camping cars int\u00e9graux - gamme WINCESTER - Florium\",\"isPartOf\":{\"@id\":\"https:\\\/\\\/www.fleurette-florium.fr\\\/#website\"},\"datePublished\":\"2015-07-30T16:26:12+00:00\",\"dateModified\":\"2025-08-28T13:57:01+00:00\",\"description\":\"D\u00e9couvrez notre gamme WINCESTER de camping cars int\u00e9graux moderne, pour voyager en toute saison !\",\"breadcrumb\":{\"@id\":\"https:\\\/\\\/www.fleurette-florium.fr\\\/nl\\\/gamma-wincester-integrale-camper\\\/#breadcrumb\"},\"inLanguage\":\"nl-NL\",\"potentialAction\":[{\"@type\":\"ReadAction\",\"target\":[\"https:\\\/\\\/www.fleurette-florium.fr\\\/nl\\\/gamma-wincester-integrale-camper\\\/\"]}]},{\"@type\":\"BreadcrumbList\",\"@id\":\"https:\\\/\\\/www.fleurette-florium.fr\\\/nl\\\/gamma-wincester-integrale-camper\\\/#breadcrumb\",\"itemListElement\":[{\"@type\":\"ListItem\",\"position\":1,\"name\":\"\",\"item\":\"https:\\\/\\\/www.fleurette-florium.fr\\\/nl\\\/home-florium\\\/\"},{\"@type\":\"ListItem\",\"position\":2,\"name\":\"Gamma Wincester &#8211; integrale camper\"}]},{\"@type\":\"WebSite\",\"@id\":\"https:\\\/\\\/www.fleurette-florium.fr\\\/#website\",\"url\":\"https:\\\/\\\/www.fleurette-florium.fr\\\/\",\"name\":\"Fleurette Florium\",\"description\":\"\",\"publisher\":{\"@id\":\"https:\\\/\\\/www.fleurette-florium.fr\\\/#organization\"},\"potentialAction\":[{\"@type\":\"SearchAction\",\"target\":{\"@type\":\"EntryPoint\",\"urlTemplate\":\"https:\\\/\\\/www.fleurette-florium.fr\\\/?s={search_term_string}\"},\"query-input\":{\"@type\":\"PropertyValueSpecification\",\"valueRequired\":true,\"valueName\":\"search_term_string\"}}],\"inLanguage\":\"nl-NL\"},{\"@type\":\"Organization\",\"@id\":\"https:\\\/\\\/www.fleurette-florium.fr\\\/#organization\",\"name\":\"Fleurette Florium\",\"url\":\"https:\\\/\\\/www.fleurette-florium.fr\\\/\",\"logo\":{\"@type\":\"ImageObject\",\"inLanguage\":\"nl-NL\",\"@id\":\"https:\\\/\\\/www.fleurette-florium.fr\\\/#\\\/schema\\\/logo\\\/image\\\/\",\"url\":\"https:\\\/\\\/www.fleurette-florium.fr\\\/wp-content\\\/uploads\\\/2021\\\/07\\\/logo-fleurette-florium-scaled.png\",\"contentUrl\":\"https:\\\/\\\/www.fleurette-florium.fr\\\/wp-content\\\/uploads\\\/2021\\\/07\\\/logo-fleurette-florium-scaled.png\",\"width\":2560,\"height\":830,\"caption\":\"Fleurette Florium\"},\"image\":{\"@id\":\"https:\\\/\\\/www.fleurette-florium.fr\\\/#\\\/schema\\\/logo\\\/image\\\/\"}}]}<\/script>\n<!-- \/ Yoast SEO plugin. -->","yoast_head_json":{"title":"Camping cars int\u00e9graux - gamme WINCESTER - Florium","description":"D\u00e9couvrez notre gamme WINCESTER de camping cars int\u00e9graux moderne, pour voyager en toute saison !","robots":{"index":"index","follow":"follow","max-snippet":"max-snippet:-1","max-image-preview":"max-image-preview:large","max-video-preview":"max-video-preview:-1"},"canonical":"https:\/\/www.fleurette-florium.fr\/nl\/gamma-wincester-integrale-camper\/","og_locale":"nl_NL","og_type":"article","og_title":"Camping cars int\u00e9graux - gamme WINCESTER - Florium","og_description":"D\u00e9couvrez notre gamme WINCESTER de camping cars int\u00e9graux moderne, pour voyager en toute saison !","og_url":"https:\/\/www.fleurette-florium.fr\/nl\/gamma-wincester-integrale-camper\/","og_site_name":"Fleurette Florium","article_modified_time":"2025-08-28T13:57:01+00:00","twitter_misc":{"Geschatte leestijd":"2 minutes"},"schema":{"@context":"https:\/\/schema.org","@graph":[{"@type":"WebPage","@id":"https:\/\/www.fleurette-florium.fr\/nl\/gamma-wincester-integrale-camper\/","url":"https:\/\/www.fleurette-florium.fr\/nl\/gamma-wincester-integrale-camper\/","name":"Camping cars int\u00e9graux - gamme WINCESTER - Florium","isPartOf":{"@id":"https:\/\/www.fleurette-florium.fr\/#website"},"datePublished":"2015-07-30T16:26:12+00:00","dateModified":"2025-08-28T13:57:01+00:00","description":"D\u00e9couvrez notre gamme WINCESTER de camping cars int\u00e9graux moderne, pour voyager en toute saison !","breadcrumb":{"@id":"https:\/\/www.fleurette-florium.fr\/nl\/gamma-wincester-integrale-camper\/#breadcrumb"},"inLanguage":"nl-NL","potentialAction":[{"@type":"ReadAction","target":["https:\/\/www.fleurette-florium.fr\/nl\/gamma-wincester-integrale-camper\/"]}]},{"@type":"BreadcrumbList","@id":"https:\/\/www.fleurette-florium.fr\/nl\/gamma-wincester-integrale-camper\/#breadcrumb","itemListElement":[{"@type":"ListItem","position":1,"name":"","item":"https:\/\/www.fleurette-florium.fr\/nl\/home-florium\/"},{"@type":"ListItem","position":2,"name":"Gamma Wincester &#8211; integrale camper"}]},{"@type":"WebSite","@id":"https:\/\/www.fleurette-florium.fr\/#website","url":"https:\/\/www.fleurette-florium.fr\/","name":"Fleurette Florium","description":"","publisher":{"@id":"https:\/\/www.fleurette-florium.fr\/#organization"},"potentialAction":[{"@type":"SearchAction","target":{"@type":"EntryPoint","urlTemplate":"https:\/\/www.fleurette-florium.fr\/?s={search_term_string}"},"query-input":{"@type":"PropertyValueSpecification","valueRequired":true,"valueName":"search_term_string"}}],"inLanguage":"nl-NL"},{"@type":"Organization","@id":"https:\/\/www.fleurette-florium.fr\/#organization","name":"Fleurette Florium","url":"https:\/\/www.fleurette-florium.fr\/","logo":{"@type":"ImageObject","inLanguage":"nl-NL","@id":"https:\/\/www.fleurette-florium.fr\/#\/schema\/logo\/image\/","url":"https:\/\/www.fleurette-florium.fr\/wp-content\/uploads\/2021\/07\/logo-fleurette-florium-scaled.png","contentUrl":"https:\/\/www.fleurette-florium.fr\/wp-content\/uploads\/2021\/07\/logo-fleurette-florium-scaled.png","width":2560,"height":830,"caption":"Fleurette Florium"},"image":{"@id":"https:\/\/www.fleurette-florium.fr\/#\/schema\/logo\/image\/"}}]}},"_links":{"self":[{"href":"https:\/\/www.fleurette-florium.fr\/nl\/wp-json\/wp\/v2\/pages\/2522","targetHints":{"allow":["GET"]}}],"collection":[{"href":"https:\/\/www.fleurette-florium.fr\/nl\/wp-json\/wp\/v2\/pages"}],"about":[{"href":"https:\/\/www.fleurette-florium.fr\/nl\/wp-json\/wp\/v2\/types\/page"}],"author":[{"embeddable":true,"href":"https:\/\/www.fleurette-florium.fr\/nl\/wp-json\/wp\/v2\/users\/67182"}],"replies":[{"embeddable":true,"href":"https:\/\/www.fleurette-florium.fr\/nl\/wp-json\/wp\/v2\/comments?post=2522"}],"version-history":[{"count":30,"href":"https:\/\/www.fleurette-florium.fr\/nl\/wp-json\/wp\/v2\/pages\/2522\/revisions"}],"predecessor-version":[{"id":31856,"href":"https:\/\/www.fleurette-florium.fr\/nl\/wp-json\/wp\/v2\/pages\/2522\/revisions\/31856"}],"wp:attachment":[{"href":"https:\/\/www.fleurette-florium.fr\/nl\/wp-json\/wp\/v2\/media?parent=2522"}],"curies":[{"name":"wp","href":"https:\/\/api.w.org\/{rel}","templated":true}]}}