{"id":1708,"date":"2014-09-11T13:08:06","date_gmt":"2014-09-11T17:08:06","guid":{"rendered":"http:\/\/fleurettam.cluster011.ovh.net\/nl\/contact\/"},"modified":"2025-09-24T11:12:27","modified_gmt":"2025-09-24T10:12:27","slug":"contact","status":"publish","type":"page","link":"https:\/\/www.fleurette-florium.fr\/nl\/contact\/","title":{"rendered":"Contact"},"content":{"rendered":"<div class=\"wpb-content-wrapper\"><p>[vc_row el_class=&nbsp;&raquo;margin-bottom-none margin-top-30&Prime;][vc_column width=&nbsp;&raquo;1\/2&Prime;][vc_column_text css=&nbsp;&raquo;&nbsp;&raquo;]<\/p>\n<h3>CONTACTFORMULIER<\/h3>\n<p>Neem contact op met FLEURETTE CONSTRUCTEUR voor meer informatie over nieuwe ontwikkelingen en onze producten, om een proefrit te maken in een van onze Fleurette Florium campers of om ons productieproces te ontdekken tijdens een bezoekje aan de werkplaatsen van onze fabriek.[\/vc_column_text]\n<div class=\"wpcf7 no-js\" id=\"wpcf7-f26507-o1\" lang=\"nl-NL\" dir=\"ltr\" data-wpcf7-id=\"26507\">\n<div class=\"screen-reader-response\"><p role=\"status\" aria-live=\"polite\" aria-atomic=\"true\"><\/p> <ul><\/ul><\/div>\n<form action=\"\/nl\/wp-json\/wp\/v2\/pages\/1708#wpcf7-f26507-o1\" method=\"post\" class=\"wpcf7-form init\" aria-label=\"Contactformulier\" novalidate=\"novalidate\" data-status=\"init\">\n<fieldset class=\"hidden-fields-container\"><input type=\"hidden\" name=\"_wpcf7\" value=\"26507\" \/><input type=\"hidden\" name=\"_wpcf7_version\" value=\"6.1.5\" \/><input type=\"hidden\" name=\"_wpcf7_locale\" value=\"nl_NL\" \/><input type=\"hidden\" name=\"_wpcf7_unit_tag\" value=\"wpcf7-f26507-o1\" \/><input type=\"hidden\" name=\"_wpcf7_container_post\" value=\"0\" \/><input type=\"hidden\" name=\"_wpcf7_posted_data_hash\" value=\"\" \/><input type=\"hidden\" name=\"_wpcf7_recaptcha_response\" value=\"\" \/>\n<\/fieldset>\n<p><br \/>\nU neemt contact met ons op\n<\/p>\n<p><span class=\"wpcf7-form-control-wrap\" data-name=\"motif\"><select class=\"wpcf7-form-control wpcf7-select\" aria-invalid=\"false\" name=\"motif\"><option value=\"Om een distributeur met u contact te laten opnemen (dienst na verkoop, accessoires, offerte...)\">Om een distributeur met u contact te laten opnemen (dienst na verkoop, accessoires, offerte...)<\/option><option value=\"Voor informatie \/ producten\">Voor informatie \/ producten<\/option><option value=\"Om de catalogus te ontvangen\">Om de catalogus te ontvangen<\/option><option value=\"Ander onderwerp\">Ander onderwerp<\/option><\/select><\/span>\n<\/p>\n<p><br \/>\nAchternaam-voornaam (verplicht)\n<\/p>\n<p><span class=\"wpcf7-form-control-wrap\" data-name=\"your-name\"><input size=\"40\" maxlength=\"400\" class=\"wpcf7-form-control wpcf7-text wpcf7-validates-as-required\" aria-required=\"true\" aria-invalid=\"false\" value=\"\" type=\"text\" name=\"your-name\" \/><\/span>\n<\/p>\n<p><br \/>\nE-mailadres (verplicht)\n<\/p>\n<p><span class=\"wpcf7-form-control-wrap\" data-name=\"your-email\"><input size=\"40\" maxlength=\"400\" class=\"wpcf7-form-control wpcf7-email wpcf7-validates-as-required wpcf7-text wpcf7-validates-as-email\" aria-required=\"true\" aria-invalid=\"false\" value=\"\" type=\"email\" name=\"your-email\" \/><\/span>\n<\/p>\n<p><br \/>\nTelefoonnummer (verplicht)\n<\/p>\n<p><span class=\"wpcf7-form-control-wrap\" data-name=\"your-phone\"><input size=\"40\" maxlength=\"400\" class=\"wpcf7-form-control wpcf7-tel wpcf7-validates-as-required wpcf7-text wpcf7-validates-as-tel\" aria-required=\"true\" aria-invalid=\"false\" value=\"\" type=\"tel\" name=\"your-phone\" \/><\/span>\n<\/p>\n<p><br \/>\nPostcode (verplicht)\n<\/p>\n<p><span class=\"wpcf7-form-control-wrap\" data-name=\"your-codepostal\"><input size=\"40\" maxlength=\"400\" class=\"wpcf7-form-control wpcf7-text wpcf7-validates-as-required\" aria-required=\"true\" aria-invalid=\"false\" value=\"\" type=\"text\" name=\"your-codepostal\" \/><\/span>\n<\/p>\n<p><br \/>\nBericht\n<\/p>\n<p><span class=\"wpcf7-form-control-wrap\" data-name=\"your-message\"><textarea cols=\"40\" rows=\"10\" maxlength=\"2000\" class=\"wpcf7-form-control wpcf7-textarea\" aria-invalid=\"false\" name=\"your-message\"><\/textarea><\/span>\n<\/p>\n<hr \/>\n<p><span class=\"wpcf7-form-control-wrap\" data-name=\"transmissionCoordonnes\"><span class=\"wpcf7-form-control wpcf7-checkbox\"><span class=\"wpcf7-list-item first last\"><label><input type=\"checkbox\" name=\"transmissionCoordonnes[]\" value=\"Ik geef u toestemming mijn contactgegevens door te geven aan de dichtstbijzijnde dealer.\" \/><span class=\"wpcf7-list-item-label\">Ik geef u toestemming mijn contactgegevens door te geven aan de dichtstbijzijnde dealer.<\/span><\/label><\/span><\/span><\/span>\n<\/p>\n<p><span class=\"wpcf7-form-control-wrap\" data-name=\"newsletter\"><span class=\"wpcf7-form-control wpcf7-checkbox\"><span class=\"wpcf7-list-item first last\"><label><input type=\"checkbox\" name=\"newsletter[]\" value=\"Ik wil graag de nieuwsbrief Fleurette-Florium ontvangen en regelmatig per e-mail informatie ontvangen over nieuwtjes en actualiteiten. Ik kan deze toestemming te allen tijd intrekken door een mail te sturen naar contact@fleurette.fr\" \/><span class=\"wpcf7-list-item-label\">Ik wil graag de nieuwsbrief Fleurette-Florium ontvangen en regelmatig per e-mail informatie ontvangen over nieuwtjes en actualiteiten. Ik kan deze toestemming te allen tijd intrekken door een mail te sturen naar contact@fleurette.fr<\/span><\/label><\/span><\/span><\/span>\n<\/p>\n<div class=\"col-xs-12 col-md-5 envoyer\">\n\t<p><input class=\"wpcf7-form-control wpcf7-submit has-spinner\" type=\"submit\" value=\"Bericht verzenden\" \/>\n\t<\/p>\n<\/div><div class=\"wpcf7-response-output\" aria-hidden=\"true\"><\/div>\n<\/form>\n<\/div>\n[\/vc_column][vc_column width=&nbsp;&raquo;1\/2&Prime;][vc_single_image image=&nbsp;&raquo;31208&Prime; img_size=&nbsp;&raquo;full&nbsp;&raquo; alignment=&nbsp;&raquo;center&nbsp;&raquo; onclick=&nbsp;&raquo;custom_link&nbsp;&raquo; img_link_target=&nbsp;&raquo;_blank&nbsp;&raquo; css=&nbsp;&raquo;&nbsp;&raquo; link=&nbsp;&raquo;https:\/\/www.fleurette-florium.fr\/wp-content\/uploads\/2025\/08\/Catalogue_Fleurette_NL_297x210_2026-13_BD.pdf &laquo;&nbsp;][\/vc_column][\/vc_row]<\/p>\n<\/div>","protected":false},"excerpt":{"rendered":"<p>[vc_row el_class=&nbsp;&raquo;margin-bottom-none margin-top-30&Prime;][vc_column width=&nbsp;&raquo;1\/2&Prime;][vc_column_text css=&nbsp;&raquo;&nbsp;&raquo;] CONTACTFORMULIER Neem contact op met FLEURETTE CONSTRUCTEUR voor meer informatie over nieuwe ontwikkelingen en onze producten, om een proefrit te maken in een van onze Fleurette Florium campers of om ons productieproces te ontdekken tijdens een bezoekje aan de werkplaatsen van onze fabriek.[\/vc_column_text][\/vc_column][vc_column width=&nbsp;&raquo;1\/2&Prime;][vc_single_image image=&nbsp;&raquo;31208&Prime; img_size=&nbsp;&raquo;full&nbsp;&raquo; alignment=&nbsp;&raquo;center&nbsp;&raquo; onclick=&nbsp;&raquo;custom_link&nbsp;&raquo; img_link_target=&nbsp;&raquo;_blank&nbsp;&raquo; css=&nbsp;&raquo;&nbsp;&raquo; [&hellip;]<\/p>\n","protected":false},"author":67182,"featured_media":0,"parent":0,"menu_order":0,"comment_status":"closed","ping_status":"closed","template":"","meta":{"_acf_changed":false,"footnotes":""},"class_list":["post-1708","page","type-page","status-publish","hentry"],"acf":[],"yoast_head":"<!-- This site is optimized with the Yoast SEO plugin v27.5 - https:\/\/yoast.com\/product\/yoast-seo-wordpress\/ -->\n<title>Essai camping cars - Contactez-nous - Florium<\/title>\n<meta name=\"description\" content=\"Et si vous faisiez un un essai camping-cars Florium ? N&#039;h\u00e9sitez pas \u00e0 nous contacter ou directement l&#039;un de nos concessionnaires Florium. A tr\u00e8s bient\u00f4t.\" \/>\n<meta name=\"robots\" content=\"index, follow, max-snippet:-1, max-image-preview:large, max-video-preview:-1\" \/>\n<link rel=\"canonical\" href=\"https:\/\/www.fleurette-florium.fr\/nl\/contact\/\" \/>\n<meta property=\"og:locale\" content=\"nl_NL\" \/>\n<meta property=\"og:type\" content=\"article\" \/>\n<meta property=\"og:title\" content=\"Essai camping cars - Contactez-nous - Florium\" \/>\n<meta property=\"og:description\" content=\"Et si vous faisiez un un essai camping-cars Florium ? N&#039;h\u00e9sitez pas \u00e0 nous contacter ou directement l&#039;un de nos concessionnaires Florium. A tr\u00e8s bient\u00f4t.\" \/>\n<meta property=\"og:url\" content=\"https:\/\/www.fleurette-florium.fr\/nl\/contact\/\" \/>\n<meta property=\"og:site_name\" content=\"Fleurette Florium\" \/>\n<meta property=\"article:modified_time\" content=\"2025-09-24T10:12:27+00:00\" \/>\n<meta name=\"twitter:label1\" content=\"Geschatte leestijd\" \/>\n\t<meta name=\"twitter:data1\" content=\"1 minute\" \/>\n<script type=\"application\/ld+json\" class=\"yoast-schema-graph\">{\"@context\":\"https:\\\/\\\/schema.org\",\"@graph\":[{\"@type\":\"WebPage\",\"@id\":\"https:\\\/\\\/www.fleurette-florium.fr\\\/nl\\\/contact\\\/\",\"url\":\"https:\\\/\\\/www.fleurette-florium.fr\\\/nl\\\/contact\\\/\",\"name\":\"Essai camping cars - Contactez-nous - Florium\",\"isPartOf\":{\"@id\":\"https:\\\/\\\/www.fleurette-florium.fr\\\/#website\"},\"datePublished\":\"2014-09-11T17:08:06+00:00\",\"dateModified\":\"2025-09-24T10:12:27+00:00\",\"description\":\"Et si vous faisiez un un essai camping-cars Florium ? N'h\u00e9sitez pas \u00e0 nous contacter ou directement l'un de nos concessionnaires Florium. A tr\u00e8s bient\u00f4t.\",\"breadcrumb\":{\"@id\":\"https:\\\/\\\/www.fleurette-florium.fr\\\/nl\\\/contact\\\/#breadcrumb\"},\"inLanguage\":\"nl-NL\",\"potentialAction\":[{\"@type\":\"ReadAction\",\"target\":[\"https:\\\/\\\/www.fleurette-florium.fr\\\/nl\\\/contact\\\/\"]}]},{\"@type\":\"BreadcrumbList\",\"@id\":\"https:\\\/\\\/www.fleurette-florium.fr\\\/nl\\\/contact\\\/#breadcrumb\",\"itemListElement\":[{\"@type\":\"ListItem\",\"position\":1,\"name\":\"\",\"item\":\"https:\\\/\\\/www.fleurette-florium.fr\\\/nl\\\/home-florium\\\/\"},{\"@type\":\"ListItem\",\"position\":2,\"name\":\"Contact\"}]},{\"@type\":\"WebSite\",\"@id\":\"https:\\\/\\\/www.fleurette-florium.fr\\\/#website\",\"url\":\"https:\\\/\\\/www.fleurette-florium.fr\\\/\",\"name\":\"Fleurette Florium\",\"description\":\"\",\"publisher\":{\"@id\":\"https:\\\/\\\/www.fleurette-florium.fr\\\/#organization\"},\"potentialAction\":[{\"@type\":\"SearchAction\",\"target\":{\"@type\":\"EntryPoint\",\"urlTemplate\":\"https:\\\/\\\/www.fleurette-florium.fr\\\/?s={search_term_string}\"},\"query-input\":{\"@type\":\"PropertyValueSpecification\",\"valueRequired\":true,\"valueName\":\"search_term_string\"}}],\"inLanguage\":\"nl-NL\"},{\"@type\":\"Organization\",\"@id\":\"https:\\\/\\\/www.fleurette-florium.fr\\\/#organization\",\"name\":\"Fleurette Florium\",\"url\":\"https:\\\/\\\/www.fleurette-florium.fr\\\/\",\"logo\":{\"@type\":\"ImageObject\",\"inLanguage\":\"nl-NL\",\"@id\":\"https:\\\/\\\/www.fleurette-florium.fr\\\/#\\\/schema\\\/logo\\\/image\\\/\",\"url\":\"https:\\\/\\\/www.fleurette-florium.fr\\\/wp-content\\\/uploads\\\/2021\\\/07\\\/logo-fleurette-florium-scaled.png\",\"contentUrl\":\"https:\\\/\\\/www.fleurette-florium.fr\\\/wp-content\\\/uploads\\\/2021\\\/07\\\/logo-fleurette-florium-scaled.png\",\"width\":2560,\"height\":830,\"caption\":\"Fleurette Florium\"},\"image\":{\"@id\":\"https:\\\/\\\/www.fleurette-florium.fr\\\/#\\\/schema\\\/logo\\\/image\\\/\"}}]}<\/script>\n<!-- \/ Yoast SEO plugin. -->","yoast_head_json":{"title":"Essai camping cars - Contactez-nous - Florium","description":"Et si vous faisiez un un essai camping-cars Florium ? N'h\u00e9sitez pas \u00e0 nous contacter ou directement l'un de nos concessionnaires Florium. A tr\u00e8s bient\u00f4t.","robots":{"index":"index","follow":"follow","max-snippet":"max-snippet:-1","max-image-preview":"max-image-preview:large","max-video-preview":"max-video-preview:-1"},"canonical":"https:\/\/www.fleurette-florium.fr\/nl\/contact\/","og_locale":"nl_NL","og_type":"article","og_title":"Essai camping cars - Contactez-nous - Florium","og_description":"Et si vous faisiez un un essai camping-cars Florium ? N'h\u00e9sitez pas \u00e0 nous contacter ou directement l'un de nos concessionnaires Florium. A tr\u00e8s bient\u00f4t.","og_url":"https:\/\/www.fleurette-florium.fr\/nl\/contact\/","og_site_name":"Fleurette Florium","article_modified_time":"2025-09-24T10:12:27+00:00","twitter_misc":{"Geschatte leestijd":"1 minute"},"schema":{"@context":"https:\/\/schema.org","@graph":[{"@type":"WebPage","@id":"https:\/\/www.fleurette-florium.fr\/nl\/contact\/","url":"https:\/\/www.fleurette-florium.fr\/nl\/contact\/","name":"Essai camping cars - Contactez-nous - Florium","isPartOf":{"@id":"https:\/\/www.fleurette-florium.fr\/#website"},"datePublished":"2014-09-11T17:08:06+00:00","dateModified":"2025-09-24T10:12:27+00:00","description":"Et si vous faisiez un un essai camping-cars Florium ? N'h\u00e9sitez pas \u00e0 nous contacter ou directement l'un de nos concessionnaires Florium. A tr\u00e8s bient\u00f4t.","breadcrumb":{"@id":"https:\/\/www.fleurette-florium.fr\/nl\/contact\/#breadcrumb"},"inLanguage":"nl-NL","potentialAction":[{"@type":"ReadAction","target":["https:\/\/www.fleurette-florium.fr\/nl\/contact\/"]}]},{"@type":"BreadcrumbList","@id":"https:\/\/www.fleurette-florium.fr\/nl\/contact\/#breadcrumb","itemListElement":[{"@type":"ListItem","position":1,"name":"","item":"https:\/\/www.fleurette-florium.fr\/nl\/home-florium\/"},{"@type":"ListItem","position":2,"name":"Contact"}]},{"@type":"WebSite","@id":"https:\/\/www.fleurette-florium.fr\/#website","url":"https:\/\/www.fleurette-florium.fr\/","name":"Fleurette Florium","description":"","publisher":{"@id":"https:\/\/www.fleurette-florium.fr\/#organization"},"potentialAction":[{"@type":"SearchAction","target":{"@type":"EntryPoint","urlTemplate":"https:\/\/www.fleurette-florium.fr\/?s={search_term_string}"},"query-input":{"@type":"PropertyValueSpecification","valueRequired":true,"valueName":"search_term_string"}}],"inLanguage":"nl-NL"},{"@type":"Organization","@id":"https:\/\/www.fleurette-florium.fr\/#organization","name":"Fleurette Florium","url":"https:\/\/www.fleurette-florium.fr\/","logo":{"@type":"ImageObject","inLanguage":"nl-NL","@id":"https:\/\/www.fleurette-florium.fr\/#\/schema\/logo\/image\/","url":"https:\/\/www.fleurette-florium.fr\/wp-content\/uploads\/2021\/07\/logo-fleurette-florium-scaled.png","contentUrl":"https:\/\/www.fleurette-florium.fr\/wp-content\/uploads\/2021\/07\/logo-fleurette-florium-scaled.png","width":2560,"height":830,"caption":"Fleurette Florium"},"image":{"@id":"https:\/\/www.fleurette-florium.fr\/#\/schema\/logo\/image\/"}}]}},"_links":{"self":[{"href":"https:\/\/www.fleurette-florium.fr\/nl\/wp-json\/wp\/v2\/pages\/1708","targetHints":{"allow":["GET"]}}],"collection":[{"href":"https:\/\/www.fleurette-florium.fr\/nl\/wp-json\/wp\/v2\/pages"}],"about":[{"href":"https:\/\/www.fleurette-florium.fr\/nl\/wp-json\/wp\/v2\/types\/page"}],"author":[{"embeddable":true,"href":"https:\/\/www.fleurette-florium.fr\/nl\/wp-json\/wp\/v2\/users\/67182"}],"replies":[{"embeddable":true,"href":"https:\/\/www.fleurette-florium.fr\/nl\/wp-json\/wp\/v2\/comments?post=1708"}],"version-history":[{"count":12,"href":"https:\/\/www.fleurette-florium.fr\/nl\/wp-json\/wp\/v2\/pages\/1708\/revisions"}],"predecessor-version":[{"id":32732,"href":"https:\/\/www.fleurette-florium.fr\/nl\/wp-json\/wp\/v2\/pages\/1708\/revisions\/32732"}],"wp:attachment":[{"href":"https:\/\/www.fleurette-florium.fr\/nl\/wp-json\/wp\/v2\/media?parent=1708"}],"curies":[{"name":"wp","href":"https:\/\/api.w.org\/{rel}","templated":true}]}}