{"id":15082,"date":"2015-07-30T00:00:00","date_gmt":"2015-07-29T23:00:00","guid":{"rendered":"https:\/\/fleurette-florium.s1te.fr\/gamme-discover-camping-car-integral\/"},"modified":"2025-08-28T14:29:11","modified_gmt":"2025-08-28T13:29:11","slug":"gamma-discover-integraalcamper","status":"publish","type":"page","link":"https:\/\/www.fleurette-florium.fr\/nl\/gamma-discover-integraalcamper\/","title":{"rendered":"Gamma Discover &#8211; Integraalcamper"},"content":{"rendered":"<div class=\"wpb-content-wrapper\"><p>[vc_row][vc_column][rev_slider_vc alias=&nbsp;&raquo;gamme_discover-1&Prime;][\/vc_column][\/vc_row][vc_row][vc_column width=&nbsp;&raquo;2\/3&Prime;][vc_column_text el_class=&nbsp;&raquo;contenu_lisible&nbsp;&raquo;]<span class=\"firstcharacter\">H<\/span>et dynamisme en de kracht komen tot uiting in de lijnen van de carrosserie in 100% polyester van de Fleurette Discover.<\/p>\n<p class=\"p1\">Franse elegantie troef in de Fleurette Discover. Standaard uitgerust met meubilair bestaande uit gelakte deuren en massief hout, is deze verkrijgbaar in 3 inrichtingen die tegemoetkomen aan de wensen van de meest veeleisenden. De Discover is rijkelijk uitgerust en krijgt standaard alle comfortvoorzieningen die van uw reizen en uitstapjes onvergetelijke momenten zullen maken.<\/p>\n<p>[\/vc_column_text][\/vc_column][vc_column width=&nbsp;&raquo;1\/3&Prime;][vc_column_text css=&nbsp;&raquo;&nbsp;&raquo; el_class=&nbsp;&raquo;liste_check_rouge&nbsp;&raquo;]<\/p>\n<h3>WE WAARDEREN<\/h3>\n<ul>\n<li>Chassis AL-KO met dubbele technische bodem voor optimale isolatie en extra bergruimtes<\/li>\n<li>Automatische versnellingsbak, led-lichten voor<\/li>\n<li>Extra grote keuken en woonruimte met dimmer<\/li>\n<li>Slaapruimte met centraal bed of litsjumeaux, en cabinebed<\/li>\n<li>Meerdere opbergruimtes en kasten<\/li>\n<li>Elektrische trede<\/li>\n<li>Buitendouche in de bergruimte en elektrische afvoer van afvalwater<\/li>\n<li>Bagageruimte van 2.300 tot 3.100 l<\/li>\n<li>Voorruitscherm Intimity<\/li>\n<li>Sfeerdesign afgewerkt in notenhout, lichte signatuur met indirecte led-verlichting<\/li>\n<\/ul>\n<p>[\/vc_column_text][\/vc_column][\/vc_row][vc_row el_class=&nbsp;&raquo;fullwidth_element margin-top-30 margin-bottom-none&nbsp;&raquo; el_id=&nbsp;&raquo;autres_produits&nbsp;&raquo;][vc_column css=&nbsp;&raquo;.vc_custom_1438272808096{padding-top: 35px !important;padding-right: 100px !important;padding-bottom: 50px !important;padding-left: 100px !important;background-color: #efefee !important;}&nbsp;&raquo;][vc_row_inner][vc_column_inner][vc_column_text]<\/p>\n<h3 class=\"p1\">Ontdek de andere voertuigen van het gamma Discover<\/h3>\n<p>[\/vc_column_text][\/vc_column_inner][\/vc_row_inner][vc_row_inner][vc_column_inner width=&nbsp;&raquo;1\/3&Prime;][vc_single_image image=&nbsp;&raquo;27613&Prime; img_size=&nbsp;&raquo;260&#215;260&Prime; alignment=&nbsp;&raquo;center&nbsp;&raquo; onclick=&nbsp;&raquo;custom_link&nbsp;&raquo; css=&nbsp;&raquo;&nbsp;&raquo; link=&nbsp;&raquo;https:\/\/www.fleurette-florium.fr\/nl\/listings\/discover-71-lmf-cristal\/&nbsp;&raquo;][\/vc_column_inner][vc_column_inner width=&nbsp;&raquo;1\/3&Prime;][vc_single_image image=&nbsp;&raquo;27618&Prime; img_size=&nbsp;&raquo;260&#215;260&Prime; alignment=&nbsp;&raquo;center&nbsp;&raquo; onclick=&nbsp;&raquo;custom_link&nbsp;&raquo; css=&nbsp;&raquo;&nbsp;&raquo; link=&nbsp;&raquo;https:\/\/www.fleurette-florium.fr\/nl\/listings\/discover-74-ljg\/&nbsp;&raquo;][\/vc_column_inner][vc_column_inner width=&nbsp;&raquo;1\/3&Prime;][vc_single_image image=&nbsp;&raquo;27623&Prime; img_size=&nbsp;&raquo;260&#215;260&Prime; alignment=&nbsp;&raquo;center&nbsp;&raquo; onclick=&nbsp;&raquo;custom_link&nbsp;&raquo; css=&nbsp;&raquo;&nbsp;&raquo; link=&nbsp;&raquo;https:\/\/www.fleurette-florium.fr\/nl\/listings\/discover-75-lmf-cristal\/&nbsp;&raquo;][\/vc_column_inner][\/vc_row_inner][\/vc_column][\/vc_row]<\/p>\n<\/div>","protected":false},"excerpt":{"rendered":"<p>[vc_row][vc_column][rev_slider_vc alias=&nbsp;&raquo;gamme_discover-1&Prime;][\/vc_column][\/vc_row][vc_row][vc_column width=&nbsp;&raquo;2\/3&Prime;][vc_column_text el_class=&nbsp;&raquo;contenu_lisible&nbsp;&raquo;]Het dynamisme en de kracht komen tot uiting in de lijnen van de carrosserie in 100% polyester van de Fleurette Discover. Franse elegantie troef in de Fleurette Discover. Standaard uitgerust met meubilair bestaande uit gelakte deuren en massief hout, is deze verkrijgbaar in 3 inrichtingen die tegemoetkomen aan de wensen van de [&hellip;]<\/p>\n","protected":false},"author":4,"featured_media":6372,"parent":0,"menu_order":0,"comment_status":"closed","ping_status":"open","template":"","meta":{"_acf_changed":false,"footnotes":""},"class_list":["post-15082","page","type-page","status-publish","has-post-thumbnail","hentry"],"acf":[],"yoast_head":"<!-- This site is optimized with the Yoast SEO plugin v27.5 - https:\/\/yoast.com\/product\/yoast-seo-wordpress\/ -->\n<title>Camping car int\u00e9gral - gamme Fleurette Discover<\/title>\n<meta name=\"description\" content=\"D\u00e9couvrez toute la gamme DISCOVER pour choisir le camping car int\u00e9gral haut de gamme de vos r\u00eaves.\" \/>\n<meta name=\"robots\" content=\"index, follow, max-snippet:-1, max-image-preview:large, max-video-preview:-1\" \/>\n<link rel=\"canonical\" href=\"https:\/\/www.fleurette-florium.fr\/nl\/gamma-discover-integraalcamper\/\" \/>\n<meta property=\"og:locale\" content=\"nl_NL\" \/>\n<meta property=\"og:type\" content=\"article\" \/>\n<meta property=\"og:title\" content=\"Camping car int\u00e9gral - gamme Fleurette Discover\" \/>\n<meta property=\"og:description\" content=\"D\u00e9couvrez toute la gamme DISCOVER pour choisir le camping car int\u00e9gral haut de gamme de vos r\u00eaves.\" \/>\n<meta property=\"og:url\" content=\"https:\/\/www.fleurette-florium.fr\/nl\/gamma-discover-integraalcamper\/\" \/>\n<meta property=\"og:site_name\" content=\"Fleurette Florium\" \/>\n<meta property=\"article:modified_time\" content=\"2025-08-28T13:29:11+00:00\" \/>\n<meta property=\"og:image\" content=\"https:\/\/www.fleurette-florium.fr\/wp-content\/uploads\/2015\/07\/vehicule.png\" \/>\n\t<meta property=\"og:image:width\" content=\"265\" \/>\n\t<meta property=\"og:image:height\" content=\"263\" \/>\n\t<meta property=\"og:image:type\" content=\"image\/png\" \/>\n<meta name=\"twitter:label1\" content=\"Geschatte leestijd\" \/>\n\t<meta name=\"twitter:data1\" content=\"2 minutes\" \/>\n<script type=\"application\/ld+json\" class=\"yoast-schema-graph\">{\"@context\":\"https:\\\/\\\/schema.org\",\"@graph\":[{\"@type\":\"WebPage\",\"@id\":\"https:\\\/\\\/www.fleurette-florium.fr\\\/nl\\\/gamma-discover-integraalcamper\\\/\",\"url\":\"https:\\\/\\\/www.fleurette-florium.fr\\\/nl\\\/gamma-discover-integraalcamper\\\/\",\"name\":\"Camping car int\u00e9gral - gamme Fleurette Discover\",\"isPartOf\":{\"@id\":\"https:\\\/\\\/www.fleurette-florium.fr\\\/#website\"},\"primaryImageOfPage\":{\"@id\":\"https:\\\/\\\/www.fleurette-florium.fr\\\/nl\\\/gamma-discover-integraalcamper\\\/#primaryimage\"},\"image\":{\"@id\":\"https:\\\/\\\/www.fleurette-florium.fr\\\/nl\\\/gamma-discover-integraalcamper\\\/#primaryimage\"},\"thumbnailUrl\":\"https:\\\/\\\/www.fleurette-florium.fr\\\/wp-content\\\/uploads\\\/2015\\\/07\\\/vehicule.png\",\"datePublished\":\"2015-07-29T23:00:00+00:00\",\"dateModified\":\"2025-08-28T13:29:11+00:00\",\"description\":\"D\u00e9couvrez toute la gamme DISCOVER pour choisir le camping car int\u00e9gral haut de gamme de vos r\u00eaves.\",\"breadcrumb\":{\"@id\":\"https:\\\/\\\/www.fleurette-florium.fr\\\/nl\\\/gamma-discover-integraalcamper\\\/#breadcrumb\"},\"inLanguage\":\"nl-NL\",\"potentialAction\":[{\"@type\":\"ReadAction\",\"target\":[\"https:\\\/\\\/www.fleurette-florium.fr\\\/nl\\\/gamma-discover-integraalcamper\\\/\"]}]},{\"@type\":\"ImageObject\",\"inLanguage\":\"nl-NL\",\"@id\":\"https:\\\/\\\/www.fleurette-florium.fr\\\/nl\\\/gamma-discover-integraalcamper\\\/#primaryimage\",\"url\":\"https:\\\/\\\/www.fleurette-florium.fr\\\/wp-content\\\/uploads\\\/2015\\\/07\\\/vehicule.png\",\"contentUrl\":\"https:\\\/\\\/www.fleurette-florium.fr\\\/wp-content\\\/uploads\\\/2015\\\/07\\\/vehicule.png\",\"width\":265,\"height\":263},{\"@type\":\"BreadcrumbList\",\"@id\":\"https:\\\/\\\/www.fleurette-florium.fr\\\/nl\\\/gamma-discover-integraalcamper\\\/#breadcrumb\",\"itemListElement\":[{\"@type\":\"ListItem\",\"position\":1,\"name\":\"\",\"item\":\"https:\\\/\\\/www.fleurette-florium.fr\\\/nl\\\/home-florium\\\/\"},{\"@type\":\"ListItem\",\"position\":2,\"name\":\"Gamma Discover &#8211; Integraalcamper\"}]},{\"@type\":\"WebSite\",\"@id\":\"https:\\\/\\\/www.fleurette-florium.fr\\\/#website\",\"url\":\"https:\\\/\\\/www.fleurette-florium.fr\\\/\",\"name\":\"Fleurette Florium\",\"description\":\"\",\"publisher\":{\"@id\":\"https:\\\/\\\/www.fleurette-florium.fr\\\/#organization\"},\"potentialAction\":[{\"@type\":\"SearchAction\",\"target\":{\"@type\":\"EntryPoint\",\"urlTemplate\":\"https:\\\/\\\/www.fleurette-florium.fr\\\/?s={search_term_string}\"},\"query-input\":{\"@type\":\"PropertyValueSpecification\",\"valueRequired\":true,\"valueName\":\"search_term_string\"}}],\"inLanguage\":\"nl-NL\"},{\"@type\":\"Organization\",\"@id\":\"https:\\\/\\\/www.fleurette-florium.fr\\\/#organization\",\"name\":\"Fleurette Florium\",\"url\":\"https:\\\/\\\/www.fleurette-florium.fr\\\/\",\"logo\":{\"@type\":\"ImageObject\",\"inLanguage\":\"nl-NL\",\"@id\":\"https:\\\/\\\/www.fleurette-florium.fr\\\/#\\\/schema\\\/logo\\\/image\\\/\",\"url\":\"https:\\\/\\\/www.fleurette-florium.fr\\\/wp-content\\\/uploads\\\/2021\\\/07\\\/logo-fleurette-florium-scaled.png\",\"contentUrl\":\"https:\\\/\\\/www.fleurette-florium.fr\\\/wp-content\\\/uploads\\\/2021\\\/07\\\/logo-fleurette-florium-scaled.png\",\"width\":2560,\"height\":830,\"caption\":\"Fleurette Florium\"},\"image\":{\"@id\":\"https:\\\/\\\/www.fleurette-florium.fr\\\/#\\\/schema\\\/logo\\\/image\\\/\"}}]}<\/script>\n<!-- \/ Yoast SEO plugin. -->","yoast_head_json":{"title":"Camping car int\u00e9gral - gamme Fleurette Discover","description":"D\u00e9couvrez toute la gamme DISCOVER pour choisir le camping car int\u00e9gral haut de gamme de vos r\u00eaves.","robots":{"index":"index","follow":"follow","max-snippet":"max-snippet:-1","max-image-preview":"max-image-preview:large","max-video-preview":"max-video-preview:-1"},"canonical":"https:\/\/www.fleurette-florium.fr\/nl\/gamma-discover-integraalcamper\/","og_locale":"nl_NL","og_type":"article","og_title":"Camping car int\u00e9gral - gamme Fleurette Discover","og_description":"D\u00e9couvrez toute la gamme DISCOVER pour choisir le camping car int\u00e9gral haut de gamme de vos r\u00eaves.","og_url":"https:\/\/www.fleurette-florium.fr\/nl\/gamma-discover-integraalcamper\/","og_site_name":"Fleurette Florium","article_modified_time":"2025-08-28T13:29:11+00:00","og_image":[{"width":265,"height":263,"url":"https:\/\/www.fleurette-florium.fr\/wp-content\/uploads\/2015\/07\/vehicule.png","type":"image\/png"}],"twitter_misc":{"Geschatte leestijd":"2 minutes"},"schema":{"@context":"https:\/\/schema.org","@graph":[{"@type":"WebPage","@id":"https:\/\/www.fleurette-florium.fr\/nl\/gamma-discover-integraalcamper\/","url":"https:\/\/www.fleurette-florium.fr\/nl\/gamma-discover-integraalcamper\/","name":"Camping car int\u00e9gral - gamme Fleurette Discover","isPartOf":{"@id":"https:\/\/www.fleurette-florium.fr\/#website"},"primaryImageOfPage":{"@id":"https:\/\/www.fleurette-florium.fr\/nl\/gamma-discover-integraalcamper\/#primaryimage"},"image":{"@id":"https:\/\/www.fleurette-florium.fr\/nl\/gamma-discover-integraalcamper\/#primaryimage"},"thumbnailUrl":"https:\/\/www.fleurette-florium.fr\/wp-content\/uploads\/2015\/07\/vehicule.png","datePublished":"2015-07-29T23:00:00+00:00","dateModified":"2025-08-28T13:29:11+00:00","description":"D\u00e9couvrez toute la gamme DISCOVER pour choisir le camping car int\u00e9gral haut de gamme de vos r\u00eaves.","breadcrumb":{"@id":"https:\/\/www.fleurette-florium.fr\/nl\/gamma-discover-integraalcamper\/#breadcrumb"},"inLanguage":"nl-NL","potentialAction":[{"@type":"ReadAction","target":["https:\/\/www.fleurette-florium.fr\/nl\/gamma-discover-integraalcamper\/"]}]},{"@type":"ImageObject","inLanguage":"nl-NL","@id":"https:\/\/www.fleurette-florium.fr\/nl\/gamma-discover-integraalcamper\/#primaryimage","url":"https:\/\/www.fleurette-florium.fr\/wp-content\/uploads\/2015\/07\/vehicule.png","contentUrl":"https:\/\/www.fleurette-florium.fr\/wp-content\/uploads\/2015\/07\/vehicule.png","width":265,"height":263},{"@type":"BreadcrumbList","@id":"https:\/\/www.fleurette-florium.fr\/nl\/gamma-discover-integraalcamper\/#breadcrumb","itemListElement":[{"@type":"ListItem","position":1,"name":"","item":"https:\/\/www.fleurette-florium.fr\/nl\/home-florium\/"},{"@type":"ListItem","position":2,"name":"Gamma Discover &#8211; Integraalcamper"}]},{"@type":"WebSite","@id":"https:\/\/www.fleurette-florium.fr\/#website","url":"https:\/\/www.fleurette-florium.fr\/","name":"Fleurette Florium","description":"","publisher":{"@id":"https:\/\/www.fleurette-florium.fr\/#organization"},"potentialAction":[{"@type":"SearchAction","target":{"@type":"EntryPoint","urlTemplate":"https:\/\/www.fleurette-florium.fr\/?s={search_term_string}"},"query-input":{"@type":"PropertyValueSpecification","valueRequired":true,"valueName":"search_term_string"}}],"inLanguage":"nl-NL"},{"@type":"Organization","@id":"https:\/\/www.fleurette-florium.fr\/#organization","name":"Fleurette Florium","url":"https:\/\/www.fleurette-florium.fr\/","logo":{"@type":"ImageObject","inLanguage":"nl-NL","@id":"https:\/\/www.fleurette-florium.fr\/#\/schema\/logo\/image\/","url":"https:\/\/www.fleurette-florium.fr\/wp-content\/uploads\/2021\/07\/logo-fleurette-florium-scaled.png","contentUrl":"https:\/\/www.fleurette-florium.fr\/wp-content\/uploads\/2021\/07\/logo-fleurette-florium-scaled.png","width":2560,"height":830,"caption":"Fleurette Florium"},"image":{"@id":"https:\/\/www.fleurette-florium.fr\/#\/schema\/logo\/image\/"}}]}},"_links":{"self":[{"href":"https:\/\/www.fleurette-florium.fr\/nl\/wp-json\/wp\/v2\/pages\/15082","targetHints":{"allow":["GET"]}}],"collection":[{"href":"https:\/\/www.fleurette-florium.fr\/nl\/wp-json\/wp\/v2\/pages"}],"about":[{"href":"https:\/\/www.fleurette-florium.fr\/nl\/wp-json\/wp\/v2\/types\/page"}],"author":[{"embeddable":true,"href":"https:\/\/www.fleurette-florium.fr\/nl\/wp-json\/wp\/v2\/users\/4"}],"replies":[{"embeddable":true,"href":"https:\/\/www.fleurette-florium.fr\/nl\/wp-json\/wp\/v2\/comments?post=15082"}],"version-history":[{"count":25,"href":"https:\/\/www.fleurette-florium.fr\/nl\/wp-json\/wp\/v2\/pages\/15082\/revisions"}],"predecessor-version":[{"id":31844,"href":"https:\/\/www.fleurette-florium.fr\/nl\/wp-json\/wp\/v2\/pages\/15082\/revisions\/31844"}],"wp:featuredmedia":[{"embeddable":true,"href":"https:\/\/www.fleurette-florium.fr\/nl\/wp-json\/wp\/v2\/media\/6372"}],"wp:attachment":[{"href":"https:\/\/www.fleurette-florium.fr\/nl\/wp-json\/wp\/v2\/media?parent=15082"}],"curies":[{"name":"wp","href":"https:\/\/api.w.org\/{rel}","templated":true}]}}