{"id":4972,"date":"2018-08-07T13:53:22","date_gmt":"2018-08-07T12:53:22","guid":{"rendered":"https:\/\/florium.fr\/quienes-somos\/"},"modified":"2018-08-14T16:14:01","modified_gmt":"2018-08-14T15:14:01","slug":"descubra-la-fabrica-fleurette-constructeur","status":"publish","type":"page","link":"https:\/\/www.fleurette-florium.fr\/es\/descubra-la-fabrica-fleurette-constructeur\/","title":{"rendered":"Descubra la f\u00e1brica Fleurette Constructeur"},"content":{"rendered":"<div class=\"wpb-content-wrapper\"><p>[vc_row full_width=\u00bb\u00bb parallax=\u00bb\u00bb parallax_image=\u00bb\u00bb][vc_column width=\u00bb1\/6&#8243;][\/vc_column][vc_column width=\u00bb2\/3&#8243;][vc_column_text]<\/p>\n<h1 style=\"text-align: center;\"><span style=\"color: #c7081b;\">LA F\u00c1BRICA FLEURETTE CONSTRUCTEUR<\/span><br \/>\nSE AMPL\u00cdA EN 2018\u00a0PERMITIENDO<br \/>\nLA FABRICACI\u00d3N DE AUTOCARAVANAS Y DE FURGONETAS<\/h1>\n<p>[\/vc_column_text][vc_empty_space height=\u00bb16&#8243;][\/vc_column][vc_column width=\u00bb1\/6&#8243;][\/vc_column][\/vc_row][vc_row css=\u00bb.vc_custom_1533634144867{padding-top: 100px !important;padding-bottom: 100px !important;background-color: rgba(239,228,207,0.5) !important;*background-color: rgb(239,228,207) !important;}\u00bb full_width=\u00bbstretch_row\u00bb][vc_column width=\u00bb1\/12&#8243;][\/vc_column][vc_column width=\u00bb5\/12&#8243;][vc_column_text]Una nueva unidad de producci\u00f3n acaba de ser creada en Benet, dentro de la f\u00e1brica Fleurette Constructeur. La empresa ha invertido en un nuevo edificio ultramoderno de 6000 m2, dedicado a furgonetas, con una unidad de carpinter\u00eda y almacenamiento de materias primas, que se suma a la superficie actual de 12\u00a0000 m2 dedicada a <strong>AUTOCARAVANAS<\/strong>.<\/p>\n<p>Este es un nuevo paso estrat\u00e9gico para FLEURETTE CONSTRUCTEUR, con una inversi\u00f3n de 6 millones de euros dedicados a la ampliaci\u00f3n de esta planta. Se han creado dos nuevas l\u00edneas de montaje para continuar con la fabricaci\u00f3n de furgonetas Westfalia, y para dar la bienvenida a la fabricaci\u00f3n de los modelos Stylevan Emotion en Volkswagen T6.<\/p>\n<p>Se trata de un crecimiento tecnol\u00f3gico que nos compromete con la industrializaci\u00f3n de nuestros m\u00e9todos de producci\u00f3n, preservando nuestros valores y nuestro saber hacer \u00abartesanal\u00bb, sello hist\u00f3rico de nuestra empresa.[\/vc_column_text][\/vc_column][vc_column width=\u00bb5\/12&#8243;][vc_single_image image=\u00bb5005&#8243; border_color=\u00bbwhite\u00bb img_link_large=\u00bb\u00bb img_link_target=\u00bb_self\u00bb img_size=\u00bb500&#215;100&#8243; style=\u00bbvc_box_outline\u00bb][vc_single_image image=\u00bb5053&#8243; border_color=\u00bbwhite\u00bb img_link_large=\u00bb\u00bb img_link_target=\u00bb_self\u00bb img_size=\u00bb500&#215;300&#8243; style=\u00bbvc_box_outline\u00bb css=\u00bb.vc_custom_1533723834916{margin-top: -30px !important;}\u00bb][\/vc_column][vc_column width=\u00bb1\/12&#8243;][\/vc_column][\/vc_row][vc_row full_width=\u00bb\u00bb parallax=\u00bb\u00bb parallax_image=\u00bb\u00bb][vc_column width=\u00bb1\/12&#8243;][\/vc_column][vc_column width=\u00bb5\/6&#8243;][vc_empty_space height=\u00bb40px\u00bb][vc_column_text]<\/p>\n<h2 style=\"text-align: center;\"><span style=\"color: #c7081b;\">TECNICIDAD APROBADA Y<br \/>\nFABRICACI\u00d3N \u00ab100\u00a0% FRANCESA\u00bb<\/span><span class=\"Apple-converted-space\"><span style=\"color: #c7081b;\"><br \/>\n<\/span><\/span>PARA OFRECERLE LO MEJOR<br \/>\nEN <strong>AUTOCARAVANAS<\/strong> Y <strong>FURGONETAS<\/strong>.<\/h2>\n<p>[\/vc_column_text][\/vc_column][vc_column width=\u00bb1\/12&#8243;][\/vc_column][\/vc_row][vc_row full_width=\u00bbstretch_row\u00bb css=\u00bb.vc_custom_1533564839358{padding-top: 60px !important;padding-bottom: 60px !important;}\u00bb][vc_column width=\u00bb1\/12&#8243;][\/vc_column][vc_column width=\u00bb5\/12&#8243;][vc_column_text]Aunque nuestro saber hacer en ebanister\u00eda seguir\u00e1 siendo siempre el centro de nuestra producci\u00f3n, se da un lugar m\u00e1s importante a los equipos de producci\u00f3n, en particular en el mecanizado de los paneles de madera.[\/vc_column_text][\/vc_column][vc_column width=\u00bb5\/12&#8243;][vc_column_text]Seguimos manteniendo nuestra visi\u00f3n de control total con una fabricaci\u00f3n francesa 100\u00a0% integrada: desde el dise\u00f1o a la fabricaci\u00f3n de cada elemento de poli\u00e9ster o madera hasta su montaje.\u00a0Nuestra f\u00e1brica dispone de manera interna de todos los servicios necesarios para el dise\u00f1o y la fabricaci\u00f3n de autocaravanas:[\/vc_column_text][\/vc_column][vc_column width=\u00bb1\/12&#8243;][\/vc_column][\/vc_row][vc_row full_width=\u00bbstretch_row\u00bb css=\u00bb.vc_custom_1533634204261{padding-top: 100px !important;padding-bottom: 100px !important;background-color: rgba(239,228,207,0.5) !important;*background-color: rgb(239,228,207) !important;}\u00bb][vc_column width=\u00bb1\/4&#8243;][vc_single_image image=\u00bb4978&#8243; style=\u00bbvc_box_outline\u00bb border_color=\u00bbwhite\u00bb img_link_large=\u00bb\u00bb img_link_target=\u00bb_self\u00bb img_size=\u00bb200X200&#8243;][vc_column_text css=\u00bb.vc_custom_1534259365949{padding-left: 20px !important;}\u00bb]<\/p>\n<h5 class=\"p1\" style=\"text-align: left;\"><strong>OFICINA DE PROYECTOS<\/strong><\/h5>\n<p>[\/vc_column_text][vc_column_text]Contamos con un equipo de profesionales dedicados al estudio, al dise\u00f1o t\u00e9cnico en 3D y al desarrollo de productos, centrados en las distribuciones interiores de los veh\u00edculos, los flujos de energ\u00eda y las aperturas o incluso el dise\u00f1o de partes de la carrocer\u00eda&#8230;[\/vc_column_text][\/vc_column][vc_column width=\u00bb1\/4&#8243;][vc_single_image image=\u00bb4980&#8243; style=\u00bbvc_box_outline\u00bb border_color=\u00bbwhite\u00bb img_link_large=\u00bb\u00bb img_link_target=\u00bb_self\u00bb img_size=\u00bb200X200&#8243;][vc_column_text css=\u00bb.vc_custom_1534259513567{padding-left: 20px !important;}\u00bb]<\/p>\n<h5 class=\"p1\" style=\"text-align: left;\"><strong>TALLER DE CARPINTER\u00cdA<\/strong><\/h5>\n<p>[\/vc_column_text][vc_column_text]Entre nuestras prioridades se halla la carpinter\u00eda, la cual es una parte importante del ADN de FLEURETTE CONSTRUCTEUR. Contamos con un equipo de ebanistas dedicados a la preparaci\u00f3n precisa de cortes para todo tipo de muebles, al mecanizado y acabado de cada elemento y al montaje de muebles.[\/vc_column_text][\/vc_column][vc_column width=\u00bb1\/4&#8243;][vc_single_image image=\u00bb5002&#8243; style=\u00bbvc_box_outline\u00bb border_color=\u00bbwhite\u00bb img_link_large=\u00bb\u00bb img_link_target=\u00bb_self\u00bb img_size=\u00bb200X200&#8243;][vc_column_text css=\u00bb.vc_custom_1534259531936{padding-left: 20px !important;}\u00bb]<\/p>\n<h5 class=\"p1\" style=\"text-align: left;\"><strong>TALLER DE POLI\u00c9STER<\/strong><\/h5>\n<p>[\/vc_column_text][vc_column_text]Con el objetivo final de controlar la calidad y el suministro de nuestras carrocer\u00edas, hemos optado por integrar el saber hacer en poli\u00e9ster, al igual que en el sector n\u00e1utico. Contamos con un equipo de profesionales formados en los requisitos de higiene y seguridad de la norma Atex.[\/vc_column_text][\/vc_column][vc_column width=\u00bb1\/4&#8243;][vc_single_image image=\u00bb4918&#8243; alignment=\u00bb\u00bb style=\u00bbvc_box_outline\u00bb border_color=\u00bbwhite\u00bb img_link_large=\u00bb\u00bb img_link_target=\u00bb_self\u00bb css_animation=\u00bb\u00bb img_size=\u00bb200X200&#8243;][vc_column_text css=\u00bb.vc_custom_1534259553691{padding-left: 40px !important;}\u00bb]<\/p>\n<h5 class=\"p1\" style=\"text-align: left;\"><strong>MONTAJE<\/strong><\/h5>\n<p>[\/vc_column_text][vc_column_text]Gracias a nuestra oficina de proyectos interna, hemos desarrollado la t\u00e9cnica del Recovery System, combinada con el Protect System, para que nuestras autocaravanas sean las m\u00e1s resistentes a las inclemencias meteorol\u00f3gicas y a los estragos del tiempo.<\/p>\n<p>Disponemos de dos l\u00edneas de montaje de autocaravanas en f\u00e1brica (1 para autocaravanas integrales y 1 para perfiladas) y, desde julio de 2018, dos nuevas l\u00edneas de remolques para furgonetas. Tras salir de la cadena, cada veh\u00edculo se somete a un control riguroso para garantizarle una calidad \u00f3ptima.[\/vc_column_text][\/vc_column][\/vc_row][vc_row full_width=\u00bb\u00bb parallax=\u00bb\u00bb parallax_image=\u00bb\u00bb el_id=\u00bb\u00bb][vc_column width=\u00bb1\/12&#8243;][\/vc_column][vc_column width=\u00bb5\/6&#8243;][vc_empty_space height=\u00bb40px\u00bb][vc_column_text]<\/p>\n<h2 style=\"text-align: center;\">\u00ab\u00bfLE GUSTAR\u00cdA SABER C\u00d3MO SE FABRICA<br \/>\nSU PR\u00d3XIMA AUTOCARAVANA FLORIUM?\u00bb<\/h2>\n<p>[\/vc_column_text][vc_column_text]<\/p>\n<h3 class=\"p1\" style=\"text-align: center;\"><span style=\"color: #c7081b;\">VIVA LA EXPERIENCIA DE VISITAR <\/span><br \/>\n<span style=\"color: #c7081b;\">LA F\u00c1BRICA FLEURETTE CONSTRUCTEUR.<\/span><\/h3>\n<p>[\/vc_column_text][\/vc_column][vc_column width=\u00bb1\/12&#8243;][\/vc_column][\/vc_row][vc_row full_width=\u00bbstretch_row\u00bb parallax=\u00bb\u00bb parallax_image=\u00bb\u00bb css=\u00bb.vc_custom_1533564839358{padding-top: 60px !important;padding-bottom: 60px !important;}\u00bb el_id=\u00bb\u00bb][vc_column width=\u00bb1\/12&#8243;][\/vc_column][vc_column width=\u00bb5\/12&#8243;][vc_column_text]<strong>Si desea visitar nuestra f\u00e1brica y descubrir nuestro saber hacer, p\u00f3ngase en contacto con su concesionario de autocaravanas y h\u00e1gales saber su intenci\u00f3n.<\/strong> Ellos se pondr\u00e1n en contacto con nosotros para organizar la visita y nosotros estaremos encantados de recibirle.[\/vc_column_text][vc_column_text]<strong>\u00bfNo conoce ning\u00fan concesionario de Fleurette?<br \/>\n<\/strong>No hay problema: visite nuestra p\u00e1gina de concesionarios para encontrar el distribuidor m\u00e1s cercano.[\/vc_column_text][vc_btn title=\u00bbP\u00f3ngase en contacto con un concesionario\u00bb style=\u00bbcustom\u00bb shape=\u00bbsquare\u00bb color=\u00bbgrey\u00bb size=\u00bbmd\u00bb align=\u00bbinline\u00bb i_align=\u00bbleft\u00bb i_type=\u00bbfontawesome\u00bb i_icon_fontawesome=\u00bbfa fa-adjust\u00bb i_icon_openiconic=\u00bbvc-oi vc-oi-dial\u00bb i_icon_typicons=\u00bbtypcn typcn-adjust-brightness\u00bb i_icon_entypo=\u00bbentypo-icon entypo-icon-note\u00bb i_icon_linecons=\u00bbvc_li vc_li-heart\u00bb link=\u00bburl:https%3A%2F%2Fwww.fleurette-florium.fr%2Fes%2Flos-distribuidores%2F|title:CONTACT|\u00bb button_block=\u00bb\u00bb add_icon=\u00bb\u00bb i_icon_pixelicons=\u00bbvc_pixel_icon vc_pixel_icon-alert\u00bb custom_background=\u00bb#d7de3b\u00bb custom_text=\u00bb#ffffff\u00bb][\/vc_column][vc_column width=\u00bb5\/12&#8243;][vc_single_image image=\u00bb4999&#8243; border_color=\u00bbgrey\u00bb img_link_large=\u00bb\u00bb img_link_target=\u00bb_self\u00bb img_size=\u00bb500X400&#8243; style=\u00bbvc_box_outline\u00bb][\/vc_column][vc_column width=\u00bb1\/12&#8243;][\/vc_column][\/vc_row]<\/p>\n<\/div>","protected":false},"excerpt":{"rendered":"<p>[vc_row full_width=\u00bb\u00bb parallax=\u00bb\u00bb parallax_image=\u00bb\u00bb][vc_column width=\u00bb1\/6&#8243;][\/vc_column][vc_column width=\u00bb2\/3&#8243;][vc_column_text] LA F\u00c1BRICA FLEURETTE CONSTRUCTEUR SE AMPL\u00cdA EN 2018\u00a0PERMITIENDO LA FABRICACI\u00d3N DE AUTOCARAVANAS Y DE FURGONETAS [\/vc_column_text][vc_empty_space height=\u00bb16&#8243;][\/vc_column][vc_column width=\u00bb1\/6&#8243;][\/vc_column][\/vc_row][vc_row css=\u00bb.vc_custom_1533634144867{padding-top: 100px !important;padding-bottom: 100px !important;background-color: rgba(239,228,207,0.5) !important;*background-color: rgb(239,228,207) !important;}\u00bb full_width=\u00bbstretch_row\u00bb][vc_column width=\u00bb1\/12&#8243;][\/vc_column][vc_column width=\u00bb5\/12&#8243;][vc_column_text]Una nueva unidad de producci\u00f3n acaba de ser creada en Benet, dentro de la f\u00e1brica Fleurette Constructeur. La empresa ha [&hellip;]<\/p>\n","protected":false},"author":4,"featured_media":0,"parent":0,"menu_order":0,"comment_status":"closed","ping_status":"closed","template":"","meta":{"_acf_changed":false,"footnotes":""},"class_list":["post-4972","page","type-page","status-publish","hentry"],"acf":[],"yoast_head":"<!-- This site is optimized with the Yoast SEO plugin v26.6 - https:\/\/yoast.com\/wordpress\/plugins\/seo\/ -->\n<title>Descubra la f\u00e1brica Fleurette Constructeur - Fleurette Florium<\/title>\n<meta name=\"robots\" content=\"index, follow, max-snippet:-1, max-image-preview:large, max-video-preview:-1\" \/>\n<link rel=\"canonical\" href=\"https:\/\/www.fleurette-florium.fr\/es\/descubra-la-fabrica-fleurette-constructeur\/\" \/>\n<meta property=\"og:locale\" content=\"es_ES\" \/>\n<meta property=\"og:type\" content=\"article\" \/>\n<meta property=\"og:title\" content=\"Descubra la f\u00e1brica Fleurette Constructeur - Fleurette Florium\" \/>\n<meta property=\"og:description\" content=\"[vc_row full_width=\u00bb\u00bb parallax=\u00bb\u00bb parallax_image=\u00bb\u00bb][vc_column width=\u00bb1\/6&#8243;][\/vc_column][vc_column width=\u00bb2\/3&#8243;][vc_column_text] LA F\u00c1BRICA FLEURETTE CONSTRUCTEUR SE AMPL\u00cdA EN 2018\u00a0PERMITIENDO LA FABRICACI\u00d3N DE AUTOCARAVANAS Y DE FURGONETAS [\/vc_column_text][vc_empty_space height=\u00bb16&#8243;][\/vc_column][vc_column width=\u00bb1\/6&#8243;][\/vc_column][\/vc_row][vc_row css=\u00bb.vc_custom_1533634144867{padding-top: 100px !important;padding-bottom: 100px !important;background-color: rgba(239,228,207,0.5) !important;*background-color: rgb(239,228,207) !important;}\u00bb full_width=\u00bbstretch_row\u00bb][vc_column width=\u00bb1\/12&#8243;][\/vc_column][vc_column width=\u00bb5\/12&#8243;][vc_column_text]Una nueva unidad de producci\u00f3n acaba de ser creada en Benet, dentro de la f\u00e1brica Fleurette Constructeur. La empresa ha [&hellip;]\" \/>\n<meta property=\"og:url\" content=\"https:\/\/www.fleurette-florium.fr\/es\/descubra-la-fabrica-fleurette-constructeur\/\" \/>\n<meta property=\"og:site_name\" content=\"Fleurette Florium\" \/>\n<meta property=\"article:modified_time\" content=\"2018-08-14T15:14:01+00:00\" \/>\n<meta name=\"twitter:label1\" content=\"Tiempo de lectura\" \/>\n\t<meta name=\"twitter:data1\" content=\"6 minutos\" \/>\n<script type=\"application\/ld+json\" class=\"yoast-schema-graph\">{\"@context\":\"https:\/\/schema.org\",\"@graph\":[{\"@type\":\"WebPage\",\"@id\":\"https:\/\/www.fleurette-florium.fr\/es\/descubra-la-fabrica-fleurette-constructeur\/\",\"url\":\"https:\/\/www.fleurette-florium.fr\/es\/descubra-la-fabrica-fleurette-constructeur\/\",\"name\":\"Descubra la f\u00e1brica Fleurette Constructeur - Fleurette Florium\",\"isPartOf\":{\"@id\":\"https:\/\/www.fleurette-florium.fr\/#website\"},\"datePublished\":\"2018-08-07T12:53:22+00:00\",\"dateModified\":\"2018-08-14T15:14:01+00:00\",\"breadcrumb\":{\"@id\":\"https:\/\/www.fleurette-florium.fr\/es\/descubra-la-fabrica-fleurette-constructeur\/#breadcrumb\"},\"inLanguage\":\"es\",\"potentialAction\":[{\"@type\":\"ReadAction\",\"target\":[\"https:\/\/www.fleurette-florium.fr\/es\/descubra-la-fabrica-fleurette-constructeur\/\"]}]},{\"@type\":\"BreadcrumbList\",\"@id\":\"https:\/\/www.fleurette-florium.fr\/es\/descubra-la-fabrica-fleurette-constructeur\/#breadcrumb\",\"itemListElement\":[{\"@type\":\"ListItem\",\"position\":1,\"name\":\"\",\"item\":\"https:\/\/www.fleurette-florium.fr\/es\/accueil-camping-cars-modernes-florium\/\"},{\"@type\":\"ListItem\",\"position\":2,\"name\":\"Descubra la f\u00e1brica Fleurette Constructeur\"}]},{\"@type\":\"WebSite\",\"@id\":\"https:\/\/www.fleurette-florium.fr\/#website\",\"url\":\"https:\/\/www.fleurette-florium.fr\/\",\"name\":\"Fleurette Florium\",\"description\":\"\",\"publisher\":{\"@id\":\"https:\/\/www.fleurette-florium.fr\/#organization\"},\"potentialAction\":[{\"@type\":\"SearchAction\",\"target\":{\"@type\":\"EntryPoint\",\"urlTemplate\":\"https:\/\/www.fleurette-florium.fr\/?s={search_term_string}\"},\"query-input\":{\"@type\":\"PropertyValueSpecification\",\"valueRequired\":true,\"valueName\":\"search_term_string\"}}],\"inLanguage\":\"es\"},{\"@type\":\"Organization\",\"@id\":\"https:\/\/www.fleurette-florium.fr\/#organization\",\"name\":\"Fleurette Florium\",\"url\":\"https:\/\/www.fleurette-florium.fr\/\",\"logo\":{\"@type\":\"ImageObject\",\"inLanguage\":\"es\",\"@id\":\"https:\/\/www.fleurette-florium.fr\/#\/schema\/logo\/image\/\",\"url\":\"https:\/\/www.fleurette-florium.fr\/wp-content\/uploads\/2021\/07\/logo-fleurette-florium-scaled.png\",\"contentUrl\":\"https:\/\/www.fleurette-florium.fr\/wp-content\/uploads\/2021\/07\/logo-fleurette-florium-scaled.png\",\"width\":2560,\"height\":830,\"caption\":\"Fleurette Florium\"},\"image\":{\"@id\":\"https:\/\/www.fleurette-florium.fr\/#\/schema\/logo\/image\/\"}}]}<\/script>\n<!-- \/ Yoast SEO plugin. -->","yoast_head_json":{"title":"Descubra la f\u00e1brica Fleurette Constructeur - Fleurette Florium","robots":{"index":"index","follow":"follow","max-snippet":"max-snippet:-1","max-image-preview":"max-image-preview:large","max-video-preview":"max-video-preview:-1"},"canonical":"https:\/\/www.fleurette-florium.fr\/es\/descubra-la-fabrica-fleurette-constructeur\/","og_locale":"es_ES","og_type":"article","og_title":"Descubra la f\u00e1brica Fleurette Constructeur - Fleurette Florium","og_description":"[vc_row full_width=\u00bb\u00bb parallax=\u00bb\u00bb parallax_image=\u00bb\u00bb][vc_column width=\u00bb1\/6&#8243;][\/vc_column][vc_column width=\u00bb2\/3&#8243;][vc_column_text] LA F\u00c1BRICA FLEURETTE CONSTRUCTEUR SE AMPL\u00cdA EN 2018\u00a0PERMITIENDO LA FABRICACI\u00d3N DE AUTOCARAVANAS Y DE FURGONETAS [\/vc_column_text][vc_empty_space height=\u00bb16&#8243;][\/vc_column][vc_column width=\u00bb1\/6&#8243;][\/vc_column][\/vc_row][vc_row css=\u00bb.vc_custom_1533634144867{padding-top: 100px !important;padding-bottom: 100px !important;background-color: rgba(239,228,207,0.5) !important;*background-color: rgb(239,228,207) !important;}\u00bb full_width=\u00bbstretch_row\u00bb][vc_column width=\u00bb1\/12&#8243;][\/vc_column][vc_column width=\u00bb5\/12&#8243;][vc_column_text]Una nueva unidad de producci\u00f3n acaba de ser creada en Benet, dentro de la f\u00e1brica Fleurette Constructeur. La empresa ha [&hellip;]","og_url":"https:\/\/www.fleurette-florium.fr\/es\/descubra-la-fabrica-fleurette-constructeur\/","og_site_name":"Fleurette Florium","article_modified_time":"2018-08-14T15:14:01+00:00","twitter_misc":{"Tiempo de lectura":"6 minutos"},"schema":{"@context":"https:\/\/schema.org","@graph":[{"@type":"WebPage","@id":"https:\/\/www.fleurette-florium.fr\/es\/descubra-la-fabrica-fleurette-constructeur\/","url":"https:\/\/www.fleurette-florium.fr\/es\/descubra-la-fabrica-fleurette-constructeur\/","name":"Descubra la f\u00e1brica Fleurette Constructeur - Fleurette Florium","isPartOf":{"@id":"https:\/\/www.fleurette-florium.fr\/#website"},"datePublished":"2018-08-07T12:53:22+00:00","dateModified":"2018-08-14T15:14:01+00:00","breadcrumb":{"@id":"https:\/\/www.fleurette-florium.fr\/es\/descubra-la-fabrica-fleurette-constructeur\/#breadcrumb"},"inLanguage":"es","potentialAction":[{"@type":"ReadAction","target":["https:\/\/www.fleurette-florium.fr\/es\/descubra-la-fabrica-fleurette-constructeur\/"]}]},{"@type":"BreadcrumbList","@id":"https:\/\/www.fleurette-florium.fr\/es\/descubra-la-fabrica-fleurette-constructeur\/#breadcrumb","itemListElement":[{"@type":"ListItem","position":1,"name":"","item":"https:\/\/www.fleurette-florium.fr\/es\/accueil-camping-cars-modernes-florium\/"},{"@type":"ListItem","position":2,"name":"Descubra la f\u00e1brica Fleurette Constructeur"}]},{"@type":"WebSite","@id":"https:\/\/www.fleurette-florium.fr\/#website","url":"https:\/\/www.fleurette-florium.fr\/","name":"Fleurette Florium","description":"","publisher":{"@id":"https:\/\/www.fleurette-florium.fr\/#organization"},"potentialAction":[{"@type":"SearchAction","target":{"@type":"EntryPoint","urlTemplate":"https:\/\/www.fleurette-florium.fr\/?s={search_term_string}"},"query-input":{"@type":"PropertyValueSpecification","valueRequired":true,"valueName":"search_term_string"}}],"inLanguage":"es"},{"@type":"Organization","@id":"https:\/\/www.fleurette-florium.fr\/#organization","name":"Fleurette Florium","url":"https:\/\/www.fleurette-florium.fr\/","logo":{"@type":"ImageObject","inLanguage":"es","@id":"https:\/\/www.fleurette-florium.fr\/#\/schema\/logo\/image\/","url":"https:\/\/www.fleurette-florium.fr\/wp-content\/uploads\/2021\/07\/logo-fleurette-florium-scaled.png","contentUrl":"https:\/\/www.fleurette-florium.fr\/wp-content\/uploads\/2021\/07\/logo-fleurette-florium-scaled.png","width":2560,"height":830,"caption":"Fleurette Florium"},"image":{"@id":"https:\/\/www.fleurette-florium.fr\/#\/schema\/logo\/image\/"}}]}},"_links":{"self":[{"href":"https:\/\/www.fleurette-florium.fr\/es\/wp-json\/wp\/v2\/pages\/4972","targetHints":{"allow":["GET"]}}],"collection":[{"href":"https:\/\/www.fleurette-florium.fr\/es\/wp-json\/wp\/v2\/pages"}],"about":[{"href":"https:\/\/www.fleurette-florium.fr\/es\/wp-json\/wp\/v2\/types\/page"}],"author":[{"embeddable":true,"href":"https:\/\/www.fleurette-florium.fr\/es\/wp-json\/wp\/v2\/users\/4"}],"replies":[{"embeddable":true,"href":"https:\/\/www.fleurette-florium.fr\/es\/wp-json\/wp\/v2\/comments?post=4972"}],"version-history":[{"count":5,"href":"https:\/\/www.fleurette-florium.fr\/es\/wp-json\/wp\/v2\/pages\/4972\/revisions"}],"predecessor-version":[{"id":5136,"href":"https:\/\/www.fleurette-florium.fr\/es\/wp-json\/wp\/v2\/pages\/4972\/revisions\/5136"}],"wp:attachment":[{"href":"https:\/\/www.fleurette-florium.fr\/es\/wp-json\/wp\/v2\/media?parent=4972"}],"curies":[{"name":"wp","href":"https:\/\/api.w.org\/{rel}","templated":true}]}}