{"id":4926,"date":"2018-08-06T16:25:51","date_gmt":"2018-08-06T15:25:51","guid":{"rendered":"https:\/\/florium.fr\/quienes-somos\/"},"modified":"2025-09-24T10:54:46","modified_gmt":"2025-09-24T09:54:46","slug":"por-que-elegir-florium","status":"publish","type":"page","link":"https:\/\/www.fleurette-florium.fr\/es\/por-que-elegir-florium\/","title":{"rendered":"\u00bfPOR QU\u00c9 ELEGIR FLORIUM?"},"content":{"rendered":"<div class=\"wpb-content-wrapper\"><p>[vc_row][vc_column width=\u00bb1\/6&#8243;][\/vc_column][vc_column width=\u00bb2\/3&#8243;][vc_column_text]<\/p>\n<h1 style=\"text-align: center;\">\u00bfBusca una autocaravana?<br \/>\nOpte por una autocaravana de lujo con \u00abinstinto viajero\u00bb de Florium<\/h1>\n<p>[\/vc_column_text][vc_empty_space height=\u00bb16&#8243;][\/vc_column][vc_column width=\u00bb1\/6&#8243;][\/vc_column][\/vc_row][vc_row full_width=\u00bbstretch_row\u00bb css=\u00bb.vc_custom_1533634144867{padding-top: 100px !important;padding-bottom: 100px !important;background-color: rgba(239,228,207,0.5) !important;*background-color: rgb(239,228,207) !important;}\u00bb][vc_column width=\u00bb1\/12&#8243;][\/vc_column][vc_column width=\u00bb5\/12&#8243;][vc_column_text]Siempre es dif\u00edcil responder a la pregunta \u00abPero, \u00bf<strong>qu\u00e9 autocaravana elijo<\/strong>?\u00bb\u00a0Opte por un dise\u00f1o interior excepcional, mobiliario elegante y gran comodidad a bordo con la <strong>marca de<\/strong> <strong>autocaravanas<\/strong> Florium.<\/p>\n<p>A bordo de una Florium, podemos apreciar el armonioso maridaje de las curvas del\u00a0mobiliario, la generosidad de los espacios y las tecnolog\u00edas integradas. Este ambiente elegante y c\u00e1lido har\u00e1 que cada una de sus escapadas en pareja, en familia o con amigos se convierta en un viaje repleto de sensaciones.<\/p>\n<p>[\/vc_column_text][\/vc_column][vc_column width=\u00bb5\/12&#8243;][vc_column_text]El uso inteligente de todos los espacios y el dise\u00f1o meticuloso y sofisticado de cada elemento, as\u00ed como su completo equipamiento, le permitir\u00e1n sentirse como en casa y disfrutar plenamente de sus excursiones por el mundo.<\/p>\n<p>Cada a\u00f1o nuestros equipos desarrollan encantados esta gama de <strong>autocaravanas<\/strong>, que a\u00fanan la calidad premium y el confort, perpetuando as\u00ed 55 a\u00f1os de saber hacer artesanal combinado con t\u00e9cnicas innovadoras para permitirle disfrutar plenamente de su tiempo libre en una <strong>autocaravana<\/strong> <strong>de lujo.<\/strong>[\/vc_column_text][\/vc_column][vc_column width=\u00bb1\/12&#8243;][\/vc_column][vc_column][vc_empty_space height=\u00bb80&#8243;][vc_separator color=\u00bbwhite\u00bb el_width=\u00bb50&#8243;][vc_column_text]<\/p>\n<h2 style=\"text-align: center;\">LE DAMOS LA BIENVENIDA AL UNIVERSO<\/h2>\n<p>[\/vc_column_text][vc_single_image image=\u00bb16491&#8243; img_size=\u00bb500&#215;30&#8243; alignment=\u00bbcenter\u00bb style=\u00bbvc_box_outline\u00bb border_color=\u00bbwhite\u00bb][\/vc_column][\/vc_row][vc_row][vc_column width=\u00bb1\/2&#8243;][vc_column_text css=\u00bb\u00bb]<\/p>\n<h2>Una colecci\u00f3n excepcional de<br \/>\n11 MODELOS PARA DESCUBRIR<\/h2>\n<p>[\/vc_column_text][vc_column_text css=\u00bb\u00bb]La autocaravana m\u00e1s apropiada para cada persona, seg\u00fan sus necesidades:<\/p>\n<ul>\n<li>11 distribuciones diferentes,<\/li>\n<li>14 ambientes posibles,<\/li>\n<li>2 gamas de perfiladas,<\/li>\n<li>1 gama de integrales<\/li>\n<li>1 gama de furgoneta<\/li>\n<li>y numerosas opciones a su disposici\u00f3n.<\/li>\n<\/ul>\n<p>[\/vc_column_text][vc_row_inner][vc_column_inner width=\u00bb1\/4&#8243;][vc_btn title=\u00bbBAXTER\u00bb style=\u00bbcustom\u00bb custom_background=\u00bb#3e3632&#8243; custom_text=\u00bb#ffffff\u00bb shape=\u00bbsquare\u00bb link=\u00bburl:https%3A%2F%2Fwww.fleurette-florium.fr%2Fes%2Fgama-baxter-autocaravanas-compactas%2F|title:Gama%20Baxter%20%E2%80%93%20Autocaravanas%20compactas||\u00bb][\/vc_column_inner][vc_column_inner width=\u00bb1\/4&#8243;][vc_btn title=\u00bbMAYFLOWER\u00bb style=\u00bbcustom\u00bb custom_background=\u00bb#3e3632&#8243; custom_text=\u00bb#ffffff\u00bb shape=\u00bbsquare\u00bb link=\u00bburl:https%3A%2F%2Fwww.fleurette-florium.fr%2Fes%2Fgama-mayflower-autocaravanas-perfiladas-con-cama-de-techo%2F|title:Gama%20Baxter%20%E2%80%93%20Autocaravanas%20compactas||\u00bb][\/vc_column_inner][vc_column_inner width=\u00bb1\/4&#8243;][vc_btn title=\u00bbWINCESTER\u00bb style=\u00bbcustom\u00bb custom_background=\u00bb#3e3632&#8243; custom_text=\u00bb#ffffff\u00bb shape=\u00bbsquare\u00bb link=\u00bburl:https%3A%2F%2Fwww.fleurette-florium.fr%2Fes%2Fgama-wincester-autocaravanas-integrales%2F|title:Gama%20Baxter%20%E2%80%93%20Autocaravanas%20compactas||\u00bb][\/vc_column_inner][vc_column_inner width=\u00bb1\/4&#8243;][vc_btn title=\u00bbBLACK PEARL\u00bb style=\u00bbcustom\u00bb custom_background=\u00bb#3e3632&#8243; custom_text=\u00bb#ffffff\u00bb shape=\u00bbsquare\u00bb css=\u00bb\u00bb link=\u00bburl:https%3A%2F%2Fwww.fleurette-florium.fr%2Fen%2Fblack-pearl-comfort-campervan%2F|title:Gama%20Black%20Pearl\u00bb][\/vc_column_inner][\/vc_row_inner][\/vc_column][vc_column width=\u00bb1\/2&#8243;][vc_single_image image=\u00bb31221&#8243; img_size=\u00bb600&#215;400&#8243; alignment=\u00bbright\u00bb style=\u00bbvc_box_border\u00bb border_color=\u00bbwhite\u00bb css=\u00bb\u00bb][\/vc_column][\/vc_row][vc_row full_width=\u00bbstretch_row\u00bb css=\u00bb.vc_custom_1533634204261{padding-top: 100px !important;padding-bottom: 100px !important;background-color: rgba(239,228,207,0.5) !important;*background-color: rgb(239,228,207) !important;}\u00bb][vc_column width=\u00bb1\/12&#8243;][\/vc_column][vc_column width=\u00bb5\/12&#8243;][vc_single_image image=\u00bb31151&#8243; img_size=\u00bb600 x 450&#8243; style=\u00bbvc_box_outline\u00bb border_color=\u00bbwhite\u00bb css=\u00bb\u00bb][\/vc_column][vc_column width=\u00bb5\/12&#8243;][vc_column_text]<\/p>\n<h2>Ebanister\u00eda<br \/>\nESTILO CARACTER\u00cdSTICO DE FLORIUM<\/h2>\n<h2><\/h2>\n<p>[\/vc_column_text][vc_column_text]Cuidamos mucho el dise\u00f1o de los muebles de nuestros veh\u00edculos para ofrecerle interiores y ambientes exclusivos, lo que concuerda con nuestro deseo de ofrecerle <strong>autocaravanas de lujo.<\/strong>[\/vc_column_text][vc_btn title=\u00bbNUESTRO SABER HACER\u00bb style=\u00bbcustom\u00bb custom_background=\u00bb#3e3632&#8243; custom_text=\u00bb#ffffff\u00bb shape=\u00bbsquare\u00bb link=\u00bburl:https%3A%2F%2Fwww.fleurette-florium.fr%2Fes%2Fnuestro-saber-hacer%2F|title:SABER%20HACER%20|\u00bb][\/vc_column][vc_column width=\u00bb1\/12&#8243;][\/vc_column][\/vc_row][vc_row full_width=\u00bbstretch_row\u00bb css=\u00bb.vc_custom_1533564839358{padding-top: 60px !important;padding-bottom: 60px !important;}\u00bb][vc_column width=\u00bb1\/12&#8243;][\/vc_column][vc_column width=\u00bb5\/12&#8243;][vc_column_text]<\/p>\n<h2>Tapicer\u00eda de dise\u00f1o<br \/>\nPARA UN AMBIENTE EXCLUSIVO<\/h2>\n<p>[\/vc_column_text][vc_column_text]Dado que lo que usted busca es un dise\u00f1o cuidado que se adapte a sus necesidades y una comodidad comparable a la de su hogar, le ofrecemos 14 combinaciones de tejidos entre el asiento, el respaldo y los cojines.[\/vc_column_text][vc_btn title=\u00bbNUESTRA SELLERIE DESIGN\u00bb style=\u00bbcustom\u00bb custom_background=\u00bb#3e3632&#8243; custom_text=\u00bb#ffffff\u00bb shape=\u00bbsquare\u00bb link=\u00bburl:https%3A%2F%2Fwww.fleurette-florium.fr%2Fes%2Fnotre-savoir-faire-sellerie-design%2F|title:SELLERIE%20DESIGN|\u00bb][\/vc_column][vc_column width=\u00bb5\/12&#8243;][vc_single_image image=\u00bb28029&#8243; img_size=\u00bb550&#215;500&#8243; alignment=\u00bbright\u00bb style=\u00bbvc_box_border\u00bb border_color=\u00bbwhite\u00bb css=\u00bb\u00bb][\/vc_column][vc_column width=\u00bb1\/12&#8243;][\/vc_column][\/vc_row][vc_row full_width=\u00bbstretch_row\u00bb css=\u00bb.vc_custom_1533634228021{padding-top: 80px !important;padding-bottom: 80px !important;background-color: rgba(239,228,207,0.5) !important;*background-color: rgb(239,228,207) !important;}\u00bb][vc_column width=\u00bb1\/2&#8243;][vc_single_image image=\u00bb31712&#8243; img_size=\u00bb500X150&#8243; alignment=\u00bbcenter\u00bb style=\u00bbvc_box_outline\u00bb css=\u00bb\u00bb][vc_btn title=\u00bbENCONTRAR MI CONCESIONARIO\u00bb style=\u00bbcustom\u00bb custom_background=\u00bbrgba(212,203,199,0.5)\u00bb custom_text=\u00bb#000000&#8243; shape=\u00bbsquare\u00bb size=\u00bblg\u00bb align=\u00bbcenter\u00bb i_type=\u00bbopeniconic\u00bb i_icon_openiconic=\u00bbvc-oi vc-oi-location\u00bb add_icon=\u00bbtrue\u00bb link=\u00bburl:https%3A%2F%2Fwww.fleurette-florium.fr%2Fes%2Flos-distribuidores%2F|title:CONCESIONARIO|\u00bb][\/vc_column][vc_column width=\u00bb1\/2&#8243;][vc_single_image image=\u00bb31126&#8243; img_size=\u00bb500X150&#8243; alignment=\u00bbcenter\u00bb style=\u00bbvc_box_outline\u00bb css=\u00bb\u00bb][vc_btn title=\u00bbELEGIR MI AUTOCARAVANA\u00bb style=\u00bbcustom\u00bb custom_background=\u00bbrgba(212,203,199,0.5)\u00bb custom_text=\u00bb#000000&#8243; shape=\u00bbsquare\u00bb size=\u00bblg\u00bb align=\u00bbcenter\u00bb i_type=\u00bbopeniconic\u00bb i_icon_openiconic=\u00bbvc-oi vc-oi-right-circle\u00bb add_icon=\u00bbtrue\u00bb link=\u00bburl:https%3A%2F%2Fwww.fleurette-florium.fr%2Fes%2Fchoisir-un-camping-car%2F|title:ELEGIR%20MI%20AUTOCARAVANA|\u00bb][\/vc_column][\/vc_row]<\/p>\n<\/div>","protected":false},"excerpt":{"rendered":"<p>[vc_row][vc_column width=\u00bb1\/6&#8243;][\/vc_column][vc_column width=\u00bb2\/3&#8243;][vc_column_text] \u00bfBusca una autocaravana? Opte por una autocaravana de lujo con \u00abinstinto viajero\u00bb de Florium [\/vc_column_text][vc_empty_space height=\u00bb16&#8243;][\/vc_column][vc_column width=\u00bb1\/6&#8243;][\/vc_column][\/vc_row][vc_row full_width=\u00bbstretch_row\u00bb css=\u00bb.vc_custom_1533634144867{padding-top: 100px !important;padding-bottom: 100px !important;background-color: rgba(239,228,207,0.5) !important;*background-color: rgb(239,228,207) !important;}\u00bb][vc_column width=\u00bb1\/12&#8243;][\/vc_column][vc_column width=\u00bb5\/12&#8243;][vc_column_text]Siempre es dif\u00edcil responder a la pregunta \u00abPero, \u00bfqu\u00e9 autocaravana elijo?\u00bb\u00a0Opte por un dise\u00f1o interior excepcional, mobiliario elegante y gran comodidad a bordo con [&hellip;]<\/p>\n","protected":false},"author":4,"featured_media":0,"parent":0,"menu_order":0,"comment_status":"closed","ping_status":"closed","template":"","meta":{"_acf_changed":false,"footnotes":""},"class_list":["post-4926","page","type-page","status-publish","hentry"],"acf":[],"yoast_head":"<!-- This site is optimized with the Yoast SEO plugin v27.5 - https:\/\/yoast.com\/product\/yoast-seo-wordpress\/ -->\n<title>Florium<\/title>\n<meta name=\"robots\" content=\"index, follow, max-snippet:-1, max-image-preview:large, max-video-preview:-1\" \/>\n<link rel=\"canonical\" href=\"https:\/\/www.fleurette-florium.fr\/es\/por-que-elegir-florium\/\" \/>\n<meta property=\"og:locale\" content=\"es_ES\" \/>\n<meta property=\"og:type\" content=\"article\" \/>\n<meta property=\"og:title\" content=\"Florium\" \/>\n<meta property=\"og:description\" content=\"[vc_row][vc_column width=\u00bb1\/6&#8243;][\/vc_column][vc_column width=\u00bb2\/3&#8243;][vc_column_text] \u00bfBusca una autocaravana? Opte por una autocaravana de lujo con \u00abinstinto viajero\u00bb de Florium [\/vc_column_text][vc_empty_space height=\u00bb16&#8243;][\/vc_column][vc_column width=\u00bb1\/6&#8243;][\/vc_column][\/vc_row][vc_row full_width=\u00bbstretch_row\u00bb css=\u00bb.vc_custom_1533634144867{padding-top: 100px !important;padding-bottom: 100px !important;background-color: rgba(239,228,207,0.5) !important;*background-color: rgb(239,228,207) !important;}\u00bb][vc_column width=\u00bb1\/12&#8243;][\/vc_column][vc_column width=\u00bb5\/12&#8243;][vc_column_text]Siempre es dif\u00edcil responder a la pregunta \u00abPero, \u00bfqu\u00e9 autocaravana elijo?\u00bb\u00a0Opte por un dise\u00f1o interior excepcional, mobiliario elegante y gran comodidad a bordo con [&hellip;]\" \/>\n<meta property=\"og:url\" content=\"https:\/\/www.fleurette-florium.fr\/es\/por-que-elegir-florium\/\" \/>\n<meta property=\"og:site_name\" content=\"Fleurette Florium\" \/>\n<meta property=\"article:modified_time\" content=\"2025-09-24T09:54:46+00:00\" \/>\n<meta name=\"twitter:label1\" content=\"Tiempo de lectura\" \/>\n\t<meta name=\"twitter:data1\" content=\"3 minutos\" \/>\n<script type=\"application\/ld+json\" class=\"yoast-schema-graph\">{\"@context\":\"https:\\\/\\\/schema.org\",\"@graph\":[{\"@type\":\"WebPage\",\"@id\":\"https:\\\/\\\/www.fleurette-florium.fr\\\/es\\\/por-que-elegir-florium\\\/\",\"url\":\"https:\\\/\\\/www.fleurette-florium.fr\\\/es\\\/por-que-elegir-florium\\\/\",\"name\":\"Florium\",\"isPartOf\":{\"@id\":\"https:\\\/\\\/www.fleurette-florium.fr\\\/#website\"},\"datePublished\":\"2018-08-06T15:25:51+00:00\",\"dateModified\":\"2025-09-24T09:54:46+00:00\",\"breadcrumb\":{\"@id\":\"https:\\\/\\\/www.fleurette-florium.fr\\\/es\\\/por-que-elegir-florium\\\/#breadcrumb\"},\"inLanguage\":\"es\",\"potentialAction\":[{\"@type\":\"ReadAction\",\"target\":[\"https:\\\/\\\/www.fleurette-florium.fr\\\/es\\\/por-que-elegir-florium\\\/\"]}]},{\"@type\":\"BreadcrumbList\",\"@id\":\"https:\\\/\\\/www.fleurette-florium.fr\\\/es\\\/por-que-elegir-florium\\\/#breadcrumb\",\"itemListElement\":[{\"@type\":\"ListItem\",\"position\":1,\"name\":\"\",\"item\":\"https:\\\/\\\/www.fleurette-florium.fr\\\/es\\\/accueil-camping-cars-modernes-florium\\\/\"},{\"@type\":\"ListItem\",\"position\":2,\"name\":\"\u00bfPOR QU\u00c9 ELEGIR FLORIUM?\"}]},{\"@type\":\"WebSite\",\"@id\":\"https:\\\/\\\/www.fleurette-florium.fr\\\/#website\",\"url\":\"https:\\\/\\\/www.fleurette-florium.fr\\\/\",\"name\":\"Fleurette Florium\",\"description\":\"\",\"publisher\":{\"@id\":\"https:\\\/\\\/www.fleurette-florium.fr\\\/#organization\"},\"potentialAction\":[{\"@type\":\"SearchAction\",\"target\":{\"@type\":\"EntryPoint\",\"urlTemplate\":\"https:\\\/\\\/www.fleurette-florium.fr\\\/?s={search_term_string}\"},\"query-input\":{\"@type\":\"PropertyValueSpecification\",\"valueRequired\":true,\"valueName\":\"search_term_string\"}}],\"inLanguage\":\"es\"},{\"@type\":\"Organization\",\"@id\":\"https:\\\/\\\/www.fleurette-florium.fr\\\/#organization\",\"name\":\"Fleurette Florium\",\"url\":\"https:\\\/\\\/www.fleurette-florium.fr\\\/\",\"logo\":{\"@type\":\"ImageObject\",\"inLanguage\":\"es\",\"@id\":\"https:\\\/\\\/www.fleurette-florium.fr\\\/#\\\/schema\\\/logo\\\/image\\\/\",\"url\":\"https:\\\/\\\/www.fleurette-florium.fr\\\/wp-content\\\/uploads\\\/2021\\\/07\\\/logo-fleurette-florium-scaled.png\",\"contentUrl\":\"https:\\\/\\\/www.fleurette-florium.fr\\\/wp-content\\\/uploads\\\/2021\\\/07\\\/logo-fleurette-florium-scaled.png\",\"width\":2560,\"height\":830,\"caption\":\"Fleurette Florium\"},\"image\":{\"@id\":\"https:\\\/\\\/www.fleurette-florium.fr\\\/#\\\/schema\\\/logo\\\/image\\\/\"}}]}<\/script>\n<!-- \/ Yoast SEO plugin. -->","yoast_head_json":{"title":"Florium","robots":{"index":"index","follow":"follow","max-snippet":"max-snippet:-1","max-image-preview":"max-image-preview:large","max-video-preview":"max-video-preview:-1"},"canonical":"https:\/\/www.fleurette-florium.fr\/es\/por-que-elegir-florium\/","og_locale":"es_ES","og_type":"article","og_title":"Florium","og_description":"[vc_row][vc_column width=\u00bb1\/6&#8243;][\/vc_column][vc_column width=\u00bb2\/3&#8243;][vc_column_text] \u00bfBusca una autocaravana? Opte por una autocaravana de lujo con \u00abinstinto viajero\u00bb de Florium [\/vc_column_text][vc_empty_space height=\u00bb16&#8243;][\/vc_column][vc_column width=\u00bb1\/6&#8243;][\/vc_column][\/vc_row][vc_row full_width=\u00bbstretch_row\u00bb css=\u00bb.vc_custom_1533634144867{padding-top: 100px !important;padding-bottom: 100px !important;background-color: rgba(239,228,207,0.5) !important;*background-color: rgb(239,228,207) !important;}\u00bb][vc_column width=\u00bb1\/12&#8243;][\/vc_column][vc_column width=\u00bb5\/12&#8243;][vc_column_text]Siempre es dif\u00edcil responder a la pregunta \u00abPero, \u00bfqu\u00e9 autocaravana elijo?\u00bb\u00a0Opte por un dise\u00f1o interior excepcional, mobiliario elegante y gran comodidad a bordo con [&hellip;]","og_url":"https:\/\/www.fleurette-florium.fr\/es\/por-que-elegir-florium\/","og_site_name":"Fleurette Florium","article_modified_time":"2025-09-24T09:54:46+00:00","twitter_misc":{"Tiempo de lectura":"3 minutos"},"schema":{"@context":"https:\/\/schema.org","@graph":[{"@type":"WebPage","@id":"https:\/\/www.fleurette-florium.fr\/es\/por-que-elegir-florium\/","url":"https:\/\/www.fleurette-florium.fr\/es\/por-que-elegir-florium\/","name":"Florium","isPartOf":{"@id":"https:\/\/www.fleurette-florium.fr\/#website"},"datePublished":"2018-08-06T15:25:51+00:00","dateModified":"2025-09-24T09:54:46+00:00","breadcrumb":{"@id":"https:\/\/www.fleurette-florium.fr\/es\/por-que-elegir-florium\/#breadcrumb"},"inLanguage":"es","potentialAction":[{"@type":"ReadAction","target":["https:\/\/www.fleurette-florium.fr\/es\/por-que-elegir-florium\/"]}]},{"@type":"BreadcrumbList","@id":"https:\/\/www.fleurette-florium.fr\/es\/por-que-elegir-florium\/#breadcrumb","itemListElement":[{"@type":"ListItem","position":1,"name":"","item":"https:\/\/www.fleurette-florium.fr\/es\/accueil-camping-cars-modernes-florium\/"},{"@type":"ListItem","position":2,"name":"\u00bfPOR QU\u00c9 ELEGIR FLORIUM?"}]},{"@type":"WebSite","@id":"https:\/\/www.fleurette-florium.fr\/#website","url":"https:\/\/www.fleurette-florium.fr\/","name":"Fleurette Florium","description":"","publisher":{"@id":"https:\/\/www.fleurette-florium.fr\/#organization"},"potentialAction":[{"@type":"SearchAction","target":{"@type":"EntryPoint","urlTemplate":"https:\/\/www.fleurette-florium.fr\/?s={search_term_string}"},"query-input":{"@type":"PropertyValueSpecification","valueRequired":true,"valueName":"search_term_string"}}],"inLanguage":"es"},{"@type":"Organization","@id":"https:\/\/www.fleurette-florium.fr\/#organization","name":"Fleurette Florium","url":"https:\/\/www.fleurette-florium.fr\/","logo":{"@type":"ImageObject","inLanguage":"es","@id":"https:\/\/www.fleurette-florium.fr\/#\/schema\/logo\/image\/","url":"https:\/\/www.fleurette-florium.fr\/wp-content\/uploads\/2021\/07\/logo-fleurette-florium-scaled.png","contentUrl":"https:\/\/www.fleurette-florium.fr\/wp-content\/uploads\/2021\/07\/logo-fleurette-florium-scaled.png","width":2560,"height":830,"caption":"Fleurette Florium"},"image":{"@id":"https:\/\/www.fleurette-florium.fr\/#\/schema\/logo\/image\/"}}]}},"_links":{"self":[{"href":"https:\/\/www.fleurette-florium.fr\/es\/wp-json\/wp\/v2\/pages\/4926","targetHints":{"allow":["GET"]}}],"collection":[{"href":"https:\/\/www.fleurette-florium.fr\/es\/wp-json\/wp\/v2\/pages"}],"about":[{"href":"https:\/\/www.fleurette-florium.fr\/es\/wp-json\/wp\/v2\/types\/page"}],"author":[{"embeddable":true,"href":"https:\/\/www.fleurette-florium.fr\/es\/wp-json\/wp\/v2\/users\/4"}],"replies":[{"embeddable":true,"href":"https:\/\/www.fleurette-florium.fr\/es\/wp-json\/wp\/v2\/comments?post=4926"}],"version-history":[{"count":33,"href":"https:\/\/www.fleurette-florium.fr\/es\/wp-json\/wp\/v2\/pages\/4926\/revisions"}],"predecessor-version":[{"id":32721,"href":"https:\/\/www.fleurette-florium.fr\/es\/wp-json\/wp\/v2\/pages\/4926\/revisions\/32721"}],"wp:attachment":[{"href":"https:\/\/www.fleurette-florium.fr\/es\/wp-json\/wp\/v2\/media?parent=4926"}],"curies":[{"name":"wp","href":"https:\/\/api.w.org\/{rel}","templated":true}]}}