{"id":3844,"date":"2016-11-22T18:00:29","date_gmt":"2016-11-22T17:00:29","guid":{"rendered":"http:\/\/florium.fr\/es\/?page_id=3844"},"modified":"2016-11-22T18:00:29","modified_gmt":"2016-11-22T17:00:29","slug":"notre-savoir-faire-camping-cars-100-polyester","status":"publish","type":"page","link":"https:\/\/www.fleurette-florium.fr\/es\/notre-savoir-faire-camping-cars-100-polyester\/","title":{"rendered":"Notre savoir-faire &#8211; Camping-cars 100% Polyester"},"content":{"rendered":"<div class=\"wpb-content-wrapper\"><p>[vc_row full_width=\u00bb\u00bb parallax=\u00bb\u00bb parallax_image=\u00bb\u00bb][vc_column width=\u00bb2\/3&#8243;][vc_single_image image=\u00bb3589&#8243; border_color=\u00bbgrey\u00bb img_link_large=\u00bb\u00bb img_link_target=\u00bb_self\u00bb img_size=\u00bbfull\u00bb alignment=\u00bbcenter\u00bb][\/vc_column][vc_column width=\u00bb1\/3&#8243;][vc_column_text el_class=\u00bbsavoirfaire_texte_droite\u00bb]<\/p>\n<h3 class=\"p1\">FLORIUM, des camping-cars 100% Polyester<\/h3>\n<ul>\n<li><a href=\"\/?page_id=1092\">Menuiserie<\/a><\/li>\n<li><a href=\"\/?page_id=1965\">Polyester<\/a><\/li>\n<li><a href=\"\/?page_id=1973\">Sellerie\u00a0Design<\/a><\/li>\n<li><a href=\"\/?page_id=2022\">Recovery System<\/a><\/li>\n<li><a href=\"\/?page_id=3741\" target=\"_blank\">Protect System<\/a><\/li>\n<li><a href=\"\/?page_id=1981\">Ch\u00e2ssis Alko<\/a><\/li>\n<li><a href=\"\/?page_id=3729\" target=\"_blank\">Ch\u00e2ssis Fiat<\/a><\/li>\n<li><a href=\"\/?page_id=1990\">Chauffage Alde<\/a><\/li>\n<li><a href=\"\/?page_id=3735\" target=\"_blank\">Chauffage Truma<\/a><\/li>\n<li><a href=\"\/?page_id=1997\">Equipements<\/a><\/li>\n<li><a href=\"\/?page_id=2004\">Packs et options<\/a><\/li>\n<li><a href=\"\/?page_id=2012\">Florium Assistance<\/a><\/li>\n<\/ul>\n<p>[\/vc_column_text][\/vc_column][\/vc_row][vc_row full_width=\u00bb\u00bb parallax=\u00bb\u00bb parallax_image=\u00bb\u00bb][vc_column width=\u00bb2\/3&#8243;][vc_column_text el_class=\u00bbsavoirfaire_texte_gauche_dessous\u00bb]<\/p>\n<h3 class=\"p1\">FLORIUM, des camping-cars 100% Polyester<\/h3>\n<p class=\"p1\">Le choix de mati\u00e8res de qualit\u00e9, pour un confort ma\u00eetris\u00e9<\/p>\n<p class=\"p1\">Le polyester FLORIUM\u00a0est fabriqu\u00e9\u00a0par nos stratifieurs, pour garantir\u00a0la plus belle brillance, et une\u00a0\u00e9tanch\u00e9it\u00e9 irr\u00e9prochable, obtenues\u00a0par nos m\u00e9thodes uniques de\u00a0recouvrement. \u00c0 d\u00e9couvrir sur\u00a0<a href=\"https:\/\/www.youtube.com\/user\/FleuretTV\" target=\"_blank\">FleuretTV.<\/a><\/p>\n<p class=\"p1\">Nous sommes aujourd&#8217;hui le seul fabricant en Europe \u00e0 proposer des <strong>camping-cars 100% polyester<\/strong> dont la fabrication est int\u00e9gr\u00e9e \u00e0 notre usine, situ\u00e9e en Vend\u00e9e. \u00c9quip\u00e9s d&#8217;un nouvel atelier de fabrication unique en Europe, adapt\u00e9s \u00e0 la norme Atex, nous fabriquons ainsi nos v\u00e9hicules dans le respect des conditions d&#8217;hygi\u00e8ne et de s\u00e9curit\u00e9 exig\u00e9es par les normes en vigueur.<\/p>\n<p class=\"p1\">Les avantages d&#8217;une carrosserie 100% polyester :<\/p>\n<p class=\"p1\">&#8211; l&#8217;esth\u00e9tisme et la brillance de la carrosserie<\/p>\n<p class=\"p1\">&#8211; un aspect lisse \u00e9clatant dans le temps<\/p>\n<p class=\"p1\">&#8211; un mat\u00e9riau r\u00e9parable<\/p>\n<p class=\"p1\">&#8211; une cellule anti-gr\u00eale gr\u00e2ce \u00e0 une \u00e9paisseur de polyester de 3mm (bas de caisse compris)<\/p>\n<p class=\"p1\">&#8211; une isolation optimale par un mat\u00e9riau non conducteur de la chaleur ou du froid<\/p>\n<p>[\/vc_column_text][\/vc_column][vc_column width=\u00bb1\/3&#8243;][vc_video link=\u00bbhttps:\/\/www.youtube.com\/watch?v=TrJ1taRGsCI&amp;index=2&amp;list=PUN1yMM0pdFR9KdMIqadwyRg\u00bb][\/vc_column][\/vc_row]<\/p>\n<\/div>","protected":false},"excerpt":{"rendered":"<p>[vc_row full_width=\u00bb\u00bb parallax=\u00bb\u00bb parallax_image=\u00bb\u00bb][vc_column width=\u00bb2\/3&#8243;][vc_single_image image=\u00bb3589&#8243; border_color=\u00bbgrey\u00bb img_link_large=\u00bb\u00bb img_link_target=\u00bb_self\u00bb img_size=\u00bbfull\u00bb alignment=\u00bbcenter\u00bb][\/vc_column][vc_column width=\u00bb1\/3&#8243;][vc_column_text el_class=\u00bbsavoirfaire_texte_droite\u00bb] FLORIUM, des camping-cars 100% Polyester Menuiserie Polyester Sellerie\u00a0Design Recovery System Protect System Ch\u00e2ssis Alko Ch\u00e2ssis Fiat Chauffage Alde Chauffage Truma Equipements Packs et options Florium Assistance [\/vc_column_text][\/vc_column][\/vc_row][vc_row full_width=\u00bb\u00bb parallax=\u00bb\u00bb parallax_image=\u00bb\u00bb][vc_column width=\u00bb2\/3&#8243;][vc_column_text el_class=\u00bbsavoirfaire_texte_gauche_dessous\u00bb] FLORIUM, des camping-cars 100% Polyester Le choix de mati\u00e8res de [&hellip;]<\/p>\n","protected":false},"author":4,"featured_media":0,"parent":0,"menu_order":1,"comment_status":"closed","ping_status":"closed","template":"","meta":{"_acf_changed":false,"footnotes":""},"class_list":["post-3844","page","type-page","status-publish","hentry"],"acf":[],"yoast_head":"<!-- This site is optimized with the Yoast SEO plugin v27.5 - https:\/\/yoast.com\/product\/yoast-seo-wordpress\/ -->\n<title>Notre savoir-faire - Camping-cars 100% Polyester - Fleurette Florium<\/title>\n<meta name=\"robots\" content=\"index, follow, max-snippet:-1, max-image-preview:large, max-video-preview:-1\" \/>\n<link rel=\"canonical\" href=\"https:\/\/www.fleurette-florium.fr\/es\/notre-savoir-faire-camping-cars-100-polyester\/\" \/>\n<meta property=\"og:locale\" content=\"es_ES\" \/>\n<meta property=\"og:type\" content=\"article\" \/>\n<meta property=\"og:title\" content=\"Notre savoir-faire - Camping-cars 100% Polyester - Fleurette Florium\" \/>\n<meta property=\"og:description\" content=\"[vc_row full_width=\u00bb\u00bb parallax=\u00bb\u00bb parallax_image=\u00bb\u00bb][vc_column width=\u00bb2\/3&#8243;][vc_single_image image=\u00bb3589&#8243; border_color=\u00bbgrey\u00bb img_link_large=\u00bb\u00bb img_link_target=\u00bb_self\u00bb img_size=\u00bbfull\u00bb alignment=\u00bbcenter\u00bb][\/vc_column][vc_column width=\u00bb1\/3&#8243;][vc_column_text el_class=\u00bbsavoirfaire_texte_droite\u00bb] FLORIUM, des camping-cars 100% Polyester Menuiserie Polyester Sellerie\u00a0Design Recovery System Protect System Ch\u00e2ssis Alko Ch\u00e2ssis Fiat Chauffage Alde Chauffage Truma Equipements Packs et options Florium Assistance [\/vc_column_text][\/vc_column][\/vc_row][vc_row full_width=\u00bb\u00bb parallax=\u00bb\u00bb parallax_image=\u00bb\u00bb][vc_column width=\u00bb2\/3&#8243;][vc_column_text el_class=\u00bbsavoirfaire_texte_gauche_dessous\u00bb] FLORIUM, des camping-cars 100% Polyester Le choix de mati\u00e8res de [&hellip;]\" \/>\n<meta property=\"og:url\" content=\"https:\/\/www.fleurette-florium.fr\/es\/notre-savoir-faire-camping-cars-100-polyester\/\" \/>\n<meta property=\"og:site_name\" content=\"Fleurette Florium\" \/>\n<meta name=\"twitter:label1\" content=\"Tiempo de lectura\" \/>\n\t<meta name=\"twitter:data1\" content=\"2 minutos\" \/>\n<script type=\"application\/ld+json\" class=\"yoast-schema-graph\">{\"@context\":\"https:\\\/\\\/schema.org\",\"@graph\":[{\"@type\":\"WebPage\",\"@id\":\"https:\\\/\\\/www.fleurette-florium.fr\\\/es\\\/notre-savoir-faire-camping-cars-100-polyester\\\/\",\"url\":\"https:\\\/\\\/www.fleurette-florium.fr\\\/es\\\/notre-savoir-faire-camping-cars-100-polyester\\\/\",\"name\":\"Notre savoir-faire - Camping-cars 100% Polyester - Fleurette Florium\",\"isPartOf\":{\"@id\":\"https:\\\/\\\/www.fleurette-florium.fr\\\/#website\"},\"datePublished\":\"2016-11-22T17:00:29+00:00\",\"breadcrumb\":{\"@id\":\"https:\\\/\\\/www.fleurette-florium.fr\\\/es\\\/notre-savoir-faire-camping-cars-100-polyester\\\/#breadcrumb\"},\"inLanguage\":\"es\",\"potentialAction\":[{\"@type\":\"ReadAction\",\"target\":[\"https:\\\/\\\/www.fleurette-florium.fr\\\/es\\\/notre-savoir-faire-camping-cars-100-polyester\\\/\"]}]},{\"@type\":\"BreadcrumbList\",\"@id\":\"https:\\\/\\\/www.fleurette-florium.fr\\\/es\\\/notre-savoir-faire-camping-cars-100-polyester\\\/#breadcrumb\",\"itemListElement\":[{\"@type\":\"ListItem\",\"position\":1,\"name\":\"\",\"item\":\"https:\\\/\\\/www.fleurette-florium.fr\\\/es\\\/accueil-camping-cars-modernes-florium\\\/\"},{\"@type\":\"ListItem\",\"position\":2,\"name\":\"Notre savoir-faire &#8211; Camping-cars 100% Polyester\"}]},{\"@type\":\"WebSite\",\"@id\":\"https:\\\/\\\/www.fleurette-florium.fr\\\/#website\",\"url\":\"https:\\\/\\\/www.fleurette-florium.fr\\\/\",\"name\":\"Fleurette Florium\",\"description\":\"\",\"publisher\":{\"@id\":\"https:\\\/\\\/www.fleurette-florium.fr\\\/#organization\"},\"potentialAction\":[{\"@type\":\"SearchAction\",\"target\":{\"@type\":\"EntryPoint\",\"urlTemplate\":\"https:\\\/\\\/www.fleurette-florium.fr\\\/?s={search_term_string}\"},\"query-input\":{\"@type\":\"PropertyValueSpecification\",\"valueRequired\":true,\"valueName\":\"search_term_string\"}}],\"inLanguage\":\"es\"},{\"@type\":\"Organization\",\"@id\":\"https:\\\/\\\/www.fleurette-florium.fr\\\/#organization\",\"name\":\"Fleurette Florium\",\"url\":\"https:\\\/\\\/www.fleurette-florium.fr\\\/\",\"logo\":{\"@type\":\"ImageObject\",\"inLanguage\":\"es\",\"@id\":\"https:\\\/\\\/www.fleurette-florium.fr\\\/#\\\/schema\\\/logo\\\/image\\\/\",\"url\":\"https:\\\/\\\/www.fleurette-florium.fr\\\/wp-content\\\/uploads\\\/2021\\\/07\\\/logo-fleurette-florium-scaled.png\",\"contentUrl\":\"https:\\\/\\\/www.fleurette-florium.fr\\\/wp-content\\\/uploads\\\/2021\\\/07\\\/logo-fleurette-florium-scaled.png\",\"width\":2560,\"height\":830,\"caption\":\"Fleurette Florium\"},\"image\":{\"@id\":\"https:\\\/\\\/www.fleurette-florium.fr\\\/#\\\/schema\\\/logo\\\/image\\\/\"}}]}<\/script>\n<!-- \/ Yoast SEO plugin. -->","yoast_head_json":{"title":"Notre savoir-faire - Camping-cars 100% Polyester - Fleurette Florium","robots":{"index":"index","follow":"follow","max-snippet":"max-snippet:-1","max-image-preview":"max-image-preview:large","max-video-preview":"max-video-preview:-1"},"canonical":"https:\/\/www.fleurette-florium.fr\/es\/notre-savoir-faire-camping-cars-100-polyester\/","og_locale":"es_ES","og_type":"article","og_title":"Notre savoir-faire - Camping-cars 100% Polyester - Fleurette Florium","og_description":"[vc_row full_width=\u00bb\u00bb parallax=\u00bb\u00bb parallax_image=\u00bb\u00bb][vc_column width=\u00bb2\/3&#8243;][vc_single_image image=\u00bb3589&#8243; border_color=\u00bbgrey\u00bb img_link_large=\u00bb\u00bb img_link_target=\u00bb_self\u00bb img_size=\u00bbfull\u00bb alignment=\u00bbcenter\u00bb][\/vc_column][vc_column width=\u00bb1\/3&#8243;][vc_column_text el_class=\u00bbsavoirfaire_texte_droite\u00bb] FLORIUM, des camping-cars 100% Polyester Menuiserie Polyester Sellerie\u00a0Design Recovery System Protect System Ch\u00e2ssis Alko Ch\u00e2ssis Fiat Chauffage Alde Chauffage Truma Equipements Packs et options Florium Assistance [\/vc_column_text][\/vc_column][\/vc_row][vc_row full_width=\u00bb\u00bb parallax=\u00bb\u00bb parallax_image=\u00bb\u00bb][vc_column width=\u00bb2\/3&#8243;][vc_column_text el_class=\u00bbsavoirfaire_texte_gauche_dessous\u00bb] FLORIUM, des camping-cars 100% Polyester Le choix de mati\u00e8res de [&hellip;]","og_url":"https:\/\/www.fleurette-florium.fr\/es\/notre-savoir-faire-camping-cars-100-polyester\/","og_site_name":"Fleurette Florium","twitter_misc":{"Tiempo de lectura":"2 minutos"},"schema":{"@context":"https:\/\/schema.org","@graph":[{"@type":"WebPage","@id":"https:\/\/www.fleurette-florium.fr\/es\/notre-savoir-faire-camping-cars-100-polyester\/","url":"https:\/\/www.fleurette-florium.fr\/es\/notre-savoir-faire-camping-cars-100-polyester\/","name":"Notre savoir-faire - Camping-cars 100% Polyester - Fleurette Florium","isPartOf":{"@id":"https:\/\/www.fleurette-florium.fr\/#website"},"datePublished":"2016-11-22T17:00:29+00:00","breadcrumb":{"@id":"https:\/\/www.fleurette-florium.fr\/es\/notre-savoir-faire-camping-cars-100-polyester\/#breadcrumb"},"inLanguage":"es","potentialAction":[{"@type":"ReadAction","target":["https:\/\/www.fleurette-florium.fr\/es\/notre-savoir-faire-camping-cars-100-polyester\/"]}]},{"@type":"BreadcrumbList","@id":"https:\/\/www.fleurette-florium.fr\/es\/notre-savoir-faire-camping-cars-100-polyester\/#breadcrumb","itemListElement":[{"@type":"ListItem","position":1,"name":"","item":"https:\/\/www.fleurette-florium.fr\/es\/accueil-camping-cars-modernes-florium\/"},{"@type":"ListItem","position":2,"name":"Notre savoir-faire &#8211; Camping-cars 100% Polyester"}]},{"@type":"WebSite","@id":"https:\/\/www.fleurette-florium.fr\/#website","url":"https:\/\/www.fleurette-florium.fr\/","name":"Fleurette Florium","description":"","publisher":{"@id":"https:\/\/www.fleurette-florium.fr\/#organization"},"potentialAction":[{"@type":"SearchAction","target":{"@type":"EntryPoint","urlTemplate":"https:\/\/www.fleurette-florium.fr\/?s={search_term_string}"},"query-input":{"@type":"PropertyValueSpecification","valueRequired":true,"valueName":"search_term_string"}}],"inLanguage":"es"},{"@type":"Organization","@id":"https:\/\/www.fleurette-florium.fr\/#organization","name":"Fleurette Florium","url":"https:\/\/www.fleurette-florium.fr\/","logo":{"@type":"ImageObject","inLanguage":"es","@id":"https:\/\/www.fleurette-florium.fr\/#\/schema\/logo\/image\/","url":"https:\/\/www.fleurette-florium.fr\/wp-content\/uploads\/2021\/07\/logo-fleurette-florium-scaled.png","contentUrl":"https:\/\/www.fleurette-florium.fr\/wp-content\/uploads\/2021\/07\/logo-fleurette-florium-scaled.png","width":2560,"height":830,"caption":"Fleurette Florium"},"image":{"@id":"https:\/\/www.fleurette-florium.fr\/#\/schema\/logo\/image\/"}}]}},"_links":{"self":[{"href":"https:\/\/www.fleurette-florium.fr\/es\/wp-json\/wp\/v2\/pages\/3844","targetHints":{"allow":["GET"]}}],"collection":[{"href":"https:\/\/www.fleurette-florium.fr\/es\/wp-json\/wp\/v2\/pages"}],"about":[{"href":"https:\/\/www.fleurette-florium.fr\/es\/wp-json\/wp\/v2\/types\/page"}],"author":[{"embeddable":true,"href":"https:\/\/www.fleurette-florium.fr\/es\/wp-json\/wp\/v2\/users\/4"}],"replies":[{"embeddable":true,"href":"https:\/\/www.fleurette-florium.fr\/es\/wp-json\/wp\/v2\/comments?post=3844"}],"version-history":[{"count":1,"href":"https:\/\/www.fleurette-florium.fr\/es\/wp-json\/wp\/v2\/pages\/3844\/revisions"}],"predecessor-version":[{"id":3850,"href":"https:\/\/www.fleurette-florium.fr\/es\/wp-json\/wp\/v2\/pages\/3844\/revisions\/3850"}],"wp:attachment":[{"href":"https:\/\/www.fleurette-florium.fr\/es\/wp-json\/wp\/v2\/media?parent=3844"}],"curies":[{"name":"wp","href":"https:\/\/api.w.org\/{rel}","templated":true}]}}