{"id":3842,"date":"2016-11-22T18:02:24","date_gmt":"2016-11-22T17:02:24","guid":{"rendered":"http:\/\/florium.fr\/es\/?page_id=3842"},"modified":"2016-11-22T18:02:24","modified_gmt":"2016-11-22T17:02:24","slug":"notre-savoir-faire-recovery-system-by-florium","status":"publish","type":"page","link":"https:\/\/www.fleurette-florium.fr\/es\/notre-savoir-faire-recovery-system-by-florium\/","title":{"rendered":"Notre savoir-faire &#8211; Recovery System by Florium"},"content":{"rendered":"<div class=\"wpb-content-wrapper\"><p>[vc_row full_width=\u00bb\u00bb parallax=\u00bb\u00bb parallax_image=\u00bb\u00bb][vc_column width=\u00bb2\/3&#8243;][vc_single_image image=\u00bb1684&#8243; border_color=\u00bbgrey\u00bb img_link_large=\u00bb\u00bb img_link_target=\u00bb_self\u00bb img_size=\u00bbfull\u00bb][\/vc_column][vc_column width=\u00bb1\/3&#8243;][vc_column_text el_class=\u00bbsavoirfaire_texte_droite\u00bb]<\/p>\n<h3 class=\"p1\">Le syst\u00e8me de recouvrement performant<\/h3>\n<ul>\n<li><a href=\"http:\/\/www.www.fleurette-florium.fr\/notre-savoir-faire\">Menuiserie<\/a><\/li>\n<li><a href=\"\/?page_id=1965\">Polyester<\/a><\/li>\n<li><a href=\"\/?page_id=1973\">Sellerie\u00a0Design<\/a><\/li>\n<li><a href=\"\/?page_id=2022\">Recovery System<\/a><\/li>\n<li><a href=\"\/?page_id=3741\" target=\"_blank\">Protect System<\/a><\/li>\n<li><a href=\"\/?page_id=1981\">Ch\u00e2ssis Alko<\/a><\/li>\n<li><a href=\"\/?page_id=3729\" target=\"_blank\">Ch\u00e2ssis Fiat<\/a><\/li>\n<li><a href=\"\/?page_id=1990\">Chauffage Alde<\/a><\/li>\n<li><a href=\"\/?page_id=3735\" target=\"_blank\">Chauffage Truma<\/a><\/li>\n<li><a href=\"\/?page_id=1997\">Equipements<\/a><\/li>\n<li><a href=\"\/?page_id=2004\">Packs et options<\/a><\/li>\n<li><a href=\"\/?page_id=2012\">Florium Assistance<\/a><\/li>\n<\/ul>\n<p>[\/vc_column_text][\/vc_column][\/vc_row][vc_row full_width=\u00bb\u00bb parallax=\u00bb\u00bb parallax_image=\u00bb\u00bb][vc_column width=\u00bb2\/3&#8243;][vc_column_text]<\/p>\n<h3 class=\"p1\">Recovery System, syst\u00e8me d&#8217;assemblage \u00e0 recouvrement<\/h3>\n<p class=\"p1\">Fort de son exp\u00e9rience dans l&#8217;assemblage de v\u00e9hicules et toujours avec cette volont\u00e9 de procurer les meilleurs \u00e9quipements, FLORIUM propose un proc\u00e9d\u00e9 exclusif : le <strong>Recovery System,<\/strong> un syst\u00e8me d&#8217;assemblage \u00e0 recouvrement, plus r\u00e9sistant que l&#8217;assemblage \u00abbout \u00e0 bout\u00bb et garantissant une parfaite \u00e9tanch\u00e9it\u00e9.<\/p>\n<p class=\"p1\">Les points forts de ce syst\u00e8me :<\/p>\n<p class=\"p1\">&#8211; Assemblage de la carrosserie par superpositions de toutes les pi\u00e8ces de polyester : l&#8217;eau ne filtre pas \u00e0 l&#8217;int\u00e9rieur<\/p>\n<p class=\"p1\"><span class=\"Apple-converted-space\">\u00a0 \u00a0 \u00a0 \u00a0 <\/span>1- Pose de la peau polyester sur le toit<\/p>\n<p class=\"p1\"><span class=\"Apple-converted-space\">\u00a0 \u00a0 \u00a0 \u00a0 <\/span>2- La face arri\u00e8re vient recouvrir le toit et les c\u00f4t\u00e9s<\/p>\n<p class=\"p1\"><span class=\"Apple-converted-space\">\u00a0 \u00a0 \u00a0 \u00a0 <\/span>3- La casquette est pos\u00e9e en recouvrement du toit et des c\u00f4t\u00e9s<\/p>\n<p class=\"p1\"><span class=\"Apple-converted-space\">\u00a0 \u00a0 \u00a0 \u00a0 <\/span>4- Les bas de caisse sont fix\u00e9s sur les panneaux lat\u00e9raux<\/p>\n<p class=\"p1\">&#8211; Toit et face arri\u00e8re polyester en superposition du panneau sandwich sans contact : barrage thermique<\/p>\n<p class=\"p1\">&#8211; Recovery system &amp; Styrofoam(R) : deux techniques compl\u00e9mentaires pour une isolation de qualit\u00e9 optimale.<\/p>\n<p>[\/vc_column_text][\/vc_column][vc_column width=\u00bb1\/3&#8243;][vc_video link=\u00bbhttps:\/\/www.youtube.com\/watch?v=KYfrglj0oUg&amp;list=PUN1yMM0pdFR9KdMIqadwyRg&amp;index=1&#8243;][\/vc_column][\/vc_row]<\/p>\n<\/div>","protected":false},"excerpt":{"rendered":"<p>[vc_row full_width=\u00bb\u00bb parallax=\u00bb\u00bb parallax_image=\u00bb\u00bb][vc_column width=\u00bb2\/3&#8243;][vc_single_image image=\u00bb1684&#8243; border_color=\u00bbgrey\u00bb img_link_large=\u00bb\u00bb img_link_target=\u00bb_self\u00bb img_size=\u00bbfull\u00bb][\/vc_column][vc_column width=\u00bb1\/3&#8243;][vc_column_text el_class=\u00bbsavoirfaire_texte_droite\u00bb] Le syst\u00e8me de recouvrement performant Menuiserie Polyester Sellerie\u00a0Design Recovery System Protect System Ch\u00e2ssis Alko Ch\u00e2ssis Fiat Chauffage Alde Chauffage Truma Equipements Packs et options Florium Assistance [\/vc_column_text][\/vc_column][\/vc_row][vc_row full_width=\u00bb\u00bb parallax=\u00bb\u00bb parallax_image=\u00bb\u00bb][vc_column width=\u00bb2\/3&#8243;][vc_column_text] Recovery System, syst\u00e8me d&#8217;assemblage \u00e0 recouvrement Fort de son exp\u00e9rience dans l&#8217;assemblage [&hellip;]<\/p>\n","protected":false},"author":4,"featured_media":0,"parent":0,"menu_order":1,"comment_status":"closed","ping_status":"closed","template":"","meta":{"_acf_changed":false,"footnotes":""},"class_list":["post-3842","page","type-page","status-publish","hentry"],"acf":[],"yoast_head":"<!-- This site is optimized with the Yoast SEO plugin v26.6 - https:\/\/yoast.com\/wordpress\/plugins\/seo\/ -->\n<title>Notre savoir-faire - Recovery System by Florium - Fleurette Florium<\/title>\n<meta name=\"robots\" content=\"index, follow, max-snippet:-1, max-image-preview:large, max-video-preview:-1\" \/>\n<link rel=\"canonical\" href=\"https:\/\/www.fleurette-florium.fr\/es\/notre-savoir-faire-recovery-system-by-florium\/\" \/>\n<meta property=\"og:locale\" content=\"es_ES\" \/>\n<meta property=\"og:type\" content=\"article\" \/>\n<meta property=\"og:title\" content=\"Notre savoir-faire - Recovery System by Florium - Fleurette Florium\" \/>\n<meta property=\"og:description\" content=\"[vc_row full_width=\u00bb\u00bb parallax=\u00bb\u00bb parallax_image=\u00bb\u00bb][vc_column width=\u00bb2\/3&#8243;][vc_single_image image=\u00bb1684&#8243; border_color=\u00bbgrey\u00bb img_link_large=\u00bb\u00bb img_link_target=\u00bb_self\u00bb img_size=\u00bbfull\u00bb][\/vc_column][vc_column width=\u00bb1\/3&#8243;][vc_column_text el_class=\u00bbsavoirfaire_texte_droite\u00bb] Le syst\u00e8me de recouvrement performant Menuiserie Polyester Sellerie\u00a0Design Recovery System Protect System Ch\u00e2ssis Alko Ch\u00e2ssis Fiat Chauffage Alde Chauffage Truma Equipements Packs et options Florium Assistance [\/vc_column_text][\/vc_column][\/vc_row][vc_row full_width=\u00bb\u00bb parallax=\u00bb\u00bb parallax_image=\u00bb\u00bb][vc_column width=\u00bb2\/3&#8243;][vc_column_text] Recovery System, syst\u00e8me d&#8217;assemblage \u00e0 recouvrement Fort de son exp\u00e9rience dans l&#8217;assemblage [&hellip;]\" \/>\n<meta property=\"og:url\" content=\"https:\/\/www.fleurette-florium.fr\/es\/notre-savoir-faire-recovery-system-by-florium\/\" \/>\n<meta property=\"og:site_name\" content=\"Fleurette Florium\" \/>\n<meta name=\"twitter:label1\" content=\"Tiempo de lectura\" \/>\n\t<meta name=\"twitter:data1\" content=\"1 minuto\" \/>\n<script type=\"application\/ld+json\" class=\"yoast-schema-graph\">{\"@context\":\"https:\/\/schema.org\",\"@graph\":[{\"@type\":\"WebPage\",\"@id\":\"https:\/\/www.fleurette-florium.fr\/es\/notre-savoir-faire-recovery-system-by-florium\/\",\"url\":\"https:\/\/www.fleurette-florium.fr\/es\/notre-savoir-faire-recovery-system-by-florium\/\",\"name\":\"Notre savoir-faire - Recovery System by Florium - Fleurette Florium\",\"isPartOf\":{\"@id\":\"https:\/\/www.fleurette-florium.fr\/#website\"},\"datePublished\":\"2016-11-22T17:02:24+00:00\",\"breadcrumb\":{\"@id\":\"https:\/\/www.fleurette-florium.fr\/es\/notre-savoir-faire-recovery-system-by-florium\/#breadcrumb\"},\"inLanguage\":\"es\",\"potentialAction\":[{\"@type\":\"ReadAction\",\"target\":[\"https:\/\/www.fleurette-florium.fr\/es\/notre-savoir-faire-recovery-system-by-florium\/\"]}]},{\"@type\":\"BreadcrumbList\",\"@id\":\"https:\/\/www.fleurette-florium.fr\/es\/notre-savoir-faire-recovery-system-by-florium\/#breadcrumb\",\"itemListElement\":[{\"@type\":\"ListItem\",\"position\":1,\"name\":\"\",\"item\":\"https:\/\/www.fleurette-florium.fr\/es\/accueil-camping-cars-modernes-florium\/\"},{\"@type\":\"ListItem\",\"position\":2,\"name\":\"Notre savoir-faire &#8211; Recovery System by Florium\"}]},{\"@type\":\"WebSite\",\"@id\":\"https:\/\/www.fleurette-florium.fr\/#website\",\"url\":\"https:\/\/www.fleurette-florium.fr\/\",\"name\":\"Fleurette Florium\",\"description\":\"\",\"publisher\":{\"@id\":\"https:\/\/www.fleurette-florium.fr\/#organization\"},\"potentialAction\":[{\"@type\":\"SearchAction\",\"target\":{\"@type\":\"EntryPoint\",\"urlTemplate\":\"https:\/\/www.fleurette-florium.fr\/?s={search_term_string}\"},\"query-input\":{\"@type\":\"PropertyValueSpecification\",\"valueRequired\":true,\"valueName\":\"search_term_string\"}}],\"inLanguage\":\"es\"},{\"@type\":\"Organization\",\"@id\":\"https:\/\/www.fleurette-florium.fr\/#organization\",\"name\":\"Fleurette Florium\",\"url\":\"https:\/\/www.fleurette-florium.fr\/\",\"logo\":{\"@type\":\"ImageObject\",\"inLanguage\":\"es\",\"@id\":\"https:\/\/www.fleurette-florium.fr\/#\/schema\/logo\/image\/\",\"url\":\"https:\/\/www.fleurette-florium.fr\/wp-content\/uploads\/2021\/07\/logo-fleurette-florium-scaled.png\",\"contentUrl\":\"https:\/\/www.fleurette-florium.fr\/wp-content\/uploads\/2021\/07\/logo-fleurette-florium-scaled.png\",\"width\":2560,\"height\":830,\"caption\":\"Fleurette Florium\"},\"image\":{\"@id\":\"https:\/\/www.fleurette-florium.fr\/#\/schema\/logo\/image\/\"}}]}<\/script>\n<!-- \/ Yoast SEO plugin. -->","yoast_head_json":{"title":"Notre savoir-faire - Recovery System by Florium - Fleurette Florium","robots":{"index":"index","follow":"follow","max-snippet":"max-snippet:-1","max-image-preview":"max-image-preview:large","max-video-preview":"max-video-preview:-1"},"canonical":"https:\/\/www.fleurette-florium.fr\/es\/notre-savoir-faire-recovery-system-by-florium\/","og_locale":"es_ES","og_type":"article","og_title":"Notre savoir-faire - Recovery System by Florium - Fleurette Florium","og_description":"[vc_row full_width=\u00bb\u00bb parallax=\u00bb\u00bb parallax_image=\u00bb\u00bb][vc_column width=\u00bb2\/3&#8243;][vc_single_image image=\u00bb1684&#8243; border_color=\u00bbgrey\u00bb img_link_large=\u00bb\u00bb img_link_target=\u00bb_self\u00bb img_size=\u00bbfull\u00bb][\/vc_column][vc_column width=\u00bb1\/3&#8243;][vc_column_text el_class=\u00bbsavoirfaire_texte_droite\u00bb] Le syst\u00e8me de recouvrement performant Menuiserie Polyester Sellerie\u00a0Design Recovery System Protect System Ch\u00e2ssis Alko Ch\u00e2ssis Fiat Chauffage Alde Chauffage Truma Equipements Packs et options Florium Assistance [\/vc_column_text][\/vc_column][\/vc_row][vc_row full_width=\u00bb\u00bb parallax=\u00bb\u00bb parallax_image=\u00bb\u00bb][vc_column width=\u00bb2\/3&#8243;][vc_column_text] Recovery System, syst\u00e8me d&#8217;assemblage \u00e0 recouvrement Fort de son exp\u00e9rience dans l&#8217;assemblage [&hellip;]","og_url":"https:\/\/www.fleurette-florium.fr\/es\/notre-savoir-faire-recovery-system-by-florium\/","og_site_name":"Fleurette Florium","twitter_misc":{"Tiempo de lectura":"1 minuto"},"schema":{"@context":"https:\/\/schema.org","@graph":[{"@type":"WebPage","@id":"https:\/\/www.fleurette-florium.fr\/es\/notre-savoir-faire-recovery-system-by-florium\/","url":"https:\/\/www.fleurette-florium.fr\/es\/notre-savoir-faire-recovery-system-by-florium\/","name":"Notre savoir-faire - Recovery System by Florium - Fleurette Florium","isPartOf":{"@id":"https:\/\/www.fleurette-florium.fr\/#website"},"datePublished":"2016-11-22T17:02:24+00:00","breadcrumb":{"@id":"https:\/\/www.fleurette-florium.fr\/es\/notre-savoir-faire-recovery-system-by-florium\/#breadcrumb"},"inLanguage":"es","potentialAction":[{"@type":"ReadAction","target":["https:\/\/www.fleurette-florium.fr\/es\/notre-savoir-faire-recovery-system-by-florium\/"]}]},{"@type":"BreadcrumbList","@id":"https:\/\/www.fleurette-florium.fr\/es\/notre-savoir-faire-recovery-system-by-florium\/#breadcrumb","itemListElement":[{"@type":"ListItem","position":1,"name":"","item":"https:\/\/www.fleurette-florium.fr\/es\/accueil-camping-cars-modernes-florium\/"},{"@type":"ListItem","position":2,"name":"Notre savoir-faire &#8211; Recovery System by Florium"}]},{"@type":"WebSite","@id":"https:\/\/www.fleurette-florium.fr\/#website","url":"https:\/\/www.fleurette-florium.fr\/","name":"Fleurette Florium","description":"","publisher":{"@id":"https:\/\/www.fleurette-florium.fr\/#organization"},"potentialAction":[{"@type":"SearchAction","target":{"@type":"EntryPoint","urlTemplate":"https:\/\/www.fleurette-florium.fr\/?s={search_term_string}"},"query-input":{"@type":"PropertyValueSpecification","valueRequired":true,"valueName":"search_term_string"}}],"inLanguage":"es"},{"@type":"Organization","@id":"https:\/\/www.fleurette-florium.fr\/#organization","name":"Fleurette Florium","url":"https:\/\/www.fleurette-florium.fr\/","logo":{"@type":"ImageObject","inLanguage":"es","@id":"https:\/\/www.fleurette-florium.fr\/#\/schema\/logo\/image\/","url":"https:\/\/www.fleurette-florium.fr\/wp-content\/uploads\/2021\/07\/logo-fleurette-florium-scaled.png","contentUrl":"https:\/\/www.fleurette-florium.fr\/wp-content\/uploads\/2021\/07\/logo-fleurette-florium-scaled.png","width":2560,"height":830,"caption":"Fleurette Florium"},"image":{"@id":"https:\/\/www.fleurette-florium.fr\/#\/schema\/logo\/image\/"}}]}},"_links":{"self":[{"href":"https:\/\/www.fleurette-florium.fr\/es\/wp-json\/wp\/v2\/pages\/3842","targetHints":{"allow":["GET"]}}],"collection":[{"href":"https:\/\/www.fleurette-florium.fr\/es\/wp-json\/wp\/v2\/pages"}],"about":[{"href":"https:\/\/www.fleurette-florium.fr\/es\/wp-json\/wp\/v2\/types\/page"}],"author":[{"embeddable":true,"href":"https:\/\/www.fleurette-florium.fr\/es\/wp-json\/wp\/v2\/users\/4"}],"replies":[{"embeddable":true,"href":"https:\/\/www.fleurette-florium.fr\/es\/wp-json\/wp\/v2\/comments?post=3842"}],"version-history":[{"count":1,"href":"https:\/\/www.fleurette-florium.fr\/es\/wp-json\/wp\/v2\/pages\/3842\/revisions"}],"predecessor-version":[{"id":3859,"href":"https:\/\/www.fleurette-florium.fr\/es\/wp-json\/wp\/v2\/pages\/3842\/revisions\/3859"}],"wp:attachment":[{"href":"https:\/\/www.fleurette-florium.fr\/es\/wp-json\/wp\/v2\/media?parent=3842"}],"curies":[{"name":"wp","href":"https:\/\/api.w.org\/{rel}","templated":true}]}}