{"id":3838,"date":"2016-11-22T18:02:38","date_gmt":"2016-11-22T17:02:38","guid":{"rendered":"http:\/\/florium.fr\/es\/?page_id=3838"},"modified":"2016-11-22T18:02:38","modified_gmt":"2016-11-22T17:02:38","slug":"notre-savoir-faire-chauffage-truma","status":"publish","type":"page","link":"https:\/\/www.fleurette-florium.fr\/es\/notre-savoir-faire-chauffage-truma\/","title":{"rendered":"Notre savoir-faire &#8211; Chauffage Truma"},"content":{"rendered":"<div class=\"wpb-content-wrapper\"><p>[vc_row full_width=\u00bb\u00bb parallax=\u00bb\u00bb parallax_image=\u00bb\u00bb][vc_column width=\u00bb2\/3&#8243;][vc_single_image image=\u00bb3585&#8243; border_color=\u00bbgrey\u00bb img_link_large=\u00bb\u00bb img_link_target=\u00bb_self\u00bb img_size=\u00bbfull\u00bb][\/vc_column][vc_column width=\u00bb1\/3&#8243;][vc_column_text el_class=\u00bbsavoirfaire_texte_droite\u00bb]<\/p>\n<h3 class=\"p1\">Chauffage TRUMA, command\u00e9 par \u00e9cran tactile<\/h3>\n<ul>\n<li><a href=\"http:\/\/www.www.fleurette-florium.fr\/notre-savoir-faire\">Menuiserie<\/a><\/li>\n<li><a href=\"\/?page_id=1965\">Polyester<\/a><\/li>\n<li><a href=\"\/?page_id=1973\">Sellerie\u00a0Design<\/a><\/li>\n<li><a href=\"\/?page_id=2022\">Recovery System<\/a><\/li>\n<li><a href=\"\/?page_id=3741\" target=\"_blank\">Protect System<\/a><\/li>\n<li><a href=\"\/?page_id=1981\">Ch\u00e2ssis Alko<\/a><\/li>\n<li><a href=\"\/?page_id=3729\" target=\"_blank\">Ch\u00e2ssis Fiat<\/a><\/li>\n<li><a href=\"\/?page_id=1990\">Chauffage Alde<\/a><\/li>\n<li><a href=\"\/?page_id=3735\" target=\"_blank\">Chauffage Truma<\/a><\/li>\n<li><a href=\"\/?page_id=1997\">Equipements<\/a><\/li>\n<li><a href=\"\/?page_id=2004\">Packs et options<\/a><\/li>\n<li><a href=\"\/?page_id=2012\">Florium Assistance<\/a><\/li>\n<\/ul>\n<p>[\/vc_column_text][\/vc_column][\/vc_row][vc_row full_width=\u00bb\u00bb parallax=\u00bb\u00bb parallax_image=\u00bb\u00bb][vc_column width=\u00bb2\/3&#8243;][vc_column_text]<\/p>\n<h3 class=\"p1\">Un chauffage command\u00e9 par \u00e9cran tactile dans votre\u00a0camping-car FLORIUM<\/h3>\n<p align=\"LEFT\">Compact, efficace, fiable sont les mots clefs du succ\u00e8s du chauffage Combi de Truma. Il combine le chauffage et l\u2019eau chaude en un seul appareil et peut se vanter d\u2019\u00eatre le chauffage pour camping-car le plus vendu depuis des ann\u00e9es. Chaque ann\u00e9e, ses innovations placent Truma parmi les plus innovantes d\u2019Allemagne.<\/p>\n<ul>\n<li>Fonctionne au gaz et \u00e0 l\u2019\u00e9lectricit\u00e9<\/li>\n<li>L\u2019air et l\u2019eau sont chauff\u00e9s sous un rendement de 97% et gr\u00e2ce \u00e0 des r\u00e9sistances \u00e9lectriques de 1800W<\/li>\n<li>Capteur de collision coupant le gaz en cas d\u2019accident<\/li>\n<li>Existe en deux syst\u00e8mes, Combi 4 E (4000 W) , Combi 6 E (6000 W).<\/li>\n<li>Le Truma EH permet d\u2019utiliser le chauffage sur le 230V<\/li>\n<\/ul>\n<p align=\"LEFT\">Le nouveau syst\u00e8me Truma iNet System que vous propose Truma vous permet d\u2019activer depuis votre smartphone ou votre tablette le chauffage ou la climatisation de votre v\u00e9hicule.<\/p>\n<p align=\"LEFT\">La Truma iNet Box (option Truma) est la pi\u00e8ce ma\u00eetresse du syst\u00e8me. Elle sert d\u2019unit\u00e9 de commande centrale du syst\u00e8me et assure la communication entre l\u2019application Truma, install\u00e9e sur le smartphone ou la tablette tactile, et le panneau de commande CP plus iNet ready qui transmet les consignes de commande au chauffage. Les commandes sont gratuites via une communication Bluetooth dans la zone de proximit\u00e9 des appareils. En revanche la bo\u00eete iNet passe automatiquement en communication par texto d\u00e8s qu\u2019on est en dehors de cette zone. Un texto-r\u00e9ponse confirme que les r\u00e9glages souhait\u00e9s ont \u00e9t\u00e9 appliqu\u00e9s. La communication GSM par texto demande une mini-carte SIM (pr\u00e9pay\u00e9e ou contractuelle) avec un propre num\u00e9ro d\u2019abonn\u00e9.<\/p>\n<p>[\/vc_column_text][\/vc_column][vc_column width=\u00bb1\/3&#8243;][vc_video link=\u00bbhttps:\/\/www.youtube.com\/watch?v=6p6OXzdKWvQ&amp;index=5&amp;list=PUN1yMM0pdFR9KdMIqadwyRg\u00bb][\/vc_column][\/vc_row]<\/p>\n<\/div>","protected":false},"excerpt":{"rendered":"<p>[vc_row full_width=\u00bb\u00bb parallax=\u00bb\u00bb parallax_image=\u00bb\u00bb][vc_column width=\u00bb2\/3&#8243;][vc_single_image image=\u00bb3585&#8243; border_color=\u00bbgrey\u00bb img_link_large=\u00bb\u00bb img_link_target=\u00bb_self\u00bb img_size=\u00bbfull\u00bb][\/vc_column][vc_column width=\u00bb1\/3&#8243;][vc_column_text el_class=\u00bbsavoirfaire_texte_droite\u00bb] Chauffage TRUMA, command\u00e9 par \u00e9cran tactile Menuiserie Polyester Sellerie\u00a0Design Recovery System Protect System Ch\u00e2ssis Alko Ch\u00e2ssis Fiat Chauffage Alde Chauffage Truma Equipements Packs et options Florium Assistance [\/vc_column_text][\/vc_column][\/vc_row][vc_row full_width=\u00bb\u00bb parallax=\u00bb\u00bb parallax_image=\u00bb\u00bb][vc_column width=\u00bb2\/3&#8243;][vc_column_text] Un chauffage command\u00e9 par \u00e9cran tactile dans votre\u00a0camping-car FLORIUM Compact, efficace, [&hellip;]<\/p>\n","protected":false},"author":4,"featured_media":0,"parent":0,"menu_order":1,"comment_status":"closed","ping_status":"closed","template":"","meta":{"_acf_changed":false,"footnotes":""},"class_list":["post-3838","page","type-page","status-publish","hentry"],"acf":[],"yoast_head":"<!-- This site is optimized with the Yoast SEO plugin v27.5 - https:\/\/yoast.com\/product\/yoast-seo-wordpress\/ -->\n<title>Notre savoir-faire - Chauffage Truma - Fleurette Florium<\/title>\n<meta name=\"robots\" content=\"index, follow, max-snippet:-1, max-image-preview:large, max-video-preview:-1\" \/>\n<link rel=\"canonical\" href=\"https:\/\/www.fleurette-florium.fr\/es\/notre-savoir-faire-chauffage-truma\/\" \/>\n<meta property=\"og:locale\" content=\"es_ES\" \/>\n<meta property=\"og:type\" content=\"article\" \/>\n<meta property=\"og:title\" content=\"Notre savoir-faire - Chauffage Truma - Fleurette Florium\" \/>\n<meta property=\"og:description\" content=\"[vc_row full_width=\u00bb\u00bb parallax=\u00bb\u00bb parallax_image=\u00bb\u00bb][vc_column width=\u00bb2\/3&#8243;][vc_single_image image=\u00bb3585&#8243; border_color=\u00bbgrey\u00bb img_link_large=\u00bb\u00bb img_link_target=\u00bb_self\u00bb img_size=\u00bbfull\u00bb][\/vc_column][vc_column width=\u00bb1\/3&#8243;][vc_column_text el_class=\u00bbsavoirfaire_texte_droite\u00bb] Chauffage TRUMA, command\u00e9 par \u00e9cran tactile Menuiserie Polyester Sellerie\u00a0Design Recovery System Protect System Ch\u00e2ssis Alko Ch\u00e2ssis Fiat Chauffage Alde Chauffage Truma Equipements Packs et options Florium Assistance [\/vc_column_text][\/vc_column][\/vc_row][vc_row full_width=\u00bb\u00bb parallax=\u00bb\u00bb parallax_image=\u00bb\u00bb][vc_column width=\u00bb2\/3&#8243;][vc_column_text] Un chauffage command\u00e9 par \u00e9cran tactile dans votre\u00a0camping-car FLORIUM Compact, efficace, [&hellip;]\" \/>\n<meta property=\"og:url\" content=\"https:\/\/www.fleurette-florium.fr\/es\/notre-savoir-faire-chauffage-truma\/\" \/>\n<meta property=\"og:site_name\" content=\"Fleurette Florium\" \/>\n<meta name=\"twitter:label1\" content=\"Tiempo de lectura\" \/>\n\t<meta name=\"twitter:data1\" content=\"2 minutos\" \/>\n<script type=\"application\/ld+json\" class=\"yoast-schema-graph\">{\"@context\":\"https:\\\/\\\/schema.org\",\"@graph\":[{\"@type\":\"WebPage\",\"@id\":\"https:\\\/\\\/www.fleurette-florium.fr\\\/es\\\/notre-savoir-faire-chauffage-truma\\\/\",\"url\":\"https:\\\/\\\/www.fleurette-florium.fr\\\/es\\\/notre-savoir-faire-chauffage-truma\\\/\",\"name\":\"Notre savoir-faire - Chauffage Truma - Fleurette Florium\",\"isPartOf\":{\"@id\":\"https:\\\/\\\/www.fleurette-florium.fr\\\/#website\"},\"datePublished\":\"2016-11-22T17:02:38+00:00\",\"breadcrumb\":{\"@id\":\"https:\\\/\\\/www.fleurette-florium.fr\\\/es\\\/notre-savoir-faire-chauffage-truma\\\/#breadcrumb\"},\"inLanguage\":\"es\",\"potentialAction\":[{\"@type\":\"ReadAction\",\"target\":[\"https:\\\/\\\/www.fleurette-florium.fr\\\/es\\\/notre-savoir-faire-chauffage-truma\\\/\"]}]},{\"@type\":\"BreadcrumbList\",\"@id\":\"https:\\\/\\\/www.fleurette-florium.fr\\\/es\\\/notre-savoir-faire-chauffage-truma\\\/#breadcrumb\",\"itemListElement\":[{\"@type\":\"ListItem\",\"position\":1,\"name\":\"\",\"item\":\"https:\\\/\\\/www.fleurette-florium.fr\\\/es\\\/accueil-camping-cars-modernes-florium\\\/\"},{\"@type\":\"ListItem\",\"position\":2,\"name\":\"Notre savoir-faire &#8211; Chauffage Truma\"}]},{\"@type\":\"WebSite\",\"@id\":\"https:\\\/\\\/www.fleurette-florium.fr\\\/#website\",\"url\":\"https:\\\/\\\/www.fleurette-florium.fr\\\/\",\"name\":\"Fleurette Florium\",\"description\":\"\",\"publisher\":{\"@id\":\"https:\\\/\\\/www.fleurette-florium.fr\\\/#organization\"},\"potentialAction\":[{\"@type\":\"SearchAction\",\"target\":{\"@type\":\"EntryPoint\",\"urlTemplate\":\"https:\\\/\\\/www.fleurette-florium.fr\\\/?s={search_term_string}\"},\"query-input\":{\"@type\":\"PropertyValueSpecification\",\"valueRequired\":true,\"valueName\":\"search_term_string\"}}],\"inLanguage\":\"es\"},{\"@type\":\"Organization\",\"@id\":\"https:\\\/\\\/www.fleurette-florium.fr\\\/#organization\",\"name\":\"Fleurette Florium\",\"url\":\"https:\\\/\\\/www.fleurette-florium.fr\\\/\",\"logo\":{\"@type\":\"ImageObject\",\"inLanguage\":\"es\",\"@id\":\"https:\\\/\\\/www.fleurette-florium.fr\\\/#\\\/schema\\\/logo\\\/image\\\/\",\"url\":\"https:\\\/\\\/www.fleurette-florium.fr\\\/wp-content\\\/uploads\\\/2021\\\/07\\\/logo-fleurette-florium-scaled.png\",\"contentUrl\":\"https:\\\/\\\/www.fleurette-florium.fr\\\/wp-content\\\/uploads\\\/2021\\\/07\\\/logo-fleurette-florium-scaled.png\",\"width\":2560,\"height\":830,\"caption\":\"Fleurette Florium\"},\"image\":{\"@id\":\"https:\\\/\\\/www.fleurette-florium.fr\\\/#\\\/schema\\\/logo\\\/image\\\/\"}}]}<\/script>\n<!-- \/ Yoast SEO plugin. -->","yoast_head_json":{"title":"Notre savoir-faire - Chauffage Truma - Fleurette Florium","robots":{"index":"index","follow":"follow","max-snippet":"max-snippet:-1","max-image-preview":"max-image-preview:large","max-video-preview":"max-video-preview:-1"},"canonical":"https:\/\/www.fleurette-florium.fr\/es\/notre-savoir-faire-chauffage-truma\/","og_locale":"es_ES","og_type":"article","og_title":"Notre savoir-faire - Chauffage Truma - Fleurette Florium","og_description":"[vc_row full_width=\u00bb\u00bb parallax=\u00bb\u00bb parallax_image=\u00bb\u00bb][vc_column width=\u00bb2\/3&#8243;][vc_single_image image=\u00bb3585&#8243; border_color=\u00bbgrey\u00bb img_link_large=\u00bb\u00bb img_link_target=\u00bb_self\u00bb img_size=\u00bbfull\u00bb][\/vc_column][vc_column width=\u00bb1\/3&#8243;][vc_column_text el_class=\u00bbsavoirfaire_texte_droite\u00bb] Chauffage TRUMA, command\u00e9 par \u00e9cran tactile Menuiserie Polyester Sellerie\u00a0Design Recovery System Protect System Ch\u00e2ssis Alko Ch\u00e2ssis Fiat Chauffage Alde Chauffage Truma Equipements Packs et options Florium Assistance [\/vc_column_text][\/vc_column][\/vc_row][vc_row full_width=\u00bb\u00bb parallax=\u00bb\u00bb parallax_image=\u00bb\u00bb][vc_column width=\u00bb2\/3&#8243;][vc_column_text] Un chauffage command\u00e9 par \u00e9cran tactile dans votre\u00a0camping-car FLORIUM Compact, efficace, [&hellip;]","og_url":"https:\/\/www.fleurette-florium.fr\/es\/notre-savoir-faire-chauffage-truma\/","og_site_name":"Fleurette Florium","twitter_misc":{"Tiempo de lectura":"2 minutos"},"schema":{"@context":"https:\/\/schema.org","@graph":[{"@type":"WebPage","@id":"https:\/\/www.fleurette-florium.fr\/es\/notre-savoir-faire-chauffage-truma\/","url":"https:\/\/www.fleurette-florium.fr\/es\/notre-savoir-faire-chauffage-truma\/","name":"Notre savoir-faire - Chauffage Truma - Fleurette Florium","isPartOf":{"@id":"https:\/\/www.fleurette-florium.fr\/#website"},"datePublished":"2016-11-22T17:02:38+00:00","breadcrumb":{"@id":"https:\/\/www.fleurette-florium.fr\/es\/notre-savoir-faire-chauffage-truma\/#breadcrumb"},"inLanguage":"es","potentialAction":[{"@type":"ReadAction","target":["https:\/\/www.fleurette-florium.fr\/es\/notre-savoir-faire-chauffage-truma\/"]}]},{"@type":"BreadcrumbList","@id":"https:\/\/www.fleurette-florium.fr\/es\/notre-savoir-faire-chauffage-truma\/#breadcrumb","itemListElement":[{"@type":"ListItem","position":1,"name":"","item":"https:\/\/www.fleurette-florium.fr\/es\/accueil-camping-cars-modernes-florium\/"},{"@type":"ListItem","position":2,"name":"Notre savoir-faire &#8211; Chauffage Truma"}]},{"@type":"WebSite","@id":"https:\/\/www.fleurette-florium.fr\/#website","url":"https:\/\/www.fleurette-florium.fr\/","name":"Fleurette Florium","description":"","publisher":{"@id":"https:\/\/www.fleurette-florium.fr\/#organization"},"potentialAction":[{"@type":"SearchAction","target":{"@type":"EntryPoint","urlTemplate":"https:\/\/www.fleurette-florium.fr\/?s={search_term_string}"},"query-input":{"@type":"PropertyValueSpecification","valueRequired":true,"valueName":"search_term_string"}}],"inLanguage":"es"},{"@type":"Organization","@id":"https:\/\/www.fleurette-florium.fr\/#organization","name":"Fleurette Florium","url":"https:\/\/www.fleurette-florium.fr\/","logo":{"@type":"ImageObject","inLanguage":"es","@id":"https:\/\/www.fleurette-florium.fr\/#\/schema\/logo\/image\/","url":"https:\/\/www.fleurette-florium.fr\/wp-content\/uploads\/2021\/07\/logo-fleurette-florium-scaled.png","contentUrl":"https:\/\/www.fleurette-florium.fr\/wp-content\/uploads\/2021\/07\/logo-fleurette-florium-scaled.png","width":2560,"height":830,"caption":"Fleurette Florium"},"image":{"@id":"https:\/\/www.fleurette-florium.fr\/#\/schema\/logo\/image\/"}}]}},"_links":{"self":[{"href":"https:\/\/www.fleurette-florium.fr\/es\/wp-json\/wp\/v2\/pages\/3838","targetHints":{"allow":["GET"]}}],"collection":[{"href":"https:\/\/www.fleurette-florium.fr\/es\/wp-json\/wp\/v2\/pages"}],"about":[{"href":"https:\/\/www.fleurette-florium.fr\/es\/wp-json\/wp\/v2\/types\/page"}],"author":[{"embeddable":true,"href":"https:\/\/www.fleurette-florium.fr\/es\/wp-json\/wp\/v2\/users\/4"}],"replies":[{"embeddable":true,"href":"https:\/\/www.fleurette-florium.fr\/es\/wp-json\/wp\/v2\/comments?post=3838"}],"version-history":[{"count":1,"href":"https:\/\/www.fleurette-florium.fr\/es\/wp-json\/wp\/v2\/pages\/3838\/revisions"}],"predecessor-version":[{"id":3861,"href":"https:\/\/www.fleurette-florium.fr\/es\/wp-json\/wp\/v2\/pages\/3838\/revisions\/3861"}],"wp:attachment":[{"href":"https:\/\/www.fleurette-florium.fr\/es\/wp-json\/wp\/v2\/media?parent=3838"}],"curies":[{"name":"wp","href":"https:\/\/api.w.org\/{rel}","templated":true}]}}