{"id":3835,"date":"2016-11-22T18:02:45","date_gmt":"2016-11-22T17:02:45","guid":{"rendered":"http:\/\/florium.fr\/es\/?page_id=3835"},"modified":"2018-08-22T13:03:13","modified_gmt":"2018-08-22T12:03:13","slug":"notre-savoir-faire-packs-et-options-des-camping-cars","status":"publish","type":"page","link":"https:\/\/www.fleurette-florium.fr\/es\/notre-savoir-faire-packs-et-options-des-camping-cars\/","title":{"rendered":"Notre savoir-faire &#8211; Packs et Options des camping-cars"},"content":{"rendered":"<div class=\"wpb-content-wrapper\"><p>[vc_row full_width=\u00bb\u00bb parallax=\u00bb\u00bb parallax_image=\u00bb\u00bb][vc_column width=\u00bb2\/3&#8243;][vc_single_image image=\u00bb2923&#8243; border_color=\u00bbgrey\u00bb img_link_large=\u00bb\u00bb img_link_target=\u00bb_self\u00bb img_size=\u00bbfull\u00bb][\/vc_column][vc_column width=\u00bb1\/3&#8243;][vc_column_text el_class=\u00bbsavoirfaire_texte_droite\u00bb]<\/p>\n<h4 class=\"p1\">Les packs et options des camping-cars Florium, le sur-\u00e9quipement de vos camping-cars modernes profil\u00e9s<\/h4>\n<ul>\n<li><a href=\"http:\/\/www.www.fleurette-florium.fr\/notre-savoir-faire\">Menuiserie<\/a><\/li>\n<li><a href=\"\/?page_id=1965\">Polyester<\/a><\/li>\n<li><a href=\"\/?page_id=1973\">Sellerie\u00a0Design<\/a><\/li>\n<li><a href=\"\/?page_id=2022\">Recovery System<\/a><\/li>\n<li><a href=\"\/?page_id=3741\" target=\"_blank\">Protect System<\/a><\/li>\n<li><a href=\"\/?page_id=1981\">Ch\u00e2ssis Alko<\/a><\/li>\n<li><a href=\"\/?page_id=3729\" target=\"_blank\">Ch\u00e2ssis Fiat<\/a><\/li>\n<li><a href=\"\/?page_id=1990\">Chauffage Alde<\/a><\/li>\n<li><a href=\"\/?page_id=3735\" target=\"_blank\">Chauffage Truma<\/a><\/li>\n<li><a href=\"\/?page_id=1997\">Equipements<\/a><\/li>\n<li><a href=\"\/?page_id=2004\">Packs et options<\/a><\/li>\n<li><a href=\"\/?page_id=2012\">Florium Assistance<\/a><\/li>\n<\/ul>\n<p>[\/vc_column_text][\/vc_column][\/vc_row][vc_row full_width=\u00bb\u00bb parallax=\u00bb\u00bb parallax_image=\u00bb\u00bb][vc_column width=\u00bb2\/3&#8243;][vc_column_text]<\/p>\n<h3 class=\"p1\">Gagnez en exclusivit\u00e9, en raffinement, et en confort gr\u00e2ce \u00e0 nos diff\u00e9rents packs et options de camping-cars disponibles. Faites la diff\u00e9rence.<\/h3>\n<p class=\"p1\"><strong>Pack Confort (Profil\u00e9s)<\/strong><\/p>\n<p>Porte cellule Hartal avec moustiquaire, store\u00a0occultant de pare-brise, r\u00e9tro-\u00e9clairage cuisine LED (hors 60LG et 65LCX),\u00a0autoradio CD avec Bluetooth, haut parleurs Focal, r\u00e9gulateur et limiteur de\u00a0vitesse, si\u00e8ges cabine r\u00e9glables en hauteur, vide poche central, airbag passager,\u00a0r\u00e9troviseurs ext\u00e9rieurs \u00e9lectriques et d\u00e9givrants (hors int\u00e9graux), hotte cuisine\u00a0\u00e0 extraction, inverseur gaz automatique Duo Control, plaid (exclusif lit milieu),\u00a0rideau de cabine (sur Magister et Mayflower), galerie de toit.<\/p>\n<p class=\"p1\"><strong>Pack Gold &amp; Black<\/strong><\/p>\n<p>Cabine champagne, feux diurnes \u00e0\u00a0LED, calandre noire laqu\u00e9e, poign\u00e9es peintes\u00a0(disponible en option sur les mod\u00e8les des gammes de camping-cars profil\u00e9s <a href=\"\/?page_id=1160\">Baxter <\/a>et <a href=\"\/?page_id=1181\">Mayflower<\/a>)<\/p>\n<p class=\"p1\"><strong>Pack Optimum<\/strong><\/p>\n<p class=\"p1\">Chauffage Alde, ch\u00e2ssis Poids-Lourd 40H, motorisation Fiat 2,3 Multijet 148ch (disponible en option sur les mod\u00e8les de la gamme de camping cars int\u00e9graux <a href=\"\/?page_id=1187\">Wincester<\/a> 70LMS, 74LMS,74CTC, 74LJT &#8211; de s\u00e9rie sur les mod\u00e8les 80LMS, 80CTC et 84LMS)<span class=\"s1\"><i>\u00a0<\/i><\/span><\/p>\n<p><strong>Pack Traction + :<\/strong><\/p>\n<p>Diff\u00e9rentiel intelligent, ASR, aide au d\u00e9marrage en c\u00f4te, aide au freinage d\u2019urgence, ESP (options sur tous les mod\u00e8les, sauf le 84LMS ou il est de s\u00e9rie)<\/p>\n<p class=\"p1\"><strong>Pack Navigation<\/strong><\/p>\n<p class=\"p1\">GPS multim\u00e9dia Kenwood + cam\u00e9ra de recul disponible en option sur les 3 gammes de campings-cars FLORIUM : <a href=\"\/?page_id=1160\">Baxter<\/a>, <a href=\"\/?page_id=1181\">Mayflower<\/a>, <a href=\"\/?page_id=1187\">Wincester<\/a><\/p>\n<p>[\/vc_column_text][\/vc_column][vc_column width=\u00bb1\/3&#8243;][vc_video link=\u00bbhttps:\/\/www.youtube.com\/watch?v=vKqdz-ERyY4&amp;list=PUN1yMM0pdFR9KdMIqadwyRg&amp;index=9&#8243;][\/vc_column][\/vc_row]<\/p>\n<\/div>","protected":false},"excerpt":{"rendered":"<p>[vc_row full_width=\u00bb\u00bb parallax=\u00bb\u00bb parallax_image=\u00bb\u00bb][vc_column width=\u00bb2\/3&#8243;][vc_single_image image=\u00bb2923&#8243; border_color=\u00bbgrey\u00bb img_link_large=\u00bb\u00bb img_link_target=\u00bb_self\u00bb img_size=\u00bbfull\u00bb][\/vc_column][vc_column width=\u00bb1\/3&#8243;][vc_column_text el_class=\u00bbsavoirfaire_texte_droite\u00bb] Les packs et options des camping-cars Florium, le sur-\u00e9quipement de vos camping-cars modernes profil\u00e9s Menuiserie Polyester Sellerie\u00a0Design Recovery System Protect System Ch\u00e2ssis Alko Ch\u00e2ssis Fiat Chauffage Alde Chauffage Truma Equipements Packs et options Florium Assistance [\/vc_column_text][\/vc_column][\/vc_row][vc_row full_width=\u00bb\u00bb parallax=\u00bb\u00bb parallax_image=\u00bb\u00bb][vc_column width=\u00bb2\/3&#8243;][vc_column_text] Gagnez en exclusivit\u00e9, [&hellip;]<\/p>\n","protected":false},"author":4,"featured_media":0,"parent":0,"menu_order":1,"comment_status":"closed","ping_status":"closed","template":"","meta":{"_acf_changed":false,"footnotes":""},"class_list":["post-3835","page","type-page","status-publish","hentry"],"acf":[],"yoast_head":"<!-- This site is optimized with the Yoast SEO plugin v27.5 - https:\/\/yoast.com\/product\/yoast-seo-wordpress\/ -->\n<title>Notre savoir-faire - Packs et Options des camping-cars - Fleurette Florium<\/title>\n<meta name=\"robots\" content=\"index, follow, max-snippet:-1, max-image-preview:large, max-video-preview:-1\" \/>\n<link rel=\"canonical\" href=\"https:\/\/www.fleurette-florium.fr\/es\/notre-savoir-faire-packs-et-options-des-camping-cars\/\" \/>\n<meta property=\"og:locale\" content=\"es_ES\" \/>\n<meta property=\"og:type\" content=\"article\" \/>\n<meta property=\"og:title\" content=\"Notre savoir-faire - Packs et Options des camping-cars - Fleurette Florium\" \/>\n<meta property=\"og:description\" content=\"[vc_row full_width=\u00bb\u00bb parallax=\u00bb\u00bb parallax_image=\u00bb\u00bb][vc_column width=\u00bb2\/3&#8243;][vc_single_image image=\u00bb2923&#8243; border_color=\u00bbgrey\u00bb img_link_large=\u00bb\u00bb img_link_target=\u00bb_self\u00bb img_size=\u00bbfull\u00bb][\/vc_column][vc_column width=\u00bb1\/3&#8243;][vc_column_text el_class=\u00bbsavoirfaire_texte_droite\u00bb] Les packs et options des camping-cars Florium, le sur-\u00e9quipement de vos camping-cars modernes profil\u00e9s Menuiserie Polyester Sellerie\u00a0Design Recovery System Protect System Ch\u00e2ssis Alko Ch\u00e2ssis Fiat Chauffage Alde Chauffage Truma Equipements Packs et options Florium Assistance [\/vc_column_text][\/vc_column][\/vc_row][vc_row full_width=\u00bb\u00bb parallax=\u00bb\u00bb parallax_image=\u00bb\u00bb][vc_column width=\u00bb2\/3&#8243;][vc_column_text] Gagnez en exclusivit\u00e9, [&hellip;]\" \/>\n<meta property=\"og:url\" content=\"https:\/\/www.fleurette-florium.fr\/es\/notre-savoir-faire-packs-et-options-des-camping-cars\/\" \/>\n<meta property=\"og:site_name\" content=\"Fleurette Florium\" \/>\n<meta property=\"article:modified_time\" content=\"2018-08-22T12:03:13+00:00\" \/>\n<meta name=\"twitter:label1\" content=\"Tiempo de lectura\" \/>\n\t<meta name=\"twitter:data1\" content=\"2 minutos\" \/>\n<script type=\"application\/ld+json\" class=\"yoast-schema-graph\">{\"@context\":\"https:\\\/\\\/schema.org\",\"@graph\":[{\"@type\":\"WebPage\",\"@id\":\"https:\\\/\\\/www.fleurette-florium.fr\\\/es\\\/notre-savoir-faire-packs-et-options-des-camping-cars\\\/\",\"url\":\"https:\\\/\\\/www.fleurette-florium.fr\\\/es\\\/notre-savoir-faire-packs-et-options-des-camping-cars\\\/\",\"name\":\"Notre savoir-faire - Packs et Options des camping-cars - Fleurette Florium\",\"isPartOf\":{\"@id\":\"https:\\\/\\\/www.fleurette-florium.fr\\\/#website\"},\"datePublished\":\"2016-11-22T17:02:45+00:00\",\"dateModified\":\"2018-08-22T12:03:13+00:00\",\"breadcrumb\":{\"@id\":\"https:\\\/\\\/www.fleurette-florium.fr\\\/es\\\/notre-savoir-faire-packs-et-options-des-camping-cars\\\/#breadcrumb\"},\"inLanguage\":\"es\",\"potentialAction\":[{\"@type\":\"ReadAction\",\"target\":[\"https:\\\/\\\/www.fleurette-florium.fr\\\/es\\\/notre-savoir-faire-packs-et-options-des-camping-cars\\\/\"]}]},{\"@type\":\"BreadcrumbList\",\"@id\":\"https:\\\/\\\/www.fleurette-florium.fr\\\/es\\\/notre-savoir-faire-packs-et-options-des-camping-cars\\\/#breadcrumb\",\"itemListElement\":[{\"@type\":\"ListItem\",\"position\":1,\"name\":\"\",\"item\":\"https:\\\/\\\/www.fleurette-florium.fr\\\/es\\\/accueil-camping-cars-modernes-florium\\\/\"},{\"@type\":\"ListItem\",\"position\":2,\"name\":\"Notre savoir-faire &#8211; Packs et Options des camping-cars\"}]},{\"@type\":\"WebSite\",\"@id\":\"https:\\\/\\\/www.fleurette-florium.fr\\\/#website\",\"url\":\"https:\\\/\\\/www.fleurette-florium.fr\\\/\",\"name\":\"Fleurette Florium\",\"description\":\"\",\"publisher\":{\"@id\":\"https:\\\/\\\/www.fleurette-florium.fr\\\/#organization\"},\"potentialAction\":[{\"@type\":\"SearchAction\",\"target\":{\"@type\":\"EntryPoint\",\"urlTemplate\":\"https:\\\/\\\/www.fleurette-florium.fr\\\/?s={search_term_string}\"},\"query-input\":{\"@type\":\"PropertyValueSpecification\",\"valueRequired\":true,\"valueName\":\"search_term_string\"}}],\"inLanguage\":\"es\"},{\"@type\":\"Organization\",\"@id\":\"https:\\\/\\\/www.fleurette-florium.fr\\\/#organization\",\"name\":\"Fleurette Florium\",\"url\":\"https:\\\/\\\/www.fleurette-florium.fr\\\/\",\"logo\":{\"@type\":\"ImageObject\",\"inLanguage\":\"es\",\"@id\":\"https:\\\/\\\/www.fleurette-florium.fr\\\/#\\\/schema\\\/logo\\\/image\\\/\",\"url\":\"https:\\\/\\\/www.fleurette-florium.fr\\\/wp-content\\\/uploads\\\/2021\\\/07\\\/logo-fleurette-florium-scaled.png\",\"contentUrl\":\"https:\\\/\\\/www.fleurette-florium.fr\\\/wp-content\\\/uploads\\\/2021\\\/07\\\/logo-fleurette-florium-scaled.png\",\"width\":2560,\"height\":830,\"caption\":\"Fleurette Florium\"},\"image\":{\"@id\":\"https:\\\/\\\/www.fleurette-florium.fr\\\/#\\\/schema\\\/logo\\\/image\\\/\"}}]}<\/script>\n<!-- \/ Yoast SEO plugin. -->","yoast_head_json":{"title":"Notre savoir-faire - Packs et Options des camping-cars - Fleurette Florium","robots":{"index":"index","follow":"follow","max-snippet":"max-snippet:-1","max-image-preview":"max-image-preview:large","max-video-preview":"max-video-preview:-1"},"canonical":"https:\/\/www.fleurette-florium.fr\/es\/notre-savoir-faire-packs-et-options-des-camping-cars\/","og_locale":"es_ES","og_type":"article","og_title":"Notre savoir-faire - Packs et Options des camping-cars - Fleurette Florium","og_description":"[vc_row full_width=\u00bb\u00bb parallax=\u00bb\u00bb parallax_image=\u00bb\u00bb][vc_column width=\u00bb2\/3&#8243;][vc_single_image image=\u00bb2923&#8243; border_color=\u00bbgrey\u00bb img_link_large=\u00bb\u00bb img_link_target=\u00bb_self\u00bb img_size=\u00bbfull\u00bb][\/vc_column][vc_column width=\u00bb1\/3&#8243;][vc_column_text el_class=\u00bbsavoirfaire_texte_droite\u00bb] Les packs et options des camping-cars Florium, le sur-\u00e9quipement de vos camping-cars modernes profil\u00e9s Menuiserie Polyester Sellerie\u00a0Design Recovery System Protect System Ch\u00e2ssis Alko Ch\u00e2ssis Fiat Chauffage Alde Chauffage Truma Equipements Packs et options Florium Assistance [\/vc_column_text][\/vc_column][\/vc_row][vc_row full_width=\u00bb\u00bb parallax=\u00bb\u00bb parallax_image=\u00bb\u00bb][vc_column width=\u00bb2\/3&#8243;][vc_column_text] Gagnez en exclusivit\u00e9, [&hellip;]","og_url":"https:\/\/www.fleurette-florium.fr\/es\/notre-savoir-faire-packs-et-options-des-camping-cars\/","og_site_name":"Fleurette Florium","article_modified_time":"2018-08-22T12:03:13+00:00","twitter_misc":{"Tiempo de lectura":"2 minutos"},"schema":{"@context":"https:\/\/schema.org","@graph":[{"@type":"WebPage","@id":"https:\/\/www.fleurette-florium.fr\/es\/notre-savoir-faire-packs-et-options-des-camping-cars\/","url":"https:\/\/www.fleurette-florium.fr\/es\/notre-savoir-faire-packs-et-options-des-camping-cars\/","name":"Notre savoir-faire - Packs et Options des camping-cars - Fleurette Florium","isPartOf":{"@id":"https:\/\/www.fleurette-florium.fr\/#website"},"datePublished":"2016-11-22T17:02:45+00:00","dateModified":"2018-08-22T12:03:13+00:00","breadcrumb":{"@id":"https:\/\/www.fleurette-florium.fr\/es\/notre-savoir-faire-packs-et-options-des-camping-cars\/#breadcrumb"},"inLanguage":"es","potentialAction":[{"@type":"ReadAction","target":["https:\/\/www.fleurette-florium.fr\/es\/notre-savoir-faire-packs-et-options-des-camping-cars\/"]}]},{"@type":"BreadcrumbList","@id":"https:\/\/www.fleurette-florium.fr\/es\/notre-savoir-faire-packs-et-options-des-camping-cars\/#breadcrumb","itemListElement":[{"@type":"ListItem","position":1,"name":"","item":"https:\/\/www.fleurette-florium.fr\/es\/accueil-camping-cars-modernes-florium\/"},{"@type":"ListItem","position":2,"name":"Notre savoir-faire &#8211; Packs et Options des camping-cars"}]},{"@type":"WebSite","@id":"https:\/\/www.fleurette-florium.fr\/#website","url":"https:\/\/www.fleurette-florium.fr\/","name":"Fleurette Florium","description":"","publisher":{"@id":"https:\/\/www.fleurette-florium.fr\/#organization"},"potentialAction":[{"@type":"SearchAction","target":{"@type":"EntryPoint","urlTemplate":"https:\/\/www.fleurette-florium.fr\/?s={search_term_string}"},"query-input":{"@type":"PropertyValueSpecification","valueRequired":true,"valueName":"search_term_string"}}],"inLanguage":"es"},{"@type":"Organization","@id":"https:\/\/www.fleurette-florium.fr\/#organization","name":"Fleurette Florium","url":"https:\/\/www.fleurette-florium.fr\/","logo":{"@type":"ImageObject","inLanguage":"es","@id":"https:\/\/www.fleurette-florium.fr\/#\/schema\/logo\/image\/","url":"https:\/\/www.fleurette-florium.fr\/wp-content\/uploads\/2021\/07\/logo-fleurette-florium-scaled.png","contentUrl":"https:\/\/www.fleurette-florium.fr\/wp-content\/uploads\/2021\/07\/logo-fleurette-florium-scaled.png","width":2560,"height":830,"caption":"Fleurette Florium"},"image":{"@id":"https:\/\/www.fleurette-florium.fr\/#\/schema\/logo\/image\/"}}]}},"_links":{"self":[{"href":"https:\/\/www.fleurette-florium.fr\/es\/wp-json\/wp\/v2\/pages\/3835","targetHints":{"allow":["GET"]}}],"collection":[{"href":"https:\/\/www.fleurette-florium.fr\/es\/wp-json\/wp\/v2\/pages"}],"about":[{"href":"https:\/\/www.fleurette-florium.fr\/es\/wp-json\/wp\/v2\/types\/page"}],"author":[{"embeddable":true,"href":"https:\/\/www.fleurette-florium.fr\/es\/wp-json\/wp\/v2\/users\/4"}],"replies":[{"embeddable":true,"href":"https:\/\/www.fleurette-florium.fr\/es\/wp-json\/wp\/v2\/comments?post=3835"}],"version-history":[{"count":3,"href":"https:\/\/www.fleurette-florium.fr\/es\/wp-json\/wp\/v2\/pages\/3835\/revisions"}],"predecessor-version":[{"id":5288,"href":"https:\/\/www.fleurette-florium.fr\/es\/wp-json\/wp\/v2\/pages\/3835\/revisions\/5288"}],"wp:attachment":[{"href":"https:\/\/www.fleurette-florium.fr\/es\/wp-json\/wp\/v2\/media?parent=3835"}],"curies":[{"name":"wp","href":"https:\/\/api.w.org\/{rel}","templated":true}]}}