{"id":3833,"date":"2016-11-22T18:00:56","date_gmt":"2016-11-22T17:00:56","guid":{"rendered":"http:\/\/florium.fr\/es\/?page_id=3833"},"modified":"2018-08-20T16:59:28","modified_gmt":"2018-08-20T15:59:28","slug":"notre-savoir-faire-chassis-fiat","status":"publish","type":"page","link":"https:\/\/www.fleurette-florium.fr\/es\/notre-savoir-faire-chassis-fiat\/","title":{"rendered":"Notre savoir-faire &#8211; Ch\u00e2ssis Fiat"},"content":{"rendered":"<div class=\"wpb-content-wrapper\"><p>[vc_row full_width=\u00bb\u00bb parallax=\u00bb\u00bb parallax_image=\u00bb\u00bb][vc_column width=\u00bb2\/3&#8243;][vc_single_image image=\u00bb3584&#8243; border_color=\u00bbgrey\u00bb img_link_large=\u00bb\u00bb img_link_target=\u00bb_self\u00bb img_size=\u00bbfull\u00bb][\/vc_column][vc_column width=\u00bb1\/3&#8243;][vc_column_text el_class=\u00bbsavoirfaire_texte_droite\u00bb]<\/p>\n<h3 class=\"p1\">Ch\u00e2ssis Fiat CCS<\/h3>\n<ul>\n<li><a href=\"http:\/\/www.www.fleurette-florium.fr\/notre-savoir-faire\">Menuiserie<\/a><\/li>\n<li><a href=\"\/?page_id=1965\">Polyester<\/a><\/li>\n<li><a href=\"\/?page_id=1973\">Sellerie\u00a0Design<\/a><\/li>\n<li><a href=\"\/?page_id=2022\">Recovery System<\/a><\/li>\n<li><a href=\"\/?page_id=3741\" target=\"_blank\">Protect System<\/a><\/li>\n<li><a href=\"\/?page_id=1981\">Ch\u00e2ssis Alko<\/a><\/li>\n<li><a href=\"\/?page_id=3729\" target=\"_blank\">Ch\u00e2ssis Fiat<\/a><\/li>\n<li><a href=\"\/?page_id=1990\">Chauffage Alde<\/a><\/li>\n<li><a href=\"\/?page_id=3735\" target=\"_blank\">Chauffage Truma<\/a><\/li>\n<li><a href=\"\/?page_id=1997\">Equipements<\/a><\/li>\n<li><a href=\"\/?page_id=2004\">Packs et options<\/a><\/li>\n<li><a href=\"\/?page_id=2012\">Florium Assistance<\/a><\/li>\n<\/ul>\n<p>[\/vc_column_text][\/vc_column][\/vc_row][vc_row full_width=\u00bb\u00bb parallax=\u00bb\u00bb parallax_image=\u00bb\u00bb][vc_column width=\u00bb2\/3&#8243;][vc_column_text]<\/p>\n<h3 class=\"p1\"><span class=\"s1\">Ch\u00e2ssis FIAT CCS<\/span><\/h3>\n<p>Con\u00e7u et r\u00e9alis\u00e9 pour le camping-car et point de r\u00e9f\u00e9rence indiscutable du march\u00e9, le ch\u00e2ssis FIAT CCS offre les fondations id\u00e9ales pour r\u00e9aliser des camping-cars maniables, fiables et robustes.<\/p>\n<ul>\n<li>Barre anti-roulis avant et arri\u00e8re pour plus de stabilit\u00e9<\/li>\n<li>Pneus sp\u00e9cial camping-car renforc\u00e9s<\/li>\n<li>Voie \u00e9largie \u00e0 l\u2019arri\u00e8re pour une meilleure tenue de route<\/li>\n<li>Ch\u00e2ssis surbaiss\u00e9 de 15 cm permettant l\u2019am\u00e9nagement du plancher pour le passage des fluides<\/li>\n<\/ul>\n<p align=\"LEFT\">La nouvelle gamme de moteurs 2016 Multijet Euro 6, de 130 CV \u00e0 180 CV, permet d\u2019am\u00e9liorer les performances gr\u00e2ce un excellent rapport entre poids, consommation et \u00e9mission.<\/p>\n<p align=\"LEFT\">Sur toute la gamme :<\/p>\n<ul>\n<li>Technologie LPEGR (Low Pressure Exhaust Gas Recirculation) pour la r\u00e9duction des \u00e9missions<\/li>\n<li>GSI (Gear Shift Indicator) qui sugg\u00e8re au conducteur le changement de vitesse et aide \u00e0 optimiser la conduite<\/li>\n<\/ul>\n<p>Le ch\u00e2ssis FIAT CCS est mont\u00e9 de s\u00e9rie sur les gammes Baxter, Mayflower et Wincester. [\/vc_column_text][\/vc_column][vc_column width=\u00bb1\/3&#8243;][vc_video link=\u00bbhttps:\/\/www.youtube.com\/watch?v=z3KDQjyoBHw&amp;index=10&amp;list=PUN1yMM0pdFR9KdMIqadwyRg\u00bb][\/vc_column][\/vc_row]<\/p>\n<\/div>","protected":false},"excerpt":{"rendered":"<p>[vc_row full_width=\u00bb\u00bb parallax=\u00bb\u00bb parallax_image=\u00bb\u00bb][vc_column width=\u00bb2\/3&#8243;][vc_single_image image=\u00bb3584&#8243; border_color=\u00bbgrey\u00bb img_link_large=\u00bb\u00bb img_link_target=\u00bb_self\u00bb img_size=\u00bbfull\u00bb][\/vc_column][vc_column width=\u00bb1\/3&#8243;][vc_column_text el_class=\u00bbsavoirfaire_texte_droite\u00bb] Ch\u00e2ssis Fiat CCS Menuiserie Polyester Sellerie\u00a0Design Recovery System Protect System Ch\u00e2ssis Alko Ch\u00e2ssis Fiat Chauffage Alde Chauffage Truma Equipements Packs et options Florium Assistance [\/vc_column_text][\/vc_column][\/vc_row][vc_row full_width=\u00bb\u00bb parallax=\u00bb\u00bb parallax_image=\u00bb\u00bb][vc_column width=\u00bb2\/3&#8243;][vc_column_text] Ch\u00e2ssis FIAT CCS Con\u00e7u et r\u00e9alis\u00e9 pour le camping-car et point de r\u00e9f\u00e9rence indiscutable [&hellip;]<\/p>\n","protected":false},"author":4,"featured_media":0,"parent":0,"menu_order":1,"comment_status":"closed","ping_status":"closed","template":"","meta":{"_acf_changed":false,"footnotes":""},"class_list":["post-3833","page","type-page","status-publish","hentry"],"acf":[],"yoast_head":"<!-- This site is optimized with the Yoast SEO plugin v27.5 - https:\/\/yoast.com\/product\/yoast-seo-wordpress\/ -->\n<title>Notre savoir-faire - Ch\u00e2ssis Fiat - Fleurette Florium<\/title>\n<meta name=\"robots\" content=\"index, follow, max-snippet:-1, max-image-preview:large, max-video-preview:-1\" \/>\n<link rel=\"canonical\" href=\"https:\/\/www.fleurette-florium.fr\/es\/notre-savoir-faire-chassis-fiat\/\" \/>\n<meta property=\"og:locale\" content=\"es_ES\" \/>\n<meta property=\"og:type\" content=\"article\" \/>\n<meta property=\"og:title\" content=\"Notre savoir-faire - Ch\u00e2ssis Fiat - Fleurette Florium\" \/>\n<meta property=\"og:description\" content=\"[vc_row full_width=\u00bb\u00bb parallax=\u00bb\u00bb parallax_image=\u00bb\u00bb][vc_column width=\u00bb2\/3&#8243;][vc_single_image image=\u00bb3584&#8243; border_color=\u00bbgrey\u00bb img_link_large=\u00bb\u00bb img_link_target=\u00bb_self\u00bb img_size=\u00bbfull\u00bb][\/vc_column][vc_column width=\u00bb1\/3&#8243;][vc_column_text el_class=\u00bbsavoirfaire_texte_droite\u00bb] Ch\u00e2ssis Fiat CCS Menuiserie Polyester Sellerie\u00a0Design Recovery System Protect System Ch\u00e2ssis Alko Ch\u00e2ssis Fiat Chauffage Alde Chauffage Truma Equipements Packs et options Florium Assistance [\/vc_column_text][\/vc_column][\/vc_row][vc_row full_width=\u00bb\u00bb parallax=\u00bb\u00bb parallax_image=\u00bb\u00bb][vc_column width=\u00bb2\/3&#8243;][vc_column_text] Ch\u00e2ssis FIAT CCS Con\u00e7u et r\u00e9alis\u00e9 pour le camping-car et point de r\u00e9f\u00e9rence indiscutable [&hellip;]\" \/>\n<meta property=\"og:url\" content=\"https:\/\/www.fleurette-florium.fr\/es\/notre-savoir-faire-chassis-fiat\/\" \/>\n<meta property=\"og:site_name\" content=\"Fleurette Florium\" \/>\n<meta property=\"article:modified_time\" content=\"2018-08-20T15:59:28+00:00\" \/>\n<meta name=\"twitter:label1\" content=\"Tiempo de lectura\" \/>\n\t<meta name=\"twitter:data1\" content=\"1 minuto\" \/>\n<script type=\"application\/ld+json\" class=\"yoast-schema-graph\">{\"@context\":\"https:\\\/\\\/schema.org\",\"@graph\":[{\"@type\":\"WebPage\",\"@id\":\"https:\\\/\\\/www.fleurette-florium.fr\\\/es\\\/notre-savoir-faire-chassis-fiat\\\/\",\"url\":\"https:\\\/\\\/www.fleurette-florium.fr\\\/es\\\/notre-savoir-faire-chassis-fiat\\\/\",\"name\":\"Notre savoir-faire - Ch\u00e2ssis Fiat - Fleurette Florium\",\"isPartOf\":{\"@id\":\"https:\\\/\\\/www.fleurette-florium.fr\\\/#website\"},\"datePublished\":\"2016-11-22T17:00:56+00:00\",\"dateModified\":\"2018-08-20T15:59:28+00:00\",\"breadcrumb\":{\"@id\":\"https:\\\/\\\/www.fleurette-florium.fr\\\/es\\\/notre-savoir-faire-chassis-fiat\\\/#breadcrumb\"},\"inLanguage\":\"es\",\"potentialAction\":[{\"@type\":\"ReadAction\",\"target\":[\"https:\\\/\\\/www.fleurette-florium.fr\\\/es\\\/notre-savoir-faire-chassis-fiat\\\/\"]}]},{\"@type\":\"BreadcrumbList\",\"@id\":\"https:\\\/\\\/www.fleurette-florium.fr\\\/es\\\/notre-savoir-faire-chassis-fiat\\\/#breadcrumb\",\"itemListElement\":[{\"@type\":\"ListItem\",\"position\":1,\"name\":\"\",\"item\":\"https:\\\/\\\/www.fleurette-florium.fr\\\/es\\\/accueil-camping-cars-modernes-florium\\\/\"},{\"@type\":\"ListItem\",\"position\":2,\"name\":\"Notre savoir-faire &#8211; Ch\u00e2ssis Fiat\"}]},{\"@type\":\"WebSite\",\"@id\":\"https:\\\/\\\/www.fleurette-florium.fr\\\/#website\",\"url\":\"https:\\\/\\\/www.fleurette-florium.fr\\\/\",\"name\":\"Fleurette Florium\",\"description\":\"\",\"publisher\":{\"@id\":\"https:\\\/\\\/www.fleurette-florium.fr\\\/#organization\"},\"potentialAction\":[{\"@type\":\"SearchAction\",\"target\":{\"@type\":\"EntryPoint\",\"urlTemplate\":\"https:\\\/\\\/www.fleurette-florium.fr\\\/?s={search_term_string}\"},\"query-input\":{\"@type\":\"PropertyValueSpecification\",\"valueRequired\":true,\"valueName\":\"search_term_string\"}}],\"inLanguage\":\"es\"},{\"@type\":\"Organization\",\"@id\":\"https:\\\/\\\/www.fleurette-florium.fr\\\/#organization\",\"name\":\"Fleurette Florium\",\"url\":\"https:\\\/\\\/www.fleurette-florium.fr\\\/\",\"logo\":{\"@type\":\"ImageObject\",\"inLanguage\":\"es\",\"@id\":\"https:\\\/\\\/www.fleurette-florium.fr\\\/#\\\/schema\\\/logo\\\/image\\\/\",\"url\":\"https:\\\/\\\/www.fleurette-florium.fr\\\/wp-content\\\/uploads\\\/2021\\\/07\\\/logo-fleurette-florium-scaled.png\",\"contentUrl\":\"https:\\\/\\\/www.fleurette-florium.fr\\\/wp-content\\\/uploads\\\/2021\\\/07\\\/logo-fleurette-florium-scaled.png\",\"width\":2560,\"height\":830,\"caption\":\"Fleurette Florium\"},\"image\":{\"@id\":\"https:\\\/\\\/www.fleurette-florium.fr\\\/#\\\/schema\\\/logo\\\/image\\\/\"}}]}<\/script>\n<!-- \/ Yoast SEO plugin. -->","yoast_head_json":{"title":"Notre savoir-faire - Ch\u00e2ssis Fiat - Fleurette Florium","robots":{"index":"index","follow":"follow","max-snippet":"max-snippet:-1","max-image-preview":"max-image-preview:large","max-video-preview":"max-video-preview:-1"},"canonical":"https:\/\/www.fleurette-florium.fr\/es\/notre-savoir-faire-chassis-fiat\/","og_locale":"es_ES","og_type":"article","og_title":"Notre savoir-faire - Ch\u00e2ssis Fiat - Fleurette Florium","og_description":"[vc_row full_width=\u00bb\u00bb parallax=\u00bb\u00bb parallax_image=\u00bb\u00bb][vc_column width=\u00bb2\/3&#8243;][vc_single_image image=\u00bb3584&#8243; border_color=\u00bbgrey\u00bb img_link_large=\u00bb\u00bb img_link_target=\u00bb_self\u00bb img_size=\u00bbfull\u00bb][\/vc_column][vc_column width=\u00bb1\/3&#8243;][vc_column_text el_class=\u00bbsavoirfaire_texte_droite\u00bb] Ch\u00e2ssis Fiat CCS Menuiserie Polyester Sellerie\u00a0Design Recovery System Protect System Ch\u00e2ssis Alko Ch\u00e2ssis Fiat Chauffage Alde Chauffage Truma Equipements Packs et options Florium Assistance [\/vc_column_text][\/vc_column][\/vc_row][vc_row full_width=\u00bb\u00bb parallax=\u00bb\u00bb parallax_image=\u00bb\u00bb][vc_column width=\u00bb2\/3&#8243;][vc_column_text] Ch\u00e2ssis FIAT CCS Con\u00e7u et r\u00e9alis\u00e9 pour le camping-car et point de r\u00e9f\u00e9rence indiscutable [&hellip;]","og_url":"https:\/\/www.fleurette-florium.fr\/es\/notre-savoir-faire-chassis-fiat\/","og_site_name":"Fleurette Florium","article_modified_time":"2018-08-20T15:59:28+00:00","twitter_misc":{"Tiempo de lectura":"1 minuto"},"schema":{"@context":"https:\/\/schema.org","@graph":[{"@type":"WebPage","@id":"https:\/\/www.fleurette-florium.fr\/es\/notre-savoir-faire-chassis-fiat\/","url":"https:\/\/www.fleurette-florium.fr\/es\/notre-savoir-faire-chassis-fiat\/","name":"Notre savoir-faire - Ch\u00e2ssis Fiat - Fleurette Florium","isPartOf":{"@id":"https:\/\/www.fleurette-florium.fr\/#website"},"datePublished":"2016-11-22T17:00:56+00:00","dateModified":"2018-08-20T15:59:28+00:00","breadcrumb":{"@id":"https:\/\/www.fleurette-florium.fr\/es\/notre-savoir-faire-chassis-fiat\/#breadcrumb"},"inLanguage":"es","potentialAction":[{"@type":"ReadAction","target":["https:\/\/www.fleurette-florium.fr\/es\/notre-savoir-faire-chassis-fiat\/"]}]},{"@type":"BreadcrumbList","@id":"https:\/\/www.fleurette-florium.fr\/es\/notre-savoir-faire-chassis-fiat\/#breadcrumb","itemListElement":[{"@type":"ListItem","position":1,"name":"","item":"https:\/\/www.fleurette-florium.fr\/es\/accueil-camping-cars-modernes-florium\/"},{"@type":"ListItem","position":2,"name":"Notre savoir-faire &#8211; Ch\u00e2ssis Fiat"}]},{"@type":"WebSite","@id":"https:\/\/www.fleurette-florium.fr\/#website","url":"https:\/\/www.fleurette-florium.fr\/","name":"Fleurette Florium","description":"","publisher":{"@id":"https:\/\/www.fleurette-florium.fr\/#organization"},"potentialAction":[{"@type":"SearchAction","target":{"@type":"EntryPoint","urlTemplate":"https:\/\/www.fleurette-florium.fr\/?s={search_term_string}"},"query-input":{"@type":"PropertyValueSpecification","valueRequired":true,"valueName":"search_term_string"}}],"inLanguage":"es"},{"@type":"Organization","@id":"https:\/\/www.fleurette-florium.fr\/#organization","name":"Fleurette Florium","url":"https:\/\/www.fleurette-florium.fr\/","logo":{"@type":"ImageObject","inLanguage":"es","@id":"https:\/\/www.fleurette-florium.fr\/#\/schema\/logo\/image\/","url":"https:\/\/www.fleurette-florium.fr\/wp-content\/uploads\/2021\/07\/logo-fleurette-florium-scaled.png","contentUrl":"https:\/\/www.fleurette-florium.fr\/wp-content\/uploads\/2021\/07\/logo-fleurette-florium-scaled.png","width":2560,"height":830,"caption":"Fleurette Florium"},"image":{"@id":"https:\/\/www.fleurette-florium.fr\/#\/schema\/logo\/image\/"}}]}},"_links":{"self":[{"href":"https:\/\/www.fleurette-florium.fr\/es\/wp-json\/wp\/v2\/pages\/3833","targetHints":{"allow":["GET"]}}],"collection":[{"href":"https:\/\/www.fleurette-florium.fr\/es\/wp-json\/wp\/v2\/pages"}],"about":[{"href":"https:\/\/www.fleurette-florium.fr\/es\/wp-json\/wp\/v2\/types\/page"}],"author":[{"embeddable":true,"href":"https:\/\/www.fleurette-florium.fr\/es\/wp-json\/wp\/v2\/users\/4"}],"replies":[{"embeddable":true,"href":"https:\/\/www.fleurette-florium.fr\/es\/wp-json\/wp\/v2\/comments?post=3833"}],"version-history":[{"count":2,"href":"https:\/\/www.fleurette-florium.fr\/es\/wp-json\/wp\/v2\/pages\/3833\/revisions"}],"predecessor-version":[{"id":5204,"href":"https:\/\/www.fleurette-florium.fr\/es\/wp-json\/wp\/v2\/pages\/3833\/revisions\/5204"}],"wp:attachment":[{"href":"https:\/\/www.fleurette-florium.fr\/es\/wp-json\/wp\/v2\/media?parent=3833"}],"curies":[{"name":"wp","href":"https:\/\/api.w.org\/{rel}","templated":true}]}}