{"id":3824,"date":"2015-07-28T16:48:47","date_gmt":"2015-07-28T15:48:47","guid":{"rendered":"http:\/\/florium.fr\/es\/?page_id=3824"},"modified":"2018-08-20T13:38:14","modified_gmt":"2018-08-20T12:38:14","slug":"nuestro-saber-hacer","status":"publish","type":"page","link":"https:\/\/www.fleurette-florium.fr\/es\/nuestro-saber-hacer\/","title":{"rendered":"Nuestro saber hacer"},"content":{"rendered":"<div class=\"wpb-content-wrapper\"><p>[vc_row full_width=\u00bb\u00bb parallax=\u00bb\u00bb parallax_image=\u00bb\u00bb][vc_column width=\u00bb2\/3&#8243;][vc_single_image image=\u00bb4918&#8243; border_color=\u00bbgrey\u00bb img_link_large=\u00bb\u00bb img_link_target=\u00bb_self\u00bb img_size=\u00bb752&#215;456&#8243;][vc_gallery type=\u00bbimage_grid\u00bb interval=\u00bb3&#8243; images=\u00bb4263,4261,4262&#8243; onclick=\u00bblink_image\u00bb custom_links_target=\u00bb_self\u00bb img_size=\u00bbthumbnail\u00bb][\/vc_column][vc_column width=\u00bb1\/3&#8243;][vc_column_text el_class=\u00bbsavoirfaire_texte_droite\u00bb]<\/p>\n<h3 class=\"p1\">L&#8217;alliance du Bois et du Design<\/h3>\n<h3 class=\"p1\"><\/h3>\n<ul>\n<li><a href=\"http:\/\/www.www.fleurette-florium.fr\/notre-savoir-faire\">Menuiserie<\/a><\/li>\n<li><a href=\"\/?page_id=3844\">Polyester<\/a><\/li>\n<li><a href=\"\/?page_id=3837\">Sellerie\u00a0Design<\/a><\/li>\n<li><a href=\"\/?page_id=3842\">Recovery System<\/a><\/li>\n<li><a href=\"\/?page_id=3836\" target=\"_blank\">Protect System<\/a><\/li>\n<li><a href=\"\/?page_id=3828\">Ch\u00e2ssis Alko<\/a><\/li>\n<li><a href=\"\/?page_id=3833\" target=\"_blank\">Ch\u00e2ssis Fiat<\/a><\/li>\n<li><a href=\"\/?page_id=3829\">Chauffage Alde<\/a><\/li>\n<li><a href=\"\/?page_id=3838\" target=\"_blank\">Chauffage Truma<\/a><\/li>\n<li><a href=\"\/?page_id=3827\">Equipements<\/a><\/li>\n<li><a href=\"\/?page_id=3835\">Packs et options<\/a><\/li>\n<li><a href=\"\/?page_id=3834\">Florium Assistance<\/a><\/li>\n<\/ul>\n<p>[\/vc_column_text][\/vc_column][\/vc_row][vc_row][vc_column width=\u00bb2\/3&#8243;][vc_column_text el_class=\u00bbsavoirfaire_texte_gauche_dessous\u00bb]<\/p>\n<h2>ESTILO CARACTER\u00cdSTICO DE FLORIUM<\/h2>\n<h3>Una carpinter\u00eda refinada para una autocaravana de lujo.<\/h3>\n<p>La carpinter\u00eda es un saber hacer hist\u00f3rico en Fleurette Constructeur. Por ello, cuidamos con esmero el dise\u00f1o de los muebles de nuestras autocaravanas Florium para ofrecerle interiores y ambientes exclusivos, algo inherente a nuestro deseo de ofrecerle <strong>autocaravanas excepcionales<\/strong>, siempre m\u00e1s c\u00f3modas y modernas.<\/p>\n<p>Las pr\u00e1cticas comerciales evolucionan, as\u00ed que tuvimos que adaptar nuestro proceso de fabricaci\u00f3n para mantener la alta calidad de nuestros veh\u00edculos, al tiempo que conserv\u00e1bamos las pr\u00e1cticas artesanales de un saber hacer exclusivo en la fabricaci\u00f3n de nuestros muebles.<span class=\"Apple-converted-space\">\u00a0<\/span><\/p>\n<p>Nuestro taller de carpinter\u00eda engloba competencias y procesos muy diversos, lo que contribuye a enriquecer constantemente las distribuciones y los dise\u00f1os de nuestras autocaravanas de lujo. Nuestros equipos trabajan con exigencia, cada a\u00f1o, para ofrecerle lo mejor de la carpinter\u00eda, tanto en sus transformaciones como en sus tratamientos.[\/vc_column_text][vc_column_text el_class=\u00bbsavoirfaire_texte_gauche_dessous\u00bb css=\u00bb.vc_custom_1534768691196{padding-top: 30px !important;padding-right: 30px !important;padding-bottom: 30px !important;padding-left: 30px !important;background-color: rgba(239,228,207,0.5) !important;*background-color: rgb(239,228,207) !important;}\u00bb]<\/p>\n<blockquote>\n<h4>Carpinter\u00eda de FLEURETTE CONSTRUCTEUR:<br \/>\nMaestros absolutos desde hace m\u00e1s de 50 a\u00f1os<\/h4>\n<\/blockquote>\n<ul>\n<li class=\"p1\">para ofrecerle solidez y una mayor durabilidad<\/li>\n<li class=\"p1\">para ofrecerle ambientes interiores c\u00e1lidos y exclusivos<\/li>\n<li class=\"p1\">para garantizarle muebles que combinan funcionalidad y elegancia en el uso<\/li>\n<\/ul>\n<p>[\/vc_column_text][\/vc_column][vc_column width=\u00bb1\/3&#8243;][vc_video link=\u00bbhttps:\/\/www.youtube.com\/watch?v=KYfrglj0oUg&amp;index=1&amp;list=PUN1yMM0pdFR9KdMIqadwyRg\u00bb][vc_single_image image=\u00bb5051&#8243; border_color=\u00bbwhite\u00bb img_link_large=\u00bb\u00bb img_link_target=\u00bb_self\u00bb img_size=\u00bb400&#215;385&#8243;][\/vc_column][\/vc_row]<\/p>\n<\/div>","protected":false},"excerpt":{"rendered":"<p>[vc_row full_width=\u00bb\u00bb parallax=\u00bb\u00bb parallax_image=\u00bb\u00bb][vc_column width=\u00bb2\/3&#8243;][vc_single_image image=\u00bb4918&#8243; border_color=\u00bbgrey\u00bb img_link_large=\u00bb\u00bb img_link_target=\u00bb_self\u00bb img_size=\u00bb752&#215;456&#8243;][vc_gallery type=\u00bbimage_grid\u00bb interval=\u00bb3&#8243; images=\u00bb4263,4261,4262&#8243; onclick=\u00bblink_image\u00bb custom_links_target=\u00bb_self\u00bb img_size=\u00bbthumbnail\u00bb][\/vc_column][vc_column width=\u00bb1\/3&#8243;][vc_column_text el_class=\u00bbsavoirfaire_texte_droite\u00bb] L&#8217;alliance du Bois et du Design Menuiserie Polyester Sellerie\u00a0Design Recovery System Protect System Ch\u00e2ssis Alko Ch\u00e2ssis Fiat Chauffage Alde Chauffage Truma Equipements Packs et options Florium Assistance [\/vc_column_text][\/vc_column][\/vc_row][vc_row][vc_column width=\u00bb2\/3&#8243;][vc_column_text el_class=\u00bbsavoirfaire_texte_gauche_dessous\u00bb] ESTILO CARACTER\u00cdSTICO DE FLORIUM Una carpinter\u00eda refinada [&hellip;]<\/p>\n","protected":false},"author":67182,"featured_media":0,"parent":0,"menu_order":1,"comment_status":"closed","ping_status":"closed","template":"","meta":{"_acf_changed":false,"footnotes":""},"class_list":["post-3824","page","type-page","status-publish","hentry"],"acf":[],"yoast_head":"<!-- This site is optimized with the Yoast SEO plugin v27.5 - https:\/\/yoast.com\/product\/yoast-seo-wordpress\/ -->\n<title>camping-cars d&#039;exception - savoir-faire Florium<\/title>\n<meta name=\"description\" content=\"Florium imagine des camping-cars d&#039;exception et puise son innovation dans le savoir-faire de la maison Fleurette Constructeur depuis 1967.\" \/>\n<meta name=\"robots\" content=\"index, follow, max-snippet:-1, max-image-preview:large, max-video-preview:-1\" \/>\n<link rel=\"canonical\" href=\"https:\/\/www.fleurette-florium.fr\/es\/nuestro-saber-hacer\/\" \/>\n<meta property=\"og:locale\" content=\"es_ES\" \/>\n<meta property=\"og:type\" content=\"article\" \/>\n<meta property=\"og:title\" content=\"camping-cars d&#039;exception - savoir-faire Florium\" \/>\n<meta property=\"og:description\" content=\"Florium imagine des camping-cars d&#039;exception et puise son innovation dans le savoir-faire de la maison Fleurette Constructeur depuis 1967.\" \/>\n<meta property=\"og:url\" content=\"https:\/\/www.fleurette-florium.fr\/es\/nuestro-saber-hacer\/\" \/>\n<meta property=\"og:site_name\" content=\"Fleurette Florium\" \/>\n<meta property=\"article:modified_time\" content=\"2018-08-20T12:38:14+00:00\" \/>\n<meta name=\"twitter:label1\" content=\"Tiempo de lectura\" \/>\n\t<meta name=\"twitter:data1\" content=\"2 minutos\" \/>\n<script type=\"application\/ld+json\" class=\"yoast-schema-graph\">{\"@context\":\"https:\\\/\\\/schema.org\",\"@graph\":[{\"@type\":\"WebPage\",\"@id\":\"https:\\\/\\\/www.fleurette-florium.fr\\\/es\\\/nuestro-saber-hacer\\\/\",\"url\":\"https:\\\/\\\/www.fleurette-florium.fr\\\/es\\\/nuestro-saber-hacer\\\/\",\"name\":\"camping-cars d'exception - savoir-faire Florium\",\"isPartOf\":{\"@id\":\"https:\\\/\\\/www.fleurette-florium.fr\\\/#website\"},\"datePublished\":\"2015-07-28T15:48:47+00:00\",\"dateModified\":\"2018-08-20T12:38:14+00:00\",\"description\":\"Florium imagine des camping-cars d'exception et puise son innovation dans le savoir-faire de la maison Fleurette Constructeur depuis 1967.\",\"breadcrumb\":{\"@id\":\"https:\\\/\\\/www.fleurette-florium.fr\\\/es\\\/nuestro-saber-hacer\\\/#breadcrumb\"},\"inLanguage\":\"es\",\"potentialAction\":[{\"@type\":\"ReadAction\",\"target\":[\"https:\\\/\\\/www.fleurette-florium.fr\\\/es\\\/nuestro-saber-hacer\\\/\"]}]},{\"@type\":\"BreadcrumbList\",\"@id\":\"https:\\\/\\\/www.fleurette-florium.fr\\\/es\\\/nuestro-saber-hacer\\\/#breadcrumb\",\"itemListElement\":[{\"@type\":\"ListItem\",\"position\":1,\"name\":\"\",\"item\":\"https:\\\/\\\/www.fleurette-florium.fr\\\/es\\\/accueil-camping-cars-modernes-florium\\\/\"},{\"@type\":\"ListItem\",\"position\":2,\"name\":\"Nuestro saber hacer\"}]},{\"@type\":\"WebSite\",\"@id\":\"https:\\\/\\\/www.fleurette-florium.fr\\\/#website\",\"url\":\"https:\\\/\\\/www.fleurette-florium.fr\\\/\",\"name\":\"Fleurette Florium\",\"description\":\"\",\"publisher\":{\"@id\":\"https:\\\/\\\/www.fleurette-florium.fr\\\/#organization\"},\"potentialAction\":[{\"@type\":\"SearchAction\",\"target\":{\"@type\":\"EntryPoint\",\"urlTemplate\":\"https:\\\/\\\/www.fleurette-florium.fr\\\/?s={search_term_string}\"},\"query-input\":{\"@type\":\"PropertyValueSpecification\",\"valueRequired\":true,\"valueName\":\"search_term_string\"}}],\"inLanguage\":\"es\"},{\"@type\":\"Organization\",\"@id\":\"https:\\\/\\\/www.fleurette-florium.fr\\\/#organization\",\"name\":\"Fleurette Florium\",\"url\":\"https:\\\/\\\/www.fleurette-florium.fr\\\/\",\"logo\":{\"@type\":\"ImageObject\",\"inLanguage\":\"es\",\"@id\":\"https:\\\/\\\/www.fleurette-florium.fr\\\/#\\\/schema\\\/logo\\\/image\\\/\",\"url\":\"https:\\\/\\\/www.fleurette-florium.fr\\\/wp-content\\\/uploads\\\/2021\\\/07\\\/logo-fleurette-florium-scaled.png\",\"contentUrl\":\"https:\\\/\\\/www.fleurette-florium.fr\\\/wp-content\\\/uploads\\\/2021\\\/07\\\/logo-fleurette-florium-scaled.png\",\"width\":2560,\"height\":830,\"caption\":\"Fleurette Florium\"},\"image\":{\"@id\":\"https:\\\/\\\/www.fleurette-florium.fr\\\/#\\\/schema\\\/logo\\\/image\\\/\"}}]}<\/script>\n<!-- \/ Yoast SEO plugin. -->","yoast_head_json":{"title":"camping-cars d'exception - savoir-faire Florium","description":"Florium imagine des camping-cars d'exception et puise son innovation dans le savoir-faire de la maison Fleurette Constructeur depuis 1967.","robots":{"index":"index","follow":"follow","max-snippet":"max-snippet:-1","max-image-preview":"max-image-preview:large","max-video-preview":"max-video-preview:-1"},"canonical":"https:\/\/www.fleurette-florium.fr\/es\/nuestro-saber-hacer\/","og_locale":"es_ES","og_type":"article","og_title":"camping-cars d'exception - savoir-faire Florium","og_description":"Florium imagine des camping-cars d'exception et puise son innovation dans le savoir-faire de la maison Fleurette Constructeur depuis 1967.","og_url":"https:\/\/www.fleurette-florium.fr\/es\/nuestro-saber-hacer\/","og_site_name":"Fleurette Florium","article_modified_time":"2018-08-20T12:38:14+00:00","twitter_misc":{"Tiempo de lectura":"2 minutos"},"schema":{"@context":"https:\/\/schema.org","@graph":[{"@type":"WebPage","@id":"https:\/\/www.fleurette-florium.fr\/es\/nuestro-saber-hacer\/","url":"https:\/\/www.fleurette-florium.fr\/es\/nuestro-saber-hacer\/","name":"camping-cars d'exception - savoir-faire Florium","isPartOf":{"@id":"https:\/\/www.fleurette-florium.fr\/#website"},"datePublished":"2015-07-28T15:48:47+00:00","dateModified":"2018-08-20T12:38:14+00:00","description":"Florium imagine des camping-cars d'exception et puise son innovation dans le savoir-faire de la maison Fleurette Constructeur depuis 1967.","breadcrumb":{"@id":"https:\/\/www.fleurette-florium.fr\/es\/nuestro-saber-hacer\/#breadcrumb"},"inLanguage":"es","potentialAction":[{"@type":"ReadAction","target":["https:\/\/www.fleurette-florium.fr\/es\/nuestro-saber-hacer\/"]}]},{"@type":"BreadcrumbList","@id":"https:\/\/www.fleurette-florium.fr\/es\/nuestro-saber-hacer\/#breadcrumb","itemListElement":[{"@type":"ListItem","position":1,"name":"","item":"https:\/\/www.fleurette-florium.fr\/es\/accueil-camping-cars-modernes-florium\/"},{"@type":"ListItem","position":2,"name":"Nuestro saber hacer"}]},{"@type":"WebSite","@id":"https:\/\/www.fleurette-florium.fr\/#website","url":"https:\/\/www.fleurette-florium.fr\/","name":"Fleurette Florium","description":"","publisher":{"@id":"https:\/\/www.fleurette-florium.fr\/#organization"},"potentialAction":[{"@type":"SearchAction","target":{"@type":"EntryPoint","urlTemplate":"https:\/\/www.fleurette-florium.fr\/?s={search_term_string}"},"query-input":{"@type":"PropertyValueSpecification","valueRequired":true,"valueName":"search_term_string"}}],"inLanguage":"es"},{"@type":"Organization","@id":"https:\/\/www.fleurette-florium.fr\/#organization","name":"Fleurette Florium","url":"https:\/\/www.fleurette-florium.fr\/","logo":{"@type":"ImageObject","inLanguage":"es","@id":"https:\/\/www.fleurette-florium.fr\/#\/schema\/logo\/image\/","url":"https:\/\/www.fleurette-florium.fr\/wp-content\/uploads\/2021\/07\/logo-fleurette-florium-scaled.png","contentUrl":"https:\/\/www.fleurette-florium.fr\/wp-content\/uploads\/2021\/07\/logo-fleurette-florium-scaled.png","width":2560,"height":830,"caption":"Fleurette Florium"},"image":{"@id":"https:\/\/www.fleurette-florium.fr\/#\/schema\/logo\/image\/"}}]}},"_links":{"self":[{"href":"https:\/\/www.fleurette-florium.fr\/es\/wp-json\/wp\/v2\/pages\/3824","targetHints":{"allow":["GET"]}}],"collection":[{"href":"https:\/\/www.fleurette-florium.fr\/es\/wp-json\/wp\/v2\/pages"}],"about":[{"href":"https:\/\/www.fleurette-florium.fr\/es\/wp-json\/wp\/v2\/types\/page"}],"author":[{"embeddable":true,"href":"https:\/\/www.fleurette-florium.fr\/es\/wp-json\/wp\/v2\/users\/67182"}],"replies":[{"embeddable":true,"href":"https:\/\/www.fleurette-florium.fr\/es\/wp-json\/wp\/v2\/comments?post=3824"}],"version-history":[{"count":10,"href":"https:\/\/www.fleurette-florium.fr\/es\/wp-json\/wp\/v2\/pages\/3824\/revisions"}],"predecessor-version":[{"id":5175,"href":"https:\/\/www.fleurette-florium.fr\/es\/wp-json\/wp\/v2\/pages\/3824\/revisions\/5175"}],"wp:attachment":[{"href":"https:\/\/www.fleurette-florium.fr\/es\/wp-json\/wp\/v2\/media?parent=3824"}],"curies":[{"name":"wp","href":"https:\/\/api.w.org\/{rel}","templated":true}]}}