{"id":3823,"date":"2015-07-28T16:48:25","date_gmt":"2015-07-28T15:48:25","guid":{"rendered":"http:\/\/florium.fr\/es\/?page_id=3823"},"modified":"2018-08-27T09:15:20","modified_gmt":"2018-08-27T08:15:20","slug":"quienes-somos-2","status":"publish","type":"page","link":"https:\/\/www.fleurette-florium.fr\/es\/quienes-somos-2\/","title":{"rendered":"Qui\u00e9nes somos"},"content":{"rendered":"<div class=\"wpb-content-wrapper\"><p>[vc_row full_width=\u00bb\u00bb parallax=\u00bb\u00bb parallax_image=\u00bb\u00bb][vc_column width=\u00bb1\/6&#8243;][\/vc_column][vc_column width=\u00bb2\/3&#8243;][vc_column_text]<\/p>\n<h1 style=\"text-align: center;\">Fleurette, fabricante de autocaravanas,<br \/>\na\u00fana dos marcas de autocaravanas: FLEURETTE, desde 1967, y FLORIUM desde 2010.<span class=\"Apple-converted-space\">\u00a0<\/span><\/h1>\n<p>[\/vc_column_text][vc_empty_space height=\u00bb16&#8243;][\/vc_column][vc_column width=\u00bb1\/6&#8243;][\/vc_column][\/vc_row][vc_row css=\u00bb.vc_custom_1533634718822{padding-top: 100px !important;padding-bottom: 100px !important;background-color: rgba(239,228,207,0.5) !important;*background-color: rgb(239,228,207) !important;}\u00bb full_width=\u00bbstretch_row\u00bb][vc_column width=\u00bb1\/12&#8243;][\/vc_column][vc_column width=\u00bb5\/12&#8243;][vc_column_text]<strong>PERO ENTONCES, \u00bfCU\u00c1L ES EL MOTIVO DE ESTA SEGUNDA MARCA DE AUTOCARAVANAS FLORIUM?<\/strong><\/p>\n<p>La marca Fleurette siempre ha sido reconocida por su saber hacer en poli\u00e9ster, por su calidad de fabricaci\u00f3n y tambi\u00e9n por sus muebles chic y tradicionales. Florium comparte el mismo saber hacer en fabricaci\u00f3n y los mismos valores, aportando un ambiente diferente: m\u00e1s dise\u00f1o y m\u00e1s lujo.<\/p>\n<p>Los veh\u00edculos Florium son la materializaci\u00f3n por excelencia de la <strong>autocaravana de lujo<\/strong> contempor\u00e1nea, y esto para mayor regocijo de las mujeres\u2026<span class=\"Apple-converted-space\">\u00a0<\/span>[\/vc_column_text][\/vc_column][vc_column width=\u00bb5\/12&#8243;][vc_column_text]En efecto, el nacimiento de Florium se debe principalmente a la demanda de nuestra clientela femenina, que a menudo nos comentaba:<\/p>\n<p><em>\u00abMi marido aprecia mucho la calidad de Fleurette. Si pudieran aportar un toque decorativo m\u00e1s moderno y refinado, m\u00e1s contempor\u00e1neo con un poco m\u00e1s de equipamiento de alta gama\u2026 ambos estar\u00edamos convencidos\u00bb.<\/em><\/p>\n<p>En la actualidad estas sugerencias se han incorporado y, adem\u00e1s, seguimos valorando sus comentarios como siempre.[\/vc_column_text][\/vc_column][vc_column width=\u00bb1\/12&#8243;][\/vc_column][\/vc_row][vc_row full_width=\u00bbstretch_row\u00bb css=\u00bb.vc_custom_1533564839358{padding-top: 60px !important;padding-bottom: 60px !important;}\u00bb][vc_column width=\u00bb1\/12&#8243;][\/vc_column][vc_column width=\u00bb5\/12&#8243;][vc_column_text]<\/p>\n<h2><strong>Florium, la autocaravana de lujo\u00a0Tecnolog\u00eda francesa dise\u00f1ada al detalle.<\/strong><\/h2>\n<p>[\/vc_column_text][vc_column_text]L\u00ednea exterior con clase, dise\u00f1o interior de inspiraci\u00f3n n\u00e1utica, instalaciones modernas, tecnolog\u00edas integradas, tapicer\u00edas ultraconfortables\u2026 A bordo de su Florium \u00abFrench Tech\u00bb, acceder\u00e1 a una gran categor\u00eda que saciar\u00e1 en las mejores condiciones posibles su instinto viajero.<\/p>\n<p>Planif\u00edquese unas vacaciones de lujo, en pareja, en familia o con amigos, sinti\u00e9ndose como en casa est\u00e9 donde est\u00e9 gracias a nuestros modelos con cuidados acabados y distribuciones bien pensadas que utilizan de forma optimizada todos los espacios para que goce al m\u00e1ximo de sus estancias prolongadas.[\/vc_column_text][\/vc_column][vc_column width=\u00bb5\/12&#8243;][vc_single_image image=\u00bb4777&#8243; border_color=\u00bbgrey\u00bb img_link_large=\u00bb\u00bb img_link_target=\u00bb_self\u00bb img_size=\u00bb600&#215;500&#8243; alignment=\u00bbright\u00bb style=\u00bbvc_box_outline\u00bb][\/vc_column][vc_column width=\u00bb1\/12&#8243;][\/vc_column][\/vc_row][vc_row full_width=\u00bbstretch_row\u00bb css=\u00bb.vc_custom_1533634730577{padding-top: 100px !important;padding-bottom: 100px !important;background-color: rgba(239,228,207,0.5) !important;*background-color: rgb(239,228,207) !important;}\u00bb][vc_column width=\u00bb1\/12&#8243;][\/vc_column][vc_column width=\u00bb5\/12&#8243;][vc_single_image image=\u00bb4918&#8243; border_color=\u00bbwhite\u00bb img_link_large=\u00bb\u00bb img_link_target=\u00bb_self\u00bb img_size=\u00bb600 x 470&#8243; style=\u00bbvc_box_outline\u00bb][\/vc_column][vc_column width=\u00bb5\/12&#8243;][vc_column_text]<\/p>\n<h2><strong>La misma calidad de fabricaci\u00f3n<\/strong><br \/>\n<strong> Por Fleurette Constructeur<\/strong><\/h2>\n<p>[\/vc_column_text][vc_column_text]Nuestras autocaravanas Florium se fabrican, al igual que nuestras autocaravanas Fleurette, en nuestra planta de producci\u00f3n de Benet (85).<\/p>\n<p>All\u00ed cuentan con un saber hacer exclusivo, donde nuestros equipos de carpinter\u00eda y poli\u00e9ster de Fleurette Constructeur, apasionados por perpetuar la tradici\u00f3n, ofrecen autocaravanas elegantes, robustas y con acabados de calidad.<\/p>\n<p>Gracias a nuestra fabricaci\u00f3n propia, hoy en d\u00eda Fleurette Constructeur es el \u00fanico fabricante franc\u00e9s de autocaravanas que puede reivindicar la etiqueta \u00abMade in France\u00bb, ya que nuestra fabricaci\u00f3n de autocaravanas est\u00e1 100\u00a0% integrada en nuestra f\u00e1brica.[\/vc_column_text][\/vc_column][vc_column width=\u00bb1\/12&#8243;][\/vc_column][\/vc_row][vc_row full_width=\u00bb\u00bb parallax=\u00bb\u00bb parallax_image=\u00bb\u00bb][vc_column width=\u00bb1\/1&#8243; css=\u00bb.vc_custom_1533567219994{padding-top: 60px !important;padding-bottom: 60px !important;}\u00bb][vc_btn title=\u00bbDescubra la marca Fleurette\u00bb style=\u00bbcustom\u00bb shape=\u00bbsquare\u00bb color=\u00bbgrey\u00bb size=\u00bblg\u00bb align=\u00bbcenter\u00bb i_align=\u00bbleft\u00bb i_type=\u00bbopeniconic\u00bb i_icon_fontawesome=\u00bbfa fa-adjust\u00bb i_icon_openiconic=\u00bbvc-oi vc-oi-plus-circle\u00bb i_icon_typicons=\u00bbtypcn typcn-adjust-brightness\u00bb i_icon_entypo=\u00bbentypo-icon entypo-icon-note\u00bb i_icon_linecons=\u00bbvc_li vc_li-heart\u00bb link=\u00bburl:https%3A%2F%2Ffleurette.fr%2Fes||target:%20_blank\u00bb custom_background=\u00bb#d7de3b\u00bb custom_text=\u00bb#ffffff\u00bb button_block=\u00bb\u00bb add_icon=\u00bbtrue\u00bb i_icon_pixelicons=\u00bbvc_pixel_icon vc_pixel_icon-alert\u00bb][\/vc_column][\/vc_row][vc_row el_class=\u00bbfullwidth_element margin-top-30 margin-bottom-none qsn_rassurance\u00bb][vc_column width=\u00bb1\/1&#8243; css=\u00bb.vc_custom_1533634744463{padding-top: 35px !important;padding-right: 100px !important;padding-bottom: 35px !important;padding-left: 100px !important;background-color: rgba(239,228,207,0.5) !important;*background-color: rgb(239,228,207) !important;}\u00bb][vc_row_inner][vc_column_inner el_class=\u00bb\u00bb width=\u00bb1\/3&#8243;][vc_single_image image=\u00bb1937&#8243; alignment=\u00bbcenter\u00bb border_color=\u00bbgrey\u00bb img_link_large=\u00bb\u00bb img_link_target=\u00bb_self\u00bb img_size=\u00bbfull\u00bb link=\u00bbhttps:\/\/www.fleurette-florium.fr\/es\/nuestro-saber-hacer\/\u00bb][vc_column_text]<\/p>\n<p style=\"text-align: center;\">saber hacer<\/p>\n<p>[\/vc_column_text][\/vc_column_inner][vc_column_inner el_class=\u00bb\u00bb width=\u00bb1\/3&#8243;][vc_single_image image=\u00bb1938&#8243; alignment=\u00bbcenter\u00bb border_color=\u00bbgrey\u00bb img_link_large=\u00bb\u00bb img_link_target=\u00bb_self\u00bb img_size=\u00bbfull\u00bb link=\u00bbhttps:\/\/www.fleurette-florium.fr\/es\/nuestro-saber-hacer\/\u00bb][vc_column_text]<\/p>\n<p style=\"text-align: center;\">Permanece sereno<\/p>\n<p>[\/vc_column_text][\/vc_column_inner][vc_column_inner el_class=\u00bb\u00bb width=\u00bb1\/3&#8243;][vc_single_image image=\u00bb1935&#8243; alignment=\u00bbcenter\u00bb border_color=\u00bbgrey\u00bb img_link_large=\u00bb\u00bb img_link_target=\u00bb_self\u00bb img_size=\u00bbfull\u00bb link=\u00bbhttps:\/\/www.fleurette-florium.fr\/es\/notre-savoir-faire-sellerie-design\/\u00bb][vc_column_text]<\/p>\n<p style=\"text-align: center;\">Design &amp; Equipo<\/p>\n<p>[\/vc_column_text][\/vc_column_inner][\/vc_row_inner][\/vc_column][\/vc_row]<\/p>\n<\/div>","protected":false},"excerpt":{"rendered":"<p>[vc_row full_width=\u00bb\u00bb parallax=\u00bb\u00bb parallax_image=\u00bb\u00bb][vc_column width=\u00bb1\/6&#8243;][\/vc_column][vc_column width=\u00bb2\/3&#8243;][vc_column_text] Fleurette, fabricante de autocaravanas, a\u00fana dos marcas de autocaravanas: FLEURETTE, desde 1967, y FLORIUM desde 2010.\u00a0 [\/vc_column_text][vc_empty_space height=\u00bb16&#8243;][\/vc_column][vc_column width=\u00bb1\/6&#8243;][\/vc_column][\/vc_row][vc_row css=\u00bb.vc_custom_1533634718822{padding-top: 100px !important;padding-bottom: 100px !important;background-color: rgba(239,228,207,0.5) !important;*background-color: rgb(239,228,207) !important;}\u00bb full_width=\u00bbstretch_row\u00bb][vc_column width=\u00bb1\/12&#8243;][\/vc_column][vc_column width=\u00bb5\/12&#8243;][vc_column_text]PERO ENTONCES, \u00bfCU\u00c1L ES EL MOTIVO DE ESTA SEGUNDA MARCA DE AUTOCARAVANAS FLORIUM? La marca Fleurette siempre ha sido [&hellip;]<\/p>\n","protected":false},"author":67182,"featured_media":0,"parent":0,"menu_order":0,"comment_status":"closed","ping_status":"closed","template":"","meta":{"_acf_changed":false,"footnotes":""},"class_list":["post-3823","page","type-page","status-publish","hentry"],"acf":[],"yoast_head":"<!-- This site is optimized with the Yoast SEO plugin v26.6 - https:\/\/yoast.com\/wordpress\/plugins\/seo\/ -->\n<title>Florium, marque de la maison Fleurette Constructeur<\/title>\n<meta name=\"description\" content=\"Florium est une marque de la maison fran\u00e7aise Fleurette constructeur et propose des mod\u00e8les de camping-cars robustes, de qualit\u00e9 et modernes pour vos voyages en famille ou en couple, en toute saison.\" \/>\n<meta name=\"robots\" content=\"index, follow, max-snippet:-1, max-image-preview:large, max-video-preview:-1\" \/>\n<link rel=\"canonical\" href=\"https:\/\/www.fleurette-florium.fr\/es\/quienes-somos-2\/\" \/>\n<meta property=\"og:locale\" content=\"es_ES\" \/>\n<meta property=\"og:type\" content=\"article\" \/>\n<meta property=\"og:title\" content=\"Florium, marque de la maison Fleurette Constructeur\" \/>\n<meta property=\"og:description\" content=\"Florium est une marque de la maison fran\u00e7aise Fleurette constructeur et propose des mod\u00e8les de camping-cars robustes, de qualit\u00e9 et modernes pour vos voyages en famille ou en couple, en toute saison.\" \/>\n<meta property=\"og:url\" content=\"https:\/\/www.fleurette-florium.fr\/es\/quienes-somos-2\/\" \/>\n<meta property=\"og:site_name\" content=\"Fleurette Florium\" \/>\n<meta property=\"article:modified_time\" content=\"2018-08-27T08:15:20+00:00\" \/>\n<meta name=\"twitter:label1\" content=\"Tiempo de lectura\" \/>\n\t<meta name=\"twitter:data1\" content=\"5 minutos\" \/>\n<script type=\"application\/ld+json\" class=\"yoast-schema-graph\">{\"@context\":\"https:\/\/schema.org\",\"@graph\":[{\"@type\":\"WebPage\",\"@id\":\"https:\/\/www.fleurette-florium.fr\/es\/quienes-somos-2\/\",\"url\":\"https:\/\/www.fleurette-florium.fr\/es\/quienes-somos-2\/\",\"name\":\"Florium, marque de la maison Fleurette Constructeur\",\"isPartOf\":{\"@id\":\"https:\/\/www.fleurette-florium.fr\/#website\"},\"datePublished\":\"2015-07-28T15:48:25+00:00\",\"dateModified\":\"2018-08-27T08:15:20+00:00\",\"description\":\"Florium est une marque de la maison fran\u00e7aise Fleurette constructeur et propose des mod\u00e8les de camping-cars robustes, de qualit\u00e9 et modernes pour vos voyages en famille ou en couple, en toute saison.\",\"breadcrumb\":{\"@id\":\"https:\/\/www.fleurette-florium.fr\/es\/quienes-somos-2\/#breadcrumb\"},\"inLanguage\":\"es\",\"potentialAction\":[{\"@type\":\"ReadAction\",\"target\":[\"https:\/\/www.fleurette-florium.fr\/es\/quienes-somos-2\/\"]}]},{\"@type\":\"BreadcrumbList\",\"@id\":\"https:\/\/www.fleurette-florium.fr\/es\/quienes-somos-2\/#breadcrumb\",\"itemListElement\":[{\"@type\":\"ListItem\",\"position\":1,\"name\":\"\",\"item\":\"https:\/\/www.fleurette-florium.fr\/es\/accueil-camping-cars-modernes-florium\/\"},{\"@type\":\"ListItem\",\"position\":2,\"name\":\"Qui\u00e9nes somos\"}]},{\"@type\":\"WebSite\",\"@id\":\"https:\/\/www.fleurette-florium.fr\/#website\",\"url\":\"https:\/\/www.fleurette-florium.fr\/\",\"name\":\"Fleurette Florium\",\"description\":\"\",\"publisher\":{\"@id\":\"https:\/\/www.fleurette-florium.fr\/#organization\"},\"potentialAction\":[{\"@type\":\"SearchAction\",\"target\":{\"@type\":\"EntryPoint\",\"urlTemplate\":\"https:\/\/www.fleurette-florium.fr\/?s={search_term_string}\"},\"query-input\":{\"@type\":\"PropertyValueSpecification\",\"valueRequired\":true,\"valueName\":\"search_term_string\"}}],\"inLanguage\":\"es\"},{\"@type\":\"Organization\",\"@id\":\"https:\/\/www.fleurette-florium.fr\/#organization\",\"name\":\"Fleurette Florium\",\"url\":\"https:\/\/www.fleurette-florium.fr\/\",\"logo\":{\"@type\":\"ImageObject\",\"inLanguage\":\"es\",\"@id\":\"https:\/\/www.fleurette-florium.fr\/#\/schema\/logo\/image\/\",\"url\":\"https:\/\/www.fleurette-florium.fr\/wp-content\/uploads\/2021\/07\/logo-fleurette-florium-scaled.png\",\"contentUrl\":\"https:\/\/www.fleurette-florium.fr\/wp-content\/uploads\/2021\/07\/logo-fleurette-florium-scaled.png\",\"width\":2560,\"height\":830,\"caption\":\"Fleurette Florium\"},\"image\":{\"@id\":\"https:\/\/www.fleurette-florium.fr\/#\/schema\/logo\/image\/\"}}]}<\/script>\n<!-- \/ Yoast SEO plugin. -->","yoast_head_json":{"title":"Florium, marque de la maison Fleurette Constructeur","description":"Florium est une marque de la maison fran\u00e7aise Fleurette constructeur et propose des mod\u00e8les de camping-cars robustes, de qualit\u00e9 et modernes pour vos voyages en famille ou en couple, en toute saison.","robots":{"index":"index","follow":"follow","max-snippet":"max-snippet:-1","max-image-preview":"max-image-preview:large","max-video-preview":"max-video-preview:-1"},"canonical":"https:\/\/www.fleurette-florium.fr\/es\/quienes-somos-2\/","og_locale":"es_ES","og_type":"article","og_title":"Florium, marque de la maison Fleurette Constructeur","og_description":"Florium est une marque de la maison fran\u00e7aise Fleurette constructeur et propose des mod\u00e8les de camping-cars robustes, de qualit\u00e9 et modernes pour vos voyages en famille ou en couple, en toute saison.","og_url":"https:\/\/www.fleurette-florium.fr\/es\/quienes-somos-2\/","og_site_name":"Fleurette Florium","article_modified_time":"2018-08-27T08:15:20+00:00","twitter_misc":{"Tiempo de lectura":"5 minutos"},"schema":{"@context":"https:\/\/schema.org","@graph":[{"@type":"WebPage","@id":"https:\/\/www.fleurette-florium.fr\/es\/quienes-somos-2\/","url":"https:\/\/www.fleurette-florium.fr\/es\/quienes-somos-2\/","name":"Florium, marque de la maison Fleurette Constructeur","isPartOf":{"@id":"https:\/\/www.fleurette-florium.fr\/#website"},"datePublished":"2015-07-28T15:48:25+00:00","dateModified":"2018-08-27T08:15:20+00:00","description":"Florium est une marque de la maison fran\u00e7aise Fleurette constructeur et propose des mod\u00e8les de camping-cars robustes, de qualit\u00e9 et modernes pour vos voyages en famille ou en couple, en toute saison.","breadcrumb":{"@id":"https:\/\/www.fleurette-florium.fr\/es\/quienes-somos-2\/#breadcrumb"},"inLanguage":"es","potentialAction":[{"@type":"ReadAction","target":["https:\/\/www.fleurette-florium.fr\/es\/quienes-somos-2\/"]}]},{"@type":"BreadcrumbList","@id":"https:\/\/www.fleurette-florium.fr\/es\/quienes-somos-2\/#breadcrumb","itemListElement":[{"@type":"ListItem","position":1,"name":"","item":"https:\/\/www.fleurette-florium.fr\/es\/accueil-camping-cars-modernes-florium\/"},{"@type":"ListItem","position":2,"name":"Qui\u00e9nes somos"}]},{"@type":"WebSite","@id":"https:\/\/www.fleurette-florium.fr\/#website","url":"https:\/\/www.fleurette-florium.fr\/","name":"Fleurette Florium","description":"","publisher":{"@id":"https:\/\/www.fleurette-florium.fr\/#organization"},"potentialAction":[{"@type":"SearchAction","target":{"@type":"EntryPoint","urlTemplate":"https:\/\/www.fleurette-florium.fr\/?s={search_term_string}"},"query-input":{"@type":"PropertyValueSpecification","valueRequired":true,"valueName":"search_term_string"}}],"inLanguage":"es"},{"@type":"Organization","@id":"https:\/\/www.fleurette-florium.fr\/#organization","name":"Fleurette Florium","url":"https:\/\/www.fleurette-florium.fr\/","logo":{"@type":"ImageObject","inLanguage":"es","@id":"https:\/\/www.fleurette-florium.fr\/#\/schema\/logo\/image\/","url":"https:\/\/www.fleurette-florium.fr\/wp-content\/uploads\/2021\/07\/logo-fleurette-florium-scaled.png","contentUrl":"https:\/\/www.fleurette-florium.fr\/wp-content\/uploads\/2021\/07\/logo-fleurette-florium-scaled.png","width":2560,"height":830,"caption":"Fleurette Florium"},"image":{"@id":"https:\/\/www.fleurette-florium.fr\/#\/schema\/logo\/image\/"}}]}},"_links":{"self":[{"href":"https:\/\/www.fleurette-florium.fr\/es\/wp-json\/wp\/v2\/pages\/3823","targetHints":{"allow":["GET"]}}],"collection":[{"href":"https:\/\/www.fleurette-florium.fr\/es\/wp-json\/wp\/v2\/pages"}],"about":[{"href":"https:\/\/www.fleurette-florium.fr\/es\/wp-json\/wp\/v2\/types\/page"}],"author":[{"embeddable":true,"href":"https:\/\/www.fleurette-florium.fr\/es\/wp-json\/wp\/v2\/users\/67182"}],"replies":[{"embeddable":true,"href":"https:\/\/www.fleurette-florium.fr\/es\/wp-json\/wp\/v2\/comments?post=3823"}],"version-history":[{"count":10,"href":"https:\/\/www.fleurette-florium.fr\/es\/wp-json\/wp\/v2\/pages\/3823\/revisions"}],"predecessor-version":[{"id":5310,"href":"https:\/\/www.fleurette-florium.fr\/es\/wp-json\/wp\/v2\/pages\/3823\/revisions\/5310"}],"wp:attachment":[{"href":"https:\/\/www.fleurette-florium.fr\/es\/wp-json\/wp\/v2\/media?parent=3823"}],"curies":[{"name":"wp","href":"https:\/\/api.w.org\/{rel}","templated":true}]}}