{"id":3797,"date":"2016-11-22T17:54:56","date_gmt":"2016-11-22T16:54:56","guid":{"rendered":"http:\/\/florium.fr\/es\/?page_id=3797"},"modified":"2025-09-30T10:55:16","modified_gmt":"2025-09-30T09:55:16","slug":"catalogo","status":"publish","type":"page","link":"https:\/\/www.fleurette-florium.fr\/es\/catalogo\/","title":{"rendered":"Cat\u00e1logo"},"content":{"rendered":"<div class=\"wpb-content-wrapper\"><p>[vc_row gap=\u00bb35&#8243; css=\u00bb.vc_custom_1629903111642{margin-bottom: 60px !important;}\u00bb][vc_column width=\u00bb1\/2&#8243;][vc_column_text css=\u00bb\u00bb]<\/p>\n<h3>Cat\u00e1logo y noticias<\/h3>\n<p>[\/vc_column_text][vc_column_text css=\u00bb\u00bb]Con el fin de reducir nuestro impacto medioambiental, le invitamos a descargar nuestro cat\u00e1logo en l\u00ednea a trav\u00e9s del bot\u00f3n dedicado de esta p\u00e1gina. Tambi\u00e9n puede recibir en su domicilio nuestro cat\u00e1logo de autocaravanas FLEURETTE CONSTRUCTEUR, que incluye las marcas FLEURETTE y FLORIUM, colecci\u00f3n de autocaravanas 2026.<\/p>\n<p>Rellene los siguientes campos para ayudarnos a definir su proyecto.[\/vc_column_text][vc_column_text css=\u00bb\u00bb]<\/p>\n<h2>Nuestro cat\u00e1logo y novedades de Fleurette-Florium<\/h2>\n<div class=\"wpcf7 no-js\" id=\"wpcf7-f26520-o1\" lang=\"es-ES\" dir=\"ltr\" data-wpcf7-id=\"26520\">\n<div class=\"screen-reader-response\"><p role=\"status\" aria-live=\"polite\" aria-atomic=\"true\"><\/p> <ul><\/ul><\/div>\n<form action=\"\/es\/wp-json\/wp\/v2\/pages\/3797#wpcf7-f26520-o1\" method=\"post\" class=\"wpcf7-form init\" aria-label=\"Formulario de contacto\" novalidate=\"novalidate\" data-status=\"init\">\n<fieldset class=\"hidden-fields-container\"><input type=\"hidden\" name=\"_wpcf7\" value=\"26520\" \/><input type=\"hidden\" name=\"_wpcf7_version\" value=\"6.1.5\" \/><input type=\"hidden\" name=\"_wpcf7_locale\" value=\"es_ES\" \/><input type=\"hidden\" name=\"_wpcf7_unit_tag\" value=\"wpcf7-f26520-o1\" \/><input type=\"hidden\" name=\"_wpcf7_container_post\" value=\"0\" \/><input type=\"hidden\" name=\"_wpcf7_posted_data_hash\" value=\"\" \/><input type=\"hidden\" name=\"_wpcf7_recaptcha_response\" value=\"\" \/>\n<\/fieldset>\n<p><br \/>\nApellidos\n<\/p>\n<p><span class=\"wpcf7-form-control-wrap\" data-name=\"nom\"><input size=\"40\" maxlength=\"400\" class=\"wpcf7-form-control wpcf7-text wpcf7-validates-as-required\" aria-required=\"true\" aria-invalid=\"false\" value=\"\" type=\"text\" name=\"nom\" \/><\/span>\n<\/p>\n<p><br \/>\nNombre\n<\/p>\n<p><span class=\"wpcf7-form-control-wrap\" data-name=\"prenom\"><input size=\"40\" maxlength=\"400\" class=\"wpcf7-form-control wpcf7-text wpcf7-validates-as-required\" aria-required=\"true\" aria-invalid=\"false\" value=\"\" type=\"text\" name=\"prenom\" \/><\/span>\n<\/p>\n<p><br \/>\nCorreo electr\u00f3nico\n<\/p>\n<p><span class=\"wpcf7-form-control-wrap\" data-name=\"email\"><input size=\"40\" maxlength=\"400\" class=\"wpcf7-form-control wpcf7-email wpcf7-validates-as-required wpcf7-text wpcf7-validates-as-email\" aria-required=\"true\" aria-invalid=\"false\" value=\"\" type=\"email\" name=\"email\" \/><\/span>\n<\/p>\n<p><br \/>\nTel\u00e9fono\n<\/p>\n<p><span class=\"wpcf7-form-control-wrap\" data-name=\"telephone\"><input size=\"40\" maxlength=\"400\" class=\"wpcf7-form-control wpcf7-text wpcf7-validates-as-required\" aria-required=\"true\" aria-invalid=\"false\" value=\"\" type=\"text\" name=\"telephone\" \/><\/span>\n<\/p>\n<p><br \/>\nDirecci\u00f3n\n<\/p>\n<p><span class=\"wpcf7-form-control-wrap\" data-name=\"rue\"><input size=\"40\" maxlength=\"400\" class=\"wpcf7-form-control wpcf7-text wpcf7-validates-as-required\" aria-required=\"true\" aria-invalid=\"false\" value=\"\" type=\"text\" name=\"rue\" \/><\/span>\n<\/p>\n<p><br \/>\nC\u00f3digo postal\n<\/p>\n<p><span class=\"wpcf7-form-control-wrap\" data-name=\"codepostal\"><input size=\"40\" maxlength=\"400\" class=\"wpcf7-form-control wpcf7-text wpcf7-validates-as-required\" aria-required=\"true\" aria-invalid=\"false\" value=\"\" type=\"text\" name=\"codepostal\" \/><\/span>\n<\/p>\n<p><br \/>\nCiudad\n<\/p>\n<p><span class=\"wpcf7-form-control-wrap\" data-name=\"ville\"><input size=\"40\" maxlength=\"400\" class=\"wpcf7-form-control wpcf7-text wpcf7-validates-as-required\" aria-required=\"true\" aria-invalid=\"false\" value=\"\" type=\"text\" name=\"ville\" \/><\/span>\n<\/p>\n<p><br \/>\nCat\u00e1logo\n<\/p>\n<p><span class=\"wpcf7-form-control-wrap\" data-name=\"catalogue\"><span class=\"wpcf7-form-control wpcf7-checkbox wpcf7-validates-as-required\"><span class=\"wpcf7-list-item first\"><label><input type=\"checkbox\" name=\"catalogue[]\" value=\"Perfilada compacta\" \/><span class=\"wpcf7-list-item-label\">Perfilada compacta<\/span><\/label><\/span><span class=\"wpcf7-list-item\"><label><input type=\"checkbox\" name=\"catalogue[]\" value=\"Perfilada espaciosa\" \/><span class=\"wpcf7-list-item-label\">Perfilada espaciosa<\/span><\/label><\/span><span class=\"wpcf7-list-item\"><label><input type=\"checkbox\" name=\"catalogue[]\" value=\"Integral\" \/><span class=\"wpcf7-list-item-label\">Integral<\/span><\/label><\/span><span class=\"wpcf7-list-item last\"><label><input type=\"checkbox\" name=\"catalogue[]\" value=\"Opci\u00f3n no definida\" \/><span class=\"wpcf7-list-item-label\">Opci\u00f3n no definida<\/span><\/label><\/span><\/span><\/span>\n<\/p>\n<p><br \/>\nMarca\n<\/p>\n<p><span class=\"wpcf7-form-control-wrap\" data-name=\"marque\"><span class=\"wpcf7-form-control wpcf7-checkbox wpcf7-validates-as-required\"><span class=\"wpcf7-list-item first\"><label><input type=\"checkbox\" name=\"marque[]\" value=\"Fleurette\" \/><span class=\"wpcf7-list-item-label\">Fleurette<\/span><\/label><\/span><span class=\"wpcf7-list-item\"><label><input type=\"checkbox\" name=\"marque[]\" value=\"Florium\" \/><span class=\"wpcf7-list-item-label\">Florium<\/span><\/label><\/span><span class=\"wpcf7-list-item last\"><label><input type=\"checkbox\" name=\"marque[]\" value=\"Opci\u00f3n no definida\" \/><span class=\"wpcf7-list-item-label\">Opci\u00f3n no definida<\/span><\/label><\/span><\/span><\/span>\n<\/p>\n<hr \/>\n<p><span class=\"wpcf7-form-control-wrap\" data-name=\"transmissionCoordonnes\"><span class=\"wpcf7-form-control wpcf7-checkbox\"><span class=\"wpcf7-list-item first last\"><label><input type=\"checkbox\" name=\"transmissionCoordonnes[]\" value=\"Les autorizo a transmitir mis datos al concesionario m\u00e1s cercano a mi domicilio\" \/><span class=\"wpcf7-list-item-label\">Les autorizo a transmitir mis datos al concesionario m\u00e1s cercano a mi domicilio<\/span><\/label><\/span><\/span><\/span>\n<\/p>\n<p><span class=\"wpcf7-form-control-wrap\" data-name=\"newsletter\"><span class=\"wpcf7-form-control wpcf7-checkbox\"><span class=\"wpcf7-list-item first last\"><label><input type=\"checkbox\" name=\"newsletter[]\" value=\"Deseo recibir el bolet\u00edn informativo de Fleurette-Florium y recibir informaci\u00f3n regularmente por correo electr\u00f3nico sobre nuevos productos y noticias. Puedo revocar este consentimiento en cualquier momento enviando un correo electr\u00f3nico a contact@fleurette.fr\" \/><span class=\"wpcf7-list-item-label\">Deseo recibir el bolet\u00edn informativo de Fleurette-Florium y recibir informaci\u00f3n regularmente por correo electr\u00f3nico sobre nuevos productos y noticias. Puedo revocar este consentimiento en cualquier momento enviando un correo electr\u00f3nico a contact@fleurette.fr<\/span><\/label><\/span><\/span><\/span>\n<\/p>\n<div class=\"col-xs-12 col-md-5 envoyer\">\n\t<p><input class=\"wpcf7-form-control wpcf7-submit has-spinner\" type=\"submit\" value=\"Enviar\" \/>\n\t<\/p>\n<\/div><div class=\"wpcf7-response-output\" aria-hidden=\"true\"><\/div>\n<\/form>\n<\/div>\n[\/vc_column_text][\/vc_column][vc_column width=\u00bb1\/2&#8243;][vc_single_image image=\u00bb31196&#8243; img_size=\u00bbfull\u00bb alignment=\u00bbcenter\u00bb onclick=\u00bbcustom_link\u00bb img_link_target=\u00bb_blank\u00bb css_animation=\u00bbbottom-to-top\u00bb css=\u00bb\u00bb link=\u00bb https:\/\/www.fleurette-florium.fr\/wp-content\/uploads\/2025\/08\/Catalogue_Fleurette_ES_297x210_2026-13_BD.pdf\u00bb][vc_column_text css=\u00bb.vc_custom_1718206921411{margin-top: -40px !important;}\u00bb]<\/p>\n<p style=\"text-align: center;\">Haga clic en el bot\u00f3n de abajo para descargar el cat\u00e1logo de autocaravanas Fleurette-Florium en formato PDF.<\/p>\n<p>[\/vc_column_text][vc_row_inner][vc_column_inner width=\u00bb1\/2&#8243;][vc_btn title=\u00bbColecci\u00f3n 2026&#8243; style=\u00bbflat\u00bb shape=\u00bbsquare\u00bb color=\u00bbinverse\u00bb size=\u00bblg\u00bb align=\u00bbcenter\u00bb i_icon_fontawesome=\u00bbfa fa-solid fa-download\u00bb css=\u00bb\u00bb add_icon=\u00bbtrue\u00bb link=\u00bburl:%20https%3A%2F%2Fwww.fleurette-florium.fr%2Fwp-content%2Fuploads%2F2025%2F08%2FCatalogue_Fleurette_ES_297x210_2026-13_BD.pdf|title:Colleccion%202026|target:_blank\u00bb][\/vc_column_inner][vc_column_inner width=\u00bb1\/2&#8243;][vc_btn title=\u00bbColecci\u00f3n 2025&#8243; style=\u00bbflat\u00bb shape=\u00bbsquare\u00bb color=\u00bbinverse\u00bb size=\u00bblg\u00bb align=\u00bbcenter\u00bb i_icon_fontawesome=\u00bbfas fa-download\u00bb css=\u00bb\u00bb add_icon=\u00bbtrue\u00bb link=\u00bburl:https%3A%2F%2Fwww.fleurette-florium.fr%2Fwp-content%2Fuploads%2F2024%2F10%2FCatalogue_Fleurette_297x210_2025__version-web_Espagnol.pdf|title:Colleccion%202025|target:_blank\u00bb][\/vc_column_inner][\/vc_row_inner][\/vc_column][\/vc_row]<\/p>\n<\/div>","protected":false},"excerpt":{"rendered":"<p>[vc_row gap=\u00bb35&#8243; css=\u00bb.vc_custom_1629903111642{margin-bottom: 60px !important;}\u00bb][vc_column width=\u00bb1\/2&#8243;][vc_column_text css=\u00bb\u00bb] Cat\u00e1logo y noticias [\/vc_column_text][vc_column_text css=\u00bb\u00bb]Con el fin de reducir nuestro impacto medioambiental, le invitamos a descargar nuestro cat\u00e1logo en l\u00ednea a trav\u00e9s del bot\u00f3n dedicado de esta p\u00e1gina. Tambi\u00e9n puede recibir en su domicilio nuestro cat\u00e1logo de autocaravanas FLEURETTE CONSTRUCTEUR, que incluye las marcas FLEURETTE y FLORIUM, colecci\u00f3n [&hellip;]<\/p>\n","protected":false},"author":4,"featured_media":0,"parent":0,"menu_order":0,"comment_status":"closed","ping_status":"closed","template":"","meta":{"_acf_changed":false,"footnotes":""},"class_list":["post-3797","page","type-page","status-publish","hentry"],"acf":[],"yoast_head":"<!-- This site is optimized with the Yoast SEO plugin v27.5 - https:\/\/yoast.com\/product\/yoast-seo-wordpress\/ -->\n<title>Cat\u00e1logo - Fleurette Florium<\/title>\n<meta name=\"robots\" content=\"index, follow, max-snippet:-1, max-image-preview:large, max-video-preview:-1\" \/>\n<link rel=\"canonical\" href=\"https:\/\/www.fleurette-florium.fr\/es\/catalogo\/\" \/>\n<meta property=\"og:locale\" content=\"es_ES\" \/>\n<meta property=\"og:type\" content=\"article\" \/>\n<meta property=\"og:title\" content=\"Cat\u00e1logo - Fleurette Florium\" \/>\n<meta property=\"og:description\" content=\"[vc_row gap=\u00bb35&#8243; css=\u00bb.vc_custom_1629903111642{margin-bottom: 60px !important;}\u00bb][vc_column width=\u00bb1\/2&#8243;][vc_column_text css=\u00bb\u00bb] Cat\u00e1logo y noticias [\/vc_column_text][vc_column_text css=\u00bb\u00bb]Con el fin de reducir nuestro impacto medioambiental, le invitamos a descargar nuestro cat\u00e1logo en l\u00ednea a trav\u00e9s del bot\u00f3n dedicado de esta p\u00e1gina. Tambi\u00e9n puede recibir en su domicilio nuestro cat\u00e1logo de autocaravanas FLEURETTE CONSTRUCTEUR, que incluye las marcas FLEURETTE y FLORIUM, colecci\u00f3n [&hellip;]\" \/>\n<meta property=\"og:url\" content=\"https:\/\/www.fleurette-florium.fr\/es\/catalogo\/\" \/>\n<meta property=\"og:site_name\" content=\"Fleurette Florium\" \/>\n<meta property=\"article:modified_time\" content=\"2025-09-30T09:55:16+00:00\" \/>\n<meta name=\"twitter:label1\" content=\"Tiempo de lectura\" \/>\n\t<meta name=\"twitter:data1\" content=\"1 minuto\" \/>\n<script type=\"application\/ld+json\" class=\"yoast-schema-graph\">{\"@context\":\"https:\\\/\\\/schema.org\",\"@graph\":[{\"@type\":\"WebPage\",\"@id\":\"https:\\\/\\\/www.fleurette-florium.fr\\\/es\\\/catalogo\\\/\",\"url\":\"https:\\\/\\\/www.fleurette-florium.fr\\\/es\\\/catalogo\\\/\",\"name\":\"Cat\u00e1logo - Fleurette Florium\",\"isPartOf\":{\"@id\":\"https:\\\/\\\/www.fleurette-florium.fr\\\/#website\"},\"datePublished\":\"2016-11-22T16:54:56+00:00\",\"dateModified\":\"2025-09-30T09:55:16+00:00\",\"breadcrumb\":{\"@id\":\"https:\\\/\\\/www.fleurette-florium.fr\\\/es\\\/catalogo\\\/#breadcrumb\"},\"inLanguage\":\"es\",\"potentialAction\":[{\"@type\":\"ReadAction\",\"target\":[\"https:\\\/\\\/www.fleurette-florium.fr\\\/es\\\/catalogo\\\/\"]}]},{\"@type\":\"BreadcrumbList\",\"@id\":\"https:\\\/\\\/www.fleurette-florium.fr\\\/es\\\/catalogo\\\/#breadcrumb\",\"itemListElement\":[{\"@type\":\"ListItem\",\"position\":1,\"name\":\"\",\"item\":\"https:\\\/\\\/www.fleurette-florium.fr\\\/es\\\/accueil-camping-cars-modernes-florium\\\/\"},{\"@type\":\"ListItem\",\"position\":2,\"name\":\"Cat\u00e1logo\"}]},{\"@type\":\"WebSite\",\"@id\":\"https:\\\/\\\/www.fleurette-florium.fr\\\/#website\",\"url\":\"https:\\\/\\\/www.fleurette-florium.fr\\\/\",\"name\":\"Fleurette Florium\",\"description\":\"\",\"publisher\":{\"@id\":\"https:\\\/\\\/www.fleurette-florium.fr\\\/#organization\"},\"potentialAction\":[{\"@type\":\"SearchAction\",\"target\":{\"@type\":\"EntryPoint\",\"urlTemplate\":\"https:\\\/\\\/www.fleurette-florium.fr\\\/?s={search_term_string}\"},\"query-input\":{\"@type\":\"PropertyValueSpecification\",\"valueRequired\":true,\"valueName\":\"search_term_string\"}}],\"inLanguage\":\"es\"},{\"@type\":\"Organization\",\"@id\":\"https:\\\/\\\/www.fleurette-florium.fr\\\/#organization\",\"name\":\"Fleurette Florium\",\"url\":\"https:\\\/\\\/www.fleurette-florium.fr\\\/\",\"logo\":{\"@type\":\"ImageObject\",\"inLanguage\":\"es\",\"@id\":\"https:\\\/\\\/www.fleurette-florium.fr\\\/#\\\/schema\\\/logo\\\/image\\\/\",\"url\":\"https:\\\/\\\/www.fleurette-florium.fr\\\/wp-content\\\/uploads\\\/2021\\\/07\\\/logo-fleurette-florium-scaled.png\",\"contentUrl\":\"https:\\\/\\\/www.fleurette-florium.fr\\\/wp-content\\\/uploads\\\/2021\\\/07\\\/logo-fleurette-florium-scaled.png\",\"width\":2560,\"height\":830,\"caption\":\"Fleurette Florium\"},\"image\":{\"@id\":\"https:\\\/\\\/www.fleurette-florium.fr\\\/#\\\/schema\\\/logo\\\/image\\\/\"}}]}<\/script>\n<!-- \/ Yoast SEO plugin. -->","yoast_head_json":{"title":"Cat\u00e1logo - Fleurette Florium","robots":{"index":"index","follow":"follow","max-snippet":"max-snippet:-1","max-image-preview":"max-image-preview:large","max-video-preview":"max-video-preview:-1"},"canonical":"https:\/\/www.fleurette-florium.fr\/es\/catalogo\/","og_locale":"es_ES","og_type":"article","og_title":"Cat\u00e1logo - Fleurette Florium","og_description":"[vc_row gap=\u00bb35&#8243; css=\u00bb.vc_custom_1629903111642{margin-bottom: 60px !important;}\u00bb][vc_column width=\u00bb1\/2&#8243;][vc_column_text css=\u00bb\u00bb] Cat\u00e1logo y noticias [\/vc_column_text][vc_column_text css=\u00bb\u00bb]Con el fin de reducir nuestro impacto medioambiental, le invitamos a descargar nuestro cat\u00e1logo en l\u00ednea a trav\u00e9s del bot\u00f3n dedicado de esta p\u00e1gina. Tambi\u00e9n puede recibir en su domicilio nuestro cat\u00e1logo de autocaravanas FLEURETTE CONSTRUCTEUR, que incluye las marcas FLEURETTE y FLORIUM, colecci\u00f3n [&hellip;]","og_url":"https:\/\/www.fleurette-florium.fr\/es\/catalogo\/","og_site_name":"Fleurette Florium","article_modified_time":"2025-09-30T09:55:16+00:00","twitter_misc":{"Tiempo de lectura":"1 minuto"},"schema":{"@context":"https:\/\/schema.org","@graph":[{"@type":"WebPage","@id":"https:\/\/www.fleurette-florium.fr\/es\/catalogo\/","url":"https:\/\/www.fleurette-florium.fr\/es\/catalogo\/","name":"Cat\u00e1logo - Fleurette Florium","isPartOf":{"@id":"https:\/\/www.fleurette-florium.fr\/#website"},"datePublished":"2016-11-22T16:54:56+00:00","dateModified":"2025-09-30T09:55:16+00:00","breadcrumb":{"@id":"https:\/\/www.fleurette-florium.fr\/es\/catalogo\/#breadcrumb"},"inLanguage":"es","potentialAction":[{"@type":"ReadAction","target":["https:\/\/www.fleurette-florium.fr\/es\/catalogo\/"]}]},{"@type":"BreadcrumbList","@id":"https:\/\/www.fleurette-florium.fr\/es\/catalogo\/#breadcrumb","itemListElement":[{"@type":"ListItem","position":1,"name":"","item":"https:\/\/www.fleurette-florium.fr\/es\/accueil-camping-cars-modernes-florium\/"},{"@type":"ListItem","position":2,"name":"Cat\u00e1logo"}]},{"@type":"WebSite","@id":"https:\/\/www.fleurette-florium.fr\/#website","url":"https:\/\/www.fleurette-florium.fr\/","name":"Fleurette Florium","description":"","publisher":{"@id":"https:\/\/www.fleurette-florium.fr\/#organization"},"potentialAction":[{"@type":"SearchAction","target":{"@type":"EntryPoint","urlTemplate":"https:\/\/www.fleurette-florium.fr\/?s={search_term_string}"},"query-input":{"@type":"PropertyValueSpecification","valueRequired":true,"valueName":"search_term_string"}}],"inLanguage":"es"},{"@type":"Organization","@id":"https:\/\/www.fleurette-florium.fr\/#organization","name":"Fleurette Florium","url":"https:\/\/www.fleurette-florium.fr\/","logo":{"@type":"ImageObject","inLanguage":"es","@id":"https:\/\/www.fleurette-florium.fr\/#\/schema\/logo\/image\/","url":"https:\/\/www.fleurette-florium.fr\/wp-content\/uploads\/2021\/07\/logo-fleurette-florium-scaled.png","contentUrl":"https:\/\/www.fleurette-florium.fr\/wp-content\/uploads\/2021\/07\/logo-fleurette-florium-scaled.png","width":2560,"height":830,"caption":"Fleurette Florium"},"image":{"@id":"https:\/\/www.fleurette-florium.fr\/#\/schema\/logo\/image\/"}}]}},"_links":{"self":[{"href":"https:\/\/www.fleurette-florium.fr\/es\/wp-json\/wp\/v2\/pages\/3797","targetHints":{"allow":["GET"]}}],"collection":[{"href":"https:\/\/www.fleurette-florium.fr\/es\/wp-json\/wp\/v2\/pages"}],"about":[{"href":"https:\/\/www.fleurette-florium.fr\/es\/wp-json\/wp\/v2\/types\/page"}],"author":[{"embeddable":true,"href":"https:\/\/www.fleurette-florium.fr\/es\/wp-json\/wp\/v2\/users\/4"}],"replies":[{"embeddable":true,"href":"https:\/\/www.fleurette-florium.fr\/es\/wp-json\/wp\/v2\/comments?post=3797"}],"version-history":[{"count":41,"href":"https:\/\/www.fleurette-florium.fr\/es\/wp-json\/wp\/v2\/pages\/3797\/revisions"}],"predecessor-version":[{"id":32808,"href":"https:\/\/www.fleurette-florium.fr\/es\/wp-json\/wp\/v2\/pages\/3797\/revisions\/32808"}],"wp:attachment":[{"href":"https:\/\/www.fleurette-florium.fr\/es\/wp-json\/wp\/v2\/media?parent=3797"}],"curies":[{"name":"wp","href":"https:\/\/api.w.org\/{rel}","templated":true}]}}