{"id":3793,"date":"2016-11-22T17:54:39","date_gmt":"2016-11-22T16:54:39","guid":{"rendered":"http:\/\/florium.fr\/es\/?page_id=3793"},"modified":"2025-08-06T09:48:28","modified_gmt":"2025-08-06T08:48:28","slug":"gama-wincester-autocaravanas-integrales","status":"publish","type":"page","link":"https:\/\/www.fleurette-florium.fr\/es\/gama-wincester-autocaravanas-integrales\/","title":{"rendered":"Gama Wincester &#8211; Autocaravanas integrales"},"content":{"rendered":"<div class=\"wpb-content-wrapper\"><p>[vc_row][vc_column][rev_slider_vc alias=\u00bbgamme_wincester-1&#8243;][\/vc_column][\/vc_row][vc_row][vc_column width=\u00bb2\/3&#8243;][vc_column_text el_class=\u00bbcontenu_lisible\u00bb]<span class='firstcharacter'>C<\/span>ontemple el exterior 100 % color marfil de su carrocer\u00eda, observe el mobiliario interior de dise\u00f1o\u2026 Hemos ideado las autocaravanas integrales Wincester para hacerle so\u00f1ar tanto de d\u00eda como de noche. Le encantar\u00e1 acurrucarse en este refugio de estilo in\u00e9dito. Imagine un espacio amplio que, adem\u00e1s de ser moderno, le ofrezca toda la funcionalidad que necesita\u2026 Abra los ojos y descubra este sue\u00f1o hecho realidad. Contemple su elegante carrocer\u00eda con l\u00edneas din\u00e1micas y saque partido de un interior refinado y polivalente. Las autocaravanas integrales Wincester han sido concebidas para que viaje en las condiciones de gama m\u00e1s alta, con salones con un confort m\u00e1ximo, cocinas ergon\u00f3micas y dormitorios que le har\u00e1n so\u00f1ar, todas las noches, en su Wincester.[\/vc_column_text][\/vc_column][vc_column width=\u00bb1\/3&#8243;][vc_column_text css=\u00bb\u00bb el_class=\u00bbliste_check_rouge\u00bb]<\/p>\n<h3>NOS ENCANTA<\/h3>\n<ul>\n<li>Chasis AL-KO<\/li>\n<li>Carrocer\u00eda de color marfil<\/li>\n<li>Caja de cambios autom\u00e1tica, luces delanteras LED \u2022 Doble suelo t\u00e9cnico para un aislamiento \u00f3ptimo y espacios de almacenamiento adicionales<\/li>\n<li>Amplio sal\u00f3n con regulador de intensidad luminosa<\/li>\n<li>Dormitorio con cama isla o camas gemelas,<br \/>\ny cama de cabina<\/li>\n<li>Escal\u00f3n el\u00e9ctrico<\/li>\n<li>Ducha exterior situada en el garaje con desag\u00fce el\u00e9ctrico de aguas residuales<\/li>\n<li>Calefactor de gas\/el\u00e9ctrico Truma<\/li>\n<li>Garaje XXL regulable el\u00e9ctricamente<\/li>\n<li>Estor de parabrisas Intimity<\/li>\n<li>Pack Lounge<\/li>\n<li>Ambiente con acabado fresno ambiance, luminosidad caracter\u00edstica con retroiluminaci\u00f3n LED<\/li>\n<\/ul>\n<p>[\/vc_column_text][\/vc_column][\/vc_row][vc_row el_class=\u00bbfullwidth_element margin-top-30 margin-bottom-none\u00bb el_id=\u00bbautres_produits\u00bb][vc_column css=\u00bb.vc_custom_1471868273418{padding-top: 35px !important;padding-right: 100px !important;padding-bottom: 50px !important;padding-left: 100px !important;background-color: #efe4cf !important;}\u00bb][vc_row_inner][vc_column_inner][vc_column_text]<\/p>\n<h3>Descubra los veh\u00edculos de la gama Florium Wincester<\/h3>\n<p>[\/vc_column_text][\/vc_column_inner][\/vc_row_inner][vc_row_inner][vc_column_inner width=\u00bb1\/3&#8243;][vc_single_image image=\u00bb27586&#8243; img_size=\u00bb260&#215;260&#8243; alignment=\u00bbcenter\u00bb onclick=\u00bbcustom_link\u00bb css=\u00bb\u00bb link=\u00bbhttps:\/\/www.fleurette-florium.fr\/es\/listings\/wincester-71-lmf-millenium-edition-new\/\u00bb][\/vc_column_inner][vc_column_inner width=\u00bb1\/3&#8243;][vc_single_image image=\u00bb27591&#8243; img_size=\u00bb260&#215;260&#8243; alignment=\u00bbcenter\u00bb onclick=\u00bbcustom_link\u00bb css=\u00bb\u00bb link=\u00bbhttps:\/\/www.fleurette-florium.fr\/es\/listings\/wincester-74-ljg-millenium-edition\/\u00bb][\/vc_column_inner][vc_column_inner width=\u00bb1\/3&#8243;][vc_single_image image=\u00bb29049&#8243; img_size=\u00bb260&#215;260&#8243; alignment=\u00bbcenter\u00bb onclick=\u00bbcustom_link\u00bb css=\u00bb\u00bb link=\u00bbhttps:\/\/www.fleurette-florium.fr\/es\/listings\/wincester-75-lmf-millenium-edition-new\/\u00bb][\/vc_column_inner][\/vc_row_inner][\/vc_column][\/vc_row]<\/p>\n<\/div>","protected":false},"excerpt":{"rendered":"<p>[vc_row][vc_column][rev_slider_vc alias=\u00bbgamme_wincester-1&#8243;][\/vc_column][\/vc_row][vc_row][vc_column width=\u00bb2\/3&#8243;][vc_column_text el_class=\u00bbcontenu_lisible\u00bb]ontemple el exterior 100 % color marfil de su carrocer\u00eda, observe el mobiliario interior de dise\u00f1o\u2026 Hemos ideado las autocaravanas integrales Wincester para hacerle so\u00f1ar tanto de d\u00eda como de noche. Le encantar\u00e1 acurrucarse en este refugio de estilo in\u00e9dito. Imagine un espacio amplio que, adem\u00e1s de ser moderno, le ofrezca toda [&hellip;]<\/p>\n","protected":false},"author":4,"featured_media":0,"parent":0,"menu_order":0,"comment_status":"closed","ping_status":"closed","template":"","meta":{"_acf_changed":false,"footnotes":""},"class_list":["post-3793","page","type-page","status-publish","hentry"],"acf":[],"yoast_head":"<!-- This site is optimized with the Yoast SEO plugin v27.5 - https:\/\/yoast.com\/product\/yoast-seo-wordpress\/ -->\n<title>Gama Wincester - Autocaravanas integrales - Fleurette Florium<\/title>\n<meta name=\"robots\" content=\"index, follow, max-snippet:-1, max-image-preview:large, max-video-preview:-1\" \/>\n<link rel=\"canonical\" href=\"https:\/\/www.fleurette-florium.fr\/es\/gama-wincester-autocaravanas-integrales\/\" \/>\n<meta property=\"og:locale\" content=\"es_ES\" \/>\n<meta property=\"og:type\" content=\"article\" \/>\n<meta property=\"og:title\" content=\"Gama Wincester - Autocaravanas integrales - Fleurette Florium\" \/>\n<meta property=\"og:description\" content=\"[vc_row][vc_column][rev_slider_vc alias=\u00bbgamme_wincester-1&#8243;][\/vc_column][\/vc_row][vc_row][vc_column width=\u00bb2\/3&#8243;][vc_column_text el_class=\u00bbcontenu_lisible\u00bb]ontemple el exterior 100 % color marfil de su carrocer\u00eda, observe el mobiliario interior de dise\u00f1o\u2026 Hemos ideado las autocaravanas integrales Wincester para hacerle so\u00f1ar tanto de d\u00eda como de noche. Le encantar\u00e1 acurrucarse en este refugio de estilo in\u00e9dito. Imagine un espacio amplio que, adem\u00e1s de ser moderno, le ofrezca toda [&hellip;]\" \/>\n<meta property=\"og:url\" content=\"https:\/\/www.fleurette-florium.fr\/es\/gama-wincester-autocaravanas-integrales\/\" \/>\n<meta property=\"og:site_name\" content=\"Fleurette Florium\" \/>\n<meta property=\"article:modified_time\" content=\"2025-08-06T08:48:28+00:00\" \/>\n<meta name=\"twitter:label1\" content=\"Tiempo de lectura\" \/>\n\t<meta name=\"twitter:data1\" content=\"2 minutos\" \/>\n<script type=\"application\/ld+json\" class=\"yoast-schema-graph\">{\"@context\":\"https:\\\/\\\/schema.org\",\"@graph\":[{\"@type\":\"WebPage\",\"@id\":\"https:\\\/\\\/www.fleurette-florium.fr\\\/es\\\/gama-wincester-autocaravanas-integrales\\\/\",\"url\":\"https:\\\/\\\/www.fleurette-florium.fr\\\/es\\\/gama-wincester-autocaravanas-integrales\\\/\",\"name\":\"Gama Wincester - Autocaravanas integrales - Fleurette Florium\",\"isPartOf\":{\"@id\":\"https:\\\/\\\/www.fleurette-florium.fr\\\/#website\"},\"datePublished\":\"2016-11-22T16:54:39+00:00\",\"dateModified\":\"2025-08-06T08:48:28+00:00\",\"breadcrumb\":{\"@id\":\"https:\\\/\\\/www.fleurette-florium.fr\\\/es\\\/gama-wincester-autocaravanas-integrales\\\/#breadcrumb\"},\"inLanguage\":\"es\",\"potentialAction\":[{\"@type\":\"ReadAction\",\"target\":[\"https:\\\/\\\/www.fleurette-florium.fr\\\/es\\\/gama-wincester-autocaravanas-integrales\\\/\"]}]},{\"@type\":\"BreadcrumbList\",\"@id\":\"https:\\\/\\\/www.fleurette-florium.fr\\\/es\\\/gama-wincester-autocaravanas-integrales\\\/#breadcrumb\",\"itemListElement\":[{\"@type\":\"ListItem\",\"position\":1,\"name\":\"\",\"item\":\"https:\\\/\\\/www.fleurette-florium.fr\\\/es\\\/accueil-camping-cars-modernes-florium\\\/\"},{\"@type\":\"ListItem\",\"position\":2,\"name\":\"Gama Wincester &#8211; Autocaravanas integrales\"}]},{\"@type\":\"WebSite\",\"@id\":\"https:\\\/\\\/www.fleurette-florium.fr\\\/#website\",\"url\":\"https:\\\/\\\/www.fleurette-florium.fr\\\/\",\"name\":\"Fleurette Florium\",\"description\":\"\",\"publisher\":{\"@id\":\"https:\\\/\\\/www.fleurette-florium.fr\\\/#organization\"},\"potentialAction\":[{\"@type\":\"SearchAction\",\"target\":{\"@type\":\"EntryPoint\",\"urlTemplate\":\"https:\\\/\\\/www.fleurette-florium.fr\\\/?s={search_term_string}\"},\"query-input\":{\"@type\":\"PropertyValueSpecification\",\"valueRequired\":true,\"valueName\":\"search_term_string\"}}],\"inLanguage\":\"es\"},{\"@type\":\"Organization\",\"@id\":\"https:\\\/\\\/www.fleurette-florium.fr\\\/#organization\",\"name\":\"Fleurette Florium\",\"url\":\"https:\\\/\\\/www.fleurette-florium.fr\\\/\",\"logo\":{\"@type\":\"ImageObject\",\"inLanguage\":\"es\",\"@id\":\"https:\\\/\\\/www.fleurette-florium.fr\\\/#\\\/schema\\\/logo\\\/image\\\/\",\"url\":\"https:\\\/\\\/www.fleurette-florium.fr\\\/wp-content\\\/uploads\\\/2021\\\/07\\\/logo-fleurette-florium-scaled.png\",\"contentUrl\":\"https:\\\/\\\/www.fleurette-florium.fr\\\/wp-content\\\/uploads\\\/2021\\\/07\\\/logo-fleurette-florium-scaled.png\",\"width\":2560,\"height\":830,\"caption\":\"Fleurette Florium\"},\"image\":{\"@id\":\"https:\\\/\\\/www.fleurette-florium.fr\\\/#\\\/schema\\\/logo\\\/image\\\/\"}}]}<\/script>\n<!-- \/ Yoast SEO plugin. -->","yoast_head_json":{"title":"Gama Wincester - Autocaravanas integrales - Fleurette Florium","robots":{"index":"index","follow":"follow","max-snippet":"max-snippet:-1","max-image-preview":"max-image-preview:large","max-video-preview":"max-video-preview:-1"},"canonical":"https:\/\/www.fleurette-florium.fr\/es\/gama-wincester-autocaravanas-integrales\/","og_locale":"es_ES","og_type":"article","og_title":"Gama Wincester - Autocaravanas integrales - Fleurette Florium","og_description":"[vc_row][vc_column][rev_slider_vc alias=\u00bbgamme_wincester-1&#8243;][\/vc_column][\/vc_row][vc_row][vc_column width=\u00bb2\/3&#8243;][vc_column_text el_class=\u00bbcontenu_lisible\u00bb]ontemple el exterior 100 % color marfil de su carrocer\u00eda, observe el mobiliario interior de dise\u00f1o\u2026 Hemos ideado las autocaravanas integrales Wincester para hacerle so\u00f1ar tanto de d\u00eda como de noche. Le encantar\u00e1 acurrucarse en este refugio de estilo in\u00e9dito. Imagine un espacio amplio que, adem\u00e1s de ser moderno, le ofrezca toda [&hellip;]","og_url":"https:\/\/www.fleurette-florium.fr\/es\/gama-wincester-autocaravanas-integrales\/","og_site_name":"Fleurette Florium","article_modified_time":"2025-08-06T08:48:28+00:00","twitter_misc":{"Tiempo de lectura":"2 minutos"},"schema":{"@context":"https:\/\/schema.org","@graph":[{"@type":"WebPage","@id":"https:\/\/www.fleurette-florium.fr\/es\/gama-wincester-autocaravanas-integrales\/","url":"https:\/\/www.fleurette-florium.fr\/es\/gama-wincester-autocaravanas-integrales\/","name":"Gama Wincester - Autocaravanas integrales - Fleurette Florium","isPartOf":{"@id":"https:\/\/www.fleurette-florium.fr\/#website"},"datePublished":"2016-11-22T16:54:39+00:00","dateModified":"2025-08-06T08:48:28+00:00","breadcrumb":{"@id":"https:\/\/www.fleurette-florium.fr\/es\/gama-wincester-autocaravanas-integrales\/#breadcrumb"},"inLanguage":"es","potentialAction":[{"@type":"ReadAction","target":["https:\/\/www.fleurette-florium.fr\/es\/gama-wincester-autocaravanas-integrales\/"]}]},{"@type":"BreadcrumbList","@id":"https:\/\/www.fleurette-florium.fr\/es\/gama-wincester-autocaravanas-integrales\/#breadcrumb","itemListElement":[{"@type":"ListItem","position":1,"name":"","item":"https:\/\/www.fleurette-florium.fr\/es\/accueil-camping-cars-modernes-florium\/"},{"@type":"ListItem","position":2,"name":"Gama Wincester &#8211; Autocaravanas integrales"}]},{"@type":"WebSite","@id":"https:\/\/www.fleurette-florium.fr\/#website","url":"https:\/\/www.fleurette-florium.fr\/","name":"Fleurette Florium","description":"","publisher":{"@id":"https:\/\/www.fleurette-florium.fr\/#organization"},"potentialAction":[{"@type":"SearchAction","target":{"@type":"EntryPoint","urlTemplate":"https:\/\/www.fleurette-florium.fr\/?s={search_term_string}"},"query-input":{"@type":"PropertyValueSpecification","valueRequired":true,"valueName":"search_term_string"}}],"inLanguage":"es"},{"@type":"Organization","@id":"https:\/\/www.fleurette-florium.fr\/#organization","name":"Fleurette Florium","url":"https:\/\/www.fleurette-florium.fr\/","logo":{"@type":"ImageObject","inLanguage":"es","@id":"https:\/\/www.fleurette-florium.fr\/#\/schema\/logo\/image\/","url":"https:\/\/www.fleurette-florium.fr\/wp-content\/uploads\/2021\/07\/logo-fleurette-florium-scaled.png","contentUrl":"https:\/\/www.fleurette-florium.fr\/wp-content\/uploads\/2021\/07\/logo-fleurette-florium-scaled.png","width":2560,"height":830,"caption":"Fleurette Florium"},"image":{"@id":"https:\/\/www.fleurette-florium.fr\/#\/schema\/logo\/image\/"}}]}},"_links":{"self":[{"href":"https:\/\/www.fleurette-florium.fr\/es\/wp-json\/wp\/v2\/pages\/3793","targetHints":{"allow":["GET"]}}],"collection":[{"href":"https:\/\/www.fleurette-florium.fr\/es\/wp-json\/wp\/v2\/pages"}],"about":[{"href":"https:\/\/www.fleurette-florium.fr\/es\/wp-json\/wp\/v2\/types\/page"}],"author":[{"embeddable":true,"href":"https:\/\/www.fleurette-florium.fr\/es\/wp-json\/wp\/v2\/users\/4"}],"replies":[{"embeddable":true,"href":"https:\/\/www.fleurette-florium.fr\/es\/wp-json\/wp\/v2\/comments?post=3793"}],"version-history":[{"count":27,"href":"https:\/\/www.fleurette-florium.fr\/es\/wp-json\/wp\/v2\/pages\/3793\/revisions"}],"predecessor-version":[{"id":30972,"href":"https:\/\/www.fleurette-florium.fr\/es\/wp-json\/wp\/v2\/pages\/3793\/revisions\/30972"}],"wp:attachment":[{"href":"https:\/\/www.fleurette-florium.fr\/es\/wp-json\/wp\/v2\/media?parent=3793"}],"curies":[{"name":"wp","href":"https:\/\/api.w.org\/{rel}","templated":true}]}}