{"id":3792,"date":"2016-11-22T17:50:30","date_gmt":"2016-11-22T16:50:30","guid":{"rendered":"http:\/\/florium.fr\/es\/?page_id=3792"},"modified":"2025-08-06T09:08:45","modified_gmt":"2025-08-06T08:08:45","slug":"gama-mayflower-autocaravanas-perfiladas-con-cama-de-techo","status":"publish","type":"page","link":"https:\/\/www.fleurette-florium.fr\/es\/gama-mayflower-autocaravanas-perfiladas-con-cama-de-techo\/","title":{"rendered":"Gama Mayflower &#8211; autocaravanas perfiladas con cama de techo"},"content":{"rendered":"<div class=\"wpb-content-wrapper\"><p>[vc_row][vc_column][rev_slider_vc alias=\u00bbgamme_mayflower-1&#8243;][\/vc_column][\/vc_row][vc_row][vc_column width=\u00bb2\/3&#8243;][vc_column_text el_class=\u00bbcontenu_lisible\u00bb]<\/p>\n<p class=\"p1\"><span class='firstcharacter'>S<\/span>alones espaciosos, cocinas con generosos espacios de almacenamiento, dormitorios con un confort delicado: descubra la gama de autocaravanas perfiladas con cama de techo Mayflower.<\/p>\n<p class=\"p1\">La gama Mayflower se compone de 4 distribuciones originales para que encuentre el modelo que m\u00e1s se ajuste a sus necesidades. Con el fin de optimizar el espacio, le proponemos 2 versiones con cama a la francesa. Si desea una distribuci\u00f3n \u00f3ptima, encontrar\u00e1\u00a0 2 modelos Mayflower con cama central. Todas las configuraciones son id\u00f3neas para que su experiencia en la Mayflower sea siempre placentera.<\/p>\n<p>[\/vc_column_text][\/vc_column][vc_column width=\u00bb1\/3&#8243;][vc_column_text css=\u00bb\u00bb el_class=\u00bbliste_check_rouge\u00bb]<\/p>\n<h3>NOS ENCANTA<\/h3>\n<ul>\n<li>2,34 m de ancho<\/li>\n<li>2,78 m de alto<\/li>\n<li>C\u00e9lula 100 % de poli\u00e9ster<\/li>\n<li>Recovery System y Protect System<\/li>\n<li>Aislamiento reforzado<\/li>\n<li>Chasis Fiat especial para autocaravanas con v\u00eda ensanchada<\/li>\n<li>Sal\u00f3n frente a frente para disfrutar de comidas con hasta 6 comensales<\/li>\n<li>Cocina con una amplia encimera, cocina de 2 fuegos con corte de gas<br \/>\ny cierre con tapa<\/li>\n<li>Dormitorio con gran cama isla<\/li>\n<li>Cama de techo el\u00e9ctrica para 1 o 2 personas opcional en 70LMF y 74LMF<\/li>\n<li>Ducha y WC separados<\/li>\n<li>Cuarto de ba\u00f1o XXL estilo lounge en la parte trasera con vestidor (67LO)<\/li>\n<li>Gran garaje regulable el\u00e9ctricamente<br \/>\n(70LMF y 74LMF)<\/li>\n<li>Nuevo mobiliario con acabado en fresno y ambiente con retroiluminaci\u00f3n LED<\/li>\n<\/ul>\n<p>[\/vc_column_text][\/vc_column][\/vc_row][vc_row el_class=\u00bbfullwidth_element margin-top-30 margin-bottom-none\u00bb el_id=\u00bbautres_produits\u00bb][vc_column css=\u00bb.vc_custom_1438272808096{padding-top: 35px !important;padding-right: 100px !important;padding-bottom: 50px !important;padding-left: 100px !important;background-color: #efefee !important;}\u00bb][vc_row_inner][vc_column_inner][vc_column_text]<\/p>\n<h3>Descubra los veh\u00edculos de la gama Florium MAYFLOWER<\/h3>\n<p>[\/vc_column_text][\/vc_column_inner][\/vc_row_inner][vc_row_inner][vc_column_inner width=\u00bb1\/4&#8243;][vc_single_image image=\u00bb17971&#8243; img_size=\u00bb260&#215;260&#8243; alignment=\u00bbcenter\u00bb onclick=\u00bbcustom_link\u00bb link=\u00bbhttps:\/\/www.fleurette-florium.fr\/es\/listings\/mayflower-67-lo-salon-con-cama-de-techo-electrica\/\u00bb][\/vc_column_inner][vc_column_inner width=\u00bb1\/4&#8243;][vc_single_image image=\u00bb27575&#8243; img_size=\u00bb260&#215;260&#8243; alignment=\u00bbcenter\u00bb onclick=\u00bbcustom_link\u00bb css=\u00bb\u00bb link=\u00bbhttps:\/\/www.fleurette-florium.fr\/es\/listings\/mayflower-70-lmf-millenium-edition-new\/\u00bb][\/vc_column_inner][vc_column_inner width=\u00bb1\/4&#8243;][vc_single_image image=\u00bb27580&#8243; img_size=\u00bb260&#215;260&#8243; alignment=\u00bbcenter\u00bb onclick=\u00bbcustom_link\u00bb css=\u00bb\u00bb link=\u00bbhttps:\/\/www.fleurette-florium.fr\/es\/listings\/mayflower-74-lmf-millenium-edition-new\/\u00bb][\/vc_column_inner][\/vc_row_inner][\/vc_column][\/vc_row]<\/p>\n<\/div>","protected":false},"excerpt":{"rendered":"<p>[vc_row][vc_column][rev_slider_vc alias=\u00bbgamme_mayflower-1&#8243;][\/vc_column][\/vc_row][vc_row][vc_column width=\u00bb2\/3&#8243;][vc_column_text el_class=\u00bbcontenu_lisible\u00bb] alones espaciosos, cocinas con generosos espacios de almacenamiento, dormitorios con un confort delicado: descubra la gama de autocaravanas perfiladas con cama de techo Mayflower. La gama Mayflower se compone de 4 distribuciones originales para que encuentre el modelo que m\u00e1s se ajuste a sus necesidades. Con el fin de optimizar el [&hellip;]<\/p>\n","protected":false},"author":4,"featured_media":0,"parent":0,"menu_order":0,"comment_status":"closed","ping_status":"closed","template":"","meta":{"_acf_changed":false,"footnotes":""},"class_list":["post-3792","page","type-page","status-publish","hentry"],"acf":[],"yoast_head":"<!-- This site is optimized with the Yoast SEO plugin v27.5 - https:\/\/yoast.com\/product\/yoast-seo-wordpress\/ -->\n<title>Gama Mayflower - autocaravanas perfiladas con cama de techo - Fleurette Florium<\/title>\n<meta name=\"robots\" content=\"index, follow, max-snippet:-1, max-image-preview:large, max-video-preview:-1\" \/>\n<link rel=\"canonical\" href=\"https:\/\/www.fleurette-florium.fr\/es\/gama-mayflower-autocaravanas-perfiladas-con-cama-de-techo\/\" \/>\n<meta property=\"og:locale\" content=\"es_ES\" \/>\n<meta property=\"og:type\" content=\"article\" \/>\n<meta property=\"og:title\" content=\"Gama Mayflower - autocaravanas perfiladas con cama de techo - Fleurette Florium\" \/>\n<meta property=\"og:description\" content=\"[vc_row][vc_column][rev_slider_vc alias=\u00bbgamme_mayflower-1&#8243;][\/vc_column][\/vc_row][vc_row][vc_column width=\u00bb2\/3&#8243;][vc_column_text el_class=\u00bbcontenu_lisible\u00bb] alones espaciosos, cocinas con generosos espacios de almacenamiento, dormitorios con un confort delicado: descubra la gama de autocaravanas perfiladas con cama de techo Mayflower. La gama Mayflower se compone de 4 distribuciones originales para que encuentre el modelo que m\u00e1s se ajuste a sus necesidades. Con el fin de optimizar el [&hellip;]\" \/>\n<meta property=\"og:url\" content=\"https:\/\/www.fleurette-florium.fr\/es\/gama-mayflower-autocaravanas-perfiladas-con-cama-de-techo\/\" \/>\n<meta property=\"og:site_name\" content=\"Fleurette Florium\" \/>\n<meta property=\"article:modified_time\" content=\"2025-08-06T08:08:45+00:00\" \/>\n<meta name=\"twitter:label1\" content=\"Tiempo de lectura\" \/>\n\t<meta name=\"twitter:data1\" content=\"2 minutos\" \/>\n<script type=\"application\/ld+json\" class=\"yoast-schema-graph\">{\"@context\":\"https:\\\/\\\/schema.org\",\"@graph\":[{\"@type\":\"WebPage\",\"@id\":\"https:\\\/\\\/www.fleurette-florium.fr\\\/es\\\/gama-mayflower-autocaravanas-perfiladas-con-cama-de-techo\\\/\",\"url\":\"https:\\\/\\\/www.fleurette-florium.fr\\\/es\\\/gama-mayflower-autocaravanas-perfiladas-con-cama-de-techo\\\/\",\"name\":\"Gama Mayflower - autocaravanas perfiladas con cama de techo - Fleurette Florium\",\"isPartOf\":{\"@id\":\"https:\\\/\\\/www.fleurette-florium.fr\\\/#website\"},\"datePublished\":\"2016-11-22T16:50:30+00:00\",\"dateModified\":\"2025-08-06T08:08:45+00:00\",\"breadcrumb\":{\"@id\":\"https:\\\/\\\/www.fleurette-florium.fr\\\/es\\\/gama-mayflower-autocaravanas-perfiladas-con-cama-de-techo\\\/#breadcrumb\"},\"inLanguage\":\"es\",\"potentialAction\":[{\"@type\":\"ReadAction\",\"target\":[\"https:\\\/\\\/www.fleurette-florium.fr\\\/es\\\/gama-mayflower-autocaravanas-perfiladas-con-cama-de-techo\\\/\"]}]},{\"@type\":\"BreadcrumbList\",\"@id\":\"https:\\\/\\\/www.fleurette-florium.fr\\\/es\\\/gama-mayflower-autocaravanas-perfiladas-con-cama-de-techo\\\/#breadcrumb\",\"itemListElement\":[{\"@type\":\"ListItem\",\"position\":1,\"name\":\"\",\"item\":\"https:\\\/\\\/www.fleurette-florium.fr\\\/es\\\/accueil-camping-cars-modernes-florium\\\/\"},{\"@type\":\"ListItem\",\"position\":2,\"name\":\"Gama Mayflower &#8211; autocaravanas perfiladas con cama de techo\"}]},{\"@type\":\"WebSite\",\"@id\":\"https:\\\/\\\/www.fleurette-florium.fr\\\/#website\",\"url\":\"https:\\\/\\\/www.fleurette-florium.fr\\\/\",\"name\":\"Fleurette Florium\",\"description\":\"\",\"publisher\":{\"@id\":\"https:\\\/\\\/www.fleurette-florium.fr\\\/#organization\"},\"potentialAction\":[{\"@type\":\"SearchAction\",\"target\":{\"@type\":\"EntryPoint\",\"urlTemplate\":\"https:\\\/\\\/www.fleurette-florium.fr\\\/?s={search_term_string}\"},\"query-input\":{\"@type\":\"PropertyValueSpecification\",\"valueRequired\":true,\"valueName\":\"search_term_string\"}}],\"inLanguage\":\"es\"},{\"@type\":\"Organization\",\"@id\":\"https:\\\/\\\/www.fleurette-florium.fr\\\/#organization\",\"name\":\"Fleurette Florium\",\"url\":\"https:\\\/\\\/www.fleurette-florium.fr\\\/\",\"logo\":{\"@type\":\"ImageObject\",\"inLanguage\":\"es\",\"@id\":\"https:\\\/\\\/www.fleurette-florium.fr\\\/#\\\/schema\\\/logo\\\/image\\\/\",\"url\":\"https:\\\/\\\/www.fleurette-florium.fr\\\/wp-content\\\/uploads\\\/2021\\\/07\\\/logo-fleurette-florium-scaled.png\",\"contentUrl\":\"https:\\\/\\\/www.fleurette-florium.fr\\\/wp-content\\\/uploads\\\/2021\\\/07\\\/logo-fleurette-florium-scaled.png\",\"width\":2560,\"height\":830,\"caption\":\"Fleurette Florium\"},\"image\":{\"@id\":\"https:\\\/\\\/www.fleurette-florium.fr\\\/#\\\/schema\\\/logo\\\/image\\\/\"}}]}<\/script>\n<!-- \/ Yoast SEO plugin. -->","yoast_head_json":{"title":"Gama Mayflower - autocaravanas perfiladas con cama de techo - Fleurette Florium","robots":{"index":"index","follow":"follow","max-snippet":"max-snippet:-1","max-image-preview":"max-image-preview:large","max-video-preview":"max-video-preview:-1"},"canonical":"https:\/\/www.fleurette-florium.fr\/es\/gama-mayflower-autocaravanas-perfiladas-con-cama-de-techo\/","og_locale":"es_ES","og_type":"article","og_title":"Gama Mayflower - autocaravanas perfiladas con cama de techo - Fleurette Florium","og_description":"[vc_row][vc_column][rev_slider_vc alias=\u00bbgamme_mayflower-1&#8243;][\/vc_column][\/vc_row][vc_row][vc_column width=\u00bb2\/3&#8243;][vc_column_text el_class=\u00bbcontenu_lisible\u00bb] alones espaciosos, cocinas con generosos espacios de almacenamiento, dormitorios con un confort delicado: descubra la gama de autocaravanas perfiladas con cama de techo Mayflower. La gama Mayflower se compone de 4 distribuciones originales para que encuentre el modelo que m\u00e1s se ajuste a sus necesidades. Con el fin de optimizar el [&hellip;]","og_url":"https:\/\/www.fleurette-florium.fr\/es\/gama-mayflower-autocaravanas-perfiladas-con-cama-de-techo\/","og_site_name":"Fleurette Florium","article_modified_time":"2025-08-06T08:08:45+00:00","twitter_misc":{"Tiempo de lectura":"2 minutos"},"schema":{"@context":"https:\/\/schema.org","@graph":[{"@type":"WebPage","@id":"https:\/\/www.fleurette-florium.fr\/es\/gama-mayflower-autocaravanas-perfiladas-con-cama-de-techo\/","url":"https:\/\/www.fleurette-florium.fr\/es\/gama-mayflower-autocaravanas-perfiladas-con-cama-de-techo\/","name":"Gama Mayflower - autocaravanas perfiladas con cama de techo - Fleurette Florium","isPartOf":{"@id":"https:\/\/www.fleurette-florium.fr\/#website"},"datePublished":"2016-11-22T16:50:30+00:00","dateModified":"2025-08-06T08:08:45+00:00","breadcrumb":{"@id":"https:\/\/www.fleurette-florium.fr\/es\/gama-mayflower-autocaravanas-perfiladas-con-cama-de-techo\/#breadcrumb"},"inLanguage":"es","potentialAction":[{"@type":"ReadAction","target":["https:\/\/www.fleurette-florium.fr\/es\/gama-mayflower-autocaravanas-perfiladas-con-cama-de-techo\/"]}]},{"@type":"BreadcrumbList","@id":"https:\/\/www.fleurette-florium.fr\/es\/gama-mayflower-autocaravanas-perfiladas-con-cama-de-techo\/#breadcrumb","itemListElement":[{"@type":"ListItem","position":1,"name":"","item":"https:\/\/www.fleurette-florium.fr\/es\/accueil-camping-cars-modernes-florium\/"},{"@type":"ListItem","position":2,"name":"Gama Mayflower &#8211; autocaravanas perfiladas con cama de techo"}]},{"@type":"WebSite","@id":"https:\/\/www.fleurette-florium.fr\/#website","url":"https:\/\/www.fleurette-florium.fr\/","name":"Fleurette Florium","description":"","publisher":{"@id":"https:\/\/www.fleurette-florium.fr\/#organization"},"potentialAction":[{"@type":"SearchAction","target":{"@type":"EntryPoint","urlTemplate":"https:\/\/www.fleurette-florium.fr\/?s={search_term_string}"},"query-input":{"@type":"PropertyValueSpecification","valueRequired":true,"valueName":"search_term_string"}}],"inLanguage":"es"},{"@type":"Organization","@id":"https:\/\/www.fleurette-florium.fr\/#organization","name":"Fleurette Florium","url":"https:\/\/www.fleurette-florium.fr\/","logo":{"@type":"ImageObject","inLanguage":"es","@id":"https:\/\/www.fleurette-florium.fr\/#\/schema\/logo\/image\/","url":"https:\/\/www.fleurette-florium.fr\/wp-content\/uploads\/2021\/07\/logo-fleurette-florium-scaled.png","contentUrl":"https:\/\/www.fleurette-florium.fr\/wp-content\/uploads\/2021\/07\/logo-fleurette-florium-scaled.png","width":2560,"height":830,"caption":"Fleurette Florium"},"image":{"@id":"https:\/\/www.fleurette-florium.fr\/#\/schema\/logo\/image\/"}}]}},"_links":{"self":[{"href":"https:\/\/www.fleurette-florium.fr\/es\/wp-json\/wp\/v2\/pages\/3792","targetHints":{"allow":["GET"]}}],"collection":[{"href":"https:\/\/www.fleurette-florium.fr\/es\/wp-json\/wp\/v2\/pages"}],"about":[{"href":"https:\/\/www.fleurette-florium.fr\/es\/wp-json\/wp\/v2\/types\/page"}],"author":[{"embeddable":true,"href":"https:\/\/www.fleurette-florium.fr\/es\/wp-json\/wp\/v2\/users\/4"}],"replies":[{"embeddable":true,"href":"https:\/\/www.fleurette-florium.fr\/es\/wp-json\/wp\/v2\/comments?post=3792"}],"version-history":[{"count":31,"href":"https:\/\/www.fleurette-florium.fr\/es\/wp-json\/wp\/v2\/pages\/3792\/revisions"}],"predecessor-version":[{"id":30934,"href":"https:\/\/www.fleurette-florium.fr\/es\/wp-json\/wp\/v2\/pages\/3792\/revisions\/30934"}],"wp:attachment":[{"href":"https:\/\/www.fleurette-florium.fr\/es\/wp-json\/wp\/v2\/media?parent=3792"}],"curies":[{"name":"wp","href":"https:\/\/api.w.org\/{rel}","templated":true}]}}