{"id":3788,"date":"2016-11-22T17:50:00","date_gmt":"2016-11-22T16:50:00","guid":{"rendered":"http:\/\/florium.fr\/es\/?page_id=3788"},"modified":"2025-09-24T11:11:52","modified_gmt":"2025-09-24T10:11:52","slug":"contacto","status":"publish","type":"page","link":"https:\/\/www.fleurette-florium.fr\/es\/contacto\/","title":{"rendered":"Contacto"},"content":{"rendered":"<div class=\"wpb-content-wrapper\"><p>[vc_row el_class=\u00bbmargin-bottom-none margin-top-30&#8243;][vc_column width=\u00bb1\/2&#8243;][vc_column_text css=\u00bb\u00bb]<\/p>\n<h3>FORMULARIO DE CONTACTO<\/h3>\n<p>&nbsp;<\/p>\n<p>Si desea m\u00e1s informaci\u00f3n sobre nuestras \u00faltimas novedades y productos, una prueba de conducci\u00f3n en autocaravana de uno de nuestros modelos Fleurette Florium, o conocer mejor nuestro proceso de fabricaci\u00f3n visitando nuestros talleres, p\u00f3ngase en contacto con FLEURETTE CONSTRUCTEUR.[\/vc_column_text]\n<div class=\"wpcf7 no-js\" id=\"wpcf7-f26509-o1\" lang=\"es-ES\" dir=\"ltr\" data-wpcf7-id=\"26509\">\n<div class=\"screen-reader-response\"><p role=\"status\" aria-live=\"polite\" aria-atomic=\"true\"><\/p> <ul><\/ul><\/div>\n<form action=\"\/es\/wp-json\/wp\/v2\/pages\/3788#wpcf7-f26509-o1\" method=\"post\" class=\"wpcf7-form init\" aria-label=\"Formulario de contacto\" novalidate=\"novalidate\" data-status=\"init\">\n<fieldset class=\"hidden-fields-container\"><input type=\"hidden\" name=\"_wpcf7\" value=\"26509\" \/><input type=\"hidden\" name=\"_wpcf7_version\" value=\"6.1.4\" \/><input type=\"hidden\" name=\"_wpcf7_locale\" value=\"es_ES\" \/><input type=\"hidden\" name=\"_wpcf7_unit_tag\" value=\"wpcf7-f26509-o1\" \/><input type=\"hidden\" name=\"_wpcf7_container_post\" value=\"0\" \/><input type=\"hidden\" name=\"_wpcf7_posted_data_hash\" value=\"\" \/><input type=\"hidden\" name=\"_wpcf7_recaptcha_response\" value=\"\" \/>\n<\/fieldset>\n<p><br \/>\nP\u00f3ngase en contacto con nosotros para:\n<\/p>\n<p><span class=\"wpcf7-form-control-wrap\" data-name=\"motif\"><select class=\"wpcf7-form-control wpcf7-select\" aria-invalid=\"false\" name=\"motif\"><option value=\"Que un distribuidor se ponga en contacto con usted (servicio posventa, accesorios, presupuestos, etc.)\">Que un distribuidor se ponga en contacto con usted (servicio posventa, accesorios, presupuestos, etc.)<\/option><option value=\"Informaci\u00f3n \/ Productos\">Informaci\u00f3n \/ Productos<\/option><option value=\"Recibir el cat\u00e1logo\">Recibir el cat\u00e1logo<\/option><option value=\"Otro tema\">Otro tema<\/option><\/select><\/span>\n<\/p>\n<p><br \/>\nNombre y apellidos (obligatorio)\n<\/p>\n<p><span class=\"wpcf7-form-control-wrap\" data-name=\"your-name\"><input size=\"40\" maxlength=\"400\" class=\"wpcf7-form-control wpcf7-text wpcf7-validates-as-required\" aria-required=\"true\" aria-invalid=\"false\" value=\"\" type=\"text\" name=\"your-name\" \/><\/span>\n<\/p>\n<p><br \/>\nCorreo electr\u00f3nico (obligatorio)\n<\/p>\n<p><span class=\"wpcf7-form-control-wrap\" data-name=\"your-email\"><input size=\"40\" maxlength=\"400\" class=\"wpcf7-form-control wpcf7-email wpcf7-validates-as-required wpcf7-text wpcf7-validates-as-email\" aria-required=\"true\" aria-invalid=\"false\" value=\"\" type=\"email\" name=\"your-email\" \/><\/span>\n<\/p>\n<p><br \/>\nTel\u00e9fono (obligatorio)\n<\/p>\n<p><span class=\"wpcf7-form-control-wrap\" data-name=\"your-phone\"><input size=\"40\" maxlength=\"400\" class=\"wpcf7-form-control wpcf7-tel wpcf7-validates-as-required wpcf7-text wpcf7-validates-as-tel\" aria-required=\"true\" aria-invalid=\"false\" value=\"\" type=\"tel\" name=\"your-phone\" \/><\/span>\n<\/p>\n<p><br \/>\nC\u00f3digo postal (obligatorio)\n<\/p>\n<p><span class=\"wpcf7-form-control-wrap\" data-name=\"your-codepostal\"><input size=\"40\" maxlength=\"400\" class=\"wpcf7-form-control wpcf7-text wpcf7-validates-as-required\" aria-required=\"true\" aria-invalid=\"false\" value=\"\" type=\"text\" name=\"your-codepostal\" \/><\/span>\n<\/p>\n<p><br \/>\nMensaje\n<\/p>\n<p><span class=\"wpcf7-form-control-wrap\" data-name=\"your-message\"><textarea cols=\"40\" rows=\"10\" maxlength=\"2000\" class=\"wpcf7-form-control wpcf7-textarea\" aria-invalid=\"false\" name=\"your-message\"><\/textarea><\/span>\n<\/p>\n<hr \/>\n<p><span class=\"wpcf7-form-control-wrap\" data-name=\"transmissionCoordonnes\"><span class=\"wpcf7-form-control wpcf7-checkbox\"><span class=\"wpcf7-list-item first last\"><label><input type=\"checkbox\" name=\"transmissionCoordonnes[]\" value=\"Les autorizo a transmitir mis datos al concesionario m\u00e1s cercano a mi domicilio\" \/><span class=\"wpcf7-list-item-label\">Les autorizo a transmitir mis datos al concesionario m\u00e1s cercano a mi domicilio<\/span><\/label><\/span><\/span><\/span>\n<\/p>\n<p><span class=\"wpcf7-form-control-wrap\" data-name=\"newsletter\"><span class=\"wpcf7-form-control wpcf7-checkbox\"><span class=\"wpcf7-list-item first last\"><label><input type=\"checkbox\" name=\"newsletter[]\" value=\"Deseo recibir el bolet\u00edn informativo de Fleurette-Florium y recibir informaci\u00f3n regularmente por correo electr\u00f3nico sobre nuevos productos y noticias. Puedo revocar este consentimiento en cualquier momento enviando un correo electr\u00f3nico a contact@fleurette.fr\" \/><span class=\"wpcf7-list-item-label\">Deseo recibir el bolet\u00edn informativo de Fleurette-Florium y recibir informaci\u00f3n regularmente por correo electr\u00f3nico sobre nuevos productos y noticias. Puedo revocar este consentimiento en cualquier momento enviando un correo electr\u00f3nico a contact@fleurette.fr<\/span><\/label><\/span><\/span><\/span>\n<\/p>\n<div class=\"col-xs-12 col-md-5 envoyer\">\n\t<p><input class=\"wpcf7-form-control wpcf7-submit has-spinner\" type=\"submit\" value=\"Enviar mensaje\" \/>\n\t<\/p>\n<\/div><div class=\"wpcf7-response-output\" aria-hidden=\"true\"><\/div>\n<\/form>\n<\/div>\n[\/vc_column][vc_column width=\u00bb1\/2&#8243;][vc_single_image image=\u00bb31196&#8243; img_size=\u00bbfull\u00bb alignment=\u00bbcenter\u00bb onclick=\u00bbcustom_link\u00bb img_link_target=\u00bb_blank\u00bb css=\u00bb\u00bb link=\u00bbhttps:\/\/www.fleurette-florium.fr\/wp-content\/uploads\/2025\/08\/Catalogue_Fleurette_ES_297x210_2026-13_BD.pdf\u00bb][\/vc_column][\/vc_row]<\/p>\n<\/div>","protected":false},"excerpt":{"rendered":"<p>[vc_row el_class=\u00bbmargin-bottom-none margin-top-30&#8243;][vc_column width=\u00bb1\/2&#8243;][vc_column_text css=\u00bb\u00bb] FORMULARIO DE CONTACTO &nbsp; Si desea m\u00e1s informaci\u00f3n sobre nuestras \u00faltimas novedades y productos, una prueba de conducci\u00f3n en autocaravana de uno de nuestros modelos Fleurette Florium, o conocer mejor nuestro proceso de fabricaci\u00f3n visitando nuestros talleres, p\u00f3ngase en contacto con FLEURETTE CONSTRUCTEUR.[\/vc_column_text][\/vc_column][vc_column width=\u00bb1\/2&#8243;][vc_single_image image=\u00bb31196&#8243; img_size=\u00bbfull\u00bb alignment=\u00bbcenter\u00bb onclick=\u00bbcustom_link\u00bb img_link_target=\u00bb_blank\u00bb css=\u00bb\u00bb [&hellip;]<\/p>\n","protected":false},"author":4,"featured_media":0,"parent":0,"menu_order":0,"comment_status":"closed","ping_status":"closed","template":"","meta":{"_acf_changed":false,"footnotes":""},"class_list":["post-3788","page","type-page","status-publish","hentry"],"acf":[],"yoast_head":"<!-- This site is optimized with the Yoast SEO plugin v26.6 - https:\/\/yoast.com\/wordpress\/plugins\/seo\/ -->\n<title>Contacto - Fleurette Florium<\/title>\n<meta name=\"robots\" content=\"index, follow, max-snippet:-1, max-image-preview:large, max-video-preview:-1\" \/>\n<link rel=\"canonical\" href=\"https:\/\/www.fleurette-florium.fr\/es\/contacto\/\" \/>\n<meta property=\"og:locale\" content=\"es_ES\" \/>\n<meta property=\"og:type\" content=\"article\" \/>\n<meta property=\"og:title\" content=\"Contacto - Fleurette Florium\" \/>\n<meta property=\"og:description\" content=\"[vc_row el_class=\u00bbmargin-bottom-none margin-top-30&#8243;][vc_column width=\u00bb1\/2&#8243;][vc_column_text css=\u00bb\u00bb] FORMULARIO DE CONTACTO &nbsp; Si desea m\u00e1s informaci\u00f3n sobre nuestras \u00faltimas novedades y productos, una prueba de conducci\u00f3n en autocaravana de uno de nuestros modelos Fleurette Florium, o conocer mejor nuestro proceso de fabricaci\u00f3n visitando nuestros talleres, p\u00f3ngase en contacto con FLEURETTE CONSTRUCTEUR.[\/vc_column_text][\/vc_column][vc_column width=\u00bb1\/2&#8243;][vc_single_image image=\u00bb31196&#8243; img_size=\u00bbfull\u00bb alignment=\u00bbcenter\u00bb onclick=\u00bbcustom_link\u00bb img_link_target=\u00bb_blank\u00bb css=\u00bb\u00bb [&hellip;]\" \/>\n<meta property=\"og:url\" content=\"https:\/\/www.fleurette-florium.fr\/es\/contacto\/\" \/>\n<meta property=\"og:site_name\" content=\"Fleurette Florium\" \/>\n<meta property=\"article:modified_time\" content=\"2025-09-24T10:11:52+00:00\" \/>\n<meta name=\"twitter:label1\" content=\"Tiempo de lectura\" \/>\n\t<meta name=\"twitter:data1\" content=\"1 minuto\" \/>\n<script type=\"application\/ld+json\" class=\"yoast-schema-graph\">{\"@context\":\"https:\/\/schema.org\",\"@graph\":[{\"@type\":\"WebPage\",\"@id\":\"https:\/\/www.fleurette-florium.fr\/es\/contacto\/\",\"url\":\"https:\/\/www.fleurette-florium.fr\/es\/contacto\/\",\"name\":\"Contacto - Fleurette Florium\",\"isPartOf\":{\"@id\":\"https:\/\/www.fleurette-florium.fr\/#website\"},\"datePublished\":\"2016-11-22T16:50:00+00:00\",\"dateModified\":\"2025-09-24T10:11:52+00:00\",\"breadcrumb\":{\"@id\":\"https:\/\/www.fleurette-florium.fr\/es\/contacto\/#breadcrumb\"},\"inLanguage\":\"es\",\"potentialAction\":[{\"@type\":\"ReadAction\",\"target\":[\"https:\/\/www.fleurette-florium.fr\/es\/contacto\/\"]}]},{\"@type\":\"BreadcrumbList\",\"@id\":\"https:\/\/www.fleurette-florium.fr\/es\/contacto\/#breadcrumb\",\"itemListElement\":[{\"@type\":\"ListItem\",\"position\":1,\"name\":\"\",\"item\":\"https:\/\/www.fleurette-florium.fr\/es\/accueil-camping-cars-modernes-florium\/\"},{\"@type\":\"ListItem\",\"position\":2,\"name\":\"Contacto\"}]},{\"@type\":\"WebSite\",\"@id\":\"https:\/\/www.fleurette-florium.fr\/#website\",\"url\":\"https:\/\/www.fleurette-florium.fr\/\",\"name\":\"Fleurette Florium\",\"description\":\"\",\"publisher\":{\"@id\":\"https:\/\/www.fleurette-florium.fr\/#organization\"},\"potentialAction\":[{\"@type\":\"SearchAction\",\"target\":{\"@type\":\"EntryPoint\",\"urlTemplate\":\"https:\/\/www.fleurette-florium.fr\/?s={search_term_string}\"},\"query-input\":{\"@type\":\"PropertyValueSpecification\",\"valueRequired\":true,\"valueName\":\"search_term_string\"}}],\"inLanguage\":\"es\"},{\"@type\":\"Organization\",\"@id\":\"https:\/\/www.fleurette-florium.fr\/#organization\",\"name\":\"Fleurette Florium\",\"url\":\"https:\/\/www.fleurette-florium.fr\/\",\"logo\":{\"@type\":\"ImageObject\",\"inLanguage\":\"es\",\"@id\":\"https:\/\/www.fleurette-florium.fr\/#\/schema\/logo\/image\/\",\"url\":\"https:\/\/www.fleurette-florium.fr\/wp-content\/uploads\/2021\/07\/logo-fleurette-florium-scaled.png\",\"contentUrl\":\"https:\/\/www.fleurette-florium.fr\/wp-content\/uploads\/2021\/07\/logo-fleurette-florium-scaled.png\",\"width\":2560,\"height\":830,\"caption\":\"Fleurette Florium\"},\"image\":{\"@id\":\"https:\/\/www.fleurette-florium.fr\/#\/schema\/logo\/image\/\"}}]}<\/script>\n<!-- \/ Yoast SEO plugin. -->","yoast_head_json":{"title":"Contacto - Fleurette Florium","robots":{"index":"index","follow":"follow","max-snippet":"max-snippet:-1","max-image-preview":"max-image-preview:large","max-video-preview":"max-video-preview:-1"},"canonical":"https:\/\/www.fleurette-florium.fr\/es\/contacto\/","og_locale":"es_ES","og_type":"article","og_title":"Contacto - Fleurette Florium","og_description":"[vc_row el_class=\u00bbmargin-bottom-none margin-top-30&#8243;][vc_column width=\u00bb1\/2&#8243;][vc_column_text css=\u00bb\u00bb] FORMULARIO DE CONTACTO &nbsp; Si desea m\u00e1s informaci\u00f3n sobre nuestras \u00faltimas novedades y productos, una prueba de conducci\u00f3n en autocaravana de uno de nuestros modelos Fleurette Florium, o conocer mejor nuestro proceso de fabricaci\u00f3n visitando nuestros talleres, p\u00f3ngase en contacto con FLEURETTE CONSTRUCTEUR.[\/vc_column_text][\/vc_column][vc_column width=\u00bb1\/2&#8243;][vc_single_image image=\u00bb31196&#8243; img_size=\u00bbfull\u00bb alignment=\u00bbcenter\u00bb onclick=\u00bbcustom_link\u00bb img_link_target=\u00bb_blank\u00bb css=\u00bb\u00bb [&hellip;]","og_url":"https:\/\/www.fleurette-florium.fr\/es\/contacto\/","og_site_name":"Fleurette Florium","article_modified_time":"2025-09-24T10:11:52+00:00","twitter_misc":{"Tiempo de lectura":"1 minuto"},"schema":{"@context":"https:\/\/schema.org","@graph":[{"@type":"WebPage","@id":"https:\/\/www.fleurette-florium.fr\/es\/contacto\/","url":"https:\/\/www.fleurette-florium.fr\/es\/contacto\/","name":"Contacto - Fleurette Florium","isPartOf":{"@id":"https:\/\/www.fleurette-florium.fr\/#website"},"datePublished":"2016-11-22T16:50:00+00:00","dateModified":"2025-09-24T10:11:52+00:00","breadcrumb":{"@id":"https:\/\/www.fleurette-florium.fr\/es\/contacto\/#breadcrumb"},"inLanguage":"es","potentialAction":[{"@type":"ReadAction","target":["https:\/\/www.fleurette-florium.fr\/es\/contacto\/"]}]},{"@type":"BreadcrumbList","@id":"https:\/\/www.fleurette-florium.fr\/es\/contacto\/#breadcrumb","itemListElement":[{"@type":"ListItem","position":1,"name":"","item":"https:\/\/www.fleurette-florium.fr\/es\/accueil-camping-cars-modernes-florium\/"},{"@type":"ListItem","position":2,"name":"Contacto"}]},{"@type":"WebSite","@id":"https:\/\/www.fleurette-florium.fr\/#website","url":"https:\/\/www.fleurette-florium.fr\/","name":"Fleurette Florium","description":"","publisher":{"@id":"https:\/\/www.fleurette-florium.fr\/#organization"},"potentialAction":[{"@type":"SearchAction","target":{"@type":"EntryPoint","urlTemplate":"https:\/\/www.fleurette-florium.fr\/?s={search_term_string}"},"query-input":{"@type":"PropertyValueSpecification","valueRequired":true,"valueName":"search_term_string"}}],"inLanguage":"es"},{"@type":"Organization","@id":"https:\/\/www.fleurette-florium.fr\/#organization","name":"Fleurette Florium","url":"https:\/\/www.fleurette-florium.fr\/","logo":{"@type":"ImageObject","inLanguage":"es","@id":"https:\/\/www.fleurette-florium.fr\/#\/schema\/logo\/image\/","url":"https:\/\/www.fleurette-florium.fr\/wp-content\/uploads\/2021\/07\/logo-fleurette-florium-scaled.png","contentUrl":"https:\/\/www.fleurette-florium.fr\/wp-content\/uploads\/2021\/07\/logo-fleurette-florium-scaled.png","width":2560,"height":830,"caption":"Fleurette Florium"},"image":{"@id":"https:\/\/www.fleurette-florium.fr\/#\/schema\/logo\/image\/"}}]}},"_links":{"self":[{"href":"https:\/\/www.fleurette-florium.fr\/es\/wp-json\/wp\/v2\/pages\/3788","targetHints":{"allow":["GET"]}}],"collection":[{"href":"https:\/\/www.fleurette-florium.fr\/es\/wp-json\/wp\/v2\/pages"}],"about":[{"href":"https:\/\/www.fleurette-florium.fr\/es\/wp-json\/wp\/v2\/types\/page"}],"author":[{"embeddable":true,"href":"https:\/\/www.fleurette-florium.fr\/es\/wp-json\/wp\/v2\/users\/4"}],"replies":[{"embeddable":true,"href":"https:\/\/www.fleurette-florium.fr\/es\/wp-json\/wp\/v2\/comments?post=3788"}],"version-history":[{"count":9,"href":"https:\/\/www.fleurette-florium.fr\/es\/wp-json\/wp\/v2\/pages\/3788\/revisions"}],"predecessor-version":[{"id":32729,"href":"https:\/\/www.fleurette-florium.fr\/es\/wp-json\/wp\/v2\/pages\/3788\/revisions\/32729"}],"wp:attachment":[{"href":"https:\/\/www.fleurette-florium.fr\/es\/wp-json\/wp\/v2\/media?parent=3788"}],"curies":[{"name":"wp","href":"https:\/\/api.w.org\/{rel}","templated":true}]}}