{"id":26553,"date":"2024-07-23T11:23:24","date_gmt":"2024-07-23T10:23:24","guid":{"rendered":"https:\/\/www.fleurette-florium.fr\/?page_id=26553"},"modified":"2025-08-28T14:47:41","modified_gmt":"2025-08-28T13:47:41","slug":"gama-elister-autocaravana-ultraespaciosa-mercedes","status":"publish","type":"page","link":"https:\/\/www.fleurette-florium.fr\/es\/gama-elister-autocaravana-ultraespaciosa-mercedes\/","title":{"rendered":"Gama Elister &#8211; Autocaravana ultraespaciosa"},"content":{"rendered":"<div class=\"wpb-content-wrapper\"><p>[vc_row][vc_column][rev_slider_vc alias=\u00bbgamme_elister-1&#8243;][\/vc_column][\/vc_row][vc_row][vc_column width=\u00bb2\/3&#8243;][vc_column_text css=\u00bb\u00bb el_class=\u00bbcontenu_lisible\u00bb]<\/p>\n<h1>Fleurette Elister &#8211; Autocaravana ultraespaciosa<\/h1>\n<p>[\/vc_column_text][vc_column_text css=\u00bb\u00bb el_class=\u00bbcontenu_lisible\u00bb]Disfrute de una tecnolog\u00eda de fabricaci\u00f3n de alta calidad,\u00a0 con la firma de FLEURETTE CONSTRUCTEUR: carrocer\u00eda 100 % de poli\u00e9ster y montaje Recovery System, para una durabilidad excepcional. Con su luminoso interior, su mobiliario y sus ingeniosos accesorios, la Elister est\u00e1 dise\u00f1ada para maximizar\u00a0 su confort y su placer a bordo.<\/p>\n<p><b>D\u00e9jese<\/b> <b>guiar<\/b> <b>por<\/b><b> las <\/b><b>estrellas, hacia<\/b> <b>viajes<\/b><b> <\/b><b>inolvidables<\/b><b>.<\/b><\/p>\n<p>Descubra la nueva gama de autocaravanas Elister que redefinen el confort\u00a0 de alta gama para viajeros que buscan modernidad. La experiencia \u00fanica de Elister combina un amplio espacio habitable con la facilidad de conducci\u00f3n\u00a0de una perfilada y toda la tecnolog\u00eda automovil\u00edstica de Mercedes. Ultraaumentada y ultraconectada, esta autocaravana le ofrece la mejor experiencia de cliente: la calidad de fabricaci\u00f3n, la m\u00e1xima seguridad gracias a las tecnolog\u00edas\u00a0 a bordo y el dise\u00f1o de l\u00edneas din\u00e1micas y sofisticadas, que encontrar\u00e1 en cada detalle de este veh\u00edculo. Combinada con la legendaria fiabilidad de Mercedes, nuestra autocaravana ofrece una libertad de viaje inigualable.[\/vc_column_text][vc_video link=\u00bbhttps:\/\/www.youtube.com\/watch?v=tgWzpR8ArXA\u00bb css=\u00bb\u00bb][\/vc_column][vc_column width=\u00bb1\/3&#8243;][vc_column_text css=\u00bb\u00bb el_class=\u00bbliste_check_rouge florium\u00bb]<\/p>\n<h3>NOS ENCANTA<\/h3>\n<ul>\n<li>Chasis Mercedes Sprinter exclusivo<\/li>\n<li>Cabina ultraconectada, con asistencia y seguridad a bordo<\/li>\n<li>Dos distribuciones a elegir: dormitorio con cama isla (versi\u00f3n king-size) o camas gemelas<\/li>\n<li>Magn\u00edfica sensaci\u00f3n de espacio, gran confort interior<\/li>\n<li>Estilo interior c\u00e1lido y muy luminoso<\/li>\n<li>Cama de techo el\u00e9ctrica de 2 plazas con ventana panor\u00e1mica<\/li>\n<li>Cajones de cocina profundos y con indicador de bloqueo de las puertas<\/li>\n<li>Gran frigor\u00edfico de compresi\u00f3n con congelador<\/li>\n<li>Altura de la ducha (1,95 m)<\/li>\n<li>Escal\u00f3n rebajado<\/li>\n<li>Asiento orientado en el sentido de la marcha (Isofix)<\/li>\n<li>Garaje XXL con acceso mediante 2 puertas y regulable en altura el\u00e9ctricamente<\/li>\n<li>Ducha exterior y desagu\u0308e el\u00e9ctrico de aguas residuales<\/li>\n<li>Panel solar de 150 W \/ bater\u00eda de litio de 100 Ah de serie<\/li>\n<li>Dise\u00f1o interior y exterior \u00abestrella\u00bb<\/li>\n<\/ul>\n<p>[\/vc_column_text][\/vc_column][\/vc_row][vc_row][vc_column][vc_row_inner][vc_column_inner width=\u00bb1\/4&#8243;][vc_column_text css=\u00bb\u00bb]<\/p>\n<h3><strong>+ DE RENDIMIENTO<\/strong><\/h3>\n<p>[\/vc_column_text][\/vc_column_inner][vc_column_inner width=\u00bb1\/2&#8243;][vc_column_text css=\u00bb\u00bb]<\/p>\n<div class=\"page\" title=\"Page 9\">\n<div class=\"section\">\n<div class=\"layoutArea\">\n<div class=\"column\">\n<ul>\n<li>Motor di\u00e9sel de 4 cilindros y 2,2 L de serie de 150 CV (110 kW)<\/li>\n<li>Tracci\u00f3n delantera para un rendimiento fiable cuesta arriba y en caminos dif\u00edciles<\/li>\n<li>Eje trasero ensanchado con estabilizador<\/li>\n<li>Volante multifunci\u00f3n con control de crucero adaptativo<br \/>\ny limitador<\/li>\n<li>Llantas de aluminio de 16\u00bb con neum\u00e1ticos 4 estaciones<\/li>\n<\/ul>\n<\/div>\n<\/div>\n<\/div>\n<\/div>\n<p>[\/vc_column_text][\/vc_column_inner][vc_column_inner width=\u00bb1\/4&#8243;][vc_single_image image=\u00bb28400&#8243; img_size=\u00bbmedium\u00bb css=\u00bb\u00bb][\/vc_column_inner][\/vc_row_inner][vc_row_inner][vc_column_inner width=\u00bb1\/4&#8243;][vc_column_text css=\u00bb\u00bb]<\/p>\n<h3><strong>+ DE SEGURIDAD<\/strong><\/h3>\n<p>[\/vc_column_text][\/vc_column_inner][vc_column_inner width=\u00bb1\/2&#8243;][vc_column_text css=\u00bb\u00bb]<\/p>\n<div class=\"page\" title=\"Page 9\">\n<div class=\"section\">\n<div class=\"layoutArea\">\n<div class=\"column\">\n<ul>\n<li>Freno de mano el\u00e9ctrico<\/li>\n<li>ESP incluido para mejorar la estabilidad y evitar riesgos<br \/>\nde derrape<\/li>\n<li>Frenado de emergencia asistido, regulaci\u00f3n<br \/>\nantideslizamiento<\/li>\n<li>Lunas tintadas, detector de lluvia<\/li>\n<li>Control de presi\u00f3n de los neum\u00e1ticos<\/li>\n<\/ul>\n<\/div>\n<\/div>\n<\/div>\n<\/div>\n<p>[\/vc_column_text][\/vc_column_inner][vc_column_inner width=\u00bb1\/4&#8243;][vc_single_image image=\u00bb28329&#8243; img_size=\u00bbmedium\u00bb css=\u00bb\u00bb][\/vc_column_inner][\/vc_row_inner][vc_row_inner][vc_column_inner width=\u00bb1\/4&#8243;][vc_column_text css=\u00bb\u00bb]<\/p>\n<h3><strong>+ DE TECNOLOG\u00cdA<\/strong><\/h3>\n<p>[\/vc_column_text][\/vc_column_inner][vc_column_inner width=\u00bb1\/2&#8243;][vc_column_text css=\u00bb\u00bb]<\/p>\n<div class=\"page\" title=\"Page 9\">\n<div class=\"section\">\n<div class=\"layoutArea\">\n<div class=\"column\">\n<ul>\n<li>Sistema de arranque sin llave: arranque Keyless<\/li>\n<li>Sistema MBUX con pantalla t\u00e1ctil de 10,25\u00bb con GPS PL<\/li>\n<li>C\u00e1mara de marcha atr\u00e1s<\/li>\n<li>Climatizador semiautom\u00e1tico Tempmatic y retrovisores<br \/>\ncalefactados<\/li>\n<li>Pack Luxe: 150 o 170 CV BVA opcional<\/li>\n<\/ul>\n<\/div>\n<\/div>\n<\/div>\n<\/div>\n<p>[\/vc_column_text][vc_empty_space height=\u00bb20px\u00bb][\/vc_column_inner][vc_column_inner width=\u00bb1\/4&#8243;][vc_single_image image=\u00bb28334&#8243; img_size=\u00bbmedium\u00bb css=\u00bb\u00bb][\/vc_column_inner][\/vc_row_inner][\/vc_column][\/vc_row][vc_row el_class=\u00bbfullwidth_element margin-top-30 margin-bottom-none\u00bb el_id=\u00bbautres_produits\u00bb][vc_column css=\u00bb.vc_custom_1438272808096{padding-top: 35px !important;padding-right: 100px !important;padding-bottom: 50px !important;padding-left: 100px !important;background-color: #efefee !important;}\u00bb][vc_row_inner][vc_column_inner][vc_column_text css=\u00bb\u00bb]<\/p>\n<h3>Descubra los veh\u00edculos de la gama<strong> Fleurette Elister<br \/>\nViva la experiencia Mercedes-Benz Sprinter<br \/>\n<\/strong><\/h3>\n<h3><strong>\u00a0<\/strong><\/h3>\n<p>[\/vc_column_text][\/vc_column_inner][\/vc_row_inner][vc_row_inner][vc_column_inner width=\u00bb1\/4&#8243;][vc_single_image image=\u00bb28679&#8243; img_size=\u00bb260&#215;260&#8243; onclick=\u00bbcustom_link\u00bb css=\u00bb\u00bb link=\u00bbhttps:\/\/www.fleurette-florium.fr\/es\/listings\/elister-73-lmf\/\u00bb][\/vc_column_inner][vc_column_inner width=\u00bb1\/4&#8243;][vc_single_image image=\u00bb28684&#8243; img_size=\u00bb260&#215;260&#8243; alignment=\u00bbcenter\u00bb onclick=\u00bbcustom_link\u00bb css=\u00bb\u00bb link=\u00bbhttps:\/\/www.fleurette-florium.fr\/en\/listings\/elister-73-ljf\/\u00bb][\/vc_column_inner][\/vc_row_inner][\/vc_column][\/vc_row]<\/p>\n<\/div>","protected":false},"excerpt":{"rendered":"<p>[vc_row][vc_column][rev_slider_vc alias=\u00bbgamme_elister-1&#8243;][\/vc_column][\/vc_row][vc_row][vc_column width=\u00bb2\/3&#8243;][vc_column_text css=\u00bb\u00bb el_class=\u00bbcontenu_lisible\u00bb] Fleurette Elister &#8211; Autocaravana ultraespaciosa [\/vc_column_text][vc_column_text css=\u00bb\u00bb el_class=\u00bbcontenu_lisible\u00bb]Disfrute de una tecnolog\u00eda de fabricaci\u00f3n de alta calidad,\u00a0 con la firma de FLEURETTE CONSTRUCTEUR: carrocer\u00eda 100 % de poli\u00e9ster y montaje Recovery System, para una durabilidad excepcional. Con su luminoso interior, su mobiliario y sus ingeniosos accesorios, la Elister est\u00e1 dise\u00f1ada para [&hellip;]<\/p>\n","protected":false},"author":4,"featured_media":27799,"parent":0,"menu_order":0,"comment_status":"closed","ping_status":"closed","template":"","meta":{"_acf_changed":false,"footnotes":""},"class_list":["post-26553","page","type-page","status-publish","has-post-thumbnail","hentry"],"acf":[],"yoast_head":"<!-- This site is optimized with the Yoast SEO plugin v26.6 - https:\/\/yoast.com\/wordpress\/plugins\/seo\/ -->\n<title>Gama Elister - Autocaravana ultraespaciosa - Fleurette Florium<\/title>\n<meta name=\"robots\" content=\"index, follow, max-snippet:-1, max-image-preview:large, max-video-preview:-1\" \/>\n<link rel=\"canonical\" href=\"https:\/\/www.fleurette-florium.fr\/es\/gama-elister-autocaravana-ultraespaciosa-mercedes\/\" \/>\n<meta property=\"og:locale\" content=\"es_ES\" \/>\n<meta property=\"og:type\" content=\"article\" \/>\n<meta property=\"og:title\" content=\"Gama Elister - Autocaravana ultraespaciosa - Fleurette Florium\" \/>\n<meta property=\"og:description\" content=\"[vc_row][vc_column][rev_slider_vc alias=\u00bbgamme_elister-1&#8243;][\/vc_column][\/vc_row][vc_row][vc_column width=\u00bb2\/3&#8243;][vc_column_text css=\u00bb\u00bb el_class=\u00bbcontenu_lisible\u00bb] Fleurette Elister &#8211; Autocaravana ultraespaciosa [\/vc_column_text][vc_column_text css=\u00bb\u00bb el_class=\u00bbcontenu_lisible\u00bb]Disfrute de una tecnolog\u00eda de fabricaci\u00f3n de alta calidad,\u00a0 con la firma de FLEURETTE CONSTRUCTEUR: carrocer\u00eda 100 % de poli\u00e9ster y montaje Recovery System, para una durabilidad excepcional. Con su luminoso interior, su mobiliario y sus ingeniosos accesorios, la Elister est\u00e1 dise\u00f1ada para [&hellip;]\" \/>\n<meta property=\"og:url\" content=\"https:\/\/www.fleurette-florium.fr\/es\/gama-elister-autocaravana-ultraespaciosa-mercedes\/\" \/>\n<meta property=\"og:site_name\" content=\"Fleurette Florium\" \/>\n<meta property=\"article:modified_time\" content=\"2025-08-28T13:47:41+00:00\" \/>\n<meta property=\"og:image\" content=\"https:\/\/www.fleurette-florium.fr\/wp-content\/uploads\/2024\/08\/FLEURETTE_ELISTER1020FLEURETTE_1ere_SESSION.png\" \/>\n\t<meta property=\"og:image:width\" content=\"1280\" \/>\n\t<meta property=\"og:image:height\" content=\"968\" \/>\n\t<meta property=\"og:image:type\" content=\"image\/png\" \/>\n<meta name=\"twitter:label1\" content=\"Tiempo de lectura\" \/>\n\t<meta name=\"twitter:data1\" content=\"3 minutos\" \/>\n<script type=\"application\/ld+json\" class=\"yoast-schema-graph\">{\"@context\":\"https:\/\/schema.org\",\"@graph\":[{\"@type\":\"WebPage\",\"@id\":\"https:\/\/www.fleurette-florium.fr\/es\/gama-elister-autocaravana-ultraespaciosa-mercedes\/\",\"url\":\"https:\/\/www.fleurette-florium.fr\/es\/gama-elister-autocaravana-ultraespaciosa-mercedes\/\",\"name\":\"Gama Elister - Autocaravana ultraespaciosa - Fleurette Florium\",\"isPartOf\":{\"@id\":\"https:\/\/www.fleurette-florium.fr\/#website\"},\"primaryImageOfPage\":{\"@id\":\"https:\/\/www.fleurette-florium.fr\/es\/gama-elister-autocaravana-ultraespaciosa-mercedes\/#primaryimage\"},\"image\":{\"@id\":\"https:\/\/www.fleurette-florium.fr\/es\/gama-elister-autocaravana-ultraespaciosa-mercedes\/#primaryimage\"},\"thumbnailUrl\":\"https:\/\/www.fleurette-florium.fr\/wp-content\/uploads\/2024\/08\/FLEURETTE_ELISTER1020FLEURETTE_1ere_SESSION.png\",\"datePublished\":\"2024-07-23T10:23:24+00:00\",\"dateModified\":\"2025-08-28T13:47:41+00:00\",\"breadcrumb\":{\"@id\":\"https:\/\/www.fleurette-florium.fr\/es\/gama-elister-autocaravana-ultraespaciosa-mercedes\/#breadcrumb\"},\"inLanguage\":\"es\",\"potentialAction\":[{\"@type\":\"ReadAction\",\"target\":[\"https:\/\/www.fleurette-florium.fr\/es\/gama-elister-autocaravana-ultraespaciosa-mercedes\/\"]}]},{\"@type\":\"ImageObject\",\"inLanguage\":\"es\",\"@id\":\"https:\/\/www.fleurette-florium.fr\/es\/gama-elister-autocaravana-ultraespaciosa-mercedes\/#primaryimage\",\"url\":\"https:\/\/www.fleurette-florium.fr\/wp-content\/uploads\/2024\/08\/FLEURETTE_ELISTER1020FLEURETTE_1ere_SESSION.png\",\"contentUrl\":\"https:\/\/www.fleurette-florium.fr\/wp-content\/uploads\/2024\/08\/FLEURETTE_ELISTER1020FLEURETTE_1ere_SESSION.png\",\"width\":1280,\"height\":968},{\"@type\":\"BreadcrumbList\",\"@id\":\"https:\/\/www.fleurette-florium.fr\/es\/gama-elister-autocaravana-ultraespaciosa-mercedes\/#breadcrumb\",\"itemListElement\":[{\"@type\":\"ListItem\",\"position\":1,\"name\":\"\",\"item\":\"https:\/\/www.fleurette-florium.fr\/es\/accueil-camping-cars-modernes-florium\/\"},{\"@type\":\"ListItem\",\"position\":2,\"name\":\"Gama Elister &#8211; Autocaravana ultraespaciosa\"}]},{\"@type\":\"WebSite\",\"@id\":\"https:\/\/www.fleurette-florium.fr\/#website\",\"url\":\"https:\/\/www.fleurette-florium.fr\/\",\"name\":\"Fleurette Florium\",\"description\":\"\",\"publisher\":{\"@id\":\"https:\/\/www.fleurette-florium.fr\/#organization\"},\"potentialAction\":[{\"@type\":\"SearchAction\",\"target\":{\"@type\":\"EntryPoint\",\"urlTemplate\":\"https:\/\/www.fleurette-florium.fr\/?s={search_term_string}\"},\"query-input\":{\"@type\":\"PropertyValueSpecification\",\"valueRequired\":true,\"valueName\":\"search_term_string\"}}],\"inLanguage\":\"es\"},{\"@type\":\"Organization\",\"@id\":\"https:\/\/www.fleurette-florium.fr\/#organization\",\"name\":\"Fleurette Florium\",\"url\":\"https:\/\/www.fleurette-florium.fr\/\",\"logo\":{\"@type\":\"ImageObject\",\"inLanguage\":\"es\",\"@id\":\"https:\/\/www.fleurette-florium.fr\/#\/schema\/logo\/image\/\",\"url\":\"https:\/\/www.fleurette-florium.fr\/wp-content\/uploads\/2021\/07\/logo-fleurette-florium-scaled.png\",\"contentUrl\":\"https:\/\/www.fleurette-florium.fr\/wp-content\/uploads\/2021\/07\/logo-fleurette-florium-scaled.png\",\"width\":2560,\"height\":830,\"caption\":\"Fleurette Florium\"},\"image\":{\"@id\":\"https:\/\/www.fleurette-florium.fr\/#\/schema\/logo\/image\/\"}}]}<\/script>\n<!-- \/ Yoast SEO plugin. -->","yoast_head_json":{"title":"Gama Elister - Autocaravana ultraespaciosa - Fleurette Florium","robots":{"index":"index","follow":"follow","max-snippet":"max-snippet:-1","max-image-preview":"max-image-preview:large","max-video-preview":"max-video-preview:-1"},"canonical":"https:\/\/www.fleurette-florium.fr\/es\/gama-elister-autocaravana-ultraespaciosa-mercedes\/","og_locale":"es_ES","og_type":"article","og_title":"Gama Elister - Autocaravana ultraespaciosa - Fleurette Florium","og_description":"[vc_row][vc_column][rev_slider_vc alias=\u00bbgamme_elister-1&#8243;][\/vc_column][\/vc_row][vc_row][vc_column width=\u00bb2\/3&#8243;][vc_column_text css=\u00bb\u00bb el_class=\u00bbcontenu_lisible\u00bb] Fleurette Elister &#8211; Autocaravana ultraespaciosa [\/vc_column_text][vc_column_text css=\u00bb\u00bb el_class=\u00bbcontenu_lisible\u00bb]Disfrute de una tecnolog\u00eda de fabricaci\u00f3n de alta calidad,\u00a0 con la firma de FLEURETTE CONSTRUCTEUR: carrocer\u00eda 100 % de poli\u00e9ster y montaje Recovery System, para una durabilidad excepcional. Con su luminoso interior, su mobiliario y sus ingeniosos accesorios, la Elister est\u00e1 dise\u00f1ada para [&hellip;]","og_url":"https:\/\/www.fleurette-florium.fr\/es\/gama-elister-autocaravana-ultraespaciosa-mercedes\/","og_site_name":"Fleurette Florium","article_modified_time":"2025-08-28T13:47:41+00:00","og_image":[{"width":1280,"height":968,"url":"https:\/\/www.fleurette-florium.fr\/wp-content\/uploads\/2024\/08\/FLEURETTE_ELISTER1020FLEURETTE_1ere_SESSION.png","type":"image\/png"}],"twitter_misc":{"Tiempo de lectura":"3 minutos"},"schema":{"@context":"https:\/\/schema.org","@graph":[{"@type":"WebPage","@id":"https:\/\/www.fleurette-florium.fr\/es\/gama-elister-autocaravana-ultraespaciosa-mercedes\/","url":"https:\/\/www.fleurette-florium.fr\/es\/gama-elister-autocaravana-ultraespaciosa-mercedes\/","name":"Gama Elister - Autocaravana ultraespaciosa - Fleurette Florium","isPartOf":{"@id":"https:\/\/www.fleurette-florium.fr\/#website"},"primaryImageOfPage":{"@id":"https:\/\/www.fleurette-florium.fr\/es\/gama-elister-autocaravana-ultraespaciosa-mercedes\/#primaryimage"},"image":{"@id":"https:\/\/www.fleurette-florium.fr\/es\/gama-elister-autocaravana-ultraespaciosa-mercedes\/#primaryimage"},"thumbnailUrl":"https:\/\/www.fleurette-florium.fr\/wp-content\/uploads\/2024\/08\/FLEURETTE_ELISTER1020FLEURETTE_1ere_SESSION.png","datePublished":"2024-07-23T10:23:24+00:00","dateModified":"2025-08-28T13:47:41+00:00","breadcrumb":{"@id":"https:\/\/www.fleurette-florium.fr\/es\/gama-elister-autocaravana-ultraespaciosa-mercedes\/#breadcrumb"},"inLanguage":"es","potentialAction":[{"@type":"ReadAction","target":["https:\/\/www.fleurette-florium.fr\/es\/gama-elister-autocaravana-ultraespaciosa-mercedes\/"]}]},{"@type":"ImageObject","inLanguage":"es","@id":"https:\/\/www.fleurette-florium.fr\/es\/gama-elister-autocaravana-ultraespaciosa-mercedes\/#primaryimage","url":"https:\/\/www.fleurette-florium.fr\/wp-content\/uploads\/2024\/08\/FLEURETTE_ELISTER1020FLEURETTE_1ere_SESSION.png","contentUrl":"https:\/\/www.fleurette-florium.fr\/wp-content\/uploads\/2024\/08\/FLEURETTE_ELISTER1020FLEURETTE_1ere_SESSION.png","width":1280,"height":968},{"@type":"BreadcrumbList","@id":"https:\/\/www.fleurette-florium.fr\/es\/gama-elister-autocaravana-ultraespaciosa-mercedes\/#breadcrumb","itemListElement":[{"@type":"ListItem","position":1,"name":"","item":"https:\/\/www.fleurette-florium.fr\/es\/accueil-camping-cars-modernes-florium\/"},{"@type":"ListItem","position":2,"name":"Gama Elister &#8211; Autocaravana ultraespaciosa"}]},{"@type":"WebSite","@id":"https:\/\/www.fleurette-florium.fr\/#website","url":"https:\/\/www.fleurette-florium.fr\/","name":"Fleurette Florium","description":"","publisher":{"@id":"https:\/\/www.fleurette-florium.fr\/#organization"},"potentialAction":[{"@type":"SearchAction","target":{"@type":"EntryPoint","urlTemplate":"https:\/\/www.fleurette-florium.fr\/?s={search_term_string}"},"query-input":{"@type":"PropertyValueSpecification","valueRequired":true,"valueName":"search_term_string"}}],"inLanguage":"es"},{"@type":"Organization","@id":"https:\/\/www.fleurette-florium.fr\/#organization","name":"Fleurette Florium","url":"https:\/\/www.fleurette-florium.fr\/","logo":{"@type":"ImageObject","inLanguage":"es","@id":"https:\/\/www.fleurette-florium.fr\/#\/schema\/logo\/image\/","url":"https:\/\/www.fleurette-florium.fr\/wp-content\/uploads\/2021\/07\/logo-fleurette-florium-scaled.png","contentUrl":"https:\/\/www.fleurette-florium.fr\/wp-content\/uploads\/2021\/07\/logo-fleurette-florium-scaled.png","width":2560,"height":830,"caption":"Fleurette Florium"},"image":{"@id":"https:\/\/www.fleurette-florium.fr\/#\/schema\/logo\/image\/"}}]}},"_links":{"self":[{"href":"https:\/\/www.fleurette-florium.fr\/es\/wp-json\/wp\/v2\/pages\/26553","targetHints":{"allow":["GET"]}}],"collection":[{"href":"https:\/\/www.fleurette-florium.fr\/es\/wp-json\/wp\/v2\/pages"}],"about":[{"href":"https:\/\/www.fleurette-florium.fr\/es\/wp-json\/wp\/v2\/types\/page"}],"author":[{"embeddable":true,"href":"https:\/\/www.fleurette-florium.fr\/es\/wp-json\/wp\/v2\/users\/4"}],"replies":[{"embeddable":true,"href":"https:\/\/www.fleurette-florium.fr\/es\/wp-json\/wp\/v2\/comments?post=26553"}],"version-history":[{"count":20,"href":"https:\/\/www.fleurette-florium.fr\/es\/wp-json\/wp\/v2\/pages\/26553\/revisions"}],"predecessor-version":[{"id":31852,"href":"https:\/\/www.fleurette-florium.fr\/es\/wp-json\/wp\/v2\/pages\/26553\/revisions\/31852"}],"wp:featuredmedia":[{"embeddable":true,"href":"https:\/\/www.fleurette-florium.fr\/es\/wp-json\/wp\/v2\/media\/27799"}],"wp:attachment":[{"href":"https:\/\/www.fleurette-florium.fr\/es\/wp-json\/wp\/v2\/media?parent=26553"}],"curies":[{"name":"wp","href":"https:\/\/api.w.org\/{rel}","templated":true}]}}