{"id":15019,"date":"2015-07-30T00:00:00","date_gmt":"2015-07-29T23:00:00","guid":{"rendered":"https:\/\/fleurette-florium.s1te.fr\/gamme-discover-camping-car-integral\/"},"modified":"2025-08-28T14:58:04","modified_gmt":"2025-08-28T13:58:04","slug":"gama-discover-autocaravanas-integrales","status":"publish","type":"page","link":"https:\/\/www.fleurette-florium.fr\/es\/gama-discover-autocaravanas-integrales\/","title":{"rendered":"Gama Discover &#8211; Autocaravanas integrales"},"content":{"rendered":"<div class=\"wpb-content-wrapper\"><p>[vc_row][vc_column][rev_slider_vc alias=\u00bbgamme_discover-1&#8243;][\/vc_column][\/vc_row][vc_row][vc_column width=\u00bb2\/3&#8243;][vc_column_text el_class=\u00bbcontenu_lisible\u00bb]<span class='firstcharacter'>S<\/span>u dinamismo y solidez se reflejan en las l\u00edneas de la carrocer\u00eda Fleurette 100 % de poli\u00e9ster de la <strong>autocaravana integral<\/strong> Discover. La Fleurette Discover es un claro exponente de la elegancia a la francesa. Provista de serie con un mobiliario hecho de puertas lacadas, propone 3 distribuciones que satisfar\u00e1n los deseos de los m\u00e1s exigentes. La Discover incorpora de serie todos los equipamientos de confort que har\u00e1n tanto de sus viajes como de sus etapas momentos inolvidables.[\/vc_column_text][\/vc_column][vc_column width=\u00bb1\/3&#8243;][vc_column_text css=\u00bb\u00bb el_class=\u00bbliste_check_rouge\u00bb]<\/p>\n<h3>NOS ENCANTA<\/h3>\n<ul>\n<li>Chasis AL-KO con doble suelo t\u00e9cnico para un aislamiento \u00f3ptimo y espacios de almacenamiento adicionales<\/li>\n<li>Caja de cambios autom\u00e1tica, luces delanteras LED<\/li>\n<li>Cocina y sal\u00f3n XXL, con regulador de intensidad luminosa<\/li>\n<li>Dormitorio con cama isla o camas gemelas, y cama de cabina<\/li>\n<li>M\u00faltiples espacios de almacenamiento y armarios<\/li>\n<li>Escal\u00f3n el\u00e9ctrico<\/li>\n<li>Ducha exterior situada en el garaje con desagu\u0308e el\u00e9ctrico de aguas residuales<\/li>\n<li>Garaje de 2300 a 3100 L<\/li>\n<li>Estor de parabrisas Intimity<\/li>\n<li>Ambiente con acabado en nogal, luminosidad caracter\u00edstica con retroiluminaci\u00f3n LED<\/li>\n<\/ul>\n<p>[\/vc_column_text][\/vc_column][\/vc_row][vc_row el_class=\u00bbfullwidth_element margin-top-30 margin-bottom-none\u00bb el_id=\u00bbautres_produits\u00bb][vc_column css=\u00bb.vc_custom_1438272808096{padding-top: 35px !important;padding-right: 100px !important;padding-bottom: 50px !important;padding-left: 100px !important;background-color: #efefee !important;}\u00bb][vc_row_inner][vc_column_inner][vc_column_text]<\/p>\n<h3>Descubra los veh\u00edculos de la gama Fleurette DISCOVER<\/h3>\n<p>[\/vc_column_text][\/vc_column_inner][\/vc_row_inner][vc_row_inner][vc_column_inner width=\u00bb1\/3&#8243;][vc_single_image image=\u00bb27559&#8243; img_size=\u00bb260&#215;260&#8243; alignment=\u00bbcenter\u00bb onclick=\u00bbcustom_link\u00bb css=\u00bb\u00bb link=\u00bbhttps:\/\/www.fleurette-florium.fr\/es\/listings\/discover-71-lmf-cristal\/\u00bb][\/vc_column_inner][vc_column_inner width=\u00bb1\/3&#8243;][vc_single_image image=\u00bb27564&#8243; img_size=\u00bb260&#215;260&#8243; alignment=\u00bbcenter\u00bb onclick=\u00bbcustom_link\u00bb css=\u00bb\u00bb link=\u00bbhttps:\/\/www.fleurette-florium.fr\/es\/listings\/discover-74-ljg-camas-separadas\/\u00bb][\/vc_column_inner][vc_column_inner width=\u00bb1\/3&#8243;][vc_single_image image=\u00bb27569&#8243; img_size=\u00bb260&#215;260&#8243; alignment=\u00bbcenter\u00bb onclick=\u00bbcustom_link\u00bb css=\u00bb\u00bb link=\u00bbhttps:\/\/www.fleurette-florium.fr\/es\/listings\/discover-75-lmf-cristal\/\u00bb][\/vc_column_inner][\/vc_row_inner][\/vc_column][\/vc_row]<\/p>\n<\/div>","protected":false},"excerpt":{"rendered":"<p>[vc_row][vc_column][rev_slider_vc alias=\u00bbgamme_discover-1&#8243;][\/vc_column][\/vc_row][vc_row][vc_column width=\u00bb2\/3&#8243;][vc_column_text el_class=\u00bbcontenu_lisible\u00bb]u dinamismo y solidez se reflejan en las l\u00edneas de la carrocer\u00eda Fleurette 100 % de poli\u00e9ster de la autocaravana integral Discover. La Fleurette Discover es un claro exponente de la elegancia a la francesa. Provista de serie con un mobiliario hecho de puertas lacadas, propone 3 distribuciones que satisfar\u00e1n los deseos [&hellip;]<\/p>\n","protected":false},"author":4,"featured_media":6375,"parent":0,"menu_order":0,"comment_status":"closed","ping_status":"open","template":"","meta":{"_acf_changed":false,"footnotes":""},"class_list":["post-15019","page","type-page","status-publish","has-post-thumbnail","hentry"],"acf":[],"yoast_head":"<!-- This site is optimized with the Yoast SEO plugin v27.5 - https:\/\/yoast.com\/product\/yoast-seo-wordpress\/ -->\n<title>Camping car int\u00e9gral - gamme Fleurette Discover<\/title>\n<meta name=\"description\" content=\"D\u00e9couvrez toute la gamme DISCOVER pour choisir le camping car int\u00e9gral haut de gamme de vos r\u00eaves.\" \/>\n<meta name=\"robots\" content=\"index, follow, max-snippet:-1, max-image-preview:large, max-video-preview:-1\" \/>\n<link rel=\"canonical\" href=\"https:\/\/www.fleurette-florium.fr\/es\/gama-discover-autocaravanas-integrales\/\" \/>\n<meta property=\"og:locale\" content=\"es_ES\" \/>\n<meta property=\"og:type\" content=\"article\" \/>\n<meta property=\"og:title\" content=\"Camping car int\u00e9gral - gamme Fleurette Discover\" \/>\n<meta property=\"og:description\" content=\"D\u00e9couvrez toute la gamme DISCOVER pour choisir le camping car int\u00e9gral haut de gamme de vos r\u00eaves.\" \/>\n<meta property=\"og:url\" content=\"https:\/\/www.fleurette-florium.fr\/es\/gama-discover-autocaravanas-integrales\/\" \/>\n<meta property=\"og:site_name\" content=\"Fleurette Florium\" \/>\n<meta property=\"article:modified_time\" content=\"2025-08-28T13:58:04+00:00\" \/>\n<meta property=\"og:image\" content=\"https:\/\/www.fleurette-florium.fr\/wp-content\/uploads\/2015\/07\/vehicule.png\" \/>\n\t<meta property=\"og:image:width\" content=\"265\" \/>\n\t<meta property=\"og:image:height\" content=\"263\" \/>\n\t<meta property=\"og:image:type\" content=\"image\/png\" \/>\n<meta name=\"twitter:label1\" content=\"Tiempo de lectura\" \/>\n\t<meta name=\"twitter:data1\" content=\"2 minutos\" \/>\n<script type=\"application\/ld+json\" class=\"yoast-schema-graph\">{\"@context\":\"https:\\\/\\\/schema.org\",\"@graph\":[{\"@type\":\"WebPage\",\"@id\":\"https:\\\/\\\/www.fleurette-florium.fr\\\/es\\\/gama-discover-autocaravanas-integrales\\\/\",\"url\":\"https:\\\/\\\/www.fleurette-florium.fr\\\/es\\\/gama-discover-autocaravanas-integrales\\\/\",\"name\":\"Camping car int\u00e9gral - gamme Fleurette Discover\",\"isPartOf\":{\"@id\":\"https:\\\/\\\/www.fleurette-florium.fr\\\/#website\"},\"primaryImageOfPage\":{\"@id\":\"https:\\\/\\\/www.fleurette-florium.fr\\\/es\\\/gama-discover-autocaravanas-integrales\\\/#primaryimage\"},\"image\":{\"@id\":\"https:\\\/\\\/www.fleurette-florium.fr\\\/es\\\/gama-discover-autocaravanas-integrales\\\/#primaryimage\"},\"thumbnailUrl\":\"https:\\\/\\\/www.fleurette-florium.fr\\\/wp-content\\\/uploads\\\/2015\\\/07\\\/vehicule.png\",\"datePublished\":\"2015-07-29T23:00:00+00:00\",\"dateModified\":\"2025-08-28T13:58:04+00:00\",\"description\":\"D\u00e9couvrez toute la gamme DISCOVER pour choisir le camping car int\u00e9gral haut de gamme de vos r\u00eaves.\",\"breadcrumb\":{\"@id\":\"https:\\\/\\\/www.fleurette-florium.fr\\\/es\\\/gama-discover-autocaravanas-integrales\\\/#breadcrumb\"},\"inLanguage\":\"es\",\"potentialAction\":[{\"@type\":\"ReadAction\",\"target\":[\"https:\\\/\\\/www.fleurette-florium.fr\\\/es\\\/gama-discover-autocaravanas-integrales\\\/\"]}]},{\"@type\":\"ImageObject\",\"inLanguage\":\"es\",\"@id\":\"https:\\\/\\\/www.fleurette-florium.fr\\\/es\\\/gama-discover-autocaravanas-integrales\\\/#primaryimage\",\"url\":\"https:\\\/\\\/www.fleurette-florium.fr\\\/wp-content\\\/uploads\\\/2015\\\/07\\\/vehicule.png\",\"contentUrl\":\"https:\\\/\\\/www.fleurette-florium.fr\\\/wp-content\\\/uploads\\\/2015\\\/07\\\/vehicule.png\",\"width\":265,\"height\":263},{\"@type\":\"BreadcrumbList\",\"@id\":\"https:\\\/\\\/www.fleurette-florium.fr\\\/es\\\/gama-discover-autocaravanas-integrales\\\/#breadcrumb\",\"itemListElement\":[{\"@type\":\"ListItem\",\"position\":1,\"name\":\"\",\"item\":\"https:\\\/\\\/www.fleurette-florium.fr\\\/es\\\/accueil-camping-cars-modernes-florium\\\/\"},{\"@type\":\"ListItem\",\"position\":2,\"name\":\"Gama Discover &#8211; Autocaravanas integrales\"}]},{\"@type\":\"WebSite\",\"@id\":\"https:\\\/\\\/www.fleurette-florium.fr\\\/#website\",\"url\":\"https:\\\/\\\/www.fleurette-florium.fr\\\/\",\"name\":\"Fleurette Florium\",\"description\":\"\",\"publisher\":{\"@id\":\"https:\\\/\\\/www.fleurette-florium.fr\\\/#organization\"},\"potentialAction\":[{\"@type\":\"SearchAction\",\"target\":{\"@type\":\"EntryPoint\",\"urlTemplate\":\"https:\\\/\\\/www.fleurette-florium.fr\\\/?s={search_term_string}\"},\"query-input\":{\"@type\":\"PropertyValueSpecification\",\"valueRequired\":true,\"valueName\":\"search_term_string\"}}],\"inLanguage\":\"es\"},{\"@type\":\"Organization\",\"@id\":\"https:\\\/\\\/www.fleurette-florium.fr\\\/#organization\",\"name\":\"Fleurette Florium\",\"url\":\"https:\\\/\\\/www.fleurette-florium.fr\\\/\",\"logo\":{\"@type\":\"ImageObject\",\"inLanguage\":\"es\",\"@id\":\"https:\\\/\\\/www.fleurette-florium.fr\\\/#\\\/schema\\\/logo\\\/image\\\/\",\"url\":\"https:\\\/\\\/www.fleurette-florium.fr\\\/wp-content\\\/uploads\\\/2021\\\/07\\\/logo-fleurette-florium-scaled.png\",\"contentUrl\":\"https:\\\/\\\/www.fleurette-florium.fr\\\/wp-content\\\/uploads\\\/2021\\\/07\\\/logo-fleurette-florium-scaled.png\",\"width\":2560,\"height\":830,\"caption\":\"Fleurette Florium\"},\"image\":{\"@id\":\"https:\\\/\\\/www.fleurette-florium.fr\\\/#\\\/schema\\\/logo\\\/image\\\/\"}}]}<\/script>\n<!-- \/ Yoast SEO plugin. -->","yoast_head_json":{"title":"Camping car int\u00e9gral - gamme Fleurette Discover","description":"D\u00e9couvrez toute la gamme DISCOVER pour choisir le camping car int\u00e9gral haut de gamme de vos r\u00eaves.","robots":{"index":"index","follow":"follow","max-snippet":"max-snippet:-1","max-image-preview":"max-image-preview:large","max-video-preview":"max-video-preview:-1"},"canonical":"https:\/\/www.fleurette-florium.fr\/es\/gama-discover-autocaravanas-integrales\/","og_locale":"es_ES","og_type":"article","og_title":"Camping car int\u00e9gral - gamme Fleurette Discover","og_description":"D\u00e9couvrez toute la gamme DISCOVER pour choisir le camping car int\u00e9gral haut de gamme de vos r\u00eaves.","og_url":"https:\/\/www.fleurette-florium.fr\/es\/gama-discover-autocaravanas-integrales\/","og_site_name":"Fleurette Florium","article_modified_time":"2025-08-28T13:58:04+00:00","og_image":[{"width":265,"height":263,"url":"https:\/\/www.fleurette-florium.fr\/wp-content\/uploads\/2015\/07\/vehicule.png","type":"image\/png"}],"twitter_misc":{"Tiempo de lectura":"2 minutos"},"schema":{"@context":"https:\/\/schema.org","@graph":[{"@type":"WebPage","@id":"https:\/\/www.fleurette-florium.fr\/es\/gama-discover-autocaravanas-integrales\/","url":"https:\/\/www.fleurette-florium.fr\/es\/gama-discover-autocaravanas-integrales\/","name":"Camping car int\u00e9gral - gamme Fleurette Discover","isPartOf":{"@id":"https:\/\/www.fleurette-florium.fr\/#website"},"primaryImageOfPage":{"@id":"https:\/\/www.fleurette-florium.fr\/es\/gama-discover-autocaravanas-integrales\/#primaryimage"},"image":{"@id":"https:\/\/www.fleurette-florium.fr\/es\/gama-discover-autocaravanas-integrales\/#primaryimage"},"thumbnailUrl":"https:\/\/www.fleurette-florium.fr\/wp-content\/uploads\/2015\/07\/vehicule.png","datePublished":"2015-07-29T23:00:00+00:00","dateModified":"2025-08-28T13:58:04+00:00","description":"D\u00e9couvrez toute la gamme DISCOVER pour choisir le camping car int\u00e9gral haut de gamme de vos r\u00eaves.","breadcrumb":{"@id":"https:\/\/www.fleurette-florium.fr\/es\/gama-discover-autocaravanas-integrales\/#breadcrumb"},"inLanguage":"es","potentialAction":[{"@type":"ReadAction","target":["https:\/\/www.fleurette-florium.fr\/es\/gama-discover-autocaravanas-integrales\/"]}]},{"@type":"ImageObject","inLanguage":"es","@id":"https:\/\/www.fleurette-florium.fr\/es\/gama-discover-autocaravanas-integrales\/#primaryimage","url":"https:\/\/www.fleurette-florium.fr\/wp-content\/uploads\/2015\/07\/vehicule.png","contentUrl":"https:\/\/www.fleurette-florium.fr\/wp-content\/uploads\/2015\/07\/vehicule.png","width":265,"height":263},{"@type":"BreadcrumbList","@id":"https:\/\/www.fleurette-florium.fr\/es\/gama-discover-autocaravanas-integrales\/#breadcrumb","itemListElement":[{"@type":"ListItem","position":1,"name":"","item":"https:\/\/www.fleurette-florium.fr\/es\/accueil-camping-cars-modernes-florium\/"},{"@type":"ListItem","position":2,"name":"Gama Discover &#8211; Autocaravanas integrales"}]},{"@type":"WebSite","@id":"https:\/\/www.fleurette-florium.fr\/#website","url":"https:\/\/www.fleurette-florium.fr\/","name":"Fleurette Florium","description":"","publisher":{"@id":"https:\/\/www.fleurette-florium.fr\/#organization"},"potentialAction":[{"@type":"SearchAction","target":{"@type":"EntryPoint","urlTemplate":"https:\/\/www.fleurette-florium.fr\/?s={search_term_string}"},"query-input":{"@type":"PropertyValueSpecification","valueRequired":true,"valueName":"search_term_string"}}],"inLanguage":"es"},{"@type":"Organization","@id":"https:\/\/www.fleurette-florium.fr\/#organization","name":"Fleurette Florium","url":"https:\/\/www.fleurette-florium.fr\/","logo":{"@type":"ImageObject","inLanguage":"es","@id":"https:\/\/www.fleurette-florium.fr\/#\/schema\/logo\/image\/","url":"https:\/\/www.fleurette-florium.fr\/wp-content\/uploads\/2021\/07\/logo-fleurette-florium-scaled.png","contentUrl":"https:\/\/www.fleurette-florium.fr\/wp-content\/uploads\/2021\/07\/logo-fleurette-florium-scaled.png","width":2560,"height":830,"caption":"Fleurette Florium"},"image":{"@id":"https:\/\/www.fleurette-florium.fr\/#\/schema\/logo\/image\/"}}]}},"_links":{"self":[{"href":"https:\/\/www.fleurette-florium.fr\/es\/wp-json\/wp\/v2\/pages\/15019","targetHints":{"allow":["GET"]}}],"collection":[{"href":"https:\/\/www.fleurette-florium.fr\/es\/wp-json\/wp\/v2\/pages"}],"about":[{"href":"https:\/\/www.fleurette-florium.fr\/es\/wp-json\/wp\/v2\/types\/page"}],"author":[{"embeddable":true,"href":"https:\/\/www.fleurette-florium.fr\/es\/wp-json\/wp\/v2\/users\/4"}],"replies":[{"embeddable":true,"href":"https:\/\/www.fleurette-florium.fr\/es\/wp-json\/wp\/v2\/comments?post=15019"}],"version-history":[{"count":23,"href":"https:\/\/www.fleurette-florium.fr\/es\/wp-json\/wp\/v2\/pages\/15019\/revisions"}],"predecessor-version":[{"id":31857,"href":"https:\/\/www.fleurette-florium.fr\/es\/wp-json\/wp\/v2\/pages\/15019\/revisions\/31857"}],"wp:featuredmedia":[{"embeddable":true,"href":"https:\/\/www.fleurette-florium.fr\/es\/wp-json\/wp\/v2\/media\/6375"}],"wp:attachment":[{"href":"https:\/\/www.fleurette-florium.fr\/es\/wp-json\/wp\/v2\/media?parent=15019"}],"curies":[{"name":"wp","href":"https:\/\/api.w.org\/{rel}","templated":true}]}}