{"id":15012,"date":"2015-07-30T00:00:00","date_gmt":"2015-07-29T23:00:00","guid":{"rendered":"https:\/\/fleurette-florium.s1te.fr\/gamme-migrateur-camping-car-profile\/"},"modified":"2025-09-05T08:43:27","modified_gmt":"2025-09-05T07:43:27","slug":"gama-migrateur-perfilados-ultracompactos","status":"publish","type":"page","link":"https:\/\/www.fleurette-florium.fr\/es\/gama-migrateur-perfilados-ultracompactos\/","title":{"rendered":"Gama Migrateur &#8211; perfilados ultracompactos"},"content":{"rendered":"<div class=\"wpb-content-wrapper\"><p>[vc_row][vc_column][rev_slider_vc alias=\u00bbgamme_migrateur\u00bb][\/vc_column][\/vc_row][vc_row][vc_column width=\u00bb2\/3&#8243; css=\u00bb.vc_custom_1701707987981{padding-bottom: 50px !important;}\u00bb][vc_column_text css=\u00bb\u00bb]<\/p>\n<h1><strong>Fleurette Migrateur &#8211; Viaje f\u00e1cil en una compacta<\/strong><\/h1>\n<p>[\/vc_column_text][vc_column_text css=\u00bb\u00bb el_class=\u00bbcontenu_lisible\u00bb]<span class='firstcharacter'>D<\/span>istribuciones bien pensadas con espacios de almacenamiento ingeniosos, \u00e1reas luminosas, mobiliario de madera con acabado de nogal, interiores refinados&#8230; Esta gama le ofrece el confort necesario para hacer excursiones con total tranquilidad.[\/vc_column_text][vc_btn title=\u00bbElegir su autocaravana\u00bb css=\u00bb\u00bb link=\u00bburl:https%3A%2F%2Fwww.fleurette-florium.fr%2Fes%2Felegir-su-autocaravana%2F|\u00bb][\/vc_column][vc_column width=\u00bb1\/3&#8243;][vc_column_text css=\u00bb\u00bb el_class=\u00bbliste_check_rouge\u00bb]<\/p>\n<h3>NOS ENCATA<\/h3>\n<ul>\n<li>Tama\u00f1o compacto con un ancho de 2,23 m y una longitud de 5,99 m a 6,99 m<\/li>\n<li>Radio de giro optimizado<\/li>\n<li>Retrovisores retr\u00e1ctiles, con mandos en el volante<\/li>\n<li>\u00a0Bonito espacio de sal\u00f3n con asientos frente a frente o en L orientados en el sentido de la marcha, ideales para los ni\u00f1os<\/li>\n<li>Gran frigor\u00edfico de compresi\u00f3n de 150 L con congelador de 17 L<\/li>\n<li>Dormitorio con cama doble o camas gemelas y sal\u00f3n convertible en cama extra para obtener 3 plazas para dormir<\/li>\n<li>\u00c1rea de cocina con grandes cajones con cierre suave<\/li>\n<li>\u00a0Numerosos espacios de almacenamiento, incluido un gran armario ropero<\/li>\n<li>Bater\u00eda de la vivienda de litio &#8211; Calefacci\u00f3n Truma 4D<\/li>\n<li>\u00a0Mobiliario con acabado en nogal y retroiluminaci\u00f3n LED de ambiente<\/li>\n<\/ul>\n<p>[\/vc_column_text][\/vc_column][\/vc_row][vc_row el_class=\u00bbfullwidth_element margin-top-30 margin-bottom-none\u00bb el_id=\u00bbautres_produits\u00bb][vc_column css=\u00bb.vc_custom_1438272808096{padding-top: 35px !important;padding-right: 100px !important;padding-bottom: 50px !important;padding-left: 100px !important;background-color: #efefee !important;}\u00bb][vc_row_inner][vc_column_inner][vc_column_text css=\u00bb\u00bb]<\/p>\n<h3>Descubra los veh\u00edculos de la gama Fleurette <strong style=\"font-size: 16px;\">MIGRATEUR<\/strong><\/h3>\n<p>[\/vc_column_text][\/vc_column_inner][\/vc_row_inner][vc_row_inner gap=\u00bb35&#8243;][vc_column_inner width=\u00bb1\/3&#8243;][vc_single_image image=\u00bb17781&#8243; img_size=\u00bb260&#215;260&#8243; alignment=\u00bbcenter\u00bb onclick=\u00bbcustom_link\u00bb css=\u00bb\u00bb link=\u00bbhttps:\/\/www.fleurette-florium.fr\/es\/listings\/migrateur-60-lg-cama-a-la-izquierda\/\u00bb title=\u00bb60 LD\u00bb][\/vc_column_inner][vc_column_inner width=\u00bb1\/3&#8243;][vc_single_image image=\u00bb17806&#8243; img_size=\u00bb260&#215;260&#8243; alignment=\u00bbcenter\u00bb onclick=\u00bbcustom_link\u00bb css=\u00bb\u00bb link=\u00bbhttps:\/\/www.fleurette-florium.fr\/listings\/camping-car-compact-migrateur-64-ldf-cristal\/\u00bb][\/vc_column_inner][vc_column_inner width=\u00bb1\/3&#8243;][vc_single_image image=\u00bb31596&#8243; img_size=\u00bb260&#215;260&#8243; alignment=\u00bbcenter\u00bb onclick=\u00bbcustom_link\u00bb css=\u00bb\u00bb link=\u00bbhttps:\/\/www.fleurette-florium.fr\/es\/listings\/migrateur-69-ljg-camas-gemelas-edicion-wellness\/\u00bb][\/vc_column_inner][\/vc_row_inner][\/vc_column][\/vc_row]<\/p>\n<\/div>","protected":false},"excerpt":{"rendered":"<p>[vc_row][vc_column][rev_slider_vc alias=\u00bbgamme_migrateur\u00bb][\/vc_column][\/vc_row][vc_row][vc_column width=\u00bb2\/3&#8243; css=\u00bb.vc_custom_1701707987981{padding-bottom: 50px !important;}\u00bb][vc_column_text css=\u00bb\u00bb] Fleurette Migrateur &#8211; Viaje f\u00e1cil en una compacta [\/vc_column_text][vc_column_text css=\u00bb\u00bb el_class=\u00bbcontenu_lisible\u00bb]istribuciones bien pensadas con espacios de almacenamiento ingeniosos, \u00e1reas luminosas, mobiliario de madera con acabado de nogal, interiores refinados&#8230; Esta gama le ofrece el confort necesario para hacer excursiones con total tranquilidad.[\/vc_column_text][vc_btn title=\u00bbElegir su autocaravana\u00bb css=\u00bb\u00bb link=\u00bburl:https%3A%2F%2Fwww.fleurette-florium.fr%2Fes%2Felegir-su-autocaravana%2F|\u00bb][\/vc_column][vc_column width=\u00bb1\/3&#8243;][vc_column_text [&hellip;]<\/p>\n","protected":false},"author":4,"featured_media":0,"parent":0,"menu_order":0,"comment_status":"closed","ping_status":"open","template":"","meta":{"_acf_changed":false,"footnotes":""},"class_list":["post-15012","page","type-page","status-publish","hentry"],"acf":[],"yoast_head":"<!-- This site is optimized with the Yoast SEO plugin v27.5 - https:\/\/yoast.com\/product\/yoast-seo-wordpress\/ -->\n<title>Camping car profil\u00e9 compact - Gamme Fleurette MIGRATEUR<\/title>\n<meta name=\"description\" content=\"La Gamme camping car Fleurette MIGRATEUR avec son profil\u00e9 compact saura vous convaincre par ses implantations r\u00e9fl\u00e9chies, ses rangements ing\u00e9nieux et son espace optimis\u00e9.\" \/>\n<meta name=\"robots\" content=\"index, follow, max-snippet:-1, max-image-preview:large, max-video-preview:-1\" \/>\n<link rel=\"canonical\" href=\"https:\/\/www.fleurette-florium.fr\/es\/gama-migrateur-perfilados-ultracompactos\/\" \/>\n<meta property=\"og:locale\" content=\"es_ES\" \/>\n<meta property=\"og:type\" content=\"article\" \/>\n<meta property=\"og:title\" content=\"Camping car profil\u00e9 compact - Gamme Fleurette MIGRATEUR\" \/>\n<meta property=\"og:description\" content=\"La Gamme camping car Fleurette MIGRATEUR avec son profil\u00e9 compact saura vous convaincre par ses implantations r\u00e9fl\u00e9chies, ses rangements ing\u00e9nieux et son espace optimis\u00e9.\" \/>\n<meta property=\"og:url\" content=\"https:\/\/www.fleurette-florium.fr\/es\/gama-migrateur-perfilados-ultracompactos\/\" \/>\n<meta property=\"og:site_name\" content=\"Fleurette Florium\" \/>\n<meta property=\"article:modified_time\" content=\"2025-09-05T07:43:27+00:00\" \/>\n<meta name=\"twitter:label1\" content=\"Tiempo de lectura\" \/>\n\t<meta name=\"twitter:data1\" content=\"2 minutos\" \/>\n<script type=\"application\/ld+json\" class=\"yoast-schema-graph\">{\"@context\":\"https:\\\/\\\/schema.org\",\"@graph\":[{\"@type\":\"WebPage\",\"@id\":\"https:\\\/\\\/www.fleurette-florium.fr\\\/es\\\/gama-migrateur-perfilados-ultracompactos\\\/\",\"url\":\"https:\\\/\\\/www.fleurette-florium.fr\\\/es\\\/gama-migrateur-perfilados-ultracompactos\\\/\",\"name\":\"Camping car profil\u00e9 compact - Gamme Fleurette MIGRATEUR\",\"isPartOf\":{\"@id\":\"https:\\\/\\\/www.fleurette-florium.fr\\\/#website\"},\"datePublished\":\"2015-07-29T23:00:00+00:00\",\"dateModified\":\"2025-09-05T07:43:27+00:00\",\"description\":\"La Gamme camping car Fleurette MIGRATEUR avec son profil\u00e9 compact saura vous convaincre par ses implantations r\u00e9fl\u00e9chies, ses rangements ing\u00e9nieux et son espace optimis\u00e9.\",\"breadcrumb\":{\"@id\":\"https:\\\/\\\/www.fleurette-florium.fr\\\/es\\\/gama-migrateur-perfilados-ultracompactos\\\/#breadcrumb\"},\"inLanguage\":\"es\",\"potentialAction\":[{\"@type\":\"ReadAction\",\"target\":[\"https:\\\/\\\/www.fleurette-florium.fr\\\/es\\\/gama-migrateur-perfilados-ultracompactos\\\/\"]}]},{\"@type\":\"BreadcrumbList\",\"@id\":\"https:\\\/\\\/www.fleurette-florium.fr\\\/es\\\/gama-migrateur-perfilados-ultracompactos\\\/#breadcrumb\",\"itemListElement\":[{\"@type\":\"ListItem\",\"position\":1,\"name\":\"\",\"item\":\"https:\\\/\\\/www.fleurette-florium.fr\\\/es\\\/accueil-camping-cars-modernes-florium\\\/\"},{\"@type\":\"ListItem\",\"position\":2,\"name\":\"Gama Migrateur &#8211; perfilados ultracompactos\"}]},{\"@type\":\"WebSite\",\"@id\":\"https:\\\/\\\/www.fleurette-florium.fr\\\/#website\",\"url\":\"https:\\\/\\\/www.fleurette-florium.fr\\\/\",\"name\":\"Fleurette Florium\",\"description\":\"\",\"publisher\":{\"@id\":\"https:\\\/\\\/www.fleurette-florium.fr\\\/#organization\"},\"potentialAction\":[{\"@type\":\"SearchAction\",\"target\":{\"@type\":\"EntryPoint\",\"urlTemplate\":\"https:\\\/\\\/www.fleurette-florium.fr\\\/?s={search_term_string}\"},\"query-input\":{\"@type\":\"PropertyValueSpecification\",\"valueRequired\":true,\"valueName\":\"search_term_string\"}}],\"inLanguage\":\"es\"},{\"@type\":\"Organization\",\"@id\":\"https:\\\/\\\/www.fleurette-florium.fr\\\/#organization\",\"name\":\"Fleurette Florium\",\"url\":\"https:\\\/\\\/www.fleurette-florium.fr\\\/\",\"logo\":{\"@type\":\"ImageObject\",\"inLanguage\":\"es\",\"@id\":\"https:\\\/\\\/www.fleurette-florium.fr\\\/#\\\/schema\\\/logo\\\/image\\\/\",\"url\":\"https:\\\/\\\/www.fleurette-florium.fr\\\/wp-content\\\/uploads\\\/2021\\\/07\\\/logo-fleurette-florium-scaled.png\",\"contentUrl\":\"https:\\\/\\\/www.fleurette-florium.fr\\\/wp-content\\\/uploads\\\/2021\\\/07\\\/logo-fleurette-florium-scaled.png\",\"width\":2560,\"height\":830,\"caption\":\"Fleurette Florium\"},\"image\":{\"@id\":\"https:\\\/\\\/www.fleurette-florium.fr\\\/#\\\/schema\\\/logo\\\/image\\\/\"}}]}<\/script>\n<!-- \/ Yoast SEO plugin. -->","yoast_head_json":{"title":"Camping car profil\u00e9 compact - Gamme Fleurette MIGRATEUR","description":"La Gamme camping car Fleurette MIGRATEUR avec son profil\u00e9 compact saura vous convaincre par ses implantations r\u00e9fl\u00e9chies, ses rangements ing\u00e9nieux et son espace optimis\u00e9.","robots":{"index":"index","follow":"follow","max-snippet":"max-snippet:-1","max-image-preview":"max-image-preview:large","max-video-preview":"max-video-preview:-1"},"canonical":"https:\/\/www.fleurette-florium.fr\/es\/gama-migrateur-perfilados-ultracompactos\/","og_locale":"es_ES","og_type":"article","og_title":"Camping car profil\u00e9 compact - Gamme Fleurette MIGRATEUR","og_description":"La Gamme camping car Fleurette MIGRATEUR avec son profil\u00e9 compact saura vous convaincre par ses implantations r\u00e9fl\u00e9chies, ses rangements ing\u00e9nieux et son espace optimis\u00e9.","og_url":"https:\/\/www.fleurette-florium.fr\/es\/gama-migrateur-perfilados-ultracompactos\/","og_site_name":"Fleurette Florium","article_modified_time":"2025-09-05T07:43:27+00:00","twitter_misc":{"Tiempo de lectura":"2 minutos"},"schema":{"@context":"https:\/\/schema.org","@graph":[{"@type":"WebPage","@id":"https:\/\/www.fleurette-florium.fr\/es\/gama-migrateur-perfilados-ultracompactos\/","url":"https:\/\/www.fleurette-florium.fr\/es\/gama-migrateur-perfilados-ultracompactos\/","name":"Camping car profil\u00e9 compact - Gamme Fleurette MIGRATEUR","isPartOf":{"@id":"https:\/\/www.fleurette-florium.fr\/#website"},"datePublished":"2015-07-29T23:00:00+00:00","dateModified":"2025-09-05T07:43:27+00:00","description":"La Gamme camping car Fleurette MIGRATEUR avec son profil\u00e9 compact saura vous convaincre par ses implantations r\u00e9fl\u00e9chies, ses rangements ing\u00e9nieux et son espace optimis\u00e9.","breadcrumb":{"@id":"https:\/\/www.fleurette-florium.fr\/es\/gama-migrateur-perfilados-ultracompactos\/#breadcrumb"},"inLanguage":"es","potentialAction":[{"@type":"ReadAction","target":["https:\/\/www.fleurette-florium.fr\/es\/gama-migrateur-perfilados-ultracompactos\/"]}]},{"@type":"BreadcrumbList","@id":"https:\/\/www.fleurette-florium.fr\/es\/gama-migrateur-perfilados-ultracompactos\/#breadcrumb","itemListElement":[{"@type":"ListItem","position":1,"name":"","item":"https:\/\/www.fleurette-florium.fr\/es\/accueil-camping-cars-modernes-florium\/"},{"@type":"ListItem","position":2,"name":"Gama Migrateur &#8211; perfilados ultracompactos"}]},{"@type":"WebSite","@id":"https:\/\/www.fleurette-florium.fr\/#website","url":"https:\/\/www.fleurette-florium.fr\/","name":"Fleurette Florium","description":"","publisher":{"@id":"https:\/\/www.fleurette-florium.fr\/#organization"},"potentialAction":[{"@type":"SearchAction","target":{"@type":"EntryPoint","urlTemplate":"https:\/\/www.fleurette-florium.fr\/?s={search_term_string}"},"query-input":{"@type":"PropertyValueSpecification","valueRequired":true,"valueName":"search_term_string"}}],"inLanguage":"es"},{"@type":"Organization","@id":"https:\/\/www.fleurette-florium.fr\/#organization","name":"Fleurette Florium","url":"https:\/\/www.fleurette-florium.fr\/","logo":{"@type":"ImageObject","inLanguage":"es","@id":"https:\/\/www.fleurette-florium.fr\/#\/schema\/logo\/image\/","url":"https:\/\/www.fleurette-florium.fr\/wp-content\/uploads\/2021\/07\/logo-fleurette-florium-scaled.png","contentUrl":"https:\/\/www.fleurette-florium.fr\/wp-content\/uploads\/2021\/07\/logo-fleurette-florium-scaled.png","width":2560,"height":830,"caption":"Fleurette Florium"},"image":{"@id":"https:\/\/www.fleurette-florium.fr\/#\/schema\/logo\/image\/"}}]}},"_links":{"self":[{"href":"https:\/\/www.fleurette-florium.fr\/es\/wp-json\/wp\/v2\/pages\/15012","targetHints":{"allow":["GET"]}}],"collection":[{"href":"https:\/\/www.fleurette-florium.fr\/es\/wp-json\/wp\/v2\/pages"}],"about":[{"href":"https:\/\/www.fleurette-florium.fr\/es\/wp-json\/wp\/v2\/types\/page"}],"author":[{"embeddable":true,"href":"https:\/\/www.fleurette-florium.fr\/es\/wp-json\/wp\/v2\/users\/4"}],"replies":[{"embeddable":true,"href":"https:\/\/www.fleurette-florium.fr\/es\/wp-json\/wp\/v2\/comments?post=15012"}],"version-history":[{"count":26,"href":"https:\/\/www.fleurette-florium.fr\/es\/wp-json\/wp\/v2\/pages\/15012\/revisions"}],"predecessor-version":[{"id":32422,"href":"https:\/\/www.fleurette-florium.fr\/es\/wp-json\/wp\/v2\/pages\/15012\/revisions\/32422"}],"wp:attachment":[{"href":"https:\/\/www.fleurette-florium.fr\/es\/wp-json\/wp\/v2\/media?parent=15012"}],"curies":[{"name":"wp","href":"https:\/\/api.w.org\/{rel}","templated":true}]}}