{"id":14637,"date":"2015-07-30T00:00:00","date_gmt":"2015-07-29T23:00:00","guid":{"rendered":"https:\/\/fleurette-florium.s1te.fr\/gamme-discover-camping-car-integral\/"},"modified":"2025-08-27T16:19:07","modified_gmt":"2025-08-27T15:19:07","slug":"discover-range-a-classes","status":"publish","type":"page","link":"https:\/\/www.fleurette-florium.fr\/en\/discover-range-a-classes\/","title":{"rendered":"Discover range &#8211; A-Classes"},"content":{"rendered":"<div class=\"wpb-content-wrapper\"><p>[vc_row][vc_column][rev_slider_vc alias=&#8221;gamme_discover-1&#8243;][\/vc_column][\/vc_row][vc_row][vc_column width=&#8221;2\/3&#8243;][vc_column_text el_class=&#8221;contenu_lisible&#8221;]<span class='firstcharacter'>E<\/span>nergy and sturdiness are conveyed in the lines of the Discover\u2019s 100% polyester Fleurette body.<\/p>\n<p>Elegance, \u00e0 la Fran\u00e7aise, is the key word for the Fleurette Discover. Equipped with furniture made with lacquered doors and solid wood, it offers 3 layouts that will meet even the most exacting requirements. Richly outfitted, Discover has all the comfort you need to make your journeys and stop-overs into unforgettable moments.[\/vc_column_text][\/vc_column][vc_column width=&#8221;1\/3&#8243;][vc_column_text css=&#8221;&#8221; el_class=&#8221;liste_check_rouge&#8221;]<\/p>\n<h3>WE LOVE<\/h3>\n<ul>\n<li>AL-KO chassis with double technical floor for optimum insulation and extra storage space<\/li>\n<li>Automatic transmission and LED front lights<\/li>\n<li>XXL kitchen and living room, with dimmer switch<\/li>\n<li>Bedroom with central bed or twin beds, and cab bed<\/li>\n<li>Plenty of storage space and cupboards<\/li>\n<li>Electric entry step<\/li>\n<li>External shower in the storage area with electric wastewater drain<\/li>\n<li>Garage hold of 2300 to 3100 l<\/li>\n<li>Intimity windscreen blind<\/li>\n<li>Walnut-finish style, illuminated brand sign with LED backlighting<\/li>\n<\/ul>\n<p>[\/vc_column_text][\/vc_column][\/vc_row][vc_row el_class=&#8221;fullwidth_element margin-top-30 margin-bottom-none&#8221; el_id=&#8221;autres_produits&#8221;][vc_column css=&#8221;.vc_custom_1438272808096{padding-top: 35px !important;padding-right: 100px !important;padding-bottom: 50px !important;padding-left: 100px !important;background-color: #efefee !important;}&#8221;][vc_row_inner][vc_column_inner][vc_column_text]<\/p>\n<h3>Discover the vehicles in the range Fleurette DISCOVER<\/h3>\n<p>[\/vc_column_text][\/vc_column_inner][\/vc_row_inner][vc_row_inner][vc_column_inner width=&#8221;1\/3&#8243;][vc_single_image image=&#8221;27450&#8243; img_size=&#8221;260&#215;260&#8243; alignment=&#8221;center&#8221; onclick=&#8221;custom_link&#8221; css=&#8221;&#8221; link=&#8221;https:\/\/www.fleurette-florium.fr\/en\/listings\/discover-71-lmf-cristal\/&#8221;][\/vc_column_inner][vc_column_inner width=&#8221;1\/3&#8243;][vc_single_image image=&#8221;27455&#8243; img_size=&#8221;260&#215;260&#8243; alignment=&#8221;center&#8221; onclick=&#8221;custom_link&#8221; css=&#8221;&#8221; link=&#8221;https:\/\/www.fleurette-florium.fr\/en\/listings\/discover-74-ljg\/&#8221;][\/vc_column_inner][vc_column_inner width=&#8221;1\/3&#8243;][vc_single_image image=&#8221;27460&#8243; img_size=&#8221;260&#215;260&#8243; alignment=&#8221;center&#8221; onclick=&#8221;custom_link&#8221; css=&#8221;&#8221; link=&#8221;https:\/\/www.fleurette-florium.fr\/en\/listings\/discover-75-lmf-cristal\/&#8221;][\/vc_column_inner][\/vc_row_inner][\/vc_column][\/vc_row]<\/p>\n<\/div>","protected":false},"excerpt":{"rendered":"<p>[vc_row][vc_column][rev_slider_vc alias=&#8221;gamme_discover-1&#8243;][\/vc_column][\/vc_row][vc_row][vc_column width=&#8221;2\/3&#8243;][vc_column_text el_class=&#8221;contenu_lisible&#8221;]nergy and sturdiness are conveyed in the lines of the Discover\u2019s 100% polyester Fleurette body. Elegance, \u00e0 la Fran\u00e7aise, is the key word for the Fleurette Discover. Equipped with furniture made with lacquered doors and solid wood, it offers 3 layouts that will meet even the most exacting requirements. Richly outfitted, Discover [&hellip;]<\/p>\n","protected":false},"author":4,"featured_media":0,"parent":0,"menu_order":0,"comment_status":"closed","ping_status":"open","template":"","meta":{"_acf_changed":false,"footnotes":""},"class_list":["post-14637","page","type-page","status-publish","hentry"],"acf":[],"yoast_head":"<!-- This site is optimized with the Yoast SEO plugin v27.5 - https:\/\/yoast.com\/product\/yoast-seo-wordpress\/ -->\n<title>Camping car int\u00e9gral - gamme Fleurette Discover<\/title>\n<meta name=\"description\" content=\"D\u00e9couvrez toute la gamme DISCOVER pour choisir le camping car int\u00e9gral haut de gamme de vos r\u00eaves.\" \/>\n<meta name=\"robots\" content=\"index, follow, max-snippet:-1, max-image-preview:large, max-video-preview:-1\" \/>\n<link rel=\"canonical\" href=\"https:\/\/www.fleurette-florium.fr\/en\/discover-range-a-classes\/\" \/>\n<meta property=\"og:locale\" content=\"en_US\" \/>\n<meta property=\"og:type\" content=\"article\" \/>\n<meta property=\"og:title\" content=\"Camping car int\u00e9gral - gamme Fleurette Discover\" \/>\n<meta property=\"og:description\" content=\"D\u00e9couvrez toute la gamme DISCOVER pour choisir le camping car int\u00e9gral haut de gamme de vos r\u00eaves.\" \/>\n<meta property=\"og:url\" content=\"https:\/\/www.fleurette-florium.fr\/en\/discover-range-a-classes\/\" \/>\n<meta property=\"og:site_name\" content=\"Fleurette Florium\" \/>\n<meta property=\"article:modified_time\" content=\"2025-08-27T15:19:07+00:00\" \/>\n<meta name=\"twitter:label1\" content=\"Est. reading time\" \/>\n\t<meta name=\"twitter:data1\" content=\"1 minute\" \/>\n<script type=\"application\/ld+json\" class=\"yoast-schema-graph\">{\"@context\":\"https:\\\/\\\/schema.org\",\"@graph\":[{\"@type\":\"WebPage\",\"@id\":\"https:\\\/\\\/www.fleurette-florium.fr\\\/en\\\/discover-range-a-classes\\\/\",\"url\":\"https:\\\/\\\/www.fleurette-florium.fr\\\/en\\\/discover-range-a-classes\\\/\",\"name\":\"Camping car int\u00e9gral - gamme Fleurette Discover\",\"isPartOf\":{\"@id\":\"https:\\\/\\\/www.fleurette-florium.fr\\\/#website\"},\"datePublished\":\"2015-07-29T23:00:00+00:00\",\"dateModified\":\"2025-08-27T15:19:07+00:00\",\"description\":\"D\u00e9couvrez toute la gamme DISCOVER pour choisir le camping car int\u00e9gral haut de gamme de vos r\u00eaves.\",\"breadcrumb\":{\"@id\":\"https:\\\/\\\/www.fleurette-florium.fr\\\/en\\\/discover-range-a-classes\\\/#breadcrumb\"},\"inLanguage\":\"en-US\",\"potentialAction\":[{\"@type\":\"ReadAction\",\"target\":[\"https:\\\/\\\/www.fleurette-florium.fr\\\/en\\\/discover-range-a-classes\\\/\"]}]},{\"@type\":\"BreadcrumbList\",\"@id\":\"https:\\\/\\\/www.fleurette-florium.fr\\\/en\\\/discover-range-a-classes\\\/#breadcrumb\",\"itemListElement\":[{\"@type\":\"ListItem\",\"position\":1,\"name\":\"\",\"item\":\"https:\\\/\\\/www.fleurette-florium.fr\\\/en\\\/sample-page-2\\\/\"},{\"@type\":\"ListItem\",\"position\":2,\"name\":\"Discover range &#8211; A-Classes\"}]},{\"@type\":\"WebSite\",\"@id\":\"https:\\\/\\\/www.fleurette-florium.fr\\\/#website\",\"url\":\"https:\\\/\\\/www.fleurette-florium.fr\\\/\",\"name\":\"Fleurette Florium\",\"description\":\"\",\"publisher\":{\"@id\":\"https:\\\/\\\/www.fleurette-florium.fr\\\/#organization\"},\"potentialAction\":[{\"@type\":\"SearchAction\",\"target\":{\"@type\":\"EntryPoint\",\"urlTemplate\":\"https:\\\/\\\/www.fleurette-florium.fr\\\/?s={search_term_string}\"},\"query-input\":{\"@type\":\"PropertyValueSpecification\",\"valueRequired\":true,\"valueName\":\"search_term_string\"}}],\"inLanguage\":\"en-US\"},{\"@type\":\"Organization\",\"@id\":\"https:\\\/\\\/www.fleurette-florium.fr\\\/#organization\",\"name\":\"Fleurette Florium\",\"url\":\"https:\\\/\\\/www.fleurette-florium.fr\\\/\",\"logo\":{\"@type\":\"ImageObject\",\"inLanguage\":\"en-US\",\"@id\":\"https:\\\/\\\/www.fleurette-florium.fr\\\/#\\\/schema\\\/logo\\\/image\\\/\",\"url\":\"https:\\\/\\\/www.fleurette-florium.fr\\\/wp-content\\\/uploads\\\/2021\\\/07\\\/logo-fleurette-florium-scaled.png\",\"contentUrl\":\"https:\\\/\\\/www.fleurette-florium.fr\\\/wp-content\\\/uploads\\\/2021\\\/07\\\/logo-fleurette-florium-scaled.png\",\"width\":2560,\"height\":830,\"caption\":\"Fleurette Florium\"},\"image\":{\"@id\":\"https:\\\/\\\/www.fleurette-florium.fr\\\/#\\\/schema\\\/logo\\\/image\\\/\"}}]}<\/script>\n<!-- \/ Yoast SEO plugin. -->","yoast_head_json":{"title":"Camping car int\u00e9gral - gamme Fleurette Discover","description":"D\u00e9couvrez toute la gamme DISCOVER pour choisir le camping car int\u00e9gral haut de gamme de vos r\u00eaves.","robots":{"index":"index","follow":"follow","max-snippet":"max-snippet:-1","max-image-preview":"max-image-preview:large","max-video-preview":"max-video-preview:-1"},"canonical":"https:\/\/www.fleurette-florium.fr\/en\/discover-range-a-classes\/","og_locale":"en_US","og_type":"article","og_title":"Camping car int\u00e9gral - gamme Fleurette Discover","og_description":"D\u00e9couvrez toute la gamme DISCOVER pour choisir le camping car int\u00e9gral haut de gamme de vos r\u00eaves.","og_url":"https:\/\/www.fleurette-florium.fr\/en\/discover-range-a-classes\/","og_site_name":"Fleurette Florium","article_modified_time":"2025-08-27T15:19:07+00:00","twitter_misc":{"Est. reading time":"1 minute"},"schema":{"@context":"https:\/\/schema.org","@graph":[{"@type":"WebPage","@id":"https:\/\/www.fleurette-florium.fr\/en\/discover-range-a-classes\/","url":"https:\/\/www.fleurette-florium.fr\/en\/discover-range-a-classes\/","name":"Camping car int\u00e9gral - gamme Fleurette Discover","isPartOf":{"@id":"https:\/\/www.fleurette-florium.fr\/#website"},"datePublished":"2015-07-29T23:00:00+00:00","dateModified":"2025-08-27T15:19:07+00:00","description":"D\u00e9couvrez toute la gamme DISCOVER pour choisir le camping car int\u00e9gral haut de gamme de vos r\u00eaves.","breadcrumb":{"@id":"https:\/\/www.fleurette-florium.fr\/en\/discover-range-a-classes\/#breadcrumb"},"inLanguage":"en-US","potentialAction":[{"@type":"ReadAction","target":["https:\/\/www.fleurette-florium.fr\/en\/discover-range-a-classes\/"]}]},{"@type":"BreadcrumbList","@id":"https:\/\/www.fleurette-florium.fr\/en\/discover-range-a-classes\/#breadcrumb","itemListElement":[{"@type":"ListItem","position":1,"name":"","item":"https:\/\/www.fleurette-florium.fr\/en\/sample-page-2\/"},{"@type":"ListItem","position":2,"name":"Discover range &#8211; A-Classes"}]},{"@type":"WebSite","@id":"https:\/\/www.fleurette-florium.fr\/#website","url":"https:\/\/www.fleurette-florium.fr\/","name":"Fleurette Florium","description":"","publisher":{"@id":"https:\/\/www.fleurette-florium.fr\/#organization"},"potentialAction":[{"@type":"SearchAction","target":{"@type":"EntryPoint","urlTemplate":"https:\/\/www.fleurette-florium.fr\/?s={search_term_string}"},"query-input":{"@type":"PropertyValueSpecification","valueRequired":true,"valueName":"search_term_string"}}],"inLanguage":"en-US"},{"@type":"Organization","@id":"https:\/\/www.fleurette-florium.fr\/#organization","name":"Fleurette Florium","url":"https:\/\/www.fleurette-florium.fr\/","logo":{"@type":"ImageObject","inLanguage":"en-US","@id":"https:\/\/www.fleurette-florium.fr\/#\/schema\/logo\/image\/","url":"https:\/\/www.fleurette-florium.fr\/wp-content\/uploads\/2021\/07\/logo-fleurette-florium-scaled.png","contentUrl":"https:\/\/www.fleurette-florium.fr\/wp-content\/uploads\/2021\/07\/logo-fleurette-florium-scaled.png","width":2560,"height":830,"caption":"Fleurette Florium"},"image":{"@id":"https:\/\/www.fleurette-florium.fr\/#\/schema\/logo\/image\/"}}]}},"_links":{"self":[{"href":"https:\/\/www.fleurette-florium.fr\/en\/wp-json\/wp\/v2\/pages\/14637","targetHints":{"allow":["GET"]}}],"collection":[{"href":"https:\/\/www.fleurette-florium.fr\/en\/wp-json\/wp\/v2\/pages"}],"about":[{"href":"https:\/\/www.fleurette-florium.fr\/en\/wp-json\/wp\/v2\/types\/page"}],"author":[{"embeddable":true,"href":"https:\/\/www.fleurette-florium.fr\/en\/wp-json\/wp\/v2\/users\/4"}],"replies":[{"embeddable":true,"href":"https:\/\/www.fleurette-florium.fr\/en\/wp-json\/wp\/v2\/comments?post=14637"}],"version-history":[{"count":23,"href":"https:\/\/www.fleurette-florium.fr\/en\/wp-json\/wp\/v2\/pages\/14637\/revisions"}],"predecessor-version":[{"id":30865,"href":"https:\/\/www.fleurette-florium.fr\/en\/wp-json\/wp\/v2\/pages\/14637\/revisions\/30865"}],"wp:attachment":[{"href":"https:\/\/www.fleurette-florium.fr\/en\/wp-json\/wp\/v2\/media?parent=14637"}],"curies":[{"name":"wp","href":"https:\/\/api.w.org\/{rel}","templated":true}]}}