{"id":14579,"date":"2015-07-30T00:00:00","date_gmt":"2015-07-29T23:00:00","guid":{"rendered":"https:\/\/fleurette-florium.s1te.fr\/gamme-fleurette-magister-camping-car-profile-lit-de-pavillon\/"},"modified":"2025-09-05T08:25:19","modified_gmt":"2025-09-05T07:25:19","slug":"magister-range-low-profile-with-drop-down-bed","status":"publish","type":"page","link":"https:\/\/www.fleurette-florium.fr\/en\/magister-range-low-profile-with-drop-down-bed\/","title":{"rendered":"Magister range &#8211; Low profile with drop down bed"},"content":{"rendered":"<div class=\"wpb-content-wrapper\"><p>[vc_row][vc_column][rev_slider_vc alias=&#8221;gamme_magister&#8221;][\/vc_column][\/vc_row][vc_row][vc_column width=&#8221;2\/3&#8243;][vc_column_text css=&#8221;&#8221; el_class=&#8221;contenu_lisible&#8221;]<\/p>\n<h1>Fleurette Magister &#8211; Spacious comfort and freedom<\/h1>\n<p><span class='firstcharacter'>A<\/span>well thought-out range, combining manoeuvrability and spaciousness for memorable trips. Enjoy the freedom of the open<br \/>\nroad and the comfort of your own home, thanks to Fleurette&#8217;s<br \/>\ncomprehensive, top-of-the-range equipment.<\/p>\n<p>Discover the <a href=\"https:\/\/www.fleurette-florium.fr\/en\/listings\/magister-70-lmf-central-bed-wellness-edition\/\">70 LMF<\/a> and <a href=\"https:\/\/www.fleurette-florium.fr\/en\/listings\/magister-74-lmf-central-bed-wellness-edition\/\">74 LMF<\/a> models in our new limited edition Wellness collection.<\/p>\n<p>Features of Wellness Edition:<\/p>\n<ul>\n<li>New furniture with walnut finish and unique lighting, including LED backlighting<\/li>\n<li>Moka beige upholstery with a soft feel and a set of reversible dual-material cushions in off-white loop-pile fabric and pine green<br \/>\ncorduroy<\/li>\n<li>Luxury bedding<\/li>\n<li>Special exterior d\u00e9cor<\/li>\n<li>Signature fragrance: Relaxing Elegance<\/li>\n<li>Lamp with dimmer in a warm, soothing tone<\/li>\n<li>Aluminium rims, grey air vents and leather steering wheel<\/li>\n<li>Truma 4000 ED heating (diesel\/electric)<\/li>\n<li>Relaxing passenger seat footrest<\/li>\n<\/ul>\n<p>[\/vc_column_text][vc_btn title=&#8221;DISCOVER WELLNESS EDITION&#8221; css=&#8221;&#8221; link=&#8221;url:https%3A%2F%2Fwww.fleurette-florium.fr%2Fen%2Fnew-limited-edition-wellness-2026-collection%2F|title:Wellness|&#8221;][vc_empty_space height=&#8221;30px&#8221;][\/vc_column][vc_column width=&#8221;1\/3&#8243;][vc_column_text css=&#8221;&#8221; el_class=&#8221;liste_check_rouge&#8221;]<\/p>\n<h3>WE LOVE<\/h3>\n<ul>\n<li>Spacious face-to-face living room for up to 6 guests<\/li>\n<li>Large folding living room table<\/li>\n<li>\u00a0Kitchen area with large worktop, 2-burner hob with gas cut-out when the lid is closed<\/li>\n<li>Sleeps up to 4 people (option)<\/li>\n<li>Attractive interior space with plenty of storage<\/li>\n<li>Bathroom with shower and separate toilet<\/li>\n<li>Large-volume garage<\/li>\n<li>Walnut-finish woodwork<\/li>\n<\/ul>\n<p>[\/vc_column_text][\/vc_column][\/vc_row][vc_row el_class=&#8221;fullwidth_element margin-top-30 margin-bottom-none&#8221; el_id=&#8221;autres_produits&#8221;][vc_column css=&#8221;.vc_custom_1438272808096{padding-top: 35px !important;padding-right: 100px !important;padding-bottom: 50px !important;padding-left: 100px !important;background-color: #efefee !important;}&#8221;][vc_row_inner][vc_column_inner][vc_column_text css=&#8221;&#8221;]<\/p>\n<h3><strong>Discover the vehicles in the range Fleurette MAGISTER<\/strong><\/h3>\n<p>[\/vc_column_text][\/vc_column_inner][\/vc_row_inner][vc_row_inner][vc_column_inner width=&#8221;1\/4&#8243;][vc_single_image image=&#8221;17859&#8243; img_size=&#8221;260&#215;260&#8243; alignment=&#8221;center&#8221; onclick=&#8221;custom_link&#8221; link=&#8221;https:\/\/www.fleurette-florium.fr\/en\/listings\/magister-67-lo-lounge-with-storage-area\/&#8221;][\/vc_column_inner][vc_column_inner width=&#8221;1\/4&#8243;][vc_single_image image=&#8221;27392&#8243; img_size=&#8221;260&#215;260&#8243; alignment=&#8221;center&#8221; onclick=&#8221;custom_link&#8221; css=&#8221;&#8221; link=&#8221;https:\/\/www.fleurette-florium.fr\/en\/listings\/magister-70-lmf-central-bed-wellness-edition\/&#8221;][\/vc_column_inner][vc_column_inner width=&#8221;1\/4&#8243;][vc_single_image image=&#8221;27386&#8243; img_size=&#8221;260&#215;260&#8243; alignment=&#8221;center&#8221; onclick=&#8221;custom_link&#8221; css=&#8221;&#8221; link=&#8221;https:\/\/www.fleurette-florium.fr\/en\/listings\/magister-74-lmf-central-bed-wellness-edition\/&#8221;][\/vc_column_inner][\/vc_row_inner][\/vc_column][\/vc_row]<\/p>\n<\/div>","protected":false},"excerpt":{"rendered":"<p>[vc_row][vc_column][rev_slider_vc alias=&#8221;gamme_magister&#8221;][\/vc_column][\/vc_row][vc_row][vc_column width=&#8221;2\/3&#8243;][vc_column_text css=&#8221;&#8221; el_class=&#8221;contenu_lisible&#8221;] Fleurette Magister &#8211; Spacious comfort and freedom well thought-out range, combining manoeuvrability and spaciousness for memorable trips. Enjoy the freedom of the open road and the comfort of your own home, thanks to Fleurette&#8217;s comprehensive, top-of-the-range equipment. Discover the 70 LMF and 74 LMF models in our new limited edition [&hellip;]<\/p>\n","protected":false},"author":4,"featured_media":0,"parent":0,"menu_order":0,"comment_status":"closed","ping_status":"open","template":"","meta":{"_acf_changed":false,"footnotes":""},"class_list":["post-14579","page","type-page","status-publish","hentry"],"acf":[],"yoast_head":"<!-- This site is optimized with the Yoast SEO plugin v26.6 - https:\/\/yoast.com\/wordpress\/plugins\/seo\/ -->\n<title>Camping car profil\u00e9 - gamme Fleurette MAGISTER<\/title>\n<meta name=\"description\" content=\"D\u00e9couvrez toute la gamme Fleurette MAGISTER pour choisir le camping car profil\u00e9 lit de pavillon haut de gamme de vos r\u00eaves.\" \/>\n<meta name=\"robots\" content=\"index, follow, max-snippet:-1, max-image-preview:large, max-video-preview:-1\" \/>\n<link rel=\"canonical\" href=\"https:\/\/www.fleurette-florium.fr\/en\/magister-range-low-profile-with-drop-down-bed\/\" \/>\n<meta property=\"og:locale\" content=\"en_US\" \/>\n<meta property=\"og:type\" content=\"article\" \/>\n<meta property=\"og:title\" content=\"Camping car profil\u00e9 - gamme Fleurette MAGISTER\" \/>\n<meta property=\"og:description\" content=\"D\u00e9couvrez toute la gamme Fleurette MAGISTER pour choisir le camping car profil\u00e9 lit de pavillon haut de gamme de vos r\u00eaves.\" \/>\n<meta property=\"og:url\" content=\"https:\/\/www.fleurette-florium.fr\/en\/magister-range-low-profile-with-drop-down-bed\/\" \/>\n<meta property=\"og:site_name\" content=\"Fleurette Florium\" \/>\n<meta property=\"article:modified_time\" content=\"2025-09-05T07:25:19+00:00\" \/>\n<meta name=\"twitter:label1\" content=\"Est. reading time\" \/>\n\t<meta name=\"twitter:data1\" content=\"2 minutes\" \/>\n<script type=\"application\/ld+json\" class=\"yoast-schema-graph\">{\"@context\":\"https:\/\/schema.org\",\"@graph\":[{\"@type\":\"WebPage\",\"@id\":\"https:\/\/www.fleurette-florium.fr\/en\/magister-range-low-profile-with-drop-down-bed\/\",\"url\":\"https:\/\/www.fleurette-florium.fr\/en\/magister-range-low-profile-with-drop-down-bed\/\",\"name\":\"Camping car profil\u00e9 - gamme Fleurette MAGISTER\",\"isPartOf\":{\"@id\":\"https:\/\/www.fleurette-florium.fr\/#website\"},\"datePublished\":\"2015-07-29T23:00:00+00:00\",\"dateModified\":\"2025-09-05T07:25:19+00:00\",\"description\":\"D\u00e9couvrez toute la gamme Fleurette MAGISTER pour choisir le camping car profil\u00e9 lit de pavillon haut de gamme de vos r\u00eaves.\",\"breadcrumb\":{\"@id\":\"https:\/\/www.fleurette-florium.fr\/en\/magister-range-low-profile-with-drop-down-bed\/#breadcrumb\"},\"inLanguage\":\"en-US\",\"potentialAction\":[{\"@type\":\"ReadAction\",\"target\":[\"https:\/\/www.fleurette-florium.fr\/en\/magister-range-low-profile-with-drop-down-bed\/\"]}]},{\"@type\":\"BreadcrumbList\",\"@id\":\"https:\/\/www.fleurette-florium.fr\/en\/magister-range-low-profile-with-drop-down-bed\/#breadcrumb\",\"itemListElement\":[{\"@type\":\"ListItem\",\"position\":1,\"name\":\"\",\"item\":\"https:\/\/www.fleurette-florium.fr\/en\/sample-page-2\/\"},{\"@type\":\"ListItem\",\"position\":2,\"name\":\"Magister range &#8211; Low profile with drop down bed\"}]},{\"@type\":\"WebSite\",\"@id\":\"https:\/\/www.fleurette-florium.fr\/#website\",\"url\":\"https:\/\/www.fleurette-florium.fr\/\",\"name\":\"Fleurette Florium\",\"description\":\"\",\"publisher\":{\"@id\":\"https:\/\/www.fleurette-florium.fr\/#organization\"},\"potentialAction\":[{\"@type\":\"SearchAction\",\"target\":{\"@type\":\"EntryPoint\",\"urlTemplate\":\"https:\/\/www.fleurette-florium.fr\/?s={search_term_string}\"},\"query-input\":{\"@type\":\"PropertyValueSpecification\",\"valueRequired\":true,\"valueName\":\"search_term_string\"}}],\"inLanguage\":\"en-US\"},{\"@type\":\"Organization\",\"@id\":\"https:\/\/www.fleurette-florium.fr\/#organization\",\"name\":\"Fleurette Florium\",\"url\":\"https:\/\/www.fleurette-florium.fr\/\",\"logo\":{\"@type\":\"ImageObject\",\"inLanguage\":\"en-US\",\"@id\":\"https:\/\/www.fleurette-florium.fr\/#\/schema\/logo\/image\/\",\"url\":\"https:\/\/www.fleurette-florium.fr\/wp-content\/uploads\/2021\/07\/logo-fleurette-florium-scaled.png\",\"contentUrl\":\"https:\/\/www.fleurette-florium.fr\/wp-content\/uploads\/2021\/07\/logo-fleurette-florium-scaled.png\",\"width\":2560,\"height\":830,\"caption\":\"Fleurette Florium\"},\"image\":{\"@id\":\"https:\/\/www.fleurette-florium.fr\/#\/schema\/logo\/image\/\"}}]}<\/script>\n<!-- \/ Yoast SEO plugin. -->","yoast_head_json":{"title":"Camping car profil\u00e9 - gamme Fleurette MAGISTER","description":"D\u00e9couvrez toute la gamme Fleurette MAGISTER pour choisir le camping car profil\u00e9 lit de pavillon haut de gamme de vos r\u00eaves.","robots":{"index":"index","follow":"follow","max-snippet":"max-snippet:-1","max-image-preview":"max-image-preview:large","max-video-preview":"max-video-preview:-1"},"canonical":"https:\/\/www.fleurette-florium.fr\/en\/magister-range-low-profile-with-drop-down-bed\/","og_locale":"en_US","og_type":"article","og_title":"Camping car profil\u00e9 - gamme Fleurette MAGISTER","og_description":"D\u00e9couvrez toute la gamme Fleurette MAGISTER pour choisir le camping car profil\u00e9 lit de pavillon haut de gamme de vos r\u00eaves.","og_url":"https:\/\/www.fleurette-florium.fr\/en\/magister-range-low-profile-with-drop-down-bed\/","og_site_name":"Fleurette Florium","article_modified_time":"2025-09-05T07:25:19+00:00","twitter_misc":{"Est. reading time":"2 minutes"},"schema":{"@context":"https:\/\/schema.org","@graph":[{"@type":"WebPage","@id":"https:\/\/www.fleurette-florium.fr\/en\/magister-range-low-profile-with-drop-down-bed\/","url":"https:\/\/www.fleurette-florium.fr\/en\/magister-range-low-profile-with-drop-down-bed\/","name":"Camping car profil\u00e9 - gamme Fleurette MAGISTER","isPartOf":{"@id":"https:\/\/www.fleurette-florium.fr\/#website"},"datePublished":"2015-07-29T23:00:00+00:00","dateModified":"2025-09-05T07:25:19+00:00","description":"D\u00e9couvrez toute la gamme Fleurette MAGISTER pour choisir le camping car profil\u00e9 lit de pavillon haut de gamme de vos r\u00eaves.","breadcrumb":{"@id":"https:\/\/www.fleurette-florium.fr\/en\/magister-range-low-profile-with-drop-down-bed\/#breadcrumb"},"inLanguage":"en-US","potentialAction":[{"@type":"ReadAction","target":["https:\/\/www.fleurette-florium.fr\/en\/magister-range-low-profile-with-drop-down-bed\/"]}]},{"@type":"BreadcrumbList","@id":"https:\/\/www.fleurette-florium.fr\/en\/magister-range-low-profile-with-drop-down-bed\/#breadcrumb","itemListElement":[{"@type":"ListItem","position":1,"name":"","item":"https:\/\/www.fleurette-florium.fr\/en\/sample-page-2\/"},{"@type":"ListItem","position":2,"name":"Magister range &#8211; Low profile with drop down bed"}]},{"@type":"WebSite","@id":"https:\/\/www.fleurette-florium.fr\/#website","url":"https:\/\/www.fleurette-florium.fr\/","name":"Fleurette Florium","description":"","publisher":{"@id":"https:\/\/www.fleurette-florium.fr\/#organization"},"potentialAction":[{"@type":"SearchAction","target":{"@type":"EntryPoint","urlTemplate":"https:\/\/www.fleurette-florium.fr\/?s={search_term_string}"},"query-input":{"@type":"PropertyValueSpecification","valueRequired":true,"valueName":"search_term_string"}}],"inLanguage":"en-US"},{"@type":"Organization","@id":"https:\/\/www.fleurette-florium.fr\/#organization","name":"Fleurette Florium","url":"https:\/\/www.fleurette-florium.fr\/","logo":{"@type":"ImageObject","inLanguage":"en-US","@id":"https:\/\/www.fleurette-florium.fr\/#\/schema\/logo\/image\/","url":"https:\/\/www.fleurette-florium.fr\/wp-content\/uploads\/2021\/07\/logo-fleurette-florium-scaled.png","contentUrl":"https:\/\/www.fleurette-florium.fr\/wp-content\/uploads\/2021\/07\/logo-fleurette-florium-scaled.png","width":2560,"height":830,"caption":"Fleurette Florium"},"image":{"@id":"https:\/\/www.fleurette-florium.fr\/#\/schema\/logo\/image\/"}}]}},"_links":{"self":[{"href":"https:\/\/www.fleurette-florium.fr\/en\/wp-json\/wp\/v2\/pages\/14579","targetHints":{"allow":["GET"]}}],"collection":[{"href":"https:\/\/www.fleurette-florium.fr\/en\/wp-json\/wp\/v2\/pages"}],"about":[{"href":"https:\/\/www.fleurette-florium.fr\/en\/wp-json\/wp\/v2\/types\/page"}],"author":[{"embeddable":true,"href":"https:\/\/www.fleurette-florium.fr\/en\/wp-json\/wp\/v2\/users\/4"}],"replies":[{"embeddable":true,"href":"https:\/\/www.fleurette-florium.fr\/en\/wp-json\/wp\/v2\/comments?post=14579"}],"version-history":[{"count":43,"href":"https:\/\/www.fleurette-florium.fr\/en\/wp-json\/wp\/v2\/pages\/14579\/revisions"}],"predecessor-version":[{"id":32418,"href":"https:\/\/www.fleurette-florium.fr\/en\/wp-json\/wp\/v2\/pages\/14579\/revisions\/32418"}],"wp:attachment":[{"href":"https:\/\/www.fleurette-florium.fr\/en\/wp-json\/wp\/v2\/media?parent=14579"}],"curies":[{"name":"wp","href":"https:\/\/api.w.org\/{rel}","templated":true}]}}