{"id":4973,"date":"2018-08-07T13:53:22","date_gmt":"2018-08-07T12:53:22","guid":{"rendered":"https:\/\/florium.fr\/wer-sind-wir\/"},"modified":"2018-08-14T15:35:14","modified_gmt":"2018-08-14T14:35:14","slug":"entdecken-sie-das-werk-von-fleurette-constructeur","status":"publish","type":"page","link":"https:\/\/www.fleurette-florium.fr\/de\/entdecken-sie-das-werk-von-fleurette-constructeur\/","title":{"rendered":"Entdecken Sie das Werk von Fleurette Constructeur"},"content":{"rendered":"<div class=\"wpb-content-wrapper\"><p>[vc_row full_width=&nbsp;&raquo;&nbsp;&raquo; parallax=&nbsp;&raquo;&nbsp;&raquo; parallax_image=&nbsp;&raquo;&nbsp;&raquo;][vc_column width=&nbsp;&raquo;1\/6&Prime;][\/vc_column][vc_column width=&nbsp;&raquo;2\/3&Prime;][vc_column_text]<\/p>\n<h1 style=\"text-align: center;\"><span style=\"color: #c7081b;\">IN 2018, THE FLEURETTE<br \/>\nCONSTRUCTEUR FACTORY EXPANDED<span class=\"Apple-converted-space\"><br \/>\n<\/span><\/span>TO INCLUDE THE MANUFACTURE OF<br \/>\n<strong>MOTORHOMES<\/strong> AND <strong>CAMPERVANS<\/strong><\/h1>\n<p>[\/vc_column_text][vc_empty_space height=&nbsp;&raquo;16&Prime;][\/vc_column][vc_column width=&nbsp;&raquo;1\/6&Prime;][\/vc_column][\/vc_row][vc_row css=&nbsp;&raquo;.vc_custom_1533634144867{padding-top: 100px !important;padding-bottom: 100px !important;background-color: rgba(239,228,207,0.5) !important;*background-color: rgb(239,228,207) !important;}&nbsp;&raquo; full_width=&nbsp;&raquo;stretch_row&nbsp;&raquo;][vc_column width=&nbsp;&raquo;1\/12&Prime;][\/vc_column][vc_column width=&nbsp;&raquo;5\/12&Prime;][vc_column_text]In Benet in der Fabrik von Fleurette Constructeur ist eine neue Produktionseinheit entstanden. Das Unternehmen hat in ein neues, hochmodernes Geb\u00e4ude mit einer Fl\u00e4che von insgesamt 6000\u00a0m2 investiert, das der Fertigung von Vans gewidmet ist. Es verf\u00fcgt \u00fcber eine integrierte Kunsttischlerei und ein integriertes Materiallager und erg\u00e4nzt die aktuelle Fl\u00e4che von 12.000\u00a0m2 f\u00fcr die Fertigung der <strong>REISEMOBILE.\u00a0<\/strong><\/p>\n<p>Ein neuer strategischer Schritt f\u00fcr FLEURETTE CONSTRUCTEUR, der mit einer Investition von 6\u00a0Millionen Euro in die Vergr\u00f6\u00dferung der Fabrik verbunden ist. Die zwei neuen Montagelinien erm\u00f6glichen auch in Zukunft die Produktion der Westfalia Vans sowie der Modelle Stylevan Emotion auf Volkswagen T6.<\/p>\n<p>Angesichts des technologischen Wachstums m\u00fcssen wir unsere Produktionsmethoden industrialisieren und dabei gleichzeitig unsere Werte und unser charakteristisches, auf Handarbeit basierendes Know-how f\u00fcr die Zukunft sichern.[\/vc_column_text][\/vc_column][vc_column width=&nbsp;&raquo;5\/12&Prime;][vc_single_image image=&nbsp;&raquo;5005&Prime; border_color=&nbsp;&raquo;white&nbsp;&raquo; img_link_large=&nbsp;&raquo;&nbsp;&raquo; img_link_target=&nbsp;&raquo;_self&nbsp;&raquo; img_size=&nbsp;&raquo;500&#215;100&Prime; style=&nbsp;&raquo;vc_box_outline&nbsp;&raquo;][vc_single_image image=&nbsp;&raquo;5053&Prime; border_color=&nbsp;&raquo;white&nbsp;&raquo; img_link_large=&nbsp;&raquo;&nbsp;&raquo; img_link_target=&nbsp;&raquo;_self&nbsp;&raquo; img_size=&nbsp;&raquo;500&#215;300&Prime; style=&nbsp;&raquo;vc_box_outline&nbsp;&raquo; css=&nbsp;&raquo;.vc_custom_1533723834916{margin-top: -30px !important;}&nbsp;&raquo;][\/vc_column][vc_column width=&nbsp;&raquo;1\/12&Prime;][\/vc_column][\/vc_row][vc_row full_width=&nbsp;&raquo;&nbsp;&raquo; parallax=&nbsp;&raquo;&nbsp;&raquo; parallax_image=&nbsp;&raquo;&nbsp;&raquo;][vc_column width=&nbsp;&raquo;1\/12&Prime;][\/vc_column][vc_column width=&nbsp;&raquo;5\/6&Prime;][vc_empty_space height=&nbsp;&raquo;40px&nbsp;&raquo;][vc_column_text]<\/p>\n<h2 style=\"text-align: center;\"><span style=\"color: #c7081b;\">BEW\u00c4HRTE TECHNISCHE ST\u00c4RKE UND<\/span>\u00a0<span style=\"color: #c7081b;\">HERSTELLUNG<br \/>\n<span style=\"color: #333333;\">\u201eMADE IN FRANCE\u201c,\u00a0<\/span><\/span><span style=\"color: #333333;\">U<\/span>M UNSEREN KUNDEN DIE BESTEN<br \/>\nREISEMOBILE UND VANS ZU BIETEN.<\/h2>\n<p>[\/vc_column_text][\/vc_column][vc_column width=&nbsp;&raquo;1\/12&Prime;][\/vc_column][\/vc_row][vc_row full_width=&nbsp;&raquo;stretch_row&nbsp;&raquo; css=&nbsp;&raquo;.vc_custom_1533564839358{padding-top: 60px !important;padding-bottom: 60px !important;}&nbsp;&raquo;][vc_column width=&nbsp;&raquo;1\/12&Prime;][\/vc_column][vc_column width=&nbsp;&raquo;5\/12&Prime;][vc_column_text]Auch wenn unser Know-how im Bereich der Kunsttischlerei immer das Herzst\u00fcck unserer Produktion bleiben wird, wird Produktionsanlagen ein gr\u00f6\u00dferer Platz einger\u00e4umt, insbesondere der maschinellen Fertigung von Holzplatten.<span class=\"Apple-converted-space\">\u00a0<\/span>[\/vc_column_text][\/vc_column][vc_column width=&nbsp;&raquo;5\/12&Prime;][vc_column_text]Wir m\u00f6chten auch in Zukunft die Kontrolle \u00fcber alle Herstellungsschritte behalten und setzen auf Produktion \u201eMade in France\u201c: vom Entwurf \u00fcber die Fertigung jedes Polyester- oder Holzelements bis zur Montage.\u00a0Wir m\u00f6chten auch in Zukunft die Kontrolle \u00fcber alle Herstellungsschritte behalten und setzen auf Produktion \u201eMade in France\u201c: vom Entwurf \u00fcber die Fertigung jedes Polyester- oder Holzelements bis zur Montage.[\/vc_column_text][\/vc_column][vc_column width=&nbsp;&raquo;1\/12&Prime;][\/vc_column][\/vc_row][vc_row full_width=&nbsp;&raquo;stretch_row&nbsp;&raquo; css=&nbsp;&raquo;.vc_custom_1533634204261{padding-top: 100px !important;padding-bottom: 100px !important;background-color: rgba(239,228,207,0.5) !important;*background-color: rgb(239,228,207) !important;}&nbsp;&raquo;][vc_column width=&nbsp;&raquo;1\/4&Prime;][vc_single_image image=&nbsp;&raquo;4978&Prime; style=&nbsp;&raquo;vc_box_outline&nbsp;&raquo; border_color=&nbsp;&raquo;white&nbsp;&raquo; img_link_large=&nbsp;&raquo;&nbsp;&raquo; img_link_target=&nbsp;&raquo;_self&nbsp;&raquo; img_size=&nbsp;&raquo;200X200&Prime;][vc_column_text css=&nbsp;&raquo;.vc_custom_1534256794638{padding-left: 20px !important;}&nbsp;&raquo;]<\/p>\n<h5><strong>ENTWICKLUNG<\/strong><\/h5>\n<p>[\/vc_column_text][vc_column_text]Ein Expertenteam, das die Produkte plant und die technische Konzeption in 3D sowie die Entwicklung sicherstellt, wobei unter anderem ein besonderes Augenmerk auf die Grundrisse des Fahrzeuginnenraums, den Energiefluss, Fenster und T\u00fcren sowie die Zeichnung der Karosserieteile gelegt wird.[\/vc_column_text][\/vc_column][vc_column width=&nbsp;&raquo;1\/4&Prime;][vc_single_image image=&nbsp;&raquo;4980&Prime; style=&nbsp;&raquo;vc_box_outline&nbsp;&raquo; border_color=&nbsp;&raquo;white&nbsp;&raquo; img_link_large=&nbsp;&raquo;&nbsp;&raquo; img_link_target=&nbsp;&raquo;_self&nbsp;&raquo; img_size=&nbsp;&raquo;200X200&Prime;][vc_column_text css=&nbsp;&raquo;.vc_custom_1534256893104{padding-left: 20px !important;}&nbsp;&raquo;]<\/p>\n<h5><strong>KUNSTTISCHLEREI<\/strong><\/h5>\n<p>[\/vc_column_text][vc_column_text]Die Kunsttischlerei z\u00e4hlt zu unseren Priorit\u00e4ten und ist ein wesentlicher Teil der DNA von FLEURETTE CONSTRUCTEUR. Unser Team aus Kunsttischlern bereitet die Fertigung je nach M\u00f6beltypen genau vor, bearbeitet die einzelnen Elemente mit gr\u00f6\u00dfter Sorgfalt und stellt die gew\u00fcnschte Endausf\u00fchrung sowie die Montage der M\u00f6bel sicher.[\/vc_column_text][\/vc_column][vc_column width=&nbsp;&raquo;1\/4&Prime;][vc_single_image image=&nbsp;&raquo;5002&Prime; style=&nbsp;&raquo;vc_box_outline&nbsp;&raquo; border_color=&nbsp;&raquo;white&nbsp;&raquo; img_link_large=&nbsp;&raquo;&nbsp;&raquo; img_link_target=&nbsp;&raquo;_self&nbsp;&raquo; img_size=&nbsp;&raquo;200X200&Prime;][vc_column_text css=&nbsp;&raquo;.vc_custom_1534256908931{padding-left: 20px !important;}&nbsp;&raquo;]<\/p>\n<h5><strong>POLYESTER-WERKSTATT<\/strong><\/h5>\n<p>[\/vc_column_text][vc_column_text]Um das Ziel der l\u00fcckenlosen Kontrolle von Qualit\u00e4t und Materialbeschaffung f\u00fcr unsere Karosserien zu erreichen, haben wir beschlossen, die Polyester-Werkstatt wie im Schiffsbau in unsere Fabrik zu integrieren. Unser Expertenteam wurde f\u00fcr die Anforderungen in Sachen Hygiene und Sicherheit der Norm Atex geschult.<span class=\"Apple-converted-space\">\u00a0<\/span>[\/vc_column_text][\/vc_column][vc_column width=&nbsp;&raquo;1\/4&Prime;][vc_single_image image=&nbsp;&raquo;4918&Prime; alignment=&nbsp;&raquo;&nbsp;&raquo; style=&nbsp;&raquo;vc_box_outline&nbsp;&raquo; border_color=&nbsp;&raquo;white&nbsp;&raquo; img_link_large=&nbsp;&raquo;&nbsp;&raquo; img_link_target=&nbsp;&raquo;_self&nbsp;&raquo; css_animation=&nbsp;&raquo;&nbsp;&raquo; img_size=&nbsp;&raquo;200X200&Prime;][vc_column_text css=&nbsp;&raquo;.vc_custom_1534256936460{padding-left: 40px !important;}&nbsp;&raquo;]<\/p>\n<h5 class=\"p1\" style=\"text-align: left;\"><strong>MONTAGE<\/strong><\/h5>\n<p>[\/vc_column_text][vc_column_text]Dank unseres internen Planungsb\u00fcros konnten wir das Recovery System entwickeln, das vom vom Protect System erg\u00e4nzt wird, um unsere Reisemobile noch widerstandsf\u00e4higer gegen extreme Temperaturen und Witterungseinfl\u00fcsse zu machen.<\/p>\n<p>Die Fabrik verf\u00fcgt \u00fcber zwei Montagelinien f\u00fcr Reisemobile (1 f\u00fcr Vollintegrierte und 1 f\u00fcr Teilintegrierte), im Juli 2018 kamen zwei Montagelinien f\u00fcr die Vans hinzu. Nach der Fertigung wird die Qualit\u00e4t der Fahrzeuge durch strenge Kontrollen sichergestellt.[\/vc_column_text][\/vc_column][\/vc_row][vc_row full_width=&nbsp;&raquo;&nbsp;&raquo; parallax=&nbsp;&raquo;&nbsp;&raquo; parallax_image=&nbsp;&raquo;&nbsp;&raquo; el_id=&nbsp;&raquo;&nbsp;&raquo;][vc_column width=&nbsp;&raquo;1\/12&Prime;][\/vc_column][vc_column width=&nbsp;&raquo;5\/6&Prime;][vc_empty_space height=&nbsp;&raquo;40px&nbsp;&raquo;][vc_column_text]<\/p>\n<h2 style=\"text-align: center;\">\u201eSIE M\u00d6CHTEN MEHR \u00dcBER DIE PRODUKTION IHRES N\u00c4CHSTEN FLORIUM-REISEMOBILS ERFAHREN?<\/h2>\n<h2 style=\"text-align: center;\"><\/h2>\n<p>[\/vc_column_text][vc_column_text]<\/p>\n<h3 class=\"p1\" style=\"text-align: center;\"><span style=\"color: #c7081b;\">NEHMEN SIE AN EINER WERKSBESICHTIGUNG BEI FLEURETTE CONSTRUCTEUR TEIL!<\/span><\/h3>\n<p>[\/vc_column_text][\/vc_column][vc_column width=&nbsp;&raquo;1\/12&Prime;][\/vc_column][\/vc_row][vc_row full_width=&nbsp;&raquo;stretch_row&nbsp;&raquo; parallax=&nbsp;&raquo;&nbsp;&raquo; parallax_image=&nbsp;&raquo;&nbsp;&raquo; css=&nbsp;&raquo;.vc_custom_1533564839358{padding-top: 60px !important;padding-bottom: 60px !important;}&nbsp;&raquo; el_id=&nbsp;&raquo;&nbsp;&raquo;][vc_column width=&nbsp;&raquo;1\/12&Prime;][\/vc_column][vc_column width=&nbsp;&raquo;5\/12&Prime;][vc_column_text]<strong>Sie m\u00f6chten unser Werk besichtigen und unser Know-how entdecken?<\/strong><br \/>\nWenden Sie sich an Ihren Reisemobil-H\u00e4ndler! Er kann den Kontakt zu uns herstellen, um die Besichtigung zu organisieren. Wir freuen uns auf Ihren Besuch![\/vc_column_text][vc_column_text]<strong>Sie kennen keinen Fleurette-H\u00e4ndler?<\/strong><\/p>\n<p>Auf unserer H\u00e4ndler-Seite finden Sie einen Partner in Ihrer N\u00e4he.[\/vc_column_text][vc_btn title=&nbsp;&raquo;EINEN H\u00c4NDLER KONTAKTIEREN&nbsp;&raquo; style=&nbsp;&raquo;custom&nbsp;&raquo; shape=&nbsp;&raquo;square&nbsp;&raquo; color=&nbsp;&raquo;grey&nbsp;&raquo; size=&nbsp;&raquo;md&nbsp;&raquo; align=&nbsp;&raquo;inline&nbsp;&raquo; i_align=&nbsp;&raquo;left&nbsp;&raquo; i_type=&nbsp;&raquo;fontawesome&nbsp;&raquo; i_icon_fontawesome=&nbsp;&raquo;fa fa-adjust&nbsp;&raquo; i_icon_openiconic=&nbsp;&raquo;vc-oi vc-oi-dial&nbsp;&raquo; i_icon_typicons=&nbsp;&raquo;typcn typcn-adjust-brightness&nbsp;&raquo; i_icon_entypo=&nbsp;&raquo;entypo-icon entypo-icon-note&nbsp;&raquo; i_icon_linecons=&nbsp;&raquo;vc_li vc_li-heart&nbsp;&raquo; link=&nbsp;&raquo;url:https%3A%2F%2Fwww.fleurette-florium.fr%2Fde%2Fhandler%2F|title:CONTACT|&nbsp;&raquo; button_block=&nbsp;&raquo;&nbsp;&raquo; add_icon=&nbsp;&raquo;&nbsp;&raquo; i_icon_pixelicons=&nbsp;&raquo;vc_pixel_icon vc_pixel_icon-alert&nbsp;&raquo; custom_background=&nbsp;&raquo;#d7de3b&nbsp;&raquo; custom_text=&nbsp;&raquo;#ffffff&nbsp;&raquo;][\/vc_column][vc_column width=&nbsp;&raquo;5\/12&Prime;][vc_single_image image=&nbsp;&raquo;4999&Prime; border_color=&nbsp;&raquo;grey&nbsp;&raquo; img_link_large=&nbsp;&raquo;&nbsp;&raquo; img_link_target=&nbsp;&raquo;_self&nbsp;&raquo; img_size=&nbsp;&raquo;500X400&Prime; style=&nbsp;&raquo;vc_box_outline&nbsp;&raquo;][\/vc_column][vc_column width=&nbsp;&raquo;1\/12&Prime;][\/vc_column][\/vc_row]<\/p>\n<\/div>","protected":false},"excerpt":{"rendered":"<p>[vc_row full_width=&nbsp;&raquo;&nbsp;&raquo; parallax=&nbsp;&raquo;&nbsp;&raquo; parallax_image=&nbsp;&raquo;&nbsp;&raquo;][vc_column width=&nbsp;&raquo;1\/6&Prime;][\/vc_column][vc_column width=&nbsp;&raquo;2\/3&Prime;][vc_column_text] IN 2018, THE FLEURETTE CONSTRUCTEUR FACTORY EXPANDED TO INCLUDE THE MANUFACTURE OF MOTORHOMES AND CAMPERVANS [\/vc_column_text][vc_empty_space height=&nbsp;&raquo;16&Prime;][\/vc_column][vc_column width=&nbsp;&raquo;1\/6&Prime;][\/vc_column][\/vc_row][vc_row css=&nbsp;&raquo;.vc_custom_1533634144867{padding-top: 100px !important;padding-bottom: 100px !important;background-color: rgba(239,228,207,0.5) !important;*background-color: rgb(239,228,207) !important;}&nbsp;&raquo; full_width=&nbsp;&raquo;stretch_row&nbsp;&raquo;][vc_column width=&nbsp;&raquo;1\/12&Prime;][\/vc_column][vc_column width=&nbsp;&raquo;5\/12&Prime;][vc_column_text]In Benet in der Fabrik von Fleurette Constructeur ist eine neue Produktionseinheit entstanden. Das Unternehmen hat in ein neues, hochmodernes [&hellip;]<\/p>\n","protected":false},"author":4,"featured_media":0,"parent":0,"menu_order":0,"comment_status":"closed","ping_status":"closed","template":"","meta":{"_acf_changed":false,"footnotes":""},"class_list":["post-4973","page","type-page","status-publish","hentry"],"acf":[],"yoast_head":"<!-- This site is optimized with the Yoast SEO plugin v27.5 - https:\/\/yoast.com\/product\/yoast-seo-wordpress\/ -->\n<title>Entdecken Sie das Werk von Fleurette Constructeur - Fleurette Florium<\/title>\n<meta name=\"robots\" content=\"index, follow, max-snippet:-1, max-image-preview:large, max-video-preview:-1\" \/>\n<link rel=\"canonical\" href=\"https:\/\/www.fleurette-florium.fr\/de\/entdecken-sie-das-werk-von-fleurette-constructeur\/\" \/>\n<meta property=\"og:locale\" content=\"de_DE\" \/>\n<meta property=\"og:type\" content=\"article\" \/>\n<meta property=\"og:title\" content=\"Entdecken Sie das Werk von Fleurette Constructeur - Fleurette Florium\" \/>\n<meta property=\"og:description\" content=\"[vc_row full_width=&nbsp;&raquo;&nbsp;&raquo; parallax=&nbsp;&raquo;&nbsp;&raquo; parallax_image=&nbsp;&raquo;&nbsp;&raquo;][vc_column width=&nbsp;&raquo;1\/6&Prime;][\/vc_column][vc_column width=&nbsp;&raquo;2\/3&Prime;][vc_column_text] IN 2018, THE FLEURETTE CONSTRUCTEUR FACTORY EXPANDED TO INCLUDE THE MANUFACTURE OF MOTORHOMES AND CAMPERVANS [\/vc_column_text][vc_empty_space height=&nbsp;&raquo;16&Prime;][\/vc_column][vc_column width=&nbsp;&raquo;1\/6&Prime;][\/vc_column][\/vc_row][vc_row css=&nbsp;&raquo;.vc_custom_1533634144867{padding-top: 100px !important;padding-bottom: 100px !important;background-color: rgba(239,228,207,0.5) !important;*background-color: rgb(239,228,207) !important;}&nbsp;&raquo; full_width=&nbsp;&raquo;stretch_row&nbsp;&raquo;][vc_column width=&nbsp;&raquo;1\/12&Prime;][\/vc_column][vc_column width=&nbsp;&raquo;5\/12&Prime;][vc_column_text]In Benet in der Fabrik von Fleurette Constructeur ist eine neue Produktionseinheit entstanden. Das Unternehmen hat in ein neues, hochmodernes [&hellip;]\" \/>\n<meta property=\"og:url\" content=\"https:\/\/www.fleurette-florium.fr\/de\/entdecken-sie-das-werk-von-fleurette-constructeur\/\" \/>\n<meta property=\"og:site_name\" content=\"Fleurette Florium\" \/>\n<meta property=\"article:modified_time\" content=\"2018-08-14T14:35:14+00:00\" \/>\n<meta name=\"twitter:label1\" content=\"Gesch\u00e4tzte Lesezeit\" \/>\n\t<meta name=\"twitter:data1\" content=\"6 minutes\" \/>\n<script type=\"application\/ld+json\" class=\"yoast-schema-graph\">{\"@context\":\"https:\\\/\\\/schema.org\",\"@graph\":[{\"@type\":\"WebPage\",\"@id\":\"https:\\\/\\\/www.fleurette-florium.fr\\\/de\\\/entdecken-sie-das-werk-von-fleurette-constructeur\\\/\",\"url\":\"https:\\\/\\\/www.fleurette-florium.fr\\\/de\\\/entdecken-sie-das-werk-von-fleurette-constructeur\\\/\",\"name\":\"Entdecken Sie das Werk von Fleurette Constructeur - Fleurette Florium\",\"isPartOf\":{\"@id\":\"https:\\\/\\\/www.fleurette-florium.fr\\\/#website\"},\"datePublished\":\"2018-08-07T12:53:22+00:00\",\"dateModified\":\"2018-08-14T14:35:14+00:00\",\"breadcrumb\":{\"@id\":\"https:\\\/\\\/www.fleurette-florium.fr\\\/de\\\/entdecken-sie-das-werk-von-fleurette-constructeur\\\/#breadcrumb\"},\"inLanguage\":\"de-DE\",\"potentialAction\":[{\"@type\":\"ReadAction\",\"target\":[\"https:\\\/\\\/www.fleurette-florium.fr\\\/de\\\/entdecken-sie-das-werk-von-fleurette-constructeur\\\/\"]}]},{\"@type\":\"BreadcrumbList\",\"@id\":\"https:\\\/\\\/www.fleurette-florium.fr\\\/de\\\/entdecken-sie-das-werk-von-fleurette-constructeur\\\/#breadcrumb\",\"itemListElement\":[{\"@type\":\"ListItem\",\"position\":1,\"name\":\"\",\"item\":\"https:\\\/\\\/www.fleurette-florium.fr\\\/de\\\/\"},{\"@type\":\"ListItem\",\"position\":2,\"name\":\"Entdecken Sie das Werk von Fleurette Constructeur\"}]},{\"@type\":\"WebSite\",\"@id\":\"https:\\\/\\\/www.fleurette-florium.fr\\\/#website\",\"url\":\"https:\\\/\\\/www.fleurette-florium.fr\\\/\",\"name\":\"Fleurette Florium\",\"description\":\"\",\"publisher\":{\"@id\":\"https:\\\/\\\/www.fleurette-florium.fr\\\/#organization\"},\"potentialAction\":[{\"@type\":\"SearchAction\",\"target\":{\"@type\":\"EntryPoint\",\"urlTemplate\":\"https:\\\/\\\/www.fleurette-florium.fr\\\/?s={search_term_string}\"},\"query-input\":{\"@type\":\"PropertyValueSpecification\",\"valueRequired\":true,\"valueName\":\"search_term_string\"}}],\"inLanguage\":\"de-DE\"},{\"@type\":\"Organization\",\"@id\":\"https:\\\/\\\/www.fleurette-florium.fr\\\/#organization\",\"name\":\"Fleurette Florium\",\"url\":\"https:\\\/\\\/www.fleurette-florium.fr\\\/\",\"logo\":{\"@type\":\"ImageObject\",\"inLanguage\":\"de-DE\",\"@id\":\"https:\\\/\\\/www.fleurette-florium.fr\\\/#\\\/schema\\\/logo\\\/image\\\/\",\"url\":\"https:\\\/\\\/www.fleurette-florium.fr\\\/wp-content\\\/uploads\\\/2021\\\/07\\\/logo-fleurette-florium-scaled.png\",\"contentUrl\":\"https:\\\/\\\/www.fleurette-florium.fr\\\/wp-content\\\/uploads\\\/2021\\\/07\\\/logo-fleurette-florium-scaled.png\",\"width\":2560,\"height\":830,\"caption\":\"Fleurette Florium\"},\"image\":{\"@id\":\"https:\\\/\\\/www.fleurette-florium.fr\\\/#\\\/schema\\\/logo\\\/image\\\/\"}}]}<\/script>\n<!-- \/ Yoast SEO plugin. -->","yoast_head_json":{"title":"Entdecken Sie das Werk von Fleurette Constructeur - Fleurette Florium","robots":{"index":"index","follow":"follow","max-snippet":"max-snippet:-1","max-image-preview":"max-image-preview:large","max-video-preview":"max-video-preview:-1"},"canonical":"https:\/\/www.fleurette-florium.fr\/de\/entdecken-sie-das-werk-von-fleurette-constructeur\/","og_locale":"de_DE","og_type":"article","og_title":"Entdecken Sie das Werk von Fleurette Constructeur - Fleurette Florium","og_description":"[vc_row full_width=&nbsp;&raquo;&nbsp;&raquo; parallax=&nbsp;&raquo;&nbsp;&raquo; parallax_image=&nbsp;&raquo;&nbsp;&raquo;][vc_column width=&nbsp;&raquo;1\/6&Prime;][\/vc_column][vc_column width=&nbsp;&raquo;2\/3&Prime;][vc_column_text] IN 2018, THE FLEURETTE CONSTRUCTEUR FACTORY EXPANDED TO INCLUDE THE MANUFACTURE OF MOTORHOMES AND CAMPERVANS [\/vc_column_text][vc_empty_space height=&nbsp;&raquo;16&Prime;][\/vc_column][vc_column width=&nbsp;&raquo;1\/6&Prime;][\/vc_column][\/vc_row][vc_row css=&nbsp;&raquo;.vc_custom_1533634144867{padding-top: 100px !important;padding-bottom: 100px !important;background-color: rgba(239,228,207,0.5) !important;*background-color: rgb(239,228,207) !important;}&nbsp;&raquo; full_width=&nbsp;&raquo;stretch_row&nbsp;&raquo;][vc_column width=&nbsp;&raquo;1\/12&Prime;][\/vc_column][vc_column width=&nbsp;&raquo;5\/12&Prime;][vc_column_text]In Benet in der Fabrik von Fleurette Constructeur ist eine neue Produktionseinheit entstanden. Das Unternehmen hat in ein neues, hochmodernes [&hellip;]","og_url":"https:\/\/www.fleurette-florium.fr\/de\/entdecken-sie-das-werk-von-fleurette-constructeur\/","og_site_name":"Fleurette Florium","article_modified_time":"2018-08-14T14:35:14+00:00","twitter_misc":{"Gesch\u00e4tzte Lesezeit":"6 minutes"},"schema":{"@context":"https:\/\/schema.org","@graph":[{"@type":"WebPage","@id":"https:\/\/www.fleurette-florium.fr\/de\/entdecken-sie-das-werk-von-fleurette-constructeur\/","url":"https:\/\/www.fleurette-florium.fr\/de\/entdecken-sie-das-werk-von-fleurette-constructeur\/","name":"Entdecken Sie das Werk von Fleurette Constructeur - Fleurette Florium","isPartOf":{"@id":"https:\/\/www.fleurette-florium.fr\/#website"},"datePublished":"2018-08-07T12:53:22+00:00","dateModified":"2018-08-14T14:35:14+00:00","breadcrumb":{"@id":"https:\/\/www.fleurette-florium.fr\/de\/entdecken-sie-das-werk-von-fleurette-constructeur\/#breadcrumb"},"inLanguage":"de-DE","potentialAction":[{"@type":"ReadAction","target":["https:\/\/www.fleurette-florium.fr\/de\/entdecken-sie-das-werk-von-fleurette-constructeur\/"]}]},{"@type":"BreadcrumbList","@id":"https:\/\/www.fleurette-florium.fr\/de\/entdecken-sie-das-werk-von-fleurette-constructeur\/#breadcrumb","itemListElement":[{"@type":"ListItem","position":1,"name":"","item":"https:\/\/www.fleurette-florium.fr\/de\/"},{"@type":"ListItem","position":2,"name":"Entdecken Sie das Werk von Fleurette Constructeur"}]},{"@type":"WebSite","@id":"https:\/\/www.fleurette-florium.fr\/#website","url":"https:\/\/www.fleurette-florium.fr\/","name":"Fleurette Florium","description":"","publisher":{"@id":"https:\/\/www.fleurette-florium.fr\/#organization"},"potentialAction":[{"@type":"SearchAction","target":{"@type":"EntryPoint","urlTemplate":"https:\/\/www.fleurette-florium.fr\/?s={search_term_string}"},"query-input":{"@type":"PropertyValueSpecification","valueRequired":true,"valueName":"search_term_string"}}],"inLanguage":"de-DE"},{"@type":"Organization","@id":"https:\/\/www.fleurette-florium.fr\/#organization","name":"Fleurette Florium","url":"https:\/\/www.fleurette-florium.fr\/","logo":{"@type":"ImageObject","inLanguage":"de-DE","@id":"https:\/\/www.fleurette-florium.fr\/#\/schema\/logo\/image\/","url":"https:\/\/www.fleurette-florium.fr\/wp-content\/uploads\/2021\/07\/logo-fleurette-florium-scaled.png","contentUrl":"https:\/\/www.fleurette-florium.fr\/wp-content\/uploads\/2021\/07\/logo-fleurette-florium-scaled.png","width":2560,"height":830,"caption":"Fleurette Florium"},"image":{"@id":"https:\/\/www.fleurette-florium.fr\/#\/schema\/logo\/image\/"}}]}},"_links":{"self":[{"href":"https:\/\/www.fleurette-florium.fr\/de\/wp-json\/wp\/v2\/pages\/4973","targetHints":{"allow":["GET"]}}],"collection":[{"href":"https:\/\/www.fleurette-florium.fr\/de\/wp-json\/wp\/v2\/pages"}],"about":[{"href":"https:\/\/www.fleurette-florium.fr\/de\/wp-json\/wp\/v2\/types\/page"}],"author":[{"embeddable":true,"href":"https:\/\/www.fleurette-florium.fr\/de\/wp-json\/wp\/v2\/users\/4"}],"replies":[{"embeddable":true,"href":"https:\/\/www.fleurette-florium.fr\/de\/wp-json\/wp\/v2\/comments?post=4973"}],"version-history":[{"count":5,"href":"https:\/\/www.fleurette-florium.fr\/de\/wp-json\/wp\/v2\/pages\/4973\/revisions"}],"predecessor-version":[{"id":5122,"href":"https:\/\/www.fleurette-florium.fr\/de\/wp-json\/wp\/v2\/pages\/4973\/revisions\/5122"}],"wp:attachment":[{"href":"https:\/\/www.fleurette-florium.fr\/de\/wp-json\/wp\/v2\/media?parent=4973"}],"curies":[{"name":"wp","href":"https:\/\/api.w.org\/{rel}","templated":true}]}}