{"id":26562,"date":"2024-07-23T11:34:55","date_gmt":"2024-07-23T10:34:55","guid":{"rendered":"https:\/\/www.fleurette-florium.fr\/?page_id=26562"},"modified":"2025-08-28T14:17:40","modified_gmt":"2025-08-28T13:17:40","slug":"modellreihe-elister-ultrageraeumige-wohnmobil-mercedes","status":"publish","type":"page","link":"https:\/\/www.fleurette-florium.fr\/de\/modellreihe-elister-ultrageraeumige-wohnmobil-mercedes\/","title":{"rendered":"Modellreihe Elister &#8211; Ultra-ger\u00e4umigen Wohnmobile"},"content":{"rendered":"<div class=\"wpb-content-wrapper\"><p>[vc_row][vc_column][rev_slider_vc alias=&nbsp;&raquo;gamme_elister-1&Prime;][\/vc_column][\/vc_row][vc_row][vc_column width=&nbsp;&raquo;2\/3&Prime;][vc_column_text css=&nbsp;&raquo;&nbsp;&raquo; el_class=&nbsp;&raquo;contenu_lisible&nbsp;&raquo;]<\/p>\n<h1 class=\"p1\">Fleurette Elister &#8211; das ultra-ger\u00e4umige Wohnmobil<\/h1>\n<p>[\/vc_column_text][vc_video link=&nbsp;&raquo;https:\/\/youtu.be\/tgWzpR8ArXA&nbsp;&raquo; css=&nbsp;&raquo;&nbsp;&raquo;][vc_column_text css=&nbsp;&raquo;&nbsp;&raquo; el_class=&nbsp;&raquo;contenu_lisible&nbsp;&raquo;]<\/p>\n<h1 class=\"p1\">Modellreihe Elister &#8211; das ultra-ger\u00e4umige Wohnmobil<\/h1>\n<p>Genie\u00dfen Sie hochwertige Fertigungstechnologie mit der Handschrift von FLEURETTE CONSTRUCTEUR: eine Karosserie aus 100% Polyester und ein Recovery System f\u00fcr eine au\u00dfergew\u00f6hnliche Haltbarkeit. Mit seinem lichtdurchfluteten Innenraum, cleverem Mobiliar und durchdachten Ausstattungen ist der Elister darauf ausgelegt, Ihren Komfort an Bord und Ihr Vergn\u00fcgen zu maximieren.<\/p>\n<h3>Lassen Sie sich von den Sternen zu unvergesslichen Reisen f\u00fchren.<\/h3>\n<p class=\"p1\">Entdecken Sie die neue Elister-Reisemobilreihe, die den High-End-Komfort f\u00fcr Reisende auf der Suche nach Modernit\u00e4t neu definiert. Das einzigartige Erlebnis des Elister vereint gro\u00dfz\u00fcgigen Wohnraum mit der Fahrfreundlichkeit eines Teilintegrierten und der fortschrittlichen Automobiltechnologie von Mercedes. Ultra-erweitert und ultra-vernetzt bietet unser Reisemobil die ultimative Kundenerfahrung. Qualit\u00e4t im Design, maximale Sicherheit durch modernste Bordtechnologien und ein dynamisches, anspruchsvolles Design pr\u00e4gen jedes Detail dieses Fahrzeugs. In Kombination mit der legend\u00e4ren Zuverl\u00e4ssigkeit von Mercedes bietet unser Reisemobil eine unvergleichliche Reisefreiheit.<\/p>\n<p>[\/vc_column_text][\/vc_column][vc_column width=&nbsp;&raquo;1\/3&Prime;][vc_column_text css=&nbsp;&raquo;&nbsp;&raquo; el_class=&nbsp;&raquo;liste_check_rouge florium&nbsp;&raquo;]<\/p>\n<h3>UNSERE HIGHLIGHTS<\/h3>\n<ul>\n<li>Exklusives Tr\u00e4gerfahrzeug Mercedes Sprinter<\/li>\n<li>Ultravernetzte Kabine, Unterstu\u0308tzung und Sicherheit an Bord<\/li>\n<li>Zwei Layouts zur Auswahl: Zimmer mit Queensbett (Kingsize-Version) oder Einzelbetten<\/li>\n<li>Gro\u00dfartiges Raumgefu\u0308hl, hoher Inneraum- Komfort<\/li>\n<li>Warmer und sehr heller Innenraumstil<\/li>\n<li>Elektrisches Hubbett fu\u0308r 2 Personen mit Panoramafenster<\/li>\n<li>Tiefe Ku\u0308chenschubladen, mit Anzeige fu\u0308r die Tu\u0308rverriegelung<\/li>\n<li>Gro\u00dfer Kompressionsku\u0308hlschrank mit Gefrierfach<\/li>\n<li>Dusche mit hoher Kopffreiheit (1,95 m)<\/li>\n<li>Elektrische Einstiegsstufe<\/li>\n<li>Sitz in Fahrtrichtung (Isofix)<\/li>\n<li>XXL-Garage mit 2-tu\u0308rigem Zugang, elektrisch h\u00f6henverstellbar<\/li>\n<li>Au\u00dfendusche und elektrischer Abfluss des Abwassers<\/li>\n<li>Solarmodul 150W \/ Lithium-Batterie 100 Ah serienm\u00e4\u00dfig<\/li>\n<li>Sternengekr\u00f6ntes Innen- und Au\u00dfendesign<\/li>\n<\/ul>\n<p>[\/vc_column_text][\/vc_column][\/vc_row][vc_row][vc_column][vc_row_inner][vc_column_inner width=&nbsp;&raquo;1\/4&Prime;][vc_column_text css=&nbsp;&raquo;&nbsp;&raquo;]<\/p>\n<h3><strong>+ LEISTUNG<\/strong><\/h3>\n<p>[\/vc_column_text][\/vc_column_inner][vc_column_inner width=&nbsp;&raquo;1\/2&Prime;][vc_column_text css=&nbsp;&raquo;&nbsp;&raquo;]<\/p>\n<div class=\"page\" title=\"Page 9\">\n<div class=\"section\">\n<div class=\"layoutArea\">\n<div class=\"column\">\n<ul>\n<li>4-Zylinder 2,2-Liter-Dieselmotor, serienm\u00e4\u00dfig mit 150 PS (110 kW).<\/li>\n<li>Vorderradantrieb f\u00fcr zuverl\u00e4ssige Leistung bei Steigungen und auf schwierigen Stra\u00dfen.<\/li>\n<li>Verbreiterte Hinterachse mit Komfortst\u00fctzen<\/li>\n<li>Multifunktionslenkrad mit adaptivem Tempomat und Geschwindigkeitsbegrenzer<\/li>\n<li>16-Zoll-Aluminiumfelgen mit Ganzjahresreifen<\/li>\n<\/ul>\n<\/div>\n<\/div>\n<\/div>\n<\/div>\n<p>[\/vc_column_text][\/vc_column_inner][vc_column_inner width=&nbsp;&raquo;1\/4&Prime;][vc_single_image image=&nbsp;&raquo;28399&Prime; img_size=&nbsp;&raquo;medium&nbsp;&raquo; css=&nbsp;&raquo;&nbsp;&raquo;][\/vc_column_inner][\/vc_row_inner][vc_row_inner][vc_column_inner width=&nbsp;&raquo;1\/4&Prime;][vc_column_text css=&nbsp;&raquo;&nbsp;&raquo;]<\/p>\n<h3><strong>+ SICHERHEIT<\/strong><\/h3>\n<p>[\/vc_column_text][\/vc_column_inner][vc_column_inner width=&nbsp;&raquo;1\/2&Prime;][vc_column_text css=&nbsp;&raquo;&nbsp;&raquo;]<\/p>\n<div class=\"page\" title=\"Page 9\">\n<div class=\"section\">\n<div class=\"layoutArea\">\n<div class=\"column\">\n<ul>\n<li>Elektrische Parkbremse<\/li>\n<li>ESP inklusive, um die Stabilit\u00e4t zu verbessern<br \/>\nund Schleudergefahr zu verringern.<\/li>\n<li>Notbremsassistent, Antischlupfregelung<\/li>\n<li>Get\u00f6nte Scheiben, Regensensor<\/li>\n<li>Reifendruckkontrolle<\/li>\n<\/ul>\n<\/div>\n<\/div>\n<\/div>\n<\/div>\n<p>[\/vc_column_text][\/vc_column_inner][vc_column_inner width=&nbsp;&raquo;1\/4&Prime;][vc_single_image image=&nbsp;&raquo;28328&Prime; img_size=&nbsp;&raquo;medium&nbsp;&raquo; css=&nbsp;&raquo;&nbsp;&raquo;][\/vc_column_inner][\/vc_row_inner][vc_row_inner][vc_column_inner width=&nbsp;&raquo;1\/4&Prime;][vc_column_text css=&nbsp;&raquo;&nbsp;&raquo;]<\/p>\n<h3><strong>+ TECHNOLOGIE<\/strong><\/h3>\n<p>[\/vc_column_text][\/vc_column_inner][vc_column_inner width=&nbsp;&raquo;1\/2&Prime;][vc_column_text css=&nbsp;&raquo;&nbsp;&raquo;]<\/p>\n<div class=\"page\" title=\"Page 9\">\n<div class=\"section\">\n<div class=\"layoutArea\">\n<div class=\"column\">\n<ul>\n<li>Schl\u00fcsselloses Startsystem &#8211; Keyless-Start<\/li>\n<li>MBUX-System mit 10,25&Prime;-Touchscreen und GPS PL<\/li>\n<li>R\u00fcckfahrkamera<\/li>\n<li>Halbautomatische Klimaanlage Tempmatic<br \/>\nund beheizte Spiegel<\/li>\n<li>Luxus-Paket: 150 oder 170 PS BVA als Option<\/li>\n<\/ul>\n<\/div>\n<\/div>\n<\/div>\n<\/div>\n<p>[\/vc_column_text][vc_empty_space height=&nbsp;&raquo;20px&nbsp;&raquo;][\/vc_column_inner][vc_column_inner width=&nbsp;&raquo;1\/4&Prime;][vc_single_image image=&nbsp;&raquo;28333&Prime; img_size=&nbsp;&raquo;medium&nbsp;&raquo; css=&nbsp;&raquo;&nbsp;&raquo;][\/vc_column_inner][\/vc_row_inner][\/vc_column][\/vc_row][vc_row el_class=&nbsp;&raquo;fullwidth_element margin-top-30 margin-bottom-none&nbsp;&raquo; el_id=&nbsp;&raquo;autres_produits&nbsp;&raquo;][vc_column css=&nbsp;&raquo;.vc_custom_1438272808096{padding-top: 35px !important;padding-right: 100px !important;padding-bottom: 50px !important;padding-left: 100px !important;background-color: #efefee !important;}&nbsp;&raquo;][vc_row_inner][vc_column_inner][vc_column_text css=&nbsp;&raquo;&nbsp;&raquo;]<\/p>\n<h3 class=\"p1\">Entdecken Sie die Fahrzeuge dieser Modellreihe <strong>Fleurette Elister<\/strong><br \/>\n<strong>Erleben Sie den Mercedes-Benz Sprinter<\/strong><\/h3>\n<p>[\/vc_column_text][\/vc_column_inner][\/vc_row_inner][vc_row_inner][vc_column_inner width=&nbsp;&raquo;1\/4&Prime;][vc_single_image image=&nbsp;&raquo;28644&Prime; img_size=&nbsp;&raquo;260&#215;260&Prime; onclick=&nbsp;&raquo;custom_link&nbsp;&raquo; css=&nbsp;&raquo;&nbsp;&raquo; link=&nbsp;&raquo;https:\/\/www.fleurette-florium.fr\/de\/listings\/elister-73-lmf\/&nbsp;&raquo;][\/vc_column_inner][vc_column_inner width=&nbsp;&raquo;1\/4&Prime;][vc_single_image image=&nbsp;&raquo;28668&Prime; img_size=&nbsp;&raquo;260&#215;260&Prime; alignment=&nbsp;&raquo;center&nbsp;&raquo; onclick=&nbsp;&raquo;custom_link&nbsp;&raquo; css=&nbsp;&raquo;&nbsp;&raquo; link=&nbsp;&raquo;https:\/\/www.fleurette-florium.fr\/de\/listings\/elister-73-ljf\/&nbsp;&raquo;][\/vc_column_inner][\/vc_row_inner][\/vc_column][\/vc_row]<\/p>\n<\/div>","protected":false},"excerpt":{"rendered":"<p>[vc_row][vc_column][rev_slider_vc alias=&nbsp;&raquo;gamme_elister-1&Prime;][\/vc_column][\/vc_row][vc_row][vc_column width=&nbsp;&raquo;2\/3&Prime;][vc_column_text css=&nbsp;&raquo;&nbsp;&raquo; el_class=&nbsp;&raquo;contenu_lisible&nbsp;&raquo;] Fleurette Elister &#8211; das ultra-ger\u00e4umige Wohnmobil [\/vc_column_text][vc_video link=&nbsp;&raquo;https:\/\/youtu.be\/tgWzpR8ArXA&nbsp;&raquo; css=&nbsp;&raquo;&nbsp;&raquo;][vc_column_text css=&nbsp;&raquo;&nbsp;&raquo; el_class=&nbsp;&raquo;contenu_lisible&nbsp;&raquo;] Modellreihe Elister &#8211; das ultra-ger\u00e4umige Wohnmobil Genie\u00dfen Sie hochwertige Fertigungstechnologie mit der Handschrift von FLEURETTE CONSTRUCTEUR: eine Karosserie aus 100% Polyester und ein Recovery System f\u00fcr eine au\u00dfergew\u00f6hnliche Haltbarkeit. Mit seinem lichtdurchfluteten Innenraum, cleverem Mobiliar und durchdachten Ausstattungen ist [&hellip;]<\/p>\n","protected":false},"author":4,"featured_media":27798,"parent":0,"menu_order":0,"comment_status":"closed","ping_status":"closed","template":"","meta":{"_acf_changed":false,"footnotes":""},"class_list":["post-26562","page","type-page","status-publish","has-post-thumbnail","hentry"],"acf":[],"yoast_head":"<!-- This site is optimized with the Yoast SEO plugin v26.6 - https:\/\/yoast.com\/wordpress\/plugins\/seo\/ -->\n<title>Modellreihe Elister - Ultra-ger\u00e4umigen Wohnmobile - Fleurette Florium<\/title>\n<meta name=\"robots\" content=\"index, follow, max-snippet:-1, max-image-preview:large, max-video-preview:-1\" \/>\n<link rel=\"canonical\" href=\"https:\/\/www.fleurette-florium.fr\/de\/modellreihe-elister-ultrageraeumige-wohnmobil-mercedes\/\" \/>\n<meta property=\"og:locale\" content=\"de_DE\" \/>\n<meta property=\"og:type\" content=\"article\" \/>\n<meta property=\"og:title\" content=\"Modellreihe Elister - Ultra-ger\u00e4umigen Wohnmobile - Fleurette Florium\" \/>\n<meta property=\"og:description\" content=\"[vc_row][vc_column][rev_slider_vc alias=&nbsp;&raquo;gamme_elister-1&Prime;][\/vc_column][\/vc_row][vc_row][vc_column width=&nbsp;&raquo;2\/3&Prime;][vc_column_text css=&nbsp;&raquo;&nbsp;&raquo; el_class=&nbsp;&raquo;contenu_lisible&nbsp;&raquo;] Fleurette Elister &#8211; das ultra-ger\u00e4umige Wohnmobil [\/vc_column_text][vc_video link=&nbsp;&raquo;https:\/\/youtu.be\/tgWzpR8ArXA&nbsp;&raquo; css=&nbsp;&raquo;&nbsp;&raquo;][vc_column_text css=&nbsp;&raquo;&nbsp;&raquo; el_class=&nbsp;&raquo;contenu_lisible&nbsp;&raquo;] Modellreihe Elister &#8211; das ultra-ger\u00e4umige Wohnmobil Genie\u00dfen Sie hochwertige Fertigungstechnologie mit der Handschrift von FLEURETTE CONSTRUCTEUR: eine Karosserie aus 100% Polyester und ein Recovery System f\u00fcr eine au\u00dfergew\u00f6hnliche Haltbarkeit. Mit seinem lichtdurchfluteten Innenraum, cleverem Mobiliar und durchdachten Ausstattungen ist [&hellip;]\" \/>\n<meta property=\"og:url\" content=\"https:\/\/www.fleurette-florium.fr\/de\/modellreihe-elister-ultrageraeumige-wohnmobil-mercedes\/\" \/>\n<meta property=\"og:site_name\" content=\"Fleurette Florium\" \/>\n<meta property=\"article:modified_time\" content=\"2025-08-28T13:17:40+00:00\" \/>\n<meta property=\"og:image\" content=\"https:\/\/www.fleurette-florium.fr\/wp-content\/uploads\/2024\/08\/FLEURETTE_ELISTER1020FLEURETTE_1ere_SESSION.png\" \/>\n\t<meta property=\"og:image:width\" content=\"1280\" \/>\n\t<meta property=\"og:image:height\" content=\"968\" \/>\n\t<meta property=\"og:image:type\" content=\"image\/png\" \/>\n<meta name=\"twitter:label1\" content=\"Gesch\u00e4tzte Lesezeit\" \/>\n\t<meta name=\"twitter:data1\" content=\"4 minutes\" \/>\n<script type=\"application\/ld+json\" class=\"yoast-schema-graph\">{\"@context\":\"https:\/\/schema.org\",\"@graph\":[{\"@type\":\"WebPage\",\"@id\":\"https:\/\/www.fleurette-florium.fr\/de\/modellreihe-elister-ultrageraeumige-wohnmobil-mercedes\/\",\"url\":\"https:\/\/www.fleurette-florium.fr\/de\/modellreihe-elister-ultrageraeumige-wohnmobil-mercedes\/\",\"name\":\"Modellreihe Elister - Ultra-ger\u00e4umigen Wohnmobile - Fleurette Florium\",\"isPartOf\":{\"@id\":\"https:\/\/www.fleurette-florium.fr\/#website\"},\"primaryImageOfPage\":{\"@id\":\"https:\/\/www.fleurette-florium.fr\/de\/modellreihe-elister-ultrageraeumige-wohnmobil-mercedes\/#primaryimage\"},\"image\":{\"@id\":\"https:\/\/www.fleurette-florium.fr\/de\/modellreihe-elister-ultrageraeumige-wohnmobil-mercedes\/#primaryimage\"},\"thumbnailUrl\":\"https:\/\/www.fleurette-florium.fr\/wp-content\/uploads\/2024\/08\/FLEURETTE_ELISTER1020FLEURETTE_1ere_SESSION.png\",\"datePublished\":\"2024-07-23T10:34:55+00:00\",\"dateModified\":\"2025-08-28T13:17:40+00:00\",\"breadcrumb\":{\"@id\":\"https:\/\/www.fleurette-florium.fr\/de\/modellreihe-elister-ultrageraeumige-wohnmobil-mercedes\/#breadcrumb\"},\"inLanguage\":\"de-DE\",\"potentialAction\":[{\"@type\":\"ReadAction\",\"target\":[\"https:\/\/www.fleurette-florium.fr\/de\/modellreihe-elister-ultrageraeumige-wohnmobil-mercedes\/\"]}]},{\"@type\":\"ImageObject\",\"inLanguage\":\"de-DE\",\"@id\":\"https:\/\/www.fleurette-florium.fr\/de\/modellreihe-elister-ultrageraeumige-wohnmobil-mercedes\/#primaryimage\",\"url\":\"https:\/\/www.fleurette-florium.fr\/wp-content\/uploads\/2024\/08\/FLEURETTE_ELISTER1020FLEURETTE_1ere_SESSION.png\",\"contentUrl\":\"https:\/\/www.fleurette-florium.fr\/wp-content\/uploads\/2024\/08\/FLEURETTE_ELISTER1020FLEURETTE_1ere_SESSION.png\",\"width\":1280,\"height\":968},{\"@type\":\"BreadcrumbList\",\"@id\":\"https:\/\/www.fleurette-florium.fr\/de\/modellreihe-elister-ultrageraeumige-wohnmobil-mercedes\/#breadcrumb\",\"itemListElement\":[{\"@type\":\"ListItem\",\"position\":1,\"name\":\"\",\"item\":\"https:\/\/www.fleurette-florium.fr\/de\/\"},{\"@type\":\"ListItem\",\"position\":2,\"name\":\"Modellreihe Elister &#8211; Ultra-ger\u00e4umigen Wohnmobile\"}]},{\"@type\":\"WebSite\",\"@id\":\"https:\/\/www.fleurette-florium.fr\/#website\",\"url\":\"https:\/\/www.fleurette-florium.fr\/\",\"name\":\"Fleurette Florium\",\"description\":\"\",\"publisher\":{\"@id\":\"https:\/\/www.fleurette-florium.fr\/#organization\"},\"potentialAction\":[{\"@type\":\"SearchAction\",\"target\":{\"@type\":\"EntryPoint\",\"urlTemplate\":\"https:\/\/www.fleurette-florium.fr\/?s={search_term_string}\"},\"query-input\":{\"@type\":\"PropertyValueSpecification\",\"valueRequired\":true,\"valueName\":\"search_term_string\"}}],\"inLanguage\":\"de-DE\"},{\"@type\":\"Organization\",\"@id\":\"https:\/\/www.fleurette-florium.fr\/#organization\",\"name\":\"Fleurette Florium\",\"url\":\"https:\/\/www.fleurette-florium.fr\/\",\"logo\":{\"@type\":\"ImageObject\",\"inLanguage\":\"de-DE\",\"@id\":\"https:\/\/www.fleurette-florium.fr\/#\/schema\/logo\/image\/\",\"url\":\"https:\/\/www.fleurette-florium.fr\/wp-content\/uploads\/2021\/07\/logo-fleurette-florium-scaled.png\",\"contentUrl\":\"https:\/\/www.fleurette-florium.fr\/wp-content\/uploads\/2021\/07\/logo-fleurette-florium-scaled.png\",\"width\":2560,\"height\":830,\"caption\":\"Fleurette Florium\"},\"image\":{\"@id\":\"https:\/\/www.fleurette-florium.fr\/#\/schema\/logo\/image\/\"}}]}<\/script>\n<!-- \/ Yoast SEO plugin. -->","yoast_head_json":{"title":"Modellreihe Elister - Ultra-ger\u00e4umigen Wohnmobile - Fleurette Florium","robots":{"index":"index","follow":"follow","max-snippet":"max-snippet:-1","max-image-preview":"max-image-preview:large","max-video-preview":"max-video-preview:-1"},"canonical":"https:\/\/www.fleurette-florium.fr\/de\/modellreihe-elister-ultrageraeumige-wohnmobil-mercedes\/","og_locale":"de_DE","og_type":"article","og_title":"Modellreihe Elister - Ultra-ger\u00e4umigen Wohnmobile - Fleurette Florium","og_description":"[vc_row][vc_column][rev_slider_vc alias=&nbsp;&raquo;gamme_elister-1&Prime;][\/vc_column][\/vc_row][vc_row][vc_column width=&nbsp;&raquo;2\/3&Prime;][vc_column_text css=&nbsp;&raquo;&nbsp;&raquo; el_class=&nbsp;&raquo;contenu_lisible&nbsp;&raquo;] Fleurette Elister &#8211; das ultra-ger\u00e4umige Wohnmobil [\/vc_column_text][vc_video link=&nbsp;&raquo;https:\/\/youtu.be\/tgWzpR8ArXA&nbsp;&raquo; css=&nbsp;&raquo;&nbsp;&raquo;][vc_column_text css=&nbsp;&raquo;&nbsp;&raquo; el_class=&nbsp;&raquo;contenu_lisible&nbsp;&raquo;] Modellreihe Elister &#8211; das ultra-ger\u00e4umige Wohnmobil Genie\u00dfen Sie hochwertige Fertigungstechnologie mit der Handschrift von FLEURETTE CONSTRUCTEUR: eine Karosserie aus 100% Polyester und ein Recovery System f\u00fcr eine au\u00dfergew\u00f6hnliche Haltbarkeit. Mit seinem lichtdurchfluteten Innenraum, cleverem Mobiliar und durchdachten Ausstattungen ist [&hellip;]","og_url":"https:\/\/www.fleurette-florium.fr\/de\/modellreihe-elister-ultrageraeumige-wohnmobil-mercedes\/","og_site_name":"Fleurette Florium","article_modified_time":"2025-08-28T13:17:40+00:00","og_image":[{"width":1280,"height":968,"url":"https:\/\/www.fleurette-florium.fr\/wp-content\/uploads\/2024\/08\/FLEURETTE_ELISTER1020FLEURETTE_1ere_SESSION.png","type":"image\/png"}],"twitter_misc":{"Gesch\u00e4tzte Lesezeit":"4 minutes"},"schema":{"@context":"https:\/\/schema.org","@graph":[{"@type":"WebPage","@id":"https:\/\/www.fleurette-florium.fr\/de\/modellreihe-elister-ultrageraeumige-wohnmobil-mercedes\/","url":"https:\/\/www.fleurette-florium.fr\/de\/modellreihe-elister-ultrageraeumige-wohnmobil-mercedes\/","name":"Modellreihe Elister - Ultra-ger\u00e4umigen Wohnmobile - Fleurette Florium","isPartOf":{"@id":"https:\/\/www.fleurette-florium.fr\/#website"},"primaryImageOfPage":{"@id":"https:\/\/www.fleurette-florium.fr\/de\/modellreihe-elister-ultrageraeumige-wohnmobil-mercedes\/#primaryimage"},"image":{"@id":"https:\/\/www.fleurette-florium.fr\/de\/modellreihe-elister-ultrageraeumige-wohnmobil-mercedes\/#primaryimage"},"thumbnailUrl":"https:\/\/www.fleurette-florium.fr\/wp-content\/uploads\/2024\/08\/FLEURETTE_ELISTER1020FLEURETTE_1ere_SESSION.png","datePublished":"2024-07-23T10:34:55+00:00","dateModified":"2025-08-28T13:17:40+00:00","breadcrumb":{"@id":"https:\/\/www.fleurette-florium.fr\/de\/modellreihe-elister-ultrageraeumige-wohnmobil-mercedes\/#breadcrumb"},"inLanguage":"de-DE","potentialAction":[{"@type":"ReadAction","target":["https:\/\/www.fleurette-florium.fr\/de\/modellreihe-elister-ultrageraeumige-wohnmobil-mercedes\/"]}]},{"@type":"ImageObject","inLanguage":"de-DE","@id":"https:\/\/www.fleurette-florium.fr\/de\/modellreihe-elister-ultrageraeumige-wohnmobil-mercedes\/#primaryimage","url":"https:\/\/www.fleurette-florium.fr\/wp-content\/uploads\/2024\/08\/FLEURETTE_ELISTER1020FLEURETTE_1ere_SESSION.png","contentUrl":"https:\/\/www.fleurette-florium.fr\/wp-content\/uploads\/2024\/08\/FLEURETTE_ELISTER1020FLEURETTE_1ere_SESSION.png","width":1280,"height":968},{"@type":"BreadcrumbList","@id":"https:\/\/www.fleurette-florium.fr\/de\/modellreihe-elister-ultrageraeumige-wohnmobil-mercedes\/#breadcrumb","itemListElement":[{"@type":"ListItem","position":1,"name":"","item":"https:\/\/www.fleurette-florium.fr\/de\/"},{"@type":"ListItem","position":2,"name":"Modellreihe Elister &#8211; Ultra-ger\u00e4umigen Wohnmobile"}]},{"@type":"WebSite","@id":"https:\/\/www.fleurette-florium.fr\/#website","url":"https:\/\/www.fleurette-florium.fr\/","name":"Fleurette Florium","description":"","publisher":{"@id":"https:\/\/www.fleurette-florium.fr\/#organization"},"potentialAction":[{"@type":"SearchAction","target":{"@type":"EntryPoint","urlTemplate":"https:\/\/www.fleurette-florium.fr\/?s={search_term_string}"},"query-input":{"@type":"PropertyValueSpecification","valueRequired":true,"valueName":"search_term_string"}}],"inLanguage":"de-DE"},{"@type":"Organization","@id":"https:\/\/www.fleurette-florium.fr\/#organization","name":"Fleurette Florium","url":"https:\/\/www.fleurette-florium.fr\/","logo":{"@type":"ImageObject","inLanguage":"de-DE","@id":"https:\/\/www.fleurette-florium.fr\/#\/schema\/logo\/image\/","url":"https:\/\/www.fleurette-florium.fr\/wp-content\/uploads\/2021\/07\/logo-fleurette-florium-scaled.png","contentUrl":"https:\/\/www.fleurette-florium.fr\/wp-content\/uploads\/2021\/07\/logo-fleurette-florium-scaled.png","width":2560,"height":830,"caption":"Fleurette Florium"},"image":{"@id":"https:\/\/www.fleurette-florium.fr\/#\/schema\/logo\/image\/"}}]}},"_links":{"self":[{"href":"https:\/\/www.fleurette-florium.fr\/de\/wp-json\/wp\/v2\/pages\/26562","targetHints":{"allow":["GET"]}}],"collection":[{"href":"https:\/\/www.fleurette-florium.fr\/de\/wp-json\/wp\/v2\/pages"}],"about":[{"href":"https:\/\/www.fleurette-florium.fr\/de\/wp-json\/wp\/v2\/types\/page"}],"author":[{"embeddable":true,"href":"https:\/\/www.fleurette-florium.fr\/de\/wp-json\/wp\/v2\/users\/4"}],"replies":[{"embeddable":true,"href":"https:\/\/www.fleurette-florium.fr\/de\/wp-json\/wp\/v2\/comments?post=26562"}],"version-history":[{"count":20,"href":"https:\/\/www.fleurette-florium.fr\/de\/wp-json\/wp\/v2\/pages\/26562\/revisions"}],"predecessor-version":[{"id":31832,"href":"https:\/\/www.fleurette-florium.fr\/de\/wp-json\/wp\/v2\/pages\/26562\/revisions\/31832"}],"wp:featuredmedia":[{"embeddable":true,"href":"https:\/\/www.fleurette-florium.fr\/de\/wp-json\/wp\/v2\/media\/27798"}],"wp:attachment":[{"href":"https:\/\/www.fleurette-florium.fr\/de\/wp-json\/wp\/v2\/media?parent=26562"}],"curies":[{"name":"wp","href":"https:\/\/api.w.org\/{rel}","templated":true}]}}