{"id":2309,"date":"2015-08-21T00:16:47","date_gmt":"2015-08-20T23:16:47","guid":{"rendered":"http:\/\/florium.fr\/de\/notre-savoir-faire-sellerie-design\/"},"modified":"2019-01-14T16:16:14","modified_gmt":"2019-01-14T15:16:14","slug":"unser-know-how-lederausstattung-design","status":"publish","type":"page","link":"https:\/\/www.fleurette-florium.fr\/de\/unser-know-how-lederausstattung-design\/","title":{"rendered":"Unser know-how &#8211; Polster Design"},"content":{"rendered":"<div class=\"wpb-content-wrapper\"><p>[vc_row full_width=&nbsp;&raquo;&nbsp;&raquo; parallax=&nbsp;&raquo;&nbsp;&raquo; parallax_image=&nbsp;&raquo;&nbsp;&raquo;][vc_column width=&nbsp;&raquo;2\/3&Prime;][vc_single_image image=&nbsp;&raquo;4867&Prime; border_color=&nbsp;&raquo;grey&nbsp;&raquo; img_link_large=&nbsp;&raquo;&nbsp;&raquo; img_link_target=&nbsp;&raquo;_self&nbsp;&raquo; img_size=&nbsp;&raquo;full&nbsp;&raquo;][vc_gallery type=&nbsp;&raquo;image_grid&nbsp;&raquo; interval=&nbsp;&raquo;3&Prime; images=&nbsp;&raquo;4897,4896,4900,4901,4902&Prime; onclick=&nbsp;&raquo;link_image&nbsp;&raquo; custom_links_target=&nbsp;&raquo;_self&nbsp;&raquo; img_size=&nbsp;&raquo;150&#215;150&Prime;][\/vc_column][vc_column width=&nbsp;&raquo;1\/3&Prime;][vc_column_text el_class=&nbsp;&raquo;savoirfaire_texte_droite&nbsp;&raquo;]<\/p>\n<h3>28 Varianten zur Auswahl, f\u00fcr Ihren individuellen Wohnstil!<\/h3>\n<ul>\n<li><a href=\"\/?page_id=2250\">Schreinerei<\/a><\/li>\n<li><a href=\"\/?page_id=2296\">Polyester<\/a><\/li>\n<li><a href=\"\/?page_id=2309\">Lederausstattung\u00a0Design<\/a><\/li>\n<li><a href=\"\/?page_id=2301\">Recovery System<\/a><\/li>\n<li><a href=\"\/?page_id=2273\">AL-KO Fahrgestell<\/a><\/li>\n<li><a href=\"\/?page_id=2282\">Alde Heizung<\/a><\/li>\n<li><a href=\"\/?page_id=2265\">Ausr\u00fcstung<\/a><\/li>\n<li><a href=\"\/?page_id=2289\">Pakete und\u00a0Optionen<\/a><\/li>\n<\/ul>\n<p>[\/vc_column_text][\/vc_column][\/vc_row][vc_row full_width=&nbsp;&raquo;&nbsp;&raquo; parallax=&nbsp;&raquo;&nbsp;&raquo; parallax_image=&nbsp;&raquo;&nbsp;&raquo;][vc_column width=&nbsp;&raquo;2\/3&Prime;][vc_column_text el_class=&nbsp;&raquo;savoirfaire_texte_gauche_dessous&nbsp;&raquo;]<\/p>\n<h3 class=\"p1\">F\u00fcr jeden Stil ist etwas dabei<\/h3>\n<p class=\"p1\">Ich w\u00e4hle den Stoff oder leder\u00a0f\u00fcr meine Sitzbank,\u00a0Ich w\u00e4hle den Stoff f\u00fcr meine Kissen,\u00a0und\u00a0Ich gestalte mein pers\u00f6nliches Ambiente.<\/p>\n<p>Das Wohnzimmer steht im Zentrum des Zuhauses. Hier treffen sich Generationen in einem behaglichen, modernen Ambiente, das zu jedem passt.<\/p>\n<p>Was gibt es Sch\u00f6neres, als dieses einzigartige Wohngef\u00fchl, voller Komfort und W\u00e4rme, in Ihrem Wohnmobil mitzunehmen?[\/vc_column_text][\/vc_column][vc_column width=&nbsp;&raquo;1\/3&Prime;][vc_video link=&nbsp;&raquo;https:\/\/www.youtube.com\/watch?v=Qhp2HlU4y-Y&nbsp;&raquo;][\/vc_column][\/vc_row]<\/p>\n<\/div>","protected":false},"excerpt":{"rendered":"<p>[vc_row full_width=&nbsp;&raquo;&nbsp;&raquo; parallax=&nbsp;&raquo;&nbsp;&raquo; parallax_image=&nbsp;&raquo;&nbsp;&raquo;][vc_column width=&nbsp;&raquo;2\/3&Prime;][vc_single_image image=&nbsp;&raquo;4867&Prime; border_color=&nbsp;&raquo;grey&nbsp;&raquo; img_link_large=&nbsp;&raquo;&nbsp;&raquo; img_link_target=&nbsp;&raquo;_self&nbsp;&raquo; img_size=&nbsp;&raquo;full&nbsp;&raquo;][vc_gallery type=&nbsp;&raquo;image_grid&nbsp;&raquo; interval=&nbsp;&raquo;3&Prime; images=&nbsp;&raquo;4897,4896,4900,4901,4902&Prime; onclick=&nbsp;&raquo;link_image&nbsp;&raquo; custom_links_target=&nbsp;&raquo;_self&nbsp;&raquo; img_size=&nbsp;&raquo;150&#215;150&Prime;][\/vc_column][vc_column width=&nbsp;&raquo;1\/3&Prime;][vc_column_text el_class=&nbsp;&raquo;savoirfaire_texte_droite&nbsp;&raquo;] 28 Varianten zur Auswahl, f\u00fcr Ihren individuellen Wohnstil! Schreinerei Polyester Lederausstattung\u00a0Design Recovery System AL-KO Fahrgestell Alde Heizung Ausr\u00fcstung Pakete und\u00a0Optionen [\/vc_column_text][\/vc_column][\/vc_row][vc_row full_width=&nbsp;&raquo;&nbsp;&raquo; parallax=&nbsp;&raquo;&nbsp;&raquo; parallax_image=&nbsp;&raquo;&nbsp;&raquo;][vc_column width=&nbsp;&raquo;2\/3&Prime;][vc_column_text el_class=&nbsp;&raquo;savoirfaire_texte_gauche_dessous&nbsp;&raquo;] F\u00fcr jeden Stil ist etwas dabei Ich w\u00e4hle den Stoff oder [&hellip;]<\/p>\n","protected":false},"author":4,"featured_media":0,"parent":0,"menu_order":1,"comment_status":"closed","ping_status":"closed","template":"","meta":{"_acf_changed":false,"footnotes":""},"class_list":["post-2309","page","type-page","status-publish","hentry"],"acf":[],"yoast_head":"<!-- This site is optimized with the Yoast SEO plugin v27.5 - https:\/\/yoast.com\/product\/yoast-seo-wordpress\/ -->\n<title>Unser know-how - Polster Design - Fleurette Florium<\/title>\n<meta name=\"robots\" content=\"index, follow, max-snippet:-1, max-image-preview:large, max-video-preview:-1\" \/>\n<link rel=\"canonical\" href=\"https:\/\/www.fleurette-florium.fr\/de\/unser-know-how-lederausstattung-design\/\" \/>\n<meta property=\"og:locale\" content=\"de_DE\" \/>\n<meta property=\"og:type\" content=\"article\" \/>\n<meta property=\"og:title\" content=\"Unser know-how - Polster Design - Fleurette Florium\" \/>\n<meta property=\"og:description\" content=\"[vc_row full_width=&nbsp;&raquo;&nbsp;&raquo; parallax=&nbsp;&raquo;&nbsp;&raquo; parallax_image=&nbsp;&raquo;&nbsp;&raquo;][vc_column width=&nbsp;&raquo;2\/3&Prime;][vc_single_image image=&nbsp;&raquo;4867&Prime; border_color=&nbsp;&raquo;grey&nbsp;&raquo; img_link_large=&nbsp;&raquo;&nbsp;&raquo; img_link_target=&nbsp;&raquo;_self&nbsp;&raquo; img_size=&nbsp;&raquo;full&nbsp;&raquo;][vc_gallery type=&nbsp;&raquo;image_grid&nbsp;&raquo; interval=&nbsp;&raquo;3&Prime; images=&nbsp;&raquo;4897,4896,4900,4901,4902&Prime; onclick=&nbsp;&raquo;link_image&nbsp;&raquo; custom_links_target=&nbsp;&raquo;_self&nbsp;&raquo; img_size=&nbsp;&raquo;150&#215;150&Prime;][\/vc_column][vc_column width=&nbsp;&raquo;1\/3&Prime;][vc_column_text el_class=&nbsp;&raquo;savoirfaire_texte_droite&nbsp;&raquo;] 28 Varianten zur Auswahl, f\u00fcr Ihren individuellen Wohnstil! Schreinerei Polyester Lederausstattung\u00a0Design Recovery System AL-KO Fahrgestell Alde Heizung Ausr\u00fcstung Pakete und\u00a0Optionen [\/vc_column_text][\/vc_column][\/vc_row][vc_row full_width=&nbsp;&raquo;&nbsp;&raquo; parallax=&nbsp;&raquo;&nbsp;&raquo; parallax_image=&nbsp;&raquo;&nbsp;&raquo;][vc_column width=&nbsp;&raquo;2\/3&Prime;][vc_column_text el_class=&nbsp;&raquo;savoirfaire_texte_gauche_dessous&nbsp;&raquo;] F\u00fcr jeden Stil ist etwas dabei Ich w\u00e4hle den Stoff oder [&hellip;]\" \/>\n<meta property=\"og:url\" content=\"https:\/\/www.fleurette-florium.fr\/de\/unser-know-how-lederausstattung-design\/\" \/>\n<meta property=\"og:site_name\" content=\"Fleurette Florium\" \/>\n<meta property=\"article:modified_time\" content=\"2019-01-14T15:16:14+00:00\" \/>\n<meta name=\"twitter:label1\" content=\"Gesch\u00e4tzte Lesezeit\" \/>\n\t<meta name=\"twitter:data1\" content=\"1 minute\" \/>\n<script type=\"application\/ld+json\" class=\"yoast-schema-graph\">{\"@context\":\"https:\\\/\\\/schema.org\",\"@graph\":[{\"@type\":\"WebPage\",\"@id\":\"https:\\\/\\\/www.fleurette-florium.fr\\\/de\\\/unser-know-how-lederausstattung-design\\\/\",\"url\":\"https:\\\/\\\/www.fleurette-florium.fr\\\/de\\\/unser-know-how-lederausstattung-design\\\/\",\"name\":\"Unser know-how - Polster Design - Fleurette Florium\",\"isPartOf\":{\"@id\":\"https:\\\/\\\/www.fleurette-florium.fr\\\/#website\"},\"datePublished\":\"2015-08-20T23:16:47+00:00\",\"dateModified\":\"2019-01-14T15:16:14+00:00\",\"breadcrumb\":{\"@id\":\"https:\\\/\\\/www.fleurette-florium.fr\\\/de\\\/unser-know-how-lederausstattung-design\\\/#breadcrumb\"},\"inLanguage\":\"de-DE\",\"potentialAction\":[{\"@type\":\"ReadAction\",\"target\":[\"https:\\\/\\\/www.fleurette-florium.fr\\\/de\\\/unser-know-how-lederausstattung-design\\\/\"]}]},{\"@type\":\"BreadcrumbList\",\"@id\":\"https:\\\/\\\/www.fleurette-florium.fr\\\/de\\\/unser-know-how-lederausstattung-design\\\/#breadcrumb\",\"itemListElement\":[{\"@type\":\"ListItem\",\"position\":1,\"name\":\"\",\"item\":\"https:\\\/\\\/www.fleurette-florium.fr\\\/de\\\/\"},{\"@type\":\"ListItem\",\"position\":2,\"name\":\"Unser know-how &#8211; Polster Design\"}]},{\"@type\":\"WebSite\",\"@id\":\"https:\\\/\\\/www.fleurette-florium.fr\\\/#website\",\"url\":\"https:\\\/\\\/www.fleurette-florium.fr\\\/\",\"name\":\"Fleurette Florium\",\"description\":\"\",\"publisher\":{\"@id\":\"https:\\\/\\\/www.fleurette-florium.fr\\\/#organization\"},\"potentialAction\":[{\"@type\":\"SearchAction\",\"target\":{\"@type\":\"EntryPoint\",\"urlTemplate\":\"https:\\\/\\\/www.fleurette-florium.fr\\\/?s={search_term_string}\"},\"query-input\":{\"@type\":\"PropertyValueSpecification\",\"valueRequired\":true,\"valueName\":\"search_term_string\"}}],\"inLanguage\":\"de-DE\"},{\"@type\":\"Organization\",\"@id\":\"https:\\\/\\\/www.fleurette-florium.fr\\\/#organization\",\"name\":\"Fleurette Florium\",\"url\":\"https:\\\/\\\/www.fleurette-florium.fr\\\/\",\"logo\":{\"@type\":\"ImageObject\",\"inLanguage\":\"de-DE\",\"@id\":\"https:\\\/\\\/www.fleurette-florium.fr\\\/#\\\/schema\\\/logo\\\/image\\\/\",\"url\":\"https:\\\/\\\/www.fleurette-florium.fr\\\/wp-content\\\/uploads\\\/2021\\\/07\\\/logo-fleurette-florium-scaled.png\",\"contentUrl\":\"https:\\\/\\\/www.fleurette-florium.fr\\\/wp-content\\\/uploads\\\/2021\\\/07\\\/logo-fleurette-florium-scaled.png\",\"width\":2560,\"height\":830,\"caption\":\"Fleurette Florium\"},\"image\":{\"@id\":\"https:\\\/\\\/www.fleurette-florium.fr\\\/#\\\/schema\\\/logo\\\/image\\\/\"}}]}<\/script>\n<!-- \/ Yoast SEO plugin. -->","yoast_head_json":{"title":"Unser know-how - Polster Design - Fleurette Florium","robots":{"index":"index","follow":"follow","max-snippet":"max-snippet:-1","max-image-preview":"max-image-preview:large","max-video-preview":"max-video-preview:-1"},"canonical":"https:\/\/www.fleurette-florium.fr\/de\/unser-know-how-lederausstattung-design\/","og_locale":"de_DE","og_type":"article","og_title":"Unser know-how - Polster Design - Fleurette Florium","og_description":"[vc_row full_width=&nbsp;&raquo;&nbsp;&raquo; parallax=&nbsp;&raquo;&nbsp;&raquo; parallax_image=&nbsp;&raquo;&nbsp;&raquo;][vc_column width=&nbsp;&raquo;2\/3&Prime;][vc_single_image image=&nbsp;&raquo;4867&Prime; border_color=&nbsp;&raquo;grey&nbsp;&raquo; img_link_large=&nbsp;&raquo;&nbsp;&raquo; img_link_target=&nbsp;&raquo;_self&nbsp;&raquo; img_size=&nbsp;&raquo;full&nbsp;&raquo;][vc_gallery type=&nbsp;&raquo;image_grid&nbsp;&raquo; interval=&nbsp;&raquo;3&Prime; images=&nbsp;&raquo;4897,4896,4900,4901,4902&Prime; onclick=&nbsp;&raquo;link_image&nbsp;&raquo; custom_links_target=&nbsp;&raquo;_self&nbsp;&raquo; img_size=&nbsp;&raquo;150&#215;150&Prime;][\/vc_column][vc_column width=&nbsp;&raquo;1\/3&Prime;][vc_column_text el_class=&nbsp;&raquo;savoirfaire_texte_droite&nbsp;&raquo;] 28 Varianten zur Auswahl, f\u00fcr Ihren individuellen Wohnstil! Schreinerei Polyester Lederausstattung\u00a0Design Recovery System AL-KO Fahrgestell Alde Heizung Ausr\u00fcstung Pakete und\u00a0Optionen [\/vc_column_text][\/vc_column][\/vc_row][vc_row full_width=&nbsp;&raquo;&nbsp;&raquo; parallax=&nbsp;&raquo;&nbsp;&raquo; parallax_image=&nbsp;&raquo;&nbsp;&raquo;][vc_column width=&nbsp;&raquo;2\/3&Prime;][vc_column_text el_class=&nbsp;&raquo;savoirfaire_texte_gauche_dessous&nbsp;&raquo;] F\u00fcr jeden Stil ist etwas dabei Ich w\u00e4hle den Stoff oder [&hellip;]","og_url":"https:\/\/www.fleurette-florium.fr\/de\/unser-know-how-lederausstattung-design\/","og_site_name":"Fleurette Florium","article_modified_time":"2019-01-14T15:16:14+00:00","twitter_misc":{"Gesch\u00e4tzte Lesezeit":"1 minute"},"schema":{"@context":"https:\/\/schema.org","@graph":[{"@type":"WebPage","@id":"https:\/\/www.fleurette-florium.fr\/de\/unser-know-how-lederausstattung-design\/","url":"https:\/\/www.fleurette-florium.fr\/de\/unser-know-how-lederausstattung-design\/","name":"Unser know-how - Polster Design - Fleurette Florium","isPartOf":{"@id":"https:\/\/www.fleurette-florium.fr\/#website"},"datePublished":"2015-08-20T23:16:47+00:00","dateModified":"2019-01-14T15:16:14+00:00","breadcrumb":{"@id":"https:\/\/www.fleurette-florium.fr\/de\/unser-know-how-lederausstattung-design\/#breadcrumb"},"inLanguage":"de-DE","potentialAction":[{"@type":"ReadAction","target":["https:\/\/www.fleurette-florium.fr\/de\/unser-know-how-lederausstattung-design\/"]}]},{"@type":"BreadcrumbList","@id":"https:\/\/www.fleurette-florium.fr\/de\/unser-know-how-lederausstattung-design\/#breadcrumb","itemListElement":[{"@type":"ListItem","position":1,"name":"","item":"https:\/\/www.fleurette-florium.fr\/de\/"},{"@type":"ListItem","position":2,"name":"Unser know-how &#8211; Polster Design"}]},{"@type":"WebSite","@id":"https:\/\/www.fleurette-florium.fr\/#website","url":"https:\/\/www.fleurette-florium.fr\/","name":"Fleurette Florium","description":"","publisher":{"@id":"https:\/\/www.fleurette-florium.fr\/#organization"},"potentialAction":[{"@type":"SearchAction","target":{"@type":"EntryPoint","urlTemplate":"https:\/\/www.fleurette-florium.fr\/?s={search_term_string}"},"query-input":{"@type":"PropertyValueSpecification","valueRequired":true,"valueName":"search_term_string"}}],"inLanguage":"de-DE"},{"@type":"Organization","@id":"https:\/\/www.fleurette-florium.fr\/#organization","name":"Fleurette Florium","url":"https:\/\/www.fleurette-florium.fr\/","logo":{"@type":"ImageObject","inLanguage":"de-DE","@id":"https:\/\/www.fleurette-florium.fr\/#\/schema\/logo\/image\/","url":"https:\/\/www.fleurette-florium.fr\/wp-content\/uploads\/2021\/07\/logo-fleurette-florium-scaled.png","contentUrl":"https:\/\/www.fleurette-florium.fr\/wp-content\/uploads\/2021\/07\/logo-fleurette-florium-scaled.png","width":2560,"height":830,"caption":"Fleurette Florium"},"image":{"@id":"https:\/\/www.fleurette-florium.fr\/#\/schema\/logo\/image\/"}}]}},"_links":{"self":[{"href":"https:\/\/www.fleurette-florium.fr\/de\/wp-json\/wp\/v2\/pages\/2309","targetHints":{"allow":["GET"]}}],"collection":[{"href":"https:\/\/www.fleurette-florium.fr\/de\/wp-json\/wp\/v2\/pages"}],"about":[{"href":"https:\/\/www.fleurette-florium.fr\/de\/wp-json\/wp\/v2\/types\/page"}],"author":[{"embeddable":true,"href":"https:\/\/www.fleurette-florium.fr\/de\/wp-json\/wp\/v2\/users\/4"}],"replies":[{"embeddable":true,"href":"https:\/\/www.fleurette-florium.fr\/de\/wp-json\/wp\/v2\/comments?post=2309"}],"version-history":[{"count":10,"href":"https:\/\/www.fleurette-florium.fr\/de\/wp-json\/wp\/v2\/pages\/2309\/revisions"}],"predecessor-version":[{"id":5614,"href":"https:\/\/www.fleurette-florium.fr\/de\/wp-json\/wp\/v2\/pages\/2309\/revisions\/5614"}],"wp:attachment":[{"href":"https:\/\/www.fleurette-florium.fr\/de\/wp-json\/wp\/v2\/media?parent=2309"}],"curies":[{"name":"wp","href":"https:\/\/api.w.org\/{rel}","templated":true}]}}