{"id":2301,"date":"2015-08-21T12:25:46","date_gmt":"2015-08-21T11:25:46","guid":{"rendered":"http:\/\/florium.fr\/de\/notre-savoir-faire-recovery-system\/"},"modified":"2019-01-14T16:09:00","modified_gmt":"2019-01-14T15:09:00","slug":"unser-know-how-recovery-system","status":"publish","type":"page","link":"https:\/\/www.fleurette-florium.fr\/de\/unser-know-how-recovery-system\/","title":{"rendered":"Unser know-how &#8211; Recovery System"},"content":{"rendered":"<div class=\"wpb-content-wrapper\"><p>[vc_row full_width=&nbsp;&raquo;&nbsp;&raquo; parallax=&nbsp;&raquo;&nbsp;&raquo; parallax_image=&nbsp;&raquo;&nbsp;&raquo;][vc_column width=&nbsp;&raquo;2\/3&Prime;][vc_single_image image=&nbsp;&raquo;1684&Prime; border_color=&nbsp;&raquo;grey&nbsp;&raquo; img_link_large=&nbsp;&raquo;&nbsp;&raquo; img_link_target=&nbsp;&raquo;_self&nbsp;&raquo; img_size=&nbsp;&raquo;full&nbsp;&raquo;][\/vc_column][vc_column width=&nbsp;&raquo;1\/3&Prime;][vc_column_text el_class=&nbsp;&raquo;savoirfaire_texte_droite&nbsp;&raquo;]<\/p>\n<h3>Leistungsstarkes \u00dcberlappungssystem<\/h3>\n<ul>\n<li><a href=\"\/?page_id=2250\">Schreinerei<\/a><\/li>\n<li><a href=\"\/?page_id=2296\">Polyester<\/a><\/li>\n<li><a href=\"\/?page_id=2309\">Lederausstattung\u00a0Design<\/a><\/li>\n<li><a href=\"\/?page_id=2301\">Recovery System<\/a><\/li>\n<li><a href=\"\/?page_id=2273\">AL-KO Fahrgestell<\/a><\/li>\n<li><a href=\"\/?page_id=2282\">Alde Heizung<\/a><\/li>\n<li><a href=\"\/?page_id=2265\">Ausr\u00fcstung<\/a><\/li>\n<li><a href=\"\/?page_id=2289\">Pakete und\u00a0Optionen<\/a><\/li>\n<\/ul>\n<p>[\/vc_column_text][\/vc_column][\/vc_row][vc_row full_width=&nbsp;&raquo;&nbsp;&raquo; parallax=&nbsp;&raquo;&nbsp;&raquo; parallax_image=&nbsp;&raquo;&nbsp;&raquo;][vc_column width=&nbsp;&raquo;2\/3&Prime;][vc_column_text]<\/p>\n<h3 class=\"p1\">Recovery System,\u00a0Leistungsstarkes \u00dcberlappungssystem<\/h3>\n<p class=\"p1\">Die langj\u00e4hrige Erfahrung im Zusammenbau von Wohnmobilen und der Wunsch, dem Kunden nur erstklassige Ausr\u00fcstungen zu bieten charakterisieren die Marke FLEURETTE. Deshalb haben wir ein Exklusivverfahren entwickelt: Das Recovery System, bei dem die Karosserieteile nicht \u00abSt\u00fcck f\u00fcr St\u00fcck\u00bb, sondern durch \u00dcberlappung zusammengesetzt werden. Dies gew\u00e4hrleistet eine gr\u00f6\u00dfere Widerstandsf\u00e4higkeit und eine optimale Dichtheit der Fahrzeuge.<\/p>\n<p class=\"p1\">Die starken Punkte dieses Systems:<\/p>\n<p class=\"p1\">&#8211; Zusammenbau der Karosserie durch \u00dcberlappung s\u00e4mtlicher Polyester-Teile: kein Wasser gelangt nach innen<\/p>\n<p class=\"p1\"><span class=\"Apple-converted-space\">\u00a0 \u00a0 \u00a0 \u00a0 <\/span>1-\u00a0Aufbringen einer Polyesterhaut auf das Dach<\/p>\n<p class=\"p1\"><span class=\"Apple-converted-space\">\u00a0 \u00a0 \u00a0 \u00a0 <\/span>2-\u00a0Die R\u00fcckwand \u00fcberlappt Dach und Seitenw\u00e4nde<\/p>\n<p class=\"p1\"><span class=\"Apple-converted-space\">\u00a0 \u00a0 \u00a0 \u00a0 <\/span>3-\u00a0Die Kappe bedeckt Dach und Seiten<\/p>\n<p class=\"p1\"><span class=\"Apple-converted-space\">\u00a0 \u00a0 \u00a0 \u00a0 <\/span>4-\u00a0Die Unterb\u00f6den werden an den Seitenw\u00e4nden befestigt<\/p>\n<p class=\"p1\">&#8211;\u00a0D\u00e4cher und R\u00fcckw\u00e4nde bestehen aus einem Polyesterschutz und einer Sandwichplatte: zus\u00e4tzlicher W\u00e4rmeschutz<\/p>\n<p class=\"p1\">&#8211;\u00a0Recovery System &amp; Styrofoam \u00ae\u00a0: zwei sich erg\u00e4nzende Techniken zur optimalen Isolierung<\/p>\n<p>[\/vc_column_text][\/vc_column][vc_column width=&nbsp;&raquo;1\/3&Prime;][\/vc_column][\/vc_row]<\/p>\n<\/div>","protected":false},"excerpt":{"rendered":"<p>[vc_row full_width=&nbsp;&raquo;&nbsp;&raquo; parallax=&nbsp;&raquo;&nbsp;&raquo; parallax_image=&nbsp;&raquo;&nbsp;&raquo;][vc_column width=&nbsp;&raquo;2\/3&Prime;][vc_single_image image=&nbsp;&raquo;1684&Prime; border_color=&nbsp;&raquo;grey&nbsp;&raquo; img_link_large=&nbsp;&raquo;&nbsp;&raquo; img_link_target=&nbsp;&raquo;_self&nbsp;&raquo; img_size=&nbsp;&raquo;full&nbsp;&raquo;][\/vc_column][vc_column width=&nbsp;&raquo;1\/3&Prime;][vc_column_text el_class=&nbsp;&raquo;savoirfaire_texte_droite&nbsp;&raquo;] Leistungsstarkes \u00dcberlappungssystem Schreinerei Polyester Lederausstattung\u00a0Design Recovery System AL-KO Fahrgestell Alde Heizung Ausr\u00fcstung Pakete und\u00a0Optionen [\/vc_column_text][\/vc_column][\/vc_row][vc_row full_width=&nbsp;&raquo;&nbsp;&raquo; parallax=&nbsp;&raquo;&nbsp;&raquo; parallax_image=&nbsp;&raquo;&nbsp;&raquo;][vc_column width=&nbsp;&raquo;2\/3&Prime;][vc_column_text] Recovery System,\u00a0Leistungsstarkes \u00dcberlappungssystem Die langj\u00e4hrige Erfahrung im Zusammenbau von Wohnmobilen und der Wunsch, dem Kunden nur erstklassige Ausr\u00fcstungen zu bieten charakterisieren die Marke FLEURETTE. [&hellip;]<\/p>\n","protected":false},"author":4,"featured_media":0,"parent":0,"menu_order":1,"comment_status":"closed","ping_status":"closed","template":"","meta":{"_acf_changed":false,"footnotes":""},"class_list":["post-2301","page","type-page","status-publish","hentry"],"acf":[],"yoast_head":"<!-- This site is optimized with the Yoast SEO plugin v27.5 - https:\/\/yoast.com\/product\/yoast-seo-wordpress\/ -->\n<title>Unser know-how - Recovery System - Fleurette Florium<\/title>\n<meta name=\"robots\" content=\"index, follow, max-snippet:-1, max-image-preview:large, max-video-preview:-1\" \/>\n<link rel=\"canonical\" href=\"https:\/\/www.fleurette-florium.fr\/de\/unser-know-how-recovery-system\/\" \/>\n<meta property=\"og:locale\" content=\"de_DE\" \/>\n<meta property=\"og:type\" content=\"article\" \/>\n<meta property=\"og:title\" content=\"Unser know-how - Recovery System - Fleurette Florium\" \/>\n<meta property=\"og:description\" content=\"[vc_row full_width=&nbsp;&raquo;&nbsp;&raquo; parallax=&nbsp;&raquo;&nbsp;&raquo; parallax_image=&nbsp;&raquo;&nbsp;&raquo;][vc_column width=&nbsp;&raquo;2\/3&Prime;][vc_single_image image=&nbsp;&raquo;1684&Prime; border_color=&nbsp;&raquo;grey&nbsp;&raquo; img_link_large=&nbsp;&raquo;&nbsp;&raquo; img_link_target=&nbsp;&raquo;_self&nbsp;&raquo; img_size=&nbsp;&raquo;full&nbsp;&raquo;][\/vc_column][vc_column width=&nbsp;&raquo;1\/3&Prime;][vc_column_text el_class=&nbsp;&raquo;savoirfaire_texte_droite&nbsp;&raquo;] Leistungsstarkes \u00dcberlappungssystem Schreinerei Polyester Lederausstattung\u00a0Design Recovery System AL-KO Fahrgestell Alde Heizung Ausr\u00fcstung Pakete und\u00a0Optionen [\/vc_column_text][\/vc_column][\/vc_row][vc_row full_width=&nbsp;&raquo;&nbsp;&raquo; parallax=&nbsp;&raquo;&nbsp;&raquo; parallax_image=&nbsp;&raquo;&nbsp;&raquo;][vc_column width=&nbsp;&raquo;2\/3&Prime;][vc_column_text] Recovery System,\u00a0Leistungsstarkes \u00dcberlappungssystem Die langj\u00e4hrige Erfahrung im Zusammenbau von Wohnmobilen und der Wunsch, dem Kunden nur erstklassige Ausr\u00fcstungen zu bieten charakterisieren die Marke FLEURETTE. [&hellip;]\" \/>\n<meta property=\"og:url\" content=\"https:\/\/www.fleurette-florium.fr\/de\/unser-know-how-recovery-system\/\" \/>\n<meta property=\"og:site_name\" content=\"Fleurette Florium\" \/>\n<meta property=\"article:modified_time\" content=\"2019-01-14T15:09:00+00:00\" \/>\n<meta name=\"twitter:label1\" content=\"Gesch\u00e4tzte Lesezeit\" \/>\n\t<meta name=\"twitter:data1\" content=\"1 minute\" \/>\n<script type=\"application\/ld+json\" class=\"yoast-schema-graph\">{\"@context\":\"https:\\\/\\\/schema.org\",\"@graph\":[{\"@type\":\"WebPage\",\"@id\":\"https:\\\/\\\/www.fleurette-florium.fr\\\/de\\\/unser-know-how-recovery-system\\\/\",\"url\":\"https:\\\/\\\/www.fleurette-florium.fr\\\/de\\\/unser-know-how-recovery-system\\\/\",\"name\":\"Unser know-how - Recovery System - Fleurette Florium\",\"isPartOf\":{\"@id\":\"https:\\\/\\\/www.fleurette-florium.fr\\\/#website\"},\"datePublished\":\"2015-08-21T11:25:46+00:00\",\"dateModified\":\"2019-01-14T15:09:00+00:00\",\"breadcrumb\":{\"@id\":\"https:\\\/\\\/www.fleurette-florium.fr\\\/de\\\/unser-know-how-recovery-system\\\/#breadcrumb\"},\"inLanguage\":\"de-DE\",\"potentialAction\":[{\"@type\":\"ReadAction\",\"target\":[\"https:\\\/\\\/www.fleurette-florium.fr\\\/de\\\/unser-know-how-recovery-system\\\/\"]}]},{\"@type\":\"BreadcrumbList\",\"@id\":\"https:\\\/\\\/www.fleurette-florium.fr\\\/de\\\/unser-know-how-recovery-system\\\/#breadcrumb\",\"itemListElement\":[{\"@type\":\"ListItem\",\"position\":1,\"name\":\"\",\"item\":\"https:\\\/\\\/www.fleurette-florium.fr\\\/de\\\/\"},{\"@type\":\"ListItem\",\"position\":2,\"name\":\"Unser know-how &#8211; Recovery System\"}]},{\"@type\":\"WebSite\",\"@id\":\"https:\\\/\\\/www.fleurette-florium.fr\\\/#website\",\"url\":\"https:\\\/\\\/www.fleurette-florium.fr\\\/\",\"name\":\"Fleurette Florium\",\"description\":\"\",\"publisher\":{\"@id\":\"https:\\\/\\\/www.fleurette-florium.fr\\\/#organization\"},\"potentialAction\":[{\"@type\":\"SearchAction\",\"target\":{\"@type\":\"EntryPoint\",\"urlTemplate\":\"https:\\\/\\\/www.fleurette-florium.fr\\\/?s={search_term_string}\"},\"query-input\":{\"@type\":\"PropertyValueSpecification\",\"valueRequired\":true,\"valueName\":\"search_term_string\"}}],\"inLanguage\":\"de-DE\"},{\"@type\":\"Organization\",\"@id\":\"https:\\\/\\\/www.fleurette-florium.fr\\\/#organization\",\"name\":\"Fleurette Florium\",\"url\":\"https:\\\/\\\/www.fleurette-florium.fr\\\/\",\"logo\":{\"@type\":\"ImageObject\",\"inLanguage\":\"de-DE\",\"@id\":\"https:\\\/\\\/www.fleurette-florium.fr\\\/#\\\/schema\\\/logo\\\/image\\\/\",\"url\":\"https:\\\/\\\/www.fleurette-florium.fr\\\/wp-content\\\/uploads\\\/2021\\\/07\\\/logo-fleurette-florium-scaled.png\",\"contentUrl\":\"https:\\\/\\\/www.fleurette-florium.fr\\\/wp-content\\\/uploads\\\/2021\\\/07\\\/logo-fleurette-florium-scaled.png\",\"width\":2560,\"height\":830,\"caption\":\"Fleurette Florium\"},\"image\":{\"@id\":\"https:\\\/\\\/www.fleurette-florium.fr\\\/#\\\/schema\\\/logo\\\/image\\\/\"}}]}<\/script>\n<!-- \/ Yoast SEO plugin. -->","yoast_head_json":{"title":"Unser know-how - Recovery System - Fleurette Florium","robots":{"index":"index","follow":"follow","max-snippet":"max-snippet:-1","max-image-preview":"max-image-preview:large","max-video-preview":"max-video-preview:-1"},"canonical":"https:\/\/www.fleurette-florium.fr\/de\/unser-know-how-recovery-system\/","og_locale":"de_DE","og_type":"article","og_title":"Unser know-how - Recovery System - Fleurette Florium","og_description":"[vc_row full_width=&nbsp;&raquo;&nbsp;&raquo; parallax=&nbsp;&raquo;&nbsp;&raquo; parallax_image=&nbsp;&raquo;&nbsp;&raquo;][vc_column width=&nbsp;&raquo;2\/3&Prime;][vc_single_image image=&nbsp;&raquo;1684&Prime; border_color=&nbsp;&raquo;grey&nbsp;&raquo; img_link_large=&nbsp;&raquo;&nbsp;&raquo; img_link_target=&nbsp;&raquo;_self&nbsp;&raquo; img_size=&nbsp;&raquo;full&nbsp;&raquo;][\/vc_column][vc_column width=&nbsp;&raquo;1\/3&Prime;][vc_column_text el_class=&nbsp;&raquo;savoirfaire_texte_droite&nbsp;&raquo;] Leistungsstarkes \u00dcberlappungssystem Schreinerei Polyester Lederausstattung\u00a0Design Recovery System AL-KO Fahrgestell Alde Heizung Ausr\u00fcstung Pakete und\u00a0Optionen [\/vc_column_text][\/vc_column][\/vc_row][vc_row full_width=&nbsp;&raquo;&nbsp;&raquo; parallax=&nbsp;&raquo;&nbsp;&raquo; parallax_image=&nbsp;&raquo;&nbsp;&raquo;][vc_column width=&nbsp;&raquo;2\/3&Prime;][vc_column_text] Recovery System,\u00a0Leistungsstarkes \u00dcberlappungssystem Die langj\u00e4hrige Erfahrung im Zusammenbau von Wohnmobilen und der Wunsch, dem Kunden nur erstklassige Ausr\u00fcstungen zu bieten charakterisieren die Marke FLEURETTE. [&hellip;]","og_url":"https:\/\/www.fleurette-florium.fr\/de\/unser-know-how-recovery-system\/","og_site_name":"Fleurette Florium","article_modified_time":"2019-01-14T15:09:00+00:00","twitter_misc":{"Gesch\u00e4tzte Lesezeit":"1 minute"},"schema":{"@context":"https:\/\/schema.org","@graph":[{"@type":"WebPage","@id":"https:\/\/www.fleurette-florium.fr\/de\/unser-know-how-recovery-system\/","url":"https:\/\/www.fleurette-florium.fr\/de\/unser-know-how-recovery-system\/","name":"Unser know-how - Recovery System - Fleurette Florium","isPartOf":{"@id":"https:\/\/www.fleurette-florium.fr\/#website"},"datePublished":"2015-08-21T11:25:46+00:00","dateModified":"2019-01-14T15:09:00+00:00","breadcrumb":{"@id":"https:\/\/www.fleurette-florium.fr\/de\/unser-know-how-recovery-system\/#breadcrumb"},"inLanguage":"de-DE","potentialAction":[{"@type":"ReadAction","target":["https:\/\/www.fleurette-florium.fr\/de\/unser-know-how-recovery-system\/"]}]},{"@type":"BreadcrumbList","@id":"https:\/\/www.fleurette-florium.fr\/de\/unser-know-how-recovery-system\/#breadcrumb","itemListElement":[{"@type":"ListItem","position":1,"name":"","item":"https:\/\/www.fleurette-florium.fr\/de\/"},{"@type":"ListItem","position":2,"name":"Unser know-how &#8211; Recovery System"}]},{"@type":"WebSite","@id":"https:\/\/www.fleurette-florium.fr\/#website","url":"https:\/\/www.fleurette-florium.fr\/","name":"Fleurette Florium","description":"","publisher":{"@id":"https:\/\/www.fleurette-florium.fr\/#organization"},"potentialAction":[{"@type":"SearchAction","target":{"@type":"EntryPoint","urlTemplate":"https:\/\/www.fleurette-florium.fr\/?s={search_term_string}"},"query-input":{"@type":"PropertyValueSpecification","valueRequired":true,"valueName":"search_term_string"}}],"inLanguage":"de-DE"},{"@type":"Organization","@id":"https:\/\/www.fleurette-florium.fr\/#organization","name":"Fleurette Florium","url":"https:\/\/www.fleurette-florium.fr\/","logo":{"@type":"ImageObject","inLanguage":"de-DE","@id":"https:\/\/www.fleurette-florium.fr\/#\/schema\/logo\/image\/","url":"https:\/\/www.fleurette-florium.fr\/wp-content\/uploads\/2021\/07\/logo-fleurette-florium-scaled.png","contentUrl":"https:\/\/www.fleurette-florium.fr\/wp-content\/uploads\/2021\/07\/logo-fleurette-florium-scaled.png","width":2560,"height":830,"caption":"Fleurette Florium"},"image":{"@id":"https:\/\/www.fleurette-florium.fr\/#\/schema\/logo\/image\/"}}]}},"_links":{"self":[{"href":"https:\/\/www.fleurette-florium.fr\/de\/wp-json\/wp\/v2\/pages\/2301","targetHints":{"allow":["GET"]}}],"collection":[{"href":"https:\/\/www.fleurette-florium.fr\/de\/wp-json\/wp\/v2\/pages"}],"about":[{"href":"https:\/\/www.fleurette-florium.fr\/de\/wp-json\/wp\/v2\/types\/page"}],"author":[{"embeddable":true,"href":"https:\/\/www.fleurette-florium.fr\/de\/wp-json\/wp\/v2\/users\/4"}],"replies":[{"embeddable":true,"href":"https:\/\/www.fleurette-florium.fr\/de\/wp-json\/wp\/v2\/comments?post=2301"}],"version-history":[{"count":6,"href":"https:\/\/www.fleurette-florium.fr\/de\/wp-json\/wp\/v2\/pages\/2301\/revisions"}],"predecessor-version":[{"id":5612,"href":"https:\/\/www.fleurette-florium.fr\/de\/wp-json\/wp\/v2\/pages\/2301\/revisions\/5612"}],"wp:attachment":[{"href":"https:\/\/www.fleurette-florium.fr\/de\/wp-json\/wp\/v2\/media?parent=2301"}],"curies":[{"name":"wp","href":"https:\/\/api.w.org\/{rel}","templated":true}]}}