{"id":2289,"date":"2015-08-21T10:42:28","date_gmt":"2015-08-21T09:42:28","guid":{"rendered":"http:\/\/florium.fr\/de\/notre-savoir-faire-packs-options\/"},"modified":"2019-01-14T16:16:55","modified_gmt":"2019-01-14T15:16:55","slug":"unser-know-how-pakete-und-optionen","status":"publish","type":"page","link":"https:\/\/www.fleurette-florium.fr\/de\/unser-know-how-pakete-und-optionen\/","title":{"rendered":"Unser know-how &#8211; Pakete und optionen"},"content":{"rendered":"<div class=\"wpb-content-wrapper\"><p>[vc_row full_width=&nbsp;&raquo;&nbsp;&raquo; parallax=&nbsp;&raquo;&nbsp;&raquo; parallax_image=&nbsp;&raquo;&nbsp;&raquo;][vc_column width=&nbsp;&raquo;2\/3&Prime;][vc_single_image image=&nbsp;&raquo;4906&Prime; border_color=&nbsp;&raquo;grey&nbsp;&raquo; img_link_large=&nbsp;&raquo;&nbsp;&raquo; img_link_target=&nbsp;&raquo;_self&nbsp;&raquo; img_size=&nbsp;&raquo;full&nbsp;&raquo;][\/vc_column][vc_column width=&nbsp;&raquo;1\/3&Prime;][vc_column_text el_class=&nbsp;&raquo;savoirfaire_texte_droite&nbsp;&raquo;]<\/p>\n<h4 class=\"p1\">Die Pakete und das Zubeh\u00f6r von Fleurette, die Vollausstattung f\u00fcr Ihr Wohnmobil<\/h4>\n<ul>\n<li><a href=\"\/?page_id=2250\">Schreinerei<\/a><\/li>\n<li><a href=\"\/?page_id=2296\">Polyester<\/a><\/li>\n<li><a href=\"\/?page_id=2309\">Lederausstattung\u00a0Design<\/a><\/li>\n<li><a href=\"\/?page_id=2301\">Recovery System<\/a><\/li>\n<li><a href=\"\/?page_id=2273\">AL-KO Fahrgestell<\/a><\/li>\n<li><a href=\"\/?page_id=2282\">Alde Heizung<\/a><\/li>\n<li><a href=\"\/?page_id=2265\">Ausr\u00fcstung<\/a><\/li>\n<li><a href=\"\/?page_id=2289\">Pakete und\u00a0Optionen<\/a><\/li>\n<\/ul>\n<p>[\/vc_column_text][\/vc_column][\/vc_row][vc_row full_width=&nbsp;&raquo;&nbsp;&raquo; parallax=&nbsp;&raquo;&nbsp;&raquo; parallax_image=&nbsp;&raquo;&nbsp;&raquo;][vc_column width=&nbsp;&raquo;2\/3&Prime;][vc_column_text]<\/p>\n<h3 class=\"p1\">Gewinnen Sie an Exklusivit\u00e4t, Raffinesse und an Komfort bei unseren erh\u00e4ltlichen Zubeh\u00f6r- und Ausstattungspaketen. Setzten Sie sich ab.<\/h3>\n<p><strong>Komfort-Paket<\/strong><\/p>\n<p>Hartal Aufbaut\u00fcr mit Fliegengitter, Remis Frontscheiben-Verdungklungsrollo,\u00a0LED-Hintergrundbeleuchtung K\u00fcche (au\u00dfer 60 und 65), Hartal-Wohnraumt\u00fcr mit Fenster und\u00a0integriertem M\u00fclleimer, Fliegengitter an der Wohnraumt\u00fcr, Remis-Faltrollos im Fahrerhaus,\u00a0CD Autoradio Kenwood, Focal AV Lautsprecher, Geschwindigkeitsbegrenzer\/-regler,\u00a0h\u00f6henverstellbare Fahrerhaussitze, zentrales Handschuhfach, Beifahrer-Airbag, elektrische,\u00a0beheizte R\u00fcckspiegel, Dunstabzugshaube, automatischer Gas-Umschalter Duo Control,\u00a0Bett\u00fcberwurf mit Kissen, Vorhang im Fahrerhaus, Dachgalerie<\/p>\n<p>&nbsp;<\/p>\n<p class=\"p1\"><strong>Navigations paket<\/strong><\/p>\n<p class=\"p1\">GPS Multimedia Kenwood DN X450TR + R\u00fcckfahrkamera<\/p>\n<p class=\"p1\"><strong>Optimum Pakete\u00a0<\/strong><\/p>\n<p class=\"p1\">ALDE Heizung + Lkw Fahrgestell 40H + Motorisierung Fiat 150 CV\u00a0(Option\u00a0f\u00fcr die Modelle \u00a0<a href=\"https:\/\/www.fleurette-florium.fr\/les-gammes\/gamme-wincester\/\">Wincester<\/a> 70LMS, 70LJG, 74LMS, 74CTC, 74LJT)<\/p>\n<p><strong>Paket Gold and Black\u00a0<\/strong><\/p>\n<p>Das Paket Gold and Black macht Ihr Wohnmobil noch exklusiver, raffinierter und komfortabler:\u00a0Fahrerhaus-Lackierung in Champagner\u00a0Farbe, LED Tagfahrlicht, Spezielles Aussendekor am Fahrerhaus<\/p>\n<p><strong>Antrieb + Paket<\/strong><\/p>\n<p>Intelligentes Differenzial, ESP, ASR, Anfahrassistent, Notbremsverst\u00e4rkung (Option f\u00fcr Baxter, Mayflower, Wincester)<\/p>\n<p class=\"p1\"><strong>\u00a0<\/strong><\/p>\n<p>[\/vc_column_text][\/vc_column][vc_column width=&nbsp;&raquo;1\/3&Prime;][\/vc_column][\/vc_row]<\/p>\n<\/div>","protected":false},"excerpt":{"rendered":"<p>[vc_row full_width=&nbsp;&raquo;&nbsp;&raquo; parallax=&nbsp;&raquo;&nbsp;&raquo; parallax_image=&nbsp;&raquo;&nbsp;&raquo;][vc_column width=&nbsp;&raquo;2\/3&Prime;][vc_single_image image=&nbsp;&raquo;4906&Prime; border_color=&nbsp;&raquo;grey&nbsp;&raquo; img_link_large=&nbsp;&raquo;&nbsp;&raquo; img_link_target=&nbsp;&raquo;_self&nbsp;&raquo; img_size=&nbsp;&raquo;full&nbsp;&raquo;][\/vc_column][vc_column width=&nbsp;&raquo;1\/3&Prime;][vc_column_text el_class=&nbsp;&raquo;savoirfaire_texte_droite&nbsp;&raquo;] Die Pakete und das Zubeh\u00f6r von Fleurette, die Vollausstattung f\u00fcr Ihr Wohnmobil Schreinerei Polyester Lederausstattung\u00a0Design Recovery System AL-KO Fahrgestell Alde Heizung Ausr\u00fcstung Pakete und\u00a0Optionen [\/vc_column_text][\/vc_column][\/vc_row][vc_row full_width=&nbsp;&raquo;&nbsp;&raquo; parallax=&nbsp;&raquo;&nbsp;&raquo; parallax_image=&nbsp;&raquo;&nbsp;&raquo;][vc_column width=&nbsp;&raquo;2\/3&Prime;][vc_column_text] Gewinnen Sie an Exklusivit\u00e4t, Raffinesse und an Komfort bei unseren erh\u00e4ltlichen Zubeh\u00f6r- und Ausstattungspaketen. [&hellip;]<\/p>\n","protected":false},"author":4,"featured_media":0,"parent":0,"menu_order":1,"comment_status":"closed","ping_status":"closed","template":"","meta":{"_acf_changed":false,"footnotes":""},"class_list":["post-2289","page","type-page","status-publish","hentry"],"acf":[],"yoast_head":"<!-- This site is optimized with the Yoast SEO plugin v27.5 - https:\/\/yoast.com\/product\/yoast-seo-wordpress\/ -->\n<title>Unser know-how - Pakete und optionen - Fleurette Florium<\/title>\n<meta name=\"robots\" content=\"index, follow, max-snippet:-1, max-image-preview:large, max-video-preview:-1\" \/>\n<link rel=\"canonical\" href=\"https:\/\/www.fleurette-florium.fr\/de\/unser-know-how-pakete-und-optionen\/\" \/>\n<meta property=\"og:locale\" content=\"de_DE\" \/>\n<meta property=\"og:type\" content=\"article\" \/>\n<meta property=\"og:title\" content=\"Unser know-how - Pakete und optionen - Fleurette Florium\" \/>\n<meta property=\"og:description\" content=\"[vc_row full_width=&nbsp;&raquo;&nbsp;&raquo; parallax=&nbsp;&raquo;&nbsp;&raquo; parallax_image=&nbsp;&raquo;&nbsp;&raquo;][vc_column width=&nbsp;&raquo;2\/3&Prime;][vc_single_image image=&nbsp;&raquo;4906&Prime; border_color=&nbsp;&raquo;grey&nbsp;&raquo; img_link_large=&nbsp;&raquo;&nbsp;&raquo; img_link_target=&nbsp;&raquo;_self&nbsp;&raquo; img_size=&nbsp;&raquo;full&nbsp;&raquo;][\/vc_column][vc_column width=&nbsp;&raquo;1\/3&Prime;][vc_column_text el_class=&nbsp;&raquo;savoirfaire_texte_droite&nbsp;&raquo;] Die Pakete und das Zubeh\u00f6r von Fleurette, die Vollausstattung f\u00fcr Ihr Wohnmobil Schreinerei Polyester Lederausstattung\u00a0Design Recovery System AL-KO Fahrgestell Alde Heizung Ausr\u00fcstung Pakete und\u00a0Optionen [\/vc_column_text][\/vc_column][\/vc_row][vc_row full_width=&nbsp;&raquo;&nbsp;&raquo; parallax=&nbsp;&raquo;&nbsp;&raquo; parallax_image=&nbsp;&raquo;&nbsp;&raquo;][vc_column width=&nbsp;&raquo;2\/3&Prime;][vc_column_text] Gewinnen Sie an Exklusivit\u00e4t, Raffinesse und an Komfort bei unseren erh\u00e4ltlichen Zubeh\u00f6r- und Ausstattungspaketen. [&hellip;]\" \/>\n<meta property=\"og:url\" content=\"https:\/\/www.fleurette-florium.fr\/de\/unser-know-how-pakete-und-optionen\/\" \/>\n<meta property=\"og:site_name\" content=\"Fleurette Florium\" \/>\n<meta property=\"article:modified_time\" content=\"2019-01-14T15:16:55+00:00\" \/>\n<meta name=\"twitter:label1\" content=\"Gesch\u00e4tzte Lesezeit\" \/>\n\t<meta name=\"twitter:data1\" content=\"1 minute\" \/>\n<script type=\"application\/ld+json\" class=\"yoast-schema-graph\">{\"@context\":\"https:\\\/\\\/schema.org\",\"@graph\":[{\"@type\":\"WebPage\",\"@id\":\"https:\\\/\\\/www.fleurette-florium.fr\\\/de\\\/unser-know-how-pakete-und-optionen\\\/\",\"url\":\"https:\\\/\\\/www.fleurette-florium.fr\\\/de\\\/unser-know-how-pakete-und-optionen\\\/\",\"name\":\"Unser know-how - Pakete und optionen - Fleurette Florium\",\"isPartOf\":{\"@id\":\"https:\\\/\\\/www.fleurette-florium.fr\\\/#website\"},\"datePublished\":\"2015-08-21T09:42:28+00:00\",\"dateModified\":\"2019-01-14T15:16:55+00:00\",\"breadcrumb\":{\"@id\":\"https:\\\/\\\/www.fleurette-florium.fr\\\/de\\\/unser-know-how-pakete-und-optionen\\\/#breadcrumb\"},\"inLanguage\":\"de-DE\",\"potentialAction\":[{\"@type\":\"ReadAction\",\"target\":[\"https:\\\/\\\/www.fleurette-florium.fr\\\/de\\\/unser-know-how-pakete-und-optionen\\\/\"]}]},{\"@type\":\"BreadcrumbList\",\"@id\":\"https:\\\/\\\/www.fleurette-florium.fr\\\/de\\\/unser-know-how-pakete-und-optionen\\\/#breadcrumb\",\"itemListElement\":[{\"@type\":\"ListItem\",\"position\":1,\"name\":\"\",\"item\":\"https:\\\/\\\/www.fleurette-florium.fr\\\/de\\\/\"},{\"@type\":\"ListItem\",\"position\":2,\"name\":\"Unser know-how &#8211; Pakete und optionen\"}]},{\"@type\":\"WebSite\",\"@id\":\"https:\\\/\\\/www.fleurette-florium.fr\\\/#website\",\"url\":\"https:\\\/\\\/www.fleurette-florium.fr\\\/\",\"name\":\"Fleurette Florium\",\"description\":\"\",\"publisher\":{\"@id\":\"https:\\\/\\\/www.fleurette-florium.fr\\\/#organization\"},\"potentialAction\":[{\"@type\":\"SearchAction\",\"target\":{\"@type\":\"EntryPoint\",\"urlTemplate\":\"https:\\\/\\\/www.fleurette-florium.fr\\\/?s={search_term_string}\"},\"query-input\":{\"@type\":\"PropertyValueSpecification\",\"valueRequired\":true,\"valueName\":\"search_term_string\"}}],\"inLanguage\":\"de-DE\"},{\"@type\":\"Organization\",\"@id\":\"https:\\\/\\\/www.fleurette-florium.fr\\\/#organization\",\"name\":\"Fleurette Florium\",\"url\":\"https:\\\/\\\/www.fleurette-florium.fr\\\/\",\"logo\":{\"@type\":\"ImageObject\",\"inLanguage\":\"de-DE\",\"@id\":\"https:\\\/\\\/www.fleurette-florium.fr\\\/#\\\/schema\\\/logo\\\/image\\\/\",\"url\":\"https:\\\/\\\/www.fleurette-florium.fr\\\/wp-content\\\/uploads\\\/2021\\\/07\\\/logo-fleurette-florium-scaled.png\",\"contentUrl\":\"https:\\\/\\\/www.fleurette-florium.fr\\\/wp-content\\\/uploads\\\/2021\\\/07\\\/logo-fleurette-florium-scaled.png\",\"width\":2560,\"height\":830,\"caption\":\"Fleurette Florium\"},\"image\":{\"@id\":\"https:\\\/\\\/www.fleurette-florium.fr\\\/#\\\/schema\\\/logo\\\/image\\\/\"}}]}<\/script>\n<!-- \/ Yoast SEO plugin. -->","yoast_head_json":{"title":"Unser know-how - Pakete und optionen - Fleurette Florium","robots":{"index":"index","follow":"follow","max-snippet":"max-snippet:-1","max-image-preview":"max-image-preview:large","max-video-preview":"max-video-preview:-1"},"canonical":"https:\/\/www.fleurette-florium.fr\/de\/unser-know-how-pakete-und-optionen\/","og_locale":"de_DE","og_type":"article","og_title":"Unser know-how - Pakete und optionen - Fleurette Florium","og_description":"[vc_row full_width=&nbsp;&raquo;&nbsp;&raquo; parallax=&nbsp;&raquo;&nbsp;&raquo; parallax_image=&nbsp;&raquo;&nbsp;&raquo;][vc_column width=&nbsp;&raquo;2\/3&Prime;][vc_single_image image=&nbsp;&raquo;4906&Prime; border_color=&nbsp;&raquo;grey&nbsp;&raquo; img_link_large=&nbsp;&raquo;&nbsp;&raquo; img_link_target=&nbsp;&raquo;_self&nbsp;&raquo; img_size=&nbsp;&raquo;full&nbsp;&raquo;][\/vc_column][vc_column width=&nbsp;&raquo;1\/3&Prime;][vc_column_text el_class=&nbsp;&raquo;savoirfaire_texte_droite&nbsp;&raquo;] Die Pakete und das Zubeh\u00f6r von Fleurette, die Vollausstattung f\u00fcr Ihr Wohnmobil Schreinerei Polyester Lederausstattung\u00a0Design Recovery System AL-KO Fahrgestell Alde Heizung Ausr\u00fcstung Pakete und\u00a0Optionen [\/vc_column_text][\/vc_column][\/vc_row][vc_row full_width=&nbsp;&raquo;&nbsp;&raquo; parallax=&nbsp;&raquo;&nbsp;&raquo; parallax_image=&nbsp;&raquo;&nbsp;&raquo;][vc_column width=&nbsp;&raquo;2\/3&Prime;][vc_column_text] Gewinnen Sie an Exklusivit\u00e4t, Raffinesse und an Komfort bei unseren erh\u00e4ltlichen Zubeh\u00f6r- und Ausstattungspaketen. [&hellip;]","og_url":"https:\/\/www.fleurette-florium.fr\/de\/unser-know-how-pakete-und-optionen\/","og_site_name":"Fleurette Florium","article_modified_time":"2019-01-14T15:16:55+00:00","twitter_misc":{"Gesch\u00e4tzte Lesezeit":"1 minute"},"schema":{"@context":"https:\/\/schema.org","@graph":[{"@type":"WebPage","@id":"https:\/\/www.fleurette-florium.fr\/de\/unser-know-how-pakete-und-optionen\/","url":"https:\/\/www.fleurette-florium.fr\/de\/unser-know-how-pakete-und-optionen\/","name":"Unser know-how - Pakete und optionen - Fleurette Florium","isPartOf":{"@id":"https:\/\/www.fleurette-florium.fr\/#website"},"datePublished":"2015-08-21T09:42:28+00:00","dateModified":"2019-01-14T15:16:55+00:00","breadcrumb":{"@id":"https:\/\/www.fleurette-florium.fr\/de\/unser-know-how-pakete-und-optionen\/#breadcrumb"},"inLanguage":"de-DE","potentialAction":[{"@type":"ReadAction","target":["https:\/\/www.fleurette-florium.fr\/de\/unser-know-how-pakete-und-optionen\/"]}]},{"@type":"BreadcrumbList","@id":"https:\/\/www.fleurette-florium.fr\/de\/unser-know-how-pakete-und-optionen\/#breadcrumb","itemListElement":[{"@type":"ListItem","position":1,"name":"","item":"https:\/\/www.fleurette-florium.fr\/de\/"},{"@type":"ListItem","position":2,"name":"Unser know-how &#8211; Pakete und optionen"}]},{"@type":"WebSite","@id":"https:\/\/www.fleurette-florium.fr\/#website","url":"https:\/\/www.fleurette-florium.fr\/","name":"Fleurette Florium","description":"","publisher":{"@id":"https:\/\/www.fleurette-florium.fr\/#organization"},"potentialAction":[{"@type":"SearchAction","target":{"@type":"EntryPoint","urlTemplate":"https:\/\/www.fleurette-florium.fr\/?s={search_term_string}"},"query-input":{"@type":"PropertyValueSpecification","valueRequired":true,"valueName":"search_term_string"}}],"inLanguage":"de-DE"},{"@type":"Organization","@id":"https:\/\/www.fleurette-florium.fr\/#organization","name":"Fleurette Florium","url":"https:\/\/www.fleurette-florium.fr\/","logo":{"@type":"ImageObject","inLanguage":"de-DE","@id":"https:\/\/www.fleurette-florium.fr\/#\/schema\/logo\/image\/","url":"https:\/\/www.fleurette-florium.fr\/wp-content\/uploads\/2021\/07\/logo-fleurette-florium-scaled.png","contentUrl":"https:\/\/www.fleurette-florium.fr\/wp-content\/uploads\/2021\/07\/logo-fleurette-florium-scaled.png","width":2560,"height":830,"caption":"Fleurette Florium"},"image":{"@id":"https:\/\/www.fleurette-florium.fr\/#\/schema\/logo\/image\/"}}]}},"_links":{"self":[{"href":"https:\/\/www.fleurette-florium.fr\/de\/wp-json\/wp\/v2\/pages\/2289","targetHints":{"allow":["GET"]}}],"collection":[{"href":"https:\/\/www.fleurette-florium.fr\/de\/wp-json\/wp\/v2\/pages"}],"about":[{"href":"https:\/\/www.fleurette-florium.fr\/de\/wp-json\/wp\/v2\/types\/page"}],"author":[{"embeddable":true,"href":"https:\/\/www.fleurette-florium.fr\/de\/wp-json\/wp\/v2\/users\/4"}],"replies":[{"embeddable":true,"href":"https:\/\/www.fleurette-florium.fr\/de\/wp-json\/wp\/v2\/comments?post=2289"}],"version-history":[{"count":9,"href":"https:\/\/www.fleurette-florium.fr\/de\/wp-json\/wp\/v2\/pages\/2289\/revisions"}],"predecessor-version":[{"id":5615,"href":"https:\/\/www.fleurette-florium.fr\/de\/wp-json\/wp\/v2\/pages\/2289\/revisions\/5615"}],"wp:attachment":[{"href":"https:\/\/www.fleurette-florium.fr\/de\/wp-json\/wp\/v2\/media?parent=2289"}],"curies":[{"name":"wp","href":"https:\/\/api.w.org\/{rel}","templated":true}]}}