{"id":2273,"date":"2015-08-21T00:23:00","date_gmt":"2015-08-20T23:23:00","guid":{"rendered":"http:\/\/florium.fr\/de\/notre-savoir-faire-chassis-alko\/"},"modified":"2019-01-14T16:19:55","modified_gmt":"2019-01-14T15:19:55","slug":"unser-know-how-al-ko-fahrgestell","status":"publish","type":"page","link":"https:\/\/www.fleurette-florium.fr\/de\/unser-know-how-al-ko-fahrgestell\/","title":{"rendered":"Unser Know-how &#8211; AL-KO Fahrgestell"},"content":{"rendered":"<div class=\"wpb-content-wrapper\"><p>[vc_row full_width=&nbsp;&raquo;&nbsp;&raquo; parallax=&nbsp;&raquo;&nbsp;&raquo; parallax_image=&nbsp;&raquo;&nbsp;&raquo;][vc_column width=&nbsp;&raquo;2\/3&Prime;][vc_single_image image=&nbsp;&raquo;1679&Prime; border_color=&nbsp;&raquo;grey&nbsp;&raquo; img_link_large=&nbsp;&raquo;&nbsp;&raquo; img_link_target=&nbsp;&raquo;_self&nbsp;&raquo; img_size=&nbsp;&raquo;full&nbsp;&raquo;][\/vc_column][vc_column width=&nbsp;&raquo;1\/3&Prime;][vc_column_text el_class=&nbsp;&raquo;savoirfaire_texte_droite&nbsp;&raquo;]<\/p>\n<h3 class=\"p1\">AL-KO fahrgestell, Doppelboden<\/h3>\n<ul>\n<li><a href=\"\/?page_id=2250\">Schreinerei<\/a><\/li>\n<li><a href=\"\/?page_id=2296\">Polyester<\/a><\/li>\n<li><a href=\"\/?page_id=2309\">Lederausstattung\u00a0Design<\/a><\/li>\n<li><a href=\"\/?page_id=2301\">Recovery System<\/a><\/li>\n<li><a href=\"\/?page_id=2273\">AL-KO Fahrgestell<\/a><\/li>\n<li><a href=\"\/?page_id=2282\">Alde Heizung<\/a><\/li>\n<li><a href=\"\/?page_id=2265\">Ausr\u00fcstung<\/a><\/li>\n<li><a href=\"\/?page_id=2289\">Pakete und\u00a0Optionen<\/a><\/li>\n<\/ul>\n<p>[\/vc_column_text][\/vc_column][\/vc_row][vc_row full_width=&nbsp;&raquo;&nbsp;&raquo; parallax=&nbsp;&raquo;&nbsp;&raquo; parallax_image=&nbsp;&raquo;&nbsp;&raquo;][vc_column width=&nbsp;&raquo;2\/3&Prime;][vc_column_text]<\/p>\n<h3 class=\"p1\">F\u00fcr Ihren Komfort und Ihre Sicherheit gedacht<\/h3>\n<h4 class=\"p1\"><strong>Die starken Punkte dieses Ausr\u00fcstung Reihe:<\/strong><\/h4>\n<p class=\"p1\">&#8211;\u00a0Mehr Sicherheit auf der Stra\u00dfe<\/p>\n<p class=\"p1\">&#8211;\u00a0Ein unvergleichlicher Fahrkomfort<\/p>\n<p class=\"p1\">&#8211;\u00a0Leichte Bauweise erm\u00f6glicht Ausstattung<\/p>\n<p class=\"p1\">&#8211;\u00a0Verbreitertes Fiat Spezial Fahrgestell f\u00fcr Wohnmobile<\/p>\n<p class=\"p1\">&#8211;\u00a0Beheizter und isolierter Doppelboden<\/p>\n<p class=\"p1\">&#8211; Viel Stauraum, von au\u00dfen und von innen\u00a0zug\u00e4nglich<\/p>\n<p class=\"p1\">&#8211;\u00a0Optimierte technische Ausstattung<\/p>\n<p><em>All unsere Vollintegrierten sowie die Modelle Florium Baxter 73LJT sind serienm\u00e4\u00dfig mit einem AL-KO Fahrgestell ausgestattet. Zudem ist dieses Fahrgestell optional auch f\u00fcr die Modelle Florium Mayflower 69LJX, 70LD, 70LMS, 73LMS erh\u00e4ltlich.<\/em>[\/vc_column_text][\/vc_column][vc_column width=&nbsp;&raquo;1\/3&Prime;][\/vc_column][\/vc_row]<\/p>\n<\/div>","protected":false},"excerpt":{"rendered":"<p>[vc_row full_width=&nbsp;&raquo;&nbsp;&raquo; parallax=&nbsp;&raquo;&nbsp;&raquo; parallax_image=&nbsp;&raquo;&nbsp;&raquo;][vc_column width=&nbsp;&raquo;2\/3&Prime;][vc_single_image image=&nbsp;&raquo;1679&Prime; border_color=&nbsp;&raquo;grey&nbsp;&raquo; img_link_large=&nbsp;&raquo;&nbsp;&raquo; img_link_target=&nbsp;&raquo;_self&nbsp;&raquo; img_size=&nbsp;&raquo;full&nbsp;&raquo;][\/vc_column][vc_column width=&nbsp;&raquo;1\/3&Prime;][vc_column_text el_class=&nbsp;&raquo;savoirfaire_texte_droite&nbsp;&raquo;] AL-KO fahrgestell, Doppelboden Schreinerei Polyester Lederausstattung\u00a0Design Recovery System AL-KO Fahrgestell Alde Heizung Ausr\u00fcstung Pakete und\u00a0Optionen [\/vc_column_text][\/vc_column][\/vc_row][vc_row full_width=&nbsp;&raquo;&nbsp;&raquo; parallax=&nbsp;&raquo;&nbsp;&raquo; parallax_image=&nbsp;&raquo;&nbsp;&raquo;][vc_column width=&nbsp;&raquo;2\/3&Prime;][vc_column_text] F\u00fcr Ihren Komfort und Ihre Sicherheit gedacht Die starken Punkte dieses Ausr\u00fcstung Reihe: &#8211;\u00a0Mehr Sicherheit auf der Stra\u00dfe &#8211;\u00a0Ein unvergleichlicher Fahrkomfort &#8211;\u00a0Leichte Bauweise [&hellip;]<\/p>\n","protected":false},"author":4,"featured_media":0,"parent":0,"menu_order":1,"comment_status":"closed","ping_status":"closed","template":"","meta":{"_acf_changed":false,"footnotes":""},"class_list":["post-2273","page","type-page","status-publish","hentry"],"acf":[],"yoast_head":"<!-- This site is optimized with the Yoast SEO plugin v27.5 - https:\/\/yoast.com\/product\/yoast-seo-wordpress\/ -->\n<title>Unser Know-how - AL-KO Fahrgestell - Fleurette Florium<\/title>\n<meta name=\"robots\" content=\"index, follow, max-snippet:-1, max-image-preview:large, max-video-preview:-1\" \/>\n<link rel=\"canonical\" href=\"https:\/\/www.fleurette-florium.fr\/de\/unser-know-how-al-ko-fahrgestell\/\" \/>\n<meta property=\"og:locale\" content=\"de_DE\" \/>\n<meta property=\"og:type\" content=\"article\" \/>\n<meta property=\"og:title\" content=\"Unser Know-how - AL-KO Fahrgestell - Fleurette Florium\" \/>\n<meta property=\"og:description\" content=\"[vc_row full_width=&nbsp;&raquo;&nbsp;&raquo; parallax=&nbsp;&raquo;&nbsp;&raquo; parallax_image=&nbsp;&raquo;&nbsp;&raquo;][vc_column width=&nbsp;&raquo;2\/3&Prime;][vc_single_image image=&nbsp;&raquo;1679&Prime; border_color=&nbsp;&raquo;grey&nbsp;&raquo; img_link_large=&nbsp;&raquo;&nbsp;&raquo; img_link_target=&nbsp;&raquo;_self&nbsp;&raquo; img_size=&nbsp;&raquo;full&nbsp;&raquo;][\/vc_column][vc_column width=&nbsp;&raquo;1\/3&Prime;][vc_column_text el_class=&nbsp;&raquo;savoirfaire_texte_droite&nbsp;&raquo;] AL-KO fahrgestell, Doppelboden Schreinerei Polyester Lederausstattung\u00a0Design Recovery System AL-KO Fahrgestell Alde Heizung Ausr\u00fcstung Pakete und\u00a0Optionen [\/vc_column_text][\/vc_column][\/vc_row][vc_row full_width=&nbsp;&raquo;&nbsp;&raquo; parallax=&nbsp;&raquo;&nbsp;&raquo; parallax_image=&nbsp;&raquo;&nbsp;&raquo;][vc_column width=&nbsp;&raquo;2\/3&Prime;][vc_column_text] F\u00fcr Ihren Komfort und Ihre Sicherheit gedacht Die starken Punkte dieses Ausr\u00fcstung Reihe: &#8211;\u00a0Mehr Sicherheit auf der Stra\u00dfe &#8211;\u00a0Ein unvergleichlicher Fahrkomfort &#8211;\u00a0Leichte Bauweise [&hellip;]\" \/>\n<meta property=\"og:url\" content=\"https:\/\/www.fleurette-florium.fr\/de\/unser-know-how-al-ko-fahrgestell\/\" \/>\n<meta property=\"og:site_name\" content=\"Fleurette Florium\" \/>\n<meta property=\"article:modified_time\" content=\"2019-01-14T15:19:55+00:00\" \/>\n<meta name=\"twitter:label1\" content=\"Gesch\u00e4tzte Lesezeit\" \/>\n\t<meta name=\"twitter:data1\" content=\"1 minute\" \/>\n<script type=\"application\/ld+json\" class=\"yoast-schema-graph\">{\"@context\":\"https:\\\/\\\/schema.org\",\"@graph\":[{\"@type\":\"WebPage\",\"@id\":\"https:\\\/\\\/www.fleurette-florium.fr\\\/de\\\/unser-know-how-al-ko-fahrgestell\\\/\",\"url\":\"https:\\\/\\\/www.fleurette-florium.fr\\\/de\\\/unser-know-how-al-ko-fahrgestell\\\/\",\"name\":\"Unser Know-how - AL-KO Fahrgestell - Fleurette Florium\",\"isPartOf\":{\"@id\":\"https:\\\/\\\/www.fleurette-florium.fr\\\/#website\"},\"datePublished\":\"2015-08-20T23:23:00+00:00\",\"dateModified\":\"2019-01-14T15:19:55+00:00\",\"breadcrumb\":{\"@id\":\"https:\\\/\\\/www.fleurette-florium.fr\\\/de\\\/unser-know-how-al-ko-fahrgestell\\\/#breadcrumb\"},\"inLanguage\":\"de-DE\",\"potentialAction\":[{\"@type\":\"ReadAction\",\"target\":[\"https:\\\/\\\/www.fleurette-florium.fr\\\/de\\\/unser-know-how-al-ko-fahrgestell\\\/\"]}]},{\"@type\":\"BreadcrumbList\",\"@id\":\"https:\\\/\\\/www.fleurette-florium.fr\\\/de\\\/unser-know-how-al-ko-fahrgestell\\\/#breadcrumb\",\"itemListElement\":[{\"@type\":\"ListItem\",\"position\":1,\"name\":\"\",\"item\":\"https:\\\/\\\/www.fleurette-florium.fr\\\/de\\\/\"},{\"@type\":\"ListItem\",\"position\":2,\"name\":\"Unser Know-how &#8211; AL-KO Fahrgestell\"}]},{\"@type\":\"WebSite\",\"@id\":\"https:\\\/\\\/www.fleurette-florium.fr\\\/#website\",\"url\":\"https:\\\/\\\/www.fleurette-florium.fr\\\/\",\"name\":\"Fleurette Florium\",\"description\":\"\",\"publisher\":{\"@id\":\"https:\\\/\\\/www.fleurette-florium.fr\\\/#organization\"},\"potentialAction\":[{\"@type\":\"SearchAction\",\"target\":{\"@type\":\"EntryPoint\",\"urlTemplate\":\"https:\\\/\\\/www.fleurette-florium.fr\\\/?s={search_term_string}\"},\"query-input\":{\"@type\":\"PropertyValueSpecification\",\"valueRequired\":true,\"valueName\":\"search_term_string\"}}],\"inLanguage\":\"de-DE\"},{\"@type\":\"Organization\",\"@id\":\"https:\\\/\\\/www.fleurette-florium.fr\\\/#organization\",\"name\":\"Fleurette Florium\",\"url\":\"https:\\\/\\\/www.fleurette-florium.fr\\\/\",\"logo\":{\"@type\":\"ImageObject\",\"inLanguage\":\"de-DE\",\"@id\":\"https:\\\/\\\/www.fleurette-florium.fr\\\/#\\\/schema\\\/logo\\\/image\\\/\",\"url\":\"https:\\\/\\\/www.fleurette-florium.fr\\\/wp-content\\\/uploads\\\/2021\\\/07\\\/logo-fleurette-florium-scaled.png\",\"contentUrl\":\"https:\\\/\\\/www.fleurette-florium.fr\\\/wp-content\\\/uploads\\\/2021\\\/07\\\/logo-fleurette-florium-scaled.png\",\"width\":2560,\"height\":830,\"caption\":\"Fleurette Florium\"},\"image\":{\"@id\":\"https:\\\/\\\/www.fleurette-florium.fr\\\/#\\\/schema\\\/logo\\\/image\\\/\"}}]}<\/script>\n<!-- \/ Yoast SEO plugin. -->","yoast_head_json":{"title":"Unser Know-how - AL-KO Fahrgestell - Fleurette Florium","robots":{"index":"index","follow":"follow","max-snippet":"max-snippet:-1","max-image-preview":"max-image-preview:large","max-video-preview":"max-video-preview:-1"},"canonical":"https:\/\/www.fleurette-florium.fr\/de\/unser-know-how-al-ko-fahrgestell\/","og_locale":"de_DE","og_type":"article","og_title":"Unser Know-how - AL-KO Fahrgestell - Fleurette Florium","og_description":"[vc_row full_width=&nbsp;&raquo;&nbsp;&raquo; parallax=&nbsp;&raquo;&nbsp;&raquo; parallax_image=&nbsp;&raquo;&nbsp;&raquo;][vc_column width=&nbsp;&raquo;2\/3&Prime;][vc_single_image image=&nbsp;&raquo;1679&Prime; border_color=&nbsp;&raquo;grey&nbsp;&raquo; img_link_large=&nbsp;&raquo;&nbsp;&raquo; img_link_target=&nbsp;&raquo;_self&nbsp;&raquo; img_size=&nbsp;&raquo;full&nbsp;&raquo;][\/vc_column][vc_column width=&nbsp;&raquo;1\/3&Prime;][vc_column_text el_class=&nbsp;&raquo;savoirfaire_texte_droite&nbsp;&raquo;] AL-KO fahrgestell, Doppelboden Schreinerei Polyester Lederausstattung\u00a0Design Recovery System AL-KO Fahrgestell Alde Heizung Ausr\u00fcstung Pakete und\u00a0Optionen [\/vc_column_text][\/vc_column][\/vc_row][vc_row full_width=&nbsp;&raquo;&nbsp;&raquo; parallax=&nbsp;&raquo;&nbsp;&raquo; parallax_image=&nbsp;&raquo;&nbsp;&raquo;][vc_column width=&nbsp;&raquo;2\/3&Prime;][vc_column_text] F\u00fcr Ihren Komfort und Ihre Sicherheit gedacht Die starken Punkte dieses Ausr\u00fcstung Reihe: &#8211;\u00a0Mehr Sicherheit auf der Stra\u00dfe &#8211;\u00a0Ein unvergleichlicher Fahrkomfort &#8211;\u00a0Leichte Bauweise [&hellip;]","og_url":"https:\/\/www.fleurette-florium.fr\/de\/unser-know-how-al-ko-fahrgestell\/","og_site_name":"Fleurette Florium","article_modified_time":"2019-01-14T15:19:55+00:00","twitter_misc":{"Gesch\u00e4tzte Lesezeit":"1 minute"},"schema":{"@context":"https:\/\/schema.org","@graph":[{"@type":"WebPage","@id":"https:\/\/www.fleurette-florium.fr\/de\/unser-know-how-al-ko-fahrgestell\/","url":"https:\/\/www.fleurette-florium.fr\/de\/unser-know-how-al-ko-fahrgestell\/","name":"Unser Know-how - AL-KO Fahrgestell - Fleurette Florium","isPartOf":{"@id":"https:\/\/www.fleurette-florium.fr\/#website"},"datePublished":"2015-08-20T23:23:00+00:00","dateModified":"2019-01-14T15:19:55+00:00","breadcrumb":{"@id":"https:\/\/www.fleurette-florium.fr\/de\/unser-know-how-al-ko-fahrgestell\/#breadcrumb"},"inLanguage":"de-DE","potentialAction":[{"@type":"ReadAction","target":["https:\/\/www.fleurette-florium.fr\/de\/unser-know-how-al-ko-fahrgestell\/"]}]},{"@type":"BreadcrumbList","@id":"https:\/\/www.fleurette-florium.fr\/de\/unser-know-how-al-ko-fahrgestell\/#breadcrumb","itemListElement":[{"@type":"ListItem","position":1,"name":"","item":"https:\/\/www.fleurette-florium.fr\/de\/"},{"@type":"ListItem","position":2,"name":"Unser Know-how &#8211; AL-KO Fahrgestell"}]},{"@type":"WebSite","@id":"https:\/\/www.fleurette-florium.fr\/#website","url":"https:\/\/www.fleurette-florium.fr\/","name":"Fleurette Florium","description":"","publisher":{"@id":"https:\/\/www.fleurette-florium.fr\/#organization"},"potentialAction":[{"@type":"SearchAction","target":{"@type":"EntryPoint","urlTemplate":"https:\/\/www.fleurette-florium.fr\/?s={search_term_string}"},"query-input":{"@type":"PropertyValueSpecification","valueRequired":true,"valueName":"search_term_string"}}],"inLanguage":"de-DE"},{"@type":"Organization","@id":"https:\/\/www.fleurette-florium.fr\/#organization","name":"Fleurette Florium","url":"https:\/\/www.fleurette-florium.fr\/","logo":{"@type":"ImageObject","inLanguage":"de-DE","@id":"https:\/\/www.fleurette-florium.fr\/#\/schema\/logo\/image\/","url":"https:\/\/www.fleurette-florium.fr\/wp-content\/uploads\/2021\/07\/logo-fleurette-florium-scaled.png","contentUrl":"https:\/\/www.fleurette-florium.fr\/wp-content\/uploads\/2021\/07\/logo-fleurette-florium-scaled.png","width":2560,"height":830,"caption":"Fleurette Florium"},"image":{"@id":"https:\/\/www.fleurette-florium.fr\/#\/schema\/logo\/image\/"}}]}},"_links":{"self":[{"href":"https:\/\/www.fleurette-florium.fr\/de\/wp-json\/wp\/v2\/pages\/2273","targetHints":{"allow":["GET"]}}],"collection":[{"href":"https:\/\/www.fleurette-florium.fr\/de\/wp-json\/wp\/v2\/pages"}],"about":[{"href":"https:\/\/www.fleurette-florium.fr\/de\/wp-json\/wp\/v2\/types\/page"}],"author":[{"embeddable":true,"href":"https:\/\/www.fleurette-florium.fr\/de\/wp-json\/wp\/v2\/users\/4"}],"replies":[{"embeddable":true,"href":"https:\/\/www.fleurette-florium.fr\/de\/wp-json\/wp\/v2\/comments?post=2273"}],"version-history":[{"count":11,"href":"https:\/\/www.fleurette-florium.fr\/de\/wp-json\/wp\/v2\/pages\/2273\/revisions"}],"predecessor-version":[{"id":5617,"href":"https:\/\/www.fleurette-florium.fr\/de\/wp-json\/wp\/v2\/pages\/2273\/revisions\/5617"}],"wp:attachment":[{"href":"https:\/\/www.fleurette-florium.fr\/de\/wp-json\/wp\/v2\/media?parent=2273"}],"curies":[{"name":"wp","href":"https:\/\/api.w.org\/{rel}","templated":true}]}}