{"id":2250,"date":"2015-07-28T16:48:47","date_gmt":"2015-07-28T15:48:47","guid":{"rendered":"http:\/\/florium.fr\/de\/notre-savoir-faire\/"},"modified":"2019-01-14T16:20:38","modified_gmt":"2019-01-14T15:20:38","slug":"unser-know-how","status":"publish","type":"page","link":"https:\/\/www.fleurette-florium.fr\/de\/unser-know-how\/","title":{"rendered":"Unser Know-how"},"content":{"rendered":"<div class=\"wpb-content-wrapper\"><p>[vc_row full_width=&nbsp;&raquo;&nbsp;&raquo; parallax=&nbsp;&raquo;&nbsp;&raquo; parallax_image=&nbsp;&raquo;&nbsp;&raquo;][vc_column width=&nbsp;&raquo;2\/3&Prime;][vc_single_image border_color=&nbsp;&raquo;grey&nbsp;&raquo; img_link_large=&nbsp;&raquo;&nbsp;&raquo; img_link_target=&nbsp;&raquo;_self&nbsp;&raquo; img_size=&nbsp;&raquo;full&nbsp;&raquo; image=&nbsp;&raquo;4918&Prime;][vc_gallery type=&nbsp;&raquo;image_grid&nbsp;&raquo; interval=&nbsp;&raquo;3&Prime; images=&nbsp;&raquo;4261,4262&Prime; onclick=&nbsp;&raquo;link_image&nbsp;&raquo; custom_links_target=&nbsp;&raquo;_self&nbsp;&raquo; img_size=&nbsp;&raquo;thumbnail&nbsp;&raquo;][\/vc_column][vc_column width=&nbsp;&raquo;1\/3&Prime;][vc_column_text el_class=&nbsp;&raquo;savoirfaire_texte_droite&nbsp;&raquo;]<\/p>\n<h3 class=\"p1\">Die Verbindung von Holz und Design<\/h3>\n<ul>\n<li><a href=\"\/?page_id=2250\">Schreinerei<\/a><\/li>\n<li><a href=\"\/?page_id=2296\">Polyester<\/a><\/li>\n<li><a href=\"\/?page_id=2309\">Lederausstattung\u00a0Design<\/a><\/li>\n<li><a href=\"\/?page_id=2301\">Recovery System<\/a><\/li>\n<li><a href=\"\/?page_id=2273\">AL-KO Fahrgestell<\/a><\/li>\n<li><a href=\"\/?page_id=2282\">Alde Heizung<\/a><\/li>\n<li><a href=\"\/?page_id=2265\">Ausr\u00fcstung<\/a><\/li>\n<li><a href=\"\/?page_id=2289\">Pakete und\u00a0Optionen<\/a><\/li>\n<\/ul>\n<p>[\/vc_column_text][\/vc_column][\/vc_row][vc_row full_width=&nbsp;&raquo;&nbsp;&raquo; parallax=&nbsp;&raquo;&nbsp;&raquo; parallax_image=&nbsp;&raquo;&nbsp;&raquo;][vc_column width=&nbsp;&raquo;2\/3&Prime;][vc_column_text el_class=&nbsp;&raquo;savoirfaire_texte_gauche_dessous&nbsp;&raquo;]<\/p>\n<h2>STIL MIT DER HANDSCHRIFT VON FLORIUM,<span class=\"Apple-converted-space\">\u00a0<\/span><\/h2>\n<h3>raffinierte Kunsttischlerei f\u00fcr Luxus-Reisemobile.<\/h3>\n<p>Die Kunsttischlerei hat bei Fleurette Constructeur historischen Wert, daher steht f\u00fcr uns eine sorgf\u00e4ltige Verarbeitung mit Liebe zum Detail im Vordergrund. Unsere einzigartigen Inneneinrichtungen sorgen f\u00fcr Wohlbefinden pur, ganz im Sinne des Ziels, Ihnen au\u00dfergew\u00f6hnliche, immer komfortablere und modernere Reisemobile anzubieten.<\/p>\n<p>Die Arbeitsweisen ver\u00e4ndern sich und auch wir m\u00fcssen unseren Herstellungsprozess anpassen, um die hohe Qualit\u00e4t unserer Fahrzeuge und die handwerklichen Verfahren sowie unser einzigartiges Know-how bei der Herstellung unserer M\u00f6bel zukunftssicher zu machen.<span class=\"Apple-converted-space\">\u00a0<\/span><\/p>\n<p>Unsere Kunsttischlerei vereint verschiedene Kompetenzen und Prozesse, die die Grundrisse und Einrichtungen unserer Luxus-Reisemobile kontinuierlich bereichern. Unsere Mitarbeiter haben h\u00f6chste Anspr\u00fcche an ihre Arbeit und setzen Jahr f\u00fcr Jahr alles daran, den Kunden die besten Innenausstattungen aus Holz zu bieten, sowohl in puncto Verarbeitung als auch bei den Behandlungen.[\/vc_column_text][vc_column_text el_class=&nbsp;&raquo;savoirfaire_texte_gauche_dessous&nbsp;&raquo; css=&nbsp;&raquo;.vc_custom_1534950996146{padding-top: 30px !important;padding-right: 30px !important;padding-bottom: 30px !important;padding-left: 30px !important;background-color: rgba(239,228,207,0.5) !important;*background-color: rgb(239,228,207) !important;}&nbsp;&raquo;]<\/p>\n<blockquote>\n<h4>Die Kunsttischlerei von FLEURETTE CONSTRUCTEUR, bew\u00e4hrtes Know-how seit mehr als 50 Jahren<\/h4>\n<\/blockquote>\n<ul>\n<li class=\"p1\">F\u00fcr Robustheit und h\u00f6here Dauerhaftigkeit<\/li>\n<li class=\"p1\">F\u00fcr einladende, einzigartige Innenr\u00e4ume<\/li>\n<li class=\"p1\">F\u00fcr funktionale, und elegante M\u00f6bel<\/li>\n<\/ul>\n<p>[\/vc_column_text][\/vc_column][vc_column width=&nbsp;&raquo;1\/3&Prime;][vc_video link=&nbsp;&raquo;https:\/\/www.youtube.com\/watch?v=KYfrglj0oUg&amp;index=1&amp;list=PUN1yMM0pdFR9KdMIqadwyRg&nbsp;&raquo;][vc_single_image image=&nbsp;&raquo;5051&Prime; alignment=&nbsp;&raquo;&nbsp;&raquo; style=&nbsp;&raquo;&nbsp;&raquo; border_color=&nbsp;&raquo;white&nbsp;&raquo; img_link_large=&nbsp;&raquo;&nbsp;&raquo; img_link_target=&nbsp;&raquo;_self&nbsp;&raquo; css_animation=&nbsp;&raquo;&nbsp;&raquo; img_size=&nbsp;&raquo;400&#215;385&Prime;][\/vc_column][\/vc_row]<\/p>\n<\/div>","protected":false},"excerpt":{"rendered":"<p>[vc_row full_width=&nbsp;&raquo;&nbsp;&raquo; parallax=&nbsp;&raquo;&nbsp;&raquo; parallax_image=&nbsp;&raquo;&nbsp;&raquo;][vc_column width=&nbsp;&raquo;2\/3&Prime;][vc_single_image border_color=&nbsp;&raquo;grey&nbsp;&raquo; img_link_large=&nbsp;&raquo;&nbsp;&raquo; img_link_target=&nbsp;&raquo;_self&nbsp;&raquo; img_size=&nbsp;&raquo;full&nbsp;&raquo; image=&nbsp;&raquo;4918&Prime;][vc_gallery type=&nbsp;&raquo;image_grid&nbsp;&raquo; interval=&nbsp;&raquo;3&Prime; images=&nbsp;&raquo;4261,4262&Prime; onclick=&nbsp;&raquo;link_image&nbsp;&raquo; custom_links_target=&nbsp;&raquo;_self&nbsp;&raquo; img_size=&nbsp;&raquo;thumbnail&nbsp;&raquo;][\/vc_column][vc_column width=&nbsp;&raquo;1\/3&Prime;][vc_column_text el_class=&nbsp;&raquo;savoirfaire_texte_droite&nbsp;&raquo;] Die Verbindung von Holz und Design Schreinerei Polyester Lederausstattung\u00a0Design Recovery System AL-KO Fahrgestell Alde Heizung Ausr\u00fcstung Pakete und\u00a0Optionen [\/vc_column_text][\/vc_column][\/vc_row][vc_row full_width=&nbsp;&raquo;&nbsp;&raquo; parallax=&nbsp;&raquo;&nbsp;&raquo; parallax_image=&nbsp;&raquo;&nbsp;&raquo;][vc_column width=&nbsp;&raquo;2\/3&Prime;][vc_column_text el_class=&nbsp;&raquo;savoirfaire_texte_gauche_dessous&nbsp;&raquo;] STIL MIT DER HANDSCHRIFT VON FLORIUM,\u00a0 raffinierte Kunsttischlerei f\u00fcr Luxus-Reisemobile. Die Kunsttischlerei hat [&hellip;]<\/p>\n","protected":false},"author":67182,"featured_media":0,"parent":0,"menu_order":1,"comment_status":"closed","ping_status":"closed","template":"","meta":{"_acf_changed":false,"footnotes":""},"class_list":["post-2250","page","type-page","status-publish","hentry"],"acf":[],"yoast_head":"<!-- This site is optimized with the Yoast SEO plugin v27.5 - https:\/\/yoast.com\/product\/yoast-seo-wordpress\/ -->\n<title>Unser Know-how - Fleurette Florium<\/title>\n<meta name=\"robots\" content=\"index, follow, max-snippet:-1, max-image-preview:large, max-video-preview:-1\" \/>\n<link rel=\"canonical\" href=\"https:\/\/www.fleurette-florium.fr\/de\/unser-know-how\/\" \/>\n<meta property=\"og:locale\" content=\"de_DE\" \/>\n<meta property=\"og:type\" content=\"article\" \/>\n<meta property=\"og:title\" content=\"Unser Know-how - Fleurette Florium\" \/>\n<meta property=\"og:description\" content=\"[vc_row full_width=&nbsp;&raquo;&nbsp;&raquo; parallax=&nbsp;&raquo;&nbsp;&raquo; parallax_image=&nbsp;&raquo;&nbsp;&raquo;][vc_column width=&nbsp;&raquo;2\/3&Prime;][vc_single_image border_color=&nbsp;&raquo;grey&nbsp;&raquo; img_link_large=&nbsp;&raquo;&nbsp;&raquo; img_link_target=&nbsp;&raquo;_self&nbsp;&raquo; img_size=&nbsp;&raquo;full&nbsp;&raquo; image=&nbsp;&raquo;4918&Prime;][vc_gallery type=&nbsp;&raquo;image_grid&nbsp;&raquo; interval=&nbsp;&raquo;3&Prime; images=&nbsp;&raquo;4261,4262&Prime; onclick=&nbsp;&raquo;link_image&nbsp;&raquo; custom_links_target=&nbsp;&raquo;_self&nbsp;&raquo; img_size=&nbsp;&raquo;thumbnail&nbsp;&raquo;][\/vc_column][vc_column width=&nbsp;&raquo;1\/3&Prime;][vc_column_text el_class=&nbsp;&raquo;savoirfaire_texte_droite&nbsp;&raquo;] Die Verbindung von Holz und Design Schreinerei Polyester Lederausstattung\u00a0Design Recovery System AL-KO Fahrgestell Alde Heizung Ausr\u00fcstung Pakete und\u00a0Optionen [\/vc_column_text][\/vc_column][\/vc_row][vc_row full_width=&nbsp;&raquo;&nbsp;&raquo; parallax=&nbsp;&raquo;&nbsp;&raquo; parallax_image=&nbsp;&raquo;&nbsp;&raquo;][vc_column width=&nbsp;&raquo;2\/3&Prime;][vc_column_text el_class=&nbsp;&raquo;savoirfaire_texte_gauche_dessous&nbsp;&raquo;] STIL MIT DER HANDSCHRIFT VON FLORIUM,\u00a0 raffinierte Kunsttischlerei f\u00fcr Luxus-Reisemobile. Die Kunsttischlerei hat [&hellip;]\" \/>\n<meta property=\"og:url\" content=\"https:\/\/www.fleurette-florium.fr\/de\/unser-know-how\/\" \/>\n<meta property=\"og:site_name\" content=\"Fleurette Florium\" \/>\n<meta property=\"article:modified_time\" content=\"2019-01-14T15:20:38+00:00\" \/>\n<meta name=\"twitter:label1\" content=\"Gesch\u00e4tzte Lesezeit\" \/>\n\t<meta name=\"twitter:data1\" content=\"2 minutes\" \/>\n<script type=\"application\/ld+json\" class=\"yoast-schema-graph\">{\"@context\":\"https:\\\/\\\/schema.org\",\"@graph\":[{\"@type\":\"WebPage\",\"@id\":\"https:\\\/\\\/www.fleurette-florium.fr\\\/de\\\/unser-know-how\\\/\",\"url\":\"https:\\\/\\\/www.fleurette-florium.fr\\\/de\\\/unser-know-how\\\/\",\"name\":\"Unser Know-how - Fleurette Florium\",\"isPartOf\":{\"@id\":\"https:\\\/\\\/www.fleurette-florium.fr\\\/#website\"},\"datePublished\":\"2015-07-28T15:48:47+00:00\",\"dateModified\":\"2019-01-14T15:20:38+00:00\",\"breadcrumb\":{\"@id\":\"https:\\\/\\\/www.fleurette-florium.fr\\\/de\\\/unser-know-how\\\/#breadcrumb\"},\"inLanguage\":\"de-DE\",\"potentialAction\":[{\"@type\":\"ReadAction\",\"target\":[\"https:\\\/\\\/www.fleurette-florium.fr\\\/de\\\/unser-know-how\\\/\"]}]},{\"@type\":\"BreadcrumbList\",\"@id\":\"https:\\\/\\\/www.fleurette-florium.fr\\\/de\\\/unser-know-how\\\/#breadcrumb\",\"itemListElement\":[{\"@type\":\"ListItem\",\"position\":1,\"name\":\"\",\"item\":\"https:\\\/\\\/www.fleurette-florium.fr\\\/de\\\/\"},{\"@type\":\"ListItem\",\"position\":2,\"name\":\"Unser Know-how\"}]},{\"@type\":\"WebSite\",\"@id\":\"https:\\\/\\\/www.fleurette-florium.fr\\\/#website\",\"url\":\"https:\\\/\\\/www.fleurette-florium.fr\\\/\",\"name\":\"Fleurette Florium\",\"description\":\"\",\"publisher\":{\"@id\":\"https:\\\/\\\/www.fleurette-florium.fr\\\/#organization\"},\"potentialAction\":[{\"@type\":\"SearchAction\",\"target\":{\"@type\":\"EntryPoint\",\"urlTemplate\":\"https:\\\/\\\/www.fleurette-florium.fr\\\/?s={search_term_string}\"},\"query-input\":{\"@type\":\"PropertyValueSpecification\",\"valueRequired\":true,\"valueName\":\"search_term_string\"}}],\"inLanguage\":\"de-DE\"},{\"@type\":\"Organization\",\"@id\":\"https:\\\/\\\/www.fleurette-florium.fr\\\/#organization\",\"name\":\"Fleurette Florium\",\"url\":\"https:\\\/\\\/www.fleurette-florium.fr\\\/\",\"logo\":{\"@type\":\"ImageObject\",\"inLanguage\":\"de-DE\",\"@id\":\"https:\\\/\\\/www.fleurette-florium.fr\\\/#\\\/schema\\\/logo\\\/image\\\/\",\"url\":\"https:\\\/\\\/www.fleurette-florium.fr\\\/wp-content\\\/uploads\\\/2021\\\/07\\\/logo-fleurette-florium-scaled.png\",\"contentUrl\":\"https:\\\/\\\/www.fleurette-florium.fr\\\/wp-content\\\/uploads\\\/2021\\\/07\\\/logo-fleurette-florium-scaled.png\",\"width\":2560,\"height\":830,\"caption\":\"Fleurette Florium\"},\"image\":{\"@id\":\"https:\\\/\\\/www.fleurette-florium.fr\\\/#\\\/schema\\\/logo\\\/image\\\/\"}}]}<\/script>\n<!-- \/ Yoast SEO plugin. -->","yoast_head_json":{"title":"Unser Know-how - Fleurette Florium","robots":{"index":"index","follow":"follow","max-snippet":"max-snippet:-1","max-image-preview":"max-image-preview:large","max-video-preview":"max-video-preview:-1"},"canonical":"https:\/\/www.fleurette-florium.fr\/de\/unser-know-how\/","og_locale":"de_DE","og_type":"article","og_title":"Unser Know-how - Fleurette Florium","og_description":"[vc_row full_width=&nbsp;&raquo;&nbsp;&raquo; parallax=&nbsp;&raquo;&nbsp;&raquo; parallax_image=&nbsp;&raquo;&nbsp;&raquo;][vc_column width=&nbsp;&raquo;2\/3&Prime;][vc_single_image border_color=&nbsp;&raquo;grey&nbsp;&raquo; img_link_large=&nbsp;&raquo;&nbsp;&raquo; img_link_target=&nbsp;&raquo;_self&nbsp;&raquo; img_size=&nbsp;&raquo;full&nbsp;&raquo; image=&nbsp;&raquo;4918&Prime;][vc_gallery type=&nbsp;&raquo;image_grid&nbsp;&raquo; interval=&nbsp;&raquo;3&Prime; images=&nbsp;&raquo;4261,4262&Prime; onclick=&nbsp;&raquo;link_image&nbsp;&raquo; custom_links_target=&nbsp;&raquo;_self&nbsp;&raquo; img_size=&nbsp;&raquo;thumbnail&nbsp;&raquo;][\/vc_column][vc_column width=&nbsp;&raquo;1\/3&Prime;][vc_column_text el_class=&nbsp;&raquo;savoirfaire_texte_droite&nbsp;&raquo;] Die Verbindung von Holz und Design Schreinerei Polyester Lederausstattung\u00a0Design Recovery System AL-KO Fahrgestell Alde Heizung Ausr\u00fcstung Pakete und\u00a0Optionen [\/vc_column_text][\/vc_column][\/vc_row][vc_row full_width=&nbsp;&raquo;&nbsp;&raquo; parallax=&nbsp;&raquo;&nbsp;&raquo; parallax_image=&nbsp;&raquo;&nbsp;&raquo;][vc_column width=&nbsp;&raquo;2\/3&Prime;][vc_column_text el_class=&nbsp;&raquo;savoirfaire_texte_gauche_dessous&nbsp;&raquo;] STIL MIT DER HANDSCHRIFT VON FLORIUM,\u00a0 raffinierte Kunsttischlerei f\u00fcr Luxus-Reisemobile. Die Kunsttischlerei hat [&hellip;]","og_url":"https:\/\/www.fleurette-florium.fr\/de\/unser-know-how\/","og_site_name":"Fleurette Florium","article_modified_time":"2019-01-14T15:20:38+00:00","twitter_misc":{"Gesch\u00e4tzte Lesezeit":"2 minutes"},"schema":{"@context":"https:\/\/schema.org","@graph":[{"@type":"WebPage","@id":"https:\/\/www.fleurette-florium.fr\/de\/unser-know-how\/","url":"https:\/\/www.fleurette-florium.fr\/de\/unser-know-how\/","name":"Unser Know-how - Fleurette Florium","isPartOf":{"@id":"https:\/\/www.fleurette-florium.fr\/#website"},"datePublished":"2015-07-28T15:48:47+00:00","dateModified":"2019-01-14T15:20:38+00:00","breadcrumb":{"@id":"https:\/\/www.fleurette-florium.fr\/de\/unser-know-how\/#breadcrumb"},"inLanguage":"de-DE","potentialAction":[{"@type":"ReadAction","target":["https:\/\/www.fleurette-florium.fr\/de\/unser-know-how\/"]}]},{"@type":"BreadcrumbList","@id":"https:\/\/www.fleurette-florium.fr\/de\/unser-know-how\/#breadcrumb","itemListElement":[{"@type":"ListItem","position":1,"name":"","item":"https:\/\/www.fleurette-florium.fr\/de\/"},{"@type":"ListItem","position":2,"name":"Unser Know-how"}]},{"@type":"WebSite","@id":"https:\/\/www.fleurette-florium.fr\/#website","url":"https:\/\/www.fleurette-florium.fr\/","name":"Fleurette Florium","description":"","publisher":{"@id":"https:\/\/www.fleurette-florium.fr\/#organization"},"potentialAction":[{"@type":"SearchAction","target":{"@type":"EntryPoint","urlTemplate":"https:\/\/www.fleurette-florium.fr\/?s={search_term_string}"},"query-input":{"@type":"PropertyValueSpecification","valueRequired":true,"valueName":"search_term_string"}}],"inLanguage":"de-DE"},{"@type":"Organization","@id":"https:\/\/www.fleurette-florium.fr\/#organization","name":"Fleurette Florium","url":"https:\/\/www.fleurette-florium.fr\/","logo":{"@type":"ImageObject","inLanguage":"de-DE","@id":"https:\/\/www.fleurette-florium.fr\/#\/schema\/logo\/image\/","url":"https:\/\/www.fleurette-florium.fr\/wp-content\/uploads\/2021\/07\/logo-fleurette-florium-scaled.png","contentUrl":"https:\/\/www.fleurette-florium.fr\/wp-content\/uploads\/2021\/07\/logo-fleurette-florium-scaled.png","width":2560,"height":830,"caption":"Fleurette Florium"},"image":{"@id":"https:\/\/www.fleurette-florium.fr\/#\/schema\/logo\/image\/"}}]}},"_links":{"self":[{"href":"https:\/\/www.fleurette-florium.fr\/de\/wp-json\/wp\/v2\/pages\/2250","targetHints":{"allow":["GET"]}}],"collection":[{"href":"https:\/\/www.fleurette-florium.fr\/de\/wp-json\/wp\/v2\/pages"}],"about":[{"href":"https:\/\/www.fleurette-florium.fr\/de\/wp-json\/wp\/v2\/types\/page"}],"author":[{"embeddable":true,"href":"https:\/\/www.fleurette-florium.fr\/de\/wp-json\/wp\/v2\/users\/67182"}],"replies":[{"embeddable":true,"href":"https:\/\/www.fleurette-florium.fr\/de\/wp-json\/wp\/v2\/comments?post=2250"}],"version-history":[{"count":10,"href":"https:\/\/www.fleurette-florium.fr\/de\/wp-json\/wp\/v2\/pages\/2250\/revisions"}],"predecessor-version":[{"id":5618,"href":"https:\/\/www.fleurette-florium.fr\/de\/wp-json\/wp\/v2\/pages\/2250\/revisions\/5618"}],"wp:attachment":[{"href":"https:\/\/www.fleurette-florium.fr\/de\/wp-json\/wp\/v2\/media?parent=2250"}],"curies":[{"name":"wp","href":"https:\/\/api.w.org\/{rel}","templated":true}]}}