{"id":2247,"date":"2015-07-28T16:48:25","date_gmt":"2015-07-28T15:48:25","guid":{"rendered":"http:\/\/florium.fr\/de\/qui-sommes-nous\/"},"modified":"2018-08-24T15:30:14","modified_gmt":"2018-08-24T14:30:14","slug":"wer-sind-wir-2","status":"publish","type":"page","link":"https:\/\/www.fleurette-florium.fr\/de\/wer-sind-wir-2\/","title":{"rendered":"Wer sind wir?"},"content":{"rendered":"<div class=\"wpb-content-wrapper\"><p>[vc_row full_width=&nbsp;&raquo;&nbsp;&raquo; parallax=&nbsp;&raquo;&nbsp;&raquo; parallax_image=&nbsp;&raquo;&nbsp;&raquo;][vc_column width=&nbsp;&raquo;1\/6&Prime;][\/vc_column][vc_column width=&nbsp;&raquo;2\/3&Prime;][vc_column_text]<\/p>\n<h1 style=\"text-align: center;\">Der Reisemobil-Hersteller Fleurette Constructeur bietet zwei Marken: FLEURETTE seit 1967 und FLORIUM seit 2010.<span class=\"Apple-converted-space\">\u00a0<\/span><\/h1>\n<p>[\/vc_column_text][vc_empty_space height=&nbsp;&raquo;16&Prime;][\/vc_column][vc_column width=&nbsp;&raquo;1\/6&Prime;][\/vc_column][\/vc_row][vc_row full_width=&nbsp;&raquo;stretch_row&nbsp;&raquo; parallax=&nbsp;&raquo;&nbsp;&raquo; parallax_image=&nbsp;&raquo;&nbsp;&raquo; css=&nbsp;&raquo;.vc_custom_1533634718822{padding-top: 100px !important;padding-bottom: 100px !important;background-color: rgba(239,228,207,0.5) !important;*background-color: rgb(239,228,207) !important;}&nbsp;&raquo;][vc_column width=&nbsp;&raquo;1\/12&Prime;][\/vc_column][vc_column width=&nbsp;&raquo;5\/12&Prime;][vc_column_text]<\/p>\n<h4><strong>WARUM DIE ZWEITE REISEMOBILMARKE FLORIUM?<\/strong><\/h4>\n<p><span style=\"font-family: 'Arial',sans-serif;\"><span style=\"color: #000000; font-size: medium;\"><br \/>\n<\/span><\/span><\/p>\n<p>Die Marke Fleurette ist schon seit jeher f\u00fcr ihr Know-how bei der Arbeit mit Polyester, ihre Herstellungsqualit\u00e4t und ihre schicken und traditionellen M\u00f6bel bekannt. Florium profitiert von demselben Herstellungs-Know-how und denselben Werten, hebt sich jedoch durch sein edles Ambiente ab: mehr Design, mehr Luxus. Die Florium-Fahrzeuge verk\u00f6rpern modernen Luxus. Zur gro\u00dfen Freude unserer Kundinnen\u00a0\u2026<span class=\"Apple-converted-space\">\u00a0<\/span>[\/vc_column_text][\/vc_column][vc_column width=&nbsp;&raquo;5\/12&Prime;][vc_column_text]Florium ist insbesondere das Ergebnis der Nachfrage unserer Kundinnen. Ihre M\u00e4nner wussten die Qualit\u00e4t von Fleurette zu sch\u00e4tzen, w\u00e4hrend sie sich ein dekorativeres, raffinierteres und moderneres Ambiente und luxuri\u00f6se Ausstattungen w\u00fcnschten.<\/p>\n<p>Ihr Wunsch wurde erh\u00f6rt! Und wir werden den Vorschl\u00e4gen und W\u00fcnschen unserer Kundinnen und Kunden auch in Zukunft gr\u00f6\u00dfte Bedeutung beimessen.[\/vc_column_text][\/vc_column][vc_column width=&nbsp;&raquo;1\/12&Prime;][\/vc_column][\/vc_row][vc_row full_width=&nbsp;&raquo;stretch_row&nbsp;&raquo; parallax=&nbsp;&raquo;&nbsp;&raquo; parallax_image=&nbsp;&raquo;&nbsp;&raquo; css=&nbsp;&raquo;.vc_custom_1533564839358{padding-top: 60px !important;padding-bottom: 60px !important;}&nbsp;&raquo;][vc_column width=&nbsp;&raquo;1\/12&Prime;][\/vc_column][vc_column width=&nbsp;&raquo;5\/12&Prime;][vc_column_text]<\/p>\n<h2><strong>Florium, das \u00abFrench Tech\u00bb\u00a0Luxus-Reisemobil in Reinform.<\/strong><\/h2>\n<p>[\/vc_column_text][vc_column_text]Ein rassiges Au\u00dfendesign, vom Nautic-Stil inspirierte Innenr\u00e4ume, moderne Einrichtungen, integrierte Technologien, komfortable Polsterungen\u00a0&#8230; Ihr Florium \u201eFrench Tech\u201c bietet Luxus der Spitzenklasse, damit Sie Ihrem Reiseinstinkt so komfortabel wie m\u00f6glich folgen k\u00f6nnen.<\/p>\n<p>Gestalten Sie Ihren Luxusurlaub, zu zweit, mit der Familie oder mit Freunden. Sie werden sich in unseren Modellen mit edlen Ausf\u00fchrungen und durchdachten Grundrissen f\u00fcr eine optimale Raumnutzung ganz wie zu Hause f\u00fchlen. Sie sorgen daf\u00fcr, dass Sie Ihre Reisen in vollen Z\u00fcgen genie\u00dfen k\u00f6nnen.[\/vc_column_text][\/vc_column][vc_column width=&nbsp;&raquo;5\/12&Prime;][vc_single_image image=&nbsp;&raquo;4777&Prime; alignment=&nbsp;&raquo;right&nbsp;&raquo; style=&nbsp;&raquo;vc_box_outline&nbsp;&raquo; border_color=&nbsp;&raquo;grey&nbsp;&raquo; img_link_large=&nbsp;&raquo;&nbsp;&raquo; img_link_target=&nbsp;&raquo;_self&nbsp;&raquo; css_animation=&nbsp;&raquo;&nbsp;&raquo; img_size=&nbsp;&raquo;600&#215;500&Prime;][\/vc_column][vc_column width=&nbsp;&raquo;1\/12&Prime;][\/vc_column][\/vc_row][vc_row full_width=&nbsp;&raquo;stretch_row&nbsp;&raquo; parallax=&nbsp;&raquo;&nbsp;&raquo; parallax_image=&nbsp;&raquo;&nbsp;&raquo; css=&nbsp;&raquo;.vc_custom_1533634730577{padding-top: 100px !important;padding-bottom: 100px !important;background-color: rgba(239,228,207,0.5) !important;*background-color: rgb(239,228,207) !important;}&nbsp;&raquo;][vc_column width=&nbsp;&raquo;1\/12&Prime;][\/vc_column][vc_column width=&nbsp;&raquo;5\/12&Prime;][vc_single_image image=&nbsp;&raquo;4918&Prime; alignment=&nbsp;&raquo;&nbsp;&raquo; style=&nbsp;&raquo;vc_box_outline&nbsp;&raquo; border_color=&nbsp;&raquo;white&nbsp;&raquo; img_link_large=&nbsp;&raquo;&nbsp;&raquo; img_link_target=&nbsp;&raquo;_self&nbsp;&raquo; css_animation=&nbsp;&raquo;&nbsp;&raquo; img_size=&nbsp;&raquo;600 x 470&Prime;][\/vc_column][vc_column width=&nbsp;&raquo;5\/12&Prime;][vc_column_text]<\/p>\n<h2><strong>Die gleiche Herstellungsqualit\u00e4t<\/strong><br \/>\n<strong> By Fleurette Constructeur<\/strong><\/h2>\n<p>[\/vc_column_text][vc_column_text]Die Florium-Reisemobile werden in unserer Produktionsfabrik in Benet (85) mit den gleichen Verfahren hergestellt wie die Fleurette-Reisemobile.<\/p>\n<p>Wir sind aktuell der einzige franz\u00f6sische Reisemobilhersteller, der sich mit dem Label \u201eMade in France\u201c schm\u00fccken kann, die Produktion der Reisemobile ist vollst\u00e4ndig in unser Werk integriert.[\/vc_column_text][\/vc_column][vc_column width=&nbsp;&raquo;1\/12&Prime;][\/vc_column][\/vc_row][vc_row full_width=&nbsp;&raquo;&nbsp;&raquo; parallax=&nbsp;&raquo;&nbsp;&raquo; parallax_image=&nbsp;&raquo;&nbsp;&raquo;][vc_column width=&nbsp;&raquo;1\/1&Prime; css=&nbsp;&raquo;.vc_custom_1533567219994{padding-top: 60px !important;padding-bottom: 60px !important;}&nbsp;&raquo;][vc_btn title=&nbsp;&raquo;Entdecken Fleurette&nbsp;&raquo; style=&nbsp;&raquo;custom&nbsp;&raquo; shape=&nbsp;&raquo;square&nbsp;&raquo; color=&nbsp;&raquo;grey&nbsp;&raquo; size=&nbsp;&raquo;lg&nbsp;&raquo; align=&nbsp;&raquo;center&nbsp;&raquo; i_align=&nbsp;&raquo;left&nbsp;&raquo; i_type=&nbsp;&raquo;openiconic&nbsp;&raquo; i_icon_fontawesome=&nbsp;&raquo;fa fa-adjust&nbsp;&raquo; i_icon_openiconic=&nbsp;&raquo;vc-oi vc-oi-plus-circle&nbsp;&raquo; i_icon_typicons=&nbsp;&raquo;typcn typcn-adjust-brightness&nbsp;&raquo; i_icon_entypo=&nbsp;&raquo;entypo-icon entypo-icon-note&nbsp;&raquo; i_icon_linecons=&nbsp;&raquo;vc_li vc_li-heart&nbsp;&raquo; link=&nbsp;&raquo;url:https%3A%2F%2Ffleurette.fr%2Fde%2F||target:%20_blank&nbsp;&raquo; custom_background=&nbsp;&raquo;#d7de3b&nbsp;&raquo; custom_text=&nbsp;&raquo;#ffffff&nbsp;&raquo; button_block=&nbsp;&raquo;&nbsp;&raquo; add_icon=&nbsp;&raquo;true&nbsp;&raquo; i_icon_pixelicons=&nbsp;&raquo;vc_pixel_icon vc_pixel_icon-alert&nbsp;&raquo;][\/vc_column][\/vc_row][vc_row full_width=&nbsp;&raquo;&nbsp;&raquo; parallax=&nbsp;&raquo;&nbsp;&raquo; parallax_image=&nbsp;&raquo;&nbsp;&raquo; el_class=&nbsp;&raquo;fullwidth_element margin-top-30 margin-bottom-none qsn_rassurance&nbsp;&raquo;][vc_column width=&nbsp;&raquo;1\/1&Prime; css=&nbsp;&raquo;.vc_custom_1533634744463{padding-top: 35px !important;padding-right: 100px !important;padding-bottom: 35px !important;padding-left: 100px !important;background-color: rgba(239,228,207,0.5) !important;*background-color: rgb(239,228,207) !important;}&nbsp;&raquo;][vc_row_inner][vc_column_inner el_class=&nbsp;&raquo;&nbsp;&raquo; width=&nbsp;&raquo;1\/3&Prime;][vc_single_image image=&nbsp;&raquo;1937&Prime; alignment=&nbsp;&raquo;center&nbsp;&raquo; border_color=&nbsp;&raquo;grey&nbsp;&raquo; img_link_large=&nbsp;&raquo;&nbsp;&raquo; img_link_target=&nbsp;&raquo;_self&nbsp;&raquo; img_size=&nbsp;&raquo;full&nbsp;&raquo; link=&nbsp;&raquo;https:\/\/www.fleurette-florium.fr\/de\/unser-know-how\/&nbsp;&raquo;][vc_column_text]<\/p>\n<p style=\"text-align: center;\">Ein beherrschtes Know-How<\/p>\n<p>[\/vc_column_text][\/vc_column_inner][vc_column_inner el_class=&nbsp;&raquo;&nbsp;&raquo; width=&nbsp;&raquo;1\/3&Prime;][vc_single_image image=&nbsp;&raquo;1938&Prime; alignment=&nbsp;&raquo;center&nbsp;&raquo; border_color=&nbsp;&raquo;grey&nbsp;&raquo; img_link_large=&nbsp;&raquo;&nbsp;&raquo; img_link_target=&nbsp;&raquo;_self&nbsp;&raquo; img_size=&nbsp;&raquo;full&nbsp;&raquo; link=&nbsp;&raquo;https:\/\/www.fleurette-florium.fr\/de\/unser-know-how\/&nbsp;&raquo;][vc_column_text]<\/p>\n<p style=\"text-align: center;\">Lehnen Sie sich zur\u00fcck !<\/p>\n<p>[\/vc_column_text][\/vc_column_inner][vc_column_inner el_class=&nbsp;&raquo;&nbsp;&raquo; width=&nbsp;&raquo;1\/3&Prime;][vc_single_image image=&nbsp;&raquo;1935&Prime; alignment=&nbsp;&raquo;center&nbsp;&raquo; border_color=&nbsp;&raquo;grey&nbsp;&raquo; img_link_large=&nbsp;&raquo;&nbsp;&raquo; img_link_target=&nbsp;&raquo;_self&nbsp;&raquo; img_size=&nbsp;&raquo;full&nbsp;&raquo; link=&nbsp;&raquo;https:\/\/www.fleurette-florium.fr\/de\/unser-know-how-lederausstattung-design\/&nbsp;&raquo;][vc_column_text]<\/p>\n<p style=\"text-align: center;\">Tendenzen und Technologien<\/p>\n<p>[\/vc_column_text][\/vc_column_inner][\/vc_row_inner][\/vc_column][\/vc_row]<\/p>\n<\/div>","protected":false},"excerpt":{"rendered":"<p>[vc_row full_width=&nbsp;&raquo;&nbsp;&raquo; parallax=&nbsp;&raquo;&nbsp;&raquo; parallax_image=&nbsp;&raquo;&nbsp;&raquo;][vc_column width=&nbsp;&raquo;1\/6&Prime;][\/vc_column][vc_column width=&nbsp;&raquo;2\/3&Prime;][vc_column_text] Der Reisemobil-Hersteller Fleurette Constructeur bietet zwei Marken: FLEURETTE seit 1967 und FLORIUM seit 2010.\u00a0 [\/vc_column_text][vc_empty_space height=&nbsp;&raquo;16&Prime;][\/vc_column][vc_column width=&nbsp;&raquo;1\/6&Prime;][\/vc_column][\/vc_row][vc_row full_width=&nbsp;&raquo;stretch_row&nbsp;&raquo; parallax=&nbsp;&raquo;&nbsp;&raquo; parallax_image=&nbsp;&raquo;&nbsp;&raquo; css=&nbsp;&raquo;.vc_custom_1533634718822{padding-top: 100px !important;padding-bottom: 100px !important;background-color: rgba(239,228,207,0.5) !important;*background-color: rgb(239,228,207) !important;}&nbsp;&raquo;][vc_column width=&nbsp;&raquo;1\/12&Prime;][\/vc_column][vc_column width=&nbsp;&raquo;5\/12&Prime;][vc_column_text] WARUM DIE ZWEITE REISEMOBILMARKE FLORIUM? Die Marke Fleurette ist schon seit jeher f\u00fcr ihr Know-how bei der Arbeit [&hellip;]<\/p>\n","protected":false},"author":67182,"featured_media":0,"parent":0,"menu_order":0,"comment_status":"closed","ping_status":"closed","template":"","meta":{"_acf_changed":false,"footnotes":""},"class_list":["post-2247","page","type-page","status-publish","hentry"],"acf":[],"yoast_head":"<!-- This site is optimized with the Yoast SEO plugin v27.5 - https:\/\/yoast.com\/product\/yoast-seo-wordpress\/ -->\n<title>Florium, constructeur camping-car fran\u00e7ais depuis 1967<\/title>\n<meta name=\"description\" content=\"Fleurette, constructeur camping-car fran\u00e7ais depuis 1967 r\u00e9pond \u00e0 un besoin croissant de voyager ! Fleurette cr\u00e9e et fabrique une ligne de camping-cars compacts profil\u00e9s et int\u00e9graux haut de gamme dont les ambiances classiques traduisent le raffinement et l&#039;\u00e9l\u00e9gance de la marque\" \/>\n<meta name=\"robots\" content=\"index, follow, max-snippet:-1, max-image-preview:large, max-video-preview:-1\" \/>\n<link rel=\"canonical\" href=\"https:\/\/www.fleurette-florium.fr\/de\/wer-sind-wir-2\/\" \/>\n<meta property=\"og:locale\" content=\"de_DE\" \/>\n<meta property=\"og:type\" content=\"article\" \/>\n<meta property=\"og:title\" content=\"Florium, constructeur camping-car fran\u00e7ais depuis 1967\" \/>\n<meta property=\"og:description\" content=\"Fleurette, constructeur camping-car fran\u00e7ais depuis 1967 r\u00e9pond \u00e0 un besoin croissant de voyager ! Fleurette cr\u00e9e et fabrique une ligne de camping-cars compacts profil\u00e9s et int\u00e9graux haut de gamme dont les ambiances classiques traduisent le raffinement et l&#039;\u00e9l\u00e9gance de la marque\" \/>\n<meta property=\"og:url\" content=\"https:\/\/www.fleurette-florium.fr\/de\/wer-sind-wir-2\/\" \/>\n<meta property=\"og:site_name\" content=\"Fleurette Florium\" \/>\n<meta property=\"article:modified_time\" content=\"2018-08-24T14:30:14+00:00\" \/>\n<meta name=\"twitter:label1\" content=\"Gesch\u00e4tzte Lesezeit\" \/>\n\t<meta name=\"twitter:data1\" content=\"4 minutes\" \/>\n<script type=\"application\/ld+json\" class=\"yoast-schema-graph\">{\"@context\":\"https:\\\/\\\/schema.org\",\"@graph\":[{\"@type\":\"WebPage\",\"@id\":\"https:\\\/\\\/www.fleurette-florium.fr\\\/de\\\/wer-sind-wir-2\\\/\",\"url\":\"https:\\\/\\\/www.fleurette-florium.fr\\\/de\\\/wer-sind-wir-2\\\/\",\"name\":\"Florium, constructeur camping-car fran\u00e7ais depuis 1967\",\"isPartOf\":{\"@id\":\"https:\\\/\\\/www.fleurette-florium.fr\\\/#website\"},\"datePublished\":\"2015-07-28T15:48:25+00:00\",\"dateModified\":\"2018-08-24T14:30:14+00:00\",\"description\":\"Fleurette, constructeur camping-car fran\u00e7ais depuis 1967 r\u00e9pond \u00e0 un besoin croissant de voyager ! Fleurette cr\u00e9e et fabrique une ligne de camping-cars compacts profil\u00e9s et int\u00e9graux haut de gamme dont les ambiances classiques traduisent le raffinement et l'\u00e9l\u00e9gance de la marque\",\"breadcrumb\":{\"@id\":\"https:\\\/\\\/www.fleurette-florium.fr\\\/de\\\/wer-sind-wir-2\\\/#breadcrumb\"},\"inLanguage\":\"de-DE\",\"potentialAction\":[{\"@type\":\"ReadAction\",\"target\":[\"https:\\\/\\\/www.fleurette-florium.fr\\\/de\\\/wer-sind-wir-2\\\/\"]}]},{\"@type\":\"BreadcrumbList\",\"@id\":\"https:\\\/\\\/www.fleurette-florium.fr\\\/de\\\/wer-sind-wir-2\\\/#breadcrumb\",\"itemListElement\":[{\"@type\":\"ListItem\",\"position\":1,\"name\":\"\",\"item\":\"https:\\\/\\\/www.fleurette-florium.fr\\\/de\\\/\"},{\"@type\":\"ListItem\",\"position\":2,\"name\":\"Wer sind wir?\"}]},{\"@type\":\"WebSite\",\"@id\":\"https:\\\/\\\/www.fleurette-florium.fr\\\/#website\",\"url\":\"https:\\\/\\\/www.fleurette-florium.fr\\\/\",\"name\":\"Fleurette Florium\",\"description\":\"\",\"publisher\":{\"@id\":\"https:\\\/\\\/www.fleurette-florium.fr\\\/#organization\"},\"potentialAction\":[{\"@type\":\"SearchAction\",\"target\":{\"@type\":\"EntryPoint\",\"urlTemplate\":\"https:\\\/\\\/www.fleurette-florium.fr\\\/?s={search_term_string}\"},\"query-input\":{\"@type\":\"PropertyValueSpecification\",\"valueRequired\":true,\"valueName\":\"search_term_string\"}}],\"inLanguage\":\"de-DE\"},{\"@type\":\"Organization\",\"@id\":\"https:\\\/\\\/www.fleurette-florium.fr\\\/#organization\",\"name\":\"Fleurette Florium\",\"url\":\"https:\\\/\\\/www.fleurette-florium.fr\\\/\",\"logo\":{\"@type\":\"ImageObject\",\"inLanguage\":\"de-DE\",\"@id\":\"https:\\\/\\\/www.fleurette-florium.fr\\\/#\\\/schema\\\/logo\\\/image\\\/\",\"url\":\"https:\\\/\\\/www.fleurette-florium.fr\\\/wp-content\\\/uploads\\\/2021\\\/07\\\/logo-fleurette-florium-scaled.png\",\"contentUrl\":\"https:\\\/\\\/www.fleurette-florium.fr\\\/wp-content\\\/uploads\\\/2021\\\/07\\\/logo-fleurette-florium-scaled.png\",\"width\":2560,\"height\":830,\"caption\":\"Fleurette Florium\"},\"image\":{\"@id\":\"https:\\\/\\\/www.fleurette-florium.fr\\\/#\\\/schema\\\/logo\\\/image\\\/\"}}]}<\/script>\n<!-- \/ Yoast SEO plugin. -->","yoast_head_json":{"title":"Florium, constructeur camping-car fran\u00e7ais depuis 1967","description":"Fleurette, constructeur camping-car fran\u00e7ais depuis 1967 r\u00e9pond \u00e0 un besoin croissant de voyager ! Fleurette cr\u00e9e et fabrique une ligne de camping-cars compacts profil\u00e9s et int\u00e9graux haut de gamme dont les ambiances classiques traduisent le raffinement et l'\u00e9l\u00e9gance de la marque","robots":{"index":"index","follow":"follow","max-snippet":"max-snippet:-1","max-image-preview":"max-image-preview:large","max-video-preview":"max-video-preview:-1"},"canonical":"https:\/\/www.fleurette-florium.fr\/de\/wer-sind-wir-2\/","og_locale":"de_DE","og_type":"article","og_title":"Florium, constructeur camping-car fran\u00e7ais depuis 1967","og_description":"Fleurette, constructeur camping-car fran\u00e7ais depuis 1967 r\u00e9pond \u00e0 un besoin croissant de voyager ! Fleurette cr\u00e9e et fabrique une ligne de camping-cars compacts profil\u00e9s et int\u00e9graux haut de gamme dont les ambiances classiques traduisent le raffinement et l'\u00e9l\u00e9gance de la marque","og_url":"https:\/\/www.fleurette-florium.fr\/de\/wer-sind-wir-2\/","og_site_name":"Fleurette Florium","article_modified_time":"2018-08-24T14:30:14+00:00","twitter_misc":{"Gesch\u00e4tzte Lesezeit":"4 minutes"},"schema":{"@context":"https:\/\/schema.org","@graph":[{"@type":"WebPage","@id":"https:\/\/www.fleurette-florium.fr\/de\/wer-sind-wir-2\/","url":"https:\/\/www.fleurette-florium.fr\/de\/wer-sind-wir-2\/","name":"Florium, constructeur camping-car fran\u00e7ais depuis 1967","isPartOf":{"@id":"https:\/\/www.fleurette-florium.fr\/#website"},"datePublished":"2015-07-28T15:48:25+00:00","dateModified":"2018-08-24T14:30:14+00:00","description":"Fleurette, constructeur camping-car fran\u00e7ais depuis 1967 r\u00e9pond \u00e0 un besoin croissant de voyager ! Fleurette cr\u00e9e et fabrique une ligne de camping-cars compacts profil\u00e9s et int\u00e9graux haut de gamme dont les ambiances classiques traduisent le raffinement et l'\u00e9l\u00e9gance de la marque","breadcrumb":{"@id":"https:\/\/www.fleurette-florium.fr\/de\/wer-sind-wir-2\/#breadcrumb"},"inLanguage":"de-DE","potentialAction":[{"@type":"ReadAction","target":["https:\/\/www.fleurette-florium.fr\/de\/wer-sind-wir-2\/"]}]},{"@type":"BreadcrumbList","@id":"https:\/\/www.fleurette-florium.fr\/de\/wer-sind-wir-2\/#breadcrumb","itemListElement":[{"@type":"ListItem","position":1,"name":"","item":"https:\/\/www.fleurette-florium.fr\/de\/"},{"@type":"ListItem","position":2,"name":"Wer sind wir?"}]},{"@type":"WebSite","@id":"https:\/\/www.fleurette-florium.fr\/#website","url":"https:\/\/www.fleurette-florium.fr\/","name":"Fleurette Florium","description":"","publisher":{"@id":"https:\/\/www.fleurette-florium.fr\/#organization"},"potentialAction":[{"@type":"SearchAction","target":{"@type":"EntryPoint","urlTemplate":"https:\/\/www.fleurette-florium.fr\/?s={search_term_string}"},"query-input":{"@type":"PropertyValueSpecification","valueRequired":true,"valueName":"search_term_string"}}],"inLanguage":"de-DE"},{"@type":"Organization","@id":"https:\/\/www.fleurette-florium.fr\/#organization","name":"Fleurette Florium","url":"https:\/\/www.fleurette-florium.fr\/","logo":{"@type":"ImageObject","inLanguage":"de-DE","@id":"https:\/\/www.fleurette-florium.fr\/#\/schema\/logo\/image\/","url":"https:\/\/www.fleurette-florium.fr\/wp-content\/uploads\/2021\/07\/logo-fleurette-florium-scaled.png","contentUrl":"https:\/\/www.fleurette-florium.fr\/wp-content\/uploads\/2021\/07\/logo-fleurette-florium-scaled.png","width":2560,"height":830,"caption":"Fleurette Florium"},"image":{"@id":"https:\/\/www.fleurette-florium.fr\/#\/schema\/logo\/image\/"}}]}},"_links":{"self":[{"href":"https:\/\/www.fleurette-florium.fr\/de\/wp-json\/wp\/v2\/pages\/2247","targetHints":{"allow":["GET"]}}],"collection":[{"href":"https:\/\/www.fleurette-florium.fr\/de\/wp-json\/wp\/v2\/pages"}],"about":[{"href":"https:\/\/www.fleurette-florium.fr\/de\/wp-json\/wp\/v2\/types\/page"}],"author":[{"embeddable":true,"href":"https:\/\/www.fleurette-florium.fr\/de\/wp-json\/wp\/v2\/users\/67182"}],"replies":[{"embeddable":true,"href":"https:\/\/www.fleurette-florium.fr\/de\/wp-json\/wp\/v2\/comments?post=2247"}],"version-history":[{"count":11,"href":"https:\/\/www.fleurette-florium.fr\/de\/wp-json\/wp\/v2\/pages\/2247\/revisions"}],"predecessor-version":[{"id":5309,"href":"https:\/\/www.fleurette-florium.fr\/de\/wp-json\/wp\/v2\/pages\/2247\/revisions\/5309"}],"wp:attachment":[{"href":"https:\/\/www.fleurette-florium.fr\/de\/wp-json\/wp\/v2\/media?parent=2247"}],"curies":[{"name":"wp","href":"https:\/\/api.w.org\/{rel}","templated":true}]}}