{"id":2244,"date":"2015-07-30T17:26:12","date_gmt":"2015-07-30T16:26:12","guid":{"rendered":"http:\/\/florium.fr\/de\/modelle\/gamme-wincester\/"},"modified":"2025-08-28T14:21:49","modified_gmt":"2025-08-28T13:21:49","slug":"modellreihe-wincester","status":"publish","type":"page","link":"https:\/\/www.fleurette-florium.fr\/de\/modellreihe-wincester\/","title":{"rendered":"Modellreihe Wincester  &#8211; Vollintegrierte"},"content":{"rendered":"<div class=\"wpb-content-wrapper\"><p>[vc_row][vc_column][rev_slider_vc alias=&nbsp;&raquo;gamme_wincester-1&Prime;][\/vc_column][\/vc_row][vc_row][vc_column width=&nbsp;&raquo;2\/3&Prime;][vc_column_text el_class=&nbsp;&raquo;contenu_lisible&nbsp;&raquo;]<span class='firstcharacter'>B<\/span>estaunen Sie die 100% perlmuttfarbene Karosserie, begutachten das Innendesign, die M\u00f6bel&#8230; Wir haben den Wincester entworfen, um Sie tr\u00e4umen zu lassen&#8230; tags aber auch nachts lieben Sie es sich in diesem wohl f\u00fchlenden Kokon zu befinden.<\/p>\n<p class=\"p1\">Stellen Sie sich einen benutzerfreundlichen Raum vor, der zus\u00e4tzlich zu seiner Modernit\u00e4t eine hohe Funktionalit\u00e4t bietet, die Sie brauchen&#8230; \u00f6ffnen Sie die Augen und entdecken diesen Traum der wahr wird. Bestaunen Sie seine Karosserie und dessen dynamische Linien; profitieren Sie von einem modernen und vielseitigem Inneren. Der Wincester wurde entworfen um Sie unter Ber\u00fccksichtigung eines h\u00f6chsten Luxus auf Reisen zu schicken. Wohnzimmer mit maximalem Komfort, ergonomischer K\u00fcche, Zimmer, die Sie tr\u00e4umen lassen&#8230;jede Nacht in Ihrem Wincester.<\/p>\n<p>[\/vc_column_text][\/vc_column][vc_column width=&nbsp;&raquo;1\/3&Prime;][vc_column_text css=&nbsp;&raquo;&nbsp;&raquo; el_class=&nbsp;&raquo;liste_check_rouge&nbsp;&raquo;]<\/p>\n<h3>UNSERE HIGHLIGHTS<\/h3>\n<ul>\n<li>AL-KO-Chassis<\/li>\n<li>Elfenbeinfarbene Karrosserie<\/li>\n<li>Automatikgetriebe, Led-Frontscheinwerfer<\/li>\n<li>Technischer Doppelboden fu\u0308r optimale Isolierung, und zus\u00e4tzlichen Stauraum<\/li>\n<li>Gro\u00dfer Wohnbereich, mit dimmbarer Beleuchtung<\/li>\n<li>Schlafzimmer mit Queensbett oder Einzelbetten, und Fahrerhausbett<\/li>\n<li>Elektrische Einstiegsstufe<\/li>\n<li>Au\u00dfendusche in der Garage mit elektrischem Abfluss des Abwassers<\/li>\n<li>Wahlweise mit Truma-Diesel- oder Gasheizung (bei Alde-Heizsystem)<\/li>\n<li>Elektrisch verstellbarer XXL-Garagenboden<\/li>\n<li>Windschutzscheibenrollo Intimity<\/li>\n<li>Ambiance Esche Ausfu\u0308hrung, Signaturbeleuchtung mit LEDHintergrundbeleuchtung<\/li>\n<\/ul>\n<p>[\/vc_column_text][\/vc_column][\/vc_row][vc_row el_class=&nbsp;&raquo;fullwidth_element margin-top-30 margin-bottom-none&nbsp;&raquo; el_id=&nbsp;&raquo;autres_produits&nbsp;&raquo;][vc_column css=&nbsp;&raquo;.vc_custom_1438272808096{padding-top: 35px !important;padding-right: 100px !important;padding-bottom: 50px !important;padding-left: 100px !important;background-color: #efefee !important;}&nbsp;&raquo;][vc_row_inner][vc_column_inner][vc_column_text]<\/p>\n<h3 class=\"p1\">Entdecken Sie die Fahrzeuge dieser Modellreihe<\/h3>\n<p>[\/vc_column_text][\/vc_column_inner][\/vc_row_inner][vc_row_inner][vc_column_inner width=&nbsp;&raquo;1\/3&Prime;][vc_single_image image=&nbsp;&raquo;27532&Prime; img_size=&nbsp;&raquo;260&#215;260&Prime; alignment=&nbsp;&raquo;center&nbsp;&raquo; onclick=&nbsp;&raquo;custom_link&nbsp;&raquo; css=&nbsp;&raquo;&nbsp;&raquo; link=&nbsp;&raquo;https:\/\/www.fleurette-florium.fr\/de\/listings\/wincester-71-lmf-millenium-edition-neu\/&nbsp;&raquo;][\/vc_column_inner][vc_column_inner width=&nbsp;&raquo;1\/3&Prime;][vc_single_image image=&nbsp;&raquo;27537&Prime; img_size=&nbsp;&raquo;260&#215;260&Prime; alignment=&nbsp;&raquo;center&nbsp;&raquo; onclick=&nbsp;&raquo;custom_link&nbsp;&raquo; css=&nbsp;&raquo;&nbsp;&raquo; link=&nbsp;&raquo;https:\/\/www.fleurette-florium.fr\/de\/listings\/wincester-74-ljg-millenium-edition-neu\/&nbsp;&raquo;][\/vc_column_inner][vc_column_inner width=&nbsp;&raquo;1\/3&Prime;][vc_single_image image=&nbsp;&raquo;29068&Prime; img_size=&nbsp;&raquo;260&#215;260&Prime; alignment=&nbsp;&raquo;center&nbsp;&raquo; onclick=&nbsp;&raquo;custom_link&nbsp;&raquo; css=&nbsp;&raquo;&nbsp;&raquo; link=&nbsp;&raquo;https:\/\/www.fleurette-florium.fr\/de\/listings\/wincester-75-lmf-millenium-edition-neu\/&nbsp;&raquo;][\/vc_column_inner][\/vc_row_inner][\/vc_column][\/vc_row]<\/p>\n<\/div>","protected":false},"excerpt":{"rendered":"<p>[vc_row][vc_column][rev_slider_vc alias=&nbsp;&raquo;gamme_wincester-1&Prime;][\/vc_column][\/vc_row][vc_row][vc_column width=&nbsp;&raquo;2\/3&Prime;][vc_column_text el_class=&nbsp;&raquo;contenu_lisible&nbsp;&raquo;]estaunen Sie die 100% perlmuttfarbene Karosserie, begutachten das Innendesign, die M\u00f6bel&#8230; Wir haben den Wincester entworfen, um Sie tr\u00e4umen zu lassen&#8230; tags aber auch nachts lieben Sie es sich in diesem wohl f\u00fchlenden Kokon zu befinden. Stellen Sie sich einen benutzerfreundlichen Raum vor, der zus\u00e4tzlich zu seiner Modernit\u00e4t eine hohe Funktionalit\u00e4t bietet, [&hellip;]<\/p>\n","protected":false},"author":67182,"featured_media":0,"parent":0,"menu_order":0,"comment_status":"closed","ping_status":"closed","template":"","meta":{"_acf_changed":false,"footnotes":""},"class_list":["post-2244","page","type-page","status-publish","hentry"],"acf":[],"yoast_head":"<!-- This site is optimized with the Yoast SEO plugin v27.5 - https:\/\/yoast.com\/product\/yoast-seo-wordpress\/ -->\n<title>Camping car int\u00e9gral - gamme WINCESTER - Florium<\/title>\n<meta name=\"description\" content=\"D\u00e9couvrez toute la gamme DISCOVER pour choisir le camping car int\u00e9gral haut de gamme de vos r\u00eaves.\" \/>\n<meta name=\"robots\" content=\"index, follow, max-snippet:-1, max-image-preview:large, max-video-preview:-1\" \/>\n<link rel=\"canonical\" href=\"https:\/\/www.fleurette-florium.fr\/de\/modellreihe-wincester\/\" \/>\n<meta property=\"og:locale\" content=\"de_DE\" \/>\n<meta property=\"og:type\" content=\"article\" \/>\n<meta property=\"og:title\" content=\"Camping car int\u00e9gral - gamme WINCESTER - Florium\" \/>\n<meta property=\"og:description\" content=\"D\u00e9couvrez toute la gamme DISCOVER pour choisir le camping car int\u00e9gral haut de gamme de vos r\u00eaves.\" \/>\n<meta property=\"og:url\" content=\"https:\/\/www.fleurette-florium.fr\/de\/modellreihe-wincester\/\" \/>\n<meta property=\"og:site_name\" content=\"Fleurette Florium\" \/>\n<meta property=\"article:modified_time\" content=\"2025-08-28T13:21:49+00:00\" \/>\n<meta name=\"twitter:label1\" content=\"Gesch\u00e4tzte Lesezeit\" \/>\n\t<meta name=\"twitter:data1\" content=\"2 minutes\" \/>\n<script type=\"application\/ld+json\" class=\"yoast-schema-graph\">{\"@context\":\"https:\\\/\\\/schema.org\",\"@graph\":[{\"@type\":\"WebPage\",\"@id\":\"https:\\\/\\\/www.fleurette-florium.fr\\\/de\\\/modellreihe-wincester\\\/\",\"url\":\"https:\\\/\\\/www.fleurette-florium.fr\\\/de\\\/modellreihe-wincester\\\/\",\"name\":\"Camping car int\u00e9gral - gamme WINCESTER - Florium\",\"isPartOf\":{\"@id\":\"https:\\\/\\\/www.fleurette-florium.fr\\\/#website\"},\"datePublished\":\"2015-07-30T16:26:12+00:00\",\"dateModified\":\"2025-08-28T13:21:49+00:00\",\"description\":\"D\u00e9couvrez toute la gamme DISCOVER pour choisir le camping car int\u00e9gral haut de gamme de vos r\u00eaves.\",\"breadcrumb\":{\"@id\":\"https:\\\/\\\/www.fleurette-florium.fr\\\/de\\\/modellreihe-wincester\\\/#breadcrumb\"},\"inLanguage\":\"de-DE\",\"potentialAction\":[{\"@type\":\"ReadAction\",\"target\":[\"https:\\\/\\\/www.fleurette-florium.fr\\\/de\\\/modellreihe-wincester\\\/\"]}]},{\"@type\":\"BreadcrumbList\",\"@id\":\"https:\\\/\\\/www.fleurette-florium.fr\\\/de\\\/modellreihe-wincester\\\/#breadcrumb\",\"itemListElement\":[{\"@type\":\"ListItem\",\"position\":1,\"name\":\"\",\"item\":\"https:\\\/\\\/www.fleurette-florium.fr\\\/de\\\/\"},{\"@type\":\"ListItem\",\"position\":2,\"name\":\"Modellreihe Wincester &#8211; Vollintegrierte\"}]},{\"@type\":\"WebSite\",\"@id\":\"https:\\\/\\\/www.fleurette-florium.fr\\\/#website\",\"url\":\"https:\\\/\\\/www.fleurette-florium.fr\\\/\",\"name\":\"Fleurette Florium\",\"description\":\"\",\"publisher\":{\"@id\":\"https:\\\/\\\/www.fleurette-florium.fr\\\/#organization\"},\"potentialAction\":[{\"@type\":\"SearchAction\",\"target\":{\"@type\":\"EntryPoint\",\"urlTemplate\":\"https:\\\/\\\/www.fleurette-florium.fr\\\/?s={search_term_string}\"},\"query-input\":{\"@type\":\"PropertyValueSpecification\",\"valueRequired\":true,\"valueName\":\"search_term_string\"}}],\"inLanguage\":\"de-DE\"},{\"@type\":\"Organization\",\"@id\":\"https:\\\/\\\/www.fleurette-florium.fr\\\/#organization\",\"name\":\"Fleurette Florium\",\"url\":\"https:\\\/\\\/www.fleurette-florium.fr\\\/\",\"logo\":{\"@type\":\"ImageObject\",\"inLanguage\":\"de-DE\",\"@id\":\"https:\\\/\\\/www.fleurette-florium.fr\\\/#\\\/schema\\\/logo\\\/image\\\/\",\"url\":\"https:\\\/\\\/www.fleurette-florium.fr\\\/wp-content\\\/uploads\\\/2021\\\/07\\\/logo-fleurette-florium-scaled.png\",\"contentUrl\":\"https:\\\/\\\/www.fleurette-florium.fr\\\/wp-content\\\/uploads\\\/2021\\\/07\\\/logo-fleurette-florium-scaled.png\",\"width\":2560,\"height\":830,\"caption\":\"Fleurette Florium\"},\"image\":{\"@id\":\"https:\\\/\\\/www.fleurette-florium.fr\\\/#\\\/schema\\\/logo\\\/image\\\/\"}}]}<\/script>\n<!-- \/ Yoast SEO plugin. -->","yoast_head_json":{"title":"Camping car int\u00e9gral - gamme WINCESTER - Florium","description":"D\u00e9couvrez toute la gamme DISCOVER pour choisir le camping car int\u00e9gral haut de gamme de vos r\u00eaves.","robots":{"index":"index","follow":"follow","max-snippet":"max-snippet:-1","max-image-preview":"max-image-preview:large","max-video-preview":"max-video-preview:-1"},"canonical":"https:\/\/www.fleurette-florium.fr\/de\/modellreihe-wincester\/","og_locale":"de_DE","og_type":"article","og_title":"Camping car int\u00e9gral - gamme WINCESTER - Florium","og_description":"D\u00e9couvrez toute la gamme DISCOVER pour choisir le camping car int\u00e9gral haut de gamme de vos r\u00eaves.","og_url":"https:\/\/www.fleurette-florium.fr\/de\/modellreihe-wincester\/","og_site_name":"Fleurette Florium","article_modified_time":"2025-08-28T13:21:49+00:00","twitter_misc":{"Gesch\u00e4tzte Lesezeit":"2 minutes"},"schema":{"@context":"https:\/\/schema.org","@graph":[{"@type":"WebPage","@id":"https:\/\/www.fleurette-florium.fr\/de\/modellreihe-wincester\/","url":"https:\/\/www.fleurette-florium.fr\/de\/modellreihe-wincester\/","name":"Camping car int\u00e9gral - gamme WINCESTER - Florium","isPartOf":{"@id":"https:\/\/www.fleurette-florium.fr\/#website"},"datePublished":"2015-07-30T16:26:12+00:00","dateModified":"2025-08-28T13:21:49+00:00","description":"D\u00e9couvrez toute la gamme DISCOVER pour choisir le camping car int\u00e9gral haut de gamme de vos r\u00eaves.","breadcrumb":{"@id":"https:\/\/www.fleurette-florium.fr\/de\/modellreihe-wincester\/#breadcrumb"},"inLanguage":"de-DE","potentialAction":[{"@type":"ReadAction","target":["https:\/\/www.fleurette-florium.fr\/de\/modellreihe-wincester\/"]}]},{"@type":"BreadcrumbList","@id":"https:\/\/www.fleurette-florium.fr\/de\/modellreihe-wincester\/#breadcrumb","itemListElement":[{"@type":"ListItem","position":1,"name":"","item":"https:\/\/www.fleurette-florium.fr\/de\/"},{"@type":"ListItem","position":2,"name":"Modellreihe Wincester &#8211; Vollintegrierte"}]},{"@type":"WebSite","@id":"https:\/\/www.fleurette-florium.fr\/#website","url":"https:\/\/www.fleurette-florium.fr\/","name":"Fleurette Florium","description":"","publisher":{"@id":"https:\/\/www.fleurette-florium.fr\/#organization"},"potentialAction":[{"@type":"SearchAction","target":{"@type":"EntryPoint","urlTemplate":"https:\/\/www.fleurette-florium.fr\/?s={search_term_string}"},"query-input":{"@type":"PropertyValueSpecification","valueRequired":true,"valueName":"search_term_string"}}],"inLanguage":"de-DE"},{"@type":"Organization","@id":"https:\/\/www.fleurette-florium.fr\/#organization","name":"Fleurette Florium","url":"https:\/\/www.fleurette-florium.fr\/","logo":{"@type":"ImageObject","inLanguage":"de-DE","@id":"https:\/\/www.fleurette-florium.fr\/#\/schema\/logo\/image\/","url":"https:\/\/www.fleurette-florium.fr\/wp-content\/uploads\/2021\/07\/logo-fleurette-florium-scaled.png","contentUrl":"https:\/\/www.fleurette-florium.fr\/wp-content\/uploads\/2021\/07\/logo-fleurette-florium-scaled.png","width":2560,"height":830,"caption":"Fleurette Florium"},"image":{"@id":"https:\/\/www.fleurette-florium.fr\/#\/schema\/logo\/image\/"}}]}},"_links":{"self":[{"href":"https:\/\/www.fleurette-florium.fr\/de\/wp-json\/wp\/v2\/pages\/2244","targetHints":{"allow":["GET"]}}],"collection":[{"href":"https:\/\/www.fleurette-florium.fr\/de\/wp-json\/wp\/v2\/pages"}],"about":[{"href":"https:\/\/www.fleurette-florium.fr\/de\/wp-json\/wp\/v2\/types\/page"}],"author":[{"embeddable":true,"href":"https:\/\/www.fleurette-florium.fr\/de\/wp-json\/wp\/v2\/users\/67182"}],"replies":[{"embeddable":true,"href":"https:\/\/www.fleurette-florium.fr\/de\/wp-json\/wp\/v2\/comments?post=2244"}],"version-history":[{"count":35,"href":"https:\/\/www.fleurette-florium.fr\/de\/wp-json\/wp\/v2\/pages\/2244\/revisions"}],"predecessor-version":[{"id":31837,"href":"https:\/\/www.fleurette-florium.fr\/de\/wp-json\/wp\/v2\/pages\/2244\/revisions\/31837"}],"wp:attachment":[{"href":"https:\/\/www.fleurette-florium.fr\/de\/wp-json\/wp\/v2\/media?parent=2244"}],"curies":[{"name":"wp","href":"https:\/\/api.w.org\/{rel}","templated":true}]}}