{"id":2241,"date":"2015-07-30T17:26:05","date_gmt":"2015-07-30T16:26:05","guid":{"rendered":"http:\/\/florium.fr\/de\/modelle\/gamme-mayflower\/"},"modified":"2025-08-28T14:20:49","modified_gmt":"2025-08-28T13:20:49","slug":"modellreihe-mayflower","status":"publish","type":"page","link":"https:\/\/www.fleurette-florium.fr\/de\/modellreihe-mayflower\/","title":{"rendered":"Modellreihe Mayflower &#8211; Ger\u00e4umigen Wohnmobile"},"content":{"rendered":"<div class=\"wpb-content-wrapper\"><p>[vc_row][vc_column][rev_slider_vc alias=&nbsp;&raquo;gamme_mayflower-1&Prime;][\/vc_column][\/vc_row][vc_row][vc_column width=&nbsp;&raquo;2\/3&Prime;][vc_column_text el_class=&nbsp;&raquo;contenu_lisible&nbsp;&raquo;]<span class='firstcharacter'>G<\/span>er\u00e4umiges Wohnzimmer, gro\u00dfz\u00fcgige Staur\u00e4ume in der K\u00fcche, Zimmer mit gem\u00fctlichem Komfort: entdecken Sie die Modellreihe Mayflower<\/p>\n<p class=\"p1\">Die Modellreihe Mayflower besteht aus 4 urspr\u00fcnglichen Aufbauten, damit Sie das Modell finden, das Ihnen \u00e4hnelt. F\u00fcr die Raumoptimierung bieten wir Ihnen zwei Versionen bei den Betten \u00e0 la fran\u00e7aise; f\u00fcr ein optimales Wohlf\u00fchlen, bieten wir nicht weniger als 2 Mayflower mit gro\u00dfer garage. Alle Konfigurationen sind denkbar, um Reisen im Mayflower unvergesslich zu machen.<\/p>\n<p>[\/vc_column_text][\/vc_column][vc_column width=&nbsp;&raquo;1\/3&Prime;][vc_column_text css=&nbsp;&raquo;&nbsp;&raquo; el_class=&nbsp;&raquo;liste_check_rouge&nbsp;&raquo;]<\/p>\n<h3>UNSERE HIGHLIGHTS<\/h3>\n<ul>\n<li>Gegenu\u0308berliegender Wohnbereich mit Platz fu\u0308r bis zu 6 Personen<\/li>\n<li>Ku\u0308che mit breiter Arbeitsfl\u00e4che und einem 2-flammigen Kocher mit Gasabschaltung bei geschlossenem Deckel<\/li>\n<li>Zimmer mit gro\u00dfem Queensbett<\/li>\n<li>Elektrisches Hubbett fu\u0308r bis zu 2 Personen optional bei den Modellen 70LMF sowie 74LMF<\/li>\n<li>Separate Dusche und separates WC<\/li>\n<li>XXL-Badezimmer im Lounge-Stil im Heck mit Kleiderschrank und Durchgang zur Heckgarage (Modell 67LO)<\/li>\n<li>Ger\u00e4umige, elektrisch verstellbare Garage (70LMF et 74LMF)<\/li>\n<li>Neue M\u00f6bel in Eschenholzoptik und stimmungsvolle Led-Hintergrundbeleuchtung<\/li>\n<\/ul>\n<p>[\/vc_column_text][\/vc_column][\/vc_row][vc_row el_class=&nbsp;&raquo;fullwidth_element margin-top-30 margin-bottom-none&nbsp;&raquo; el_id=&nbsp;&raquo;autres_produits&nbsp;&raquo;][vc_column css=&nbsp;&raquo;.vc_custom_1438272808096{padding-top: 35px !important;padding-right: 100px !important;padding-bottom: 50px !important;padding-left: 100px !important;background-color: #efefee !important;}&nbsp;&raquo;][vc_row_inner][vc_column_inner][vc_column_text]<\/p>\n<h3 class=\"p1\">Entdecken Sie die Fahrzeuge dieser Modellreihe Florium MAYFLOWER<\/h3>\n<p>[\/vc_column_text][\/vc_column_inner][\/vc_row_inner][vc_row_inner][vc_column_inner width=&nbsp;&raquo;1\/4&Prime;][vc_single_image image=&nbsp;&raquo;17965&Prime; img_size=&nbsp;&raquo;260&#215;260&Prime; alignment=&nbsp;&raquo;center&nbsp;&raquo; onclick=&nbsp;&raquo;custom_link&nbsp;&raquo; link=&nbsp;&raquo;https:\/\/www.fleurette-florium.fr\/de\/listings\/mayflower-67-lo-lounge-mit-elektrisches-hubbett\/&nbsp;&raquo;][\/vc_column_inner][vc_column_inner width=&nbsp;&raquo;1\/4&Prime;][vc_single_image image=&nbsp;&raquo;27521&Prime; img_size=&nbsp;&raquo;260&#215;260&Prime; alignment=&nbsp;&raquo;center&nbsp;&raquo; onclick=&nbsp;&raquo;custom_link&nbsp;&raquo; css=&nbsp;&raquo;&nbsp;&raquo; link=&nbsp;&raquo;https:\/\/www.fleurette-florium.fr\/de\/listings\/mayflower-70-lmf-millenium-edition-neu\/&nbsp;&raquo;][\/vc_column_inner][vc_column_inner width=&nbsp;&raquo;1\/4&Prime;][vc_single_image image=&nbsp;&raquo;27526&Prime; img_size=&nbsp;&raquo;260&#215;260&Prime; alignment=&nbsp;&raquo;center&nbsp;&raquo; onclick=&nbsp;&raquo;custom_link&nbsp;&raquo; css=&nbsp;&raquo;&nbsp;&raquo; link=&nbsp;&raquo;https:\/\/www.fleurette-florium.fr\/de\/listings\/mayflower-74-lmf-millenium-edition-neu\/&nbsp;&raquo;][\/vc_column_inner][\/vc_row_inner][\/vc_column][\/vc_row]<\/p>\n<\/div>","protected":false},"excerpt":{"rendered":"<p>[vc_row][vc_column][rev_slider_vc alias=&nbsp;&raquo;gamme_mayflower-1&Prime;][\/vc_column][\/vc_row][vc_row][vc_column width=&nbsp;&raquo;2\/3&Prime;][vc_column_text el_class=&nbsp;&raquo;contenu_lisible&nbsp;&raquo;]er\u00e4umiges Wohnzimmer, gro\u00dfz\u00fcgige Staur\u00e4ume in der K\u00fcche, Zimmer mit gem\u00fctlichem Komfort: entdecken Sie die Modellreihe Mayflower Die Modellreihe Mayflower besteht aus 4 urspr\u00fcnglichen Aufbauten, damit Sie das Modell finden, das Ihnen \u00e4hnelt. F\u00fcr die Raumoptimierung bieten wir Ihnen zwei Versionen bei den Betten \u00e0 la fran\u00e7aise; f\u00fcr ein optimales Wohlf\u00fchlen, bieten wir [&hellip;]<\/p>\n","protected":false},"author":67182,"featured_media":0,"parent":0,"menu_order":0,"comment_status":"closed","ping_status":"closed","template":"","meta":{"_acf_changed":false,"footnotes":""},"class_list":["post-2241","page","type-page","status-publish","hentry"],"acf":[],"yoast_head":"<!-- This site is optimized with the Yoast SEO plugin v27.5 - https:\/\/yoast.com\/product\/yoast-seo-wordpress\/ -->\n<title>Teilintegriert mit Hubbett - MAYFLOWER - Florium<\/title>\n<meta name=\"description\" content=\"Entdecken Sie die ganze Palette MAYFLOWER, um das Teilintegriert mit Hubbett ihrer Tr\u00e4ume zu w\u00e4hlen.\" \/>\n<meta name=\"robots\" content=\"index, follow, max-snippet:-1, max-image-preview:large, max-video-preview:-1\" \/>\n<link rel=\"canonical\" href=\"https:\/\/www.fleurette-florium.fr\/de\/modellreihe-mayflower\/\" \/>\n<meta property=\"og:locale\" content=\"de_DE\" \/>\n<meta property=\"og:type\" content=\"article\" \/>\n<meta property=\"og:title\" content=\"Teilintegriert mit Hubbett - MAYFLOWER - Florium\" \/>\n<meta property=\"og:description\" content=\"Entdecken Sie die ganze Palette MAYFLOWER, um das Teilintegriert mit Hubbett ihrer Tr\u00e4ume zu w\u00e4hlen.\" \/>\n<meta property=\"og:url\" content=\"https:\/\/www.fleurette-florium.fr\/de\/modellreihe-mayflower\/\" \/>\n<meta property=\"og:site_name\" content=\"Fleurette Florium\" \/>\n<meta property=\"article:modified_time\" content=\"2025-08-28T13:20:49+00:00\" \/>\n<meta name=\"twitter:label1\" content=\"Gesch\u00e4tzte Lesezeit\" \/>\n\t<meta name=\"twitter:data1\" content=\"2 minutes\" \/>\n<script type=\"application\/ld+json\" class=\"yoast-schema-graph\">{\"@context\":\"https:\\\/\\\/schema.org\",\"@graph\":[{\"@type\":\"WebPage\",\"@id\":\"https:\\\/\\\/www.fleurette-florium.fr\\\/de\\\/modellreihe-mayflower\\\/\",\"url\":\"https:\\\/\\\/www.fleurette-florium.fr\\\/de\\\/modellreihe-mayflower\\\/\",\"name\":\"Teilintegriert mit Hubbett - MAYFLOWER - Florium\",\"isPartOf\":{\"@id\":\"https:\\\/\\\/www.fleurette-florium.fr\\\/#website\"},\"datePublished\":\"2015-07-30T16:26:05+00:00\",\"dateModified\":\"2025-08-28T13:20:49+00:00\",\"description\":\"Entdecken Sie die ganze Palette MAYFLOWER, um das Teilintegriert mit Hubbett ihrer Tr\u00e4ume zu w\u00e4hlen.\",\"breadcrumb\":{\"@id\":\"https:\\\/\\\/www.fleurette-florium.fr\\\/de\\\/modellreihe-mayflower\\\/#breadcrumb\"},\"inLanguage\":\"de-DE\",\"potentialAction\":[{\"@type\":\"ReadAction\",\"target\":[\"https:\\\/\\\/www.fleurette-florium.fr\\\/de\\\/modellreihe-mayflower\\\/\"]}]},{\"@type\":\"BreadcrumbList\",\"@id\":\"https:\\\/\\\/www.fleurette-florium.fr\\\/de\\\/modellreihe-mayflower\\\/#breadcrumb\",\"itemListElement\":[{\"@type\":\"ListItem\",\"position\":1,\"name\":\"\",\"item\":\"https:\\\/\\\/www.fleurette-florium.fr\\\/de\\\/\"},{\"@type\":\"ListItem\",\"position\":2,\"name\":\"Modellreihe Mayflower &#8211; Ger\u00e4umigen Wohnmobile\"}]},{\"@type\":\"WebSite\",\"@id\":\"https:\\\/\\\/www.fleurette-florium.fr\\\/#website\",\"url\":\"https:\\\/\\\/www.fleurette-florium.fr\\\/\",\"name\":\"Fleurette Florium\",\"description\":\"\",\"publisher\":{\"@id\":\"https:\\\/\\\/www.fleurette-florium.fr\\\/#organization\"},\"potentialAction\":[{\"@type\":\"SearchAction\",\"target\":{\"@type\":\"EntryPoint\",\"urlTemplate\":\"https:\\\/\\\/www.fleurette-florium.fr\\\/?s={search_term_string}\"},\"query-input\":{\"@type\":\"PropertyValueSpecification\",\"valueRequired\":true,\"valueName\":\"search_term_string\"}}],\"inLanguage\":\"de-DE\"},{\"@type\":\"Organization\",\"@id\":\"https:\\\/\\\/www.fleurette-florium.fr\\\/#organization\",\"name\":\"Fleurette Florium\",\"url\":\"https:\\\/\\\/www.fleurette-florium.fr\\\/\",\"logo\":{\"@type\":\"ImageObject\",\"inLanguage\":\"de-DE\",\"@id\":\"https:\\\/\\\/www.fleurette-florium.fr\\\/#\\\/schema\\\/logo\\\/image\\\/\",\"url\":\"https:\\\/\\\/www.fleurette-florium.fr\\\/wp-content\\\/uploads\\\/2021\\\/07\\\/logo-fleurette-florium-scaled.png\",\"contentUrl\":\"https:\\\/\\\/www.fleurette-florium.fr\\\/wp-content\\\/uploads\\\/2021\\\/07\\\/logo-fleurette-florium-scaled.png\",\"width\":2560,\"height\":830,\"caption\":\"Fleurette Florium\"},\"image\":{\"@id\":\"https:\\\/\\\/www.fleurette-florium.fr\\\/#\\\/schema\\\/logo\\\/image\\\/\"}}]}<\/script>\n<!-- \/ Yoast SEO plugin. -->","yoast_head_json":{"title":"Teilintegriert mit Hubbett - MAYFLOWER - Florium","description":"Entdecken Sie die ganze Palette MAYFLOWER, um das Teilintegriert mit Hubbett ihrer Tr\u00e4ume zu w\u00e4hlen.","robots":{"index":"index","follow":"follow","max-snippet":"max-snippet:-1","max-image-preview":"max-image-preview:large","max-video-preview":"max-video-preview:-1"},"canonical":"https:\/\/www.fleurette-florium.fr\/de\/modellreihe-mayflower\/","og_locale":"de_DE","og_type":"article","og_title":"Teilintegriert mit Hubbett - MAYFLOWER - Florium","og_description":"Entdecken Sie die ganze Palette MAYFLOWER, um das Teilintegriert mit Hubbett ihrer Tr\u00e4ume zu w\u00e4hlen.","og_url":"https:\/\/www.fleurette-florium.fr\/de\/modellreihe-mayflower\/","og_site_name":"Fleurette Florium","article_modified_time":"2025-08-28T13:20:49+00:00","twitter_misc":{"Gesch\u00e4tzte Lesezeit":"2 minutes"},"schema":{"@context":"https:\/\/schema.org","@graph":[{"@type":"WebPage","@id":"https:\/\/www.fleurette-florium.fr\/de\/modellreihe-mayflower\/","url":"https:\/\/www.fleurette-florium.fr\/de\/modellreihe-mayflower\/","name":"Teilintegriert mit Hubbett - MAYFLOWER - Florium","isPartOf":{"@id":"https:\/\/www.fleurette-florium.fr\/#website"},"datePublished":"2015-07-30T16:26:05+00:00","dateModified":"2025-08-28T13:20:49+00:00","description":"Entdecken Sie die ganze Palette MAYFLOWER, um das Teilintegriert mit Hubbett ihrer Tr\u00e4ume zu w\u00e4hlen.","breadcrumb":{"@id":"https:\/\/www.fleurette-florium.fr\/de\/modellreihe-mayflower\/#breadcrumb"},"inLanguage":"de-DE","potentialAction":[{"@type":"ReadAction","target":["https:\/\/www.fleurette-florium.fr\/de\/modellreihe-mayflower\/"]}]},{"@type":"BreadcrumbList","@id":"https:\/\/www.fleurette-florium.fr\/de\/modellreihe-mayflower\/#breadcrumb","itemListElement":[{"@type":"ListItem","position":1,"name":"","item":"https:\/\/www.fleurette-florium.fr\/de\/"},{"@type":"ListItem","position":2,"name":"Modellreihe Mayflower &#8211; Ger\u00e4umigen Wohnmobile"}]},{"@type":"WebSite","@id":"https:\/\/www.fleurette-florium.fr\/#website","url":"https:\/\/www.fleurette-florium.fr\/","name":"Fleurette Florium","description":"","publisher":{"@id":"https:\/\/www.fleurette-florium.fr\/#organization"},"potentialAction":[{"@type":"SearchAction","target":{"@type":"EntryPoint","urlTemplate":"https:\/\/www.fleurette-florium.fr\/?s={search_term_string}"},"query-input":{"@type":"PropertyValueSpecification","valueRequired":true,"valueName":"search_term_string"}}],"inLanguage":"de-DE"},{"@type":"Organization","@id":"https:\/\/www.fleurette-florium.fr\/#organization","name":"Fleurette Florium","url":"https:\/\/www.fleurette-florium.fr\/","logo":{"@type":"ImageObject","inLanguage":"de-DE","@id":"https:\/\/www.fleurette-florium.fr\/#\/schema\/logo\/image\/","url":"https:\/\/www.fleurette-florium.fr\/wp-content\/uploads\/2021\/07\/logo-fleurette-florium-scaled.png","contentUrl":"https:\/\/www.fleurette-florium.fr\/wp-content\/uploads\/2021\/07\/logo-fleurette-florium-scaled.png","width":2560,"height":830,"caption":"Fleurette Florium"},"image":{"@id":"https:\/\/www.fleurette-florium.fr\/#\/schema\/logo\/image\/"}}]}},"_links":{"self":[{"href":"https:\/\/www.fleurette-florium.fr\/de\/wp-json\/wp\/v2\/pages\/2241","targetHints":{"allow":["GET"]}}],"collection":[{"href":"https:\/\/www.fleurette-florium.fr\/de\/wp-json\/wp\/v2\/pages"}],"about":[{"href":"https:\/\/www.fleurette-florium.fr\/de\/wp-json\/wp\/v2\/types\/page"}],"author":[{"embeddable":true,"href":"https:\/\/www.fleurette-florium.fr\/de\/wp-json\/wp\/v2\/users\/67182"}],"replies":[{"embeddable":true,"href":"https:\/\/www.fleurette-florium.fr\/de\/wp-json\/wp\/v2\/comments?post=2241"}],"version-history":[{"count":39,"href":"https:\/\/www.fleurette-florium.fr\/de\/wp-json\/wp\/v2\/pages\/2241\/revisions"}],"predecessor-version":[{"id":31836,"href":"https:\/\/www.fleurette-florium.fr\/de\/wp-json\/wp\/v2\/pages\/2241\/revisions\/31836"}],"wp:attachment":[{"href":"https:\/\/www.fleurette-florium.fr\/de\/wp-json\/wp\/v2\/media?parent=2241"}],"curies":[{"name":"wp","href":"https:\/\/api.w.org\/{rel}","templated":true}]}}