{"id":2235,"date":"2015-07-30T16:45:22","date_gmt":"2015-07-30T15:45:22","guid":{"rendered":"http:\/\/florium.fr\/de\/modelle\/gamme-baxter\/"},"modified":"2025-08-28T14:31:23","modified_gmt":"2025-08-28T13:31:23","slug":"modellreihe-baxter","status":"publish","type":"page","link":"https:\/\/www.fleurette-florium.fr\/de\/modellreihe-baxter\/","title":{"rendered":"Modellreihe Baxter &#8211; Kompaktheit"},"content":{"rendered":"<div class=\"wpb-content-wrapper\"><p>[vc_row][vc_column][rev_slider_vc alias=&nbsp;&raquo;gamme_baxter-1&Prime;][\/vc_column][\/vc_row][vc_row][vc_column width=&nbsp;&raquo;2\/3&Prime;][vc_column_text el_class=&nbsp;&raquo;contenu_lisible&nbsp;&raquo;]<span class='firstcharacter'>S<\/span>icherheit, Funktionalit\u00e4t, Ultrakompaktheit, ein beeindruckendes Fahrzeug f\u00fcr kleine Strassen.<\/p>\n<p class=\"p1\">Die Modellreihe Baxter\u00a0 erfreut die Fans von ultrkompakten Wohnmobilen, die deren Komfort und \u00c4sthetik nicht missen wollen. Alko-Chassis in Serie, eine Zelle aus 100% Polyester f\u00fcr eine verst\u00e4rkte Isolierung, k\u00fcrzere R\u00fcckspiegelarme f\u00fcr noch mehr Kompaktheit, ohne die zahlreichen Komfort-Ausstattungen zu vergessen&#8230; Sie z\u00f6gern nicht mehr in Traumgebiete zu reisen, selbst wenn die Reise \u00fcber kleine Strassen f\u00fchrt, um an Ihr Ziel zu gelangen.<\/p>\n<p>[\/vc_column_text][\/vc_column][vc_column width=&nbsp;&raquo;1\/3&Prime;][vc_column_text css=&nbsp;&raquo;&nbsp;&raquo; el_class=&nbsp;&raquo;liste_check_rouge&nbsp;&raquo;]<\/p>\n<h3>UNSERE HIGHLIGHTS<\/h3>\n<ul>\n<li>Kompakte Gr\u00f6\u00dfe mit seiner Breite von 2,23 m und seiner L\u00e4nge von 5,99 m bis 6,99 m<\/li>\n<li>Elektrisch emklappbare Spiegel, Bedienelemente am Lenkrad<\/li>\n<li>Gegenu\u0308berliegende Sitzgruppe oder L-f\u00f6rmige Sitzbank in Fahrtrichtung, ideal fu\u0308r Kinder<\/li>\n<li>Funktionelle Ku\u0308che, 150-l-Ku\u0308hlschrank, 2-flammiger Kocher mit Gasabschaltung bei geschlossenem Deckel<\/li>\n<li>Durchdachter Stauraum mit gro\u00dfen Schubladen, Schr\u00e4nken und Garderobe<\/li>\n<li>Modernes Badezimmer mit Dusche und WC. M\u00f6bel mit versenkbarem Waschbecken exklusiv beim Modell 69LJG<\/li>\n<li>Schlafzimmer mit Doppelbett oder zwei Einzelbetten, und hochwertigen Matratzen fu\u0308r optimalen Komfort<\/li>\n<li>Lithium Aufbaubatterie &#8211; Heizung Truma 4D<\/li>\n<li>Neue M\u00f6bel in Eschenholzoptik und stimmungsvolle Led-Hintergrundbeleuchtung<\/li>\n<\/ul>\n<p>[\/vc_column_text][\/vc_column][\/vc_row][vc_row el_class=&nbsp;&raquo;fullwidth_element margin-top-30 margin-bottom-none&nbsp;&raquo; el_id=&nbsp;&raquo;autres_produits&nbsp;&raquo;][vc_column css=&nbsp;&raquo;.vc_custom_1440062332502{padding-top: 35px !important;padding-right: 100px !important;padding-bottom: 50px !important;padding-left: 100px !important;background-color: #B4B2B2 !important;}&nbsp;&raquo;][vc_row_inner][vc_column_inner][vc_column_text]<\/p>\n<h3 class=\"p1\">Entdecken Sie die Fahrzeuge dieser Modellreihe<\/h3>\n<p>[\/vc_column_text][\/vc_column_inner][\/vc_row_inner][vc_row_inner gap=&nbsp;&raquo;35&Prime;][vc_column_inner width=&nbsp;&raquo;1\/4&Prime;][vc_single_image image=&nbsp;&raquo;17700&Prime; img_size=&nbsp;&raquo;260&#215;260&Prime; alignment=&nbsp;&raquo;center&nbsp;&raquo; onclick=&nbsp;&raquo;custom_link&nbsp;&raquo; link=&nbsp;&raquo;https:\/\/www.fleurette-florium.fr\/de\/listings\/baxter-60-lg\/&nbsp;&raquo;][\/vc_column_inner][vc_column_inner width=&nbsp;&raquo;1\/4&Prime;][vc_single_image image=&nbsp;&raquo;17725&Prime; img_size=&nbsp;&raquo;260&#215;260&Prime; alignment=&nbsp;&raquo;center&nbsp;&raquo; onclick=&nbsp;&raquo;custom_link&nbsp;&raquo; link=&nbsp;&raquo;https:\/\/www.fleurette-florium.fr\/de\/listings\/baxter-64-ldf-bett-rechts-wohnraum-mit-gegenueberliegenden-sitzbaenken\/&nbsp;&raquo;][\/vc_column_inner][vc_column_inner width=&nbsp;&raquo;1\/4&Prime;][vc_single_image image=&nbsp;&raquo;31798&Prime; img_size=&nbsp;&raquo;260&#215;260&Prime; alignment=&nbsp;&raquo;center&nbsp;&raquo; onclick=&nbsp;&raquo;custom_link&nbsp;&raquo; css=&nbsp;&raquo;&nbsp;&raquo;][\/vc_column_inner][\/vc_row_inner][\/vc_column][\/vc_row]<\/p>\n<\/div>","protected":false},"excerpt":{"rendered":"<p>[vc_row][vc_column][rev_slider_vc alias=&nbsp;&raquo;gamme_baxter-1&Prime;][\/vc_column][\/vc_row][vc_row][vc_column width=&nbsp;&raquo;2\/3&Prime;][vc_column_text el_class=&nbsp;&raquo;contenu_lisible&nbsp;&raquo;]icherheit, Funktionalit\u00e4t, Ultrakompaktheit, ein beeindruckendes Fahrzeug f\u00fcr kleine Strassen. Die Modellreihe Baxter\u00a0 erfreut die Fans von ultrkompakten Wohnmobilen, die deren Komfort und \u00c4sthetik nicht missen wollen. Alko-Chassis in Serie, eine Zelle aus 100% Polyester f\u00fcr eine verst\u00e4rkte Isolierung, k\u00fcrzere R\u00fcckspiegelarme f\u00fcr noch mehr Kompaktheit, ohne die zahlreichen Komfort-Ausstattungen zu vergessen&#8230; Sie z\u00f6gern [&hellip;]<\/p>\n","protected":false},"author":67182,"featured_media":0,"parent":0,"menu_order":0,"comment_status":"closed","ping_status":"closed","template":"","meta":{"_acf_changed":false,"footnotes":""},"class_list":["post-2235","page","type-page","status-publish","hentry"],"acf":[],"yoast_head":"<!-- This site is optimized with the Yoast SEO plugin v26.6 - https:\/\/yoast.com\/wordpress\/plugins\/seo\/ -->\n<title>Teilintegriert - Modellreihe MIGRATEUR - Florium<\/title>\n<meta name=\"description\" content=\"Entdecken Sie die ganze Palette MIGRATEUR, un das Teilintegriert ihrer Tr\u00e4ume zu w\u00e4hlen.\" \/>\n<meta name=\"robots\" content=\"index, follow, max-snippet:-1, max-image-preview:large, max-video-preview:-1\" \/>\n<link rel=\"canonical\" href=\"https:\/\/www.fleurette-florium.fr\/de\/modellreihe-baxter\/\" \/>\n<meta property=\"og:locale\" content=\"de_DE\" \/>\n<meta property=\"og:type\" content=\"article\" \/>\n<meta property=\"og:title\" content=\"Teilintegriert - Modellreihe MIGRATEUR - Florium\" \/>\n<meta property=\"og:description\" content=\"Entdecken Sie die ganze Palette MIGRATEUR, un das Teilintegriert ihrer Tr\u00e4ume zu w\u00e4hlen.\" \/>\n<meta property=\"og:url\" content=\"https:\/\/www.fleurette-florium.fr\/de\/modellreihe-baxter\/\" \/>\n<meta property=\"og:site_name\" content=\"Fleurette Florium\" \/>\n<meta property=\"article:modified_time\" content=\"2025-08-28T13:31:23+00:00\" \/>\n<meta name=\"twitter:label1\" content=\"Gesch\u00e4tzte Lesezeit\" \/>\n\t<meta name=\"twitter:data1\" content=\"2 minutes\" \/>\n<script type=\"application\/ld+json\" class=\"yoast-schema-graph\">{\"@context\":\"https:\/\/schema.org\",\"@graph\":[{\"@type\":\"WebPage\",\"@id\":\"https:\/\/www.fleurette-florium.fr\/de\/modellreihe-baxter\/\",\"url\":\"https:\/\/www.fleurette-florium.fr\/de\/modellreihe-baxter\/\",\"name\":\"Teilintegriert - Modellreihe MIGRATEUR - Florium\",\"isPartOf\":{\"@id\":\"https:\/\/www.fleurette-florium.fr\/#website\"},\"datePublished\":\"2015-07-30T15:45:22+00:00\",\"dateModified\":\"2025-08-28T13:31:23+00:00\",\"description\":\"Entdecken Sie die ganze Palette MIGRATEUR, un das Teilintegriert ihrer Tr\u00e4ume zu w\u00e4hlen.\",\"breadcrumb\":{\"@id\":\"https:\/\/www.fleurette-florium.fr\/de\/modellreihe-baxter\/#breadcrumb\"},\"inLanguage\":\"de-DE\",\"potentialAction\":[{\"@type\":\"ReadAction\",\"target\":[\"https:\/\/www.fleurette-florium.fr\/de\/modellreihe-baxter\/\"]}]},{\"@type\":\"BreadcrumbList\",\"@id\":\"https:\/\/www.fleurette-florium.fr\/de\/modellreihe-baxter\/#breadcrumb\",\"itemListElement\":[{\"@type\":\"ListItem\",\"position\":1,\"name\":\"\",\"item\":\"https:\/\/www.fleurette-florium.fr\/de\/\"},{\"@type\":\"ListItem\",\"position\":2,\"name\":\"Modellreihe Baxter &#8211; Kompaktheit\"}]},{\"@type\":\"WebSite\",\"@id\":\"https:\/\/www.fleurette-florium.fr\/#website\",\"url\":\"https:\/\/www.fleurette-florium.fr\/\",\"name\":\"Fleurette Florium\",\"description\":\"\",\"publisher\":{\"@id\":\"https:\/\/www.fleurette-florium.fr\/#organization\"},\"potentialAction\":[{\"@type\":\"SearchAction\",\"target\":{\"@type\":\"EntryPoint\",\"urlTemplate\":\"https:\/\/www.fleurette-florium.fr\/?s={search_term_string}\"},\"query-input\":{\"@type\":\"PropertyValueSpecification\",\"valueRequired\":true,\"valueName\":\"search_term_string\"}}],\"inLanguage\":\"de-DE\"},{\"@type\":\"Organization\",\"@id\":\"https:\/\/www.fleurette-florium.fr\/#organization\",\"name\":\"Fleurette Florium\",\"url\":\"https:\/\/www.fleurette-florium.fr\/\",\"logo\":{\"@type\":\"ImageObject\",\"inLanguage\":\"de-DE\",\"@id\":\"https:\/\/www.fleurette-florium.fr\/#\/schema\/logo\/image\/\",\"url\":\"https:\/\/www.fleurette-florium.fr\/wp-content\/uploads\/2021\/07\/logo-fleurette-florium-scaled.png\",\"contentUrl\":\"https:\/\/www.fleurette-florium.fr\/wp-content\/uploads\/2021\/07\/logo-fleurette-florium-scaled.png\",\"width\":2560,\"height\":830,\"caption\":\"Fleurette Florium\"},\"image\":{\"@id\":\"https:\/\/www.fleurette-florium.fr\/#\/schema\/logo\/image\/\"}}]}<\/script>\n<!-- \/ Yoast SEO plugin. -->","yoast_head_json":{"title":"Teilintegriert - Modellreihe MIGRATEUR - Florium","description":"Entdecken Sie die ganze Palette MIGRATEUR, un das Teilintegriert ihrer Tr\u00e4ume zu w\u00e4hlen.","robots":{"index":"index","follow":"follow","max-snippet":"max-snippet:-1","max-image-preview":"max-image-preview:large","max-video-preview":"max-video-preview:-1"},"canonical":"https:\/\/www.fleurette-florium.fr\/de\/modellreihe-baxter\/","og_locale":"de_DE","og_type":"article","og_title":"Teilintegriert - Modellreihe MIGRATEUR - Florium","og_description":"Entdecken Sie die ganze Palette MIGRATEUR, un das Teilintegriert ihrer Tr\u00e4ume zu w\u00e4hlen.","og_url":"https:\/\/www.fleurette-florium.fr\/de\/modellreihe-baxter\/","og_site_name":"Fleurette Florium","article_modified_time":"2025-08-28T13:31:23+00:00","twitter_misc":{"Gesch\u00e4tzte Lesezeit":"2 minutes"},"schema":{"@context":"https:\/\/schema.org","@graph":[{"@type":"WebPage","@id":"https:\/\/www.fleurette-florium.fr\/de\/modellreihe-baxter\/","url":"https:\/\/www.fleurette-florium.fr\/de\/modellreihe-baxter\/","name":"Teilintegriert - Modellreihe MIGRATEUR - Florium","isPartOf":{"@id":"https:\/\/www.fleurette-florium.fr\/#website"},"datePublished":"2015-07-30T15:45:22+00:00","dateModified":"2025-08-28T13:31:23+00:00","description":"Entdecken Sie die ganze Palette MIGRATEUR, un das Teilintegriert ihrer Tr\u00e4ume zu w\u00e4hlen.","breadcrumb":{"@id":"https:\/\/www.fleurette-florium.fr\/de\/modellreihe-baxter\/#breadcrumb"},"inLanguage":"de-DE","potentialAction":[{"@type":"ReadAction","target":["https:\/\/www.fleurette-florium.fr\/de\/modellreihe-baxter\/"]}]},{"@type":"BreadcrumbList","@id":"https:\/\/www.fleurette-florium.fr\/de\/modellreihe-baxter\/#breadcrumb","itemListElement":[{"@type":"ListItem","position":1,"name":"","item":"https:\/\/www.fleurette-florium.fr\/de\/"},{"@type":"ListItem","position":2,"name":"Modellreihe Baxter &#8211; Kompaktheit"}]},{"@type":"WebSite","@id":"https:\/\/www.fleurette-florium.fr\/#website","url":"https:\/\/www.fleurette-florium.fr\/","name":"Fleurette Florium","description":"","publisher":{"@id":"https:\/\/www.fleurette-florium.fr\/#organization"},"potentialAction":[{"@type":"SearchAction","target":{"@type":"EntryPoint","urlTemplate":"https:\/\/www.fleurette-florium.fr\/?s={search_term_string}"},"query-input":{"@type":"PropertyValueSpecification","valueRequired":true,"valueName":"search_term_string"}}],"inLanguage":"de-DE"},{"@type":"Organization","@id":"https:\/\/www.fleurette-florium.fr\/#organization","name":"Fleurette Florium","url":"https:\/\/www.fleurette-florium.fr\/","logo":{"@type":"ImageObject","inLanguage":"de-DE","@id":"https:\/\/www.fleurette-florium.fr\/#\/schema\/logo\/image\/","url":"https:\/\/www.fleurette-florium.fr\/wp-content\/uploads\/2021\/07\/logo-fleurette-florium-scaled.png","contentUrl":"https:\/\/www.fleurette-florium.fr\/wp-content\/uploads\/2021\/07\/logo-fleurette-florium-scaled.png","width":2560,"height":830,"caption":"Fleurette Florium"},"image":{"@id":"https:\/\/www.fleurette-florium.fr\/#\/schema\/logo\/image\/"}}]}},"_links":{"self":[{"href":"https:\/\/www.fleurette-florium.fr\/de\/wp-json\/wp\/v2\/pages\/2235","targetHints":{"allow":["GET"]}}],"collection":[{"href":"https:\/\/www.fleurette-florium.fr\/de\/wp-json\/wp\/v2\/pages"}],"about":[{"href":"https:\/\/www.fleurette-florium.fr\/de\/wp-json\/wp\/v2\/types\/page"}],"author":[{"embeddable":true,"href":"https:\/\/www.fleurette-florium.fr\/de\/wp-json\/wp\/v2\/users\/67182"}],"replies":[{"embeddable":true,"href":"https:\/\/www.fleurette-florium.fr\/de\/wp-json\/wp\/v2\/comments?post=2235"}],"version-history":[{"count":33,"href":"https:\/\/www.fleurette-florium.fr\/de\/wp-json\/wp\/v2\/pages\/2235\/revisions"}],"predecessor-version":[{"id":31846,"href":"https:\/\/www.fleurette-florium.fr\/de\/wp-json\/wp\/v2\/pages\/2235\/revisions\/31846"}],"wp:attachment":[{"href":"https:\/\/www.fleurette-florium.fr\/de\/wp-json\/wp\/v2\/media?parent=2235"}],"curies":[{"name":"wp","href":"https:\/\/api.w.org\/{rel}","templated":true}]}}