{"id":2084,"date":"2015-07-28T16:50:11","date_gmt":"2015-07-28T15:50:11","guid":{"rendered":"http:\/\/florium.fr\/de\/le-catalogue\/"},"modified":"2025-09-30T10:54:55","modified_gmt":"2025-09-30T09:54:55","slug":"katalog","status":"publish","type":"page","link":"https:\/\/www.fleurette-florium.fr\/de\/katalog\/","title":{"rendered":"Katalog"},"content":{"rendered":"<div class=\"wpb-content-wrapper\"><p>[vc_row css=&nbsp;&raquo;.vc_custom_1410354226977{margin-bottom: 60px !important;}&nbsp;&raquo;][vc_column width=&nbsp;&raquo;1\/2&Prime;][vc_column_text css=&nbsp;&raquo;&nbsp;&raquo;]<\/p>\n<h3>Katalog und Newsletter<\/h3>\n<p>[\/vc_column_text][vc_column_text css=&nbsp;&raquo;&nbsp;&raquo;]Um unsere Umweltauswirkungen zu verringern, bieten wir Ihnen die M\u00f6glichkeit, den Online-Katalog \u00fcber die entsprechende Schaltfl\u00e4che auf dieser Seite herunterladen. Au\u00dferdem k\u00f6nnen Sie sich den Wohnmobilkatalog mit der Kollektion 2026 von FLEURETTE CONSTRUCTEUR, der die Marken FLEURETTE und FLORIUM enth\u00e4lt, nach Hause schicken lassen.[\/vc_column_text][vc_column_text css=&nbsp;&raquo;&nbsp;&raquo;]Bitte f\u00fcllen Sie die unten stehenden Felder aus, um Ihre Anfrage genauer zu definieren.<\/p>\n<h3>Katalog und Newsletter Fleurette-Florium<\/h3>\n<div class=\"wpcf7 no-js\" id=\"wpcf7-f26518-o1\" lang=\"de-DE\" dir=\"ltr\" data-wpcf7-id=\"26518\">\n<div class=\"screen-reader-response\"><p role=\"status\" aria-live=\"polite\" aria-atomic=\"true\"><\/p> <ul><\/ul><\/div>\n<form action=\"\/de\/wp-json\/wp\/v2\/pages\/2084#wpcf7-f26518-o1\" method=\"post\" class=\"wpcf7-form init\" aria-label=\"Kontaktformular\" novalidate=\"novalidate\" data-status=\"init\">\n<fieldset class=\"hidden-fields-container\"><input type=\"hidden\" name=\"_wpcf7\" value=\"26518\" \/><input type=\"hidden\" name=\"_wpcf7_version\" value=\"6.1.4\" \/><input type=\"hidden\" name=\"_wpcf7_locale\" value=\"de_DE\" \/><input type=\"hidden\" name=\"_wpcf7_unit_tag\" value=\"wpcf7-f26518-o1\" \/><input type=\"hidden\" name=\"_wpcf7_container_post\" value=\"0\" \/><input type=\"hidden\" name=\"_wpcf7_posted_data_hash\" value=\"\" \/><input type=\"hidden\" name=\"_wpcf7_recaptcha_response\" value=\"\" \/>\n<\/fieldset>\n<p><br \/>\nNachname\n<\/p>\n<p><span class=\"wpcf7-form-control-wrap\" data-name=\"nom\"><input size=\"40\" maxlength=\"400\" class=\"wpcf7-form-control wpcf7-text wpcf7-validates-as-required\" aria-required=\"true\" aria-invalid=\"false\" value=\"\" type=\"text\" name=\"nom\" \/><\/span>\n<\/p>\n<p><br \/>\nVorname\n<\/p>\n<p><span class=\"wpcf7-form-control-wrap\" data-name=\"prenom\"><input size=\"40\" maxlength=\"400\" class=\"wpcf7-form-control wpcf7-text wpcf7-validates-as-required\" aria-required=\"true\" aria-invalid=\"false\" value=\"\" type=\"text\" name=\"prenom\" \/><\/span>\n<\/p>\n<p><br \/>\nE-Mail-Adresse\n<\/p>\n<p><span class=\"wpcf7-form-control-wrap\" data-name=\"email\"><input size=\"40\" maxlength=\"400\" class=\"wpcf7-form-control wpcf7-email wpcf7-validates-as-required wpcf7-text wpcf7-validates-as-email\" aria-required=\"true\" aria-invalid=\"false\" value=\"\" type=\"email\" name=\"email\" \/><\/span>\n<\/p>\n<p><br \/>\nTelefon\n<\/p>\n<p><span class=\"wpcf7-form-control-wrap\" data-name=\"telephone\"><input size=\"40\" maxlength=\"400\" class=\"wpcf7-form-control wpcf7-text wpcf7-validates-as-required\" aria-required=\"true\" aria-invalid=\"false\" value=\"\" type=\"text\" name=\"telephone\" \/><\/span>\n<\/p>\n<p><br \/>\nAdresse\n<\/p>\n<p><span class=\"wpcf7-form-control-wrap\" data-name=\"rue\"><input size=\"40\" maxlength=\"400\" class=\"wpcf7-form-control wpcf7-text wpcf7-validates-as-required\" aria-required=\"true\" aria-invalid=\"false\" value=\"\" type=\"text\" name=\"rue\" \/><\/span>\n<\/p>\n<p><br \/>\nPostleitzahl\n<\/p>\n<p><span class=\"wpcf7-form-control-wrap\" data-name=\"codepostal\"><input size=\"40\" maxlength=\"400\" class=\"wpcf7-form-control wpcf7-text wpcf7-validates-as-required\" aria-required=\"true\" aria-invalid=\"false\" value=\"\" type=\"text\" name=\"codepostal\" \/><\/span>\n<\/p>\n<p><br \/>\nStadt\n<\/p>\n<p><span class=\"wpcf7-form-control-wrap\" data-name=\"ville\"><input size=\"40\" maxlength=\"400\" class=\"wpcf7-form-control wpcf7-text wpcf7-validates-as-required\" aria-required=\"true\" aria-invalid=\"false\" value=\"\" type=\"text\" name=\"ville\" \/><\/span>\n<\/p>\n<p><br \/>\nKatalog\n<\/p>\n<p><span class=\"wpcf7-form-control-wrap\" data-name=\"catalogue\"><span class=\"wpcf7-form-control wpcf7-checkbox wpcf7-validates-as-required\"><span class=\"wpcf7-list-item first\"><label><input type=\"checkbox\" name=\"catalogue[]\" value=\"Kompakter Teilintegrierter\" \/><span class=\"wpcf7-list-item-label\">Kompakter Teilintegrierter<\/span><\/label><\/span><span class=\"wpcf7-list-item\"><label><input type=\"checkbox\" name=\"catalogue[]\" value=\"Ger\u00e4umiger Teilintegrierter\" \/><span class=\"wpcf7-list-item-label\">Ger\u00e4umiger Teilintegrierter<\/span><\/label><\/span><span class=\"wpcf7-list-item\"><label><input type=\"checkbox\" name=\"catalogue[]\" value=\"Vollintegrierter\" \/><span class=\"wpcf7-list-item-label\">Vollintegrierter<\/span><\/label><\/span><span class=\"wpcf7-list-item last\"><label><input type=\"checkbox\" name=\"catalogue[]\" value=\"Auswahl nicht definiert\" \/><span class=\"wpcf7-list-item-label\">Auswahl nicht definiert<\/span><\/label><\/span><\/span><\/span>\n<\/p>\n<p><br \/>\nMarke\n<\/p>\n<p><span class=\"wpcf7-form-control-wrap\" data-name=\"marque\"><span class=\"wpcf7-form-control wpcf7-checkbox wpcf7-validates-as-required\"><span class=\"wpcf7-list-item first\"><label><input type=\"checkbox\" name=\"marque[]\" value=\"Fleurette\" \/><span class=\"wpcf7-list-item-label\">Fleurette<\/span><\/label><\/span><span class=\"wpcf7-list-item\"><label><input type=\"checkbox\" name=\"marque[]\" value=\"Florium\" \/><span class=\"wpcf7-list-item-label\">Florium<\/span><\/label><\/span><span class=\"wpcf7-list-item last\"><label><input type=\"checkbox\" name=\"marque[]\" value=\"Auswahl nicht definiert\" \/><span class=\"wpcf7-list-item-label\">Auswahl nicht definiert<\/span><\/label><\/span><\/span><\/span>\n<\/p>\n<hr \/>\n<p><span class=\"wpcf7-form-control-wrap\" data-name=\"transmissionCoordonnes\"><span class=\"wpcf7-form-control wpcf7-checkbox\"><span class=\"wpcf7-list-item first last\"><label><input type=\"checkbox\" name=\"transmissionCoordonnes[]\" value=\"Ich erlaube Ihnen, meine Kontaktdaten an einen H\u00e4ndler in meiner N\u00e4he weiterzuleiten.\" \/><span class=\"wpcf7-list-item-label\">Ich erlaube Ihnen, meine Kontaktdaten an einen H\u00e4ndler in meiner N\u00e4he weiterzuleiten.<\/span><\/label><\/span><\/span><\/span>\n<\/p>\n<p><span class=\"wpcf7-form-control-wrap\" data-name=\"newsletter\"><span class=\"wpcf7-form-control wpcf7-checkbox\"><span class=\"wpcf7-list-item first last\"><label><input type=\"checkbox\" name=\"newsletter[]\" value=\"Ich m\u00f6chte den Newsletter von Fleurette-Florium erhalten und regelm\u00e4\u00dfig per E-Mail \u00fcber Neuheiten und Aktuelles informiert werden. Diese Zustimmung kann ich jederzeit per E-Mail an contact@fleurette.fr widerrufen.\" \/><span class=\"wpcf7-list-item-label\">Ich m\u00f6chte den Newsletter von Fleurette-Florium erhalten und regelm\u00e4\u00dfig per E-Mail \u00fcber Neuheiten und Aktuelles informiert werden. Diese Zustimmung kann ich jederzeit per E-Mail an contact@fleurette.fr widerrufen.<\/span><\/label><\/span><\/span><\/span>\n<\/p>\n<div class=\"col-xs-12 col-md-5 envoyer\">\n\t<p><input class=\"wpcf7-form-control wpcf7-submit has-spinner\" type=\"submit\" value=\"Senden\" \/>\n\t<\/p>\n<\/div><div class=\"wpcf7-response-output\" aria-hidden=\"true\"><\/div>\n<\/form>\n<\/div>\n[\/vc_column_text][\/vc_column][vc_column width=&nbsp;&raquo;1\/2&Prime;][vc_single_image image=&nbsp;&raquo;31190&Prime; img_size=&nbsp;&raquo;full&nbsp;&raquo; alignment=&nbsp;&raquo;center&nbsp;&raquo; onclick=&nbsp;&raquo;custom_link&nbsp;&raquo; img_link_target=&nbsp;&raquo;_blank&nbsp;&raquo; css_animation=&nbsp;&raquo;bottom-to-top&nbsp;&raquo; css=&nbsp;&raquo;&nbsp;&raquo; link=&nbsp;&raquo;https:\/\/www.fleurette-florium.fr\/wp-content\/uploads\/2025\/08\/Catalogue_Fleurette_DE_297x210_2026-13_BD.pdf&nbsp;&raquo;][vc_column_text css=&nbsp;&raquo;.vc_custom_1718206635216{margin-top: -40px !important;}&nbsp;&raquo;]<\/p>\n<p style=\"text-align: center;\">Klicken Sie auf dem untengenannten Knopf,<br \/>\num den Katalog im Format PDF einzuspeichern.<\/p>\n<p>[\/vc_column_text][vc_row_inner][vc_column_inner width=&nbsp;&raquo;1\/2&Prime;][vc_btn title=&nbsp;&raquo;Kollektion 2026&Prime; style=&nbsp;&raquo;flat&nbsp;&raquo; shape=&nbsp;&raquo;square&nbsp;&raquo; color=&nbsp;&raquo;inverse&nbsp;&raquo; size=&nbsp;&raquo;lg&nbsp;&raquo; align=&nbsp;&raquo;center&nbsp;&raquo; i_icon_fontawesome=&nbsp;&raquo;fa fa-solid fa-download&nbsp;&raquo; css=&nbsp;&raquo;&nbsp;&raquo; add_icon=&nbsp;&raquo;true&nbsp;&raquo; link=&nbsp;&raquo;url:https%3A%2F%2Fwww.fleurette-florium.fr%2Fwp-content%2Fuploads%2F2025%2F08%2FCatalogue_Fleurette_DE_297x210_2026-13_BD.pdf|title:Kollektion%202026|target:_blank&nbsp;&raquo;][\/vc_column_inner][vc_column_inner width=&nbsp;&raquo;1\/2&Prime;][vc_btn title=&nbsp;&raquo;Kollektion 2025&Prime; style=&nbsp;&raquo;flat&nbsp;&raquo; shape=&nbsp;&raquo;square&nbsp;&raquo; color=&nbsp;&raquo;inverse&nbsp;&raquo; size=&nbsp;&raquo;lg&nbsp;&raquo; align=&nbsp;&raquo;center&nbsp;&raquo; i_icon_fontawesome=&nbsp;&raquo;fa fa-solid fa-download&nbsp;&raquo; css=&nbsp;&raquo;&nbsp;&raquo; add_icon=&nbsp;&raquo;true&nbsp;&raquo; link=&nbsp;&raquo;url:https%3A%2F%2Fwww.fleurette-florium.fr%2Fwp-content%2Fuploads%2F2024%2F10%2FCatalogue_Fleurette_297x210_2025__version-web_Allemand.pdf|title:Kollektion%202025|target:_blank&nbsp;&raquo;][\/vc_column_inner][\/vc_row_inner][\/vc_column][\/vc_row]<\/p>\n<\/div>","protected":false},"excerpt":{"rendered":"<p>[vc_row css=&nbsp;&raquo;.vc_custom_1410354226977{margin-bottom: 60px !important;}&nbsp;&raquo;][vc_column width=&nbsp;&raquo;1\/2&Prime;][vc_column_text css=&nbsp;&raquo;&nbsp;&raquo;] Katalog und Newsletter [\/vc_column_text][vc_column_text css=&nbsp;&raquo;&nbsp;&raquo;]Um unsere Umweltauswirkungen zu verringern, bieten wir Ihnen die M\u00f6glichkeit, den Online-Katalog \u00fcber die entsprechende Schaltfl\u00e4che auf dieser Seite herunterladen. Au\u00dferdem k\u00f6nnen Sie sich den Wohnmobilkatalog mit der Kollektion 2026 von FLEURETTE CONSTRUCTEUR, der die Marken FLEURETTE und FLORIUM enth\u00e4lt, nach Hause schicken lassen.[\/vc_column_text][vc_column_text css=&nbsp;&raquo;&nbsp;&raquo;]Bitte [&hellip;]<\/p>\n","protected":false},"author":67182,"featured_media":0,"parent":0,"menu_order":0,"comment_status":"closed","ping_status":"closed","template":"","meta":{"_acf_changed":false,"footnotes":""},"class_list":["post-2084","page","type-page","status-publish","hentry"],"acf":[],"yoast_head":"<!-- This site is optimized with the Yoast SEO plugin v26.6 - https:\/\/yoast.com\/wordpress\/plugins\/seo\/ -->\n<title>Katalog - Fleurette Florium<\/title>\n<meta name=\"robots\" content=\"index, follow, max-snippet:-1, max-image-preview:large, max-video-preview:-1\" \/>\n<link rel=\"canonical\" href=\"https:\/\/www.fleurette-florium.fr\/de\/katalog\/\" \/>\n<meta property=\"og:locale\" content=\"de_DE\" \/>\n<meta property=\"og:type\" content=\"article\" \/>\n<meta property=\"og:title\" content=\"Katalog - Fleurette Florium\" \/>\n<meta property=\"og:description\" content=\"[vc_row css=&nbsp;&raquo;.vc_custom_1410354226977{margin-bottom: 60px !important;}&nbsp;&raquo;][vc_column width=&nbsp;&raquo;1\/2&Prime;][vc_column_text css=&nbsp;&raquo;&nbsp;&raquo;] Katalog und Newsletter [\/vc_column_text][vc_column_text css=&nbsp;&raquo;&nbsp;&raquo;]Um unsere Umweltauswirkungen zu verringern, bieten wir Ihnen die M\u00f6glichkeit, den Online-Katalog \u00fcber die entsprechende Schaltfl\u00e4che auf dieser Seite herunterladen. Au\u00dferdem k\u00f6nnen Sie sich den Wohnmobilkatalog mit der Kollektion 2026 von FLEURETTE CONSTRUCTEUR, der die Marken FLEURETTE und FLORIUM enth\u00e4lt, nach Hause schicken lassen.[\/vc_column_text][vc_column_text css=&nbsp;&raquo;&nbsp;&raquo;]Bitte [&hellip;]\" \/>\n<meta property=\"og:url\" content=\"https:\/\/www.fleurette-florium.fr\/de\/katalog\/\" \/>\n<meta property=\"og:site_name\" content=\"Fleurette Florium\" \/>\n<meta property=\"article:modified_time\" content=\"2025-09-30T09:54:55+00:00\" \/>\n<meta name=\"twitter:label1\" content=\"Gesch\u00e4tzte Lesezeit\" \/>\n\t<meta name=\"twitter:data1\" content=\"1 minute\" \/>\n<script type=\"application\/ld+json\" class=\"yoast-schema-graph\">{\"@context\":\"https:\/\/schema.org\",\"@graph\":[{\"@type\":\"WebPage\",\"@id\":\"https:\/\/www.fleurette-florium.fr\/de\/katalog\/\",\"url\":\"https:\/\/www.fleurette-florium.fr\/de\/katalog\/\",\"name\":\"Katalog - Fleurette Florium\",\"isPartOf\":{\"@id\":\"https:\/\/www.fleurette-florium.fr\/#website\"},\"datePublished\":\"2015-07-28T15:50:11+00:00\",\"dateModified\":\"2025-09-30T09:54:55+00:00\",\"breadcrumb\":{\"@id\":\"https:\/\/www.fleurette-florium.fr\/de\/katalog\/#breadcrumb\"},\"inLanguage\":\"de-DE\",\"potentialAction\":[{\"@type\":\"ReadAction\",\"target\":[\"https:\/\/www.fleurette-florium.fr\/de\/katalog\/\"]}]},{\"@type\":\"BreadcrumbList\",\"@id\":\"https:\/\/www.fleurette-florium.fr\/de\/katalog\/#breadcrumb\",\"itemListElement\":[{\"@type\":\"ListItem\",\"position\":1,\"name\":\"\",\"item\":\"https:\/\/www.fleurette-florium.fr\/de\/\"},{\"@type\":\"ListItem\",\"position\":2,\"name\":\"Katalog\"}]},{\"@type\":\"WebSite\",\"@id\":\"https:\/\/www.fleurette-florium.fr\/#website\",\"url\":\"https:\/\/www.fleurette-florium.fr\/\",\"name\":\"Fleurette Florium\",\"description\":\"\",\"publisher\":{\"@id\":\"https:\/\/www.fleurette-florium.fr\/#organization\"},\"potentialAction\":[{\"@type\":\"SearchAction\",\"target\":{\"@type\":\"EntryPoint\",\"urlTemplate\":\"https:\/\/www.fleurette-florium.fr\/?s={search_term_string}\"},\"query-input\":{\"@type\":\"PropertyValueSpecification\",\"valueRequired\":true,\"valueName\":\"search_term_string\"}}],\"inLanguage\":\"de-DE\"},{\"@type\":\"Organization\",\"@id\":\"https:\/\/www.fleurette-florium.fr\/#organization\",\"name\":\"Fleurette Florium\",\"url\":\"https:\/\/www.fleurette-florium.fr\/\",\"logo\":{\"@type\":\"ImageObject\",\"inLanguage\":\"de-DE\",\"@id\":\"https:\/\/www.fleurette-florium.fr\/#\/schema\/logo\/image\/\",\"url\":\"https:\/\/www.fleurette-florium.fr\/wp-content\/uploads\/2021\/07\/logo-fleurette-florium-scaled.png\",\"contentUrl\":\"https:\/\/www.fleurette-florium.fr\/wp-content\/uploads\/2021\/07\/logo-fleurette-florium-scaled.png\",\"width\":2560,\"height\":830,\"caption\":\"Fleurette Florium\"},\"image\":{\"@id\":\"https:\/\/www.fleurette-florium.fr\/#\/schema\/logo\/image\/\"}}]}<\/script>\n<!-- \/ Yoast SEO plugin. -->","yoast_head_json":{"title":"Katalog - Fleurette Florium","robots":{"index":"index","follow":"follow","max-snippet":"max-snippet:-1","max-image-preview":"max-image-preview:large","max-video-preview":"max-video-preview:-1"},"canonical":"https:\/\/www.fleurette-florium.fr\/de\/katalog\/","og_locale":"de_DE","og_type":"article","og_title":"Katalog - Fleurette Florium","og_description":"[vc_row css=&nbsp;&raquo;.vc_custom_1410354226977{margin-bottom: 60px !important;}&nbsp;&raquo;][vc_column width=&nbsp;&raquo;1\/2&Prime;][vc_column_text css=&nbsp;&raquo;&nbsp;&raquo;] Katalog und Newsletter [\/vc_column_text][vc_column_text css=&nbsp;&raquo;&nbsp;&raquo;]Um unsere Umweltauswirkungen zu verringern, bieten wir Ihnen die M\u00f6glichkeit, den Online-Katalog \u00fcber die entsprechende Schaltfl\u00e4che auf dieser Seite herunterladen. Au\u00dferdem k\u00f6nnen Sie sich den Wohnmobilkatalog mit der Kollektion 2026 von FLEURETTE CONSTRUCTEUR, der die Marken FLEURETTE und FLORIUM enth\u00e4lt, nach Hause schicken lassen.[\/vc_column_text][vc_column_text css=&nbsp;&raquo;&nbsp;&raquo;]Bitte [&hellip;]","og_url":"https:\/\/www.fleurette-florium.fr\/de\/katalog\/","og_site_name":"Fleurette Florium","article_modified_time":"2025-09-30T09:54:55+00:00","twitter_misc":{"Gesch\u00e4tzte Lesezeit":"1 minute"},"schema":{"@context":"https:\/\/schema.org","@graph":[{"@type":"WebPage","@id":"https:\/\/www.fleurette-florium.fr\/de\/katalog\/","url":"https:\/\/www.fleurette-florium.fr\/de\/katalog\/","name":"Katalog - Fleurette Florium","isPartOf":{"@id":"https:\/\/www.fleurette-florium.fr\/#website"},"datePublished":"2015-07-28T15:50:11+00:00","dateModified":"2025-09-30T09:54:55+00:00","breadcrumb":{"@id":"https:\/\/www.fleurette-florium.fr\/de\/katalog\/#breadcrumb"},"inLanguage":"de-DE","potentialAction":[{"@type":"ReadAction","target":["https:\/\/www.fleurette-florium.fr\/de\/katalog\/"]}]},{"@type":"BreadcrumbList","@id":"https:\/\/www.fleurette-florium.fr\/de\/katalog\/#breadcrumb","itemListElement":[{"@type":"ListItem","position":1,"name":"","item":"https:\/\/www.fleurette-florium.fr\/de\/"},{"@type":"ListItem","position":2,"name":"Katalog"}]},{"@type":"WebSite","@id":"https:\/\/www.fleurette-florium.fr\/#website","url":"https:\/\/www.fleurette-florium.fr\/","name":"Fleurette Florium","description":"","publisher":{"@id":"https:\/\/www.fleurette-florium.fr\/#organization"},"potentialAction":[{"@type":"SearchAction","target":{"@type":"EntryPoint","urlTemplate":"https:\/\/www.fleurette-florium.fr\/?s={search_term_string}"},"query-input":{"@type":"PropertyValueSpecification","valueRequired":true,"valueName":"search_term_string"}}],"inLanguage":"de-DE"},{"@type":"Organization","@id":"https:\/\/www.fleurette-florium.fr\/#organization","name":"Fleurette Florium","url":"https:\/\/www.fleurette-florium.fr\/","logo":{"@type":"ImageObject","inLanguage":"de-DE","@id":"https:\/\/www.fleurette-florium.fr\/#\/schema\/logo\/image\/","url":"https:\/\/www.fleurette-florium.fr\/wp-content\/uploads\/2021\/07\/logo-fleurette-florium-scaled.png","contentUrl":"https:\/\/www.fleurette-florium.fr\/wp-content\/uploads\/2021\/07\/logo-fleurette-florium-scaled.png","width":2560,"height":830,"caption":"Fleurette Florium"},"image":{"@id":"https:\/\/www.fleurette-florium.fr\/#\/schema\/logo\/image\/"}}]}},"_links":{"self":[{"href":"https:\/\/www.fleurette-florium.fr\/de\/wp-json\/wp\/v2\/pages\/2084","targetHints":{"allow":["GET"]}}],"collection":[{"href":"https:\/\/www.fleurette-florium.fr\/de\/wp-json\/wp\/v2\/pages"}],"about":[{"href":"https:\/\/www.fleurette-florium.fr\/de\/wp-json\/wp\/v2\/types\/page"}],"author":[{"embeddable":true,"href":"https:\/\/www.fleurette-florium.fr\/de\/wp-json\/wp\/v2\/users\/67182"}],"replies":[{"embeddable":true,"href":"https:\/\/www.fleurette-florium.fr\/de\/wp-json\/wp\/v2\/comments?post=2084"}],"version-history":[{"count":34,"href":"https:\/\/www.fleurette-florium.fr\/de\/wp-json\/wp\/v2\/pages\/2084\/revisions"}],"predecessor-version":[{"id":32800,"href":"https:\/\/www.fleurette-florium.fr\/de\/wp-json\/wp\/v2\/pages\/2084\/revisions\/32800"}],"wp:attachment":[{"href":"https:\/\/www.fleurette-florium.fr\/de\/wp-json\/wp\/v2\/media?parent=2084"}],"curies":[{"name":"wp","href":"https:\/\/api.w.org\/{rel}","templated":true}]}}