{"id":1710,"date":"2014-09-11T13:08:06","date_gmt":"2014-09-11T17:08:06","guid":{"rendered":"http:\/\/fleurettam.cluster011.ovh.net\/de\/contact\/"},"modified":"2025-09-24T11:12:13","modified_gmt":"2025-09-24T10:12:13","slug":"contact","status":"publish","type":"page","link":"https:\/\/www.fleurette-florium.fr\/de\/contact\/","title":{"rendered":"Kontakt"},"content":{"rendered":"<div class=\"wpb-content-wrapper\"><p>[vc_row el_class=&nbsp;&raquo;margin-bottom-none margin-top-30&Prime;][vc_column width=&nbsp;&raquo;1\/2&Prime;][vc_column_text css=&nbsp;&raquo;&nbsp;&raquo;]<\/p>\n<h3>KONTAKT FORMULAR<\/h3>\n<p>&nbsp;<\/p>\n<p>F\u00fcr weitere Informationen \u00fcber unsere Neuigkeiten und Produkte, eine Probefahrt mit einem Fleurette Florium Reisemobil bei einem Vertragsh\u00e4ndler, oder um bei einer Werksbesichtigung unseren Herstellungsprozess zu entdecken, nehmen Sie Kontakt mit FLEURETTE CONSTRUCTEUR auf.[\/vc_column_text]\n<div class=\"wpcf7 no-js\" id=\"wpcf7-f26503-o1\" lang=\"de-DE\" dir=\"ltr\" data-wpcf7-id=\"26503\">\n<div class=\"screen-reader-response\"><p role=\"status\" aria-live=\"polite\" aria-atomic=\"true\"><\/p> <ul><\/ul><\/div>\n<form action=\"\/de\/wp-json\/wp\/v2\/pages\/1710#wpcf7-f26503-o1\" method=\"post\" class=\"wpcf7-form init\" aria-label=\"Kontaktformular\" novalidate=\"novalidate\" data-status=\"init\">\n<fieldset class=\"hidden-fields-container\"><input type=\"hidden\" name=\"_wpcf7\" value=\"26503\" \/><input type=\"hidden\" name=\"_wpcf7_version\" value=\"6.1.4\" \/><input type=\"hidden\" name=\"_wpcf7_locale\" value=\"de_DE\" \/><input type=\"hidden\" name=\"_wpcf7_unit_tag\" value=\"wpcf7-f26503-o1\" \/><input type=\"hidden\" name=\"_wpcf7_container_post\" value=\"0\" \/><input type=\"hidden\" name=\"_wpcf7_posted_data_hash\" value=\"\" \/><input type=\"hidden\" name=\"_wpcf7_recaptcha_response\" value=\"\" \/>\n<\/fieldset>\n<p><br \/>\nGrund f\u00fcr Ihre Kontaktaufnahme<br \/>\n<span class=\"wpcf7-form-control-wrap\" data-name=\"motif\"><select class=\"wpcf7-form-control wpcf7-select\" aria-invalid=\"false\" name=\"motif\"><option value=\"Ich m\u00f6chte von einem H\u00e4ndler kontaktiert werden (Kundendienst, Zubeh\u00f6r, Kostenvoranschlag\u2026))\">Ich m\u00f6chte von einem H\u00e4ndler kontaktiert werden (Kundendienst, Zubeh\u00f6r, Kostenvoranschlag\u2026))<\/option><option value=\"Informationen \/ Produkte\">Informationen \/ Produkte<\/option><option value=\"Katalog erhalten\">Katalog erhalten<\/option><option value=\"Anderes Thema\">Anderes Thema<\/option><\/select><\/span>\n<\/p>\n<p><br \/>\nNachname-Vorname (Pflichtfeld)\n<\/p>\n<p><span class=\"wpcf7-form-control-wrap\" data-name=\"your-name\"><input size=\"40\" maxlength=\"400\" class=\"wpcf7-form-control wpcf7-text wpcf7-validates-as-required\" aria-required=\"true\" aria-invalid=\"false\" value=\"\" type=\"text\" name=\"your-name\" \/><\/span>\n<\/p>\n<p><br \/>\nE-Mail-Adresse (Pflichtfeld)\n<\/p>\n<p><span class=\"wpcf7-form-control-wrap\" data-name=\"your-email\"><input size=\"40\" maxlength=\"400\" class=\"wpcf7-form-control wpcf7-email wpcf7-validates-as-required wpcf7-text wpcf7-validates-as-email\" aria-required=\"true\" aria-invalid=\"false\" value=\"\" type=\"email\" name=\"your-email\" \/><\/span>\n<\/p>\n<p><br \/>\nTelefonnummer (Pflichtfeld)\n<\/p>\n<p><span class=\"wpcf7-form-control-wrap\" data-name=\"your-phone\"><input size=\"40\" maxlength=\"400\" class=\"wpcf7-form-control wpcf7-tel wpcf7-validates-as-required wpcf7-text wpcf7-validates-as-tel\" aria-required=\"true\" aria-invalid=\"false\" value=\"\" type=\"tel\" name=\"your-phone\" \/><\/span>\n<\/p>\n<p><br \/>\nPostleitzahl (Pflichtfeld)\n<\/p>\n<p><span class=\"wpcf7-form-control-wrap\" data-name=\"your-codepostal\"><input size=\"40\" maxlength=\"400\" class=\"wpcf7-form-control wpcf7-text wpcf7-validates-as-required\" aria-required=\"true\" aria-invalid=\"false\" value=\"\" type=\"text\" name=\"your-codepostal\" \/><\/span>\n<\/p>\n<p><br \/>\nNachricht\n<\/p>\n<p><span class=\"wpcf7-form-control-wrap\" data-name=\"your-message\"><textarea cols=\"40\" rows=\"10\" maxlength=\"2000\" class=\"wpcf7-form-control wpcf7-textarea\" aria-invalid=\"false\" name=\"your-message\"><\/textarea><\/span>\n<\/p>\n<hr \/>\n<p><span class=\"wpcf7-form-control-wrap\" data-name=\"transmissionCoordonnes\"><span class=\"wpcf7-form-control wpcf7-checkbox\"><span class=\"wpcf7-list-item first last\"><label><input type=\"checkbox\" name=\"transmissionCoordonnes[]\" value=\"Ich erlaube Ihnen, meine Kontaktdaten an einen H\u00e4ndler in meiner N\u00e4he weiterzuleiten.\" \/><span class=\"wpcf7-list-item-label\">Ich erlaube Ihnen, meine Kontaktdaten an einen H\u00e4ndler in meiner N\u00e4he weiterzuleiten.<\/span><\/label><\/span><\/span><\/span>\n<\/p>\n<p><span class=\"wpcf7-form-control-wrap\" data-name=\"newsletter\"><span class=\"wpcf7-form-control wpcf7-checkbox\"><span class=\"wpcf7-list-item first last\"><label><input type=\"checkbox\" name=\"newsletter[]\" value=\"Ich m\u00f6chte den Newsletter von Fleurette-Florium erhalten und regelm\u00e4\u00dfig per E-Mail \u00fcber Neuheiten und Aktuelles informiert werden. Diese Zustimmung kann ich jederzeit per E-Mail an contact@fleurette.fr widerrufen.\" \/><span class=\"wpcf7-list-item-label\">Ich m\u00f6chte den Newsletter von Fleurette-Florium erhalten und regelm\u00e4\u00dfig per E-Mail \u00fcber Neuheiten und Aktuelles informiert werden. Diese Zustimmung kann ich jederzeit per E-Mail an contact@fleurette.fr widerrufen.<\/span><\/label><\/span><\/span><\/span>\n<\/p>\n<div class=\"col-xs-12 col-md-5 envoyer\">\n\t<p><input class=\"wpcf7-form-control wpcf7-submit has-spinner\" type=\"submit\" value=\"Nachricht abschicken\" \/>\n\t<\/p>\n<\/div><div class=\"wpcf7-response-output\" aria-hidden=\"true\"><\/div>\n<\/form>\n<\/div>\n[\/vc_column][vc_column width=&nbsp;&raquo;1\/2&Prime;][vc_single_image image=&nbsp;&raquo;31190&Prime; img_size=&nbsp;&raquo;full&nbsp;&raquo; alignment=&nbsp;&raquo;center&nbsp;&raquo; onclick=&nbsp;&raquo;custom_link&nbsp;&raquo; img_link_target=&nbsp;&raquo;_blank&nbsp;&raquo; css=&nbsp;&raquo;&nbsp;&raquo; link=&nbsp;&raquo;https:\/\/www.fleurette-florium.fr\/wp-content\/uploads\/2025\/08\/Catalogue_Fleurette_DE_297x210_2026-13_BD.pdf&nbsp;&raquo;][\/vc_column][\/vc_row]<\/p>\n<\/div>","protected":false},"excerpt":{"rendered":"<p>[vc_row el_class=&nbsp;&raquo;margin-bottom-none margin-top-30&Prime;][vc_column width=&nbsp;&raquo;1\/2&Prime;][vc_column_text css=&nbsp;&raquo;&nbsp;&raquo;] KONTAKT FORMULAR &nbsp; F\u00fcr weitere Informationen \u00fcber unsere Neuigkeiten und Produkte, eine Probefahrt mit einem Fleurette Florium Reisemobil bei einem Vertragsh\u00e4ndler, oder um bei einer Werksbesichtigung unseren Herstellungsprozess zu entdecken, nehmen Sie Kontakt mit FLEURETTE CONSTRUCTEUR auf.[\/vc_column_text][\/vc_column][vc_column width=&nbsp;&raquo;1\/2&Prime;][vc_single_image image=&nbsp;&raquo;31190&Prime; img_size=&nbsp;&raquo;full&nbsp;&raquo; alignment=&nbsp;&raquo;center&nbsp;&raquo; onclick=&nbsp;&raquo;custom_link&nbsp;&raquo; img_link_target=&nbsp;&raquo;_blank&nbsp;&raquo; css=&nbsp;&raquo;&nbsp;&raquo; link=&nbsp;&raquo;https:\/\/www.fleurette-florium.fr\/wp-content\/uploads\/2025\/08\/Catalogue_Fleurette_DE_297x210_2026-13_BD.pdf&nbsp;&raquo;][\/vc_column][\/vc_row]<\/p>\n","protected":false},"author":67182,"featured_media":0,"parent":0,"menu_order":0,"comment_status":"closed","ping_status":"closed","template":"","meta":{"_acf_changed":false,"footnotes":""},"class_list":["post-1710","page","type-page","status-publish","hentry"],"acf":[],"yoast_head":"<!-- This site is optimized with the Yoast SEO plugin v26.6 - https:\/\/yoast.com\/wordpress\/plugins\/seo\/ -->\n<title>Florium Probefahrt - Kontaktieren sie uns - Florium<\/title>\n<meta name=\"description\" content=\"Und wenn Sie eine Probefahrt von einen Wohnmobil Florium machen wollen? Sie k\u00f6nnen uns oder einen unseren Florium Handler kontaktieren. Bis bald.\" \/>\n<meta name=\"robots\" content=\"index, follow, max-snippet:-1, max-image-preview:large, max-video-preview:-1\" \/>\n<link rel=\"canonical\" href=\"https:\/\/www.fleurette-florium.fr\/de\/contact\/\" \/>\n<meta property=\"og:locale\" content=\"de_DE\" \/>\n<meta property=\"og:type\" content=\"article\" \/>\n<meta property=\"og:title\" content=\"Florium Probefahrt - Kontaktieren sie uns - Florium\" \/>\n<meta property=\"og:description\" content=\"Und wenn Sie eine Probefahrt von einen Wohnmobil Florium machen wollen? Sie k\u00f6nnen uns oder einen unseren Florium Handler kontaktieren. Bis bald.\" \/>\n<meta property=\"og:url\" content=\"https:\/\/www.fleurette-florium.fr\/de\/contact\/\" \/>\n<meta property=\"og:site_name\" content=\"Fleurette Florium\" \/>\n<meta property=\"article:modified_time\" content=\"2025-09-24T10:12:13+00:00\" \/>\n<meta name=\"twitter:label1\" content=\"Gesch\u00e4tzte Lesezeit\" \/>\n\t<meta name=\"twitter:data1\" content=\"1 minute\" \/>\n<script type=\"application\/ld+json\" class=\"yoast-schema-graph\">{\"@context\":\"https:\/\/schema.org\",\"@graph\":[{\"@type\":\"WebPage\",\"@id\":\"https:\/\/www.fleurette-florium.fr\/de\/contact\/\",\"url\":\"https:\/\/www.fleurette-florium.fr\/de\/contact\/\",\"name\":\"Florium Probefahrt - Kontaktieren sie uns - Florium\",\"isPartOf\":{\"@id\":\"https:\/\/www.fleurette-florium.fr\/#website\"},\"datePublished\":\"2014-09-11T17:08:06+00:00\",\"dateModified\":\"2025-09-24T10:12:13+00:00\",\"description\":\"Und wenn Sie eine Probefahrt von einen Wohnmobil Florium machen wollen? Sie k\u00f6nnen uns oder einen unseren Florium Handler kontaktieren. Bis bald.\",\"breadcrumb\":{\"@id\":\"https:\/\/www.fleurette-florium.fr\/de\/contact\/#breadcrumb\"},\"inLanguage\":\"de-DE\",\"potentialAction\":[{\"@type\":\"ReadAction\",\"target\":[\"https:\/\/www.fleurette-florium.fr\/de\/contact\/\"]}]},{\"@type\":\"BreadcrumbList\",\"@id\":\"https:\/\/www.fleurette-florium.fr\/de\/contact\/#breadcrumb\",\"itemListElement\":[{\"@type\":\"ListItem\",\"position\":1,\"name\":\"\",\"item\":\"https:\/\/www.fleurette-florium.fr\/de\/\"},{\"@type\":\"ListItem\",\"position\":2,\"name\":\"Kontakt\"}]},{\"@type\":\"WebSite\",\"@id\":\"https:\/\/www.fleurette-florium.fr\/#website\",\"url\":\"https:\/\/www.fleurette-florium.fr\/\",\"name\":\"Fleurette Florium\",\"description\":\"\",\"publisher\":{\"@id\":\"https:\/\/www.fleurette-florium.fr\/#organization\"},\"potentialAction\":[{\"@type\":\"SearchAction\",\"target\":{\"@type\":\"EntryPoint\",\"urlTemplate\":\"https:\/\/www.fleurette-florium.fr\/?s={search_term_string}\"},\"query-input\":{\"@type\":\"PropertyValueSpecification\",\"valueRequired\":true,\"valueName\":\"search_term_string\"}}],\"inLanguage\":\"de-DE\"},{\"@type\":\"Organization\",\"@id\":\"https:\/\/www.fleurette-florium.fr\/#organization\",\"name\":\"Fleurette Florium\",\"url\":\"https:\/\/www.fleurette-florium.fr\/\",\"logo\":{\"@type\":\"ImageObject\",\"inLanguage\":\"de-DE\",\"@id\":\"https:\/\/www.fleurette-florium.fr\/#\/schema\/logo\/image\/\",\"url\":\"https:\/\/www.fleurette-florium.fr\/wp-content\/uploads\/2021\/07\/logo-fleurette-florium-scaled.png\",\"contentUrl\":\"https:\/\/www.fleurette-florium.fr\/wp-content\/uploads\/2021\/07\/logo-fleurette-florium-scaled.png\",\"width\":2560,\"height\":830,\"caption\":\"Fleurette Florium\"},\"image\":{\"@id\":\"https:\/\/www.fleurette-florium.fr\/#\/schema\/logo\/image\/\"}}]}<\/script>\n<!-- \/ Yoast SEO plugin. -->","yoast_head_json":{"title":"Florium Probefahrt - Kontaktieren sie uns - Florium","description":"Und wenn Sie eine Probefahrt von einen Wohnmobil Florium machen wollen? Sie k\u00f6nnen uns oder einen unseren Florium Handler kontaktieren. Bis bald.","robots":{"index":"index","follow":"follow","max-snippet":"max-snippet:-1","max-image-preview":"max-image-preview:large","max-video-preview":"max-video-preview:-1"},"canonical":"https:\/\/www.fleurette-florium.fr\/de\/contact\/","og_locale":"de_DE","og_type":"article","og_title":"Florium Probefahrt - Kontaktieren sie uns - Florium","og_description":"Und wenn Sie eine Probefahrt von einen Wohnmobil Florium machen wollen? Sie k\u00f6nnen uns oder einen unseren Florium Handler kontaktieren. Bis bald.","og_url":"https:\/\/www.fleurette-florium.fr\/de\/contact\/","og_site_name":"Fleurette Florium","article_modified_time":"2025-09-24T10:12:13+00:00","twitter_misc":{"Gesch\u00e4tzte Lesezeit":"1 minute"},"schema":{"@context":"https:\/\/schema.org","@graph":[{"@type":"WebPage","@id":"https:\/\/www.fleurette-florium.fr\/de\/contact\/","url":"https:\/\/www.fleurette-florium.fr\/de\/contact\/","name":"Florium Probefahrt - Kontaktieren sie uns - Florium","isPartOf":{"@id":"https:\/\/www.fleurette-florium.fr\/#website"},"datePublished":"2014-09-11T17:08:06+00:00","dateModified":"2025-09-24T10:12:13+00:00","description":"Und wenn Sie eine Probefahrt von einen Wohnmobil Florium machen wollen? Sie k\u00f6nnen uns oder einen unseren Florium Handler kontaktieren. Bis bald.","breadcrumb":{"@id":"https:\/\/www.fleurette-florium.fr\/de\/contact\/#breadcrumb"},"inLanguage":"de-DE","potentialAction":[{"@type":"ReadAction","target":["https:\/\/www.fleurette-florium.fr\/de\/contact\/"]}]},{"@type":"BreadcrumbList","@id":"https:\/\/www.fleurette-florium.fr\/de\/contact\/#breadcrumb","itemListElement":[{"@type":"ListItem","position":1,"name":"","item":"https:\/\/www.fleurette-florium.fr\/de\/"},{"@type":"ListItem","position":2,"name":"Kontakt"}]},{"@type":"WebSite","@id":"https:\/\/www.fleurette-florium.fr\/#website","url":"https:\/\/www.fleurette-florium.fr\/","name":"Fleurette Florium","description":"","publisher":{"@id":"https:\/\/www.fleurette-florium.fr\/#organization"},"potentialAction":[{"@type":"SearchAction","target":{"@type":"EntryPoint","urlTemplate":"https:\/\/www.fleurette-florium.fr\/?s={search_term_string}"},"query-input":{"@type":"PropertyValueSpecification","valueRequired":true,"valueName":"search_term_string"}}],"inLanguage":"de-DE"},{"@type":"Organization","@id":"https:\/\/www.fleurette-florium.fr\/#organization","name":"Fleurette Florium","url":"https:\/\/www.fleurette-florium.fr\/","logo":{"@type":"ImageObject","inLanguage":"de-DE","@id":"https:\/\/www.fleurette-florium.fr\/#\/schema\/logo\/image\/","url":"https:\/\/www.fleurette-florium.fr\/wp-content\/uploads\/2021\/07\/logo-fleurette-florium-scaled.png","contentUrl":"https:\/\/www.fleurette-florium.fr\/wp-content\/uploads\/2021\/07\/logo-fleurette-florium-scaled.png","width":2560,"height":830,"caption":"Fleurette Florium"},"image":{"@id":"https:\/\/www.fleurette-florium.fr\/#\/schema\/logo\/image\/"}}]}},"_links":{"self":[{"href":"https:\/\/www.fleurette-florium.fr\/de\/wp-json\/wp\/v2\/pages\/1710","targetHints":{"allow":["GET"]}}],"collection":[{"href":"https:\/\/www.fleurette-florium.fr\/de\/wp-json\/wp\/v2\/pages"}],"about":[{"href":"https:\/\/www.fleurette-florium.fr\/de\/wp-json\/wp\/v2\/types\/page"}],"author":[{"embeddable":true,"href":"https:\/\/www.fleurette-florium.fr\/de\/wp-json\/wp\/v2\/users\/67182"}],"replies":[{"embeddable":true,"href":"https:\/\/www.fleurette-florium.fr\/de\/wp-json\/wp\/v2\/comments?post=1710"}],"version-history":[{"count":21,"href":"https:\/\/www.fleurette-florium.fr\/de\/wp-json\/wp\/v2\/pages\/1710\/revisions"}],"predecessor-version":[{"id":32731,"href":"https:\/\/www.fleurette-florium.fr\/de\/wp-json\/wp\/v2\/pages\/1710\/revisions\/32731"}],"wp:attachment":[{"href":"https:\/\/www.fleurette-florium.fr\/de\/wp-json\/wp\/v2\/media?parent=1710"}],"curies":[{"name":"wp","href":"https:\/\/api.w.org\/{rel}","templated":true}]}}