{"id":14774,"date":"2015-07-30T00:00:00","date_gmt":"2015-07-29T23:00:00","guid":{"rendered":"https:\/\/fleurette-florium.s1te.fr\/gamme-discover-camping-car-integral\/"},"modified":"2025-08-28T14:18:37","modified_gmt":"2025-08-28T13:18:37","slug":"modellreihe-discover","status":"publish","type":"page","link":"https:\/\/www.fleurette-florium.fr\/de\/modellreihe-discover\/","title":{"rendered":"Modellreihe Discover &#8211; Vollintegrierte"},"content":{"rendered":"<div class=\"wpb-content-wrapper\"><p>[vc_row][vc_column][rev_slider_vc alias=&nbsp;&raquo;gamme_discover-1&Prime;][\/vc_column][\/vc_row][vc_row][vc_column width=&nbsp;&raquo;2\/3&Prime;][vc_column_text el_class=&nbsp;&raquo;contenu_lisible&nbsp;&raquo;]<span class=\"firstcharacter\">D<\/span>ynamik und Robustheit \u00fcbersetzen sich in den Linien der Karosserie aus Polyester Fleurette des Discover.<\/p>\n<p class=\"p1\">Die Eleganz auf franz\u00f6sisch setzt sich im Fleurette Discover durch. Versehen mit lackierten M\u00f6beln und aus Massivholz, bietet er 3 verschiedene Versionen, die die h\u00f6chsten W\u00fcnsche befriedigen. Gro\u00dfz\u00fcgig ausgestattet ist der Discover in der Basisausstattung mit einer komfortablen Ausstattung versehen, die aus Ihren Reisen wie auch aus Ihren Etappenzielen unvergessliche Momente machen.<\/p>\n<p>[\/vc_column_text][\/vc_column][vc_column width=&nbsp;&raquo;1\/3&Prime;][vc_column_text css=&nbsp;&raquo;&nbsp;&raquo; el_class=&nbsp;&raquo;liste_check_rouge&nbsp;&raquo;]<\/p>\n<h3>UNSERE HIGHLIGHTS<\/h3>\n<ul>\n<li>AL-KO-Fahrgestell mit technischem Doppelboden fu\u0308r optimale Isolierung, und zus\u00e4tzlichen Stauraum<\/li>\n<li>Automatikgetriebe, Led-Frontscheinwerfer<\/li>\n<li>XXL-Ku\u0308che und -Wohnzimmer, mit Dimmer fu\u0308r Helligkeit<\/li>\n<li>Schlafzimmer mit Queensbett oder Einzelbetten, und Fahrerhausbett<\/li>\n<li>Mehrere Ablagen und Schr\u00e4nke<\/li>\n<li>Elektrische Einstiegsstufe<\/li>\n<li>Au\u00dfendusche in der Garage und elektrischer Abfluss des Abwassers<\/li>\n<li>Garage mit einem Fassungsverm\u00f6gen von 2300 bis 3100 l<\/li>\n<li>Windschutzscheibenrollo Intimity<\/li>\n<li>Ambiente im Wallnuss-Finish, Signaturbeleuchtung mit LED-Hintergrundbeleuchtung<\/li>\n<\/ul>\n<p>[\/vc_column_text][\/vc_column][\/vc_row][vc_row el_class=&nbsp;&raquo;fullwidth_element margin-top-30 margin-bottom-none&nbsp;&raquo; el_id=&nbsp;&raquo;autres_produits&nbsp;&raquo;][vc_column css=&nbsp;&raquo;.vc_custom_1438272808096{padding-top: 35px !important;padding-right: 100px !important;padding-bottom: 50px !important;padding-left: 100px !important;background-color: #efefee !important;}&nbsp;&raquo;][vc_row_inner][vc_column_inner][vc_column_text]<\/p>\n<h3 class=\"p1\">Entdecken Sie die Fahrzeuge dieser Modellreihe Fleurette Discover<\/h3>\n<p>[\/vc_column_text][\/vc_column_inner][\/vc_row_inner][vc_row_inner][vc_column_inner width=&nbsp;&raquo;1\/3&Prime;][vc_single_image image=&nbsp;&raquo;27505&Prime; img_size=&nbsp;&raquo;260&#215;260&Prime; alignment=&nbsp;&raquo;center&nbsp;&raquo; onclick=&nbsp;&raquo;custom_link&nbsp;&raquo; css=&nbsp;&raquo;&nbsp;&raquo; link=&nbsp;&raquo;https:\/\/www.fleurette-florium.fr\/de\/listings\/discover-71-lmf-cristal\/&nbsp;&raquo;][\/vc_column_inner][vc_column_inner width=&nbsp;&raquo;1\/3&Prime;][vc_single_image image=&nbsp;&raquo;27510&Prime; img_size=&nbsp;&raquo;260&#215;260&Prime; alignment=&nbsp;&raquo;center&nbsp;&raquo; onclick=&nbsp;&raquo;custom_link&nbsp;&raquo; css=&nbsp;&raquo;&nbsp;&raquo; link=&nbsp;&raquo;https:\/\/www.fleurette-florium.fr\/de\/listings\/discover-74-ljg\/&nbsp;&raquo;][\/vc_column_inner][vc_column_inner width=&nbsp;&raquo;1\/3&Prime;][vc_single_image image=&nbsp;&raquo;27515&Prime; img_size=&nbsp;&raquo;260&#215;260&Prime; alignment=&nbsp;&raquo;center&nbsp;&raquo; onclick=&nbsp;&raquo;custom_link&nbsp;&raquo; css=&nbsp;&raquo;&nbsp;&raquo; link=&nbsp;&raquo;https:\/\/www.fleurette-florium.fr\/de\/listings\/discover-75-lmf-cristal\/&nbsp;&raquo;][\/vc_column_inner][\/vc_row_inner][\/vc_column][\/vc_row]<\/p>\n<\/div>","protected":false},"excerpt":{"rendered":"<p>[vc_row][vc_column][rev_slider_vc alias=&nbsp;&raquo;gamme_discover-1&Prime;][\/vc_column][\/vc_row][vc_row][vc_column width=&nbsp;&raquo;2\/3&Prime;][vc_column_text el_class=&nbsp;&raquo;contenu_lisible&nbsp;&raquo;]Dynamik und Robustheit \u00fcbersetzen sich in den Linien der Karosserie aus Polyester Fleurette des Discover. Die Eleganz auf franz\u00f6sisch setzt sich im Fleurette Discover durch. Versehen mit lackierten M\u00f6beln und aus Massivholz, bietet er 3 verschiedene Versionen, die die h\u00f6chsten W\u00fcnsche befriedigen. Gro\u00dfz\u00fcgig ausgestattet ist der Discover in der Basisausstattung mit einer [&hellip;]<\/p>\n","protected":false},"author":4,"featured_media":6374,"parent":0,"menu_order":0,"comment_status":"closed","ping_status":"open","template":"","meta":{"_acf_changed":false,"footnotes":""},"class_list":["post-14774","page","type-page","status-publish","has-post-thumbnail","hentry"],"acf":[],"yoast_head":"<!-- This site is optimized with the Yoast SEO plugin v27.5 - https:\/\/yoast.com\/product\/yoast-seo-wordpress\/ -->\n<title>Camping car int\u00e9gral - gamme Fleurette Discover<\/title>\n<meta name=\"description\" content=\"D\u00e9couvrez toute la gamme DISCOVER pour choisir le camping car int\u00e9gral haut de gamme de vos r\u00eaves.\" \/>\n<meta name=\"robots\" content=\"index, follow, max-snippet:-1, max-image-preview:large, max-video-preview:-1\" \/>\n<link rel=\"canonical\" href=\"https:\/\/www.fleurette-florium.fr\/de\/modellreihe-discover\/\" \/>\n<meta property=\"og:locale\" content=\"de_DE\" \/>\n<meta property=\"og:type\" content=\"article\" \/>\n<meta property=\"og:title\" content=\"Camping car int\u00e9gral - gamme Fleurette Discover\" \/>\n<meta property=\"og:description\" content=\"D\u00e9couvrez toute la gamme DISCOVER pour choisir le camping car int\u00e9gral haut de gamme de vos r\u00eaves.\" \/>\n<meta property=\"og:url\" content=\"https:\/\/www.fleurette-florium.fr\/de\/modellreihe-discover\/\" \/>\n<meta property=\"og:site_name\" content=\"Fleurette Florium\" \/>\n<meta property=\"article:modified_time\" content=\"2025-08-28T13:18:37+00:00\" \/>\n<meta property=\"og:image\" content=\"https:\/\/www.fleurette-florium.fr\/wp-content\/uploads\/2015\/07\/vehicule.png\" \/>\n\t<meta property=\"og:image:width\" content=\"265\" \/>\n\t<meta property=\"og:image:height\" content=\"263\" \/>\n\t<meta property=\"og:image:type\" content=\"image\/png\" \/>\n<meta name=\"twitter:label1\" content=\"Gesch\u00e4tzte Lesezeit\" \/>\n\t<meta name=\"twitter:data1\" content=\"2 minutes\" \/>\n<script type=\"application\/ld+json\" class=\"yoast-schema-graph\">{\"@context\":\"https:\\\/\\\/schema.org\",\"@graph\":[{\"@type\":\"WebPage\",\"@id\":\"https:\\\/\\\/www.fleurette-florium.fr\\\/de\\\/modellreihe-discover\\\/\",\"url\":\"https:\\\/\\\/www.fleurette-florium.fr\\\/de\\\/modellreihe-discover\\\/\",\"name\":\"Camping car int\u00e9gral - gamme Fleurette Discover\",\"isPartOf\":{\"@id\":\"https:\\\/\\\/www.fleurette-florium.fr\\\/#website\"},\"primaryImageOfPage\":{\"@id\":\"https:\\\/\\\/www.fleurette-florium.fr\\\/de\\\/modellreihe-discover\\\/#primaryimage\"},\"image\":{\"@id\":\"https:\\\/\\\/www.fleurette-florium.fr\\\/de\\\/modellreihe-discover\\\/#primaryimage\"},\"thumbnailUrl\":\"https:\\\/\\\/www.fleurette-florium.fr\\\/wp-content\\\/uploads\\\/2015\\\/07\\\/vehicule.png\",\"datePublished\":\"2015-07-29T23:00:00+00:00\",\"dateModified\":\"2025-08-28T13:18:37+00:00\",\"description\":\"D\u00e9couvrez toute la gamme DISCOVER pour choisir le camping car int\u00e9gral haut de gamme de vos r\u00eaves.\",\"breadcrumb\":{\"@id\":\"https:\\\/\\\/www.fleurette-florium.fr\\\/de\\\/modellreihe-discover\\\/#breadcrumb\"},\"inLanguage\":\"de-DE\",\"potentialAction\":[{\"@type\":\"ReadAction\",\"target\":[\"https:\\\/\\\/www.fleurette-florium.fr\\\/de\\\/modellreihe-discover\\\/\"]}]},{\"@type\":\"ImageObject\",\"inLanguage\":\"de-DE\",\"@id\":\"https:\\\/\\\/www.fleurette-florium.fr\\\/de\\\/modellreihe-discover\\\/#primaryimage\",\"url\":\"https:\\\/\\\/www.fleurette-florium.fr\\\/wp-content\\\/uploads\\\/2015\\\/07\\\/vehicule.png\",\"contentUrl\":\"https:\\\/\\\/www.fleurette-florium.fr\\\/wp-content\\\/uploads\\\/2015\\\/07\\\/vehicule.png\",\"width\":265,\"height\":263},{\"@type\":\"BreadcrumbList\",\"@id\":\"https:\\\/\\\/www.fleurette-florium.fr\\\/de\\\/modellreihe-discover\\\/#breadcrumb\",\"itemListElement\":[{\"@type\":\"ListItem\",\"position\":1,\"name\":\"\",\"item\":\"https:\\\/\\\/www.fleurette-florium.fr\\\/de\\\/\"},{\"@type\":\"ListItem\",\"position\":2,\"name\":\"Modellreihe Discover &#8211; Vollintegrierte\"}]},{\"@type\":\"WebSite\",\"@id\":\"https:\\\/\\\/www.fleurette-florium.fr\\\/#website\",\"url\":\"https:\\\/\\\/www.fleurette-florium.fr\\\/\",\"name\":\"Fleurette Florium\",\"description\":\"\",\"publisher\":{\"@id\":\"https:\\\/\\\/www.fleurette-florium.fr\\\/#organization\"},\"potentialAction\":[{\"@type\":\"SearchAction\",\"target\":{\"@type\":\"EntryPoint\",\"urlTemplate\":\"https:\\\/\\\/www.fleurette-florium.fr\\\/?s={search_term_string}\"},\"query-input\":{\"@type\":\"PropertyValueSpecification\",\"valueRequired\":true,\"valueName\":\"search_term_string\"}}],\"inLanguage\":\"de-DE\"},{\"@type\":\"Organization\",\"@id\":\"https:\\\/\\\/www.fleurette-florium.fr\\\/#organization\",\"name\":\"Fleurette Florium\",\"url\":\"https:\\\/\\\/www.fleurette-florium.fr\\\/\",\"logo\":{\"@type\":\"ImageObject\",\"inLanguage\":\"de-DE\",\"@id\":\"https:\\\/\\\/www.fleurette-florium.fr\\\/#\\\/schema\\\/logo\\\/image\\\/\",\"url\":\"https:\\\/\\\/www.fleurette-florium.fr\\\/wp-content\\\/uploads\\\/2021\\\/07\\\/logo-fleurette-florium-scaled.png\",\"contentUrl\":\"https:\\\/\\\/www.fleurette-florium.fr\\\/wp-content\\\/uploads\\\/2021\\\/07\\\/logo-fleurette-florium-scaled.png\",\"width\":2560,\"height\":830,\"caption\":\"Fleurette Florium\"},\"image\":{\"@id\":\"https:\\\/\\\/www.fleurette-florium.fr\\\/#\\\/schema\\\/logo\\\/image\\\/\"}}]}<\/script>\n<!-- \/ Yoast SEO plugin. -->","yoast_head_json":{"title":"Camping car int\u00e9gral - gamme Fleurette Discover","description":"D\u00e9couvrez toute la gamme DISCOVER pour choisir le camping car int\u00e9gral haut de gamme de vos r\u00eaves.","robots":{"index":"index","follow":"follow","max-snippet":"max-snippet:-1","max-image-preview":"max-image-preview:large","max-video-preview":"max-video-preview:-1"},"canonical":"https:\/\/www.fleurette-florium.fr\/de\/modellreihe-discover\/","og_locale":"de_DE","og_type":"article","og_title":"Camping car int\u00e9gral - gamme Fleurette Discover","og_description":"D\u00e9couvrez toute la gamme DISCOVER pour choisir le camping car int\u00e9gral haut de gamme de vos r\u00eaves.","og_url":"https:\/\/www.fleurette-florium.fr\/de\/modellreihe-discover\/","og_site_name":"Fleurette Florium","article_modified_time":"2025-08-28T13:18:37+00:00","og_image":[{"width":265,"height":263,"url":"https:\/\/www.fleurette-florium.fr\/wp-content\/uploads\/2015\/07\/vehicule.png","type":"image\/png"}],"twitter_misc":{"Gesch\u00e4tzte Lesezeit":"2 minutes"},"schema":{"@context":"https:\/\/schema.org","@graph":[{"@type":"WebPage","@id":"https:\/\/www.fleurette-florium.fr\/de\/modellreihe-discover\/","url":"https:\/\/www.fleurette-florium.fr\/de\/modellreihe-discover\/","name":"Camping car int\u00e9gral - gamme Fleurette Discover","isPartOf":{"@id":"https:\/\/www.fleurette-florium.fr\/#website"},"primaryImageOfPage":{"@id":"https:\/\/www.fleurette-florium.fr\/de\/modellreihe-discover\/#primaryimage"},"image":{"@id":"https:\/\/www.fleurette-florium.fr\/de\/modellreihe-discover\/#primaryimage"},"thumbnailUrl":"https:\/\/www.fleurette-florium.fr\/wp-content\/uploads\/2015\/07\/vehicule.png","datePublished":"2015-07-29T23:00:00+00:00","dateModified":"2025-08-28T13:18:37+00:00","description":"D\u00e9couvrez toute la gamme DISCOVER pour choisir le camping car int\u00e9gral haut de gamme de vos r\u00eaves.","breadcrumb":{"@id":"https:\/\/www.fleurette-florium.fr\/de\/modellreihe-discover\/#breadcrumb"},"inLanguage":"de-DE","potentialAction":[{"@type":"ReadAction","target":["https:\/\/www.fleurette-florium.fr\/de\/modellreihe-discover\/"]}]},{"@type":"ImageObject","inLanguage":"de-DE","@id":"https:\/\/www.fleurette-florium.fr\/de\/modellreihe-discover\/#primaryimage","url":"https:\/\/www.fleurette-florium.fr\/wp-content\/uploads\/2015\/07\/vehicule.png","contentUrl":"https:\/\/www.fleurette-florium.fr\/wp-content\/uploads\/2015\/07\/vehicule.png","width":265,"height":263},{"@type":"BreadcrumbList","@id":"https:\/\/www.fleurette-florium.fr\/de\/modellreihe-discover\/#breadcrumb","itemListElement":[{"@type":"ListItem","position":1,"name":"","item":"https:\/\/www.fleurette-florium.fr\/de\/"},{"@type":"ListItem","position":2,"name":"Modellreihe Discover &#8211; Vollintegrierte"}]},{"@type":"WebSite","@id":"https:\/\/www.fleurette-florium.fr\/#website","url":"https:\/\/www.fleurette-florium.fr\/","name":"Fleurette Florium","description":"","publisher":{"@id":"https:\/\/www.fleurette-florium.fr\/#organization"},"potentialAction":[{"@type":"SearchAction","target":{"@type":"EntryPoint","urlTemplate":"https:\/\/www.fleurette-florium.fr\/?s={search_term_string}"},"query-input":{"@type":"PropertyValueSpecification","valueRequired":true,"valueName":"search_term_string"}}],"inLanguage":"de-DE"},{"@type":"Organization","@id":"https:\/\/www.fleurette-florium.fr\/#organization","name":"Fleurette Florium","url":"https:\/\/www.fleurette-florium.fr\/","logo":{"@type":"ImageObject","inLanguage":"de-DE","@id":"https:\/\/www.fleurette-florium.fr\/#\/schema\/logo\/image\/","url":"https:\/\/www.fleurette-florium.fr\/wp-content\/uploads\/2021\/07\/logo-fleurette-florium-scaled.png","contentUrl":"https:\/\/www.fleurette-florium.fr\/wp-content\/uploads\/2021\/07\/logo-fleurette-florium-scaled.png","width":2560,"height":830,"caption":"Fleurette Florium"},"image":{"@id":"https:\/\/www.fleurette-florium.fr\/#\/schema\/logo\/image\/"}}]}},"_links":{"self":[{"href":"https:\/\/www.fleurette-florium.fr\/de\/wp-json\/wp\/v2\/pages\/14774","targetHints":{"allow":["GET"]}}],"collection":[{"href":"https:\/\/www.fleurette-florium.fr\/de\/wp-json\/wp\/v2\/pages"}],"about":[{"href":"https:\/\/www.fleurette-florium.fr\/de\/wp-json\/wp\/v2\/types\/page"}],"author":[{"embeddable":true,"href":"https:\/\/www.fleurette-florium.fr\/de\/wp-json\/wp\/v2\/users\/4"}],"replies":[{"embeddable":true,"href":"https:\/\/www.fleurette-florium.fr\/de\/wp-json\/wp\/v2\/comments?post=14774"}],"version-history":[{"count":27,"href":"https:\/\/www.fleurette-florium.fr\/de\/wp-json\/wp\/v2\/pages\/14774\/revisions"}],"predecessor-version":[{"id":31834,"href":"https:\/\/www.fleurette-florium.fr\/de\/wp-json\/wp\/v2\/pages\/14774\/revisions\/31834"}],"wp:featuredmedia":[{"embeddable":true,"href":"https:\/\/www.fleurette-florium.fr\/de\/wp-json\/wp\/v2\/media\/6374"}],"wp:attachment":[{"href":"https:\/\/www.fleurette-florium.fr\/de\/wp-json\/wp\/v2\/media?parent=14774"}],"curies":[{"name":"wp","href":"https:\/\/api.w.org\/{rel}","templated":true}]}}