{"id":14771,"date":"2015-07-30T00:00:00","date_gmt":"2015-07-29T23:00:00","guid":{"rendered":"https:\/\/fleurette-florium.s1te.fr\/gamme-fleurette-magister-camping-car-profile-lit-de-pavillon\/"},"modified":"2025-09-04T17:07:27","modified_gmt":"2025-09-04T16:07:27","slug":"modellreihe-magister","status":"publish","type":"page","link":"https:\/\/www.fleurette-florium.fr\/de\/modellreihe-magister\/","title":{"rendered":"Modellreihe Magister &#8211; Ger\u00e4umigen Wohnmobile"},"content":{"rendered":"<div class=\"wpb-content-wrapper\"><p>[vc_row][vc_column][rev_slider_vc alias=&nbsp;&raquo;gamme_magister&nbsp;&raquo;][\/vc_column][\/vc_row][vc_row][vc_column width=&nbsp;&raquo;2\/3&Prime;][vc_column_text css=&nbsp;&raquo;&nbsp;&raquo; el_class=&nbsp;&raquo;contenu_lisible&nbsp;&raquo;]<\/p>\n<h1>KOMFORT UND GER\u00c4UMIGE FREIHEIT<\/h1>\n<p><span class='firstcharacter'>E<\/span>ine durchdachte Modellreihe, in der Wendigkeit und gro\u00dfes Volumen aufeinandertreffen, um unvergessliche Reisen zu erm\u00f6glichen. Genie\u00dfen Sie die Freiheit der Stra\u00dfe mit dem Komfort Ihres Zuhauses, dank einer umfassenden und hochwertigen Ausstattung von Fleurette. Magister 74LMF 10[\/vc_column_text][vc_empty_space height=&nbsp;&raquo;30px&nbsp;&raquo;][\/vc_column][vc_column width=&nbsp;&raquo;1\/3&Prime;][vc_column_text css=&nbsp;&raquo;&nbsp;&raquo; el_class=&nbsp;&raquo;liste_check_rouge&nbsp;&raquo;]<\/p>\n<h3>UNSERE HIGHLIGHTS<\/h3>\n<ul>\n<li>Ger\u00e4umiger, Wohnraum mit gegenu\u0308berliegenden Sitzpl\u00e4tzen und Platz fu\u0308r bis zu 6 G\u00e4ste<\/li>\n<li>Gro\u00dfer, klappbarer Wohnzimmertisch \u2022 Ku\u0308chenbereich mit breiter Arbeitsfl\u00e4che und einem 2-flammigen Kocher mit Gasabschaltung bei geschlossenem Deckel<\/li>\n<li>Bis zu 4 Schlafpl\u00e4tze (option)<\/li>\n<li>Sch\u00f6ner Innenraum mit viel Stauraum<\/li>\n<li>Badezimmer mit Dusche und separatem WC<\/li>\n<li>Gro\u00dfe Garage<\/li>\n<li>Ambiente in Walnuss-Finish<\/li>\n<\/ul>\n<p>[\/vc_column_text][\/vc_column][\/vc_row][vc_row el_class=&nbsp;&raquo;fullwidth_element margin-top-30 margin-bottom-none&nbsp;&raquo; el_id=&nbsp;&raquo;autres_produits&nbsp;&raquo;][vc_column css=&nbsp;&raquo;.vc_custom_1438272808096{padding-top: 35px !important;padding-right: 100px !important;padding-bottom: 50px !important;padding-left: 100px !important;background-color: #efefee !important;}&nbsp;&raquo;][vc_row_inner][vc_column_inner][vc_column_text css=&nbsp;&raquo;&nbsp;&raquo;]<\/p>\n<h3>Entdecken Sie die Fahrzeuge dieser Modellreihe Fleurette <strong>MAGISTER<\/strong><\/h3>\n<p>[\/vc_column_text][\/vc_column_inner][\/vc_row_inner][vc_row_inner][vc_column_inner width=&nbsp;&raquo;1\/4&Prime;][vc_single_image image=&nbsp;&raquo;16646&Prime; img_size=&nbsp;&raquo;260&#215;260&Prime; alignment=&nbsp;&raquo;center&nbsp;&raquo; onclick=&nbsp;&raquo;custom_link&nbsp;&raquo; css=&nbsp;&raquo;&nbsp;&raquo; link=&nbsp;&raquo;https:\/\/www.fleurette-florium.fr\/de\/listings\/magister-67-lo-lounge-mit-garage\/&nbsp;&raquo;][\/vc_column_inner][vc_column_inner width=&nbsp;&raquo;1\/4&Prime;][vc_single_image image=&nbsp;&raquo;27494&Prime; img_size=&nbsp;&raquo;260&#215;260&Prime; alignment=&nbsp;&raquo;center&nbsp;&raquo; onclick=&nbsp;&raquo;custom_link&nbsp;&raquo; css=&nbsp;&raquo;&nbsp;&raquo; link=&nbsp;&raquo;https:\/\/www.fleurette-florium.fr\/de\/listings\/magister-70-lmf-queensbett-wellness-edition\/&nbsp;&raquo;][\/vc_column_inner][vc_column_inner width=&nbsp;&raquo;1\/4&Prime;][vc_single_image image=&nbsp;&raquo;27499&Prime; img_size=&nbsp;&raquo;260&#215;260&Prime; alignment=&nbsp;&raquo;center&nbsp;&raquo; onclick=&nbsp;&raquo;custom_link&nbsp;&raquo; css=&nbsp;&raquo;&nbsp;&raquo; link=&nbsp;&raquo;https:\/\/www.fleurette-florium.fr\/de\/listings\/magister-74-lmf-queensbett-wellness-edition\/&nbsp;&raquo;][\/vc_column_inner][\/vc_row_inner][\/vc_column][\/vc_row]<\/p>\n<\/div>","protected":false},"excerpt":{"rendered":"<p>[vc_row][vc_column][rev_slider_vc alias=&nbsp;&raquo;gamme_magister&nbsp;&raquo;][\/vc_column][\/vc_row][vc_row][vc_column width=&nbsp;&raquo;2\/3&Prime;][vc_column_text css=&nbsp;&raquo;&nbsp;&raquo; el_class=&nbsp;&raquo;contenu_lisible&nbsp;&raquo;] KOMFORT UND GER\u00c4UMIGE FREIHEIT ine durchdachte Modellreihe, in der Wendigkeit und gro\u00dfes Volumen aufeinandertreffen, um unvergessliche Reisen zu erm\u00f6glichen. Genie\u00dfen Sie die Freiheit der Stra\u00dfe mit dem Komfort Ihres Zuhauses, dank einer umfassenden und hochwertigen Ausstattung von Fleurette. Magister 74LMF 10[\/vc_column_text][vc_empty_space height=&nbsp;&raquo;30px&nbsp;&raquo;][\/vc_column][vc_column width=&nbsp;&raquo;1\/3&Prime;][vc_column_text css=&nbsp;&raquo;&nbsp;&raquo; el_class=&nbsp;&raquo;liste_check_rouge&nbsp;&raquo;] UNSERE HIGHLIGHTS Ger\u00e4umiger, Wohnraum mit [&hellip;]<\/p>\n","protected":false},"author":4,"featured_media":0,"parent":0,"menu_order":0,"comment_status":"closed","ping_status":"open","template":"","meta":{"_acf_changed":false,"footnotes":""},"class_list":["post-14771","page","type-page","status-publish","hentry"],"acf":[],"yoast_head":"<!-- This site is optimized with the Yoast SEO plugin v27.5 - https:\/\/yoast.com\/product\/yoast-seo-wordpress\/ -->\n<title>Camping car profil\u00e9 - gamme Fleurette MAGISTER<\/title>\n<meta name=\"description\" content=\"D\u00e9couvrez toute la gamme Fleurette MAGISTER pour choisir le camping car profil\u00e9 lit de pavillon haut de gamme de vos r\u00eaves.\" \/>\n<meta name=\"robots\" content=\"index, follow, max-snippet:-1, max-image-preview:large, max-video-preview:-1\" \/>\n<link rel=\"canonical\" href=\"https:\/\/www.fleurette-florium.fr\/de\/modellreihe-magister\/\" \/>\n<meta property=\"og:locale\" content=\"de_DE\" \/>\n<meta property=\"og:type\" content=\"article\" \/>\n<meta property=\"og:title\" content=\"Camping car profil\u00e9 - gamme Fleurette MAGISTER\" \/>\n<meta property=\"og:description\" content=\"D\u00e9couvrez toute la gamme Fleurette MAGISTER pour choisir le camping car profil\u00e9 lit de pavillon haut de gamme de vos r\u00eaves.\" \/>\n<meta property=\"og:url\" content=\"https:\/\/www.fleurette-florium.fr\/de\/modellreihe-magister\/\" \/>\n<meta property=\"og:site_name\" content=\"Fleurette Florium\" \/>\n<meta property=\"article:modified_time\" content=\"2025-09-04T16:07:27+00:00\" \/>\n<meta name=\"twitter:label1\" content=\"Gesch\u00e4tzte Lesezeit\" \/>\n\t<meta name=\"twitter:data1\" content=\"2 minutes\" \/>\n<script type=\"application\/ld+json\" class=\"yoast-schema-graph\">{\"@context\":\"https:\\\/\\\/schema.org\",\"@graph\":[{\"@type\":\"WebPage\",\"@id\":\"https:\\\/\\\/www.fleurette-florium.fr\\\/de\\\/modellreihe-magister\\\/\",\"url\":\"https:\\\/\\\/www.fleurette-florium.fr\\\/de\\\/modellreihe-magister\\\/\",\"name\":\"Camping car profil\u00e9 - gamme Fleurette MAGISTER\",\"isPartOf\":{\"@id\":\"https:\\\/\\\/www.fleurette-florium.fr\\\/#website\"},\"datePublished\":\"2015-07-29T23:00:00+00:00\",\"dateModified\":\"2025-09-04T16:07:27+00:00\",\"description\":\"D\u00e9couvrez toute la gamme Fleurette MAGISTER pour choisir le camping car profil\u00e9 lit de pavillon haut de gamme de vos r\u00eaves.\",\"breadcrumb\":{\"@id\":\"https:\\\/\\\/www.fleurette-florium.fr\\\/de\\\/modellreihe-magister\\\/#breadcrumb\"},\"inLanguage\":\"de-DE\",\"potentialAction\":[{\"@type\":\"ReadAction\",\"target\":[\"https:\\\/\\\/www.fleurette-florium.fr\\\/de\\\/modellreihe-magister\\\/\"]}]},{\"@type\":\"BreadcrumbList\",\"@id\":\"https:\\\/\\\/www.fleurette-florium.fr\\\/de\\\/modellreihe-magister\\\/#breadcrumb\",\"itemListElement\":[{\"@type\":\"ListItem\",\"position\":1,\"name\":\"\",\"item\":\"https:\\\/\\\/www.fleurette-florium.fr\\\/de\\\/\"},{\"@type\":\"ListItem\",\"position\":2,\"name\":\"Modellreihe Magister &#8211; Ger\u00e4umigen Wohnmobile\"}]},{\"@type\":\"WebSite\",\"@id\":\"https:\\\/\\\/www.fleurette-florium.fr\\\/#website\",\"url\":\"https:\\\/\\\/www.fleurette-florium.fr\\\/\",\"name\":\"Fleurette Florium\",\"description\":\"\",\"publisher\":{\"@id\":\"https:\\\/\\\/www.fleurette-florium.fr\\\/#organization\"},\"potentialAction\":[{\"@type\":\"SearchAction\",\"target\":{\"@type\":\"EntryPoint\",\"urlTemplate\":\"https:\\\/\\\/www.fleurette-florium.fr\\\/?s={search_term_string}\"},\"query-input\":{\"@type\":\"PropertyValueSpecification\",\"valueRequired\":true,\"valueName\":\"search_term_string\"}}],\"inLanguage\":\"de-DE\"},{\"@type\":\"Organization\",\"@id\":\"https:\\\/\\\/www.fleurette-florium.fr\\\/#organization\",\"name\":\"Fleurette Florium\",\"url\":\"https:\\\/\\\/www.fleurette-florium.fr\\\/\",\"logo\":{\"@type\":\"ImageObject\",\"inLanguage\":\"de-DE\",\"@id\":\"https:\\\/\\\/www.fleurette-florium.fr\\\/#\\\/schema\\\/logo\\\/image\\\/\",\"url\":\"https:\\\/\\\/www.fleurette-florium.fr\\\/wp-content\\\/uploads\\\/2021\\\/07\\\/logo-fleurette-florium-scaled.png\",\"contentUrl\":\"https:\\\/\\\/www.fleurette-florium.fr\\\/wp-content\\\/uploads\\\/2021\\\/07\\\/logo-fleurette-florium-scaled.png\",\"width\":2560,\"height\":830,\"caption\":\"Fleurette Florium\"},\"image\":{\"@id\":\"https:\\\/\\\/www.fleurette-florium.fr\\\/#\\\/schema\\\/logo\\\/image\\\/\"}}]}<\/script>\n<!-- \/ Yoast SEO plugin. -->","yoast_head_json":{"title":"Camping car profil\u00e9 - gamme Fleurette MAGISTER","description":"D\u00e9couvrez toute la gamme Fleurette MAGISTER pour choisir le camping car profil\u00e9 lit de pavillon haut de gamme de vos r\u00eaves.","robots":{"index":"index","follow":"follow","max-snippet":"max-snippet:-1","max-image-preview":"max-image-preview:large","max-video-preview":"max-video-preview:-1"},"canonical":"https:\/\/www.fleurette-florium.fr\/de\/modellreihe-magister\/","og_locale":"de_DE","og_type":"article","og_title":"Camping car profil\u00e9 - gamme Fleurette MAGISTER","og_description":"D\u00e9couvrez toute la gamme Fleurette MAGISTER pour choisir le camping car profil\u00e9 lit de pavillon haut de gamme de vos r\u00eaves.","og_url":"https:\/\/www.fleurette-florium.fr\/de\/modellreihe-magister\/","og_site_name":"Fleurette Florium","article_modified_time":"2025-09-04T16:07:27+00:00","twitter_misc":{"Gesch\u00e4tzte Lesezeit":"2 minutes"},"schema":{"@context":"https:\/\/schema.org","@graph":[{"@type":"WebPage","@id":"https:\/\/www.fleurette-florium.fr\/de\/modellreihe-magister\/","url":"https:\/\/www.fleurette-florium.fr\/de\/modellreihe-magister\/","name":"Camping car profil\u00e9 - gamme Fleurette MAGISTER","isPartOf":{"@id":"https:\/\/www.fleurette-florium.fr\/#website"},"datePublished":"2015-07-29T23:00:00+00:00","dateModified":"2025-09-04T16:07:27+00:00","description":"D\u00e9couvrez toute la gamme Fleurette MAGISTER pour choisir le camping car profil\u00e9 lit de pavillon haut de gamme de vos r\u00eaves.","breadcrumb":{"@id":"https:\/\/www.fleurette-florium.fr\/de\/modellreihe-magister\/#breadcrumb"},"inLanguage":"de-DE","potentialAction":[{"@type":"ReadAction","target":["https:\/\/www.fleurette-florium.fr\/de\/modellreihe-magister\/"]}]},{"@type":"BreadcrumbList","@id":"https:\/\/www.fleurette-florium.fr\/de\/modellreihe-magister\/#breadcrumb","itemListElement":[{"@type":"ListItem","position":1,"name":"","item":"https:\/\/www.fleurette-florium.fr\/de\/"},{"@type":"ListItem","position":2,"name":"Modellreihe Magister &#8211; Ger\u00e4umigen Wohnmobile"}]},{"@type":"WebSite","@id":"https:\/\/www.fleurette-florium.fr\/#website","url":"https:\/\/www.fleurette-florium.fr\/","name":"Fleurette Florium","description":"","publisher":{"@id":"https:\/\/www.fleurette-florium.fr\/#organization"},"potentialAction":[{"@type":"SearchAction","target":{"@type":"EntryPoint","urlTemplate":"https:\/\/www.fleurette-florium.fr\/?s={search_term_string}"},"query-input":{"@type":"PropertyValueSpecification","valueRequired":true,"valueName":"search_term_string"}}],"inLanguage":"de-DE"},{"@type":"Organization","@id":"https:\/\/www.fleurette-florium.fr\/#organization","name":"Fleurette Florium","url":"https:\/\/www.fleurette-florium.fr\/","logo":{"@type":"ImageObject","inLanguage":"de-DE","@id":"https:\/\/www.fleurette-florium.fr\/#\/schema\/logo\/image\/","url":"https:\/\/www.fleurette-florium.fr\/wp-content\/uploads\/2021\/07\/logo-fleurette-florium-scaled.png","contentUrl":"https:\/\/www.fleurette-florium.fr\/wp-content\/uploads\/2021\/07\/logo-fleurette-florium-scaled.png","width":2560,"height":830,"caption":"Fleurette Florium"},"image":{"@id":"https:\/\/www.fleurette-florium.fr\/#\/schema\/logo\/image\/"}}]}},"_links":{"self":[{"href":"https:\/\/www.fleurette-florium.fr\/de\/wp-json\/wp\/v2\/pages\/14771","targetHints":{"allow":["GET"]}}],"collection":[{"href":"https:\/\/www.fleurette-florium.fr\/de\/wp-json\/wp\/v2\/pages"}],"about":[{"href":"https:\/\/www.fleurette-florium.fr\/de\/wp-json\/wp\/v2\/types\/page"}],"author":[{"embeddable":true,"href":"https:\/\/www.fleurette-florium.fr\/de\/wp-json\/wp\/v2\/users\/4"}],"replies":[{"embeddable":true,"href":"https:\/\/www.fleurette-florium.fr\/de\/wp-json\/wp\/v2\/comments?post=14771"}],"version-history":[{"count":37,"href":"https:\/\/www.fleurette-florium.fr\/de\/wp-json\/wp\/v2\/pages\/14771\/revisions"}],"predecessor-version":[{"id":32412,"href":"https:\/\/www.fleurette-florium.fr\/de\/wp-json\/wp\/v2\/pages\/14771\/revisions\/32412"}],"wp:attachment":[{"href":"https:\/\/www.fleurette-florium.fr\/de\/wp-json\/wp\/v2\/media?parent=14771"}],"curies":[{"name":"wp","href":"https:\/\/api.w.org\/{rel}","templated":true}]}}