{"id":14755,"date":"2015-07-30T00:00:00","date_gmt":"2015-07-29T23:00:00","guid":{"rendered":"https:\/\/fleurette-florium.s1te.fr\/gamme-migrateur-camping-car-profile\/"},"modified":"2025-09-04T17:05:44","modified_gmt":"2025-09-04T16:05:44","slug":"modellreihe-migrateur","status":"publish","type":"page","link":"https:\/\/www.fleurette-florium.fr\/de\/modellreihe-migrateur\/","title":{"rendered":"Modellreihe Migrateur &#8211; Kompaktheit"},"content":{"rendered":"<div class=\"wpb-content-wrapper\"><p>[vc_row][vc_column][rev_slider_vc alias=&nbsp;&raquo;gamme_migrateur&nbsp;&raquo;][\/vc_column][\/vc_row][vc_row][vc_column width=&nbsp;&raquo;2\/3&Prime; css=&nbsp;&raquo;.vc_custom_1701707987981{padding-bottom: 50px !important;}&nbsp;&raquo;][vc_column_text css=&nbsp;&raquo;&nbsp;&raquo;]<\/p>\n<h1><strong>LEICHTES REISEN IM KOMPAKTFORMAT<\/strong><\/h1>\n<p>[\/vc_column_text][vc_column_text css=&nbsp;&raquo;&nbsp;&raquo; el_class=&nbsp;&raquo;contenu_lisible&nbsp;&raquo;]<span class='firstcharacter'>D<\/span>urchdachte Grundrisse mit raffinierten Staur\u00e4umen, hellen R\u00e4umen, Holzm\u00f6beln in Nussbaumoptik und einer eleganten Innenausstattung. Diese Baureihe bietet Ihnen den Komfort, den Sie fu\u0308r unbeschwerte Ausflu\u0308ge ben\u00f6tigen.[\/vc_column_text][vc_btn title=&nbsp;&raquo;Choisir mon camping-car&nbsp;&raquo; link=&nbsp;&raquo;url:https%3A%2F%2Fwww.fleurette-florium.fr%2Fde%2Fsein-wohnmobil-waehlen%2F|&nbsp;&raquo;][\/vc_column][vc_column width=&nbsp;&raquo;1\/3&Prime;][vc_column_text css=&nbsp;&raquo;&nbsp;&raquo; el_class=&nbsp;&raquo;liste_check_rouge&nbsp;&raquo;]<\/p>\n<h3>UNSERE HIGHLIGHTS<\/h3>\n<ul>\n<li>Kompakte Gr\u00f6\u00dfe mit seiner Breite von 2,23 m und seiner L\u00e4nge von 5,99 m bis 6,99 m<\/li>\n<li>Optimierter Wenderadius<\/li>\n<li>Elektrisch emklappbare Spiegel, Bedienelemente am Lenkrad<\/li>\n<li>Sch\u00f6ner Wohnraum mit gegenu\u0308berliegenden Sitzgelegenheiten oder einer L-f\u00f6rmigen Sitzbank in Fahrtrichtung, ideal fu\u0308r Kinder.<\/li>\n<li>Gro\u00dfer Kompressionsku\u0308hlschrank mit 150 l davon 17 l Gefrierfach<\/li>\n<li>Schlafzimmer mit Doppelbett oder zwei Einzelbetten und einem Wohnraum, der in ein Zusatzbett umgewandelt werden kann, bietet Schlafgelegenheiten fu\u0308r bis zu 3 Personen<\/li>\n<li>Ku\u0308chenbereich mit gro\u00dfen Schubladen mit Soft Close-Funktion<\/li>\n<li>Viel Stauraum, darunter ein gro\u00dfer Kleiderschrank<\/li>\n<li>Lithium Aufbaubatterie &#8211; Heizung Truma 4D<\/li>\n<li>M\u00f6bel in Walnussholzoptik und stimmungsvolle LED-Hintergrundbeleuchtung.<\/li>\n<\/ul>\n<p>[\/vc_column_text][\/vc_column][\/vc_row][vc_row el_class=&nbsp;&raquo;fullwidth_element margin-top-30 margin-bottom-none&nbsp;&raquo; el_id=&nbsp;&raquo;autres_produits&nbsp;&raquo;][vc_column css=&nbsp;&raquo;.vc_custom_1438272808096{padding-top: 35px !important;padding-right: 100px !important;padding-bottom: 50px !important;padding-left: 100px !important;background-color: #efefee !important;}&nbsp;&raquo;][vc_row_inner][vc_column_inner][vc_column_text css=&nbsp;&raquo;&nbsp;&raquo;]<\/p>\n<h3>Entdecken Sie die Fahrzeuge dieser Modellreihe Fleurette Migrateur<\/h3>\n<p>[\/vc_column_text][\/vc_column_inner][\/vc_row_inner][vc_row_inner gap=&nbsp;&raquo;35&Prime;][vc_column_inner width=&nbsp;&raquo;1\/3&Prime;][vc_single_image image=&nbsp;&raquo;17775&Prime; img_size=&nbsp;&raquo;260&#215;260&Prime; alignment=&nbsp;&raquo;center&nbsp;&raquo; onclick=&nbsp;&raquo;custom_link&nbsp;&raquo; css=&nbsp;&raquo;&nbsp;&raquo; link=&nbsp;&raquo;https:\/\/www.fleurette-florium.fr\/de\/listings\/migrateur-60-lg\/&nbsp;&raquo;][\/vc_column_inner][vc_column_inner width=&nbsp;&raquo;1\/3&Prime;][vc_single_image image=&nbsp;&raquo;17800&Prime; img_size=&nbsp;&raquo;260&#215;260&Prime; alignment=&nbsp;&raquo;center&nbsp;&raquo; onclick=&nbsp;&raquo;custom_link&nbsp;&raquo; css=&nbsp;&raquo;&nbsp;&raquo; link=&nbsp;&raquo;https:\/\/www.fleurette-florium.fr\/listings\/camping-car-compact-migrateur-64-ldf-cristal\/&nbsp;&raquo;][\/vc_column_inner][vc_column_inner width=&nbsp;&raquo;1\/3&Prime;][vc_single_image image=&nbsp;&raquo;31590&Prime; img_size=&nbsp;&raquo;260&#215;260&Prime; alignment=&nbsp;&raquo;center&nbsp;&raquo; onclick=&nbsp;&raquo;custom_link&nbsp;&raquo; css=&nbsp;&raquo;&nbsp;&raquo; link=&nbsp;&raquo;https:\/\/www.fleurette-florium.fr\/de\/listings\/migrateur-69-ljg-wellness-edition\/&nbsp;&raquo;][\/vc_column_inner][\/vc_row_inner][\/vc_column][\/vc_row]<\/p>\n<\/div>","protected":false},"excerpt":{"rendered":"<p>[vc_row][vc_column][rev_slider_vc alias=&nbsp;&raquo;gamme_migrateur&nbsp;&raquo;][\/vc_column][\/vc_row][vc_row][vc_column width=&nbsp;&raquo;2\/3&Prime; css=&nbsp;&raquo;.vc_custom_1701707987981{padding-bottom: 50px !important;}&nbsp;&raquo;][vc_column_text css=&nbsp;&raquo;&nbsp;&raquo;] LEICHTES REISEN IM KOMPAKTFORMAT [\/vc_column_text][vc_column_text css=&nbsp;&raquo;&nbsp;&raquo; el_class=&nbsp;&raquo;contenu_lisible&nbsp;&raquo;]urchdachte Grundrisse mit raffinierten Staur\u00e4umen, hellen R\u00e4umen, Holzm\u00f6beln in Nussbaumoptik und einer eleganten Innenausstattung. Diese Baureihe bietet Ihnen den Komfort, den Sie fu\u0308r unbeschwerte Ausflu\u0308ge ben\u00f6tigen.[\/vc_column_text][vc_btn title=&nbsp;&raquo;Choisir mon camping-car&nbsp;&raquo; link=&nbsp;&raquo;url:https%3A%2F%2Fwww.fleurette-florium.fr%2Fde%2Fsein-wohnmobil-waehlen%2F|&nbsp;&raquo;][\/vc_column][vc_column width=&nbsp;&raquo;1\/3&Prime;][vc_column_text css=&nbsp;&raquo;&nbsp;&raquo; el_class=&nbsp;&raquo;liste_check_rouge&nbsp;&raquo;] UNSERE HIGHLIGHTS Kompakte Gr\u00f6\u00dfe mit seiner Breite von 2,23 [&hellip;]<\/p>\n","protected":false},"author":4,"featured_media":0,"parent":0,"menu_order":0,"comment_status":"closed","ping_status":"open","template":"","meta":{"_acf_changed":false,"footnotes":""},"class_list":["post-14755","page","type-page","status-publish","hentry"],"acf":[],"yoast_head":"<!-- This site is optimized with the Yoast SEO plugin v27.5 - https:\/\/yoast.com\/product\/yoast-seo-wordpress\/ -->\n<title>Camping car profil\u00e9 compact - Gamme Fleurette MIGRATEUR<\/title>\n<meta name=\"description\" content=\"La Gamme camping car Fleurette MIGRATEUR avec son profil\u00e9 compact saura vous convaincre par ses implantations r\u00e9fl\u00e9chies, ses rangements ing\u00e9nieux et son espace optimis\u00e9.\" \/>\n<meta name=\"robots\" content=\"index, follow, max-snippet:-1, max-image-preview:large, max-video-preview:-1\" \/>\n<link rel=\"canonical\" href=\"https:\/\/www.fleurette-florium.fr\/de\/modellreihe-migrateur\/\" \/>\n<meta property=\"og:locale\" content=\"de_DE\" \/>\n<meta property=\"og:type\" content=\"article\" \/>\n<meta property=\"og:title\" content=\"Camping car profil\u00e9 compact - Gamme Fleurette MIGRATEUR\" \/>\n<meta property=\"og:description\" content=\"La Gamme camping car Fleurette MIGRATEUR avec son profil\u00e9 compact saura vous convaincre par ses implantations r\u00e9fl\u00e9chies, ses rangements ing\u00e9nieux et son espace optimis\u00e9.\" \/>\n<meta property=\"og:url\" content=\"https:\/\/www.fleurette-florium.fr\/de\/modellreihe-migrateur\/\" \/>\n<meta property=\"og:site_name\" content=\"Fleurette Florium\" \/>\n<meta property=\"article:modified_time\" content=\"2025-09-04T16:05:44+00:00\" \/>\n<meta name=\"twitter:label1\" content=\"Gesch\u00e4tzte Lesezeit\" \/>\n\t<meta name=\"twitter:data1\" content=\"1 minute\" \/>\n<script type=\"application\/ld+json\" class=\"yoast-schema-graph\">{\"@context\":\"https:\\\/\\\/schema.org\",\"@graph\":[{\"@type\":\"WebPage\",\"@id\":\"https:\\\/\\\/www.fleurette-florium.fr\\\/de\\\/modellreihe-migrateur\\\/\",\"url\":\"https:\\\/\\\/www.fleurette-florium.fr\\\/de\\\/modellreihe-migrateur\\\/\",\"name\":\"Camping car profil\u00e9 compact - Gamme Fleurette MIGRATEUR\",\"isPartOf\":{\"@id\":\"https:\\\/\\\/www.fleurette-florium.fr\\\/#website\"},\"datePublished\":\"2015-07-29T23:00:00+00:00\",\"dateModified\":\"2025-09-04T16:05:44+00:00\",\"description\":\"La Gamme camping car Fleurette MIGRATEUR avec son profil\u00e9 compact saura vous convaincre par ses implantations r\u00e9fl\u00e9chies, ses rangements ing\u00e9nieux et son espace optimis\u00e9.\",\"breadcrumb\":{\"@id\":\"https:\\\/\\\/www.fleurette-florium.fr\\\/de\\\/modellreihe-migrateur\\\/#breadcrumb\"},\"inLanguage\":\"de-DE\",\"potentialAction\":[{\"@type\":\"ReadAction\",\"target\":[\"https:\\\/\\\/www.fleurette-florium.fr\\\/de\\\/modellreihe-migrateur\\\/\"]}]},{\"@type\":\"BreadcrumbList\",\"@id\":\"https:\\\/\\\/www.fleurette-florium.fr\\\/de\\\/modellreihe-migrateur\\\/#breadcrumb\",\"itemListElement\":[{\"@type\":\"ListItem\",\"position\":1,\"name\":\"\",\"item\":\"https:\\\/\\\/www.fleurette-florium.fr\\\/de\\\/\"},{\"@type\":\"ListItem\",\"position\":2,\"name\":\"Modellreihe Migrateur &#8211; Kompaktheit\"}]},{\"@type\":\"WebSite\",\"@id\":\"https:\\\/\\\/www.fleurette-florium.fr\\\/#website\",\"url\":\"https:\\\/\\\/www.fleurette-florium.fr\\\/\",\"name\":\"Fleurette Florium\",\"description\":\"\",\"publisher\":{\"@id\":\"https:\\\/\\\/www.fleurette-florium.fr\\\/#organization\"},\"potentialAction\":[{\"@type\":\"SearchAction\",\"target\":{\"@type\":\"EntryPoint\",\"urlTemplate\":\"https:\\\/\\\/www.fleurette-florium.fr\\\/?s={search_term_string}\"},\"query-input\":{\"@type\":\"PropertyValueSpecification\",\"valueRequired\":true,\"valueName\":\"search_term_string\"}}],\"inLanguage\":\"de-DE\"},{\"@type\":\"Organization\",\"@id\":\"https:\\\/\\\/www.fleurette-florium.fr\\\/#organization\",\"name\":\"Fleurette Florium\",\"url\":\"https:\\\/\\\/www.fleurette-florium.fr\\\/\",\"logo\":{\"@type\":\"ImageObject\",\"inLanguage\":\"de-DE\",\"@id\":\"https:\\\/\\\/www.fleurette-florium.fr\\\/#\\\/schema\\\/logo\\\/image\\\/\",\"url\":\"https:\\\/\\\/www.fleurette-florium.fr\\\/wp-content\\\/uploads\\\/2021\\\/07\\\/logo-fleurette-florium-scaled.png\",\"contentUrl\":\"https:\\\/\\\/www.fleurette-florium.fr\\\/wp-content\\\/uploads\\\/2021\\\/07\\\/logo-fleurette-florium-scaled.png\",\"width\":2560,\"height\":830,\"caption\":\"Fleurette Florium\"},\"image\":{\"@id\":\"https:\\\/\\\/www.fleurette-florium.fr\\\/#\\\/schema\\\/logo\\\/image\\\/\"}}]}<\/script>\n<!-- \/ Yoast SEO plugin. -->","yoast_head_json":{"title":"Camping car profil\u00e9 compact - Gamme Fleurette MIGRATEUR","description":"La Gamme camping car Fleurette MIGRATEUR avec son profil\u00e9 compact saura vous convaincre par ses implantations r\u00e9fl\u00e9chies, ses rangements ing\u00e9nieux et son espace optimis\u00e9.","robots":{"index":"index","follow":"follow","max-snippet":"max-snippet:-1","max-image-preview":"max-image-preview:large","max-video-preview":"max-video-preview:-1"},"canonical":"https:\/\/www.fleurette-florium.fr\/de\/modellreihe-migrateur\/","og_locale":"de_DE","og_type":"article","og_title":"Camping car profil\u00e9 compact - Gamme Fleurette MIGRATEUR","og_description":"La Gamme camping car Fleurette MIGRATEUR avec son profil\u00e9 compact saura vous convaincre par ses implantations r\u00e9fl\u00e9chies, ses rangements ing\u00e9nieux et son espace optimis\u00e9.","og_url":"https:\/\/www.fleurette-florium.fr\/de\/modellreihe-migrateur\/","og_site_name":"Fleurette Florium","article_modified_time":"2025-09-04T16:05:44+00:00","twitter_misc":{"Gesch\u00e4tzte Lesezeit":"1 minute"},"schema":{"@context":"https:\/\/schema.org","@graph":[{"@type":"WebPage","@id":"https:\/\/www.fleurette-florium.fr\/de\/modellreihe-migrateur\/","url":"https:\/\/www.fleurette-florium.fr\/de\/modellreihe-migrateur\/","name":"Camping car profil\u00e9 compact - Gamme Fleurette MIGRATEUR","isPartOf":{"@id":"https:\/\/www.fleurette-florium.fr\/#website"},"datePublished":"2015-07-29T23:00:00+00:00","dateModified":"2025-09-04T16:05:44+00:00","description":"La Gamme camping car Fleurette MIGRATEUR avec son profil\u00e9 compact saura vous convaincre par ses implantations r\u00e9fl\u00e9chies, ses rangements ing\u00e9nieux et son espace optimis\u00e9.","breadcrumb":{"@id":"https:\/\/www.fleurette-florium.fr\/de\/modellreihe-migrateur\/#breadcrumb"},"inLanguage":"de-DE","potentialAction":[{"@type":"ReadAction","target":["https:\/\/www.fleurette-florium.fr\/de\/modellreihe-migrateur\/"]}]},{"@type":"BreadcrumbList","@id":"https:\/\/www.fleurette-florium.fr\/de\/modellreihe-migrateur\/#breadcrumb","itemListElement":[{"@type":"ListItem","position":1,"name":"","item":"https:\/\/www.fleurette-florium.fr\/de\/"},{"@type":"ListItem","position":2,"name":"Modellreihe Migrateur &#8211; Kompaktheit"}]},{"@type":"WebSite","@id":"https:\/\/www.fleurette-florium.fr\/#website","url":"https:\/\/www.fleurette-florium.fr\/","name":"Fleurette Florium","description":"","publisher":{"@id":"https:\/\/www.fleurette-florium.fr\/#organization"},"potentialAction":[{"@type":"SearchAction","target":{"@type":"EntryPoint","urlTemplate":"https:\/\/www.fleurette-florium.fr\/?s={search_term_string}"},"query-input":{"@type":"PropertyValueSpecification","valueRequired":true,"valueName":"search_term_string"}}],"inLanguage":"de-DE"},{"@type":"Organization","@id":"https:\/\/www.fleurette-florium.fr\/#organization","name":"Fleurette Florium","url":"https:\/\/www.fleurette-florium.fr\/","logo":{"@type":"ImageObject","inLanguage":"de-DE","@id":"https:\/\/www.fleurette-florium.fr\/#\/schema\/logo\/image\/","url":"https:\/\/www.fleurette-florium.fr\/wp-content\/uploads\/2021\/07\/logo-fleurette-florium-scaled.png","contentUrl":"https:\/\/www.fleurette-florium.fr\/wp-content\/uploads\/2021\/07\/logo-fleurette-florium-scaled.png","width":2560,"height":830,"caption":"Fleurette Florium"},"image":{"@id":"https:\/\/www.fleurette-florium.fr\/#\/schema\/logo\/image\/"}}]}},"_links":{"self":[{"href":"https:\/\/www.fleurette-florium.fr\/de\/wp-json\/wp\/v2\/pages\/14755","targetHints":{"allow":["GET"]}}],"collection":[{"href":"https:\/\/www.fleurette-florium.fr\/de\/wp-json\/wp\/v2\/pages"}],"about":[{"href":"https:\/\/www.fleurette-florium.fr\/de\/wp-json\/wp\/v2\/types\/page"}],"author":[{"embeddable":true,"href":"https:\/\/www.fleurette-florium.fr\/de\/wp-json\/wp\/v2\/users\/4"}],"replies":[{"embeddable":true,"href":"https:\/\/www.fleurette-florium.fr\/de\/wp-json\/wp\/v2\/comments?post=14755"}],"version-history":[{"count":26,"href":"https:\/\/www.fleurette-florium.fr\/de\/wp-json\/wp\/v2\/pages\/14755\/revisions"}],"predecessor-version":[{"id":32411,"href":"https:\/\/www.fleurette-florium.fr\/de\/wp-json\/wp\/v2\/pages\/14755\/revisions\/32411"}],"wp:attachment":[{"href":"https:\/\/www.fleurette-florium.fr\/de\/wp-json\/wp\/v2\/media?parent=14755"}],"curies":[{"name":"wp","href":"https:\/\/api.w.org\/{rel}","templated":true}]}}